{"id":6385,"date":"2022-01-25T23:24:40","date_gmt":"2022-01-26T04:24:40","guid":{"rendered":"https:\/\/melindaozel.com\/?page_id=6385"},"modified":"2025-03-26T10:59:45","modified_gmt":"2025-03-26T14:59:45","slug":"viseme-speech-guide","status":"publish","type":"page","link":"https:\/\/melindaozel.com\/vi\/viseme-speech-guide\/","title":{"rendered":"H\u01b0\u1edbng d\u1eabn tham kh\u1ea3o v\u1ec1 Viseme v\u00e0 Ph\u00e1t \u00e2m"},"content":{"rendered":"<div class=\"mp_wrapper\">\n  <div class=\"mepr-unauthorized-message\">\n    <p>Xin vui l\u00f2ng<strong> <a href=\"https:\/\/melindaozel.com\/subscription-options\/\">\u0110\u0103ng k\u00fd<\/a> <\/strong>\u0110\u1ec3 xem n\u1ed9i dung n\u00e0y.<\/p>\n<p>&nbsp;<\/p>\n  <\/div>\n  <div class=\"mepr-login-form-wrap\">\n            \n<div class=\"mp_wrapper mp_login_form\">\n                  <!-- mp-login-form-start -->     <form name=\"mepr_loginform\" id=\"mepr_loginform\" class=\"mepr-form\" action=\"https:\/\/melindaozel.com\/vi\/login\/\" method=\"post\">\n            <div class=\"mp-form-row mepr_username\">\n        <div class=\"mp-form-label\">\n                              <label for=\"user_login\">T\u00ean \u0111\u0103ng nh\u1eadp<\/label>\n        <\/div>\n        <input type=\"text\" name=\"log\" id=\"user_login\" value=\"\" \/>\n      <\/div>\n      <div class=\"mp-form-row mepr_password\">\n        <div class=\"mp-form-label\">\n          <label for=\"user_pass\">M\u1eadt kh\u1ea9u<\/label>\n          <div class=\"mp-hide-pw\">\n            <input type=\"password\" name=\"pwd\" id=\"user_pass\" value=\"\" \/>\n            <button type=\"button\" class=\"button mp-hide-pw hide-if-no-js\" data-toggle=\"0\" aria-label=\"Hi\u1ec3n th\u1ecb m\u1eadt kh\u1ea9u\">\n              <span class=\"dashicons dashicons-visibility\" aria-hidden=\"true\"><\/span>\n            <\/button>\n          <\/div>\n        <\/div>\n      <\/div>\n            <div>\n        <label><input name=\"rememberme\" type=\"checkbox\" id=\"rememberme\" value=\"forever\" \/> H\u00e3y nh\u1edb \u0111\u1ebfn t\u00f4i<\/label>\n      <\/div>\n      <div class=\"mp-spacer\">&nbsp;<\/div>\n      <div class=\"submit\">\n        <input type=\"submit\" name=\"wp-submit\" id=\"wp-submit\" class=\"button-primary mepr-share-button\" value=\"\u0110\u0103ng nh\u1eadp\" \/>\n        <input type=\"hidden\" name=\"redirect_to\" value=\"\/vi\/wp-json\/wp\/v2\/pages\/6385\" \/>\n        <input type=\"hidden\" name=\"mepr_process_login_form\" value=\"true\" \/>\n        <input type=\"hidden\" name=\"mepr_is_login_page\" value=\"false\" \/>\n      <\/div>\n    <\/form>\n    <div class=\"mp-spacer\">&nbsp;<\/div>\n    <div class=\"mepr-login-actions\">\n        <a\n          href=\"https:\/\/melindaozel.com\/vi\/login\/?action=forgot_password\"\n          title=\"Nh\u1ea5p v\u00e0o \u0111\u00e2y \u0111\u1ec3 \u0111\u1eb7t l\u1ea1i m\u1eadt kh\u1ea9u c\u1ee7a b\u1ea1n.\"\n        >\n          Qu\u00ean m\u1eadt kh\u1ea9u        <\/a>\n    <\/div>\n\n      \n    <!-- mp-login-form-end --> \n  <\/div>\n      <\/div>\n<\/div>","protected":false},"excerpt":{"rendered":"<p>H\u01b0\u1edbng d\u1eabn tham kh\u1ea3o v\u1ec1 Viseme v\u00e0 Ph\u00e1t \u00e2m l\u00e0 m\u1ed9t h\u01b0\u1edbng d\u1eabn tr\u1ef1c quan v\u1ec1 c\u00e1c \u00e2m thanh ti\u1ebfng Anh M\u1ef9 d\u00e0nh cho nh\u1eefng ng\u01b0\u1eddi l\u00e0m vi\u1ec7c trong l\u0129nh v\u1ef1c ho\u1ea1t h\u00ecnh gi\u1ecdng n\u00f3i.<\/p>","protected":false},"author":60486633,"featured_media":11410,"parent":0,"menu_order":0,"comment_status":"closed","ping_status":"closed","template":"","meta":{"footnotes":""},"class_list":["post-6385","page","type-page","status-publish","has-post-thumbnail"],"yoast_head":"<!-- This site is optimized with the Yoast SEO Premium plugin v27.3 (Yoast SEO v27.3) - https:\/\/yoast.com\/product\/yoast-seo-premium-wordpress\/ -->\n<title>Viseme &amp; Speech Reference Guide - Face the FACS | Facial Expressions in Animation, AI, &amp; Behavior<\/title>\n<meta name=\"description\" content=\"Learn all about visemes, the phonemes that make them, and the important properties you need to know for building blendshapes in lipsync animation.\" \/>\n<meta name=\"robots\" content=\"index, follow, max-snippet:-1, max-image-preview:large, max-video-preview:-1\" \/>\n<link rel=\"canonical\" href=\"https:\/\/melindaozel.com\/vi\/viseme-speech-guide\/\" \/>\n<meta property=\"og:locale\" content=\"vi_VN\" \/>\n<meta property=\"og:type\" content=\"article\" \/>\n<meta property=\"og:title\" content=\"Viseme &amp; Speech Reference Guide\" \/>\n<meta property=\"og:description\" content=\"Learn all about visemes, the phonemes that make them, and the important properties you need to know for building blendshapes in lipsync animation.\" \/>\n<meta property=\"og:url\" content=\"https:\/\/melindaozel.com\/vi\/viseme-speech-guide\/\" \/>\n<meta property=\"og:site_name\" content=\"Face the FACS | Facial Expressions in Animation, AI, &amp; Behavior\" \/>\n<meta property=\"article:publisher\" content=\"https:\/\/facebook.com\/facetheFACS\/\" \/>\n<meta property=\"article:modified_time\" content=\"2025-03-26T14:59:45+00:00\" \/>\n<meta property=\"og:image\" content=\"https:\/\/melindaozel.com\/wp-content\/uploads\/2025\/02\/All-About-Visemes.webp\" \/>\n\t<meta property=\"og:image:width\" content=\"1600\" \/>\n\t<meta property=\"og:image:height\" content=\"900\" \/>\n\t<meta property=\"og:image:type\" content=\"image\/webp\" \/>\n<meta name=\"twitter:card\" content=\"summary_large_image\" \/>\n<meta name=\"twitter:site\" content=\"@melindaozel\" \/>\n<meta name=\"twitter:label1\" content=\"\u01af\u1edbc t\u00ednh th\u1eddi gian \u0111\u1ecdc\" \/>\n\t<meta name=\"twitter:data1\" content=\"6 ph\u00fat\" \/>\n<script type=\"application\/ld+json\" class=\"yoast-schema-graph\">{\"@context\":\"https:\\\/\\\/schema.org\",\"@graph\":[{\"@type\":\"WebPage\",\"@id\":\"https:\\\/\\\/melindaozel.com\\\/viseme-speech-guide\\\/\",\"url\":\"https:\\\/\\\/melindaozel.com\\\/viseme-speech-guide\\\/\",\"name\":\"Viseme & Speech Reference Guide - Face the FACS | Facial Expressions in Animation, AI, &amp; Behavior\",\"isPartOf\":{\"@id\":\"https:\\\/\\\/melindaozel.com\\\/zh\\\/#website\"},\"primaryImageOfPage\":{\"@id\":\"https:\\\/\\\/melindaozel.com\\\/viseme-speech-guide\\\/#primaryimage\"},\"image\":{\"@id\":\"https:\\\/\\\/melindaozel.com\\\/viseme-speech-guide\\\/#primaryimage\"},\"thumbnailUrl\":\"https:\\\/\\\/i0.wp.com\\\/melindaozel.com\\\/wp-content\\\/uploads\\\/2025\\\/02\\\/All-About-Visemes.webp?fit=1600%2C900&ssl=1\",\"datePublished\":\"2022-01-26T04:24:40+00:00\",\"dateModified\":\"2025-03-26T14:59:45+00:00\",\"description\":\"Learn all about visemes, the phonemes that make them, and the important properties you need to know for building blendshapes in lipsync animation.\",\"breadcrumb\":{\"@id\":\"https:\\\/\\\/melindaozel.com\\\/viseme-speech-guide\\\/#breadcrumb\"},\"inLanguage\":\"vi\",\"potentialAction\":[{\"@type\":\"ReadAction\",\"target\":[\"https:\\\/\\\/melindaozel.com\\\/viseme-speech-guide\\\/\"]}]},{\"@type\":\"ImageObject\",\"inLanguage\":\"vi\",\"@id\":\"https:\\\/\\\/melindaozel.com\\\/viseme-speech-guide\\\/#primaryimage\",\"url\":\"https:\\\/\\\/i0.wp.com\\\/melindaozel.com\\\/wp-content\\\/uploads\\\/2025\\\/02\\\/All-About-Visemes.webp?fit=1600%2C900&ssl=1\",\"contentUrl\":\"https:\\\/\\\/i0.wp.com\\\/melindaozel.com\\\/wp-content\\\/uploads\\\/2025\\\/02\\\/All-About-Visemes.webp?fit=1600%2C900&ssl=1\",\"width\":1600,\"height\":900,\"caption\":\"collage of woman performing \\\/i\\\/ \\\/u\\\/ \\\/p\\\/ etc. phonemes\"},{\"@type\":\"BreadcrumbList\",\"@id\":\"https:\\\/\\\/melindaozel.com\\\/viseme-speech-guide\\\/#breadcrumb\",\"itemListElement\":[{\"@type\":\"ListItem\",\"position\":1,\"name\":\"Home\",\"item\":\"https:\\\/\\\/melindaozel.com\\\/\"},{\"@type\":\"ListItem\",\"position\":2,\"name\":\"Viseme &#038; Speech Reference Guide\"}]},{\"@type\":\"WebSite\",\"@id\":\"https:\\\/\\\/melindaozel.com\\\/zh\\\/#website\",\"url\":\"https:\\\/\\\/melindaozel.com\\\/zh\\\/\",\"name\":\"Face the FACS\",\"description\":\"Facial Expressions in Art, Science, &amp; Technology\",\"publisher\":{\"@id\":\"https:\\\/\\\/melindaozel.com\\\/zh\\\/#\\\/schema\\\/person\\\/81c6262e1bfca3c71960db5aee204e3f\"},\"potentialAction\":[{\"@type\":\"SearchAction\",\"target\":{\"@type\":\"EntryPoint\",\"urlTemplate\":\"https:\\\/\\\/melindaozel.com\\\/zh\\\/?s={search_term_string}\"},\"query-input\":{\"@type\":\"PropertyValueSpecification\",\"valueRequired\":true,\"valueName\":\"search_term_string\"}}],\"inLanguage\":\"vi\"},{\"@type\":[\"Person\",\"Organization\"],\"@id\":\"https:\\\/\\\/melindaozel.com\\\/zh\\\/#\\\/schema\\\/person\\\/81c6262e1bfca3c71960db5aee204e3f\",\"name\":\"Melinda Ozel\",\"image\":{\"@type\":\"ImageObject\",\"inLanguage\":\"vi\",\"@id\":\"https:\\\/\\\/i0.wp.com\\\/melindaozel.com\\\/wp-content\\\/uploads\\\/2025\\\/02\\\/face-the-FACS-eye-mouth-logo-pixel.webp?fit=225%2C225&ssl=1\",\"url\":\"https:\\\/\\\/i0.wp.com\\\/melindaozel.com\\\/wp-content\\\/uploads\\\/2025\\\/02\\\/face-the-FACS-eye-mouth-logo-pixel.webp?fit=225%2C225&ssl=1\",\"contentUrl\":\"https:\\\/\\\/i0.wp.com\\\/melindaozel.com\\\/wp-content\\\/uploads\\\/2025\\\/02\\\/face-the-FACS-eye-mouth-logo-pixel.webp?fit=225%2C225&ssl=1\",\"width\":225,\"height\":225,\"caption\":\"Melinda Ozel\"},\"logo\":{\"@id\":\"https:\\\/\\\/i0.wp.com\\\/melindaozel.com\\\/wp-content\\\/uploads\\\/2025\\\/02\\\/face-the-FACS-eye-mouth-logo-pixel.webp?fit=225%2C225&ssl=1\"},\"sameAs\":[\"https:\\\/\\\/melindaozel.com\",\"https:\\\/\\\/facebook.com\\\/facetheFACS\\\/\",\"https:\\\/\\\/instagram.com\\\/manicexpression\",\"https:\\\/\\\/linkedin.com\\\/in\\\/melindaozel\",\"https:\\\/\\\/pinterest.com\\\/melindaozel\\\/\",\"https:\\\/\\\/x.com\\\/melindaozel\",\"https:\\\/\\\/youtube.com\\\/@facetheFACS\"],\"knowsAbout\":[\"Facial Action Coding System (FACS)\",\"Facial Expression Tracking\",\"Facial Anatomy\",\"Facial Animation\",\"Digital Humans\",\"Audio-to-Expression\",\"Audio-to-Face\",\"Visemes\",\"Lipsync\"],\"jobTitle\":\"Facial Systems Expert, Expression Scientist\",\"numberOfEmployees\":{\"@type\":\"QuantitativeValue\",\"minValue\":\"1\",\"maxValue\":\"10\"}}]}<\/script>\n<!-- \/ Yoast SEO Premium plugin. -->","yoast_head_json":{"title":"H\u01b0\u1edbng d\u1eabn v\u1ec1 Viseme v\u00e0 Ph\u00e1t \u00e2m - \u0110\u1ed1i m\u1eb7t v\u1edbi FACS | Bi\u1ec3u c\u1ea3m khu\u00f4n m\u1eb7t trong ho\u1ea1t h\u00ecnh, Tr\u00ed tu\u1ec7 nh\u00e2n t\u1ea1o v\u00e0 H\u00e0nh vi","description":"H\u1ecdc t\u1ea5t c\u1ea3 v\u1ec1 visemes, c\u00e1c \u00e2m v\u1ecb t\u1ea1o n\u00ean ch\u00fang v\u00e0 c\u00e1c thu\u1ed9c t\u00ednh quan tr\u1ecdng b\u1ea1n c\u1ea7n bi\u1ebft \u0111\u1ec3 t\u1ea1o ra c\u00e1c blendshapes trong ho\u1ea1t h\u00ecnh \u0111\u1ed3ng b\u1ed9 m\u00f4i.","robots":{"index":"index","follow":"follow","max-snippet":"max-snippet:-1","max-image-preview":"max-image-preview:large","max-video-preview":"max-video-preview:-1"},"canonical":"https:\/\/melindaozel.com\/vi\/viseme-speech-guide\/","og_locale":"vi_VN","og_type":"article","og_title":"Viseme & Speech Reference Guide","og_description":"Learn all about visemes, the phonemes that make them, and the important properties you need to know for building blendshapes in lipsync animation.","og_url":"https:\/\/melindaozel.com\/vi\/viseme-speech-guide\/","og_site_name":"Face the FACS | Facial Expressions in Animation, AI, &amp; Behavior","article_publisher":"https:\/\/facebook.com\/facetheFACS\/","article_modified_time":"2025-03-26T14:59:45+00:00","og_image":[{"width":1600,"height":900,"url":"https:\/\/melindaozel.com\/wp-content\/uploads\/2025\/02\/All-About-Visemes.webp","type":"image\/webp"}],"twitter_card":"summary_large_image","twitter_site":"@melindaozel","twitter_misc":{"\u01af\u1edbc t\u00ednh th\u1eddi gian \u0111\u1ecdc":"6 ph\u00fat"},"schema":{"@context":"https:\/\/schema.org","@graph":[{"@type":"WebPage","@id":"https:\/\/melindaozel.com\/viseme-speech-guide\/","url":"https:\/\/melindaozel.com\/viseme-speech-guide\/","name":"H\u01b0\u1edbng d\u1eabn v\u1ec1 Viseme v\u00e0 Ph\u00e1t \u00e2m - \u0110\u1ed1i m\u1eb7t v\u1edbi FACS | Bi\u1ec3u c\u1ea3m khu\u00f4n m\u1eb7t trong ho\u1ea1t h\u00ecnh, Tr\u00ed tu\u1ec7 nh\u00e2n t\u1ea1o v\u00e0 H\u00e0nh vi","isPartOf":{"@id":"https:\/\/melindaozel.com\/zh\/#website"},"primaryImageOfPage":{"@id":"https:\/\/melindaozel.com\/viseme-speech-guide\/#primaryimage"},"image":{"@id":"https:\/\/melindaozel.com\/viseme-speech-guide\/#primaryimage"},"thumbnailUrl":"https:\/\/i0.wp.com\/melindaozel.com\/wp-content\/uploads\/2025\/02\/All-About-Visemes.webp?fit=1600%2C900&ssl=1","datePublished":"2022-01-26T04:24:40+00:00","dateModified":"2025-03-26T14:59:45+00:00","description":"H\u1ecdc t\u1ea5t c\u1ea3 v\u1ec1 visemes, c\u00e1c \u00e2m v\u1ecb t\u1ea1o n\u00ean ch\u00fang v\u00e0 c\u00e1c thu\u1ed9c t\u00ednh quan tr\u1ecdng b\u1ea1n c\u1ea7n bi\u1ebft \u0111\u1ec3 t\u1ea1o ra c\u00e1c blendshapes trong ho\u1ea1t h\u00ecnh \u0111\u1ed3ng b\u1ed9 m\u00f4i.","breadcrumb":{"@id":"https:\/\/melindaozel.com\/viseme-speech-guide\/#breadcrumb"},"inLanguage":"vi","potentialAction":[{"@type":"ReadAction","target":["https:\/\/melindaozel.com\/viseme-speech-guide\/"]}]},{"@type":"ImageObject","inLanguage":"vi","@id":"https:\/\/melindaozel.com\/viseme-speech-guide\/#primaryimage","url":"https:\/\/i0.wp.com\/melindaozel.com\/wp-content\/uploads\/2025\/02\/All-About-Visemes.webp?fit=1600%2C900&ssl=1","contentUrl":"https:\/\/i0.wp.com\/melindaozel.com\/wp-content\/uploads\/2025\/02\/All-About-Visemes.webp?fit=1600%2C900&ssl=1","width":1600,"height":900,"caption":"collage of woman performing \/i\/ \/u\/ \/p\/ etc. phonemes"},{"@type":"BreadcrumbList","@id":"https:\/\/melindaozel.com\/viseme-speech-guide\/#breadcrumb","itemListElement":[{"@type":"ListItem","position":1,"name":"Home","item":"https:\/\/melindaozel.com\/"},{"@type":"ListItem","position":2,"name":"Viseme &#038; Speech Reference Guide"}]},{"@type":"WebSite","@id":"https:\/\/melindaozel.com\/zh\/#website","url":"https:\/\/melindaozel.com\/zh\/","name":"\u0110\u1ed1i m\u1eb7t v\u1edbi FACS","description":"Bi\u1ec3u c\u1ea3m khu\u00f4n m\u1eb7t trong Ngh\u1ec7 thu\u1eadt, Khoa h\u1ecdc v\u00e0 C\u00f4ng ngh\u1ec7","publisher":{"@id":"https:\/\/melindaozel.com\/zh\/#\/schema\/person\/81c6262e1bfca3c71960db5aee204e3f"},"potentialAction":[{"@type":"SearchAction","target":{"@type":"EntryPoint","urlTemplate":"https:\/\/melindaozel.com\/zh\/?s={search_term_string}"},"query-input":{"@type":"PropertyValueSpecification","valueRequired":true,"valueName":"search_term_string"}}],"inLanguage":"vi"},{"@type":["Person","Organization"],"@id":"https:\/\/melindaozel.com\/zh\/#\/schema\/person\/81c6262e1bfca3c71960db5aee204e3f","name":"Melinda Ozel","image":{"@type":"ImageObject","inLanguage":"vi","@id":"https:\/\/i0.wp.com\/melindaozel.com\/wp-content\/uploads\/2025\/02\/face-the-FACS-eye-mouth-logo-pixel.webp?fit=225%2C225&ssl=1","url":"https:\/\/i0.wp.com\/melindaozel.com\/wp-content\/uploads\/2025\/02\/face-the-FACS-eye-mouth-logo-pixel.webp?fit=225%2C225&ssl=1","contentUrl":"https:\/\/i0.wp.com\/melindaozel.com\/wp-content\/uploads\/2025\/02\/face-the-FACS-eye-mouth-logo-pixel.webp?fit=225%2C225&ssl=1","width":225,"height":225,"caption":"Melinda Ozel"},"logo":{"@id":"https:\/\/i0.wp.com\/melindaozel.com\/wp-content\/uploads\/2025\/02\/face-the-FACS-eye-mouth-logo-pixel.webp?fit=225%2C225&ssl=1"},"sameAs":["https:\/\/melindaozel.com","https:\/\/facebook.com\/facetheFACS\/","https:\/\/instagram.com\/manicexpression","https:\/\/linkedin.com\/in\/melindaozel","https:\/\/pinterest.com\/melindaozel\/","https:\/\/x.com\/melindaozel","https:\/\/youtube.com\/@facetheFACS"],"knowsAbout":["Facial Action Coding System (FACS)","Facial Expression Tracking","Facial Anatomy","Facial Animation","Digital Humans","Audio-to-Expression","Audio-to-Face","Visemes","Lipsync"],"jobTitle":"Facial Systems Expert, Expression Scientist","numberOfEmployees":{"@type":"QuantitativeValue","minValue":"1","maxValue":"10"}}]}},"jetpack_sharing_enabled":true,"_links":{"self":[{"href":"https:\/\/melindaozel.com\/vi\/wp-json\/wp\/v2\/pages\/6385","targetHints":{"allow":["GET"]}}],"collection":[{"href":"https:\/\/melindaozel.com\/vi\/wp-json\/wp\/v2\/pages"}],"about":[{"href":"https:\/\/melindaozel.com\/vi\/wp-json\/wp\/v2\/types\/page"}],"author":[{"embeddable":true,"href":"https:\/\/melindaozel.com\/vi\/wp-json\/wp\/v2\/users\/60486633"}],"replies":[{"embeddable":true,"href":"https:\/\/melindaozel.com\/vi\/wp-json\/wp\/v2\/comments?post=6385"}],"version-history":[{"count":100,"href":"https:\/\/melindaozel.com\/vi\/wp-json\/wp\/v2\/pages\/6385\/revisions"}],"predecessor-version":[{"id":12282,"href":"https:\/\/melindaozel.com\/vi\/wp-json\/wp\/v2\/pages\/6385\/revisions\/12282"}],"wp:featuredmedia":[{"embeddable":true,"href":"https:\/\/melindaozel.com\/vi\/wp-json\/wp\/v2\/media\/11410"}],"wp:attachment":[{"href":"https:\/\/melindaozel.com\/vi\/wp-json\/wp\/v2\/media?parent=6385"}],"curies":[{"name":"wp","href":"https:\/\/api.w.org\/{rel}","templated":true}]}}