{"id":5586,"date":"2021-08-30T10:46:07","date_gmt":"2021-08-30T14:46:07","guid":{"rendered":"https:\/\/melindaozel.com\/?page_id=5586"},"modified":"2025-02-22T20:24:11","modified_gmt":"2025-02-23T01:24:11","slug":"login-issues","status":"publish","type":"page","link":"https:\/\/melindaozel.com\/vi\/login-issues\/","title":{"rendered":"V\u1ea5n \u0111\u1ec1 \u0111\u0103ng nh\u1eadp?"},"content":{"rendered":"<div data-elementor-type=\"wp-page\" data-elementor-id=\"5586\" class=\"elementor elementor-5586\" data-elementor-post-type=\"page\">\n\t\t\t\t\t\t<section class=\"elementor-section elementor-top-section elementor-element elementor-element-5a30057e elementor-section-boxed elementor-section-height-default elementor-section-height-default\" data-id=\"5a30057e\" data-element_type=\"section\" data-e-type=\"section\">\n\t\t\t\t\t\t<div class=\"elementor-container elementor-column-gap-default\">\n\t\t\t\t\t<div class=\"elementor-column elementor-col-100 elementor-top-column elementor-element elementor-element-40519827\" data-id=\"40519827\" data-element_type=\"column\" data-e-type=\"column\">\n\t\t\t<div class=\"elementor-widget-wrap elementor-element-populated\">\n\t\t\t\t\t\t<div class=\"elementor-element elementor-element-13c3d556 elementor-widget elementor-widget-text-editor\" data-id=\"13c3d556\" data-element_type=\"widget\" data-e-type=\"widget\" data-widget_type=\"text-editor.default\">\n\t\t\t\t\t\t\t\t\t<h2 style=\"text-align: center;\">N\u1ebfu b\u1ea1n \u0111ang g\u1eb7p ph\u1ea3i v\u00f2ng l\u1eb7p \u0111\u0103ng nh\u1eadp v\u00f4 t\u1eadn, \u0111\u1eebng lo l\u1eafng!<\/h2><h3><span style=\"text-decoration: underline;\">D\u01b0\u1edbi \u0111\u00e2y l\u00e0 c\u00e1c b\u01b0\u1edbc c\u1ea7n th\u1ef1c hi\u1ec7n \u0111\u1ec3 \u0111\u1ea3m b\u1ea3o qu\u00e1 tr\u00ecnh \u0111\u0103ng nh\u1eadp di\u1ec5n ra su\u00f4n s\u1ebb:<\/span><\/h3><ol><li><strong>T\u1ea1o t\u00e0i kho\u1ea3n WordPress b\u1eb1ng c\u00f9ng \u0111\u1ecba ch\u1ec9 email m\u00e0 b\u1ea1n \u0111\u00e3 s\u1eed d\u1ee5ng \u0111\u1ec3 \u0111\u0103ng k\u00fd Face the FACS.<\/strong><br \/><em>\u0110\u1ed1i m\u1eb7t v\u1edbi FACS<\/em> \u0110\u01b0\u1ee3c x\u00e2y d\u1ef1ng tr\u00ean n\u1ec1n t\u1ea3ng WordPress, v\u00e0 \u0111\u00f4i khi WordPress g\u1eb7p kh\u00f3 kh\u0103n trong vi\u1ec7c nh\u1eadn di\u1ec7n ng\u01b0\u1eddi d\u00f9ng kh\u00f4ng c\u00f3 t\u00e0i kho\u1ea3n WordPress. T\u1ea1o t\u00e0i kho\u1ea3n WordPress s\u1ebd gi\u00fap WordPress ghi nh\u1edb th\u00f4ng tin c\u1ee7a b\u1ea1n. <br \/><br \/><\/li><li><strong>B\u1eadt x\u00e1c th\u1ef1c hai y\u1ebfu t\u1ed1.<br \/><\/strong>T\u00f4i kh\u00f4ng bi\u1ebft t\u1ea1i sao \u0111i\u1ec1u n\u00e0y l\u1ea1i hi\u1ec7u qu\u1ea3, nh\u01b0ng \u0111\u00e2y ch\u00ednh l\u00e0 b\u00ed quy\u1ebft \u0111\u00e3 gi\u00fap ng\u01b0\u1eddi kh\u00e1c th\u00e0nh c\u00f4ng.<br \/><br \/><\/li><li><strong>\u0110\u0103ng nh\u1eadp v\u00e0o t\u00e0i kho\u1ea3n WordPress m\u1edbi c\u1ee7a b\u1ea1n. <br \/><br \/><\/strong><\/li><li><strong>\u0110\u0103ng nh\u1eadp v\u00e0o t\u00e0i kho\u1ea3n c\u1ee7a b\u1ea1n <em>\u0110\u1ed1i m\u1eb7t v\u1edbi FACS<\/em> T\u00e0i kho\u1ea3n ng\u01b0\u1eddi d\u00f9ng.<br \/><br \/><\/strong><\/li><li><strong>N\u1ebfu b\u1ea1n li\u00ean t\u1ee5c th\u1ea5y c\u1eeda s\u1ed5 popup \"X\u00e1c minh b\u1ea1n l\u00e0 ng\u01b0\u1eddi th\u1eadt\" ho\u1eb7c b\u1ecb chuy\u1ec3n h\u01b0\u1edbng \u0111\u1ebfn trang \u0111\u0103ng nh\u1eadp WordPress: <br \/><\/strong>a. <strong>Gi\u1ea3i ph\u01b0\u01a1ng tr\u00ecnh. <br \/><\/strong>b. <strong>B\u1ecf qua th\u00f4ng b\u00e1o \u0111\u0103ng nh\u1eadp WordPress.<br \/><\/strong>c. <strong>Quay l\u1ea1i n\u1ed9i dung cao c\u1ea5p m\u00e0 b\u1ea1n \u0111ang c\u1ed1 g\u1eafng truy c\u1eadp.\u00a0\u00a0<br \/><br \/><\/strong><\/li><li><strong>N\u1ebfu v\u1ea5n \u0111\u1ec1 v\u1eabn ch\u01b0a \u0111\u01b0\u1ee3c gi\u1ea3i quy\u1ebft, vui l\u00f2ng g\u1eedi email. <span style=\"text-decoration: underline;\">facetheFACS@melindaozel.com<\/span> C\u1ea7n gi\u00fap \u0111\u1ee1!<span style=\"color: #f26241;\"> T\u00f4i s\u1ebd l\u00e0m h\u1ebft s\u1ee9c m\u00ecnh \u0111\u1ec3 kh\u1eafc ph\u1ee5c c\u00e1c v\u1ea5n \u0111\u1ec1 \u0111\u0103ng nh\u1eadp c\u1ee7a b\u1ea1n.<\/span><\/strong><\/li><\/ol>\t\t\t\t\t\t\t\t<\/div>\n\t\t\t\t\t<\/div>\n\t\t<\/div>\n\t\t\t\t\t<\/div>\n\t\t<\/section>\n\t\t\t\t<\/div>","protected":false},"excerpt":{"rendered":"<p>If you are experiencing the infinite login loop, have no fear! Here are the steps to take to ensure a happy login: Create a WordPress account with the SAME email you used to sign up for Face the FACS.Face the FACS is powered by WordPress, and sometimes WordPress has a difficult time remembering users without &#8230; <a title=\"V\u1ea5n \u0111\u1ec1 \u0111\u0103ng nh\u1eadp?\" class=\"read-more\" href=\"https:\/\/melindaozel.com\/vi\/login-issues\/\" aria-label=\"\u0110\u1ecdc th\u00eam v\u1ec1 Login Issues?\">\u0110\u1ecdc ti\u1ebfp<\/a><\/p>","protected":false},"author":60486633,"featured_media":0,"parent":0,"menu_order":0,"comment_status":"closed","ping_status":"closed","template":"","meta":{"footnotes":""},"class_list":["post-5586","page","type-page","status-publish"],"yoast_head":"<!-- This site is optimized with the Yoast SEO Premium plugin v27.6 (Yoast SEO v27.6) - https:\/\/yoast.com\/product\/yoast-seo-premium-wordpress\/ -->\n<title>Login Issues? - Face the FACS | Facial Expressions in Animation, AI, &amp; Behavior<\/title>\n<meta name=\"robots\" content=\"index, follow, max-snippet:-1, max-image-preview:large, max-video-preview:-1\" \/>\n<link rel=\"canonical\" href=\"https:\/\/melindaozel.com\/vi\/login-issues\/\" \/>\n<meta property=\"og:locale\" content=\"vi_VN\" \/>\n<meta property=\"og:type\" content=\"article\" \/>\n<meta property=\"og:title\" content=\"Login Issues?\" \/>\n<meta property=\"og:description\" content=\"If you are experiencing the infinite login loop, have no fear! Here are the steps to take to ensure a happy login: Create a WordPress account with the SAME email you used to sign up for Face the FACS.Face the FACS is powered by WordPress, and sometimes WordPress has a difficult time remembering users without ... \u0110\u1ecdc ti\u1ebfp\" \/>\n<meta property=\"og:url\" content=\"https:\/\/melindaozel.com\/vi\/login-issues\/\" \/>\n<meta property=\"og:site_name\" content=\"Face the FACS | Facial Expressions in Animation, AI, &amp; Behavior\" \/>\n<meta property=\"article:publisher\" content=\"https:\/\/facebook.com\/facetheFACS\/\" \/>\n<meta property=\"article:modified_time\" content=\"2025-02-23T01:24:11+00:00\" \/>\n<meta property=\"og:image\" content=\"https:\/\/melindaozel.com\/wp-content\/uploads\/2020\/06\/face2-1024x1024.png\" \/>\n\t<meta property=\"og:image:width\" content=\"1024\" \/>\n\t<meta property=\"og:image:height\" content=\"1024\" \/>\n\t<meta property=\"og:image:type\" content=\"image\/png\" \/>\n<meta name=\"twitter:card\" content=\"summary_large_image\" \/>\n<meta name=\"twitter:site\" content=\"@melindaozel\" \/>\n<meta name=\"twitter:label1\" content=\"\u01af\u1edbc t\u00ednh th\u1eddi gian \u0111\u1ecdc\" \/>\n\t<meta name=\"twitter:data1\" content=\"1 ph\u00fat\" \/>\n<script type=\"application\/ld+json\" class=\"yoast-schema-graph\">{\"@context\":\"https:\\\/\\\/schema.org\",\"@graph\":[{\"@type\":\"WebPage\",\"@id\":\"https:\\\/\\\/melindaozel.com\\\/login-issues\\\/\",\"url\":\"https:\\\/\\\/melindaozel.com\\\/login-issues\\\/\",\"name\":\"Login Issues? - Face the FACS | Facial Expressions in Animation, AI, &amp; Behavior\",\"isPartOf\":{\"@id\":\"https:\\\/\\\/melindaozel.com\\\/zh\\\/#website\"},\"datePublished\":\"2021-08-30T14:46:07+00:00\",\"dateModified\":\"2025-02-23T01:24:11+00:00\",\"breadcrumb\":{\"@id\":\"https:\\\/\\\/melindaozel.com\\\/login-issues\\\/#breadcrumb\"},\"inLanguage\":\"vi\",\"potentialAction\":[{\"@type\":\"ReadAction\",\"target\":[\"https:\\\/\\\/melindaozel.com\\\/login-issues\\\/\"]}]},{\"@type\":\"BreadcrumbList\",\"@id\":\"https:\\\/\\\/melindaozel.com\\\/login-issues\\\/#breadcrumb\",\"itemListElement\":[{\"@type\":\"ListItem\",\"position\":1,\"name\":\"Home\",\"item\":\"https:\\\/\\\/melindaozel.com\\\/\"},{\"@type\":\"ListItem\",\"position\":2,\"name\":\"Login Issues?\"}]},{\"@type\":\"WebSite\",\"@id\":\"https:\\\/\\\/melindaozel.com\\\/zh\\\/#website\",\"url\":\"https:\\\/\\\/melindaozel.com\\\/zh\\\/\",\"name\":\"Face the FACS\",\"description\":\"Facial Expressions in Art, Science, &amp; Technology\",\"publisher\":{\"@id\":\"https:\\\/\\\/melindaozel.com\\\/zh\\\/#\\\/schema\\\/person\\\/81c6262e1bfca3c71960db5aee204e3f\"},\"potentialAction\":[{\"@type\":\"SearchAction\",\"target\":{\"@type\":\"EntryPoint\",\"urlTemplate\":\"https:\\\/\\\/melindaozel.com\\\/zh\\\/?s={search_term_string}\"},\"query-input\":{\"@type\":\"PropertyValueSpecification\",\"valueRequired\":true,\"valueName\":\"search_term_string\"}}],\"inLanguage\":\"vi\"},{\"@type\":[\"Person\",\"Organization\"],\"@id\":\"https:\\\/\\\/melindaozel.com\\\/zh\\\/#\\\/schema\\\/person\\\/81c6262e1bfca3c71960db5aee204e3f\",\"name\":\"Melinda Ozel\",\"image\":{\"@type\":\"ImageObject\",\"inLanguage\":\"vi\",\"@id\":\"https:\\\/\\\/i0.wp.com\\\/melindaozel.com\\\/wp-content\\\/uploads\\\/2025\\\/02\\\/face-the-FACS-eye-mouth-logo-pixel.webp?fit=225%2C225&ssl=1\",\"url\":\"https:\\\/\\\/i0.wp.com\\\/melindaozel.com\\\/wp-content\\\/uploads\\\/2025\\\/02\\\/face-the-FACS-eye-mouth-logo-pixel.webp?fit=225%2C225&ssl=1\",\"contentUrl\":\"https:\\\/\\\/i0.wp.com\\\/melindaozel.com\\\/wp-content\\\/uploads\\\/2025\\\/02\\\/face-the-FACS-eye-mouth-logo-pixel.webp?fit=225%2C225&ssl=1\",\"width\":225,\"height\":225,\"caption\":\"Melinda Ozel\"},\"logo\":{\"@id\":\"https:\\\/\\\/i0.wp.com\\\/melindaozel.com\\\/wp-content\\\/uploads\\\/2025\\\/02\\\/face-the-FACS-eye-mouth-logo-pixel.webp?fit=225%2C225&ssl=1\"},\"sameAs\":[\"https:\\\/\\\/melindaozel.com\",\"https:\\\/\\\/facebook.com\\\/facetheFACS\\\/\",\"https:\\\/\\\/instagram.com\\\/manicexpression\",\"https:\\\/\\\/linkedin.com\\\/in\\\/melindaozel\",\"https:\\\/\\\/pinterest.com\\\/melindaozel\\\/\",\"https:\\\/\\\/x.com\\\/melindaozel\",\"https:\\\/\\\/youtube.com\\\/@facetheFACS\"],\"knowsAbout\":[\"Facial Action Coding System (FACS)\",\"Facial Expression Tracking\",\"Facial Anatomy\",\"Facial Animation\",\"Digital Humans\",\"Audio-to-Expression\",\"Audio-to-Face\",\"Visemes\",\"Lipsync\"],\"jobTitle\":\"Facial Systems Expert, Expression Scientist\",\"numberOfEmployees\":{\"@type\":\"QuantitativeValue\",\"minValue\":\"1\",\"maxValue\":\"10\"}}]}<\/script>\n<!-- \/ Yoast SEO Premium plugin. -->","yoast_head_json":{"title":"V\u1ea5n \u0111\u1ec1 \u0111\u0103ng nh\u1eadp? - \u0110\u1ed1i m\u1eb7t v\u1edbi FACS | Bi\u1ec3u c\u1ea3m khu\u00f4n m\u1eb7t trong ho\u1ea1t h\u00ecnh, Tr\u00ed tu\u1ec7 nh\u00e2n t\u1ea1o (AI) v\u00e0 H\u00e0nh vi","robots":{"index":"index","follow":"follow","max-snippet":"max-snippet:-1","max-image-preview":"max-image-preview:large","max-video-preview":"max-video-preview:-1"},"canonical":"https:\/\/melindaozel.com\/vi\/login-issues\/","og_locale":"vi_VN","og_type":"article","og_title":"Login Issues?","og_description":"If you are experiencing the infinite login loop, have no fear! Here are the steps to take to ensure a happy login: Create a WordPress account with the SAME email you used to sign up for Face the FACS.Face the FACS is powered by WordPress, and sometimes WordPress has a difficult time remembering users without ... \u0110\u1ecdc ti\u1ebfp","og_url":"https:\/\/melindaozel.com\/vi\/login-issues\/","og_site_name":"Face the FACS | Facial Expressions in Animation, AI, &amp; Behavior","article_publisher":"https:\/\/facebook.com\/facetheFACS\/","article_modified_time":"2025-02-23T01:24:11+00:00","og_image":[{"width":1024,"height":1024,"url":"https:\/\/melindaozel.com\/wp-content\/uploads\/2020\/06\/face2-1024x1024.png","type":"image\/png"}],"twitter_card":"summary_large_image","twitter_site":"@melindaozel","twitter_misc":{"\u01af\u1edbc t\u00ednh th\u1eddi gian \u0111\u1ecdc":"1 ph\u00fat"},"schema":{"@context":"https:\/\/schema.org","@graph":[{"@type":"WebPage","@id":"https:\/\/melindaozel.com\/login-issues\/","url":"https:\/\/melindaozel.com\/login-issues\/","name":"V\u1ea5n \u0111\u1ec1 \u0111\u0103ng nh\u1eadp? - \u0110\u1ed1i m\u1eb7t v\u1edbi FACS | Bi\u1ec3u c\u1ea3m khu\u00f4n m\u1eb7t trong ho\u1ea1t h\u00ecnh, Tr\u00ed tu\u1ec7 nh\u00e2n t\u1ea1o (AI) v\u00e0 H\u00e0nh vi","isPartOf":{"@id":"https:\/\/melindaozel.com\/zh\/#website"},"datePublished":"2021-08-30T14:46:07+00:00","dateModified":"2025-02-23T01:24:11+00:00","breadcrumb":{"@id":"https:\/\/melindaozel.com\/login-issues\/#breadcrumb"},"inLanguage":"vi","potentialAction":[{"@type":"ReadAction","target":["https:\/\/melindaozel.com\/login-issues\/"]}]},{"@type":"BreadcrumbList","@id":"https:\/\/melindaozel.com\/login-issues\/#breadcrumb","itemListElement":[{"@type":"ListItem","position":1,"name":"Home","item":"https:\/\/melindaozel.com\/"},{"@type":"ListItem","position":2,"name":"Login Issues?"}]},{"@type":"WebSite","@id":"https:\/\/melindaozel.com\/zh\/#website","url":"https:\/\/melindaozel.com\/zh\/","name":"\u0110\u1ed1i m\u1eb7t v\u1edbi FACS","description":"Bi\u1ec3u c\u1ea3m khu\u00f4n m\u1eb7t trong Ngh\u1ec7 thu\u1eadt, Khoa h\u1ecdc v\u00e0 C\u00f4ng ngh\u1ec7","publisher":{"@id":"https:\/\/melindaozel.com\/zh\/#\/schema\/person\/81c6262e1bfca3c71960db5aee204e3f"},"potentialAction":[{"@type":"SearchAction","target":{"@type":"EntryPoint","urlTemplate":"https:\/\/melindaozel.com\/zh\/?s={search_term_string}"},"query-input":{"@type":"PropertyValueSpecification","valueRequired":true,"valueName":"search_term_string"}}],"inLanguage":"vi"},{"@type":["Person","Organization"],"@id":"https:\/\/melindaozel.com\/zh\/#\/schema\/person\/81c6262e1bfca3c71960db5aee204e3f","name":"Melinda Ozel","image":{"@type":"ImageObject","inLanguage":"vi","@id":"https:\/\/i0.wp.com\/melindaozel.com\/wp-content\/uploads\/2025\/02\/face-the-FACS-eye-mouth-logo-pixel.webp?fit=225%2C225&ssl=1","url":"https:\/\/i0.wp.com\/melindaozel.com\/wp-content\/uploads\/2025\/02\/face-the-FACS-eye-mouth-logo-pixel.webp?fit=225%2C225&ssl=1","contentUrl":"https:\/\/i0.wp.com\/melindaozel.com\/wp-content\/uploads\/2025\/02\/face-the-FACS-eye-mouth-logo-pixel.webp?fit=225%2C225&ssl=1","width":225,"height":225,"caption":"Melinda Ozel"},"logo":{"@id":"https:\/\/i0.wp.com\/melindaozel.com\/wp-content\/uploads\/2025\/02\/face-the-FACS-eye-mouth-logo-pixel.webp?fit=225%2C225&ssl=1"},"sameAs":["https:\/\/melindaozel.com","https:\/\/facebook.com\/facetheFACS\/","https:\/\/instagram.com\/manicexpression","https:\/\/linkedin.com\/in\/melindaozel","https:\/\/pinterest.com\/melindaozel\/","https:\/\/x.com\/melindaozel","https:\/\/youtube.com\/@facetheFACS"],"knowsAbout":["Facial Action Coding System (FACS)","Facial Expression Tracking","Facial Anatomy","Facial Animation","Digital Humans","Audio-to-Expression","Audio-to-Face","Visemes","Lipsync"],"jobTitle":"Facial Systems Expert, Expression Scientist","numberOfEmployees":{"@type":"QuantitativeValue","minValue":"1","maxValue":"10"}}]}},"jetpack_sharing_enabled":true,"_links":{"self":[{"href":"https:\/\/melindaozel.com\/vi\/wp-json\/wp\/v2\/pages\/5586","targetHints":{"allow":["GET"]}}],"collection":[{"href":"https:\/\/melindaozel.com\/vi\/wp-json\/wp\/v2\/pages"}],"about":[{"href":"https:\/\/melindaozel.com\/vi\/wp-json\/wp\/v2\/types\/page"}],"author":[{"embeddable":true,"href":"https:\/\/melindaozel.com\/vi\/wp-json\/wp\/v2\/users\/60486633"}],"replies":[{"embeddable":true,"href":"https:\/\/melindaozel.com\/vi\/wp-json\/wp\/v2\/comments?post=5586"}],"version-history":[{"count":17,"href":"https:\/\/melindaozel.com\/vi\/wp-json\/wp\/v2\/pages\/5586\/revisions"}],"predecessor-version":[{"id":11465,"href":"https:\/\/melindaozel.com\/vi\/wp-json\/wp\/v2\/pages\/5586\/revisions\/11465"}],"wp:attachment":[{"href":"https:\/\/melindaozel.com\/vi\/wp-json\/wp\/v2\/media?parent=5586"}],"curies":[{"name":"wp","href":"https:\/\/api.w.org\/{rel}","templated":true}]}}