{"id":5030,"date":"2022-04-29T16:20:37","date_gmt":"2022-04-29T20:20:37","guid":{"rendered":"https:\/\/melindaozel.com\/?page_id=5030"},"modified":"2025-02-21T01:23:41","modified_gmt":"2025-02-21T06:23:41","slug":"arkit-to-facs-translation-guide","status":"publish","type":"page","link":"https:\/\/melindaozel.com\/vi\/arkit-to-facs-translation-guide\/","title":{"rendered":"H\u01b0\u1edbng d\u1eabn chuy\u1ec3n \u0111\u1ed5i t\u1eeb ARKit sang FACS"},"content":{"rendered":"<div class=\"mp_wrapper\">\n  <div class=\"mepr-unauthorized-message\">\n    <p>N\u1ebfu b\u1ea1n kh\u00f4ng ph\u1ea3i l\u00e0 th\u00e0nh vi\u00ean, h\u00e3y xem h\u01b0\u1edbng d\u1eabn t\u1ea1i \u0111\u00e2y: <a href=\"https:\/\/melindaozel.com\/arkit-to-facs-translation-guide-preview\/\">H\u01b0\u1edbng d\u1eabn d\u1ecbch ARKit sang FACS \u2013 Xem tr\u01b0\u1edbc<\/a><\/p>\n  <\/div>\n  <div class=\"mepr-login-form-wrap\">\n            \n<div class=\"mp_wrapper mp_login_form\">\n                  <!-- mp-login-form-start -->     <form name=\"mepr_loginform\" id=\"mepr_loginform\" class=\"mepr-form\" action=\"https:\/\/melindaozel.com\/vi\/login\/\" method=\"post\">\n            <div class=\"mp-form-row mepr_username\">\n        <div class=\"mp-form-label\">\n                              <label for=\"user_login\">T\u00ean \u0111\u0103ng nh\u1eadp<\/label>\n        <\/div>\n        <input type=\"text\" name=\"log\" id=\"user_login\" value=\"\" \/>\n      <\/div>\n      <div class=\"mp-form-row mepr_password\">\n        <div class=\"mp-form-label\">\n          <label for=\"user_pass\">M\u1eadt kh\u1ea9u<\/label>\n          <div class=\"mp-hide-pw\">\n            <input type=\"password\" name=\"pwd\" id=\"user_pass\" value=\"\" \/>\n            <button type=\"button\" class=\"button mp-hide-pw hide-if-no-js\" data-toggle=\"0\" aria-label=\"Hi\u1ec3n th\u1ecb m\u1eadt kh\u1ea9u\">\n              <span class=\"dashicons dashicons-visibility\" aria-hidden=\"true\"><\/span>\n            <\/button>\n          <\/div>\n        <\/div>\n      <\/div>\n            <div>\n        <label><input name=\"rememberme\" type=\"checkbox\" id=\"rememberme\" value=\"forever\" \/> H\u00e3y nh\u1edb \u0111\u1ebfn t\u00f4i<\/label>\n      <\/div>\n      <div class=\"mp-spacer\">&nbsp;<\/div>\n      <div class=\"submit\">\n        <input type=\"submit\" name=\"wp-submit\" id=\"wp-submit\" class=\"button-primary mepr-share-button\" value=\"\u0110\u0103ng nh\u1eadp\" \/>\n        <input type=\"hidden\" name=\"redirect_to\" value=\"\/vi\/wp-json\/wp\/v2\/pages\/5030\" \/>\n        <input type=\"hidden\" name=\"mepr_process_login_form\" value=\"true\" \/>\n        <input type=\"hidden\" name=\"mepr_is_login_page\" value=\"false\" \/>\n      <\/div>\n    <\/form>\n    <div class=\"mp-spacer\">&nbsp;<\/div>\n    <div class=\"mepr-login-actions\">\n        <a\n          href=\"https:\/\/melindaozel.com\/vi\/login\/?action=forgot_password\"\n          title=\"Nh\u1ea5p v\u00e0o \u0111\u00e2y \u0111\u1ec3 \u0111\u1eb7t l\u1ea1i m\u1eadt kh\u1ea9u c\u1ee7a b\u1ea1n.\"\n        >\n          Qu\u00ean m\u1eadt kh\u1ea9u        <\/a>\n    <\/div>\n\n      \n    <!-- mp-login-form-end --> \n  <\/div>\n      <\/div>\n<\/div>","protected":false},"excerpt":{"rendered":"<p>N\u1ebfu b\u1ea1n kh\u00f4ng ph\u1ea3i l\u00e0 th\u00e0nh vi\u00ean, h\u00e3y xem h\u01b0\u1edbng d\u1eabn t\u1ea1i \u0111\u00e2y: H\u01b0\u1edbng d\u1eabn chuy\u1ec3n \u0111\u1ed5i ARKit sang FACS \u2013 Xem tr\u01b0\u1edbc<\/p>","protected":false},"author":60486633,"featured_media":6875,"parent":0,"menu_order":0,"comment_status":"closed","ping_status":"closed","template":"","meta":{"footnotes":""},"class_list":["post-5030","page","type-page","status-publish","has-post-thumbnail"],"yoast_head":"<!-- This site is optimized with the Yoast SEO Premium plugin v27.3 (Yoast SEO v27.3) - https:\/\/yoast.com\/product\/yoast-seo-premium-wordpress\/ -->\n<title>ARKit to FACS translation guide - Face the FACS | Facial Expressions in Animation, AI, &amp; Behavior<\/title>\n<meta name=\"description\" content=\"Navigate the ambiguity of ARKit&#039;s face shapes with the Facial Action Coding System (FACS) and the muscles behind each shape!\" \/>\n<meta name=\"robots\" content=\"index, follow, max-snippet:-1, max-image-preview:large, max-video-preview:-1\" \/>\n<link rel=\"canonical\" href=\"https:\/\/melindaozel.com\/vi\/arkit-to-facs-translation-guide\/\" \/>\n<meta property=\"og:locale\" content=\"vi_VN\" \/>\n<meta property=\"og:type\" content=\"article\" \/>\n<meta property=\"og:title\" content=\"ARKit to FACS translation guide\" \/>\n<meta property=\"og:description\" content=\"Navigate the ambiguity of ARKit&#039;s face shapes with the Facial Action Coding System (FACS) and the muscles behind each shape!\" \/>\n<meta property=\"og:url\" content=\"https:\/\/melindaozel.com\/vi\/arkit-to-facs-translation-guide\/\" \/>\n<meta property=\"og:site_name\" content=\"Face the FACS | Facial Expressions in Animation, AI, &amp; Behavior\" \/>\n<meta property=\"article:publisher\" content=\"https:\/\/facebook.com\/facetheFACS\/\" \/>\n<meta property=\"article:modified_time\" content=\"2025-02-21T06:23:41+00:00\" \/>\n<meta property=\"og:image\" content=\"https:\/\/melindaozel.com\/wp-content\/uploads\/2022\/05\/ARKit-to-FACS-translation-full-guide.png\" \/>\n\t<meta property=\"og:image:width\" content=\"1600\" \/>\n\t<meta property=\"og:image:height\" content=\"900\" \/>\n\t<meta property=\"og:image:type\" content=\"image\/png\" \/>\n<meta name=\"twitter:card\" content=\"summary_large_image\" \/>\n<meta name=\"twitter:site\" content=\"@melindaozel\" \/>\n<script type=\"application\/ld+json\" class=\"yoast-schema-graph\">{\"@context\":\"https:\\\/\\\/schema.org\",\"@graph\":[{\"@type\":\"WebPage\",\"@id\":\"https:\\\/\\\/melindaozel.com\\\/arkit-to-facs-translation-guide\\\/\",\"url\":\"https:\\\/\\\/melindaozel.com\\\/arkit-to-facs-translation-guide\\\/\",\"name\":\"ARKit to FACS translation guide - Face the FACS | Facial Expressions in Animation, AI, &amp; Behavior\",\"isPartOf\":{\"@id\":\"https:\\\/\\\/melindaozel.com\\\/zh\\\/#website\"},\"primaryImageOfPage\":{\"@id\":\"https:\\\/\\\/melindaozel.com\\\/arkit-to-facs-translation-guide\\\/#primaryimage\"},\"image\":{\"@id\":\"https:\\\/\\\/melindaozel.com\\\/arkit-to-facs-translation-guide\\\/#primaryimage\"},\"thumbnailUrl\":\"https:\\\/\\\/i0.wp.com\\\/melindaozel.com\\\/wp-content\\\/uploads\\\/2022\\\/05\\\/ARKit-to-FACS-translation-full-guide.png?fit=1600%2C900&ssl=1\",\"datePublished\":\"2022-04-29T20:20:37+00:00\",\"dateModified\":\"2025-02-21T06:23:41+00:00\",\"description\":\"Navigate the ambiguity of ARKit's face shapes with the Facial Action Coding System (FACS) and the muscles behind each shape!\",\"breadcrumb\":{\"@id\":\"https:\\\/\\\/melindaozel.com\\\/arkit-to-facs-translation-guide\\\/#breadcrumb\"},\"inLanguage\":\"vi\",\"potentialAction\":[{\"@type\":\"ReadAction\",\"target\":[\"https:\\\/\\\/melindaozel.com\\\/arkit-to-facs-translation-guide\\\/\"]}]},{\"@type\":\"ImageObject\",\"inLanguage\":\"vi\",\"@id\":\"https:\\\/\\\/melindaozel.com\\\/arkit-to-facs-translation-guide\\\/#primaryimage\",\"url\":\"https:\\\/\\\/i0.wp.com\\\/melindaozel.com\\\/wp-content\\\/uploads\\\/2022\\\/05\\\/ARKit-to-FACS-translation-full-guide.png?fit=1600%2C900&ssl=1\",\"contentUrl\":\"https:\\\/\\\/i0.wp.com\\\/melindaozel.com\\\/wp-content\\\/uploads\\\/2022\\\/05\\\/ARKit-to-FACS-translation-full-guide.png?fit=1600%2C900&ssl=1\",\"width\":1600,\"height\":900},{\"@type\":\"BreadcrumbList\",\"@id\":\"https:\\\/\\\/melindaozel.com\\\/arkit-to-facs-translation-guide\\\/#breadcrumb\",\"itemListElement\":[{\"@type\":\"ListItem\",\"position\":1,\"name\":\"Home\",\"item\":\"https:\\\/\\\/melindaozel.com\\\/\"},{\"@type\":\"ListItem\",\"position\":2,\"name\":\"ARKit to FACS translation guide\"}]},{\"@type\":\"WebSite\",\"@id\":\"https:\\\/\\\/melindaozel.com\\\/zh\\\/#website\",\"url\":\"https:\\\/\\\/melindaozel.com\\\/zh\\\/\",\"name\":\"Face the FACS\",\"description\":\"Facial Expressions in Art, Science, &amp; Technology\",\"publisher\":{\"@id\":\"https:\\\/\\\/melindaozel.com\\\/zh\\\/#\\\/schema\\\/person\\\/81c6262e1bfca3c71960db5aee204e3f\"},\"potentialAction\":[{\"@type\":\"SearchAction\",\"target\":{\"@type\":\"EntryPoint\",\"urlTemplate\":\"https:\\\/\\\/melindaozel.com\\\/zh\\\/?s={search_term_string}\"},\"query-input\":{\"@type\":\"PropertyValueSpecification\",\"valueRequired\":true,\"valueName\":\"search_term_string\"}}],\"inLanguage\":\"vi\"},{\"@type\":[\"Person\",\"Organization\"],\"@id\":\"https:\\\/\\\/melindaozel.com\\\/zh\\\/#\\\/schema\\\/person\\\/81c6262e1bfca3c71960db5aee204e3f\",\"name\":\"Melinda Ozel\",\"image\":{\"@type\":\"ImageObject\",\"inLanguage\":\"vi\",\"@id\":\"https:\\\/\\\/i0.wp.com\\\/melindaozel.com\\\/wp-content\\\/uploads\\\/2025\\\/02\\\/face-the-FACS-eye-mouth-logo-pixel.webp?fit=225%2C225&ssl=1\",\"url\":\"https:\\\/\\\/i0.wp.com\\\/melindaozel.com\\\/wp-content\\\/uploads\\\/2025\\\/02\\\/face-the-FACS-eye-mouth-logo-pixel.webp?fit=225%2C225&ssl=1\",\"contentUrl\":\"https:\\\/\\\/i0.wp.com\\\/melindaozel.com\\\/wp-content\\\/uploads\\\/2025\\\/02\\\/face-the-FACS-eye-mouth-logo-pixel.webp?fit=225%2C225&ssl=1\",\"width\":225,\"height\":225,\"caption\":\"Melinda Ozel\"},\"logo\":{\"@id\":\"https:\\\/\\\/i0.wp.com\\\/melindaozel.com\\\/wp-content\\\/uploads\\\/2025\\\/02\\\/face-the-FACS-eye-mouth-logo-pixel.webp?fit=225%2C225&ssl=1\"},\"sameAs\":[\"https:\\\/\\\/melindaozel.com\",\"https:\\\/\\\/facebook.com\\\/facetheFACS\\\/\",\"https:\\\/\\\/instagram.com\\\/manicexpression\",\"https:\\\/\\\/linkedin.com\\\/in\\\/melindaozel\",\"https:\\\/\\\/pinterest.com\\\/melindaozel\\\/\",\"https:\\\/\\\/x.com\\\/melindaozel\",\"https:\\\/\\\/youtube.com\\\/@facetheFACS\"],\"knowsAbout\":[\"Facial Action Coding System (FACS)\",\"Facial Expression Tracking\",\"Facial Anatomy\",\"Facial Animation\",\"Digital Humans\",\"Audio-to-Expression\",\"Audio-to-Face\",\"Visemes\",\"Lipsync\"],\"jobTitle\":\"Facial Systems Expert, Expression Scientist\",\"numberOfEmployees\":{\"@type\":\"QuantitativeValue\",\"minValue\":\"1\",\"maxValue\":\"10\"}}]}<\/script>\n<!-- \/ Yoast SEO Premium plugin. -->","yoast_head_json":{"title":"H\u01b0\u1edbng d\u1eabn chuy\u1ec3n \u0111\u1ed5i t\u1eeb ARKit sang FACS - \u0110\u1ed1i m\u1eb7t v\u1edbi FACS | Bi\u1ec3u c\u1ea3m khu\u00f4n m\u1eb7t trong ho\u1ea1t h\u00ecnh, Tr\u00ed tu\u1ec7 nh\u00e2n t\u1ea1o v\u00e0 H\u00e0nh vi","description":"H\u01b0\u1edbng d\u1eabn c\u00e1ch x\u1eed l\u00fd s\u1ef1 m\u01a1 h\u1ed3 v\u1ec1 h\u00ecnh d\u1ea1ng khu\u00f4n m\u1eb7t trong ARKit b\u1eb1ng H\u1ec7 th\u1ed1ng M\u00e3 h\u00f3a H\u00e0nh \u0111\u1ed9ng Khu\u00f4n m\u1eb7t (FACS) v\u00e0 c\u00e1c c\u01a1 b\u1eafp \u1ea9n sau m\u1ed7i h\u00ecnh d\u1ea1ng!","robots":{"index":"index","follow":"follow","max-snippet":"max-snippet:-1","max-image-preview":"max-image-preview:large","max-video-preview":"max-video-preview:-1"},"canonical":"https:\/\/melindaozel.com\/vi\/arkit-to-facs-translation-guide\/","og_locale":"vi_VN","og_type":"article","og_title":"ARKit to FACS translation guide","og_description":"Navigate the ambiguity of ARKit's face shapes with the Facial Action Coding System (FACS) and the muscles behind each shape!","og_url":"https:\/\/melindaozel.com\/vi\/arkit-to-facs-translation-guide\/","og_site_name":"Face the FACS | Facial Expressions in Animation, AI, &amp; Behavior","article_publisher":"https:\/\/facebook.com\/facetheFACS\/","article_modified_time":"2025-02-21T06:23:41+00:00","og_image":[{"width":1600,"height":900,"url":"https:\/\/melindaozel.com\/wp-content\/uploads\/2022\/05\/ARKit-to-FACS-translation-full-guide.png","type":"image\/png"}],"twitter_card":"summary_large_image","twitter_site":"@melindaozel","schema":{"@context":"https:\/\/schema.org","@graph":[{"@type":"WebPage","@id":"https:\/\/melindaozel.com\/arkit-to-facs-translation-guide\/","url":"https:\/\/melindaozel.com\/arkit-to-facs-translation-guide\/","name":"H\u01b0\u1edbng d\u1eabn chuy\u1ec3n \u0111\u1ed5i t\u1eeb ARKit sang FACS - \u0110\u1ed1i m\u1eb7t v\u1edbi FACS | Bi\u1ec3u c\u1ea3m khu\u00f4n m\u1eb7t trong ho\u1ea1t h\u00ecnh, Tr\u00ed tu\u1ec7 nh\u00e2n t\u1ea1o v\u00e0 H\u00e0nh vi","isPartOf":{"@id":"https:\/\/melindaozel.com\/zh\/#website"},"primaryImageOfPage":{"@id":"https:\/\/melindaozel.com\/arkit-to-facs-translation-guide\/#primaryimage"},"image":{"@id":"https:\/\/melindaozel.com\/arkit-to-facs-translation-guide\/#primaryimage"},"thumbnailUrl":"https:\/\/i0.wp.com\/melindaozel.com\/wp-content\/uploads\/2022\/05\/ARKit-to-FACS-translation-full-guide.png?fit=1600%2C900&ssl=1","datePublished":"2022-04-29T20:20:37+00:00","dateModified":"2025-02-21T06:23:41+00:00","description":"H\u01b0\u1edbng d\u1eabn c\u00e1ch x\u1eed l\u00fd s\u1ef1 m\u01a1 h\u1ed3 v\u1ec1 h\u00ecnh d\u1ea1ng khu\u00f4n m\u1eb7t trong ARKit b\u1eb1ng H\u1ec7 th\u1ed1ng M\u00e3 h\u00f3a H\u00e0nh \u0111\u1ed9ng Khu\u00f4n m\u1eb7t (FACS) v\u00e0 c\u00e1c c\u01a1 b\u1eafp \u1ea9n sau m\u1ed7i h\u00ecnh d\u1ea1ng!","breadcrumb":{"@id":"https:\/\/melindaozel.com\/arkit-to-facs-translation-guide\/#breadcrumb"},"inLanguage":"vi","potentialAction":[{"@type":"ReadAction","target":["https:\/\/melindaozel.com\/arkit-to-facs-translation-guide\/"]}]},{"@type":"ImageObject","inLanguage":"vi","@id":"https:\/\/melindaozel.com\/arkit-to-facs-translation-guide\/#primaryimage","url":"https:\/\/i0.wp.com\/melindaozel.com\/wp-content\/uploads\/2022\/05\/ARKit-to-FACS-translation-full-guide.png?fit=1600%2C900&ssl=1","contentUrl":"https:\/\/i0.wp.com\/melindaozel.com\/wp-content\/uploads\/2022\/05\/ARKit-to-FACS-translation-full-guide.png?fit=1600%2C900&ssl=1","width":1600,"height":900},{"@type":"BreadcrumbList","@id":"https:\/\/melindaozel.com\/arkit-to-facs-translation-guide\/#breadcrumb","itemListElement":[{"@type":"ListItem","position":1,"name":"Home","item":"https:\/\/melindaozel.com\/"},{"@type":"ListItem","position":2,"name":"ARKit to FACS translation guide"}]},{"@type":"WebSite","@id":"https:\/\/melindaozel.com\/zh\/#website","url":"https:\/\/melindaozel.com\/zh\/","name":"\u0110\u1ed1i m\u1eb7t v\u1edbi FACS","description":"Bi\u1ec3u c\u1ea3m khu\u00f4n m\u1eb7t trong Ngh\u1ec7 thu\u1eadt, Khoa h\u1ecdc v\u00e0 C\u00f4ng ngh\u1ec7","publisher":{"@id":"https:\/\/melindaozel.com\/zh\/#\/schema\/person\/81c6262e1bfca3c71960db5aee204e3f"},"potentialAction":[{"@type":"SearchAction","target":{"@type":"EntryPoint","urlTemplate":"https:\/\/melindaozel.com\/zh\/?s={search_term_string}"},"query-input":{"@type":"PropertyValueSpecification","valueRequired":true,"valueName":"search_term_string"}}],"inLanguage":"vi"},{"@type":["Person","Organization"],"@id":"https:\/\/melindaozel.com\/zh\/#\/schema\/person\/81c6262e1bfca3c71960db5aee204e3f","name":"Melinda Ozel","image":{"@type":"ImageObject","inLanguage":"vi","@id":"https:\/\/i0.wp.com\/melindaozel.com\/wp-content\/uploads\/2025\/02\/face-the-FACS-eye-mouth-logo-pixel.webp?fit=225%2C225&ssl=1","url":"https:\/\/i0.wp.com\/melindaozel.com\/wp-content\/uploads\/2025\/02\/face-the-FACS-eye-mouth-logo-pixel.webp?fit=225%2C225&ssl=1","contentUrl":"https:\/\/i0.wp.com\/melindaozel.com\/wp-content\/uploads\/2025\/02\/face-the-FACS-eye-mouth-logo-pixel.webp?fit=225%2C225&ssl=1","width":225,"height":225,"caption":"Melinda Ozel"},"logo":{"@id":"https:\/\/i0.wp.com\/melindaozel.com\/wp-content\/uploads\/2025\/02\/face-the-FACS-eye-mouth-logo-pixel.webp?fit=225%2C225&ssl=1"},"sameAs":["https:\/\/melindaozel.com","https:\/\/facebook.com\/facetheFACS\/","https:\/\/instagram.com\/manicexpression","https:\/\/linkedin.com\/in\/melindaozel","https:\/\/pinterest.com\/melindaozel\/","https:\/\/x.com\/melindaozel","https:\/\/youtube.com\/@facetheFACS"],"knowsAbout":["Facial Action Coding System (FACS)","Facial Expression Tracking","Facial Anatomy","Facial Animation","Digital Humans","Audio-to-Expression","Audio-to-Face","Visemes","Lipsync"],"jobTitle":"Facial Systems Expert, Expression Scientist","numberOfEmployees":{"@type":"QuantitativeValue","minValue":"1","maxValue":"10"}}]}},"jetpack_sharing_enabled":true,"_links":{"self":[{"href":"https:\/\/melindaozel.com\/vi\/wp-json\/wp\/v2\/pages\/5030","targetHints":{"allow":["GET"]}}],"collection":[{"href":"https:\/\/melindaozel.com\/vi\/wp-json\/wp\/v2\/pages"}],"about":[{"href":"https:\/\/melindaozel.com\/vi\/wp-json\/wp\/v2\/types\/page"}],"author":[{"embeddable":true,"href":"https:\/\/melindaozel.com\/vi\/wp-json\/wp\/v2\/users\/60486633"}],"replies":[{"embeddable":true,"href":"https:\/\/melindaozel.com\/vi\/wp-json\/wp\/v2\/comments?post=5030"}],"version-history":[{"count":100,"href":"https:\/\/melindaozel.com\/vi\/wp-json\/wp\/v2\/pages\/5030\/revisions"}],"predecessor-version":[{"id":11326,"href":"https:\/\/melindaozel.com\/vi\/wp-json\/wp\/v2\/pages\/5030\/revisions\/11326"}],"wp:featuredmedia":[{"embeddable":true,"href":"https:\/\/melindaozel.com\/vi\/wp-json\/wp\/v2\/media\/6875"}],"wp:attachment":[{"href":"https:\/\/melindaozel.com\/vi\/wp-json\/wp\/v2\/media?parent=5030"}],"curies":[{"name":"wp","href":"https:\/\/api.w.org\/{rel}","templated":true}]}}