{"id":4764,"date":"2021-06-21T18:54:32","date_gmt":"2021-06-21T22:54:32","guid":{"rendered":"https:\/\/melindaozel.com\/?page_id=4764"},"modified":"2021-06-21T18:54:32","modified_gmt":"2021-06-21T22:54:32","slug":"terms-of-use","status":"publish","type":"page","link":"https:\/\/melindaozel.com\/vi\/terms-of-use\/","title":{"rendered":"\u0110i\u1ec1u kho\u1ea3n s\u1eed d\u1ee5ng"},"content":{"rendered":"<h1 style=\"text-align: center;\">\u0110i\u1ec1u kho\u1ea3n v\u00e0 \u0110i\u1ec1u ki\u1ec7n<\/h1>\n<p>Ch\u00e0o m\u1eebng \u0111\u1ebfn <em>\u0110\u1ed1i m\u1eb7t v\u1edbi FACS<\/em>! <em>\u0110\u1ed1i m\u1eb7t v\u1edbi FACS<\/em> l\u00e0 m\u1ed9t n\u1ec1n t\u1ea3ng h\u1ecdc tr\u1ef1c tuy\u1ebfn tr\u00ean trang web <a href=\"http:\/\/www.melindaozel.com\" rel=\"nofollow\">http:\/\/www.melindaozel.com<\/a> (trang web) do Melinda Ozel \u0111i\u1ec1u h\u00e0nh. <em>\u0110\u1ed1i m\u1eb7t v\u1edbi FACS<\/em> Gi\u00fap ng\u01b0\u1eddi d\u00f9ng (ng\u01b0\u1eddi d\u00f9ng, b\u1ea1n) h\u1ecdc c\u00e1c ch\u1ee7 \u0111\u1ec1 li\u00ean quan \u0111\u1ebfn bi\u1ec3u \u0111\u1ea1t.<\/p>\n<p>C\u00e1c \u0110i\u1ec1u kho\u1ea3n v\u00e0 \u0110i\u1ec1u ki\u1ec7n (T&amp;Cs) sau \u0111\u00e2y quy \u0111\u1ecbnh m\u1ed1i quan h\u1ec7 gi\u1eefa b\u1ea1n v\u00e0 ch\u00fang t\u00f4i v\u00e0 s\u1ebd tr\u1ea3 l\u1eddi c\u00e1c c\u00e2u h\u1ecfi ph\u00e1p l\u00fd quan tr\u1ecdng nh\u1ea5t c\u1ee7a b\u1ea1n li\u00ean quan \u0111\u1ebfn vi\u1ec7c s\u1eed d\u1ee5ng <em>\u0110\u1ed1i m\u1eb7t v\u1edbi FACS<\/em> v\u00e0 c\u00e1c d\u1ecbch v\u1ee5 c\u1ee7a ch\u00fang t\u00f4i. Vui l\u00f2ng \u0111\u1ecdc k\u1ef9.<\/p>\n<p>\u0110\u1eb7c bi\u1ec7t, c\u00e1c \u0110i\u1ec1u kho\u1ea3n v\u00e0 \u0110i\u1ec1u ki\u1ec7n n\u00e0y th\u00f4ng b\u00e1o cho b\u1ea1n v\u1ec1<\/p>\n<ul>\n<li>Th\u1eddi \u0111i\u1ec3m b\u1eaft \u0111\u1ea7u v\u00e0 k\u1ebft th\u00fac c\u1ee7a h\u1ee3p \u0111\u1ed3ng c\u1ee7a ch\u00fang ta<\/li>\n<li>Ph\u00ed \u0111\u0103ng k\u00fd c\u1ee7a b\u1ea1n<\/li>\n<li>Quy\u1ec1n h\u1ee7y \u0111\u0103ng k\u00fd c\u1ee7a b\u1ea1n<\/li>\n<li>tr\u00e1ch nhi\u1ec7m c\u1ee7a ch\u00fang t\u00f4i<\/li>\n<li>B\u1ea3n quy\u1ec1n v\u00e0 quy\u1ec1n s\u1edf h\u1eefu n\u1ed9i dung c\u1ee7a ch\u00fang t\u00f4i.<\/li>\n<\/ul>\n<p>\u00a7 1 L\u00e0m th\u1ebf n\u00e0o \u0111\u1ec3 t\u00f4i c\u00f3 th\u1ec3 s\u1eed d\u1ee5ng? <em>\u0110\u1ed1i m\u1eb7t v\u1edbi FACS<\/em> V\u00e0 khi n\u00e0o t\u00f4i s\u1ebd k\u00fd k\u1ebft h\u1ee3p \u0111\u1ed3ng c\u00f3 hi\u1ec7u l\u1ef1c ph\u00e1p l\u00fd?<\/p>\n<p style=\"padding-left: 40px;\">\u0110\u1ec3 s\u1eed d\u1ee5ng <em>\u0110\u1ed1i m\u1eb7t v\u1edbi FACS\u2019s<\/em> D\u1ecbch v\u1ee5 \u0111\u0103ng k\u00fd, b\u1ea1n c\u1ea7n t\u1ea1o t\u00e0i kho\u1ea3n. B\u1eb1ng c\u00e1ch n\u00e0y, b\u1ea1n \u0111\u00e3 \u0111\u1ed3ng \u00fd k\u00fd k\u1ebft m\u1ed9t h\u1ee3p \u0111\u1ed3ng c\u00f3 hi\u1ec7u l\u1ef1c ph\u00e1p l\u00fd v\u1edbi ch\u00fang t\u00f4i.<br \/>\nB\u1ea1n ch\u1ec9 \u0111\u01b0\u1ee3c ph\u00e9p s\u1eed d\u1ee5ng <em>\u0110\u1ed1i m\u1eb7t v\u1edbi FACS<\/em> D\u00e0nh ri\u00eang cho vi\u1ec7c h\u1ecdc t\u1eadp c\u00e1 nh\u00e2n c\u00e1c bi\u1ec3u th\u1ee9c. Kh\u00f4ng \u0111\u01b0\u1ee3c s\u1eed d\u1ee5ng cho b\u1ea5t k\u1ef3 m\u1ee5c \u0111\u00edch n\u00e0o kh\u00e1c, \u0111\u1eb7c bi\u1ec7t l\u00e0 m\u1ee5c \u0111\u00edch kinh doanh ho\u1eb7c chia s\u1ebb t\u00e0i kho\u1ea3n c\u1ee7a b\u1ea1n v\u1edbi ng\u01b0\u1eddi kh\u00e1c.<\/p>\n<p>\u00a7 2 T\u00f4i c\u00f3 th\u1ec3 l\u00e0m g\u00ec v\u1edbi <em>\u0110\u1ed1i m\u1eb7t v\u1edbi FACS<\/em>?<\/p>\n<p style=\"padding-left: 40px;\"><em>\u0110\u1ed1i m\u1eb7t v\u1edbi FACS<\/em> Cung c\u1ea5p ngu\u1ed3n t\u00e0i li\u1ec7u phong ph\u00fa \u0111\u1ec3 h\u01b0\u1edbng d\u1eabn b\u1ea1n t\u00ecm hi\u1ec3u v\u1ec1 gi\u1ea3i ph\u1eabu khu\u00f4n m\u1eb7t c\u1ee7a con ng\u01b0\u1eddi v\u00e0 c\u00e1c sinh v\u1eadt kh\u00e1c th\u00f4ng qua video, GIF, h\u00ecnh \u1ea3nh, s\u01a1 \u0111\u1ed3 v\u00e0 b\u00e0i vi\u1ebft.<br \/>\n<em>\u0110\u1ed1i m\u1eb7t v\u1edbi FACS<\/em> Cung c\u1ea5p s\u1eed d\u1ee5ng mi\u1ec5n ph\u00ed v\u1edbi quy\u1ec1n truy c\u1eadp h\u1ea1n ch\u1ebf v\u00e0o n\u1ed9i dung v\u00e0 t\u00ednh n\u0103ng, c\u00f9ng v\u1edbi g\u00f3i \u0111\u0103ng k\u00fd tr\u1ea3 ph\u00ed cho ph\u00e9p truy c\u1eadp r\u1ed9ng h\u01a1n (t\u00e0i kho\u1ea3n \u0111\u0103ng k\u00fd).<\/p>\n<p>B\u1ea1n c\u00f3 th\u1ec3 s\u1eed d\u1ee5ng <em>\u0110\u1ed1i m\u1eb7t v\u1edbi FACS<\/em> Ch\u1ec9 d\u00e0nh cho m\u1ee5c \u0111\u00edch c\u00e1 nh\u00e2n.<\/p>\n<p style=\"padding-left: 40px;\">D\u00f9ng cho gi\u1ea3ng d\u1ea1y v\u00e0 c\u00e1c m\u1ee5c \u0111\u00edch kh\u00e1c <em>\u0110\u1ed1i m\u1eb7t v\u1edbi FACS<\/em> Cung c\u1ea5p c\u00e1c gi\u1ea5y ph\u00e9p \u0111\u1eb7c bi\u1ec7t (v\u00ed d\u1ee5: gi\u1ea5y ph\u00e9p cho tr\u01b0\u1eddng h\u1ecdc, gi\u1ea5y ph\u00e9p s\u1eed d\u1ee5ng h\u00ecnh \u1ea3nh ho\u1eb7c gi\u1ea5y ph\u00e9p cho gi\u1ea3ng vi\u00ean). Vui l\u00f2ng li\u00ean h\u1ec7 v\u1edbi ch\u00fang t\u00f4i n\u1ebfu qu\u00fd v\u1ecb quan t\u00e2m \u0111\u1ebfn c\u00e1c gi\u1ea5y ph\u00e9p c\u1ee7a ch\u00fang t\u00f4i.<\/p>\n<p>\u00a7 3 Chi ph\u00ed l\u00e0 bao nhi\u00eau v\u00e0 c\u00e1ch thanh to\u00e1n nh\u01b0 th\u1ebf n\u00e0o?<\/p>\n<p style=\"padding-left: 40px;\">Vi\u1ec7c s\u1eed d\u1ee5ng n\u1ed9i dung kh\u00f4ng y\u00eau c\u1ea7u \u0111\u0103ng k\u00fd l\u00e0 mi\u1ec5n ph\u00ed.<\/p>\n<p style=\"padding-left: 40px;\">B\u1ea1n s\u1ebd t\u00ecm th\u1ea5y gi\u00e1 cho <em>\u0110\u1ed1i m\u1eb7t v\u1edbi FACS\u2019s<\/em> T\u00e0i kho\u1ea3n \u0111\u0103ng k\u00fd tr\u00ean trang \u0111\u0103ng k\u00fd.<\/p>\n<p style=\"padding-left: 40px;\">T\u1ea5t c\u1ea3 gi\u00e1 \u0111\u01b0\u1ee3c hi\u1ec3n th\u1ecb b\u1eb1ng \u0111\u01a1n v\u1ecb ti\u1ec1n t\u1ec7 hi\u1ec7n t\u1ea1i v\u00e0 c\u00f3 th\u1ec3 \u0111\u01b0\u1ee3c chuy\u1ec3n \u0111\u1ed5i sang \u0111\u01a1n v\u1ecb ti\u1ec1n t\u1ec7 \u0111\u1ecba ph\u01b0\u01a1ng c\u1ee7a b\u1ea1n trong qu\u00e1 tr\u00ecnh thanh to\u00e1n.<\/p>\n<p><em>\u0110\u1ed1i m\u1eb7t v\u1edbi FACS<\/em> Ch\u1ea5p nh\u1eadn thanh to\u00e1n qua Stripe v\u00e0 PayPal.<\/p>\n<p>\u00a7 4 H\u1ee3p \u0111\u1ed3ng c\u1ee7a t\u00f4i c\u00f3 th\u1eddi h\u1ea1n bao l\u00e2u?<\/p>\n<p style=\"padding-left: 40px;\">G\u00f3i \u0111\u0103ng k\u00fd h\u00e0ng th\u00e1ng c\u00f3 th\u1eddi h\u1ea1n m\u1ed9t th\u00e1ng v\u00e0 s\u1ebd \u0111\u01b0\u1ee3c gia h\u1ea1n t\u1ef1 \u0111\u1ed9ng tr\u1eeb khi b\u1ea1n h\u1ee7y \u0111\u0103ng k\u00fd t\u1ef1 \u0111\u1ed9ng. G\u00f3i \u0111\u0103ng k\u00fd h\u00e0ng n\u0103m c\u00f3 th\u1eddi h\u1ea1n m\u1ed9t n\u0103m v\u00e0 s\u1ebd \u0111\u01b0\u1ee3c gia h\u1ea1n t\u1ef1 \u0111\u1ed9ng tr\u1eeb khi b\u1ea1n h\u1ee7y \u0111\u0103ng k\u00fd t\u1ef1 \u0111\u1ed9ng.<\/p>\n<p style=\"padding-left: 40px;\">B\u1ea1n v\u00e0 <em>\u0110\u1ed1i m\u1eb7t v\u1edbi FACS<\/em> C\u1ea3 hai b\u00ean \u0111\u1ec1u c\u00f3 quy\u1ec1n h\u1ee7y h\u1ee3p \u0111\u1ed3ng v\u00e0o cu\u1ed1i th\u00e1ng hi\u1ec7n t\u1ea1i ho\u1eb7c cu\u1ed1i n\u0103m.<\/p>\n<p style=\"padding-left: 40px;\">\u0110\u0103ng k\u00fd tr\u1ea3 ph\u00ed c\u00f3 th\u1ec3 \u0111\u01b0\u1ee3c th\u1ef1c hi\u1ec7n cho m\u1ed9t th\u00e1ng ho\u1eb7c m\u01b0\u1eddi hai th\u00e1ng.<\/p>\n<p>\u00a7 5 G\u00f3i \u0111\u0103ng k\u00fd tr\u1ea3 ph\u00ed c\u1ee7a t\u00f4i c\u00f3 t\u1ef1 \u0111\u1ed9ng gia h\u1ea1n kh\u00f4ng?<\/p>\n<p style=\"padding-left: 40px;\">\u0110\u00fang v\u1eady, tr\u1eeb khi b\u1ea1n ho\u1eb7c ch\u00fang t\u00f4i \u0111\u00e3 h\u1ee7y b\u1ecf.<\/p>\n<p>\u00a7 6 L\u00e0m th\u1ebf n\u00e0o \u0111\u1ec3 h\u1ee7y?<\/p>\n<p style=\"padding-left: 40px;\">B\u1ea1n c\u00f3 th\u1ec3 h\u1ee7y b\u1ea5t k\u1ef3 h\u1ee3p \u0111\u1ed3ng n\u00e0o tr\u01b0\u1edbc chu k\u1ef3 thanh to\u00e1n ti\u1ebfp theo th\u00f4ng qua t\u00e0i kho\u1ea3n c\u1ee7a m\u00ecnh ho\u1eb7c b\u1eb1ng c\u00e1ch g\u1eedi email \u0111\u1ebfn facetheFACS@melindaozel.com.<\/p>\n<p style=\"padding-left: 40px;\">L\u01b0u \u00fd r\u1eb1ng b\u1ea5t k\u1ef3 th\u1eddi gian ch\u01b0a s\u1eed d\u1ee5ng n\u00e0o trong chu k\u1ef3 thanh to\u00e1n cu\u1ed1i c\u00f9ng s\u1ebd kh\u00f4ng \u0111\u01b0\u1ee3c t\u00ednh theo t\u1ef7 l\u1ec7 ho\u1eb7c ho\u00e0n l\u1ea1i.<\/p>\n<p style=\"padding-left: 40px;\">Khi t\u00e0i kho\u1ea3n cao c\u1ea5p c\u1ee7a b\u1ea1n h\u1ebft h\u1ea1n, n\u00f3 s\u1ebd t\u1ef1 \u0111\u1ed9ng \u0111\u01b0\u1ee3c chuy\u1ec3n v\u1ec1 t\u00e0i kho\u1ea3n c\u01a1 b\u1ea3n.<\/p>\n<p>\u00a7 7 N\u1ebfu t\u00f4i kh\u00f4ng h\u00e0i l\u00f2ng v\u1edbi d\u1ecbch v\u1ee5 c\u1ee7a qu\u00fd c\u00f4ng ty th\u00ec sao?<\/p>\n<p style=\"padding-left: 40px;\">N\u1ebfu b\u1ea1n kh\u00f4ng h\u00e0i l\u00f2ng v\u00ec b\u1ea5t k\u1ef3 l\u00fd do g\u00ec, b\u1ea1n c\u00f3 th\u1ec3 h\u1ee7y t\u00e0i kho\u1ea3n c\u1ee7a m\u00ecnh. Vui l\u00f2ng tham kh\u1ea3o ph\u1ea7n \u00a7 6 \u1edf tr\u00ean.<\/p>\n<p>\u00a7 9 L\u00e0 g\u00ec? <em>\u0110\u1ed1i m\u1eb7t v\u1edbi FACS\u2019s<\/em> Tr\u00e1ch nhi\u1ec7m ph\u00e1p l\u00fd l\u00e0 g\u00ec v\u00e0 n\u00f3 \u0111\u01b0\u1ee3c gi\u1edbi h\u1ea1n nh\u01b0 th\u1ebf n\u00e0o?<\/p>\n<p style=\"padding-left: 40px;\"><em>\u0110\u1ed1i m\u1eb7t v\u1edbi FACS<\/em> kh\u00f4ng th\u1ec3 \u0111\u1ea3m b\u1ea3o t\u00ednh h\u1ee3p l\u1ec7 c\u0169ng nh\u01b0 t\u00ednh ch\u00ednh x\u00e1c c\u1ee7a n\u1ed9i dung gi\u00e1o d\u1ee5c \u0111\u01b0\u1ee3c cung c\u1ea5p tr\u00ean <em>\u0110\u1ed1i m\u1eb7t v\u1edbi FACS<\/em>nh\u01b0ng <em>\u0110\u1ed1i m\u1eb7t v\u1edbi FACS<\/em> Ch\u00fang t\u00f4i t\u1ed5ng h\u1ee3p ki\u1ebfn th\u1ee9c v\u00e0 kinh nghi\u1ec7m t\u1eeb c\u00e1c chuy\u00ean gia trong m\u1ecdi l\u0129nh v\u1ef1c \u0111\u1ec3 \u0111\u1ea3m b\u1ea3o b\u1ea1n nh\u1eadn \u0111\u01b0\u1ee3c n\u1ed9i dung ch\u00ednh x\u00e1c nh\u1ea5t. N\u1ebfu b\u1ea1n ph\u00e1t hi\u1ec7n b\u1ea5t k\u1ef3 sai s\u00f3t n\u00e0o, vui l\u00f2ng th\u00f4ng b\u00e1o cho ch\u00fang t\u00f4i v\u00e0 ch\u00fang t\u00f4i s\u1ebd xem x\u00e9t k\u1ef9 l\u01b0\u1ee1ng v\u00e0 s\u1eeda ch\u1eefa s\u1edbm nh\u1ea5t c\u00f3 th\u1ec3.<\/p>\n<p>\u00a7 10 Ai l\u00e0 ch\u1ee7 s\u1edf h\u1eefu b\u1ea3n quy\u1ec1n v\u00e0 ai l\u00e0 ch\u1ee7 s\u1edf h\u1eefu n\u1ed9i dung?<\/p>\n<p style=\"padding-left: 40px;\">Tr\u1eeb khi n\u1ed9i dung \u0111\u01b0\u1ee3c ghi ch\u00fa r\u00f5 r\u00e0ng kh\u00e1c, ho\u1eb7c b\u1ea1n \u0111\u00e3 h\u1ee3p ph\u00e1p s\u1edf h\u1eefu gi\u1ea5y ph\u00e9p, t\u1ea5t c\u1ea3 v\u0103n b\u1ea3n, h\u00ecnh \u1ea3nh v\u00e0 c\u00e1c t\u00e1c ph\u1ea9m kh\u00e1c \u0111\u01b0\u1ee3c t\u1ea1o ra b\u1edfi <em>\u0110\u1ed1i m\u1eb7t v\u1edbi FACS<\/em> V\u00e0 c\u00e1c t\u00e0i li\u1ec7u \u0111\u01b0\u1ee3c cung c\u1ea5p cho b\u1ea1n trong qu\u00e1 tr\u00ecnh s\u1eed d\u1ee5ng t\u00e0i kho\u1ea3n c\u1ee7a b\u1ea1n \u0111\u01b0\u1ee3c b\u1ea3o v\u1ec7 b\u1edfi quy\u1ec1n t\u00e1c gi\u1ea3. Do \u0111\u00f3, b\u1ea1n kh\u00f4ng \u0111\u01b0\u1ee3c ph\u00e9p sao ch\u00e9p, ph\u00e2n ph\u1ed1i ho\u1eb7c tr\u01b0ng b\u00e0y n\u1ed9i dung c\u1ee7a ch\u00fang t\u00f4i c\u0169ng nh\u01b0 kh\u00f4ng \u0111\u01b0\u1ee3c ph\u00e9p c\u00f4ng b\u1ed1 n\u1ed9i dung \u0111\u00f3 d\u01b0\u1edbi b\u1ea5t k\u1ef3 h\u00ecnh th\u1ee9c n\u00e0o.<\/p>\n<p style=\"padding-left: 40px;\">\u0110\u1ed1i v\u1edbi b\u1ea5t k\u1ef3 m\u1ee5c \u0111\u00edch s\u1eed d\u1ee5ng n\u00e0o kh\u00e1c (v\u00ed d\u1ee5: sao ch\u00e9p, nh\u00e2n b\u1ea3n, b\u00e1n, t\u00e1i b\u00e1n ho\u1eb7c khai th\u00e1c), b\u1ea1n ph\u1ea3i \u0111\u01b0\u1ee3c s\u1ef1 \u0111\u1ed3ng \u00fd b\u1eb1ng v\u0103n b\u1ea3n c\u1ee7a ch\u00fang t\u00f4i v\u00e0\/ho\u1eb7c gi\u1ea5y ph\u00e9p.<\/p>\n<p>\u00a7 11 Lu\u1eadt n\u00e0o \u00e1p d\u1ee5ng cho h\u1ee3p \u0111\u1ed3ng c\u1ee7a t\u00f4i?<\/p>\n<p style=\"padding-left: 40px;\">H\u1ee3p \u0111\u1ed3ng n\u00e0y tu\u00e2n theo ph\u00e1p lu\u1eadt c\u1ee7a Hoa K\u1ef3.<\/p>","protected":false},"excerpt":{"rendered":"<p>\u0110i\u1ec1u kho\u1ea3n v\u00e0 \u0110i\u1ec1u ki\u1ec7n Ch\u00e0o m\u1eebng \u0111\u1ebfn v\u1edbi Face the FACS! Face the FACS l\u00e0 m\u1ed9t n\u1ec1n t\u1ea3ng h\u1ecdc tr\u1ef1c tuy\u1ebfn tr\u00ean trang web. <a href=\"http:\/\/www.melindaozel.com\" rel=\"nofollow\">http:\/\/www.melindaozel.com<\/a> (Trang web) do Melinda Ozel \u0111i\u1ec1u h\u00e0nh. Face the FACS gi\u00fap ng\u01b0\u1eddi d\u00f9ng (b\u1ea1n) h\u1ecdc c\u00e1c ch\u1ee7 \u0111\u1ec1 li\u00ean quan \u0111\u1ebfn bi\u1ec3u c\u1ea3m. C\u00e1c \u0110i\u1ec1u kho\u1ea3n v\u00e0 \u0110i\u1ec1u ki\u1ec7n (T&amp;Cs) sau \u0111\u00e2y quy \u0111\u1ecbnh m\u1ed1i quan h\u1ec7 gi\u1eefa b\u1ea1n v\u00e0 ch\u00fang t\u00f4i v\u00e0 s\u1ebd tr\u1ea3 l\u1eddi c\u00e1c c\u00e2u h\u1ecfi quan tr\u1ecdng nh\u1ea5t\u2026 <a title=\"\u0110i\u1ec1u kho\u1ea3n s\u1eed d\u1ee5ng\" class=\"read-more\" href=\"https:\/\/melindaozel.com\/vi\/terms-of-use\/\" aria-label=\"\u0110\u1ecdc th\u00eam v\u1ec1 \u0110i\u1ec1u kho\u1ea3n s\u1eed d\u1ee5ng\">\u0110\u1ecdc ti\u1ebfp<\/a><\/p>","protected":false},"author":60486633,"featured_media":0,"parent":0,"menu_order":0,"comment_status":"closed","ping_status":"closed","template":"","meta":{"footnotes":""},"class_list":["post-4764","page","type-page","status-publish"],"yoast_head":"<!-- This site is optimized with the Yoast SEO Premium plugin v27.3 (Yoast SEO v27.3) - https:\/\/yoast.com\/product\/yoast-seo-premium-wordpress\/ -->\n<title>Terms of Use - Face the FACS | Facial Expressions in Animation, AI, &amp; Behavior<\/title>\n<meta name=\"robots\" content=\"index, follow, max-snippet:-1, max-image-preview:large, max-video-preview:-1\" \/>\n<link rel=\"canonical\" href=\"https:\/\/melindaozel.com\/vi\/terms-of-use\/\" \/>\n<meta property=\"og:locale\" content=\"vi_VN\" \/>\n<meta property=\"og:type\" content=\"article\" \/>\n<meta property=\"og:title\" content=\"Terms of Use\" \/>\n<meta property=\"og:description\" content=\"Terms and Conditions Welcome to Face the FACS! Face the FACS is an online learning platform on the website http:\/\/www.melindaozel.com (website) operated by Melinda Ozel. Face the FACS helps its users (user, you) learn expression-related topics. The following Terms and Conditions (T&amp;Cs) govern the relationship between you and us and will answer the most relevant ... \u0110\u1ecdc ti\u1ebfp\" \/>\n<meta property=\"og:url\" content=\"https:\/\/melindaozel.com\/vi\/terms-of-use\/\" \/>\n<meta property=\"og:site_name\" content=\"Face the FACS | Facial Expressions in Animation, AI, &amp; Behavior\" \/>\n<meta property=\"article:publisher\" content=\"https:\/\/facebook.com\/facetheFACS\/\" \/>\n<meta property=\"og:image\" content=\"https:\/\/melindaozel.com\/wp-content\/uploads\/2020\/06\/face2-1024x1024.png\" \/>\n\t<meta property=\"og:image:width\" content=\"1024\" \/>\n\t<meta property=\"og:image:height\" content=\"1024\" \/>\n\t<meta property=\"og:image:type\" content=\"image\/png\" \/>\n<meta name=\"twitter:card\" content=\"summary_large_image\" \/>\n<meta name=\"twitter:site\" content=\"@melindaozel\" \/>\n<meta name=\"twitter:label1\" content=\"\u01af\u1edbc t\u00ednh th\u1eddi gian \u0111\u1ecdc\" \/>\n\t<meta name=\"twitter:data1\" content=\"3 ph\u00fat\" \/>\n<script type=\"application\/ld+json\" class=\"yoast-schema-graph\">{\"@context\":\"https:\\\/\\\/schema.org\",\"@graph\":[{\"@type\":\"WebPage\",\"@id\":\"https:\\\/\\\/melindaozel.com\\\/fr\\\/terms-of-use\\\/\",\"url\":\"https:\\\/\\\/melindaozel.com\\\/fr\\\/terms-of-use\\\/\",\"name\":\"Terms of Use - Face the FACS | Facial Expressions in Animation, AI, &amp; Behavior\",\"isPartOf\":{\"@id\":\"https:\\\/\\\/melindaozel.com\\\/zh\\\/#website\"},\"datePublished\":\"2021-06-21T22:54:32+00:00\",\"breadcrumb\":{\"@id\":\"https:\\\/\\\/melindaozel.com\\\/fr\\\/terms-of-use\\\/#breadcrumb\"},\"inLanguage\":\"vi\",\"potentialAction\":[{\"@type\":\"ReadAction\",\"target\":[\"https:\\\/\\\/melindaozel.com\\\/fr\\\/terms-of-use\\\/\"]}]},{\"@type\":\"BreadcrumbList\",\"@id\":\"https:\\\/\\\/melindaozel.com\\\/fr\\\/terms-of-use\\\/#breadcrumb\",\"itemListElement\":[{\"@type\":\"ListItem\",\"position\":1,\"name\":\"Home\",\"item\":\"https:\\\/\\\/melindaozel.com\\\/\"},{\"@type\":\"ListItem\",\"position\":2,\"name\":\"Terms of Use\"}]},{\"@type\":\"WebSite\",\"@id\":\"https:\\\/\\\/melindaozel.com\\\/zh\\\/#website\",\"url\":\"https:\\\/\\\/melindaozel.com\\\/zh\\\/\",\"name\":\"Face the FACS\",\"description\":\"Facial Expressions in Art, Science, &amp; Technology\",\"publisher\":{\"@id\":\"https:\\\/\\\/melindaozel.com\\\/zh\\\/#\\\/schema\\\/person\\\/81c6262e1bfca3c71960db5aee204e3f\"},\"potentialAction\":[{\"@type\":\"SearchAction\",\"target\":{\"@type\":\"EntryPoint\",\"urlTemplate\":\"https:\\\/\\\/melindaozel.com\\\/zh\\\/?s={search_term_string}\"},\"query-input\":{\"@type\":\"PropertyValueSpecification\",\"valueRequired\":true,\"valueName\":\"search_term_string\"}}],\"inLanguage\":\"vi\"},{\"@type\":[\"Person\",\"Organization\"],\"@id\":\"https:\\\/\\\/melindaozel.com\\\/zh\\\/#\\\/schema\\\/person\\\/81c6262e1bfca3c71960db5aee204e3f\",\"name\":\"Melinda Ozel\",\"image\":{\"@type\":\"ImageObject\",\"inLanguage\":\"vi\",\"@id\":\"https:\\\/\\\/i0.wp.com\\\/melindaozel.com\\\/wp-content\\\/uploads\\\/2025\\\/02\\\/face-the-FACS-eye-mouth-logo-pixel.webp?fit=225%2C225&ssl=1\",\"url\":\"https:\\\/\\\/i0.wp.com\\\/melindaozel.com\\\/wp-content\\\/uploads\\\/2025\\\/02\\\/face-the-FACS-eye-mouth-logo-pixel.webp?fit=225%2C225&ssl=1\",\"contentUrl\":\"https:\\\/\\\/i0.wp.com\\\/melindaozel.com\\\/wp-content\\\/uploads\\\/2025\\\/02\\\/face-the-FACS-eye-mouth-logo-pixel.webp?fit=225%2C225&ssl=1\",\"width\":225,\"height\":225,\"caption\":\"Melinda Ozel\"},\"logo\":{\"@id\":\"https:\\\/\\\/i0.wp.com\\\/melindaozel.com\\\/wp-content\\\/uploads\\\/2025\\\/02\\\/face-the-FACS-eye-mouth-logo-pixel.webp?fit=225%2C225&ssl=1\"},\"sameAs\":[\"https:\\\/\\\/melindaozel.com\",\"https:\\\/\\\/facebook.com\\\/facetheFACS\\\/\",\"https:\\\/\\\/instagram.com\\\/manicexpression\",\"https:\\\/\\\/linkedin.com\\\/in\\\/melindaozel\",\"https:\\\/\\\/pinterest.com\\\/melindaozel\\\/\",\"https:\\\/\\\/x.com\\\/melindaozel\",\"https:\\\/\\\/youtube.com\\\/@facetheFACS\"],\"knowsAbout\":[\"Facial Action Coding System (FACS)\",\"Facial Expression Tracking\",\"Facial Anatomy\",\"Facial Animation\",\"Digital Humans\",\"Audio-to-Expression\",\"Audio-to-Face\",\"Visemes\",\"Lipsync\"],\"jobTitle\":\"Facial Systems Expert, Expression Scientist\",\"numberOfEmployees\":{\"@type\":\"QuantitativeValue\",\"minValue\":\"1\",\"maxValue\":\"10\"}}]}<\/script>\n<!-- \/ Yoast SEO Premium plugin. -->","yoast_head_json":{"title":"\u0110i\u1ec1u kho\u1ea3n s\u1eed d\u1ee5ng - Face the FACS | Bi\u1ec3u c\u1ea3m khu\u00f4n m\u1eb7t trong ho\u1ea1t h\u00ecnh, tr\u00ed tu\u1ec7 nh\u00e2n t\u1ea1o v\u00e0 h\u00e0nh vi","robots":{"index":"index","follow":"follow","max-snippet":"max-snippet:-1","max-image-preview":"max-image-preview:large","max-video-preview":"max-video-preview:-1"},"canonical":"https:\/\/melindaozel.com\/vi\/terms-of-use\/","og_locale":"vi_VN","og_type":"article","og_title":"Terms of Use","og_description":"Terms and Conditions Welcome to Face the FACS! Face the FACS is an online learning platform on the website http:\/\/www.melindaozel.com (website) operated by Melinda Ozel. Face the FACS helps its users (user, you) learn expression-related topics. The following Terms and Conditions (T&amp;Cs) govern the relationship between you and us and will answer the most relevant ... \u0110\u1ecdc ti\u1ebfp","og_url":"https:\/\/melindaozel.com\/vi\/terms-of-use\/","og_site_name":"Face the FACS | Facial Expressions in Animation, AI, &amp; Behavior","article_publisher":"https:\/\/facebook.com\/facetheFACS\/","og_image":[{"width":1024,"height":1024,"url":"https:\/\/melindaozel.com\/wp-content\/uploads\/2020\/06\/face2-1024x1024.png","type":"image\/png"}],"twitter_card":"summary_large_image","twitter_site":"@melindaozel","twitter_misc":{"\u01af\u1edbc t\u00ednh th\u1eddi gian \u0111\u1ecdc":"3 ph\u00fat"},"schema":{"@context":"https:\/\/schema.org","@graph":[{"@type":"WebPage","@id":"https:\/\/melindaozel.com\/fr\/terms-of-use\/","url":"https:\/\/melindaozel.com\/fr\/terms-of-use\/","name":"\u0110i\u1ec1u kho\u1ea3n s\u1eed d\u1ee5ng - Face the FACS | Bi\u1ec3u c\u1ea3m khu\u00f4n m\u1eb7t trong ho\u1ea1t h\u00ecnh, tr\u00ed tu\u1ec7 nh\u00e2n t\u1ea1o v\u00e0 h\u00e0nh vi","isPartOf":{"@id":"https:\/\/melindaozel.com\/zh\/#website"},"datePublished":"2021-06-21T22:54:32+00:00","breadcrumb":{"@id":"https:\/\/melindaozel.com\/fr\/terms-of-use\/#breadcrumb"},"inLanguage":"vi","potentialAction":[{"@type":"ReadAction","target":["https:\/\/melindaozel.com\/fr\/terms-of-use\/"]}]},{"@type":"BreadcrumbList","@id":"https:\/\/melindaozel.com\/fr\/terms-of-use\/#breadcrumb","itemListElement":[{"@type":"ListItem","position":1,"name":"Home","item":"https:\/\/melindaozel.com\/"},{"@type":"ListItem","position":2,"name":"Terms of Use"}]},{"@type":"WebSite","@id":"https:\/\/melindaozel.com\/zh\/#website","url":"https:\/\/melindaozel.com\/zh\/","name":"\u0110\u1ed1i m\u1eb7t v\u1edbi FACS","description":"Bi\u1ec3u c\u1ea3m khu\u00f4n m\u1eb7t trong Ngh\u1ec7 thu\u1eadt, Khoa h\u1ecdc v\u00e0 C\u00f4ng ngh\u1ec7","publisher":{"@id":"https:\/\/melindaozel.com\/zh\/#\/schema\/person\/81c6262e1bfca3c71960db5aee204e3f"},"potentialAction":[{"@type":"SearchAction","target":{"@type":"EntryPoint","urlTemplate":"https:\/\/melindaozel.com\/zh\/?s={search_term_string}"},"query-input":{"@type":"PropertyValueSpecification","valueRequired":true,"valueName":"search_term_string"}}],"inLanguage":"vi"},{"@type":["Person","Organization"],"@id":"https:\/\/melindaozel.com\/zh\/#\/schema\/person\/81c6262e1bfca3c71960db5aee204e3f","name":"Melinda Ozel","image":{"@type":"ImageObject","inLanguage":"vi","@id":"https:\/\/i0.wp.com\/melindaozel.com\/wp-content\/uploads\/2025\/02\/face-the-FACS-eye-mouth-logo-pixel.webp?fit=225%2C225&ssl=1","url":"https:\/\/i0.wp.com\/melindaozel.com\/wp-content\/uploads\/2025\/02\/face-the-FACS-eye-mouth-logo-pixel.webp?fit=225%2C225&ssl=1","contentUrl":"https:\/\/i0.wp.com\/melindaozel.com\/wp-content\/uploads\/2025\/02\/face-the-FACS-eye-mouth-logo-pixel.webp?fit=225%2C225&ssl=1","width":225,"height":225,"caption":"Melinda Ozel"},"logo":{"@id":"https:\/\/i0.wp.com\/melindaozel.com\/wp-content\/uploads\/2025\/02\/face-the-FACS-eye-mouth-logo-pixel.webp?fit=225%2C225&ssl=1"},"sameAs":["https:\/\/melindaozel.com","https:\/\/facebook.com\/facetheFACS\/","https:\/\/instagram.com\/manicexpression","https:\/\/linkedin.com\/in\/melindaozel","https:\/\/pinterest.com\/melindaozel\/","https:\/\/x.com\/melindaozel","https:\/\/youtube.com\/@facetheFACS"],"knowsAbout":["Facial Action Coding System (FACS)","Facial Expression Tracking","Facial Anatomy","Facial Animation","Digital Humans","Audio-to-Expression","Audio-to-Face","Visemes","Lipsync"],"jobTitle":"Facial Systems Expert, Expression Scientist","numberOfEmployees":{"@type":"QuantitativeValue","minValue":"1","maxValue":"10"}}]}},"jetpack_sharing_enabled":true,"_links":{"self":[{"href":"https:\/\/melindaozel.com\/vi\/wp-json\/wp\/v2\/pages\/4764","targetHints":{"allow":["GET"]}}],"collection":[{"href":"https:\/\/melindaozel.com\/vi\/wp-json\/wp\/v2\/pages"}],"about":[{"href":"https:\/\/melindaozel.com\/vi\/wp-json\/wp\/v2\/types\/page"}],"author":[{"embeddable":true,"href":"https:\/\/melindaozel.com\/vi\/wp-json\/wp\/v2\/users\/60486633"}],"replies":[{"embeddable":true,"href":"https:\/\/melindaozel.com\/vi\/wp-json\/wp\/v2\/comments?post=4764"}],"version-history":[{"count":4,"href":"https:\/\/melindaozel.com\/vi\/wp-json\/wp\/v2\/pages\/4764\/revisions"}],"predecessor-version":[{"id":4768,"href":"https:\/\/melindaozel.com\/vi\/wp-json\/wp\/v2\/pages\/4764\/revisions\/4768"}],"wp:attachment":[{"href":"https:\/\/melindaozel.com\/vi\/wp-json\/wp\/v2\/media?parent=4764"}],"curies":[{"name":"wp","href":"https:\/\/api.w.org\/{rel}","templated":true}]}}