{"id":2560,"date":"2020-05-13T08:37:01","date_gmt":"2020-05-13T15:37:01","guid":{"rendered":"https:\/\/melindaozel.com\/login\/"},"modified":"2025-05-08T09:00:02","modified_gmt":"2025-05-08T13:00:02","slug":"login","status":"publish","type":"page","link":"https:\/\/melindaozel.com\/vi\/login\/","title":{"rendered":"\u0110\u0103ng nh\u1eadp"},"content":{"rendered":"<div data-elementor-type=\"wp-page\" data-elementor-id=\"2560\" class=\"elementor elementor-2560\" data-elementor-post-type=\"page\">\n\t\t\t\t\t\t<section class=\"elementor-section elementor-top-section elementor-element elementor-element-9055fad elementor-section-boxed elementor-section-height-default elementor-section-height-default\" data-id=\"9055fad\" data-element_type=\"section\" data-e-type=\"section\">\n\t\t\t\t\t\t<div class=\"elementor-container elementor-column-gap-default\">\n\t\t\t\t\t<div class=\"elementor-column elementor-col-100 elementor-top-column elementor-element elementor-element-4d02eef2\" data-id=\"4d02eef2\" data-element_type=\"column\" data-e-type=\"column\">\n\t\t\t<div class=\"elementor-widget-wrap elementor-element-populated\">\n\t\t\t\t\t\t<div class=\"elementor-element elementor-element-5c116734 elementor-widget elementor-widget-text-editor\" data-id=\"5c116734\" data-element_type=\"widget\" data-e-type=\"widget\" data-widget_type=\"text-editor.default\">\n\t\t\t\t\t\t\t\t\t<p>\u0110\u1ec3 truy c\u1eadp n\u1ed9i dung cao c\u1ea5p, <strong>Vui l\u00f2ng \u0111\u0103ng nh\u1eadp.<\/strong> \u2013 <a href=\"https:\/\/melindaozel.com\/subscription-options\/\" target=\"_blank\" rel=\"noopener\">ho\u1eb7c \u0111\u0103ng k\u00fd \u0111\u1ec3 tr\u1edf th\u00e0nh th\u00e0nh vi\u00ean<\/a> \u2013 Ho\u1eb7c xem th\u00eam t\u1ea1i <strong>mi\u1ec5n ph\u00ed<\/strong> \u0111\u1ed3 \u0111\u1ea1c <a href=\"https:\/\/melindaozel.com\/free-resources\/\" target=\"_blank\" rel=\"noopener\">\u0111\u00e2y<\/a>!<\/p><p>N\u1ebfu b\u1ea1n l\u00e0 th\u00e0nh vi\u00ean hi\u1ec7n t\u1ea1i \u0111ang g\u1eb7p v\u1ea5n \u0111\u1ec1 khi \u0111\u0103ng nh\u1eadp,\u00a0<a href=\"https:\/\/melindaozel.com\/login-issues\/\" target=\"_blank\" rel=\"noopener\">\u0110i \u0111\u1ebfn \u0111\u00e2y<\/a>.<\/p>\t\t\t\t\t\t\t\t<\/div>\n\t\t\t\t\t<\/div>\n\t\t<\/div>\n\t\t\t\t\t<\/div>\n\t\t<\/section>\n\t\t\t\t<section class=\"elementor-section elementor-top-section elementor-element elementor-element-a61a379 elementor-section-boxed elementor-section-height-default elementor-section-height-default\" data-id=\"a61a379\" data-element_type=\"section\" data-e-type=\"section\">\n\t\t\t\t\t\t<div class=\"elementor-container elementor-column-gap-default\">\n\t\t\t\t\t<div class=\"elementor-column elementor-col-100 elementor-top-column elementor-element elementor-element-e44efc0\" data-id=\"e44efc0\" data-element_type=\"column\" data-e-type=\"column\">\n\t\t\t<div class=\"elementor-widget-wrap elementor-element-populated\">\n\t\t\t\t\t\t<div class=\"elementor-element elementor-element-d7ef2b8 elementor-widget elementor-widget-text-editor\" data-id=\"d7ef2b8\" data-element_type=\"widget\" data-e-type=\"widget\" data-widget_type=\"text-editor.default\">\n\t\t\t\t\t\t\t\t\t<p>\n<div class=\"mp_wrapper mp_login_form\">\n                  <!-- mp-login-form-start -->     <form name=\"mepr_loginform\" id=\"mepr_loginform\" class=\"mepr-form\" action=\"https:\/\/melindaozel.com\/vi\/login\/\" method=\"post\">\n            <div class=\"mp-form-row mepr_username\">\n        <div class=\"mp-form-label\">\n                              <label for=\"user_login\">T\u00ean \u0111\u0103ng nh\u1eadp<\/label>\n        <\/div>\n        <input type=\"text\" name=\"log\" id=\"user_login\" value=\"\" \/>\n      <\/div>\n      <div class=\"mp-form-row mepr_password\">\n        <div class=\"mp-form-label\">\n          <label for=\"user_pass\">M\u1eadt kh\u1ea9u<\/label>\n          <div class=\"mp-hide-pw\">\n            <input type=\"password\" name=\"pwd\" id=\"user_pass\" value=\"\" \/>\n            <button type=\"button\" class=\"button mp-hide-pw hide-if-no-js\" data-toggle=\"0\" aria-label=\"Hi\u1ec3n th\u1ecb m\u1eadt kh\u1ea9u\">\n              <span class=\"dashicons dashicons-visibility\" aria-hidden=\"true\"><\/span>\n            <\/button>\n          <\/div>\n        <\/div>\n      <\/div>\n            <div>\n        <label><input name=\"rememberme\" type=\"checkbox\" id=\"rememberme\" value=\"forever\" \/> H\u00e3y nh\u1edb \u0111\u1ebfn t\u00f4i<\/label>\n      <\/div>\n      <div class=\"mp-spacer\">&nbsp;<\/div>\n      <div class=\"submit\">\n        <input type=\"submit\" name=\"wp-submit\" id=\"wp-submit\" class=\"button-primary mepr-share-button\" value=\"\u0110\u0103ng nh\u1eadp\" \/>\n        <input type=\"hidden\" name=\"redirect_to\" value=\"\/vi\/wp-json\/wp\/v2\/pages\/2560\" \/>\n        <input type=\"hidden\" name=\"mepr_process_login_form\" value=\"true\" \/>\n        <input type=\"hidden\" name=\"mepr_is_login_page\" value=\"false\" \/>\n      <\/div>\n    <\/form>\n    <div class=\"mp-spacer\">&nbsp;<\/div>\n    <div class=\"mepr-login-actions\">\n        <a\n          href=\"https:\/\/melindaozel.com\/vi\/login\/?action=forgot_password\"\n          title=\"Nh\u1ea5p v\u00e0o \u0111\u00e2y \u0111\u1ec3 \u0111\u1eb7t l\u1ea1i m\u1eadt kh\u1ea9u c\u1ee7a b\u1ea1n.\"\n        >\n          Qu\u00ean m\u1eadt kh\u1ea9u        <\/a>\n    <\/div>\n\n      \n    <!-- mp-login-form-end --> \n  <\/div>\n<\/p>\t\t\t\t\t\t\t\t<\/div>\n\t\t\t\t\t<\/div>\n\t\t<\/div>\n\t\t\t\t\t<\/div>\n\t\t<\/section>\n\t\t\t\t<\/div>","protected":false},"excerpt":{"rendered":"<p>\u0110\u1ec3 truy c\u1eadp n\u1ed9i dung cao c\u1ea5p, vui l\u00f2ng \u0111\u0103ng nh\u1eadp \u2013 ho\u1eb7c \u0111\u0103ng k\u00fd \u0111\u1ec3 tr\u1edf th\u00e0nh th\u00e0nh vi\u00ean \u2013 HO\u1eb6C xem n\u1ed9i dung mi\u1ec5n ph\u00ed t\u1ea1i \u0111\u00e2y! N\u1ebfu b\u1ea1n l\u00e0 th\u00e0nh vi\u00ean hi\u1ec7n t\u1ea1i g\u1eb7p v\u1ea5n \u0111\u1ec1 \u0111\u0103ng nh\u1eadp, vui l\u00f2ng truy c\u1eadp t\u1ea1i \u0111\u00e2y.<\/p>","protected":false},"author":60486633,"featured_media":0,"parent":0,"menu_order":0,"comment_status":"closed","ping_status":"closed","template":"","meta":{"footnotes":""},"class_list":["post-2560","page","type-page","status-publish"],"yoast_head":"<!-- This site is optimized with the Yoast SEO Premium plugin v27.3 (Yoast SEO v27.3) - https:\/\/yoast.com\/product\/yoast-seo-premium-wordpress\/ -->\n<title>Login - Face the FACS | Facial Expressions in Animation, AI, &amp; Behavior<\/title>\n<meta name=\"robots\" content=\"index, follow, max-snippet:-1, max-image-preview:large, max-video-preview:-1\" \/>\n<link rel=\"canonical\" href=\"https:\/\/melindaozel.com\/vi\/login\/\" \/>\n<meta property=\"og:locale\" content=\"vi_VN\" \/>\n<meta property=\"og:type\" content=\"article\" \/>\n<meta property=\"og:title\" content=\"Login\" \/>\n<meta property=\"og:description\" content=\"To access the premium content, please sign in &#8211; or sign up to become a member &#8211; OR check out the free stuff here! If you are a current member experiencing login issues,\u00a0go here.\" \/>\n<meta property=\"og:url\" content=\"https:\/\/melindaozel.com\/vi\/login\/\" \/>\n<meta property=\"og:site_name\" content=\"Face the FACS | Facial Expressions in Animation, AI, &amp; Behavior\" \/>\n<meta property=\"article:publisher\" content=\"https:\/\/facebook.com\/facetheFACS\/\" \/>\n<meta property=\"article:modified_time\" content=\"2025-05-08T13:00:02+00:00\" \/>\n<meta property=\"og:image\" content=\"https:\/\/melindaozel.com\/wp-content\/uploads\/2020\/06\/face2-1024x1024.png\" \/>\n\t<meta property=\"og:image:width\" content=\"1024\" \/>\n\t<meta property=\"og:image:height\" content=\"1024\" \/>\n\t<meta property=\"og:image:type\" content=\"image\/png\" \/>\n<meta name=\"twitter:card\" content=\"summary_large_image\" \/>\n<meta name=\"twitter:site\" content=\"@melindaozel\" \/>\n<meta name=\"twitter:label1\" content=\"\u01af\u1edbc t\u00ednh th\u1eddi gian \u0111\u1ecdc\" \/>\n\t<meta name=\"twitter:data1\" content=\"1 ph\u00fat\" \/>\n<script type=\"application\/ld+json\" class=\"yoast-schema-graph\">{\"@context\":\"https:\\\/\\\/schema.org\",\"@graph\":[{\"@type\":\"WebPage\",\"@id\":\"https:\\\/\\\/melindaozel.com\\\/login\\\/\",\"url\":\"https:\\\/\\\/melindaozel.com\\\/login\\\/\",\"name\":\"Login - Face the FACS | Facial Expressions in Animation, AI, &amp; Behavior\",\"isPartOf\":{\"@id\":\"https:\\\/\\\/melindaozel.com\\\/zh\\\/#website\"},\"datePublished\":\"2020-05-13T15:37:01+00:00\",\"dateModified\":\"2025-05-08T13:00:02+00:00\",\"breadcrumb\":{\"@id\":\"https:\\\/\\\/melindaozel.com\\\/login\\\/#breadcrumb\"},\"inLanguage\":\"vi\",\"potentialAction\":[{\"@type\":\"ReadAction\",\"target\":[\"https:\\\/\\\/melindaozel.com\\\/login\\\/\"]}]},{\"@type\":\"BreadcrumbList\",\"@id\":\"https:\\\/\\\/melindaozel.com\\\/login\\\/#breadcrumb\",\"itemListElement\":[{\"@type\":\"ListItem\",\"position\":1,\"name\":\"Home\",\"item\":\"https:\\\/\\\/melindaozel.com\\\/\"},{\"@type\":\"ListItem\",\"position\":2,\"name\":\"Login\"}]},{\"@type\":\"WebSite\",\"@id\":\"https:\\\/\\\/melindaozel.com\\\/zh\\\/#website\",\"url\":\"https:\\\/\\\/melindaozel.com\\\/zh\\\/\",\"name\":\"Face the FACS\",\"description\":\"Facial Expressions in Art, Science, &amp; Technology\",\"publisher\":{\"@id\":\"https:\\\/\\\/melindaozel.com\\\/zh\\\/#\\\/schema\\\/person\\\/81c6262e1bfca3c71960db5aee204e3f\"},\"potentialAction\":[{\"@type\":\"SearchAction\",\"target\":{\"@type\":\"EntryPoint\",\"urlTemplate\":\"https:\\\/\\\/melindaozel.com\\\/zh\\\/?s={search_term_string}\"},\"query-input\":{\"@type\":\"PropertyValueSpecification\",\"valueRequired\":true,\"valueName\":\"search_term_string\"}}],\"inLanguage\":\"vi\"},{\"@type\":[\"Person\",\"Organization\"],\"@id\":\"https:\\\/\\\/melindaozel.com\\\/zh\\\/#\\\/schema\\\/person\\\/81c6262e1bfca3c71960db5aee204e3f\",\"name\":\"Melinda Ozel\",\"image\":{\"@type\":\"ImageObject\",\"inLanguage\":\"vi\",\"@id\":\"https:\\\/\\\/i0.wp.com\\\/melindaozel.com\\\/wp-content\\\/uploads\\\/2025\\\/02\\\/face-the-FACS-eye-mouth-logo-pixel.webp?fit=225%2C225&ssl=1\",\"url\":\"https:\\\/\\\/i0.wp.com\\\/melindaozel.com\\\/wp-content\\\/uploads\\\/2025\\\/02\\\/face-the-FACS-eye-mouth-logo-pixel.webp?fit=225%2C225&ssl=1\",\"contentUrl\":\"https:\\\/\\\/i0.wp.com\\\/melindaozel.com\\\/wp-content\\\/uploads\\\/2025\\\/02\\\/face-the-FACS-eye-mouth-logo-pixel.webp?fit=225%2C225&ssl=1\",\"width\":225,\"height\":225,\"caption\":\"Melinda Ozel\"},\"logo\":{\"@id\":\"https:\\\/\\\/i0.wp.com\\\/melindaozel.com\\\/wp-content\\\/uploads\\\/2025\\\/02\\\/face-the-FACS-eye-mouth-logo-pixel.webp?fit=225%2C225&ssl=1\"},\"sameAs\":[\"https:\\\/\\\/melindaozel.com\",\"https:\\\/\\\/facebook.com\\\/facetheFACS\\\/\",\"https:\\\/\\\/instagram.com\\\/manicexpression\",\"https:\\\/\\\/linkedin.com\\\/in\\\/melindaozel\",\"https:\\\/\\\/pinterest.com\\\/melindaozel\\\/\",\"https:\\\/\\\/x.com\\\/melindaozel\",\"https:\\\/\\\/youtube.com\\\/@facetheFACS\"],\"knowsAbout\":[\"Facial Action Coding System (FACS)\",\"Facial Expression Tracking\",\"Facial Anatomy\",\"Facial Animation\",\"Digital Humans\",\"Audio-to-Expression\",\"Audio-to-Face\",\"Visemes\",\"Lipsync\"],\"jobTitle\":\"Facial Systems Expert, Expression Scientist\",\"numberOfEmployees\":{\"@type\":\"QuantitativeValue\",\"minValue\":\"1\",\"maxValue\":\"10\"}}]}<\/script>\n<!-- \/ Yoast SEO Premium plugin. -->","yoast_head_json":{"title":"\u0110\u0103ng nh\u1eadp - \u0110\u1ed1i m\u1eb7t v\u1edbi FACS | Bi\u1ec3u c\u1ea3m khu\u00f4n m\u1eb7t trong ho\u1ea1t h\u00ecnh, Tr\u00ed tu\u1ec7 nh\u00e2n t\u1ea1o v\u00e0 H\u00e0nh vi","robots":{"index":"index","follow":"follow","max-snippet":"max-snippet:-1","max-image-preview":"max-image-preview:large","max-video-preview":"max-video-preview:-1"},"canonical":"https:\/\/melindaozel.com\/vi\/login\/","og_locale":"vi_VN","og_type":"article","og_title":"Login","og_description":"To access the premium content, please sign in &#8211; or sign up to become a member &#8211; OR check out the free stuff here! If you are a current member experiencing login issues,\u00a0go here.","og_url":"https:\/\/melindaozel.com\/vi\/login\/","og_site_name":"Face the FACS | Facial Expressions in Animation, AI, &amp; Behavior","article_publisher":"https:\/\/facebook.com\/facetheFACS\/","article_modified_time":"2025-05-08T13:00:02+00:00","og_image":[{"width":1024,"height":1024,"url":"https:\/\/melindaozel.com\/wp-content\/uploads\/2020\/06\/face2-1024x1024.png","type":"image\/png"}],"twitter_card":"summary_large_image","twitter_site":"@melindaozel","twitter_misc":{"\u01af\u1edbc t\u00ednh th\u1eddi gian \u0111\u1ecdc":"1 ph\u00fat"},"schema":{"@context":"https:\/\/schema.org","@graph":[{"@type":"WebPage","@id":"https:\/\/melindaozel.com\/login\/","url":"https:\/\/melindaozel.com\/login\/","name":"\u0110\u0103ng nh\u1eadp - \u0110\u1ed1i m\u1eb7t v\u1edbi FACS | Bi\u1ec3u c\u1ea3m khu\u00f4n m\u1eb7t trong ho\u1ea1t h\u00ecnh, Tr\u00ed tu\u1ec7 nh\u00e2n t\u1ea1o v\u00e0 H\u00e0nh vi","isPartOf":{"@id":"https:\/\/melindaozel.com\/zh\/#website"},"datePublished":"2020-05-13T15:37:01+00:00","dateModified":"2025-05-08T13:00:02+00:00","breadcrumb":{"@id":"https:\/\/melindaozel.com\/login\/#breadcrumb"},"inLanguage":"vi","potentialAction":[{"@type":"ReadAction","target":["https:\/\/melindaozel.com\/login\/"]}]},{"@type":"BreadcrumbList","@id":"https:\/\/melindaozel.com\/login\/#breadcrumb","itemListElement":[{"@type":"ListItem","position":1,"name":"Home","item":"https:\/\/melindaozel.com\/"},{"@type":"ListItem","position":2,"name":"Login"}]},{"@type":"WebSite","@id":"https:\/\/melindaozel.com\/zh\/#website","url":"https:\/\/melindaozel.com\/zh\/","name":"\u0110\u1ed1i m\u1eb7t v\u1edbi FACS","description":"Bi\u1ec3u c\u1ea3m khu\u00f4n m\u1eb7t trong Ngh\u1ec7 thu\u1eadt, Khoa h\u1ecdc v\u00e0 C\u00f4ng ngh\u1ec7","publisher":{"@id":"https:\/\/melindaozel.com\/zh\/#\/schema\/person\/81c6262e1bfca3c71960db5aee204e3f"},"potentialAction":[{"@type":"SearchAction","target":{"@type":"EntryPoint","urlTemplate":"https:\/\/melindaozel.com\/zh\/?s={search_term_string}"},"query-input":{"@type":"PropertyValueSpecification","valueRequired":true,"valueName":"search_term_string"}}],"inLanguage":"vi"},{"@type":["Person","Organization"],"@id":"https:\/\/melindaozel.com\/zh\/#\/schema\/person\/81c6262e1bfca3c71960db5aee204e3f","name":"Melinda Ozel","image":{"@type":"ImageObject","inLanguage":"vi","@id":"https:\/\/i0.wp.com\/melindaozel.com\/wp-content\/uploads\/2025\/02\/face-the-FACS-eye-mouth-logo-pixel.webp?fit=225%2C225&ssl=1","url":"https:\/\/i0.wp.com\/melindaozel.com\/wp-content\/uploads\/2025\/02\/face-the-FACS-eye-mouth-logo-pixel.webp?fit=225%2C225&ssl=1","contentUrl":"https:\/\/i0.wp.com\/melindaozel.com\/wp-content\/uploads\/2025\/02\/face-the-FACS-eye-mouth-logo-pixel.webp?fit=225%2C225&ssl=1","width":225,"height":225,"caption":"Melinda Ozel"},"logo":{"@id":"https:\/\/i0.wp.com\/melindaozel.com\/wp-content\/uploads\/2025\/02\/face-the-FACS-eye-mouth-logo-pixel.webp?fit=225%2C225&ssl=1"},"sameAs":["https:\/\/melindaozel.com","https:\/\/facebook.com\/facetheFACS\/","https:\/\/instagram.com\/manicexpression","https:\/\/linkedin.com\/in\/melindaozel","https:\/\/pinterest.com\/melindaozel\/","https:\/\/x.com\/melindaozel","https:\/\/youtube.com\/@facetheFACS"],"knowsAbout":["Facial Action Coding System (FACS)","Facial Expression Tracking","Facial Anatomy","Facial Animation","Digital Humans","Audio-to-Expression","Audio-to-Face","Visemes","Lipsync"],"jobTitle":"Facial Systems Expert, Expression Scientist","numberOfEmployees":{"@type":"QuantitativeValue","minValue":"1","maxValue":"10"}}]}},"jetpack_sharing_enabled":false,"_links":{"self":[{"href":"https:\/\/melindaozel.com\/vi\/wp-json\/wp\/v2\/pages\/2560","targetHints":{"allow":["GET"]}}],"collection":[{"href":"https:\/\/melindaozel.com\/vi\/wp-json\/wp\/v2\/pages"}],"about":[{"href":"https:\/\/melindaozel.com\/vi\/wp-json\/wp\/v2\/types\/page"}],"author":[{"embeddable":true,"href":"https:\/\/melindaozel.com\/vi\/wp-json\/wp\/v2\/users\/60486633"}],"replies":[{"embeddable":true,"href":"https:\/\/melindaozel.com\/vi\/wp-json\/wp\/v2\/comments?post=2560"}],"version-history":[{"count":58,"href":"https:\/\/melindaozel.com\/vi\/wp-json\/wp\/v2\/pages\/2560\/revisions"}],"predecessor-version":[{"id":12287,"href":"https:\/\/melindaozel.com\/vi\/wp-json\/wp\/v2\/pages\/2560\/revisions\/12287"}],"wp:attachment":[{"href":"https:\/\/melindaozel.com\/vi\/wp-json\/wp\/v2\/media?parent=2560"}],"curies":[{"name":"wp","href":"https:\/\/api.w.org\/{rel}","templated":true}]}}