{"id":5586,"date":"2021-08-30T10:46:07","date_gmt":"2021-08-30T14:46:07","guid":{"rendered":"https:\/\/melindaozel.com\/?page_id=5586"},"modified":"2025-02-22T20:24:11","modified_gmt":"2025-02-23T01:24:11","slug":"login-issues","status":"publish","type":"page","link":"https:\/\/melindaozel.com\/tr\/login-issues\/","title":{"rendered":"Giri\u015f Sorunlar\u0131?"},"content":{"rendered":"<div data-elementor-type=\"wp-page\" data-elementor-id=\"5586\" class=\"elementor elementor-5586\" data-elementor-post-type=\"page\">\n\t\t\t\t\t\t<section class=\"elementor-section elementor-top-section elementor-element elementor-element-5a30057e elementor-section-boxed elementor-section-height-default elementor-section-height-default\" data-id=\"5a30057e\" data-element_type=\"section\" data-e-type=\"section\">\n\t\t\t\t\t\t<div class=\"elementor-container elementor-column-gap-default\">\n\t\t\t\t\t<div class=\"elementor-column elementor-col-100 elementor-top-column elementor-element elementor-element-40519827\" data-id=\"40519827\" data-element_type=\"column\" data-e-type=\"column\">\n\t\t\t<div class=\"elementor-widget-wrap elementor-element-populated\">\n\t\t\t\t\t\t<div class=\"elementor-element elementor-element-13c3d556 elementor-widget elementor-widget-text-editor\" data-id=\"13c3d556\" data-element_type=\"widget\" data-e-type=\"widget\" data-widget_type=\"text-editor.default\">\n\t\t\t\t\t\t\t\t\t<h2 style=\"text-align: center;\">Sonsuz giri\u015f d\u00f6ng\u00fcs\u00fcn\u00fc ya\u015f\u0131yorsan\u0131z, korkmay\u0131n!<\/h2><h3><span style=\"text-decoration: underline;\">\u0130\u015fte mutlu bir giri\u015f yapmak i\u00e7in atman\u0131z gereken ad\u0131mlar:<\/span><\/h3><ol><li><strong>Face the FACS'e kaydolmak i\u00e7in kulland\u0131\u011f\u0131n\u0131z AYNI e-posta ile bir WordPress hesab\u0131 olu\u015fturun.<\/strong><br \/><em>FACS ile Y\u00fczle\u015fin<\/em> WordPress taraf\u0131ndan desteklenmektedir ve bazen WordPress, WordPress hesab\u0131 olmayan kullan\u0131c\u0131lar\u0131 hat\u0131rlamakta zorlan\u0131r. Bir WordPress hesab\u0131 olu\u015fturmak, WordPress'in bilgilerinizi hat\u0131rlamas\u0131na yard\u0131mc\u0131 olur. <br \/><br \/><\/li><li><strong>\u0130ki fakt\u00f6rl\u00fc kimlik do\u011frulamay\u0131 etkinle\u015ftirin.<br \/><\/strong>Bunun neden i\u015fe yarad\u0131\u011f\u0131n\u0131 bilmiyorum ama ba\u015fkalar\u0131 i\u00e7in i\u015fe yarayan sihir bu.<br \/><br \/><\/li><li><strong>Yeni WordPress hesab\u0131n\u0131zda oturum a\u00e7\u0131n. <br \/><br \/><\/strong><\/li><li><strong>Oturum a\u00e7\u0131n <em>FACS ile Y\u00fczle\u015fin<\/em> kullan\u0131c\u0131 hesab\u0131.<br \/><br \/><\/strong><\/li><li><strong>\"\u0130nsanl\u0131\u011f\u0131n\u0131z\u0131 kan\u0131tlay\u0131n\" a\u00e7\u0131l\u0131r penceresini g\u00f6rmeye devam ederseniz \/ WordPress'te oturum a\u00e7mak i\u00e7in y\u00f6nlendirilirseniz: <br \/><\/strong>a. <strong>Denklemi \u00e7\u00f6z\u00fcn. <br \/><\/strong>b. <strong>WordPress oturum a\u00e7ma istemini g\u00f6rmezden gelin.<br \/><\/strong>c. <strong>Eri\u015fmeye \u00e7al\u0131\u015ft\u0131\u011f\u0131n\u0131z premium i\u00e7eri\u011fe geri d\u00f6n\u00fcn.\u00a0\u00a0<br \/><br \/><\/strong><\/li><li><strong>\u0130\u015fler yine de yolunda gitmezse e-posta g\u00f6nderin <span style=\"text-decoration: underline;\">facetheFACS@melindaozel.com<\/span> Yard\u0131m i\u00e7in!<span style=\"color: #f26241;\"> Giri\u015f sorunlar\u0131n\u0131z\u0131 \u00e7\u00f6zmek i\u00e7in belimi k\u0131raca\u011f\u0131m.<\/span><\/strong><\/li><\/ol>\t\t\t\t\t\t\t\t<\/div>\n\t\t\t\t\t<\/div>\n\t\t<\/div>\n\t\t\t\t\t<\/div>\n\t\t<\/section>\n\t\t\t\t<\/div>","protected":false},"excerpt":{"rendered":"<p>If you are experiencing the infinite login loop, have no fear! Here are the steps to take to ensure a happy login: Create a WordPress account with the SAME email you used to sign up for Face the FACS.Face the FACS is powered by WordPress, and sometimes WordPress has a difficult time remembering users without &#8230; <a title=\"Giri\u015f Sorunlar\u0131?\" class=\"read-more\" href=\"https:\/\/melindaozel.com\/tr\/login-issues\/\" aria-label=\"Read more about Login Issues?\">Daha fazla bilgi edinin<\/a><\/p>","protected":false},"author":60486633,"featured_media":0,"parent":0,"menu_order":0,"comment_status":"closed","ping_status":"closed","template":"","meta":{"footnotes":""},"class_list":["post-5586","page","type-page","status-publish"],"yoast_head":"<!-- This site is optimized with the Yoast SEO Premium plugin v27.1 (Yoast SEO v27.1.1) - https:\/\/yoast.com\/product\/yoast-seo-premium-wordpress\/ -->\n<title>Login Issues? - Face the FACS | Facial Expressions in Animation, AI, &amp; Behavior<\/title>\n<meta name=\"robots\" content=\"index, follow, max-snippet:-1, max-image-preview:large, max-video-preview:-1\" \/>\n<link rel=\"canonical\" href=\"https:\/\/melindaozel.com\/tr\/login-issues\/\" \/>\n<meta property=\"og:locale\" content=\"tr_TR\" \/>\n<meta property=\"og:type\" content=\"article\" \/>\n<meta property=\"og:title\" content=\"Login Issues?\" \/>\n<meta property=\"og:description\" content=\"If you are experiencing the infinite login loop, have no fear! Here are the steps to take to ensure a happy login: Create a WordPress account with the SAME email you used to sign up for Face the FACS.Face the FACS is powered by WordPress, and sometimes WordPress has a difficult time remembering users without ... Read more\" \/>\n<meta property=\"og:url\" content=\"https:\/\/melindaozel.com\/tr\/login-issues\/\" \/>\n<meta property=\"og:site_name\" content=\"Face the FACS | Facial Expressions in Animation, AI, &amp; Behavior\" \/>\n<meta property=\"article:publisher\" content=\"https:\/\/facebook.com\/facetheFACS\/\" \/>\n<meta property=\"article:modified_time\" content=\"2025-02-23T01:24:11+00:00\" \/>\n<meta property=\"og:image\" content=\"https:\/\/melindaozel.com\/wp-content\/uploads\/2020\/06\/face2-1024x1024.png\" \/>\n\t<meta property=\"og:image:width\" content=\"1024\" \/>\n\t<meta property=\"og:image:height\" content=\"1024\" \/>\n\t<meta property=\"og:image:type\" content=\"image\/png\" \/>\n<meta name=\"twitter:card\" content=\"summary_large_image\" \/>\n<meta name=\"twitter:site\" content=\"@melindaozel\" \/>\n<meta name=\"twitter:label1\" content=\"Tahmini okuma s\u00fcresi\" \/>\n\t<meta name=\"twitter:data1\" content=\"1 dakika\" \/>\n<script type=\"application\/ld+json\" class=\"yoast-schema-graph\">{\"@context\":\"https:\/\/schema.org\",\"@graph\":[{\"@type\":\"WebPage\",\"@id\":\"https:\/\/melindaozel.com\/login-issues\/\",\"url\":\"https:\/\/melindaozel.com\/login-issues\/\",\"name\":\"Login Issues? - Face the FACS | Facial Expressions in Animation, AI, &amp; Behavior\",\"isPartOf\":{\"@id\":\"https:\/\/melindaozel.com\/zh\/#website\"},\"datePublished\":\"2021-08-30T14:46:07+00:00\",\"dateModified\":\"2025-02-23T01:24:11+00:00\",\"breadcrumb\":{\"@id\":\"https:\/\/melindaozel.com\/login-issues\/#breadcrumb\"},\"inLanguage\":\"tr\",\"potentialAction\":[{\"@type\":\"ReadAction\",\"target\":[\"https:\/\/melindaozel.com\/login-issues\/\"]}]},{\"@type\":\"BreadcrumbList\",\"@id\":\"https:\/\/melindaozel.com\/login-issues\/#breadcrumb\",\"itemListElement\":[{\"@type\":\"ListItem\",\"position\":1,\"name\":\"Home\",\"item\":\"https:\/\/melindaozel.com\/\"},{\"@type\":\"ListItem\",\"position\":2,\"name\":\"Login Issues?\"}]},{\"@type\":\"WebSite\",\"@id\":\"https:\/\/melindaozel.com\/zh\/#website\",\"url\":\"https:\/\/melindaozel.com\/zh\/\",\"name\":\"Face the FACS\",\"description\":\"Facial Expressions in Art, Science, &amp; Technology\",\"publisher\":{\"@id\":\"https:\/\/melindaozel.com\/zh\/#\/schema\/person\/81c6262e1bfca3c71960db5aee204e3f\"},\"potentialAction\":[{\"@type\":\"SearchAction\",\"target\":{\"@type\":\"EntryPoint\",\"urlTemplate\":\"https:\/\/melindaozel.com\/zh\/?s={search_term_string}\"},\"query-input\":{\"@type\":\"PropertyValueSpecification\",\"valueRequired\":true,\"valueName\":\"search_term_string\"}}],\"inLanguage\":\"tr\"},{\"@type\":[\"Person\",\"Organization\"],\"@id\":\"https:\/\/melindaozel.com\/zh\/#\/schema\/person\/81c6262e1bfca3c71960db5aee204e3f\",\"name\":\"Melinda Ozel\",\"image\":{\"@type\":\"ImageObject\",\"inLanguage\":\"tr\",\"@id\":\"https:\/\/melindaozel.com\/zh\/#\/schema\/person\/image\/\",\"url\":\"https:\/\/i0.wp.com\/melindaozel.com\/wp-content\/uploads\/2026\/02\/face-the-facs-logo.webp?fit=123%2C123&ssl=1\",\"contentUrl\":\"https:\/\/i0.wp.com\/melindaozel.com\/wp-content\/uploads\/2026\/02\/face-the-facs-logo.webp?fit=123%2C123&ssl=1\",\"width\":123,\"height\":123,\"caption\":\"Melinda Ozel\"},\"logo\":{\"@id\":\"https:\/\/melindaozel.com\/zh\/#\/schema\/person\/image\/\"},\"sameAs\":[\"https:\/\/melindaozel.com\",\"https:\/\/facebook.com\/facetheFACS\/\",\"https:\/\/instagram.com\/manicexpression\",\"https:\/\/linkedin.com\/in\/melindaozel\",\"https:\/\/pinterest.com\/melindaozel\/\",\"https:\/\/x.com\/melindaozel\",\"https:\/\/youtube.com\/@facetheFACS\"],\"knowsAbout\":[\"Facial Action Coding System (FACS)\",\"Facial Expression Tracking\",\"Facial Anatomy\",\"Facial Animation\",\"Digital Humans\",\"Audio-to-Expression\",\"Audio-to-Face\",\"Visemes\",\"Lipsync\"],\"jobTitle\":\"Facial Systems Expert, Expression Scientist\"}]}<\/script>\n<!-- \/ Yoast SEO Premium plugin. -->","yoast_head_json":{"title":"Giri\u015f Sorunlar\u0131? - FACS ile Y\u00fczle\u015fin | Animasyon, Yapay Zeka ve Davran\u0131\u015fta Y\u00fcz \u0130fadeleri","robots":{"index":"index","follow":"follow","max-snippet":"max-snippet:-1","max-image-preview":"max-image-preview:large","max-video-preview":"max-video-preview:-1"},"canonical":"https:\/\/melindaozel.com\/tr\/login-issues\/","og_locale":"tr_TR","og_type":"article","og_title":"Login Issues?","og_description":"If you are experiencing the infinite login loop, have no fear! Here are the steps to take to ensure a happy login: Create a WordPress account with the SAME email you used to sign up for Face the FACS.Face the FACS is powered by WordPress, and sometimes WordPress has a difficult time remembering users without ... Read more","og_url":"https:\/\/melindaozel.com\/tr\/login-issues\/","og_site_name":"Face the FACS | Facial Expressions in Animation, AI, &amp; Behavior","article_publisher":"https:\/\/facebook.com\/facetheFACS\/","article_modified_time":"2025-02-23T01:24:11+00:00","og_image":[{"width":1024,"height":1024,"url":"https:\/\/melindaozel.com\/wp-content\/uploads\/2020\/06\/face2-1024x1024.png","type":"image\/png"}],"twitter_card":"summary_large_image","twitter_site":"@melindaozel","twitter_misc":{"Tahmini okuma s\u00fcresi":"1 dakika"},"schema":{"@context":"https:\/\/schema.org","@graph":[{"@type":"WebPage","@id":"https:\/\/melindaozel.com\/login-issues\/","url":"https:\/\/melindaozel.com\/login-issues\/","name":"Giri\u015f Sorunlar\u0131? - FACS ile Y\u00fczle\u015fin | Animasyon, Yapay Zeka ve Davran\u0131\u015fta Y\u00fcz \u0130fadeleri","isPartOf":{"@id":"https:\/\/melindaozel.com\/zh\/#website"},"datePublished":"2021-08-30T14:46:07+00:00","dateModified":"2025-02-23T01:24:11+00:00","breadcrumb":{"@id":"https:\/\/melindaozel.com\/login-issues\/#breadcrumb"},"inLanguage":"tr","potentialAction":[{"@type":"ReadAction","target":["https:\/\/melindaozel.com\/login-issues\/"]}]},{"@type":"BreadcrumbList","@id":"https:\/\/melindaozel.com\/login-issues\/#breadcrumb","itemListElement":[{"@type":"ListItem","position":1,"name":"Home","item":"https:\/\/melindaozel.com\/"},{"@type":"ListItem","position":2,"name":"Login Issues?"}]},{"@type":"WebSite","@id":"https:\/\/melindaozel.com\/zh\/#website","url":"https:\/\/melindaozel.com\/zh\/","name":"FACS ile Y\u00fczle\u015fin","description":"Sanat, Bilim ve Teknolojide Y\u00fcz \u0130fadeleri","publisher":{"@id":"https:\/\/melindaozel.com\/zh\/#\/schema\/person\/81c6262e1bfca3c71960db5aee204e3f"},"potentialAction":[{"@type":"SearchAction","target":{"@type":"EntryPoint","urlTemplate":"https:\/\/melindaozel.com\/zh\/?s={search_term_string}"},"query-input":{"@type":"PropertyValueSpecification","valueRequired":true,"valueName":"search_term_string"}}],"inLanguage":"tr"},{"@type":["Person","Organization"],"@id":"https:\/\/melindaozel.com\/zh\/#\/schema\/person\/81c6262e1bfca3c71960db5aee204e3f","name":"Melinda Ozel","image":{"@type":"ImageObject","inLanguage":"tr","@id":"https:\/\/melindaozel.com\/zh\/#\/schema\/person\/image\/","url":"https:\/\/i0.wp.com\/melindaozel.com\/wp-content\/uploads\/2026\/02\/face-the-facs-logo.webp?fit=123%2C123&ssl=1","contentUrl":"https:\/\/i0.wp.com\/melindaozel.com\/wp-content\/uploads\/2026\/02\/face-the-facs-logo.webp?fit=123%2C123&ssl=1","width":123,"height":123,"caption":"Melinda Ozel"},"logo":{"@id":"https:\/\/melindaozel.com\/zh\/#\/schema\/person\/image\/"},"sameAs":["https:\/\/melindaozel.com","https:\/\/facebook.com\/facetheFACS\/","https:\/\/instagram.com\/manicexpression","https:\/\/linkedin.com\/in\/melindaozel","https:\/\/pinterest.com\/melindaozel\/","https:\/\/x.com\/melindaozel","https:\/\/youtube.com\/@facetheFACS"],"knowsAbout":["Facial Action Coding System (FACS)","Facial Expression Tracking","Facial Anatomy","Facial Animation","Digital Humans","Audio-to-Expression","Audio-to-Face","Visemes","Lipsync"],"jobTitle":"Facial Systems Expert, Expression Scientist"}]}},"jetpack_sharing_enabled":true,"_links":{"self":[{"href":"https:\/\/melindaozel.com\/tr\/wp-json\/wp\/v2\/pages\/5586","targetHints":{"allow":["GET"]}}],"collection":[{"href":"https:\/\/melindaozel.com\/tr\/wp-json\/wp\/v2\/pages"}],"about":[{"href":"https:\/\/melindaozel.com\/tr\/wp-json\/wp\/v2\/types\/page"}],"author":[{"embeddable":true,"href":"https:\/\/melindaozel.com\/tr\/wp-json\/wp\/v2\/users\/60486633"}],"replies":[{"embeddable":true,"href":"https:\/\/melindaozel.com\/tr\/wp-json\/wp\/v2\/comments?post=5586"}],"version-history":[{"count":17,"href":"https:\/\/melindaozel.com\/tr\/wp-json\/wp\/v2\/pages\/5586\/revisions"}],"predecessor-version":[{"id":11465,"href":"https:\/\/melindaozel.com\/tr\/wp-json\/wp\/v2\/pages\/5586\/revisions\/11465"}],"wp:attachment":[{"href":"https:\/\/melindaozel.com\/tr\/wp-json\/wp\/v2\/media?parent=5586"}],"curies":[{"name":"wp","href":"https:\/\/api.w.org\/{rel}","templated":true}]}}