{"id":4764,"date":"2021-06-21T18:54:32","date_gmt":"2021-06-21T22:54:32","guid":{"rendered":"https:\/\/melindaozel.com\/?page_id=4764"},"modified":"2021-06-21T18:54:32","modified_gmt":"2021-06-21T22:54:32","slug":"terms-of-use","status":"publish","type":"page","link":"https:\/\/melindaozel.com\/tr\/terms-of-use\/","title":{"rendered":"Kullan\u0131m Ko\u015fullar\u0131"},"content":{"rendered":"<h1 style=\"text-align: center;\">\u015eartlar ve Ko\u015fullar<\/h1>\n<p>Ho\u015f geldiniz <em>FACS ile Y\u00fczle\u015fin<\/em>! <em>FACS ile Y\u00fczle\u015fin<\/em> web sitesindeki \u00e7evrimi\u00e7i bir \u00f6\u011frenme platformudur <a href=\"http:\/\/www.melindaozel.com\" rel=\"nofollow\">http:\/\/www.melindaozel.com<\/a> (web sitesi) Melinda Ozel taraf\u0131ndan i\u015fletilmektedir. <em>FACS ile Y\u00fczle\u015fin<\/em> kullan\u0131c\u0131lar\u0131n\u0131n (kullan\u0131c\u0131, siz) ifade ile ilgili konular\u0131 \u00f6\u011frenmelerine yard\u0131mc\u0131 olur.<\/p>\n<p>A\u015fa\u011f\u0131daki H\u00fck\u00fcm ve Ko\u015fullar (H&amp;K) sizinle aram\u0131zdaki ili\u015fkiyi y\u00f6netir ve kullan\u0131mla ilgili yasal sorular\u0131n\u0131z\u0131n en \u00f6nemlilerini yan\u0131tlar <em>FACS ile Y\u00fczle\u015fin<\/em> ve hizmetlerimiz. Bunlar\u0131 dikkatlice okuyun.<\/p>\n<p>\u00d6zellikle, bu T&amp;C'ler sizi \u015fu konularda bilgilendirir<\/p>\n<ul>\n<li>s\u00f6zle\u015fmemizin ba\u015flang\u0131c\u0131 ve biti\u015fi<\/li>\n<li>aboneli\u011finiz i\u00e7in \u00f6deme<\/li>\n<li>abonelikten \u00e7\u0131kma hakk\u0131n\u0131z<\/li>\n<li>bizim sorumlulu\u011fumuz<\/li>\n<li>telif hakk\u0131 ve i\u00e7eri\u011fimizin m\u00fclkiyeti.<\/li>\n<\/ul>\n<p>\u00a7 1 Nas\u0131l kullanabilirim <em>FACS ile Y\u00fczle\u015fin<\/em> ve ne zaman ba\u011flay\u0131c\u0131 bir s\u00f6zle\u015fme imzalayabilirim?<\/p>\n<p style=\"padding-left: 40px;\">Kullanmak i\u00e7in <em>FACS'lerle y\u00fczle\u015fin<\/em> abonelik hizmetleri i\u00e7in bir hesap olu\u015fturman\u0131z gerekir. Bunu yaparak bizimle ba\u011flay\u0131c\u0131 bir s\u00f6zle\u015fme imzalam\u0131\u015f olursunuz.<br \/>\nSadece \u015funlar\u0131 kullanabilirsiniz <em>FACS ile Y\u00fczle\u015fin<\/em> ki\u015fisel olarak ifadeleri incelemek i\u00e7in. \u00d6zellikle i\u015f ama\u00e7l\u0131 veya hesab\u0131n\u0131z\u0131 ba\u015fkalar\u0131yla payla\u015fmak gibi ba\u015fka hi\u00e7bir kullan\u0131ma izin verilmez.<\/p>\n<p>\u00a7 2 ile ne yapabilirim <em>FACS ile Y\u00fczle\u015fin<\/em>?<\/p>\n<p style=\"padding-left: 40px;\"><em>FACS ile Y\u00fczle\u015fin<\/em> videolar, GIF'ler, resimler, diyagramlar ve makalelerle insan ve insan d\u0131\u015f\u0131 y\u00fcz anatomisinde size rehberlik edecek kapsaml\u0131 kaynaklar sa\u011flar.<br \/>\n<em>FACS ile Y\u00fczle\u015fin<\/em> i\u00e7eri\u011fine ve i\u015flevlerine s\u0131n\u0131rl\u0131 eri\u015fimle \u00fccretsiz kullan\u0131m\u0131n yan\u0131 s\u0131ra daha geni\u015f eri\u015fim sa\u011flayan \u00fccretli bir abonelik (abonelik hesab\u0131) sunar.<\/p>\n<p>Kullanabilirsiniz <em>FACS ile Y\u00fczle\u015fin<\/em> sadece \u00f6zel ama\u00e7lar i\u00e7indir.<\/p>\n<p style=\"padding-left: 40px;\">\u00d6\u011fretim ve di\u011fer ama\u00e7lar i\u00e7in <em>FACS ile Y\u00fczle\u015fin<\/em> \u00f6zel lisanslar (\u00f6rne\u011fin kamp\u00fcs, g\u00f6r\u00fcnt\u00fc veya e\u011fitmen lisanslar\u0131) sunmaktad\u0131r. Lisanslar\u0131m\u0131zla ilgileniyorsan\u0131z l\u00fctfen bizimle ileti\u015fime ge\u00e7in.<\/p>\n<p>\u00a7 3 Ne kadara mal oluyor ve \u00f6deme nas\u0131l yap\u0131l\u0131yor?<\/p>\n<p style=\"padding-left: 40px;\">Abonelik d\u0131\u015f\u0131 i\u00e7eri\u011fin kullan\u0131m\u0131 \u00fccretsizdir.<\/p>\n<p style=\"padding-left: 40px;\">\u015eunlar i\u00e7in fiyatlar bulacaks\u0131n\u0131z <em>FACS'lerle y\u00fczle\u015fin<\/em> abonelik sayfas\u0131ndaki abonelik hesaplar\u0131.<\/p>\n<p style=\"padding-left: 40px;\">T\u00fcm fiyatlar g\u00f6sterilen para birimindedir ve \u00f6deme s\u0131ras\u0131nda yerel para biriminize d\u00f6n\u00fc\u015ft\u00fcr\u00fclebilir.<\/p>\n<p><em>FACS ile Y\u00fczle\u015fin<\/em> Stripe ve Paypal \u00fczerinden \u00f6deme kabul etmektedir.<\/p>\n<p>\u00a7 4 S\u00f6zle\u015fmem ne kadar s\u00fcrecek?<\/p>\n<p style=\"padding-left: 40px;\">Ayl\u0131k abonelikler bir ay s\u00fcrer ve otomatik yenilemeyi manuel olarak devre d\u0131\u015f\u0131 b\u0131rakmad\u0131\u011f\u0131n\u0131z s\u00fcrece otomatik olarak yenilenir. Y\u0131ll\u0131k abonelikler bir y\u0131l s\u00fcrer ve otomatik yenilemeyi manuel olarak devre d\u0131\u015f\u0131 b\u0131rakmad\u0131\u011f\u0131n\u0131z s\u00fcrece otomatik olarak yenilenir.<\/p>\n<p style=\"padding-left: 40px;\">Sen ve <em>FACS ile Y\u00fczle\u015fin<\/em> her ikisinin de i\u00e7inde bulunulan ay\u0131n veya y\u0131l\u0131n sonuna kadar s\u00f6zle\u015fmeyi iptal etmesine izin verilir.<\/p>\n<p style=\"padding-left: 40px;\">\u00dccretli abonelikler ya bir ya da on iki ayl\u0131k olarak girilir.<\/p>\n<p>\u00a7 5 \u00dccretli aboneli\u011fim otomatik olarak yenileniyor mu?<\/p>\n<p style=\"padding-left: 40px;\">Evet, siz veya biz iptal etmedi\u011fimiz s\u00fcrece.<\/p>\n<p>\u00a7 6 Nas\u0131l iptal edebilirim?<\/p>\n<p style=\"padding-left: 40px;\">Bir sonraki fatura d\u00f6neminden \u00f6nce hesab\u0131n\u0131z \u00fczerinden veya facetheFACS@melindaozel.com adresine e-posta g\u00f6ndererek herhangi bir s\u00f6zle\u015fmeyi iptal edebilirsiniz.<\/p>\n<p style=\"padding-left: 40px;\">Son faturaland\u0131rma d\u00f6ng\u00fcs\u00fcnde kullan\u0131lmayan s\u00fcrenin orant\u0131lanamayaca\u011f\u0131n\u0131 veya iade edilemeyece\u011fini l\u00fctfen unutmay\u0131n.<\/p>\n<p style=\"padding-left: 40px;\">Premium hesab\u0131n\u0131z sonland\u0131r\u0131ld\u0131\u011f\u0131nda, otomatik olarak temel hesaba geri d\u00f6nd\u00fcr\u00fclecektir.<\/p>\n<p>\u00a7 7 Hizmetlerinizi be\u011fenmezsem ne olur?<\/p>\n<p style=\"padding-left: 40px;\">Herhangi bir nedenle memnun de\u011filseniz, hesab\u0131n\u0131z\u0131 iptal edebilirsiniz. L\u00fctfen yukar\u0131daki \u00a7 6 b\u00f6l\u00fcm\u00fcne bak\u0131n.<\/p>\n<p>\u00a7 9 Nedir <em>FACS'lerle y\u00fczle\u015fin<\/em> sorumluluk ve nas\u0131l s\u0131n\u0131rland\u0131r\u0131l\u0131r?<\/p>\n<p style=\"padding-left: 40px;\"><em>FACS ile Y\u00fczle\u015fin<\/em> sa\u011flanan e\u011fitim i\u00e7eri\u011finin ge\u00e7erlili\u011fini veya do\u011frulu\u011funu garanti edemez. <em>FACS ile Y\u00fczle\u015fin<\/em>ama <em>FACS ile Y\u00fczle\u015fin<\/em> en do\u011fru i\u00e7eri\u011fe sahip oldu\u011funuzdan emin olmak i\u00e7in her alandaki uzmanlar\u0131n \u00e7al\u0131\u015fmalar\u0131n\u0131 ve deneyimlerini derler. Bir hata tespit ederseniz, l\u00fctfen bize bildirin; dikkatle inceleyip en k\u0131sa s\u00fcrede d\u00fczeltece\u011fiz.<\/p>\n<p>\u00a7 10 Telif hakk\u0131 kime aittir ve i\u00e7eri\u011fin sahibi kimdir?<\/p>\n<p style=\"padding-left: 40px;\">\u0130\u00e7erik a\u00e7\u0131k\u00e7a ba\u015fka bir \u015fekilde etiketlenmedik\u00e7e veya yasal olarak bir lisans almad\u0131k\u00e7a, t\u00fcm metinler, resimler ve di\u011fer \u00e7al\u0131\u015fmalar <em>FACS ile Y\u00fczle\u015fin<\/em> ve hesab\u0131n\u0131z kapsam\u0131nda size sunulan i\u00e7erikler telif hakk\u0131 ile korunmaktad\u0131r. Bu nedenle, i\u00e7eri\u011fimizi \u00e7o\u011faltman\u0131za, da\u011f\u0131tman\u0131za veya sergilemenize ya da herhangi bir \u015fekilde yay\u0131nlaman\u0131za izin verilmez.<\/p>\n<p style=\"padding-left: 40px;\">Ba\u015fka herhangi bir kullan\u0131m i\u00e7in (yani \u00e7o\u011faltma, \u00e7o\u011faltma, satma, yeniden satma veya istismar etme), yaz\u0131l\u0131 onay\u0131m\u0131z\u0131 ve\/veya bir lisans alman\u0131z gerekir.<\/p>\n<p>\u00a7 11 S\u00f6zle\u015fmem i\u00e7in hangi kanun ge\u00e7erlidir?<\/p>\n<p style=\"padding-left: 40px;\">Bu s\u00f6zle\u015fme Amerika Birle\u015fik Devletleri yasalar\u0131na tabidir.<\/p>","protected":false},"excerpt":{"rendered":"<p>\u015eartlar ve Ko\u015fullar Face the FACS'e ho\u015f geldiniz! Face the FACS, web sitesinde yer alan \u00e7evrimi\u00e7i bir \u00f6\u011frenme platformudur <a href=\"http:\/\/www.melindaozel.com\" rel=\"nofollow\">http:\/\/www.melindaozel.com<\/a> (web sitesi) Melinda Ozel taraf\u0131ndan i\u015fletilmektedir. Face the FACS, kullan\u0131c\u0131lar\u0131n\u0131n (kullan\u0131c\u0131, siz) ifade ile ilgili konular\u0131 \u00f6\u011frenmelerine yard\u0131mc\u0131 olur. A\u015fa\u011f\u0131daki H\u00fck\u00fcm ve Ko\u015fullar (H&amp;K) sizinle bizim aram\u0131zdaki ili\u015fkiyi y\u00f6netir ve en ilgili sorulara cevap verir ... <a title=\"Kullan\u0131m Ko\u015fullar\u0131\" class=\"read-more\" href=\"https:\/\/melindaozel.com\/tr\/terms-of-use\/\" aria-label=\"Kullan\u0131m Ko\u015fullar\u0131 hakk\u0131nda daha fazla bilgi edinin\">Daha fazla bilgi edinin<\/a><\/p>","protected":false},"author":60486633,"featured_media":0,"parent":0,"menu_order":0,"comment_status":"closed","ping_status":"closed","template":"","meta":{"footnotes":""},"class_list":["post-4764","page","type-page","status-publish"],"yoast_head":"<!-- This site is optimized with the Yoast SEO Premium plugin v27.3 (Yoast SEO v27.3) - https:\/\/yoast.com\/product\/yoast-seo-premium-wordpress\/ -->\n<title>Terms of Use - Face the FACS | Facial Expressions in Animation, AI, &amp; Behavior<\/title>\n<meta name=\"robots\" content=\"index, follow, max-snippet:-1, max-image-preview:large, max-video-preview:-1\" \/>\n<link rel=\"canonical\" href=\"https:\/\/melindaozel.com\/tr\/terms-of-use\/\" \/>\n<meta property=\"og:locale\" content=\"tr_TR\" \/>\n<meta property=\"og:type\" content=\"article\" \/>\n<meta property=\"og:title\" content=\"Terms of Use\" \/>\n<meta property=\"og:description\" content=\"Terms and Conditions Welcome to Face the FACS! Face the FACS is an online learning platform on the website http:\/\/www.melindaozel.com (website) operated by Melinda Ozel. Face the FACS helps its users (user, you) learn expression-related topics. The following Terms and Conditions (T&amp;Cs) govern the relationship between you and us and will answer the most relevant ... Read more\" \/>\n<meta property=\"og:url\" content=\"https:\/\/melindaozel.com\/tr\/terms-of-use\/\" \/>\n<meta property=\"og:site_name\" content=\"Face the FACS | Facial Expressions in Animation, AI, &amp; Behavior\" \/>\n<meta property=\"article:publisher\" content=\"https:\/\/facebook.com\/facetheFACS\/\" \/>\n<meta property=\"og:image\" content=\"https:\/\/melindaozel.com\/wp-content\/uploads\/2020\/06\/face2-1024x1024.png\" \/>\n\t<meta property=\"og:image:width\" content=\"1024\" \/>\n\t<meta property=\"og:image:height\" content=\"1024\" \/>\n\t<meta property=\"og:image:type\" content=\"image\/png\" \/>\n<meta name=\"twitter:card\" content=\"summary_large_image\" \/>\n<meta name=\"twitter:site\" content=\"@melindaozel\" \/>\n<meta name=\"twitter:label1\" content=\"Tahmini okuma s\u00fcresi\" \/>\n\t<meta name=\"twitter:data1\" content=\"3 dakika\" \/>\n<script type=\"application\/ld+json\" class=\"yoast-schema-graph\">{\"@context\":\"https:\\\/\\\/schema.org\",\"@graph\":[{\"@type\":\"WebPage\",\"@id\":\"https:\\\/\\\/melindaozel.com\\\/fr\\\/terms-of-use\\\/\",\"url\":\"https:\\\/\\\/melindaozel.com\\\/fr\\\/terms-of-use\\\/\",\"name\":\"Terms of Use - Face the FACS | Facial Expressions in Animation, AI, &amp; Behavior\",\"isPartOf\":{\"@id\":\"https:\\\/\\\/melindaozel.com\\\/zh\\\/#website\"},\"datePublished\":\"2021-06-21T22:54:32+00:00\",\"breadcrumb\":{\"@id\":\"https:\\\/\\\/melindaozel.com\\\/fr\\\/terms-of-use\\\/#breadcrumb\"},\"inLanguage\":\"tr\",\"potentialAction\":[{\"@type\":\"ReadAction\",\"target\":[\"https:\\\/\\\/melindaozel.com\\\/fr\\\/terms-of-use\\\/\"]}]},{\"@type\":\"BreadcrumbList\",\"@id\":\"https:\\\/\\\/melindaozel.com\\\/fr\\\/terms-of-use\\\/#breadcrumb\",\"itemListElement\":[{\"@type\":\"ListItem\",\"position\":1,\"name\":\"Home\",\"item\":\"https:\\\/\\\/melindaozel.com\\\/\"},{\"@type\":\"ListItem\",\"position\":2,\"name\":\"Terms of Use\"}]},{\"@type\":\"WebSite\",\"@id\":\"https:\\\/\\\/melindaozel.com\\\/zh\\\/#website\",\"url\":\"https:\\\/\\\/melindaozel.com\\\/zh\\\/\",\"name\":\"Face the FACS\",\"description\":\"Facial Expressions in Art, Science, &amp; Technology\",\"publisher\":{\"@id\":\"https:\\\/\\\/melindaozel.com\\\/zh\\\/#\\\/schema\\\/person\\\/81c6262e1bfca3c71960db5aee204e3f\"},\"potentialAction\":[{\"@type\":\"SearchAction\",\"target\":{\"@type\":\"EntryPoint\",\"urlTemplate\":\"https:\\\/\\\/melindaozel.com\\\/zh\\\/?s={search_term_string}\"},\"query-input\":{\"@type\":\"PropertyValueSpecification\",\"valueRequired\":true,\"valueName\":\"search_term_string\"}}],\"inLanguage\":\"tr\"},{\"@type\":[\"Person\",\"Organization\"],\"@id\":\"https:\\\/\\\/melindaozel.com\\\/zh\\\/#\\\/schema\\\/person\\\/81c6262e1bfca3c71960db5aee204e3f\",\"name\":\"Melinda Ozel\",\"image\":{\"@type\":\"ImageObject\",\"inLanguage\":\"tr\",\"@id\":\"https:\\\/\\\/i0.wp.com\\\/melindaozel.com\\\/wp-content\\\/uploads\\\/2025\\\/02\\\/face-the-FACS-eye-mouth-logo-pixel.webp?fit=225%2C225&ssl=1\",\"url\":\"https:\\\/\\\/i0.wp.com\\\/melindaozel.com\\\/wp-content\\\/uploads\\\/2025\\\/02\\\/face-the-FACS-eye-mouth-logo-pixel.webp?fit=225%2C225&ssl=1\",\"contentUrl\":\"https:\\\/\\\/i0.wp.com\\\/melindaozel.com\\\/wp-content\\\/uploads\\\/2025\\\/02\\\/face-the-FACS-eye-mouth-logo-pixel.webp?fit=225%2C225&ssl=1\",\"width\":225,\"height\":225,\"caption\":\"Melinda Ozel\"},\"logo\":{\"@id\":\"https:\\\/\\\/i0.wp.com\\\/melindaozel.com\\\/wp-content\\\/uploads\\\/2025\\\/02\\\/face-the-FACS-eye-mouth-logo-pixel.webp?fit=225%2C225&ssl=1\"},\"sameAs\":[\"https:\\\/\\\/melindaozel.com\",\"https:\\\/\\\/facebook.com\\\/facetheFACS\\\/\",\"https:\\\/\\\/instagram.com\\\/manicexpression\",\"https:\\\/\\\/linkedin.com\\\/in\\\/melindaozel\",\"https:\\\/\\\/pinterest.com\\\/melindaozel\\\/\",\"https:\\\/\\\/x.com\\\/melindaozel\",\"https:\\\/\\\/youtube.com\\\/@facetheFACS\"],\"knowsAbout\":[\"Facial Action Coding System (FACS)\",\"Facial Expression Tracking\",\"Facial Anatomy\",\"Facial Animation\",\"Digital Humans\",\"Audio-to-Expression\",\"Audio-to-Face\",\"Visemes\",\"Lipsync\"],\"jobTitle\":\"Facial Systems Expert, Expression Scientist\",\"numberOfEmployees\":{\"@type\":\"QuantitativeValue\",\"minValue\":\"1\",\"maxValue\":\"10\"}}]}<\/script>\n<!-- \/ Yoast SEO Premium plugin. -->","yoast_head_json":{"title":"Kullan\u0131m Ko\u015fullar\u0131 - Face the FACS | Animasyon, Yapay Zeka ve Davran\u0131\u015fta Y\u00fcz \u0130fadeleri","robots":{"index":"index","follow":"follow","max-snippet":"max-snippet:-1","max-image-preview":"max-image-preview:large","max-video-preview":"max-video-preview:-1"},"canonical":"https:\/\/melindaozel.com\/tr\/terms-of-use\/","og_locale":"tr_TR","og_type":"article","og_title":"Terms of Use","og_description":"Terms and Conditions Welcome to Face the FACS! Face the FACS is an online learning platform on the website http:\/\/www.melindaozel.com (website) operated by Melinda Ozel. Face the FACS helps its users (user, you) learn expression-related topics. The following Terms and Conditions (T&amp;Cs) govern the relationship between you and us and will answer the most relevant ... Read more","og_url":"https:\/\/melindaozel.com\/tr\/terms-of-use\/","og_site_name":"Face the FACS | Facial Expressions in Animation, AI, &amp; Behavior","article_publisher":"https:\/\/facebook.com\/facetheFACS\/","og_image":[{"width":1024,"height":1024,"url":"https:\/\/melindaozel.com\/wp-content\/uploads\/2020\/06\/face2-1024x1024.png","type":"image\/png"}],"twitter_card":"summary_large_image","twitter_site":"@melindaozel","twitter_misc":{"Tahmini okuma s\u00fcresi":"3 dakika"},"schema":{"@context":"https:\/\/schema.org","@graph":[{"@type":"WebPage","@id":"https:\/\/melindaozel.com\/fr\/terms-of-use\/","url":"https:\/\/melindaozel.com\/fr\/terms-of-use\/","name":"Kullan\u0131m Ko\u015fullar\u0131 - Face the FACS | Animasyon, Yapay Zeka ve Davran\u0131\u015fta Y\u00fcz \u0130fadeleri","isPartOf":{"@id":"https:\/\/melindaozel.com\/zh\/#website"},"datePublished":"2021-06-21T22:54:32+00:00","breadcrumb":{"@id":"https:\/\/melindaozel.com\/fr\/terms-of-use\/#breadcrumb"},"inLanguage":"tr","potentialAction":[{"@type":"ReadAction","target":["https:\/\/melindaozel.com\/fr\/terms-of-use\/"]}]},{"@type":"BreadcrumbList","@id":"https:\/\/melindaozel.com\/fr\/terms-of-use\/#breadcrumb","itemListElement":[{"@type":"ListItem","position":1,"name":"Home","item":"https:\/\/melindaozel.com\/"},{"@type":"ListItem","position":2,"name":"Terms of Use"}]},{"@type":"WebSite","@id":"https:\/\/melindaozel.com\/zh\/#website","url":"https:\/\/melindaozel.com\/zh\/","name":"FACS ile Y\u00fczle\u015fin","description":"Sanat, Bilim ve Teknolojide Y\u00fcz \u0130fadeleri","publisher":{"@id":"https:\/\/melindaozel.com\/zh\/#\/schema\/person\/81c6262e1bfca3c71960db5aee204e3f"},"potentialAction":[{"@type":"SearchAction","target":{"@type":"EntryPoint","urlTemplate":"https:\/\/melindaozel.com\/zh\/?s={search_term_string}"},"query-input":{"@type":"PropertyValueSpecification","valueRequired":true,"valueName":"search_term_string"}}],"inLanguage":"tr"},{"@type":["Person","Organization"],"@id":"https:\/\/melindaozel.com\/zh\/#\/schema\/person\/81c6262e1bfca3c71960db5aee204e3f","name":"Melinda Ozel","image":{"@type":"ImageObject","inLanguage":"tr","@id":"https:\/\/i0.wp.com\/melindaozel.com\/wp-content\/uploads\/2025\/02\/face-the-FACS-eye-mouth-logo-pixel.webp?fit=225%2C225&ssl=1","url":"https:\/\/i0.wp.com\/melindaozel.com\/wp-content\/uploads\/2025\/02\/face-the-FACS-eye-mouth-logo-pixel.webp?fit=225%2C225&ssl=1","contentUrl":"https:\/\/i0.wp.com\/melindaozel.com\/wp-content\/uploads\/2025\/02\/face-the-FACS-eye-mouth-logo-pixel.webp?fit=225%2C225&ssl=1","width":225,"height":225,"caption":"Melinda Ozel"},"logo":{"@id":"https:\/\/i0.wp.com\/melindaozel.com\/wp-content\/uploads\/2025\/02\/face-the-FACS-eye-mouth-logo-pixel.webp?fit=225%2C225&ssl=1"},"sameAs":["https:\/\/melindaozel.com","https:\/\/facebook.com\/facetheFACS\/","https:\/\/instagram.com\/manicexpression","https:\/\/linkedin.com\/in\/melindaozel","https:\/\/pinterest.com\/melindaozel\/","https:\/\/x.com\/melindaozel","https:\/\/youtube.com\/@facetheFACS"],"knowsAbout":["Facial Action Coding System (FACS)","Facial Expression Tracking","Facial Anatomy","Facial Animation","Digital Humans","Audio-to-Expression","Audio-to-Face","Visemes","Lipsync"],"jobTitle":"Facial Systems Expert, Expression Scientist","numberOfEmployees":{"@type":"QuantitativeValue","minValue":"1","maxValue":"10"}}]}},"jetpack_sharing_enabled":true,"_links":{"self":[{"href":"https:\/\/melindaozel.com\/tr\/wp-json\/wp\/v2\/pages\/4764","targetHints":{"allow":["GET"]}}],"collection":[{"href":"https:\/\/melindaozel.com\/tr\/wp-json\/wp\/v2\/pages"}],"about":[{"href":"https:\/\/melindaozel.com\/tr\/wp-json\/wp\/v2\/types\/page"}],"author":[{"embeddable":true,"href":"https:\/\/melindaozel.com\/tr\/wp-json\/wp\/v2\/users\/60486633"}],"replies":[{"embeddable":true,"href":"https:\/\/melindaozel.com\/tr\/wp-json\/wp\/v2\/comments?post=4764"}],"version-history":[{"count":4,"href":"https:\/\/melindaozel.com\/tr\/wp-json\/wp\/v2\/pages\/4764\/revisions"}],"predecessor-version":[{"id":4768,"href":"https:\/\/melindaozel.com\/tr\/wp-json\/wp\/v2\/pages\/4764\/revisions\/4768"}],"wp:attachment":[{"href":"https:\/\/melindaozel.com\/tr\/wp-json\/wp\/v2\/media?parent=4764"}],"curies":[{"name":"wp","href":"https:\/\/api.w.org\/{rel}","templated":true}]}}