{"id":4764,"date":"2021-06-21T18:54:32","date_gmt":"2021-06-21T22:54:32","guid":{"rendered":"https:\/\/melindaozel.com\/?page_id=4764"},"modified":"2021-06-21T18:54:32","modified_gmt":"2021-06-21T22:54:32","slug":"terms-of-use","status":"publish","type":"page","link":"https:\/\/melindaozel.com\/sv\/terms-of-use\/","title":{"rendered":"Anv\u00e4ndarvillkor"},"content":{"rendered":"<h1 style=\"text-align: center;\">Villkor och best\u00e4mmelser<\/h1>\n<p>V\u00e4lkommen till <em>St\u00e4ll dig inf\u00f6r FACS<\/em>! <em>St\u00e4ll dig inf\u00f6r FACS<\/em> \u00e4r en plattform f\u00f6r l\u00e4rande online p\u00e5 webbplatsen <a href=\"http:\/\/www.melindaozel.com\" rel=\"nofollow\">http:\/\/www.melindaozel.com<\/a> (webbplats) som drivs av Melinda Ozel. <em>St\u00e4ll dig inf\u00f6r FACS<\/em> hj\u00e4lper sina anv\u00e4ndare (anv\u00e4ndare, du) att l\u00e4ra sig om uttryck.<\/p>\n<p>F\u00f6ljande villkor reglerar f\u00f6rh\u00e5llandet mellan dig och oss och besvarar de mest relevanta av dina juridiska fr\u00e5gor om anv\u00e4ndning av <em>St\u00e4ll dig inf\u00f6r FACS<\/em> och v\u00e5ra tj\u00e4nster. L\u00e4s dem noggrant.<\/p>\n<p>Dessa anv\u00e4ndarvillkor informerar dig s\u00e4rskilt om f\u00f6ljande<\/p>\n<ul>\n<li>N\u00e4r v\u00e5rt kontrakt b\u00f6rjar och slutar.<\/li>\n<li>Betalning f\u00f6r din prenumeration.<\/li>\n<li>din r\u00e4tt att avregistrera dig<\/li>\n<li>v\u00e5rt ansvar<\/li>\n<li>upphovsr\u00e4tt och \u00e4gander\u00e4tt till v\u00e5rt inneh\u00e5ll.<\/li>\n<\/ul>\n<p>\u00a7 1 Hur f\u00e5r jag tillg\u00e5ng till <em>St\u00e4ll dig inf\u00f6r FACS<\/em> och n\u00e4r ing\u00e5r jag ett bindande avtal?<\/p>\n<p style=\"padding-left: 40px;\">F\u00f6r att kunna anv\u00e4nda <em>St\u00e4ll dig inf\u00f6r FACS:erna<\/em> prenumerationstj\u00e4nster m\u00e5ste du skapa ett konto. Genom att g\u00f6ra det ing\u00e5r du ett bindande avtal med oss.<br \/>\nDu f\u00e5r endast anv\u00e4nda <em>St\u00e4ll dig inf\u00f6r FACS<\/em> f\u00f6r att personligen studera uttryck. Ingen annan anv\u00e4ndning \u00e4r till\u00e5ten, s\u00e4rskilt inte i aff\u00e4rssyfte eller om du delar ditt konto med andra personer.<\/p>\n<p>\u00a7 2 Vad kan jag g\u00f6ra med <em>St\u00e4ll dig inf\u00f6r FACS<\/em>?<\/p>\n<p style=\"padding-left: 40px;\"><em>St\u00e4ll dig inf\u00f6r FACS<\/em> erbjuder omfattande resurser f\u00f6r att guida dig genom ansiktets anatomi hos m\u00e4nniskor och andra djur med hj\u00e4lp av videor, GIF:er, bilder, diagram och artiklar.<br \/>\n<em>St\u00e4ll dig inf\u00f6r FACS<\/em> erbjuder gratis anv\u00e4ndning med begr\u00e4nsad tillg\u00e5ng till dess inneh\u00e5ll och funktioner samt en betald prenumeration som ger bredare tillg\u00e5ng (prenumerationskonto).<\/p>\n<p>Du kan anv\u00e4nda <em>St\u00e4ll dig inf\u00f6r FACS<\/em> endast f\u00f6r privata \u00e4ndam\u00e5l.<\/p>\n<p style=\"padding-left: 40px;\">F\u00f6r undervisning och andra \u00e4ndam\u00e5l <em>St\u00e4ll dig inf\u00f6r FACS<\/em> erbjuder s\u00e4rskilda licenser (t.ex. campus-, bild- eller instrukt\u00f6rslicenser). Kontakta oss om du \u00e4r intresserad av v\u00e5ra licenser.<\/p>\n<p>\u00a7 3 Hur mycket kostar det och hur fungerar betalningen?<\/p>\n<p style=\"padding-left: 40px;\">Det \u00e4r gratis att anv\u00e4nda det inneh\u00e5ll som inte omfattas av abonnemanget.<\/p>\n<p style=\"padding-left: 40px;\">Du hittar priser f\u00f6r <em>St\u00e4ll dig inf\u00f6r FACS:erna<\/em> prenumerationskonton p\u00e5 prenumerationssidan.<\/p>\n<p style=\"padding-left: 40px;\">Alla priser \u00e4r i den valuta som visas och kan komma att konverteras till din lokala valuta vid utcheckningen.<\/p>\n<p><em>St\u00e4ll dig inf\u00f6r FACS<\/em> accepterar betalningar via Stripe och Paypal.<\/p>\n<p>\u00a7 4 Hur l\u00e4nge varar mitt avtal?<\/p>\n<p style=\"padding-left: 40px;\">M\u00e5nadsprenumerationer varar en m\u00e5nad och f\u00f6rnyas automatiskt om du inte manuellt v\u00e4ljer bort automatisk f\u00f6rnyelse. \u00c5rsabonnemang varar ett \u00e5r och f\u00f6rnyas automatiskt om du inte manuellt v\u00e4ljer bort automatisk f\u00f6rnyelse.<\/p>\n<p style=\"padding-left: 40px;\">Du och <em>St\u00e4ll dig inf\u00f6r FACS<\/em> b\u00e5da har r\u00e4tt att s\u00e4ga upp avtalet till slutet av den aktuella m\u00e5naden eller det aktuella \u00e5ret.<\/p>\n<p style=\"padding-left: 40px;\">Betalda prenumerationer kan tecknas f\u00f6r en eller tolv m\u00e5nader.<\/p>\n<p>\u00a7 5 F\u00f6rnyas min betalda prenumeration automatiskt?<\/p>\n<p style=\"padding-left: 40px;\">Ja, om inte du eller vi har avbokat den.<\/p>\n<p>\u00a7 6 Hur avbokar jag?<\/p>\n<p style=\"padding-left: 40px;\">Du kan s\u00e4ga upp ett avtal f\u00f6re n\u00e4sta faktureringscykel via ditt konto eller genom att skicka ett e-postmeddelande till facetheFACS@melindaozel.com.<\/p>\n<p style=\"padding-left: 40px;\">Observera att oanv\u00e4nd tid under den senaste faktureringscykeln inte kan f\u00f6rdelas proportionellt eller \u00e5terbetalas.<\/p>\n<p style=\"padding-left: 40px;\">N\u00e4r ditt premiumkonto avslutas kommer det automatiskt att v\u00e4xlas tillbaka till baskontot.<\/p>\n<p>\u00a7 7 Vad h\u00e4nder om jag inte gillar era tj\u00e4nster?<\/p>\n<p style=\"padding-left: 40px;\">Om du inte \u00e4r n\u00f6jd av n\u00e5gon anledning kan du s\u00e4ga upp ditt konto. Se avsnitt 6 ovan.<\/p>\n<p>\u00a7 9 Vad \u00e4r <em>St\u00e4ll dig inf\u00f6r FACS:erna<\/em> ansvar och hur begr\u00e4nsas det?<\/p>\n<p style=\"padding-left: 40px;\"><em>St\u00e4ll dig inf\u00f6r FACS<\/em> kan varken garantera giltigheten eller noggrannheten hos det utbildningsinneh\u00e5ll som tillhandah\u00e5lls p\u00e5 <em>St\u00e4ll dig inf\u00f6r FACS<\/em>, men <em>St\u00e4ll dig inf\u00f6r FACS<\/em> sammanst\u00e4ller arbete och erfarenheter fr\u00e5n experter inom alla omr\u00e5den f\u00f6r att se till att du f\u00e5r det mest korrekta inneh\u00e5llet. Om du uppt\u00e4cker ett fel, l\u00e5t oss veta det s\u00e5 kommer vi att noggrant granska och r\u00e4tta till det s\u00e5 snart vi kan.<\/p>\n<p>\u00a7 10 Vem har upphovsr\u00e4tten och vem \u00e4ger inneh\u00e5llet?<\/p>\n<p style=\"padding-left: 40px;\">Om inneh\u00e5llet inte uttryckligen \u00e4r m\u00e4rkt p\u00e5 annat s\u00e4tt, eller om du lagligen erh\u00e5llit en licens, f\u00e5r alla texter, bilder och andra verk som skapats av <em>St\u00e4ll dig inf\u00f6r FACS<\/em> och som g\u00f6rs tillg\u00e4ngliga f\u00f6r dig inom ramen f\u00f6r ditt konto \u00e4r upphovsr\u00e4ttsligt skyddade. Du f\u00e5r d\u00e4rf\u00f6r inte reproducera, distribuera eller visa v\u00e5rt inneh\u00e5ll eller publicera det p\u00e5 n\u00e5got s\u00e4tt.<\/p>\n<p style=\"padding-left: 40px;\">F\u00f6r all annan anv\u00e4ndning (dvs. kopiering, duplicering, f\u00f6rs\u00e4ljning, \u00e5terf\u00f6rs\u00e4ljning eller utnyttjande) m\u00e5ste du f\u00e5 v\u00e5rt skriftliga samtycke och\/eller en licens.<\/p>\n<p>11 \u00a7 Vilken lag \u00e4r till\u00e4mplig p\u00e5 mitt avtal?<\/p>\n<p style=\"padding-left: 40px;\">Detta avtal omfattas av amerikansk lag.<\/p>","protected":false},"excerpt":{"rendered":"<p>Villkor och anvisningar V\u00e4lkommen till Face the FACS! Face the FACS \u00e4r en online-l\u00e4rplattform p\u00e5 webbplatsen <a href=\"http:\/\/www.melindaozel.com\" rel=\"nofollow\">http:\/\/www.melindaozel.com<\/a> (webbplats) som drivs av Melinda Ozel. Face the FACS hj\u00e4lper sina anv\u00e4ndare (anv\u00e4ndare, du) att l\u00e4ra sig uttrycksrelaterade \u00e4mnen. F\u00f6ljande villkor (T&amp;C) reglerar f\u00f6rh\u00e5llandet mellan dig och oss och kommer att besvara de mest relevanta ... <a title=\"Anv\u00e4ndarvillkor\" class=\"read-more\" href=\"https:\/\/melindaozel.com\/sv\/terms-of-use\/\" aria-label=\"L\u00e4s mer om Anv\u00e4ndarvillkor\">L\u00e4s mer<\/a><\/p>","protected":false},"author":60486633,"featured_media":0,"parent":0,"menu_order":0,"comment_status":"closed","ping_status":"closed","template":"","meta":{"footnotes":""},"class_list":["post-4764","page","type-page","status-publish"],"yoast_head":"<!-- This site is optimized with the Yoast SEO Premium plugin v27.3 (Yoast SEO v27.3) - https:\/\/yoast.com\/product\/yoast-seo-premium-wordpress\/ -->\n<title>Terms of Use - Face the FACS | Facial Expressions in Animation, AI, &amp; Behavior<\/title>\n<meta name=\"robots\" content=\"index, follow, max-snippet:-1, max-image-preview:large, max-video-preview:-1\" \/>\n<link rel=\"canonical\" href=\"https:\/\/melindaozel.com\/sv\/terms-of-use\/\" \/>\n<meta property=\"og:locale\" content=\"sv_SE\" \/>\n<meta property=\"og:type\" content=\"article\" \/>\n<meta property=\"og:title\" content=\"Terms of Use\" \/>\n<meta property=\"og:description\" content=\"Terms and Conditions Welcome to Face the FACS! Face the FACS is an online learning platform on the website http:\/\/www.melindaozel.com (website) operated by Melinda Ozel. Face the FACS helps its users (user, you) learn expression-related topics. The following Terms and Conditions (T&amp;Cs) govern the relationship between you and us and will answer the most relevant ... L\u00e4s mer\" \/>\n<meta property=\"og:url\" content=\"https:\/\/melindaozel.com\/sv\/terms-of-use\/\" \/>\n<meta property=\"og:site_name\" content=\"Face the FACS | Facial Expressions in Animation, AI, &amp; Behavior\" \/>\n<meta property=\"article:publisher\" content=\"https:\/\/facebook.com\/facetheFACS\/\" \/>\n<meta property=\"og:image\" content=\"https:\/\/melindaozel.com\/wp-content\/uploads\/2020\/06\/face2-1024x1024.png\" \/>\n\t<meta property=\"og:image:width\" content=\"1024\" \/>\n\t<meta property=\"og:image:height\" content=\"1024\" \/>\n\t<meta property=\"og:image:type\" content=\"image\/png\" \/>\n<meta name=\"twitter:card\" content=\"summary_large_image\" \/>\n<meta name=\"twitter:site\" content=\"@melindaozel\" \/>\n<meta name=\"twitter:label1\" content=\"Ber\u00e4knad l\u00e4stid\" \/>\n\t<meta name=\"twitter:data1\" content=\"3 minuter\" \/>\n<script type=\"application\/ld+json\" class=\"yoast-schema-graph\">{\"@context\":\"https:\\\/\\\/schema.org\",\"@graph\":[{\"@type\":\"WebPage\",\"@id\":\"https:\\\/\\\/melindaozel.com\\\/fr\\\/terms-of-use\\\/\",\"url\":\"https:\\\/\\\/melindaozel.com\\\/fr\\\/terms-of-use\\\/\",\"name\":\"Terms of Use - Face the FACS | Facial Expressions in Animation, AI, &amp; Behavior\",\"isPartOf\":{\"@id\":\"https:\\\/\\\/melindaozel.com\\\/zh\\\/#website\"},\"datePublished\":\"2021-06-21T22:54:32+00:00\",\"breadcrumb\":{\"@id\":\"https:\\\/\\\/melindaozel.com\\\/fr\\\/terms-of-use\\\/#breadcrumb\"},\"inLanguage\":\"sv-SE\",\"potentialAction\":[{\"@type\":\"ReadAction\",\"target\":[\"https:\\\/\\\/melindaozel.com\\\/fr\\\/terms-of-use\\\/\"]}]},{\"@type\":\"BreadcrumbList\",\"@id\":\"https:\\\/\\\/melindaozel.com\\\/fr\\\/terms-of-use\\\/#breadcrumb\",\"itemListElement\":[{\"@type\":\"ListItem\",\"position\":1,\"name\":\"Home\",\"item\":\"https:\\\/\\\/melindaozel.com\\\/\"},{\"@type\":\"ListItem\",\"position\":2,\"name\":\"Terms of Use\"}]},{\"@type\":\"WebSite\",\"@id\":\"https:\\\/\\\/melindaozel.com\\\/zh\\\/#website\",\"url\":\"https:\\\/\\\/melindaozel.com\\\/zh\\\/\",\"name\":\"Face the FACS\",\"description\":\"Facial Expressions in Art, Science, &amp; Technology\",\"publisher\":{\"@id\":\"https:\\\/\\\/melindaozel.com\\\/zh\\\/#\\\/schema\\\/person\\\/81c6262e1bfca3c71960db5aee204e3f\"},\"potentialAction\":[{\"@type\":\"SearchAction\",\"target\":{\"@type\":\"EntryPoint\",\"urlTemplate\":\"https:\\\/\\\/melindaozel.com\\\/zh\\\/?s={search_term_string}\"},\"query-input\":{\"@type\":\"PropertyValueSpecification\",\"valueRequired\":true,\"valueName\":\"search_term_string\"}}],\"inLanguage\":\"sv-SE\"},{\"@type\":[\"Person\",\"Organization\"],\"@id\":\"https:\\\/\\\/melindaozel.com\\\/zh\\\/#\\\/schema\\\/person\\\/81c6262e1bfca3c71960db5aee204e3f\",\"name\":\"Melinda Ozel\",\"image\":{\"@type\":\"ImageObject\",\"inLanguage\":\"sv-SE\",\"@id\":\"https:\\\/\\\/i0.wp.com\\\/melindaozel.com\\\/wp-content\\\/uploads\\\/2025\\\/02\\\/face-the-FACS-eye-mouth-logo-pixel.webp?fit=225%2C225&ssl=1\",\"url\":\"https:\\\/\\\/i0.wp.com\\\/melindaozel.com\\\/wp-content\\\/uploads\\\/2025\\\/02\\\/face-the-FACS-eye-mouth-logo-pixel.webp?fit=225%2C225&ssl=1\",\"contentUrl\":\"https:\\\/\\\/i0.wp.com\\\/melindaozel.com\\\/wp-content\\\/uploads\\\/2025\\\/02\\\/face-the-FACS-eye-mouth-logo-pixel.webp?fit=225%2C225&ssl=1\",\"width\":225,\"height\":225,\"caption\":\"Melinda Ozel\"},\"logo\":{\"@id\":\"https:\\\/\\\/i0.wp.com\\\/melindaozel.com\\\/wp-content\\\/uploads\\\/2025\\\/02\\\/face-the-FACS-eye-mouth-logo-pixel.webp?fit=225%2C225&ssl=1\"},\"sameAs\":[\"https:\\\/\\\/melindaozel.com\",\"https:\\\/\\\/facebook.com\\\/facetheFACS\\\/\",\"https:\\\/\\\/instagram.com\\\/manicexpression\",\"https:\\\/\\\/linkedin.com\\\/in\\\/melindaozel\",\"https:\\\/\\\/pinterest.com\\\/melindaozel\\\/\",\"https:\\\/\\\/x.com\\\/melindaozel\",\"https:\\\/\\\/youtube.com\\\/@facetheFACS\"],\"knowsAbout\":[\"Facial Action Coding System (FACS)\",\"Facial Expression Tracking\",\"Facial Anatomy\",\"Facial Animation\",\"Digital Humans\",\"Audio-to-Expression\",\"Audio-to-Face\",\"Visemes\",\"Lipsync\"],\"jobTitle\":\"Facial Systems Expert, Expression Scientist\",\"numberOfEmployees\":{\"@type\":\"QuantitativeValue\",\"minValue\":\"1\",\"maxValue\":\"10\"}}]}<\/script>\n<!-- \/ Yoast SEO Premium plugin. -->","yoast_head_json":{"title":"Anv\u00e4ndarvillkor - Face the FACS | Ansiktsuttryck inom animation, AI och beteende","robots":{"index":"index","follow":"follow","max-snippet":"max-snippet:-1","max-image-preview":"max-image-preview:large","max-video-preview":"max-video-preview:-1"},"canonical":"https:\/\/melindaozel.com\/sv\/terms-of-use\/","og_locale":"sv_SE","og_type":"article","og_title":"Terms of Use","og_description":"Terms and Conditions Welcome to Face the FACS! Face the FACS is an online learning platform on the website http:\/\/www.melindaozel.com (website) operated by Melinda Ozel. Face the FACS helps its users (user, you) learn expression-related topics. The following Terms and Conditions (T&amp;Cs) govern the relationship between you and us and will answer the most relevant ... L\u00e4s mer","og_url":"https:\/\/melindaozel.com\/sv\/terms-of-use\/","og_site_name":"Face the FACS | Facial Expressions in Animation, AI, &amp; Behavior","article_publisher":"https:\/\/facebook.com\/facetheFACS\/","og_image":[{"width":1024,"height":1024,"url":"https:\/\/melindaozel.com\/wp-content\/uploads\/2020\/06\/face2-1024x1024.png","type":"image\/png"}],"twitter_card":"summary_large_image","twitter_site":"@melindaozel","twitter_misc":{"Ber\u00e4knad l\u00e4stid":"3 minuter"},"schema":{"@context":"https:\/\/schema.org","@graph":[{"@type":"WebPage","@id":"https:\/\/melindaozel.com\/fr\/terms-of-use\/","url":"https:\/\/melindaozel.com\/fr\/terms-of-use\/","name":"Anv\u00e4ndarvillkor - Face the FACS | Ansiktsuttryck inom animation, AI och beteende","isPartOf":{"@id":"https:\/\/melindaozel.com\/zh\/#website"},"datePublished":"2021-06-21T22:54:32+00:00","breadcrumb":{"@id":"https:\/\/melindaozel.com\/fr\/terms-of-use\/#breadcrumb"},"inLanguage":"sv-SE","potentialAction":[{"@type":"ReadAction","target":["https:\/\/melindaozel.com\/fr\/terms-of-use\/"]}]},{"@type":"BreadcrumbList","@id":"https:\/\/melindaozel.com\/fr\/terms-of-use\/#breadcrumb","itemListElement":[{"@type":"ListItem","position":1,"name":"Home","item":"https:\/\/melindaozel.com\/"},{"@type":"ListItem","position":2,"name":"Terms of Use"}]},{"@type":"WebSite","@id":"https:\/\/melindaozel.com\/zh\/#website","url":"https:\/\/melindaozel.com\/zh\/","name":"St\u00e4ll dig inf\u00f6r FACS","description":"Ansiktsuttryck i konst, vetenskap och teknik","publisher":{"@id":"https:\/\/melindaozel.com\/zh\/#\/schema\/person\/81c6262e1bfca3c71960db5aee204e3f"},"potentialAction":[{"@type":"SearchAction","target":{"@type":"EntryPoint","urlTemplate":"https:\/\/melindaozel.com\/zh\/?s={search_term_string}"},"query-input":{"@type":"PropertyValueSpecification","valueRequired":true,"valueName":"search_term_string"}}],"inLanguage":"sv-SE"},{"@type":["Person","Organization"],"@id":"https:\/\/melindaozel.com\/zh\/#\/schema\/person\/81c6262e1bfca3c71960db5aee204e3f","name":"Melinda Ozel","image":{"@type":"ImageObject","inLanguage":"sv-SE","@id":"https:\/\/i0.wp.com\/melindaozel.com\/wp-content\/uploads\/2025\/02\/face-the-FACS-eye-mouth-logo-pixel.webp?fit=225%2C225&ssl=1","url":"https:\/\/i0.wp.com\/melindaozel.com\/wp-content\/uploads\/2025\/02\/face-the-FACS-eye-mouth-logo-pixel.webp?fit=225%2C225&ssl=1","contentUrl":"https:\/\/i0.wp.com\/melindaozel.com\/wp-content\/uploads\/2025\/02\/face-the-FACS-eye-mouth-logo-pixel.webp?fit=225%2C225&ssl=1","width":225,"height":225,"caption":"Melinda Ozel"},"logo":{"@id":"https:\/\/i0.wp.com\/melindaozel.com\/wp-content\/uploads\/2025\/02\/face-the-FACS-eye-mouth-logo-pixel.webp?fit=225%2C225&ssl=1"},"sameAs":["https:\/\/melindaozel.com","https:\/\/facebook.com\/facetheFACS\/","https:\/\/instagram.com\/manicexpression","https:\/\/linkedin.com\/in\/melindaozel","https:\/\/pinterest.com\/melindaozel\/","https:\/\/x.com\/melindaozel","https:\/\/youtube.com\/@facetheFACS"],"knowsAbout":["Facial Action Coding System (FACS)","Facial Expression Tracking","Facial Anatomy","Facial Animation","Digital Humans","Audio-to-Expression","Audio-to-Face","Visemes","Lipsync"],"jobTitle":"Facial Systems Expert, Expression Scientist","numberOfEmployees":{"@type":"QuantitativeValue","minValue":"1","maxValue":"10"}}]}},"jetpack_sharing_enabled":true,"_links":{"self":[{"href":"https:\/\/melindaozel.com\/sv\/wp-json\/wp\/v2\/pages\/4764","targetHints":{"allow":["GET"]}}],"collection":[{"href":"https:\/\/melindaozel.com\/sv\/wp-json\/wp\/v2\/pages"}],"about":[{"href":"https:\/\/melindaozel.com\/sv\/wp-json\/wp\/v2\/types\/page"}],"author":[{"embeddable":true,"href":"https:\/\/melindaozel.com\/sv\/wp-json\/wp\/v2\/users\/60486633"}],"replies":[{"embeddable":true,"href":"https:\/\/melindaozel.com\/sv\/wp-json\/wp\/v2\/comments?post=4764"}],"version-history":[{"count":4,"href":"https:\/\/melindaozel.com\/sv\/wp-json\/wp\/v2\/pages\/4764\/revisions"}],"predecessor-version":[{"id":4768,"href":"https:\/\/melindaozel.com\/sv\/wp-json\/wp\/v2\/pages\/4764\/revisions\/4768"}],"wp:attachment":[{"href":"https:\/\/melindaozel.com\/sv\/wp-json\/wp\/v2\/media?parent=4764"}],"curies":[{"name":"wp","href":"https:\/\/api.w.org\/{rel}","templated":true}]}}