{"id":13100,"date":"2025-10-15T15:59:56","date_gmt":"2025-10-15T19:59:56","guid":{"rendered":"https:\/\/melindaozel.com\/?page_id=13100"},"modified":"2025-10-15T16:11:55","modified_gmt":"2025-10-15T20:11:55","slug":"all-about-lipsync-lecture-videos","status":"publish","type":"page","link":"https:\/\/melindaozel.com\/sv\/all-about-lipsync-lecture-videos\/","title":{"rendered":"Allt om l\u00e4ppsynkronisering F\u00f6rel\u00e4sningsvideor"},"content":{"rendered":"<div class=\"mp_wrapper\">\n  <div class=\"mepr-unauthorized-message\">\n    <p>Kursen \u00e4r tillg\u00e4nglig f\u00f6r privatpersoner och studior som har k\u00f6pt All About Lipsync.<\/p>\n<p><strong>Detta \u00e4r en separat produkt fr\u00e5n Premium Resources-prenumerationen.<\/strong>.<\/p>\n<p>\ud83d\udc49 Redan registrerad? Logga in nedan f\u00f6r att komma \u00e5t din kurs.<\/p>\n<p>\ud83d\udc49 Vill du veta mer om kursen?<\/p>\n<p><a href=\"https:\/\/melindaozel.com\/all-about-lipsync-lecture\/\">Visa alla detaljer om Lipsync \u00bb<\/a><\/p>\n  <\/div>\n  <div class=\"mepr-login-form-wrap\">\n            \n<div class=\"mp_wrapper mp_login_form\">\n                  <!-- mp-login-form-start -->     <form name=\"mepr_loginform\" id=\"mepr_loginform\" class=\"mepr-form\" action=\"https:\/\/melindaozel.com\/sv\/login\/\" method=\"post\">\n            <div class=\"mp-form-row mepr_username\">\n        <div class=\"mp-form-label\">\n                              <label for=\"user_login\">Anv\u00e4ndarnamn<\/label>\n        <\/div>\n        <input type=\"text\" name=\"log\" id=\"user_login\" value=\"\" \/>\n      <\/div>\n      <div class=\"mp-form-row mepr_password\">\n        <div class=\"mp-form-label\">\n          <label for=\"user_pass\">L\u00f6senord<\/label>\n          <div class=\"mp-hide-pw\">\n            <input type=\"password\" name=\"pwd\" id=\"user_pass\" value=\"\" \/>\n            <button type=\"button\" class=\"button mp-hide-pw hide-if-no-js\" data-toggle=\"0\" aria-label=\"Visa l\u00f6senordet\">\n              <span class=\"dashicons dashicons-visibility\" aria-hidden=\"true\"><\/span>\n            <\/button>\n          <\/div>\n        <\/div>\n      <\/div>\n            <div>\n        <label><input name=\"rememberme\" type=\"checkbox\" id=\"rememberme\" value=\"forever\" \/> Kom ih\u00e5g mig<\/label>\n      <\/div>\n      <div class=\"mp-spacer\">&nbsp;<\/div>\n      <div class=\"submit\">\n        <input type=\"submit\" name=\"wp-submit\" id=\"wp-submit\" class=\"button-primary mepr-share-button\" value=\"Logga in\" \/>\n        <input type=\"hidden\" name=\"redirect_to\" value=\"\/sv\/wp-json\/wp\/v2\/pages\/13100\" \/>\n        <input type=\"hidden\" name=\"mepr_process_login_form\" value=\"true\" \/>\n        <input type=\"hidden\" name=\"mepr_is_login_page\" value=\"false\" \/>\n      <\/div>\n    <\/form>\n    <div class=\"mp-spacer\">&nbsp;<\/div>\n    <div class=\"mepr-login-actions\">\n        <a\n          href=\"https:\/\/melindaozel.com\/sv\/login\/?action=forgot_password\"\n          title=\"Klicka h\u00e4r f\u00f6r att \u00e5terst\u00e4lla ditt l\u00f6senord\"\n        >\n          Gl\u00f6mt l\u00f6senord        <\/a>\n    <\/div>\n\n      \n    <!-- mp-login-form-end --> \n  <\/div>\n      <\/div>\n<\/div>","protected":false},"excerpt":{"rendered":"<p>Kurs\u00e5tkomst \u00e4r f\u00f6r individer och studior som har k\u00f6pt All About Lipsync. Detta \u00e4r en separat produkt fr\u00e5n prenumerationen p\u00e5 Premium Resources. \ud83d\udc49 \u00c4r du redan registrerad? Logga in nedan f\u00f6r att f\u00e5 tillg\u00e5ng till din kurs. \ud83d\udc49 Vill du l\u00e4ra dig mer om kursen? Se All About Lipsync detaljer \u00bb<\/p>","protected":false},"author":60486633,"featured_media":12881,"parent":0,"menu_order":0,"comment_status":"closed","ping_status":"closed","template":"","meta":{"footnotes":""},"class_list":["post-13100","page","type-page","status-publish","has-post-thumbnail"],"yoast_head":"<!-- This site is optimized with the Yoast SEO Premium plugin v27.3 (Yoast SEO v27.3) - https:\/\/yoast.com\/product\/yoast-seo-premium-wordpress\/ -->\n<title>All About Lipsync Lecture Videos - Face the FACS | Facial Expressions in Animation, AI, &amp; Behavior<\/title>\n<meta name=\"robots\" content=\"index, follow, max-snippet:-1, max-image-preview:large, max-video-preview:-1\" \/>\n<link rel=\"canonical\" href=\"https:\/\/melindaozel.com\/sv\/all-about-lipsync-lecture-videos\/\" \/>\n<meta property=\"og:locale\" content=\"sv_SE\" \/>\n<meta property=\"og:type\" content=\"article\" \/>\n<meta property=\"og:title\" content=\"All About Lipsync Lecture Videos\" \/>\n<meta property=\"og:description\" content=\"Course access is for individuals and studios who have purchased All About Lipsync. This is a separate product from the Premium Resources subscription. \ud83d\udc49 Already enrolled? Log in below to access your course. \ud83d\udc49 Want to learn more about the class? View All About Lipsync details \u00bb\" \/>\n<meta property=\"og:url\" content=\"https:\/\/melindaozel.com\/sv\/all-about-lipsync-lecture-videos\/\" \/>\n<meta property=\"og:site_name\" content=\"Face the FACS | Facial Expressions in Animation, AI, &amp; Behavior\" \/>\n<meta property=\"article:publisher\" content=\"https:\/\/facebook.com\/facetheFACS\/\" \/>\n<meta property=\"article:modified_time\" content=\"2025-10-15T20:11:55+00:00\" \/>\n<meta property=\"og:image\" content=\"https:\/\/melindaozel.com\/wp-content\/uploads\/2025\/09\/All-About-Lipsync-Class.webp\" \/>\n\t<meta property=\"og:image:width\" content=\"2844\" \/>\n\t<meta property=\"og:image:height\" content=\"1584\" \/>\n\t<meta property=\"og:image:type\" content=\"image\/webp\" \/>\n<meta name=\"twitter:card\" content=\"summary_large_image\" \/>\n<meta name=\"twitter:site\" content=\"@melindaozel\" \/>\n<meta name=\"twitter:label1\" content=\"Ber\u00e4knad l\u00e4stid\" \/>\n\t<meta name=\"twitter:data1\" content=\"1 minut\" \/>\n<script type=\"application\/ld+json\" class=\"yoast-schema-graph\">{\"@context\":\"https:\\\/\\\/schema.org\",\"@graph\":[{\"@type\":\"WebPage\",\"@id\":\"https:\\\/\\\/melindaozel.com\\\/all-about-lipsync-lecture-videos\\\/\",\"url\":\"https:\\\/\\\/melindaozel.com\\\/all-about-lipsync-lecture-videos\\\/\",\"name\":\"All About Lipsync Lecture Videos - Face the FACS | Facial Expressions in Animation, AI, &amp; Behavior\",\"isPartOf\":{\"@id\":\"https:\\\/\\\/melindaozel.com\\\/zh\\\/#website\"},\"primaryImageOfPage\":{\"@id\":\"https:\\\/\\\/melindaozel.com\\\/all-about-lipsync-lecture-videos\\\/#primaryimage\"},\"image\":{\"@id\":\"https:\\\/\\\/melindaozel.com\\\/all-about-lipsync-lecture-videos\\\/#primaryimage\"},\"thumbnailUrl\":\"https:\\\/\\\/i0.wp.com\\\/melindaozel.com\\\/wp-content\\\/uploads\\\/2025\\\/09\\\/All-About-Lipsync-Class.webp?fit=2844%2C1584&ssl=1\",\"datePublished\":\"2025-10-15T19:59:56+00:00\",\"dateModified\":\"2025-10-15T20:11:55+00:00\",\"breadcrumb\":{\"@id\":\"https:\\\/\\\/melindaozel.com\\\/all-about-lipsync-lecture-videos\\\/#breadcrumb\"},\"inLanguage\":\"sv-SE\",\"potentialAction\":[{\"@type\":\"ReadAction\",\"target\":[\"https:\\\/\\\/melindaozel.com\\\/all-about-lipsync-lecture-videos\\\/\"]}]},{\"@type\":\"ImageObject\",\"inLanguage\":\"sv-SE\",\"@id\":\"https:\\\/\\\/melindaozel.com\\\/all-about-lipsync-lecture-videos\\\/#primaryimage\",\"url\":\"https:\\\/\\\/i0.wp.com\\\/melindaozel.com\\\/wp-content\\\/uploads\\\/2025\\\/09\\\/All-About-Lipsync-Class.webp?fit=2844%2C1584&ssl=1\",\"contentUrl\":\"https:\\\/\\\/i0.wp.com\\\/melindaozel.com\\\/wp-content\\\/uploads\\\/2025\\\/09\\\/All-About-Lipsync-Class.webp?fit=2844%2C1584&ssl=1\",\"width\":2844,\"height\":1584,\"caption\":\"lipsync class cover photo\"},{\"@type\":\"BreadcrumbList\",\"@id\":\"https:\\\/\\\/melindaozel.com\\\/all-about-lipsync-lecture-videos\\\/#breadcrumb\",\"itemListElement\":[{\"@type\":\"ListItem\",\"position\":1,\"name\":\"Home\",\"item\":\"https:\\\/\\\/melindaozel.com\\\/\"},{\"@type\":\"ListItem\",\"position\":2,\"name\":\"All About Lipsync Lecture Videos\"}]},{\"@type\":\"WebSite\",\"@id\":\"https:\\\/\\\/melindaozel.com\\\/zh\\\/#website\",\"url\":\"https:\\\/\\\/melindaozel.com\\\/zh\\\/\",\"name\":\"Face the FACS\",\"description\":\"Facial Expressions in Art, Science, &amp; Technology\",\"publisher\":{\"@id\":\"https:\\\/\\\/melindaozel.com\\\/zh\\\/#\\\/schema\\\/person\\\/81c6262e1bfca3c71960db5aee204e3f\"},\"potentialAction\":[{\"@type\":\"SearchAction\",\"target\":{\"@type\":\"EntryPoint\",\"urlTemplate\":\"https:\\\/\\\/melindaozel.com\\\/zh\\\/?s={search_term_string}\"},\"query-input\":{\"@type\":\"PropertyValueSpecification\",\"valueRequired\":true,\"valueName\":\"search_term_string\"}}],\"inLanguage\":\"sv-SE\"},{\"@type\":[\"Person\",\"Organization\"],\"@id\":\"https:\\\/\\\/melindaozel.com\\\/zh\\\/#\\\/schema\\\/person\\\/81c6262e1bfca3c71960db5aee204e3f\",\"name\":\"Melinda Ozel\",\"image\":{\"@type\":\"ImageObject\",\"inLanguage\":\"sv-SE\",\"@id\":\"https:\\\/\\\/i0.wp.com\\\/melindaozel.com\\\/wp-content\\\/uploads\\\/2025\\\/02\\\/face-the-FACS-eye-mouth-logo-pixel.webp?fit=225%2C225&ssl=1\",\"url\":\"https:\\\/\\\/i0.wp.com\\\/melindaozel.com\\\/wp-content\\\/uploads\\\/2025\\\/02\\\/face-the-FACS-eye-mouth-logo-pixel.webp?fit=225%2C225&ssl=1\",\"contentUrl\":\"https:\\\/\\\/i0.wp.com\\\/melindaozel.com\\\/wp-content\\\/uploads\\\/2025\\\/02\\\/face-the-FACS-eye-mouth-logo-pixel.webp?fit=225%2C225&ssl=1\",\"width\":225,\"height\":225,\"caption\":\"Melinda Ozel\"},\"logo\":{\"@id\":\"https:\\\/\\\/i0.wp.com\\\/melindaozel.com\\\/wp-content\\\/uploads\\\/2025\\\/02\\\/face-the-FACS-eye-mouth-logo-pixel.webp?fit=225%2C225&ssl=1\"},\"sameAs\":[\"https:\\\/\\\/melindaozel.com\",\"https:\\\/\\\/facebook.com\\\/facetheFACS\\\/\",\"https:\\\/\\\/instagram.com\\\/manicexpression\",\"https:\\\/\\\/linkedin.com\\\/in\\\/melindaozel\",\"https:\\\/\\\/pinterest.com\\\/melindaozel\\\/\",\"https:\\\/\\\/x.com\\\/melindaozel\",\"https:\\\/\\\/youtube.com\\\/@facetheFACS\"],\"knowsAbout\":[\"Facial Action Coding System (FACS)\",\"Facial Expression Tracking\",\"Facial Anatomy\",\"Facial Animation\",\"Digital Humans\",\"Audio-to-Expression\",\"Audio-to-Face\",\"Visemes\",\"Lipsync\"],\"jobTitle\":\"Facial Systems Expert, Expression Scientist\",\"numberOfEmployees\":{\"@type\":\"QuantitativeValue\",\"minValue\":\"1\",\"maxValue\":\"10\"}}]}<\/script>\n<!-- \/ Yoast SEO Premium plugin. -->","yoast_head_json":{"title":"Allt om Lipsync F\u00f6rel\u00e4sningsvideor - Face the FACS | Ansiktsuttryck inom animation, AI och beteende","robots":{"index":"index","follow":"follow","max-snippet":"max-snippet:-1","max-image-preview":"max-image-preview:large","max-video-preview":"max-video-preview:-1"},"canonical":"https:\/\/melindaozel.com\/sv\/all-about-lipsync-lecture-videos\/","og_locale":"sv_SE","og_type":"article","og_title":"All About Lipsync Lecture Videos","og_description":"Course access is for individuals and studios who have purchased All About Lipsync. This is a separate product from the Premium Resources subscription. \ud83d\udc49 Already enrolled? Log in below to access your course. \ud83d\udc49 Want to learn more about the class? View All About Lipsync details \u00bb","og_url":"https:\/\/melindaozel.com\/sv\/all-about-lipsync-lecture-videos\/","og_site_name":"Face the FACS | Facial Expressions in Animation, AI, &amp; Behavior","article_publisher":"https:\/\/facebook.com\/facetheFACS\/","article_modified_time":"2025-10-15T20:11:55+00:00","og_image":[{"width":2844,"height":1584,"url":"https:\/\/melindaozel.com\/wp-content\/uploads\/2025\/09\/All-About-Lipsync-Class.webp","type":"image\/webp"}],"twitter_card":"summary_large_image","twitter_site":"@melindaozel","twitter_misc":{"Ber\u00e4knad l\u00e4stid":"1 minut"},"schema":{"@context":"https:\/\/schema.org","@graph":[{"@type":"WebPage","@id":"https:\/\/melindaozel.com\/all-about-lipsync-lecture-videos\/","url":"https:\/\/melindaozel.com\/all-about-lipsync-lecture-videos\/","name":"Allt om Lipsync F\u00f6rel\u00e4sningsvideor - Face the FACS | Ansiktsuttryck inom animation, AI och beteende","isPartOf":{"@id":"https:\/\/melindaozel.com\/zh\/#website"},"primaryImageOfPage":{"@id":"https:\/\/melindaozel.com\/all-about-lipsync-lecture-videos\/#primaryimage"},"image":{"@id":"https:\/\/melindaozel.com\/all-about-lipsync-lecture-videos\/#primaryimage"},"thumbnailUrl":"https:\/\/i0.wp.com\/melindaozel.com\/wp-content\/uploads\/2025\/09\/All-About-Lipsync-Class.webp?fit=2844%2C1584&ssl=1","datePublished":"2025-10-15T19:59:56+00:00","dateModified":"2025-10-15T20:11:55+00:00","breadcrumb":{"@id":"https:\/\/melindaozel.com\/all-about-lipsync-lecture-videos\/#breadcrumb"},"inLanguage":"sv-SE","potentialAction":[{"@type":"ReadAction","target":["https:\/\/melindaozel.com\/all-about-lipsync-lecture-videos\/"]}]},{"@type":"ImageObject","inLanguage":"sv-SE","@id":"https:\/\/melindaozel.com\/all-about-lipsync-lecture-videos\/#primaryimage","url":"https:\/\/i0.wp.com\/melindaozel.com\/wp-content\/uploads\/2025\/09\/All-About-Lipsync-Class.webp?fit=2844%2C1584&ssl=1","contentUrl":"https:\/\/i0.wp.com\/melindaozel.com\/wp-content\/uploads\/2025\/09\/All-About-Lipsync-Class.webp?fit=2844%2C1584&ssl=1","width":2844,"height":1584,"caption":"lipsync class cover photo"},{"@type":"BreadcrumbList","@id":"https:\/\/melindaozel.com\/all-about-lipsync-lecture-videos\/#breadcrumb","itemListElement":[{"@type":"ListItem","position":1,"name":"Home","item":"https:\/\/melindaozel.com\/"},{"@type":"ListItem","position":2,"name":"All About Lipsync Lecture Videos"}]},{"@type":"WebSite","@id":"https:\/\/melindaozel.com\/zh\/#website","url":"https:\/\/melindaozel.com\/zh\/","name":"St\u00e4ll dig inf\u00f6r FACS","description":"Ansiktsuttryck i konst, vetenskap och teknik","publisher":{"@id":"https:\/\/melindaozel.com\/zh\/#\/schema\/person\/81c6262e1bfca3c71960db5aee204e3f"},"potentialAction":[{"@type":"SearchAction","target":{"@type":"EntryPoint","urlTemplate":"https:\/\/melindaozel.com\/zh\/?s={search_term_string}"},"query-input":{"@type":"PropertyValueSpecification","valueRequired":true,"valueName":"search_term_string"}}],"inLanguage":"sv-SE"},{"@type":["Person","Organization"],"@id":"https:\/\/melindaozel.com\/zh\/#\/schema\/person\/81c6262e1bfca3c71960db5aee204e3f","name":"Melinda Ozel","image":{"@type":"ImageObject","inLanguage":"sv-SE","@id":"https:\/\/i0.wp.com\/melindaozel.com\/wp-content\/uploads\/2025\/02\/face-the-FACS-eye-mouth-logo-pixel.webp?fit=225%2C225&ssl=1","url":"https:\/\/i0.wp.com\/melindaozel.com\/wp-content\/uploads\/2025\/02\/face-the-FACS-eye-mouth-logo-pixel.webp?fit=225%2C225&ssl=1","contentUrl":"https:\/\/i0.wp.com\/melindaozel.com\/wp-content\/uploads\/2025\/02\/face-the-FACS-eye-mouth-logo-pixel.webp?fit=225%2C225&ssl=1","width":225,"height":225,"caption":"Melinda Ozel"},"logo":{"@id":"https:\/\/i0.wp.com\/melindaozel.com\/wp-content\/uploads\/2025\/02\/face-the-FACS-eye-mouth-logo-pixel.webp?fit=225%2C225&ssl=1"},"sameAs":["https:\/\/melindaozel.com","https:\/\/facebook.com\/facetheFACS\/","https:\/\/instagram.com\/manicexpression","https:\/\/linkedin.com\/in\/melindaozel","https:\/\/pinterest.com\/melindaozel\/","https:\/\/x.com\/melindaozel","https:\/\/youtube.com\/@facetheFACS"],"knowsAbout":["Facial Action Coding System (FACS)","Facial Expression Tracking","Facial Anatomy","Facial Animation","Digital Humans","Audio-to-Expression","Audio-to-Face","Visemes","Lipsync"],"jobTitle":"Facial Systems Expert, Expression Scientist","numberOfEmployees":{"@type":"QuantitativeValue","minValue":"1","maxValue":"10"}}]}},"jetpack_sharing_enabled":true,"_links":{"self":[{"href":"https:\/\/melindaozel.com\/sv\/wp-json\/wp\/v2\/pages\/13100","targetHints":{"allow":["GET"]}}],"collection":[{"href":"https:\/\/melindaozel.com\/sv\/wp-json\/wp\/v2\/pages"}],"about":[{"href":"https:\/\/melindaozel.com\/sv\/wp-json\/wp\/v2\/types\/page"}],"author":[{"embeddable":true,"href":"https:\/\/melindaozel.com\/sv\/wp-json\/wp\/v2\/users\/60486633"}],"replies":[{"embeddable":true,"href":"https:\/\/melindaozel.com\/sv\/wp-json\/wp\/v2\/comments?post=13100"}],"version-history":[{"count":8,"href":"https:\/\/melindaozel.com\/sv\/wp-json\/wp\/v2\/pages\/13100\/revisions"}],"predecessor-version":[{"id":13112,"href":"https:\/\/melindaozel.com\/sv\/wp-json\/wp\/v2\/pages\/13100\/revisions\/13112"}],"wp:featuredmedia":[{"embeddable":true,"href":"https:\/\/melindaozel.com\/sv\/wp-json\/wp\/v2\/media\/12881"}],"wp:attachment":[{"href":"https:\/\/melindaozel.com\/sv\/wp-json\/wp\/v2\/media?parent=13100"}],"curies":[{"name":"wp","href":"https:\/\/api.w.org\/{rel}","templated":true}]}}