{"id":4764,"date":"2021-06-21T18:54:32","date_gmt":"2021-06-21T22:54:32","guid":{"rendered":"https:\/\/melindaozel.com\/?page_id=4764"},"modified":"2021-06-21T18:54:32","modified_gmt":"2021-06-21T22:54:32","slug":"terms-of-use","status":"publish","type":"page","link":"https:\/\/melindaozel.com\/pt\/terms-of-use\/","title":{"rendered":"Termos de uso"},"content":{"rendered":"<h1 style=\"text-align: center;\">Termos e Condi\u00e7\u00f5es<\/h1>\n<p>Bem-vindo ao <em>Enfrentar o FACS<\/em>! <em>Enfrentar o FACS<\/em> \u00e9 uma plataforma de aprendizagem on-line no site <a href=\"http:\/\/www.melindaozel.com\" rel=\"nofollow\">http:\/\/www.melindaozel.com<\/a> (website) operado por Melinda Ozel. <em>Enfrentar o FACS<\/em> ajuda seus usu\u00e1rios (usu\u00e1rio, voc\u00ea) a aprender t\u00f3picos relacionados \u00e0 express\u00e3o.<\/p>\n<p>Os seguintes Termos e Condi\u00e7\u00f5es (T&amp;Cs) regem o relacionamento entre voc\u00ea e n\u00f3s e responder\u00e3o as perguntas mais relevantes de sua \u00e1rea jur\u00eddica para uso <em>Enfrentar o FACS<\/em> e nossos servi\u00e7os. Leia-os com aten\u00e7\u00e3o.<\/p>\n<p>Em particular, estes T&amp;Cs o informam sobre<\/p>\n<ul>\n<li>o in\u00edcio e o fim do nosso contrato<\/li>\n<li>o pagamento de sua assinatura<\/li>\n<li>seu direito de cancelar a inscri\u00e7\u00e3o<\/li>\n<li>nossa responsabilidade<\/li>\n<li>direitos autorais e propriedade de nosso conte\u00fado.<\/li>\n<\/ul>\n<p>\u00a7 1 Como fa\u00e7o para usar <em>Enfrentar o FACS<\/em> e quando fa\u00e7o um contrato de vincula\u00e7\u00e3o?<\/p>\n<p style=\"padding-left: 40px;\">A fim de usar <em>Enfrente os FACS's<\/em> servi\u00e7os de assinatura, voc\u00ea precisa criar uma conta. Ao fazer isso, voc\u00ea celebra um contrato de vincula\u00e7\u00e3o conosco.<br \/>\nVoc\u00ea s\u00f3 pode usar <em>Enfrentar o FACS<\/em> para o estudo pessoal das express\u00f5es. Nenhum outro uso \u00e9 permitido, especialmente para fins comerciais ou para compartilhar sua conta com outras pessoas.<\/p>\n<p>\u00a7 2 O que posso fazer com <em>Enfrentar o FACS<\/em>?<\/p>\n<p style=\"padding-left: 40px;\"><em>Enfrentar o FACS<\/em> fornece amplos recursos para gui\u00e1-lo atrav\u00e9s da anatomia facial humana e n\u00e3o humana com v\u00eddeos, GIFs, imagens, diagramas e artigos.<br \/>\n<em>Enfrentar o FACS<\/em> oferece uso gratuito com acesso limitado a seu conte\u00fado e fun\u00e7\u00f5es, assim como uma assinatura paga que concede acesso mais amplo (conta de assinatura).<\/p>\n<p>Voc\u00ea pode usar <em>Enfrentar o FACS<\/em> somente para fins particulares.<\/p>\n<p style=\"padding-left: 40px;\">Para o ensino e outros fins <em>Enfrentar o FACS<\/em> oferece licen\u00e7as especiais (por exemplo, licen\u00e7as de campus, de imagem ou de instrutor). Se voc\u00ea estiver interessado em nossas licen\u00e7as, entre em contato conosco.<\/p>\n<p>\u00a7 3 Quanto custa e como funciona o pagamento?<\/p>\n<p style=\"padding-left: 40px;\">O uso do conte\u00fado n\u00e3o-subscri\u00e7\u00e3o \u00e9 gratuito.<\/p>\n<p style=\"padding-left: 40px;\">Voc\u00ea encontrar\u00e1 pre\u00e7os para <em>Enfrente os FACS's<\/em> contas de assinatura na p\u00e1gina de assinatura.<\/p>\n<p style=\"padding-left: 40px;\">Todos os pre\u00e7os est\u00e3o na moeda exibida e podem ser convertidos em sua moeda local durante o checkout.<\/p>\n<p><em>Enfrentar o FACS<\/em> aceita pagamentos via Stripe e Paypal.<\/p>\n<p>\u00a7 4 Quanto tempo dura meu contrato?<\/p>\n<p style=\"padding-left: 40px;\">As assinaturas mensais duram um m\u00eas e s\u00e3o renovadas automaticamente, a menos que voc\u00ea opte pela n\u00e3o renova\u00e7\u00e3o autom\u00e1tica manualmente. As assinaturas anuais duram um ano e s\u00e3o renovadas automaticamente a menos que voc\u00ea opte pela n\u00e3o-renova\u00e7\u00e3o autom\u00e1tica manualmente.<\/p>\n<p style=\"padding-left: 40px;\">Voc\u00ea e <em>Enfrentar o FACS<\/em> ambos podem cancelar o contrato at\u00e9 o final do m\u00eas ou ano corrente.<\/p>\n<p style=\"padding-left: 40px;\">As assinaturas pagas ou s\u00e3o entradas por um ou doze meses.<\/p>\n<p>\u00a7 5 Minha assinatura paga se renova automaticamente?<\/p>\n<p style=\"padding-left: 40px;\">Sim, a menos que voc\u00ea ou n\u00f3s o tenhamos cancelado.<\/p>\n<p>\u00a7 6 Como fa\u00e7o para cancelar?<\/p>\n<p style=\"padding-left: 40px;\">Voc\u00ea pode cancelar qualquer contrato antes do pr\u00f3ximo ciclo de faturamento atrav\u00e9s de sua conta ou enviando um e-mail para facetheFACS@melindaozel.com.<\/p>\n<p style=\"padding-left: 40px;\">Favor observar que qualquer tempo n\u00e3o utilizado no \u00faltimo ciclo de faturamento n\u00e3o pode ser rateado ou reembolsado.<\/p>\n<p style=\"padding-left: 40px;\">Ao encerrar sua conta premium, ela ser\u00e1 trocada automaticamente de volta para a conta b\u00e1sica.<\/p>\n<p>\u00a7 7 E se eu n\u00e3o gostar de seus servi\u00e7os?<\/p>\n<p style=\"padding-left: 40px;\">Se voc\u00ea n\u00e3o estiver satisfeito por qualquer motivo, voc\u00ea pode cancelar sua conta. Consulte acima a se\u00e7\u00e3o \u00a7 6.<\/p>\n<p>\u00a7 9 O que \u00e9 <em>Enfrente os FACS's<\/em> responsabilidade civil e como \u00e9 limitada?<\/p>\n<p style=\"padding-left: 40px;\"><em>Enfrentar o FACS<\/em> n\u00e3o pode garantir a validade nem a precis\u00e3o do conte\u00fado educacional fornecido em <em>Enfrentar o FACS<\/em>mas <em>Enfrentar o FACS<\/em> compila trabalho e experi\u00eancia de especialistas em cada \u00e1rea para garantir que voc\u00ea obtenha o conte\u00fado mais preciso. Se voc\u00ea detectar um erro, por favor nos avise e n\u00f3s revisaremos e consertaremos cuidadosamente o mais r\u00e1pido poss\u00edvel.<\/p>\n<p>\u00a7 10 Quem tem os direitos autorais e quem \u00e9 o propriet\u00e1rio do conte\u00fado?<\/p>\n<p style=\"padding-left: 40px;\">A menos que o conte\u00fado seja expressamente rotulado de outra forma, ou que voc\u00ea tenha obtido legalmente uma licen\u00e7a, todos os textos, imagens e outros trabalhos criados por <em>Enfrentar o FACS<\/em> e colocados \u00e0 sua disposi\u00e7\u00e3o no decorrer de sua conta s\u00e3o protegidos por direitos autorais. Portanto, voc\u00ea n\u00e3o est\u00e1 autorizado a reproduzir, distribuir ou exibir nosso conte\u00fado nem public\u00e1-lo de forma alguma.<\/p>\n<p style=\"padding-left: 40px;\">Para qualquer outro uso (ou seja, replica\u00e7\u00e3o, duplica\u00e7\u00e3o, venda, revenda ou explora\u00e7\u00e3o), voc\u00ea tem que obter nosso consentimento por escrito e\/ou uma licen\u00e7a.<\/p>\n<p>\u00a7 11 Que lei \u00e9 aplic\u00e1vel ao meu contrato?<\/p>\n<p style=\"padding-left: 40px;\">Este contrato est\u00e1 sujeito \u00e0s leis dos Estados Unidos.<\/p>","protected":false},"excerpt":{"rendered":"<p>Termos e Condi\u00e7\u00f5es Bem-vindo ao Face the FACS! O Face the FACS \u00e9 uma plataforma de aprendizado on-line no site <a href=\"http:\/\/www.melindaozel.com\" rel=\"nofollow\">http:\/\/www.melindaozel.com<\/a> (website) operado por Melinda Ozel. O Face the FACS ajuda seus usu\u00e1rios (usu\u00e1rio, voc\u00ea) a aprender t\u00f3picos relacionados \u00e0 express\u00e3o. Os Termos e Condi\u00e7\u00f5es (T&amp;Cs) a seguir regem o relacionamento entre voc\u00ea e n\u00f3s e responder\u00e3o \u00e0s perguntas mais relevantes ... <a title=\"Termos de uso\" class=\"read-more\" href=\"https:\/\/melindaozel.com\/pt\/terms-of-use\/\" aria-label=\"Leia mais sobre os Termos de Uso\">Leia mais<\/a><\/p>","protected":false},"author":60486633,"featured_media":0,"parent":0,"menu_order":0,"comment_status":"closed","ping_status":"closed","template":"","meta":{"footnotes":""},"class_list":["post-4764","page","type-page","status-publish"],"yoast_head":"<!-- This site is optimized with the Yoast SEO Premium plugin v27.3 (Yoast SEO v27.3) - https:\/\/yoast.com\/product\/yoast-seo-premium-wordpress\/ -->\n<title>Terms of Use - Face the FACS | Facial Expressions in Animation, AI, &amp; Behavior<\/title>\n<meta name=\"robots\" content=\"index, follow, max-snippet:-1, max-image-preview:large, max-video-preview:-1\" \/>\n<link rel=\"canonical\" href=\"https:\/\/melindaozel.com\/pt\/terms-of-use\/\" \/>\n<meta property=\"og:locale\" content=\"pt_BR\" \/>\n<meta property=\"og:type\" content=\"article\" \/>\n<meta property=\"og:title\" content=\"Terms of Use\" \/>\n<meta property=\"og:description\" content=\"Terms and Conditions Welcome to Face the FACS! Face the FACS is an online learning platform on the website http:\/\/www.melindaozel.com (website) operated by Melinda Ozel. Face the FACS helps its users (user, you) learn expression-related topics. The following Terms and Conditions (T&amp;Cs) govern the relationship between you and us and will answer the most relevant ... Leia mais\" \/>\n<meta property=\"og:url\" content=\"https:\/\/melindaozel.com\/pt\/terms-of-use\/\" \/>\n<meta property=\"og:site_name\" content=\"Face the FACS | Facial Expressions in Animation, AI, &amp; Behavior\" \/>\n<meta property=\"article:publisher\" content=\"https:\/\/facebook.com\/facetheFACS\/\" \/>\n<meta property=\"og:image\" content=\"https:\/\/melindaozel.com\/wp-content\/uploads\/2020\/06\/face2-1024x1024.png\" \/>\n\t<meta property=\"og:image:width\" content=\"1024\" \/>\n\t<meta property=\"og:image:height\" content=\"1024\" \/>\n\t<meta property=\"og:image:type\" content=\"image\/png\" \/>\n<meta name=\"twitter:card\" content=\"summary_large_image\" \/>\n<meta name=\"twitter:site\" content=\"@melindaozel\" \/>\n<meta name=\"twitter:label1\" content=\"Est. tempo de leitura\" \/>\n\t<meta name=\"twitter:data1\" content=\"3 minutos\" \/>\n<script type=\"application\/ld+json\" class=\"yoast-schema-graph\">{\"@context\":\"https:\\\/\\\/schema.org\",\"@graph\":[{\"@type\":\"WebPage\",\"@id\":\"https:\\\/\\\/melindaozel.com\\\/fr\\\/terms-of-use\\\/\",\"url\":\"https:\\\/\\\/melindaozel.com\\\/fr\\\/terms-of-use\\\/\",\"name\":\"Terms of Use - Face the FACS | Facial Expressions in Animation, AI, &amp; Behavior\",\"isPartOf\":{\"@id\":\"https:\\\/\\\/melindaozel.com\\\/zh\\\/#website\"},\"datePublished\":\"2021-06-21T22:54:32+00:00\",\"breadcrumb\":{\"@id\":\"https:\\\/\\\/melindaozel.com\\\/fr\\\/terms-of-use\\\/#breadcrumb\"},\"inLanguage\":\"pt-BR\",\"potentialAction\":[{\"@type\":\"ReadAction\",\"target\":[\"https:\\\/\\\/melindaozel.com\\\/fr\\\/terms-of-use\\\/\"]}]},{\"@type\":\"BreadcrumbList\",\"@id\":\"https:\\\/\\\/melindaozel.com\\\/fr\\\/terms-of-use\\\/#breadcrumb\",\"itemListElement\":[{\"@type\":\"ListItem\",\"position\":1,\"name\":\"Home\",\"item\":\"https:\\\/\\\/melindaozel.com\\\/\"},{\"@type\":\"ListItem\",\"position\":2,\"name\":\"Terms of Use\"}]},{\"@type\":\"WebSite\",\"@id\":\"https:\\\/\\\/melindaozel.com\\\/zh\\\/#website\",\"url\":\"https:\\\/\\\/melindaozel.com\\\/zh\\\/\",\"name\":\"Face the FACS\",\"description\":\"Facial Expressions in Art, Science, &amp; Technology\",\"publisher\":{\"@id\":\"https:\\\/\\\/melindaozel.com\\\/zh\\\/#\\\/schema\\\/person\\\/81c6262e1bfca3c71960db5aee204e3f\"},\"potentialAction\":[{\"@type\":\"SearchAction\",\"target\":{\"@type\":\"EntryPoint\",\"urlTemplate\":\"https:\\\/\\\/melindaozel.com\\\/zh\\\/?s={search_term_string}\"},\"query-input\":{\"@type\":\"PropertyValueSpecification\",\"valueRequired\":true,\"valueName\":\"search_term_string\"}}],\"inLanguage\":\"pt-BR\"},{\"@type\":[\"Person\",\"Organization\"],\"@id\":\"https:\\\/\\\/melindaozel.com\\\/zh\\\/#\\\/schema\\\/person\\\/81c6262e1bfca3c71960db5aee204e3f\",\"name\":\"Melinda Ozel\",\"image\":{\"@type\":\"ImageObject\",\"inLanguage\":\"pt-BR\",\"@id\":\"https:\\\/\\\/i0.wp.com\\\/melindaozel.com\\\/wp-content\\\/uploads\\\/2025\\\/02\\\/face-the-FACS-eye-mouth-logo-pixel.webp?fit=225%2C225&ssl=1\",\"url\":\"https:\\\/\\\/i0.wp.com\\\/melindaozel.com\\\/wp-content\\\/uploads\\\/2025\\\/02\\\/face-the-FACS-eye-mouth-logo-pixel.webp?fit=225%2C225&ssl=1\",\"contentUrl\":\"https:\\\/\\\/i0.wp.com\\\/melindaozel.com\\\/wp-content\\\/uploads\\\/2025\\\/02\\\/face-the-FACS-eye-mouth-logo-pixel.webp?fit=225%2C225&ssl=1\",\"width\":225,\"height\":225,\"caption\":\"Melinda Ozel\"},\"logo\":{\"@id\":\"https:\\\/\\\/i0.wp.com\\\/melindaozel.com\\\/wp-content\\\/uploads\\\/2025\\\/02\\\/face-the-FACS-eye-mouth-logo-pixel.webp?fit=225%2C225&ssl=1\"},\"sameAs\":[\"https:\\\/\\\/melindaozel.com\",\"https:\\\/\\\/facebook.com\\\/facetheFACS\\\/\",\"https:\\\/\\\/instagram.com\\\/manicexpression\",\"https:\\\/\\\/linkedin.com\\\/in\\\/melindaozel\",\"https:\\\/\\\/pinterest.com\\\/melindaozel\\\/\",\"https:\\\/\\\/x.com\\\/melindaozel\",\"https:\\\/\\\/youtube.com\\\/@facetheFACS\"],\"knowsAbout\":[\"Facial Action Coding System (FACS)\",\"Facial Expression Tracking\",\"Facial Anatomy\",\"Facial Animation\",\"Digital Humans\",\"Audio-to-Expression\",\"Audio-to-Face\",\"Visemes\",\"Lipsync\"],\"jobTitle\":\"Facial Systems Expert, Expression Scientist\",\"numberOfEmployees\":{\"@type\":\"QuantitativeValue\",\"minValue\":\"1\",\"maxValue\":\"10\"}}]}<\/script>\n<!-- \/ Yoast SEO Premium plugin. -->","yoast_head_json":{"title":"Termos de uso - Face the FACS | Facial Expressions in Animation, AI, &amp; Behavior (Express\u00f5es faciais em anima\u00e7\u00e3o, IA e comportamento)","robots":{"index":"index","follow":"follow","max-snippet":"max-snippet:-1","max-image-preview":"max-image-preview:large","max-video-preview":"max-video-preview:-1"},"canonical":"https:\/\/melindaozel.com\/pt\/terms-of-use\/","og_locale":"pt_BR","og_type":"article","og_title":"Terms of Use","og_description":"Terms and Conditions Welcome to Face the FACS! Face the FACS is an online learning platform on the website http:\/\/www.melindaozel.com (website) operated by Melinda Ozel. Face the FACS helps its users (user, you) learn expression-related topics. The following Terms and Conditions (T&amp;Cs) govern the relationship between you and us and will answer the most relevant ... Leia mais","og_url":"https:\/\/melindaozel.com\/pt\/terms-of-use\/","og_site_name":"Face the FACS | Facial Expressions in Animation, AI, &amp; Behavior","article_publisher":"https:\/\/facebook.com\/facetheFACS\/","og_image":[{"width":1024,"height":1024,"url":"https:\/\/melindaozel.com\/wp-content\/uploads\/2020\/06\/face2-1024x1024.png","type":"image\/png"}],"twitter_card":"summary_large_image","twitter_site":"@melindaozel","twitter_misc":{"Est. tempo de leitura":"3 minutos"},"schema":{"@context":"https:\/\/schema.org","@graph":[{"@type":"WebPage","@id":"https:\/\/melindaozel.com\/fr\/terms-of-use\/","url":"https:\/\/melindaozel.com\/fr\/terms-of-use\/","name":"Termos de uso - Face the FACS | Facial Expressions in Animation, AI, &amp; Behavior (Express\u00f5es faciais em anima\u00e7\u00e3o, IA e comportamento)","isPartOf":{"@id":"https:\/\/melindaozel.com\/zh\/#website"},"datePublished":"2021-06-21T22:54:32+00:00","breadcrumb":{"@id":"https:\/\/melindaozel.com\/fr\/terms-of-use\/#breadcrumb"},"inLanguage":"pt-BR","potentialAction":[{"@type":"ReadAction","target":["https:\/\/melindaozel.com\/fr\/terms-of-use\/"]}]},{"@type":"BreadcrumbList","@id":"https:\/\/melindaozel.com\/fr\/terms-of-use\/#breadcrumb","itemListElement":[{"@type":"ListItem","position":1,"name":"Home","item":"https:\/\/melindaozel.com\/"},{"@type":"ListItem","position":2,"name":"Terms of Use"}]},{"@type":"WebSite","@id":"https:\/\/melindaozel.com\/zh\/#website","url":"https:\/\/melindaozel.com\/zh\/","name":"Enfrentar o FACS","description":"Express\u00f5es faciais na arte, ci\u00eancia e tecnologia","publisher":{"@id":"https:\/\/melindaozel.com\/zh\/#\/schema\/person\/81c6262e1bfca3c71960db5aee204e3f"},"potentialAction":[{"@type":"SearchAction","target":{"@type":"EntryPoint","urlTemplate":"https:\/\/melindaozel.com\/zh\/?s={search_term_string}"},"query-input":{"@type":"PropertyValueSpecification","valueRequired":true,"valueName":"search_term_string"}}],"inLanguage":"pt-BR"},{"@type":["Person","Organization"],"@id":"https:\/\/melindaozel.com\/zh\/#\/schema\/person\/81c6262e1bfca3c71960db5aee204e3f","name":"Melinda Ozel","image":{"@type":"ImageObject","inLanguage":"pt-BR","@id":"https:\/\/i0.wp.com\/melindaozel.com\/wp-content\/uploads\/2025\/02\/face-the-FACS-eye-mouth-logo-pixel.webp?fit=225%2C225&ssl=1","url":"https:\/\/i0.wp.com\/melindaozel.com\/wp-content\/uploads\/2025\/02\/face-the-FACS-eye-mouth-logo-pixel.webp?fit=225%2C225&ssl=1","contentUrl":"https:\/\/i0.wp.com\/melindaozel.com\/wp-content\/uploads\/2025\/02\/face-the-FACS-eye-mouth-logo-pixel.webp?fit=225%2C225&ssl=1","width":225,"height":225,"caption":"Melinda Ozel"},"logo":{"@id":"https:\/\/i0.wp.com\/melindaozel.com\/wp-content\/uploads\/2025\/02\/face-the-FACS-eye-mouth-logo-pixel.webp?fit=225%2C225&ssl=1"},"sameAs":["https:\/\/melindaozel.com","https:\/\/facebook.com\/facetheFACS\/","https:\/\/instagram.com\/manicexpression","https:\/\/linkedin.com\/in\/melindaozel","https:\/\/pinterest.com\/melindaozel\/","https:\/\/x.com\/melindaozel","https:\/\/youtube.com\/@facetheFACS"],"knowsAbout":["Facial Action Coding System (FACS)","Facial Expression Tracking","Facial Anatomy","Facial Animation","Digital Humans","Audio-to-Expression","Audio-to-Face","Visemes","Lipsync"],"jobTitle":"Facial Systems Expert, Expression Scientist","numberOfEmployees":{"@type":"QuantitativeValue","minValue":"1","maxValue":"10"}}]}},"jetpack_sharing_enabled":true,"_links":{"self":[{"href":"https:\/\/melindaozel.com\/pt\/wp-json\/wp\/v2\/pages\/4764","targetHints":{"allow":["GET"]}}],"collection":[{"href":"https:\/\/melindaozel.com\/pt\/wp-json\/wp\/v2\/pages"}],"about":[{"href":"https:\/\/melindaozel.com\/pt\/wp-json\/wp\/v2\/types\/page"}],"author":[{"embeddable":true,"href":"https:\/\/melindaozel.com\/pt\/wp-json\/wp\/v2\/users\/60486633"}],"replies":[{"embeddable":true,"href":"https:\/\/melindaozel.com\/pt\/wp-json\/wp\/v2\/comments?post=4764"}],"version-history":[{"count":4,"href":"https:\/\/melindaozel.com\/pt\/wp-json\/wp\/v2\/pages\/4764\/revisions"}],"predecessor-version":[{"id":4768,"href":"https:\/\/melindaozel.com\/pt\/wp-json\/wp\/v2\/pages\/4764\/revisions\/4768"}],"wp:attachment":[{"href":"https:\/\/melindaozel.com\/pt\/wp-json\/wp\/v2\/media?parent=4764"}],"curies":[{"name":"wp","href":"https:\/\/api.w.org\/{rel}","templated":true}]}}