{"id":2571,"date":"2020-05-13T10:37:59","date_gmt":"2020-05-13T17:37:59","guid":{"rendered":"https:\/\/melindaozel.com\/?page_id=2571"},"modified":"2026-01-31T15:43:06","modified_gmt":"2026-01-31T20:43:06","slug":"subscription-options","status":"publish","type":"page","link":"https:\/\/melindaozel.com\/pt\/subscription-options\/","title":{"rendered":"Inscreva-se :)"},"content":{"rendered":"<div class=\"mp_wrapper\">\n  <div class=\"mepr-unauthorized-message\">\n    <p>Por favor<strong> <a href=\"https:\/\/melindaozel.com\/subscription-options\/\">assine<\/a> <\/strong>para ver este conte\u00fado.<\/p>\n<p>&nbsp;<\/p>\n  <\/div>\n  <div class=\"mepr-login-form-wrap\">\n            \n<div class=\"mp_wrapper mp_login_form\">\n                  <!-- mp-login-form-start -->     <form name=\"mepr_loginform\" id=\"mepr_loginform\" class=\"mepr-form\" action=\"https:\/\/melindaozel.com\/pt\/login\/\" method=\"post\">\n            <div class=\"mp-form-row mepr_username\">\n        <div class=\"mp-form-label\">\n                              <label for=\"user_login\">Nome de usu\u00e1rio<\/label>\n        <\/div>\n        <input type=\"text\" name=\"log\" id=\"user_login\" value=\"\" \/>\n      <\/div>\n      <div class=\"mp-form-row mepr_password\">\n        <div class=\"mp-form-label\">\n          <label for=\"user_pass\">Senha<\/label>\n          <div class=\"mp-hide-pw\">\n            <input type=\"password\" name=\"pwd\" id=\"user_pass\" value=\"\" \/>\n            <button type=\"button\" class=\"button mp-hide-pw hide-if-no-js\" data-toggle=\"0\" aria-label=\"Mostrar senha\">\n              <span class=\"dashicons dashicons-visibility\" aria-hidden=\"true\"><\/span>\n            <\/button>\n          <\/div>\n        <\/div>\n      <\/div>\n            <div>\n        <label><input name=\"rememberme\" type=\"checkbox\" id=\"rememberme\" value=\"forever\" \/> Lembrar-me<\/label>\n      <\/div>\n      <div class=\"mp-spacer\">&nbsp;<\/div>\n      <div class=\"submit\">\n        <input type=\"submit\" name=\"wp-submit\" id=\"wp-submit\" class=\"button-primary mepr-share-button\" value=\"Acessar\" \/>\n        <input type=\"hidden\" name=\"redirect_to\" value=\"\/pt\/wp-json\/wp\/v2\/pages\/2571\" \/>\n        <input type=\"hidden\" name=\"mepr_process_login_form\" value=\"true\" \/>\n        <input type=\"hidden\" name=\"mepr_is_login_page\" value=\"false\" \/>\n      <\/div>\n    <\/form>\n    <div class=\"mp-spacer\">&nbsp;<\/div>\n    <div class=\"mepr-login-actions\">\n        <a\n          href=\"https:\/\/melindaozel.com\/pt\/login\/?action=forgot_password\"\n          title=\"Clique aqui para redefinir sua senha\"\n        >\n          Esqueci a senha        <\/a>\n    <\/div>\n\n      \n    <!-- mp-login-form-end --> \n  <\/div>\n      <\/div>\n<\/div>","protected":false},"excerpt":{"rendered":"<p>Se voc\u00ea est\u00e1 procurando um lugar para aprender sobre o rosto - este \u00e9 o seu lugar! Face the FACS \u00e9 um site de recursos para artistas e pesquisadores que queiram saber mais sobre o Sistema de Codifica\u00e7\u00e3o da A\u00e7\u00e3o Facial (FACS) e mais al\u00e9m!<\/p>","protected":false},"author":60486633,"featured_media":7986,"parent":0,"menu_order":0,"comment_status":"closed","ping_status":"closed","template":"elementor_header_footer","meta":{"footnotes":""},"class_list":["post-2571","page","type-page","status-publish","has-post-thumbnail","hentry","generate-columns","tablet-grid-50","mobile-grid-100","grid-parent","grid-50"],"yoast_head":"<!-- This site is optimized with the Yoast SEO Premium plugin v27.1 (Yoast SEO v27.1.1) - https:\/\/yoast.com\/product\/yoast-seo-premium-wordpress\/ -->\n<title>Subscribe :) - Face the FACS | Facial Expressions in Animation, AI, &amp; Behavior<\/title>\n<meta name=\"robots\" content=\"index, follow, max-snippet:-1, max-image-preview:large, max-video-preview:-1\" \/>\n<link rel=\"canonical\" href=\"https:\/\/melindaozel.com\/pt\/subscription-options\/\" \/>\n<meta property=\"og:locale\" content=\"pt_BR\" \/>\n<meta property=\"og:type\" content=\"article\" \/>\n<meta property=\"og:title\" content=\"Subscribe :)\" \/>\n<meta property=\"og:description\" content=\"If you&#039;re looking for a place to learn about the face - this is your spot! Face the FACS is a resource site for artists and researchers who want to know more about the Facial Action Coding System (FACS) and beyond!\" \/>\n<meta property=\"og:url\" content=\"https:\/\/melindaozel.com\/pt\/subscription-options\/\" \/>\n<meta property=\"og:site_name\" content=\"Face the FACS | Facial Expressions in Animation, AI, &amp; Behavior\" \/>\n<meta property=\"article:publisher\" content=\"https:\/\/facebook.com\/facetheFACS\/\" \/>\n<meta property=\"article:modified_time\" content=\"2026-01-31T20:43:06+00:00\" \/>\n<meta property=\"og:image\" content=\"https:\/\/melindaozel.com\/wp-content\/uploads\/2022\/08\/Facial-Expression-Classes-for-artists-1024x536.png\" \/>\n\t<meta property=\"og:image:width\" content=\"1024\" \/>\n\t<meta property=\"og:image:height\" content=\"536\" \/>\n\t<meta property=\"og:image:type\" content=\"image\/png\" \/>\n<meta name=\"twitter:card\" content=\"summary_large_image\" \/>\n<meta name=\"twitter:site\" content=\"@melindaozel\" \/>\n<meta name=\"twitter:label1\" content=\"Est. tempo de leitura\" \/>\n\t<meta name=\"twitter:data1\" content=\"1 minuto\" \/>\n<script type=\"application\/ld+json\" class=\"yoast-schema-graph\">{\"@context\":\"https:\/\/schema.org\",\"@graph\":[{\"@type\":\"WebPage\",\"@id\":\"https:\/\/melindaozel.com\/subscription-options\/\",\"url\":\"https:\/\/melindaozel.com\/subscription-options\/\",\"name\":\"Subscribe :) - Face the FACS | Facial Expressions in Animation, AI, &amp; Behavior\",\"isPartOf\":{\"@id\":\"https:\/\/melindaozel.com\/zh\/#website\"},\"primaryImageOfPage\":{\"@id\":\"https:\/\/melindaozel.com\/subscription-options\/#primaryimage\"},\"image\":{\"@id\":\"https:\/\/melindaozel.com\/subscription-options\/#primaryimage\"},\"thumbnailUrl\":\"https:\/\/i0.wp.com\/melindaozel.com\/wp-content\/uploads\/2022\/08\/Facial-Expression-Classes-for-artists.png?fit=2400%2C1256&ssl=1\",\"datePublished\":\"2020-05-13T17:37:59+00:00\",\"dateModified\":\"2026-01-31T20:43:06+00:00\",\"breadcrumb\":{\"@id\":\"https:\/\/melindaozel.com\/subscription-options\/#breadcrumb\"},\"inLanguage\":\"pt-BR\",\"potentialAction\":[{\"@type\":\"ReadAction\",\"target\":[\"https:\/\/melindaozel.com\/subscription-options\/\"]}]},{\"@type\":\"ImageObject\",\"inLanguage\":\"pt-BR\",\"@id\":\"https:\/\/melindaozel.com\/subscription-options\/#primaryimage\",\"url\":\"https:\/\/i0.wp.com\/melindaozel.com\/wp-content\/uploads\/2022\/08\/Facial-Expression-Classes-for-artists.png?fit=2400%2C1256&ssl=1\",\"contentUrl\":\"https:\/\/i0.wp.com\/melindaozel.com\/wp-content\/uploads\/2022\/08\/Facial-Expression-Classes-for-artists.png?fit=2400%2C1256&ssl=1\",\"width\":2400,\"height\":1256,\"caption\":\"Facial Expression Resources for artists\"},{\"@type\":\"BreadcrumbList\",\"@id\":\"https:\/\/melindaozel.com\/subscription-options\/#breadcrumb\",\"itemListElement\":[{\"@type\":\"ListItem\",\"position\":1,\"name\":\"Home\",\"item\":\"https:\/\/melindaozel.com\/\"},{\"@type\":\"ListItem\",\"position\":2,\"name\":\"Subscribe :)\"}]},{\"@type\":\"WebSite\",\"@id\":\"https:\/\/melindaozel.com\/zh\/#website\",\"url\":\"https:\/\/melindaozel.com\/zh\/\",\"name\":\"Face the FACS\",\"description\":\"Facial Expressions in Art, Science, &amp; Technology\",\"publisher\":{\"@id\":\"https:\/\/melindaozel.com\/zh\/#\/schema\/person\/81c6262e1bfca3c71960db5aee204e3f\"},\"potentialAction\":[{\"@type\":\"SearchAction\",\"target\":{\"@type\":\"EntryPoint\",\"urlTemplate\":\"https:\/\/melindaozel.com\/zh\/?s={search_term_string}\"},\"query-input\":{\"@type\":\"PropertyValueSpecification\",\"valueRequired\":true,\"valueName\":\"search_term_string\"}}],\"inLanguage\":\"pt-BR\"},{\"@type\":[\"Person\",\"Organization\"],\"@id\":\"https:\/\/melindaozel.com\/zh\/#\/schema\/person\/81c6262e1bfca3c71960db5aee204e3f\",\"name\":\"Melinda Ozel\",\"image\":{\"@type\":\"ImageObject\",\"inLanguage\":\"pt-BR\",\"@id\":\"https:\/\/melindaozel.com\/zh\/#\/schema\/person\/image\/\",\"url\":\"https:\/\/i0.wp.com\/melindaozel.com\/wp-content\/uploads\/2026\/02\/face-the-facs-logo.webp?fit=123%2C123&ssl=1\",\"contentUrl\":\"https:\/\/i0.wp.com\/melindaozel.com\/wp-content\/uploads\/2026\/02\/face-the-facs-logo.webp?fit=123%2C123&ssl=1\",\"width\":123,\"height\":123,\"caption\":\"Melinda Ozel\"},\"logo\":{\"@id\":\"https:\/\/melindaozel.com\/zh\/#\/schema\/person\/image\/\"},\"sameAs\":[\"https:\/\/melindaozel.com\",\"https:\/\/facebook.com\/facetheFACS\/\",\"https:\/\/instagram.com\/manicexpression\",\"https:\/\/linkedin.com\/in\/melindaozel\",\"https:\/\/pinterest.com\/melindaozel\/\",\"https:\/\/x.com\/melindaozel\",\"https:\/\/youtube.com\/@facetheFACS\"],\"knowsAbout\":[\"Facial Action Coding System (FACS)\",\"Facial Expression Tracking\",\"Facial Anatomy\",\"Facial Animation\",\"Digital Humans\",\"Audio-to-Expression\",\"Audio-to-Face\",\"Visemes\",\"Lipsync\"],\"jobTitle\":\"Facial Systems Expert, Expression Scientist\"}]}<\/script>\n<!-- \/ Yoast SEO Premium plugin. -->","yoast_head_json":{"title":"Assinar :) - Face the FACS | Express\u00f5es faciais em anima\u00e7\u00e3o, IA e comportamento","robots":{"index":"index","follow":"follow","max-snippet":"max-snippet:-1","max-image-preview":"max-image-preview:large","max-video-preview":"max-video-preview:-1"},"canonical":"https:\/\/melindaozel.com\/pt\/subscription-options\/","og_locale":"pt_BR","og_type":"article","og_title":"Subscribe :)","og_description":"If you're looking for a place to learn about the face - this is your spot! Face the FACS is a resource site for artists and researchers who want to know more about the Facial Action Coding System (FACS) and beyond!","og_url":"https:\/\/melindaozel.com\/pt\/subscription-options\/","og_site_name":"Face the FACS | Facial Expressions in Animation, AI, &amp; Behavior","article_publisher":"https:\/\/facebook.com\/facetheFACS\/","article_modified_time":"2026-01-31T20:43:06+00:00","og_image":[{"width":1024,"height":536,"url":"https:\/\/melindaozel.com\/wp-content\/uploads\/2022\/08\/Facial-Expression-Classes-for-artists-1024x536.png","type":"image\/png"}],"twitter_card":"summary_large_image","twitter_site":"@melindaozel","twitter_misc":{"Est. tempo de leitura":"1 minuto"},"schema":{"@context":"https:\/\/schema.org","@graph":[{"@type":"WebPage","@id":"https:\/\/melindaozel.com\/subscription-options\/","url":"https:\/\/melindaozel.com\/subscription-options\/","name":"Assinar :) - Face the FACS | Express\u00f5es faciais em anima\u00e7\u00e3o, IA e comportamento","isPartOf":{"@id":"https:\/\/melindaozel.com\/zh\/#website"},"primaryImageOfPage":{"@id":"https:\/\/melindaozel.com\/subscription-options\/#primaryimage"},"image":{"@id":"https:\/\/melindaozel.com\/subscription-options\/#primaryimage"},"thumbnailUrl":"https:\/\/i0.wp.com\/melindaozel.com\/wp-content\/uploads\/2022\/08\/Facial-Expression-Classes-for-artists.png?fit=2400%2C1256&ssl=1","datePublished":"2020-05-13T17:37:59+00:00","dateModified":"2026-01-31T20:43:06+00:00","breadcrumb":{"@id":"https:\/\/melindaozel.com\/subscription-options\/#breadcrumb"},"inLanguage":"pt-BR","potentialAction":[{"@type":"ReadAction","target":["https:\/\/melindaozel.com\/subscription-options\/"]}]},{"@type":"ImageObject","inLanguage":"pt-BR","@id":"https:\/\/melindaozel.com\/subscription-options\/#primaryimage","url":"https:\/\/i0.wp.com\/melindaozel.com\/wp-content\/uploads\/2022\/08\/Facial-Expression-Classes-for-artists.png?fit=2400%2C1256&ssl=1","contentUrl":"https:\/\/i0.wp.com\/melindaozel.com\/wp-content\/uploads\/2022\/08\/Facial-Expression-Classes-for-artists.png?fit=2400%2C1256&ssl=1","width":2400,"height":1256,"caption":"Facial Expression Resources for artists"},{"@type":"BreadcrumbList","@id":"https:\/\/melindaozel.com\/subscription-options\/#breadcrumb","itemListElement":[{"@type":"ListItem","position":1,"name":"Home","item":"https:\/\/melindaozel.com\/"},{"@type":"ListItem","position":2,"name":"Subscribe :)"}]},{"@type":"WebSite","@id":"https:\/\/melindaozel.com\/zh\/#website","url":"https:\/\/melindaozel.com\/zh\/","name":"Enfrentar o FACS","description":"Express\u00f5es faciais na arte, ci\u00eancia e tecnologia","publisher":{"@id":"https:\/\/melindaozel.com\/zh\/#\/schema\/person\/81c6262e1bfca3c71960db5aee204e3f"},"potentialAction":[{"@type":"SearchAction","target":{"@type":"EntryPoint","urlTemplate":"https:\/\/melindaozel.com\/zh\/?s={search_term_string}"},"query-input":{"@type":"PropertyValueSpecification","valueRequired":true,"valueName":"search_term_string"}}],"inLanguage":"pt-BR"},{"@type":["Person","Organization"],"@id":"https:\/\/melindaozel.com\/zh\/#\/schema\/person\/81c6262e1bfca3c71960db5aee204e3f","name":"Melinda Ozel","image":{"@type":"ImageObject","inLanguage":"pt-BR","@id":"https:\/\/melindaozel.com\/zh\/#\/schema\/person\/image\/","url":"https:\/\/i0.wp.com\/melindaozel.com\/wp-content\/uploads\/2026\/02\/face-the-facs-logo.webp?fit=123%2C123&ssl=1","contentUrl":"https:\/\/i0.wp.com\/melindaozel.com\/wp-content\/uploads\/2026\/02\/face-the-facs-logo.webp?fit=123%2C123&ssl=1","width":123,"height":123,"caption":"Melinda Ozel"},"logo":{"@id":"https:\/\/melindaozel.com\/zh\/#\/schema\/person\/image\/"},"sameAs":["https:\/\/melindaozel.com","https:\/\/facebook.com\/facetheFACS\/","https:\/\/instagram.com\/manicexpression","https:\/\/linkedin.com\/in\/melindaozel","https:\/\/pinterest.com\/melindaozel\/","https:\/\/x.com\/melindaozel","https:\/\/youtube.com\/@facetheFACS"],"knowsAbout":["Facial Action Coding System (FACS)","Facial Expression Tracking","Facial Anatomy","Facial Animation","Digital Humans","Audio-to-Expression","Audio-to-Face","Visemes","Lipsync"],"jobTitle":"Facial Systems Expert, Expression Scientist"}]}},"jetpack_sharing_enabled":true,"_links":{"self":[{"href":"https:\/\/melindaozel.com\/pt\/wp-json\/wp\/v2\/pages\/2571","targetHints":{"allow":["GET"]}}],"collection":[{"href":"https:\/\/melindaozel.com\/pt\/wp-json\/wp\/v2\/pages"}],"about":[{"href":"https:\/\/melindaozel.com\/pt\/wp-json\/wp\/v2\/types\/page"}],"author":[{"embeddable":true,"href":"https:\/\/melindaozel.com\/pt\/wp-json\/wp\/v2\/users\/60486633"}],"replies":[{"embeddable":true,"href":"https:\/\/melindaozel.com\/pt\/wp-json\/wp\/v2\/comments?post=2571"}],"version-history":[{"count":100,"href":"https:\/\/melindaozel.com\/pt\/wp-json\/wp\/v2\/pages\/2571\/revisions"}],"predecessor-version":[{"id":14472,"href":"https:\/\/melindaozel.com\/pt\/wp-json\/wp\/v2\/pages\/2571\/revisions\/14472"}],"wp:featuredmedia":[{"embeddable":true,"href":"https:\/\/melindaozel.com\/pt\/wp-json\/wp\/v2\/media\/7986"}],"wp:attachment":[{"href":"https:\/\/melindaozel.com\/pt\/wp-json\/wp\/v2\/media?parent=2571"}],"curies":[{"name":"wp","href":"https:\/\/api.w.org\/{rel}","templated":true}]}}