{"id":13209,"date":"2025-10-31T13:23:53","date_gmt":"2025-10-31T17:23:53","guid":{"rendered":"https:\/\/melindaozel.com\/?page_id=13209"},"modified":"2025-10-31T13:37:07","modified_gmt":"2025-10-31T17:37:07","slug":"terms-and-conditions-facs-cram-session","status":"publish","type":"page","link":"https:\/\/melindaozel.com\/pt\/terms-and-conditions-facs-cram-session\/","title":{"rendered":"Termos e condi\u00e7\u00f5es para participa\u00e7\u00e3o na sess\u00e3o intensiva da FACS"},"content":{"rendered":"<p>Este acordo \u00e9 celebrado entre Melinda Ozel e o participante individual (\u201cParticipante\u201d). Ao adquirir acesso \u00e0 FACS Cram Session, o Participante concorda com os seguintes termos e condi\u00e7\u00f5es:<\/p>\n\n\n\n<p><strong>1. Direitos autorais e propriedade intelectual<\/strong><\/p>\n\n\n\n<p>1.1. Todos os materiais (salvo indica\u00e7\u00e3o em contr\u00e1rio) fornecidos na FACS Cram Session, incluindo, entre outros, slides, v\u00eddeos, GIFs, diagramas e PDFs, s\u00e3o propriedade intelectual exclusiva do Anfitri\u00e3o.<\/p>\n\n\n\n<p>1.2. Os participantes recebem uma licen\u00e7a n\u00e3o exclusiva e intransfer\u00edvel para acessar e visualizar esses materiais apenas para fins pessoais e educacionais.<\/p>\n\n\n\n<p>1.3. \u00c9 estritamente proibida a redistribui\u00e7\u00e3o, reprodu\u00e7\u00e3o ou upload de quaisquer materiais para qualquer site, plataforma ou recurso compartilhado. Isso inclui, entre outros, sites de est\u00fadios ou empresas, plataformas online ou drives pessoais\/compartilhados.<\/p>\n\n\n\n<p>1.4. Os participantes n\u00e3o podem compartilhar ou distribuir o v\u00eddeo, a grava\u00e7\u00e3o ou o PDF da sess\u00e3o com terceiros, seja gratuitamente ou mediante o pagamento de uma taxa.<\/p>\n\n\n\n<p><strong>2. Acesso a grava\u00e7\u00f5es e v\u00eddeos<\/strong><\/p>\n\n\n\n<p>2.1. Trata-se de uma grava\u00e7\u00e3o pr\u00e9via, e todos os participantes pagantes ter\u00e3o acesso \u00e0 grava\u00e7\u00e3o e ao PDF que a acompanha.<\/p>\n\n\n\n<p>2.2. O v\u00eddeo ser\u00e1 hospedado em uma plataforma segura e n\u00e3o poder\u00e1 ser baixado. O acesso ser\u00e1 concedido exclusivamente ao Participante por um per\u00edodo de dois anos.<\/p>\n\n\n\n<p><strong>3. Reembolsos<\/strong><\/p>\n\n\n\n<p>3.1. Todas as vendas s\u00e3o definitivas. N\u00e3o ser\u00e3o concedidos reembolsos em nenhuma circunst\u00e2ncia.<\/p>\n\n\n\n<p><strong>4. Acesso e disponibilidade<\/strong><\/p>\n\n\n\n<p>4.1. O acesso ao v\u00eddeo ser\u00e1 fornecido por um per\u00edodo de dois anos, e o acesso ao PDF poder\u00e1 ser baixado. Ap\u00f3s o per\u00edodo de dois anos, o acesso ao v\u00eddeo poder\u00e1 ser revogado, salvo acordo em contr\u00e1rio.<\/p>\n\n\n\n<p>4.2. Os participantes concordam em n\u00e3o baixar ou reter c\u00f3pias do v\u00eddeo sem a permiss\u00e3o expressa por escrito do Anfitri\u00e3o.<\/p>\n\n\n\n<p><strong>5. Indeniza\u00e7\u00e3o e execu\u00e7\u00e3o<\/strong><\/p>\n\n\n\n<p>5.1. O Anfitri\u00e3o reserva-se o direito de tomar medidas legais, bem como de solicitar o reembolso das despesas legais e judiciais, ou outras repara\u00e7\u00f5es, em caso de utiliza\u00e7\u00e3o ou distribui\u00e7\u00e3o n\u00e3o autorizada dos materiais de treinamento.<\/p>\n\n\n\n<p><strong>6. Lei aplic\u00e1vel e resolu\u00e7\u00e3o de lit\u00edgios<\/strong><\/p>\n\n\n\n<p>6.1. Este contrato \u00e9 regido pelas leis do Texas.<\/p>\n\n\n\n<p>6.2. Quaisquer disputas decorrentes deste acordo ser\u00e3o resolvidas por meio de arbitragem ou media\u00e7\u00e3o antes de se iniciar um processo judicial, utilizando um \u00e1rbitro licenciado do estado do Texas, pago igualmente pelas partes, com o \u00e1rbitro tendo a capacidade de reatribuir as taxas se considerado apropriado pelo \u00e1rbitro.<\/p>\n\n\n\n<p><strong>7. Aceita\u00e7\u00e3o dos Termos<\/strong><\/p>\n\n\n\n<p>Ao adquirir acesso \u00e0 FACS Cram Session, o Participante reconhece que leu, compreendeu e concordou com os termos e condi\u00e7\u00f5es descritos neste contrato.<\/p>","protected":false},"excerpt":{"rendered":"<p>Este contrato \u00e9 firmado entre Melinda Ozel e o participante individual (\u201cParticipante\u201d). Ao adquirir o acesso \u00e0 Sess\u00e3o de Cramas do FACS, o Participante concorda com os seguintes termos e condi\u00e7\u00f5es: 1. Direitos autorais e propriedade intelectual 1.1. Todos os materiais (salvo indica\u00e7\u00e3o em contr\u00e1rio) fornecidos na Sess\u00e3o do Cram FACS, incluindo, mas n\u00e3o se limitando a slides, v\u00eddeos, GIFs, diagramas, ... <a title=\"Termos e condi\u00e7\u00f5es para participa\u00e7\u00e3o na sess\u00e3o intensiva da FACS\" class=\"read-more\" href=\"https:\/\/melindaozel.com\/pt\/terms-and-conditions-facs-cram-session\/\" aria-label=\"Leia mais sobre Termos e condi\u00e7\u00f5es para a participa\u00e7\u00e3o na sess\u00e3o de estudos do FACS\">Leia mais<\/a><\/p>","protected":false},"author":60486633,"featured_media":0,"parent":0,"menu_order":0,"comment_status":"closed","ping_status":"closed","template":"","meta":{"footnotes":""},"class_list":["post-13209","page","type-page","status-publish"],"yoast_head":"<!-- This site is optimized with the Yoast SEO Premium plugin v27.3 (Yoast SEO v27.3) - https:\/\/yoast.com\/product\/yoast-seo-premium-wordpress\/ -->\n<title>Terms and Conditions for Participation in the FACS Cram Session - Face the FACS | Facial Expressions in Animation, AI, &amp; Behavior<\/title>\n<meta name=\"robots\" content=\"index, follow, max-snippet:-1, max-image-preview:large, max-video-preview:-1\" \/>\n<link rel=\"canonical\" href=\"https:\/\/melindaozel.com\/pt\/terms-and-conditions-facs-cram-session\/\" \/>\n<meta property=\"og:locale\" content=\"pt_BR\" \/>\n<meta property=\"og:type\" content=\"article\" \/>\n<meta property=\"og:title\" content=\"Terms and Conditions for Participation in the FACS Cram Session\" \/>\n<meta property=\"og:description\" content=\"This agreement is made between Melinda Ozel and the individual participant (\u201cParticipant\u201d). By purchasing access to the FACS Cram Session, the Participant agrees to the following terms and conditions: 1. Copyright and Intellectual Property 1.1. All materials (unless otherwise stated) provided in the FACS Cram Session, including but not limited to slides, videos, GIFs, diagrams, ... Leia mais\" \/>\n<meta property=\"og:url\" content=\"https:\/\/melindaozel.com\/pt\/terms-and-conditions-facs-cram-session\/\" \/>\n<meta property=\"og:site_name\" content=\"Face the FACS | Facial Expressions in Animation, AI, &amp; Behavior\" \/>\n<meta property=\"article:publisher\" content=\"https:\/\/facebook.com\/facetheFACS\/\" \/>\n<meta property=\"article:modified_time\" content=\"2025-10-31T17:37:07+00:00\" \/>\n<meta property=\"og:image\" content=\"https:\/\/melindaozel.com\/wp-content\/uploads\/2020\/06\/face2-1024x1024.png\" \/>\n\t<meta property=\"og:image:width\" content=\"1024\" \/>\n\t<meta property=\"og:image:height\" content=\"1024\" \/>\n\t<meta property=\"og:image:type\" content=\"image\/png\" \/>\n<meta name=\"twitter:card\" content=\"summary_large_image\" \/>\n<meta name=\"twitter:site\" content=\"@melindaozel\" \/>\n<meta name=\"twitter:label1\" content=\"Est. tempo de leitura\" \/>\n\t<meta name=\"twitter:data1\" content=\"2 minutos\" \/>\n<script type=\"application\/ld+json\" class=\"yoast-schema-graph\">{\"@context\":\"https:\\\/\\\/schema.org\",\"@graph\":[{\"@type\":\"WebPage\",\"@id\":\"https:\\\/\\\/melindaozel.com\\\/terms-and-conditions-facs-cram-session\\\/\",\"url\":\"https:\\\/\\\/melindaozel.com\\\/terms-and-conditions-facs-cram-session\\\/\",\"name\":\"Terms and Conditions for Participation in the FACS Cram Session - Face the FACS | Facial Expressions in Animation, AI, &amp; Behavior\",\"isPartOf\":{\"@id\":\"https:\\\/\\\/melindaozel.com\\\/zh\\\/#website\"},\"datePublished\":\"2025-10-31T17:23:53+00:00\",\"dateModified\":\"2025-10-31T17:37:07+00:00\",\"breadcrumb\":{\"@id\":\"https:\\\/\\\/melindaozel.com\\\/terms-and-conditions-facs-cram-session\\\/#breadcrumb\"},\"inLanguage\":\"pt-BR\",\"potentialAction\":[{\"@type\":\"ReadAction\",\"target\":[\"https:\\\/\\\/melindaozel.com\\\/terms-and-conditions-facs-cram-session\\\/\"]}]},{\"@type\":\"BreadcrumbList\",\"@id\":\"https:\\\/\\\/melindaozel.com\\\/terms-and-conditions-facs-cram-session\\\/#breadcrumb\",\"itemListElement\":[{\"@type\":\"ListItem\",\"position\":1,\"name\":\"Home\",\"item\":\"https:\\\/\\\/melindaozel.com\\\/\"},{\"@type\":\"ListItem\",\"position\":2,\"name\":\"Terms and Conditions for Participation in the FACS Cram Session\"}]},{\"@type\":\"WebSite\",\"@id\":\"https:\\\/\\\/melindaozel.com\\\/zh\\\/#website\",\"url\":\"https:\\\/\\\/melindaozel.com\\\/zh\\\/\",\"name\":\"Face the FACS\",\"description\":\"Facial Expressions in Art, Science, &amp; Technology\",\"publisher\":{\"@id\":\"https:\\\/\\\/melindaozel.com\\\/zh\\\/#\\\/schema\\\/person\\\/81c6262e1bfca3c71960db5aee204e3f\"},\"potentialAction\":[{\"@type\":\"SearchAction\",\"target\":{\"@type\":\"EntryPoint\",\"urlTemplate\":\"https:\\\/\\\/melindaozel.com\\\/zh\\\/?s={search_term_string}\"},\"query-input\":{\"@type\":\"PropertyValueSpecification\",\"valueRequired\":true,\"valueName\":\"search_term_string\"}}],\"inLanguage\":\"pt-BR\"},{\"@type\":[\"Person\",\"Organization\"],\"@id\":\"https:\\\/\\\/melindaozel.com\\\/zh\\\/#\\\/schema\\\/person\\\/81c6262e1bfca3c71960db5aee204e3f\",\"name\":\"Melinda Ozel\",\"image\":{\"@type\":\"ImageObject\",\"inLanguage\":\"pt-BR\",\"@id\":\"https:\\\/\\\/i0.wp.com\\\/melindaozel.com\\\/wp-content\\\/uploads\\\/2025\\\/02\\\/face-the-FACS-eye-mouth-logo-pixel.webp?fit=225%2C225&ssl=1\",\"url\":\"https:\\\/\\\/i0.wp.com\\\/melindaozel.com\\\/wp-content\\\/uploads\\\/2025\\\/02\\\/face-the-FACS-eye-mouth-logo-pixel.webp?fit=225%2C225&ssl=1\",\"contentUrl\":\"https:\\\/\\\/i0.wp.com\\\/melindaozel.com\\\/wp-content\\\/uploads\\\/2025\\\/02\\\/face-the-FACS-eye-mouth-logo-pixel.webp?fit=225%2C225&ssl=1\",\"width\":225,\"height\":225,\"caption\":\"Melinda Ozel\"},\"logo\":{\"@id\":\"https:\\\/\\\/i0.wp.com\\\/melindaozel.com\\\/wp-content\\\/uploads\\\/2025\\\/02\\\/face-the-FACS-eye-mouth-logo-pixel.webp?fit=225%2C225&ssl=1\"},\"sameAs\":[\"https:\\\/\\\/melindaozel.com\",\"https:\\\/\\\/facebook.com\\\/facetheFACS\\\/\",\"https:\\\/\\\/instagram.com\\\/manicexpression\",\"https:\\\/\\\/linkedin.com\\\/in\\\/melindaozel\",\"https:\\\/\\\/pinterest.com\\\/melindaozel\\\/\",\"https:\\\/\\\/x.com\\\/melindaozel\",\"https:\\\/\\\/youtube.com\\\/@facetheFACS\"],\"knowsAbout\":[\"Facial Action Coding System (FACS)\",\"Facial Expression Tracking\",\"Facial Anatomy\",\"Facial Animation\",\"Digital Humans\",\"Audio-to-Expression\",\"Audio-to-Face\",\"Visemes\",\"Lipsync\"],\"jobTitle\":\"Facial Systems Expert, Expression Scientist\",\"numberOfEmployees\":{\"@type\":\"QuantitativeValue\",\"minValue\":\"1\",\"maxValue\":\"10\"}}]}<\/script>\n<!-- \/ Yoast SEO Premium plugin. -->","yoast_head_json":{"title":"Termos e condi\u00e7\u00f5es para a participa\u00e7\u00e3o na sess\u00e3o de prepara\u00e7\u00e3o do FACS - Face the FACS | Facial Expressions in Animation, AI, &amp; Behavior (Express\u00f5es faciais em anima\u00e7\u00e3o, IA e comportamento)","robots":{"index":"index","follow":"follow","max-snippet":"max-snippet:-1","max-image-preview":"max-image-preview:large","max-video-preview":"max-video-preview:-1"},"canonical":"https:\/\/melindaozel.com\/pt\/terms-and-conditions-facs-cram-session\/","og_locale":"pt_BR","og_type":"article","og_title":"Terms and Conditions for Participation in the FACS Cram Session","og_description":"This agreement is made between Melinda Ozel and the individual participant (\u201cParticipant\u201d). By purchasing access to the FACS Cram Session, the Participant agrees to the following terms and conditions: 1. Copyright and Intellectual Property 1.1. All materials (unless otherwise stated) provided in the FACS Cram Session, including but not limited to slides, videos, GIFs, diagrams, ... Leia mais","og_url":"https:\/\/melindaozel.com\/pt\/terms-and-conditions-facs-cram-session\/","og_site_name":"Face the FACS | Facial Expressions in Animation, AI, &amp; Behavior","article_publisher":"https:\/\/facebook.com\/facetheFACS\/","article_modified_time":"2025-10-31T17:37:07+00:00","og_image":[{"width":1024,"height":1024,"url":"https:\/\/melindaozel.com\/wp-content\/uploads\/2020\/06\/face2-1024x1024.png","type":"image\/png"}],"twitter_card":"summary_large_image","twitter_site":"@melindaozel","twitter_misc":{"Est. tempo de leitura":"2 minutos"},"schema":{"@context":"https:\/\/schema.org","@graph":[{"@type":"WebPage","@id":"https:\/\/melindaozel.com\/terms-and-conditions-facs-cram-session\/","url":"https:\/\/melindaozel.com\/terms-and-conditions-facs-cram-session\/","name":"Termos e condi\u00e7\u00f5es para a participa\u00e7\u00e3o na sess\u00e3o de prepara\u00e7\u00e3o do FACS - Face the FACS | Facial Expressions in Animation, AI, &amp; Behavior (Express\u00f5es faciais em anima\u00e7\u00e3o, IA e comportamento)","isPartOf":{"@id":"https:\/\/melindaozel.com\/zh\/#website"},"datePublished":"2025-10-31T17:23:53+00:00","dateModified":"2025-10-31T17:37:07+00:00","breadcrumb":{"@id":"https:\/\/melindaozel.com\/terms-and-conditions-facs-cram-session\/#breadcrumb"},"inLanguage":"pt-BR","potentialAction":[{"@type":"ReadAction","target":["https:\/\/melindaozel.com\/terms-and-conditions-facs-cram-session\/"]}]},{"@type":"BreadcrumbList","@id":"https:\/\/melindaozel.com\/terms-and-conditions-facs-cram-session\/#breadcrumb","itemListElement":[{"@type":"ListItem","position":1,"name":"Home","item":"https:\/\/melindaozel.com\/"},{"@type":"ListItem","position":2,"name":"Terms and Conditions for Participation in the FACS Cram Session"}]},{"@type":"WebSite","@id":"https:\/\/melindaozel.com\/zh\/#website","url":"https:\/\/melindaozel.com\/zh\/","name":"Enfrentar o FACS","description":"Express\u00f5es faciais na arte, ci\u00eancia e tecnologia","publisher":{"@id":"https:\/\/melindaozel.com\/zh\/#\/schema\/person\/81c6262e1bfca3c71960db5aee204e3f"},"potentialAction":[{"@type":"SearchAction","target":{"@type":"EntryPoint","urlTemplate":"https:\/\/melindaozel.com\/zh\/?s={search_term_string}"},"query-input":{"@type":"PropertyValueSpecification","valueRequired":true,"valueName":"search_term_string"}}],"inLanguage":"pt-BR"},{"@type":["Person","Organization"],"@id":"https:\/\/melindaozel.com\/zh\/#\/schema\/person\/81c6262e1bfca3c71960db5aee204e3f","name":"Melinda Ozel","image":{"@type":"ImageObject","inLanguage":"pt-BR","@id":"https:\/\/i0.wp.com\/melindaozel.com\/wp-content\/uploads\/2025\/02\/face-the-FACS-eye-mouth-logo-pixel.webp?fit=225%2C225&ssl=1","url":"https:\/\/i0.wp.com\/melindaozel.com\/wp-content\/uploads\/2025\/02\/face-the-FACS-eye-mouth-logo-pixel.webp?fit=225%2C225&ssl=1","contentUrl":"https:\/\/i0.wp.com\/melindaozel.com\/wp-content\/uploads\/2025\/02\/face-the-FACS-eye-mouth-logo-pixel.webp?fit=225%2C225&ssl=1","width":225,"height":225,"caption":"Melinda Ozel"},"logo":{"@id":"https:\/\/i0.wp.com\/melindaozel.com\/wp-content\/uploads\/2025\/02\/face-the-FACS-eye-mouth-logo-pixel.webp?fit=225%2C225&ssl=1"},"sameAs":["https:\/\/melindaozel.com","https:\/\/facebook.com\/facetheFACS\/","https:\/\/instagram.com\/manicexpression","https:\/\/linkedin.com\/in\/melindaozel","https:\/\/pinterest.com\/melindaozel\/","https:\/\/x.com\/melindaozel","https:\/\/youtube.com\/@facetheFACS"],"knowsAbout":["Facial Action Coding System (FACS)","Facial Expression Tracking","Facial Anatomy","Facial Animation","Digital Humans","Audio-to-Expression","Audio-to-Face","Visemes","Lipsync"],"jobTitle":"Facial Systems Expert, Expression Scientist","numberOfEmployees":{"@type":"QuantitativeValue","minValue":"1","maxValue":"10"}}]}},"jetpack_sharing_enabled":true,"_links":{"self":[{"href":"https:\/\/melindaozel.com\/pt\/wp-json\/wp\/v2\/pages\/13209","targetHints":{"allow":["GET"]}}],"collection":[{"href":"https:\/\/melindaozel.com\/pt\/wp-json\/wp\/v2\/pages"}],"about":[{"href":"https:\/\/melindaozel.com\/pt\/wp-json\/wp\/v2\/types\/page"}],"author":[{"embeddable":true,"href":"https:\/\/melindaozel.com\/pt\/wp-json\/wp\/v2\/users\/60486633"}],"replies":[{"embeddable":true,"href":"https:\/\/melindaozel.com\/pt\/wp-json\/wp\/v2\/comments?post=13209"}],"version-history":[{"count":2,"href":"https:\/\/melindaozel.com\/pt\/wp-json\/wp\/v2\/pages\/13209\/revisions"}],"predecessor-version":[{"id":13211,"href":"https:\/\/melindaozel.com\/pt\/wp-json\/wp\/v2\/pages\/13209\/revisions\/13211"}],"wp:attachment":[{"href":"https:\/\/melindaozel.com\/pt\/wp-json\/wp\/v2\/media?parent=13209"}],"curies":[{"name":"wp","href":"https:\/\/api.w.org\/{rel}","templated":true}]}}