{"id":5289,"date":"2021-07-06T00:15:23","date_gmt":"2021-07-06T04:15:23","guid":{"rendered":"https:\/\/melindaozel.com\/?page_id=5289"},"modified":"2021-07-06T00:15:23","modified_gmt":"2021-07-06T04:15:23","slug":"privacy-policy","status":"publish","type":"page","link":"https:\/\/melindaozel.com\/pl\/privacy-policy\/","title":{"rendered":"Polityka prywatno\u015bci"},"content":{"rendered":"<h2 class=\"wp-block-heading\">Kim jeste\u015bmy<\/h2>\r\n\r\n\r\n\r\n<p>Adres naszej strony internetowej to: <a href=\"https:\/\/melindaozel.com\">https:\/\/melindaozel.com<\/a>.<\/p>\r\n\r\n\r\n\r\n<h2 class=\"wp-block-heading\">Uwagi<\/h2>\r\n\r\n\r\n\r\n<p>Kiedy odwiedzaj\u0105cy zostawiaj\u0105 komentarze na stronie, zbieramy dane wy\u015bwietlane w formularzu komentarzy, a tak\u017ce adres IP odwiedzaj\u0105cego i ci\u0105g agent\u00f3w u\u017cytkownika przegl\u0105darki, aby u\u0142atwi\u0107 wykrywanie spamu.<\/p>\r\n\r\n\r\n\r\n<p>Anonimowy ci\u0105g utworzony z Twojego adresu e-mail (zwany r\u00f3wnie\u017c skr\u00f3tem) mo\u017ce zosta\u0107 dostarczony do us\u0142ugi Gravatar, aby sprawdzi\u0107, czy z niej korzystasz. Polityka prywatno\u015bci us\u0142ugi Gravatar jest dost\u0119pna tutaj: <a href=\"https:\/\/automattic.com\/privacy\/\" rel=\"nofollow\">https:\/\/automattic.com\/privacy\/<\/a>. Po zatwierdzeniu Twojego komentarza, Twoje zdj\u0119cie profilowe jest widoczne publicznie w kontek\u015bcie Twojego komentarza.<\/p>\r\n\r\n\r\n\r\n<h2 class=\"wp-block-heading\">Media<\/h2>\r\n\r\n\r\n\r\n<p>Je\u015bli przesy\u0142asz zdj\u0119cia na stron\u0119 internetow\u0105, powiniene\u015b unika\u0107 przesy\u0142ania zdj\u0119\u0107 z osadzonymi danymi o lokalizacji (EXIF GPS). Osoby odwiedzaj\u0105ce witryn\u0119 mog\u0105 pobra\u0107 i wyodr\u0119bni\u0107 wszelkie dane dotycz\u0105ce lokalizacji z obraz\u00f3w zamieszczonych w witrynie.<\/p>\r\n\r\n\r\n\r\n<h2 class=\"wp-block-heading\">Cookies<\/h2>\r\n\r\n\r\n\r\n<p>Je\u015bli zostawisz komentarz na naszej stronie, mo\u017cesz zgodzi\u0107 si\u0119 na zapisanie Twojego imienia, adresu e-mail i strony internetowej w plikach cookie. S\u0105 one dla Twojej wygody, aby\u015b nie musia\u0142 ponownie wpisywa\u0107 swoich danych, gdy zostawisz kolejny komentarz. Te pliki cookie b\u0119d\u0105 trwa\u0107 przez rok.<\/p>\r\n\r\n\r\n\r\n<p>Je\u015bli odwiedzisz nasz\u0105 stron\u0119 logowania, ustawimy tymczasowy plik cookie, aby okre\u015bli\u0107, czy Twoja przegl\u0105darka akceptuje pliki cookie. Ten plik cookie nie zawiera \u017cadnych danych osobowych i jest usuwany po zamkni\u0119ciu przegl\u0105darki.<\/p>\r\n\r\n\r\n\r\n<p>Kiedy si\u0119 zalogujesz, ustawimy r\u00f3wnie\u017c kilka plik\u00f3w cookie, aby zapisa\u0107 Twoje dane logowania i opcje wy\u015bwietlania ekranu. Pliki cookie logowania zachowuj\u0105 wa\u017cno\u015b\u0107 przez dwa dni, a pliki cookie opcji ekranowych przez rok. Je\u015bli wybierzesz opcj\u0119 \"Zapami\u0119taj mnie\", Twoje dane logowania b\u0119d\u0105 zachowane przez dwa tygodnie. Je\u015bli wylogujesz si\u0119 ze swojego konta, pliki cookie logowania zostan\u0105 usuni\u0119te.<\/p>\r\n\r\n\r\n\r\n<p>Je\u015bli edytujesz lub publikujesz artyku\u0142, w Twojej przegl\u0105darce zostanie zapisany dodatkowy plik cookie. Ten plik cookie nie zawiera \u017cadnych danych osobowych i wskazuje jedynie post ID artyku\u0142u, kt\u00f3ry w\u0142a\u015bnie edytowa\u0142e\u015b. Wygasa on po 1 dniu.<\/p>\r\n\r\n\r\n\r\n<h2 class=\"wp-block-heading\">Osadzona zawarto\u015b\u0107 z innych stron internetowych<\/h2>\r\n\r\n\r\n\r\n<p>Artyku\u0142y na tej stronie mog\u0105 zawiera\u0107 osadzone tre\u015bci (np. filmy, obrazy, artyku\u0142y itp.). Osadzone tre\u015bci z innych stron internetowych zachowuj\u0105 si\u0119 dok\u0142adnie tak samo, jak gdyby odwiedzaj\u0105cy odwiedzi\u0142 inn\u0105 stron\u0119 internetow\u0105.<\/p>\r\n\r\n\r\n\r\n<p>Strony te mog\u0105 gromadzi\u0107 dane o u\u017cytkowniku, u\u017cywa\u0107 plik\u00f3w cookie, osadza\u0107 dodatkowe materia\u0142y \u015bledz\u0105ce innych firm oraz monitorowa\u0107 interakcje u\u017cytkownika z tymi tre\u015bciami, w tym \u015bledzi\u0107 interakcje u\u017cytkownika z osadzonymi tre\u015bciami, je\u015bli u\u017cytkownik posiada konto i jest zalogowany w danej witrynie.<\/p>\r\n\r\n\r\n\r\n<h2 class=\"wp-block-heading\">Komu udost\u0119pniamy Twoje dane<\/h2>\r\n\r\n\r\n\r\n<p>Je\u015bli za\u017c\u0105dasz zresetowania has\u0142a, Tw\u00f3j adres IP zostanie uwzgl\u0119dniony w wiadomo\u015bci e-mail dotycz\u0105cej zresetowania.<\/p>\r\n\r\n\r\n\r\n<h2 class=\"wp-block-heading\">Jak d\u0142ugo przechowujemy Twoje dane<\/h2>\r\n\r\n\r\n\r\n<p>Je\u015bli zostawisz komentarz, komentarz i jego metadane s\u0105 zachowywane na czas nieokre\u015blony. Dzi\u0119ki temu mo\u017cemy automatycznie rozpoznawa\u0107 i zatwierdza\u0107 kolejne komentarze, zamiast trzyma\u0107 je w kolejce do moderacji.<\/p>\r\n\r\n\r\n\r\n<p>W przypadku u\u017cytkownik\u00f3w, kt\u00f3rzy zarejestrowali si\u0119 na naszej stronie internetowej (je\u015bli tacy istniej\u0105), przechowujemy r\u00f3wnie\u017c dane osobowe, kt\u00f3re podali w swoim profilu u\u017cytkownika. Wszyscy u\u017cytkownicy mog\u0105 zobaczy\u0107, edytowa\u0107 lub usun\u0105\u0107 swoje dane osobowe w dowolnym momencie (z wyj\u0105tkiem tego, \u017ce nie mog\u0105 zmieni\u0107 swojej nazwy u\u017cytkownika). Administratorzy strony r\u00f3wnie\u017c mog\u0105 zobaczy\u0107 i edytowa\u0107 te informacje.<\/p>\r\n\r\n\r\n\r\n<h2 class=\"wp-block-heading\">Jakie prawa ma u\u017cytkownik w odniesieniu do swoich danych<\/h2>\r\n\r\n\r\n\r\n<p>Je\u015bli masz konto na tej stronie lub zostawi\u0142e\u015b komentarz, mo\u017cesz poprosi\u0107 o przes\u0142anie wyeksportowanego pliku z danymi osobowymi, kt\u00f3re posiadamy na Tw\u00f3j temat, w tym z danymi, kt\u00f3re nam przekaza\u0142e\u015b. Mo\u017cesz r\u00f3wnie\u017c poprosi\u0107 o usuni\u0119cie wszelkich danych osobowych, kt\u00f3re posiadamy na Tw\u00f3j temat. Nie dotyczy to danych, kt\u00f3re jeste\u015bmy zobowi\u0105zani przechowywa\u0107 dla cel\u00f3w administracyjnych, prawnych lub bezpiecze\u0144stwa.<\/p>\r\n\r\n\r\n\r\n<h2 class=\"wp-block-heading\">Gdzie wysy\u0142amy Twoje dane<\/h2>\r\n\r\n\r\n\r\n<p>Komentarze odwiedzaj\u0105cych mog\u0105 by\u0107 sprawdzane za pomoc\u0105 automatycznej us\u0142ugi wykrywania spamu.<\/p>","protected":false},"excerpt":{"rendered":"<p>Kim jeste\u015bmy Adres naszej strony internetowej to: <a href=\"https:\/\/melindaozel.com\">https:\/\/melindaozel.com<\/a>. Komentarze Gdy odwiedzaj\u0105cy zostawiaj\u0105 komentarze na stronie, zbieramy dane wy\u015bwietlane w formularzu komentarzy, a tak\u017ce adres IP odwiedzaj\u0105cego i ci\u0105g agenta u\u017cytkownika przegl\u0105darki, aby pom\u00f3c w wykrywaniu spamu. Zanonimizowany ci\u0105g znak\u00f3w utworzony z adresu e-mail u\u017cytkownika (zwany r\u00f3wnie\u017c skr\u00f3tem) mo\u017ce ... <a title=\"Polityka prywatno\u015bci\" class=\"read-more\" href=\"https:\/\/melindaozel.com\/pl\/privacy-policy\/\" aria-label=\"Dowiedz si\u0119 wi\u0119cej o Polityce prywatno\u015bci\">Czytaj dalej<\/a><\/p>","protected":false},"author":60486633,"featured_media":0,"parent":0,"menu_order":0,"comment_status":"closed","ping_status":"closed","template":"","meta":{"footnotes":""},"class_list":["post-5289","page","type-page","status-publish"],"yoast_head":"<!-- This site is optimized with the Yoast SEO Premium plugin v27.3 (Yoast SEO v27.3) - https:\/\/yoast.com\/product\/yoast-seo-premium-wordpress\/ -->\n<title>Privacy Policy - Face the FACS | Facial Expressions in Animation, AI, &amp; Behavior<\/title>\n<meta name=\"robots\" content=\"index, follow, max-snippet:-1, max-image-preview:large, max-video-preview:-1\" \/>\n<link rel=\"canonical\" href=\"https:\/\/melindaozel.com\/pl\/privacy-policy\/\" \/>\n<meta property=\"og:locale\" content=\"pl_PL\" \/>\n<meta property=\"og:type\" content=\"article\" \/>\n<meta property=\"og:title\" content=\"Privacy Policy\" \/>\n<meta property=\"og:description\" content=\"Who we are Our website address is: https:\/\/melindaozel.com. Comments When visitors leave comments on the site we collect the data shown in the comments form, and also the visitor\u2019s IP address and browser user agent string to help spam detection. An anonymized string created from your email address (also called a hash) may be provided ... Czytaj dalej\" \/>\n<meta property=\"og:url\" content=\"https:\/\/melindaozel.com\/pl\/privacy-policy\/\" \/>\n<meta property=\"og:site_name\" content=\"Face the FACS | Facial Expressions in Animation, AI, &amp; Behavior\" \/>\n<meta property=\"article:publisher\" content=\"https:\/\/facebook.com\/facetheFACS\/\" \/>\n<meta property=\"og:image\" content=\"https:\/\/melindaozel.com\/wp-content\/uploads\/2020\/06\/face2-1024x1024.png\" \/>\n\t<meta property=\"og:image:width\" content=\"1024\" \/>\n\t<meta property=\"og:image:height\" content=\"1024\" \/>\n\t<meta property=\"og:image:type\" content=\"image\/png\" \/>\n<meta name=\"twitter:card\" content=\"summary_large_image\" \/>\n<meta name=\"twitter:site\" content=\"@melindaozel\" \/>\n<meta name=\"twitter:label1\" content=\"Szacowany czas czytania\" \/>\n\t<meta name=\"twitter:data1\" content=\"3 minuty\" \/>\n<script type=\"application\/ld+json\" class=\"yoast-schema-graph\">{\"@context\":\"https:\\\/\\\/schema.org\",\"@graph\":[{\"@type\":\"WebPage\",\"@id\":\"https:\\\/\\\/melindaozel.com\\\/pt\\\/privacy-policy\\\/\",\"url\":\"https:\\\/\\\/melindaozel.com\\\/pt\\\/privacy-policy\\\/\",\"name\":\"Privacy Policy - Face the FACS | Facial Expressions in Animation, AI, &amp; Behavior\",\"isPartOf\":{\"@id\":\"https:\\\/\\\/melindaozel.com\\\/zh\\\/#website\"},\"datePublished\":\"2021-07-06T04:15:23+00:00\",\"breadcrumb\":{\"@id\":\"https:\\\/\\\/melindaozel.com\\\/pt\\\/privacy-policy\\\/#breadcrumb\"},\"inLanguage\":\"pl-PL\",\"potentialAction\":[{\"@type\":\"ReadAction\",\"target\":[\"https:\\\/\\\/melindaozel.com\\\/pt\\\/privacy-policy\\\/\"]}]},{\"@type\":\"BreadcrumbList\",\"@id\":\"https:\\\/\\\/melindaozel.com\\\/pt\\\/privacy-policy\\\/#breadcrumb\",\"itemListElement\":[{\"@type\":\"ListItem\",\"position\":1,\"name\":\"Home\",\"item\":\"https:\\\/\\\/melindaozel.com\\\/\"},{\"@type\":\"ListItem\",\"position\":2,\"name\":\"Privacy Policy\"}]},{\"@type\":\"WebSite\",\"@id\":\"https:\\\/\\\/melindaozel.com\\\/zh\\\/#website\",\"url\":\"https:\\\/\\\/melindaozel.com\\\/zh\\\/\",\"name\":\"Face the FACS\",\"description\":\"Facial Expressions in Art, Science, &amp; Technology\",\"publisher\":{\"@id\":\"https:\\\/\\\/melindaozel.com\\\/zh\\\/#\\\/schema\\\/person\\\/81c6262e1bfca3c71960db5aee204e3f\"},\"potentialAction\":[{\"@type\":\"SearchAction\",\"target\":{\"@type\":\"EntryPoint\",\"urlTemplate\":\"https:\\\/\\\/melindaozel.com\\\/zh\\\/?s={search_term_string}\"},\"query-input\":{\"@type\":\"PropertyValueSpecification\",\"valueRequired\":true,\"valueName\":\"search_term_string\"}}],\"inLanguage\":\"pl-PL\"},{\"@type\":[\"Person\",\"Organization\"],\"@id\":\"https:\\\/\\\/melindaozel.com\\\/zh\\\/#\\\/schema\\\/person\\\/81c6262e1bfca3c71960db5aee204e3f\",\"name\":\"Melinda Ozel\",\"image\":{\"@type\":\"ImageObject\",\"inLanguage\":\"pl-PL\",\"@id\":\"https:\\\/\\\/i0.wp.com\\\/melindaozel.com\\\/wp-content\\\/uploads\\\/2025\\\/02\\\/face-the-FACS-eye-mouth-logo-pixel.webp?fit=225%2C225&ssl=1\",\"url\":\"https:\\\/\\\/i0.wp.com\\\/melindaozel.com\\\/wp-content\\\/uploads\\\/2025\\\/02\\\/face-the-FACS-eye-mouth-logo-pixel.webp?fit=225%2C225&ssl=1\",\"contentUrl\":\"https:\\\/\\\/i0.wp.com\\\/melindaozel.com\\\/wp-content\\\/uploads\\\/2025\\\/02\\\/face-the-FACS-eye-mouth-logo-pixel.webp?fit=225%2C225&ssl=1\",\"width\":225,\"height\":225,\"caption\":\"Melinda Ozel\"},\"logo\":{\"@id\":\"https:\\\/\\\/i0.wp.com\\\/melindaozel.com\\\/wp-content\\\/uploads\\\/2025\\\/02\\\/face-the-FACS-eye-mouth-logo-pixel.webp?fit=225%2C225&ssl=1\"},\"sameAs\":[\"https:\\\/\\\/melindaozel.com\",\"https:\\\/\\\/facebook.com\\\/facetheFACS\\\/\",\"https:\\\/\\\/instagram.com\\\/manicexpression\",\"https:\\\/\\\/linkedin.com\\\/in\\\/melindaozel\",\"https:\\\/\\\/pinterest.com\\\/melindaozel\\\/\",\"https:\\\/\\\/x.com\\\/melindaozel\",\"https:\\\/\\\/youtube.com\\\/@facetheFACS\"],\"knowsAbout\":[\"Facial Action Coding System (FACS)\",\"Facial Expression Tracking\",\"Facial Anatomy\",\"Facial Animation\",\"Digital Humans\",\"Audio-to-Expression\",\"Audio-to-Face\",\"Visemes\",\"Lipsync\"],\"jobTitle\":\"Facial Systems Expert, Expression Scientist\",\"numberOfEmployees\":{\"@type\":\"QuantitativeValue\",\"minValue\":\"1\",\"maxValue\":\"10\"}}]}<\/script>\n<!-- \/ Yoast SEO Premium plugin. -->","yoast_head_json":{"title":"Polityka prywatno\u015bci - Face the FACS | Mimika twarzy w animacji, sztucznej inteligencji i zachowaniu","robots":{"index":"index","follow":"follow","max-snippet":"max-snippet:-1","max-image-preview":"max-image-preview:large","max-video-preview":"max-video-preview:-1"},"canonical":"https:\/\/melindaozel.com\/pl\/privacy-policy\/","og_locale":"pl_PL","og_type":"article","og_title":"Privacy Policy","og_description":"Who we are Our website address is: https:\/\/melindaozel.com. Comments When visitors leave comments on the site we collect the data shown in the comments form, and also the visitor\u2019s IP address and browser user agent string to help spam detection. An anonymized string created from your email address (also called a hash) may be provided ... Czytaj dalej","og_url":"https:\/\/melindaozel.com\/pl\/privacy-policy\/","og_site_name":"Face the FACS | Facial Expressions in Animation, AI, &amp; Behavior","article_publisher":"https:\/\/facebook.com\/facetheFACS\/","og_image":[{"width":1024,"height":1024,"url":"https:\/\/melindaozel.com\/wp-content\/uploads\/2020\/06\/face2-1024x1024.png","type":"image\/png"}],"twitter_card":"summary_large_image","twitter_site":"@melindaozel","twitter_misc":{"Szacowany czas czytania":"3 minuty"},"schema":{"@context":"https:\/\/schema.org","@graph":[{"@type":"WebPage","@id":"https:\/\/melindaozel.com\/pt\/privacy-policy\/","url":"https:\/\/melindaozel.com\/pt\/privacy-policy\/","name":"Polityka prywatno\u015bci - Face the FACS | Mimika twarzy w animacji, sztucznej inteligencji i zachowaniu","isPartOf":{"@id":"https:\/\/melindaozel.com\/zh\/#website"},"datePublished":"2021-07-06T04:15:23+00:00","breadcrumb":{"@id":"https:\/\/melindaozel.com\/pt\/privacy-policy\/#breadcrumb"},"inLanguage":"pl-PL","potentialAction":[{"@type":"ReadAction","target":["https:\/\/melindaozel.com\/pt\/privacy-policy\/"]}]},{"@type":"BreadcrumbList","@id":"https:\/\/melindaozel.com\/pt\/privacy-policy\/#breadcrumb","itemListElement":[{"@type":"ListItem","position":1,"name":"Home","item":"https:\/\/melindaozel.com\/"},{"@type":"ListItem","position":2,"name":"Privacy Policy"}]},{"@type":"WebSite","@id":"https:\/\/melindaozel.com\/zh\/#website","url":"https:\/\/melindaozel.com\/zh\/","name":"Zmierz si\u0119 z FACS-em","description":"Ekspresja twarzy w sztuce, nauce i technologii","publisher":{"@id":"https:\/\/melindaozel.com\/zh\/#\/schema\/person\/81c6262e1bfca3c71960db5aee204e3f"},"potentialAction":[{"@type":"SearchAction","target":{"@type":"EntryPoint","urlTemplate":"https:\/\/melindaozel.com\/zh\/?s={search_term_string}"},"query-input":{"@type":"PropertyValueSpecification","valueRequired":true,"valueName":"search_term_string"}}],"inLanguage":"pl-PL"},{"@type":["Person","Organization"],"@id":"https:\/\/melindaozel.com\/zh\/#\/schema\/person\/81c6262e1bfca3c71960db5aee204e3f","name":"Melinda Ozel","image":{"@type":"ImageObject","inLanguage":"pl-PL","@id":"https:\/\/i0.wp.com\/melindaozel.com\/wp-content\/uploads\/2025\/02\/face-the-FACS-eye-mouth-logo-pixel.webp?fit=225%2C225&ssl=1","url":"https:\/\/i0.wp.com\/melindaozel.com\/wp-content\/uploads\/2025\/02\/face-the-FACS-eye-mouth-logo-pixel.webp?fit=225%2C225&ssl=1","contentUrl":"https:\/\/i0.wp.com\/melindaozel.com\/wp-content\/uploads\/2025\/02\/face-the-FACS-eye-mouth-logo-pixel.webp?fit=225%2C225&ssl=1","width":225,"height":225,"caption":"Melinda Ozel"},"logo":{"@id":"https:\/\/i0.wp.com\/melindaozel.com\/wp-content\/uploads\/2025\/02\/face-the-FACS-eye-mouth-logo-pixel.webp?fit=225%2C225&ssl=1"},"sameAs":["https:\/\/melindaozel.com","https:\/\/facebook.com\/facetheFACS\/","https:\/\/instagram.com\/manicexpression","https:\/\/linkedin.com\/in\/melindaozel","https:\/\/pinterest.com\/melindaozel\/","https:\/\/x.com\/melindaozel","https:\/\/youtube.com\/@facetheFACS"],"knowsAbout":["Facial Action Coding System (FACS)","Facial Expression Tracking","Facial Anatomy","Facial Animation","Digital Humans","Audio-to-Expression","Audio-to-Face","Visemes","Lipsync"],"jobTitle":"Facial Systems Expert, Expression Scientist","numberOfEmployees":{"@type":"QuantitativeValue","minValue":"1","maxValue":"10"}}]}},"jetpack_sharing_enabled":true,"_links":{"self":[{"href":"https:\/\/melindaozel.com\/pl\/wp-json\/wp\/v2\/pages\/5289","targetHints":{"allow":["GET"]}}],"collection":[{"href":"https:\/\/melindaozel.com\/pl\/wp-json\/wp\/v2\/pages"}],"about":[{"href":"https:\/\/melindaozel.com\/pl\/wp-json\/wp\/v2\/types\/page"}],"author":[{"embeddable":true,"href":"https:\/\/melindaozel.com\/pl\/wp-json\/wp\/v2\/users\/60486633"}],"replies":[{"embeddable":true,"href":"https:\/\/melindaozel.com\/pl\/wp-json\/wp\/v2\/comments?post=5289"}],"version-history":[{"count":1,"href":"https:\/\/melindaozel.com\/pl\/wp-json\/wp\/v2\/pages\/5289\/revisions"}],"predecessor-version":[{"id":5290,"href":"https:\/\/melindaozel.com\/pl\/wp-json\/wp\/v2\/pages\/5289\/revisions\/5290"}],"wp:attachment":[{"href":"https:\/\/melindaozel.com\/pl\/wp-json\/wp\/v2\/media?parent=5289"}],"curies":[{"name":"wp","href":"https:\/\/api.w.org\/{rel}","templated":true}]}}