{"id":4764,"date":"2021-06-21T18:54:32","date_gmt":"2021-06-21T22:54:32","guid":{"rendered":"https:\/\/melindaozel.com\/?page_id=4764"},"modified":"2021-06-21T18:54:32","modified_gmt":"2021-06-21T22:54:32","slug":"terms-of-use","status":"publish","type":"page","link":"https:\/\/melindaozel.com\/pl\/terms-of-use\/","title":{"rendered":"Warunki u\u017cytkowania"},"content":{"rendered":"<h1 style=\"text-align: center;\">Zasady i warunki<\/h1>\n<p>Witamy w <em>Zmierz si\u0119 z FACS-em<\/em>! <em>Zmierz si\u0119 z FACS-em<\/em> to platforma edukacyjna online na stronie internetowej <a href=\"http:\/\/www.melindaozel.com\" rel=\"nofollow\">http:\/\/www.melindaozel.com<\/a> (serwis internetowy) prowadzony przez Melind\u0119 Ozel. <em>Zmierz si\u0119 z FACS-em<\/em> pomaga swoim u\u017cytkownikom (u\u017cytkownikowi, Tobie) w nauce temat\u00f3w zwi\u0105zanych z ekspresj\u0105.<\/p>\n<p>Poni\u017cszy Regulamin (OWH) reguluje stosunki pomi\u0119dzy Tob\u0105 a nami i odpowie na najistotniejsze pytania prawne zwi\u0105zane z korzystaniem z serwisu. <em>Zmierz si\u0119 z FACS-em<\/em> i naszych us\u0142ug. Przeczytaj je uwa\u017cnie.<\/p>\n<p>W szczeg\u00f3lno\u015bci, niniejsze OWH informuj\u0105 Ci\u0119 o<\/p>\n<ul>\n<li>pocz\u0105tek i koniec naszej umowy<\/li>\n<li>p\u0142atno\u015b\u0107 za subskrypcj\u0119<\/li>\n<li>prawo u\u017cytkownika do rezygnacji z subskrypcji<\/li>\n<li>nasza odpowiedzialno\u015b\u0107<\/li>\n<li>prawa autorskie i w\u0142asno\u015b\u0107 naszych tre\u015bci.<\/li>\n<\/ul>\n<p>\u00a7 1 Jak mog\u0119 korzysta\u0107 z <em>Zmierz si\u0119 z FACS-em<\/em> i kiedy zawieram wi\u0105\u017c\u0105c\u0105 umow\u0119?<\/p>\n<p style=\"padding-left: 40px;\">W celu u\u017cycia <em>Zmierz si\u0119 z FACS-ami<\/em> Us\u0142ugi subskrypcji, musisz utworzy\u0107 konto. W ten spos\u00f3b zawierasz z nami wi\u0105\u017c\u0105c\u0105 umow\u0119.<br \/>\nMo\u017cna u\u017cywa\u0107 tylko <em>Zmierz si\u0119 z FACS-em<\/em> do osobistego studiowania wyra\u017ce\u0144. \u017badne inne u\u017cycie nie jest dozwolone, zw\u0142aszcza w celach biznesowych lub udost\u0119pniania konta innym osobom.<\/p>\n<p>\u00a7 2 Co mog\u0119 zrobi\u0107 z <em>Zmierz si\u0119 z FACS-em<\/em>?<\/p>\n<p style=\"padding-left: 40px;\"><em>Zmierz si\u0119 z FACS-em<\/em> oferuje obszerne zasoby, kt\u00f3re poprowadz\u0105 Ci\u0119 przez anatomi\u0119 twarzy u ludzi i nie-ludzi dzi\u0119ki filmom, GIF-om, obrazom, diagramom i artyku\u0142om.<br \/>\n<em>Zmierz si\u0119 z FACS-em<\/em> oferuje bezp\u0142atne u\u017cytkowanie z ograniczonym dost\u0119pem do jego tre\u015bci i funkcji oraz p\u0142atny abonament, kt\u00f3ry daje szerszy dost\u0119p (konto abonamentowe).<\/p>\n<p>Mo\u017cna u\u017cy\u0107 <em>Zmierz si\u0119 z FACS-em<\/em> wy\u0142\u0105cznie do cel\u00f3w prywatnych.<\/p>\n<p style=\"padding-left: 40px;\">Do cel\u00f3w dydaktycznych i innych <em>Zmierz si\u0119 z FACS-em<\/em> oferuje specjalne licencje (np. licencje kampusowe, wizerunkowe lub instruktorskie). Prosimy o kontakt z nami, je\u015bli s\u0105 Pa\u0144stwo zainteresowani naszymi licencjami.<\/p>\n<p>\u00a7 3 Ile to kosztuje i jak dzia\u0142a p\u0142atno\u015b\u0107?<\/p>\n<p style=\"padding-left: 40px;\">Korzystanie z tre\u015bci nieobj\u0119tych abonamentem jest bezp\u0142atne.<\/p>\n<p style=\"padding-left: 40px;\">Znajdziesz tu ceny dla <em>Zmierz si\u0119 z FACS-ami<\/em> konta subskrypcji na stronie subskrypcji.<\/p>\n<p style=\"padding-left: 40px;\">Wszystkie ceny podane s\u0105 w wy\u015bwietlanej walucie i mog\u0105 zosta\u0107 przeliczone na walut\u0119 lokaln\u0105 podczas realizacji zam\u00f3wienia.<\/p>\n<p><em>Zmierz si\u0119 z FACS-em<\/em> akceptuje p\u0142atno\u015bci poprzez Stripe i Paypal.<\/p>\n<p>\u00a7 4 Jak d\u0142ugo trwa moja umowa?<\/p>\n<p style=\"padding-left: 40px;\">Miesi\u0119czne subskrypcje trwaj\u0105 jeden miesi\u0105c i s\u0105 automatycznie odnawiane, chyba \u017ce r\u0119cznie zrezygnujesz z automatycznego odnawiania. Roczne subskrypcje trwaj\u0105 jeden rok i s\u0105 automatycznie odnawiane, chyba \u017ce u\u017cytkownik r\u0119cznie zrezygnuje z automatycznego odnawiania.<\/p>\n<p style=\"padding-left: 40px;\">Ty i <em>Zmierz si\u0119 z FACS-em<\/em> oboje maj\u0105 prawo do rozwi\u0105zania umowy do ko\u0144ca bie\u017c\u0105cego miesi\u0105ca lub roku.<\/p>\n<p style=\"padding-left: 40px;\">P\u0142atne subskrypcje s\u0105 wprowadzane na jeden lub dwana\u015bcie miesi\u0119cy.<\/p>\n<p>\u00a7 5 Czy moja p\u0142atna subskrypcja odnawia si\u0119 automatycznie?<\/p>\n<p style=\"padding-left: 40px;\">Tak, chyba \u017ce Ty lub my j\u0105 odwo\u0142amy.<\/p>\n<p>\u00a7 6 Jak mog\u0119 zrezygnowa\u0107?<\/p>\n<p style=\"padding-left: 40px;\">Mo\u017cesz anulowa\u0107 ka\u017cd\u0105 umow\u0119 przed nast\u0119pnym cyklem rozliczeniowym poprzez swoje konto lub wysy\u0142aj\u0105c e-mail na adres facetheFACS@melindaozel.com.<\/p>\n<p style=\"padding-left: 40px;\">Nale\u017cy pami\u0119ta\u0107, \u017ce niewykorzystany czas w ostatnim cyklu rozliczeniowym nie mo\u017ce zosta\u0107 rozliczony proporcjonalnie ani zwr\u00f3cony.<\/p>\n<p style=\"padding-left: 40px;\">Po zako\u0144czeniu korzystania z konta premium, zostanie ono automatycznie prze\u0142\u0105czone z powrotem na konto podstawowe.<\/p>\n<p>\u00a7 7 Co je\u015bli nie spodobaj\u0105 mi si\u0119 wasze us\u0142ugi?<\/p>\n<p style=\"padding-left: 40px;\">Je\u015bli z jakiegokolwiek powodu nie jeste\u015b zadowolony, mo\u017cesz usun\u0105\u0107 swoje konto. Prosz\u0119 odnie\u015b\u0107 si\u0119 powy\u017cej do sekcji \u00a7 6.<\/p>\n<p>\u00a7 9 Co to jest <em>Zmierz si\u0119 z FACS-ami<\/em> odpowiedzialno\u015b\u0107 i jak jest ona ograniczona?<\/p>\n<p style=\"padding-left: 40px;\"><em>Zmierz si\u0119 z FACS-em<\/em> nie mo\u017ce zagwarantowa\u0107 wa\u017cno\u015bci ani dok\u0142adno\u015bci tre\u015bci edukacyjnych udost\u0119pnianych na stronie <em>Zmierz si\u0119 z FACS-em<\/em>ale <em>Zmierz si\u0119 z FACS-em<\/em> kompiluje prac\u0119 i do\u015bwiadczenie ekspert\u00f3w w ka\u017cdej dziedzinie, aby upewni\u0107 si\u0119, \u017ce otrzymujesz najbardziej dok\u0142adne tre\u015bci. Je\u015bli zauwa\u017cysz jaki\u015b b\u0142\u0105d, daj nam zna\u0107, a my starannie przejrzymy i poprawimy go tak szybko, jak tylko b\u0119dziemy mogli.<\/p>\n<p>\u00a7 10 Komu przys\u0142uguj\u0105 prawa autorskie i kto jest w\u0142a\u015bcicielem tre\u015bci?<\/p>\n<p style=\"padding-left: 40px;\">O ile zawarto\u015b\u0107 nie jest wyra\u017anie oznaczona inaczej lub o ile u\u017cytkownik nie uzyska\u0142 licencji zgodnie z prawem, wszystkie teksty, obrazy i inne prace stworzone przez <em>Zmierz si\u0119 z FACS-em<\/em> i udost\u0119pnione Ci w ramach Twojego konta s\u0105 chronione prawem autorskim. W zwi\u0105zku z tym nie wolno Ci powiela\u0107, rozpowszechnia\u0107 lub wystawia\u0107 naszych tre\u015bci ani publikowa\u0107 ich w jakikolwiek spos\u00f3b.<\/p>\n<p style=\"padding-left: 40px;\">W przypadku jakiegokolwiek innego u\u017cycia (tj. replikacji, powielania, sprzeda\u017cy, odsprzeda\u017cy lub wykorzystania), musisz uzyska\u0107 nasz\u0105 pisemn\u0105 zgod\u0119 i\/lub licencj\u0119.<\/p>\n<p>\u00a7 11 Jakie prawo jest w\u0142a\u015bciwe dla mojej umowy?<\/p>\n<p style=\"padding-left: 40px;\">Niniejsza umowa podlega prawu Stan\u00f3w Zjednoczonych.<\/p>","protected":false},"excerpt":{"rendered":"<p>Regulamin Witamy w Face the FACS! Face the FACS to internetowa platforma edukacyjna na stronie internetowej <a href=\"http:\/\/www.melindaozel.com\" rel=\"nofollow\">http:\/\/www.melindaozel.com<\/a> (strona internetowa) prowadzona przez Melind\u0119 Ozel. Face the FACS pomaga swoim u\u017cytkownikom (u\u017cytkownik, ty) uczy\u0107 si\u0119 temat\u00f3w zwi\u0105zanych z ekspresj\u0105. Poni\u017csze warunki reguluj\u0105 relacje mi\u0119dzy u\u017cytkownikiem a nami i odpowiadaj\u0105 na najbardziej istotne ... <a title=\"Warunki u\u017cytkowania\" class=\"read-more\" href=\"https:\/\/melindaozel.com\/pl\/terms-of-use\/\" aria-label=\"Dowiedz si\u0119 wi\u0119cej o Warunkach u\u017cytkowania\">Czytaj dalej<\/a><\/p>","protected":false},"author":60486633,"featured_media":0,"parent":0,"menu_order":0,"comment_status":"closed","ping_status":"closed","template":"","meta":{"footnotes":""},"class_list":["post-4764","page","type-page","status-publish"],"yoast_head":"<!-- This site is optimized with the Yoast SEO Premium plugin v27.3 (Yoast SEO v27.3) - https:\/\/yoast.com\/product\/yoast-seo-premium-wordpress\/ -->\n<title>Terms of Use - Face the FACS | Facial Expressions in Animation, AI, &amp; Behavior<\/title>\n<meta name=\"robots\" content=\"index, follow, max-snippet:-1, max-image-preview:large, max-video-preview:-1\" \/>\n<link rel=\"canonical\" href=\"https:\/\/melindaozel.com\/pl\/terms-of-use\/\" \/>\n<meta property=\"og:locale\" content=\"pl_PL\" \/>\n<meta property=\"og:type\" content=\"article\" \/>\n<meta property=\"og:title\" content=\"Terms of Use\" \/>\n<meta property=\"og:description\" content=\"Terms and Conditions Welcome to Face the FACS! Face the FACS is an online learning platform on the website http:\/\/www.melindaozel.com (website) operated by Melinda Ozel. Face the FACS helps its users (user, you) learn expression-related topics. The following Terms and Conditions (T&amp;Cs) govern the relationship between you and us and will answer the most relevant ... Czytaj dalej\" \/>\n<meta property=\"og:url\" content=\"https:\/\/melindaozel.com\/pl\/terms-of-use\/\" \/>\n<meta property=\"og:site_name\" content=\"Face the FACS | Facial Expressions in Animation, AI, &amp; Behavior\" \/>\n<meta property=\"article:publisher\" content=\"https:\/\/facebook.com\/facetheFACS\/\" \/>\n<meta property=\"og:image\" content=\"https:\/\/melindaozel.com\/wp-content\/uploads\/2020\/06\/face2-1024x1024.png\" \/>\n\t<meta property=\"og:image:width\" content=\"1024\" \/>\n\t<meta property=\"og:image:height\" content=\"1024\" \/>\n\t<meta property=\"og:image:type\" content=\"image\/png\" \/>\n<meta name=\"twitter:card\" content=\"summary_large_image\" \/>\n<meta name=\"twitter:site\" content=\"@melindaozel\" \/>\n<meta name=\"twitter:label1\" content=\"Szacowany czas czytania\" \/>\n\t<meta name=\"twitter:data1\" content=\"3 minuty\" \/>\n<script type=\"application\/ld+json\" class=\"yoast-schema-graph\">{\"@context\":\"https:\\\/\\\/schema.org\",\"@graph\":[{\"@type\":\"WebPage\",\"@id\":\"https:\\\/\\\/melindaozel.com\\\/fr\\\/terms-of-use\\\/\",\"url\":\"https:\\\/\\\/melindaozel.com\\\/fr\\\/terms-of-use\\\/\",\"name\":\"Terms of Use - Face the FACS | Facial Expressions in Animation, AI, &amp; Behavior\",\"isPartOf\":{\"@id\":\"https:\\\/\\\/melindaozel.com\\\/zh\\\/#website\"},\"datePublished\":\"2021-06-21T22:54:32+00:00\",\"breadcrumb\":{\"@id\":\"https:\\\/\\\/melindaozel.com\\\/fr\\\/terms-of-use\\\/#breadcrumb\"},\"inLanguage\":\"pl-PL\",\"potentialAction\":[{\"@type\":\"ReadAction\",\"target\":[\"https:\\\/\\\/melindaozel.com\\\/fr\\\/terms-of-use\\\/\"]}]},{\"@type\":\"BreadcrumbList\",\"@id\":\"https:\\\/\\\/melindaozel.com\\\/fr\\\/terms-of-use\\\/#breadcrumb\",\"itemListElement\":[{\"@type\":\"ListItem\",\"position\":1,\"name\":\"Home\",\"item\":\"https:\\\/\\\/melindaozel.com\\\/\"},{\"@type\":\"ListItem\",\"position\":2,\"name\":\"Terms of Use\"}]},{\"@type\":\"WebSite\",\"@id\":\"https:\\\/\\\/melindaozel.com\\\/zh\\\/#website\",\"url\":\"https:\\\/\\\/melindaozel.com\\\/zh\\\/\",\"name\":\"Face the FACS\",\"description\":\"Facial Expressions in Art, Science, &amp; Technology\",\"publisher\":{\"@id\":\"https:\\\/\\\/melindaozel.com\\\/zh\\\/#\\\/schema\\\/person\\\/81c6262e1bfca3c71960db5aee204e3f\"},\"potentialAction\":[{\"@type\":\"SearchAction\",\"target\":{\"@type\":\"EntryPoint\",\"urlTemplate\":\"https:\\\/\\\/melindaozel.com\\\/zh\\\/?s={search_term_string}\"},\"query-input\":{\"@type\":\"PropertyValueSpecification\",\"valueRequired\":true,\"valueName\":\"search_term_string\"}}],\"inLanguage\":\"pl-PL\"},{\"@type\":[\"Person\",\"Organization\"],\"@id\":\"https:\\\/\\\/melindaozel.com\\\/zh\\\/#\\\/schema\\\/person\\\/81c6262e1bfca3c71960db5aee204e3f\",\"name\":\"Melinda Ozel\",\"image\":{\"@type\":\"ImageObject\",\"inLanguage\":\"pl-PL\",\"@id\":\"https:\\\/\\\/i0.wp.com\\\/melindaozel.com\\\/wp-content\\\/uploads\\\/2025\\\/02\\\/face-the-FACS-eye-mouth-logo-pixel.webp?fit=225%2C225&ssl=1\",\"url\":\"https:\\\/\\\/i0.wp.com\\\/melindaozel.com\\\/wp-content\\\/uploads\\\/2025\\\/02\\\/face-the-FACS-eye-mouth-logo-pixel.webp?fit=225%2C225&ssl=1\",\"contentUrl\":\"https:\\\/\\\/i0.wp.com\\\/melindaozel.com\\\/wp-content\\\/uploads\\\/2025\\\/02\\\/face-the-FACS-eye-mouth-logo-pixel.webp?fit=225%2C225&ssl=1\",\"width\":225,\"height\":225,\"caption\":\"Melinda Ozel\"},\"logo\":{\"@id\":\"https:\\\/\\\/i0.wp.com\\\/melindaozel.com\\\/wp-content\\\/uploads\\\/2025\\\/02\\\/face-the-FACS-eye-mouth-logo-pixel.webp?fit=225%2C225&ssl=1\"},\"sameAs\":[\"https:\\\/\\\/melindaozel.com\",\"https:\\\/\\\/facebook.com\\\/facetheFACS\\\/\",\"https:\\\/\\\/instagram.com\\\/manicexpression\",\"https:\\\/\\\/linkedin.com\\\/in\\\/melindaozel\",\"https:\\\/\\\/pinterest.com\\\/melindaozel\\\/\",\"https:\\\/\\\/x.com\\\/melindaozel\",\"https:\\\/\\\/youtube.com\\\/@facetheFACS\"],\"knowsAbout\":[\"Facial Action Coding System (FACS)\",\"Facial Expression Tracking\",\"Facial Anatomy\",\"Facial Animation\",\"Digital Humans\",\"Audio-to-Expression\",\"Audio-to-Face\",\"Visemes\",\"Lipsync\"],\"jobTitle\":\"Facial Systems Expert, Expression Scientist\",\"numberOfEmployees\":{\"@type\":\"QuantitativeValue\",\"minValue\":\"1\",\"maxValue\":\"10\"}}]}<\/script>\n<!-- \/ Yoast SEO Premium plugin. -->","yoast_head_json":{"title":"Terms of Use - Face the FACS | Facial Expressions in Animation, AI, &amp; Behavior","robots":{"index":"index","follow":"follow","max-snippet":"max-snippet:-1","max-image-preview":"max-image-preview:large","max-video-preview":"max-video-preview:-1"},"canonical":"https:\/\/melindaozel.com\/pl\/terms-of-use\/","og_locale":"pl_PL","og_type":"article","og_title":"Terms of Use","og_description":"Terms and Conditions Welcome to Face the FACS! Face the FACS is an online learning platform on the website http:\/\/www.melindaozel.com (website) operated by Melinda Ozel. Face the FACS helps its users (user, you) learn expression-related topics. The following Terms and Conditions (T&amp;Cs) govern the relationship between you and us and will answer the most relevant ... Czytaj dalej","og_url":"https:\/\/melindaozel.com\/pl\/terms-of-use\/","og_site_name":"Face the FACS | Facial Expressions in Animation, AI, &amp; Behavior","article_publisher":"https:\/\/facebook.com\/facetheFACS\/","og_image":[{"width":1024,"height":1024,"url":"https:\/\/melindaozel.com\/wp-content\/uploads\/2020\/06\/face2-1024x1024.png","type":"image\/png"}],"twitter_card":"summary_large_image","twitter_site":"@melindaozel","twitter_misc":{"Szacowany czas czytania":"3 minuty"},"schema":{"@context":"https:\/\/schema.org","@graph":[{"@type":"WebPage","@id":"https:\/\/melindaozel.com\/fr\/terms-of-use\/","url":"https:\/\/melindaozel.com\/fr\/terms-of-use\/","name":"Terms of Use - Face the FACS | Facial Expressions in Animation, AI, &amp; Behavior","isPartOf":{"@id":"https:\/\/melindaozel.com\/zh\/#website"},"datePublished":"2021-06-21T22:54:32+00:00","breadcrumb":{"@id":"https:\/\/melindaozel.com\/fr\/terms-of-use\/#breadcrumb"},"inLanguage":"pl-PL","potentialAction":[{"@type":"ReadAction","target":["https:\/\/melindaozel.com\/fr\/terms-of-use\/"]}]},{"@type":"BreadcrumbList","@id":"https:\/\/melindaozel.com\/fr\/terms-of-use\/#breadcrumb","itemListElement":[{"@type":"ListItem","position":1,"name":"Home","item":"https:\/\/melindaozel.com\/"},{"@type":"ListItem","position":2,"name":"Terms of Use"}]},{"@type":"WebSite","@id":"https:\/\/melindaozel.com\/zh\/#website","url":"https:\/\/melindaozel.com\/zh\/","name":"Zmierz si\u0119 z FACS-em","description":"Ekspresja twarzy w sztuce, nauce i technologii","publisher":{"@id":"https:\/\/melindaozel.com\/zh\/#\/schema\/person\/81c6262e1bfca3c71960db5aee204e3f"},"potentialAction":[{"@type":"SearchAction","target":{"@type":"EntryPoint","urlTemplate":"https:\/\/melindaozel.com\/zh\/?s={search_term_string}"},"query-input":{"@type":"PropertyValueSpecification","valueRequired":true,"valueName":"search_term_string"}}],"inLanguage":"pl-PL"},{"@type":["Person","Organization"],"@id":"https:\/\/melindaozel.com\/zh\/#\/schema\/person\/81c6262e1bfca3c71960db5aee204e3f","name":"Melinda Ozel","image":{"@type":"ImageObject","inLanguage":"pl-PL","@id":"https:\/\/i0.wp.com\/melindaozel.com\/wp-content\/uploads\/2025\/02\/face-the-FACS-eye-mouth-logo-pixel.webp?fit=225%2C225&ssl=1","url":"https:\/\/i0.wp.com\/melindaozel.com\/wp-content\/uploads\/2025\/02\/face-the-FACS-eye-mouth-logo-pixel.webp?fit=225%2C225&ssl=1","contentUrl":"https:\/\/i0.wp.com\/melindaozel.com\/wp-content\/uploads\/2025\/02\/face-the-FACS-eye-mouth-logo-pixel.webp?fit=225%2C225&ssl=1","width":225,"height":225,"caption":"Melinda Ozel"},"logo":{"@id":"https:\/\/i0.wp.com\/melindaozel.com\/wp-content\/uploads\/2025\/02\/face-the-FACS-eye-mouth-logo-pixel.webp?fit=225%2C225&ssl=1"},"sameAs":["https:\/\/melindaozel.com","https:\/\/facebook.com\/facetheFACS\/","https:\/\/instagram.com\/manicexpression","https:\/\/linkedin.com\/in\/melindaozel","https:\/\/pinterest.com\/melindaozel\/","https:\/\/x.com\/melindaozel","https:\/\/youtube.com\/@facetheFACS"],"knowsAbout":["Facial Action Coding System (FACS)","Facial Expression Tracking","Facial Anatomy","Facial Animation","Digital Humans","Audio-to-Expression","Audio-to-Face","Visemes","Lipsync"],"jobTitle":"Facial Systems Expert, Expression Scientist","numberOfEmployees":{"@type":"QuantitativeValue","minValue":"1","maxValue":"10"}}]}},"jetpack_sharing_enabled":true,"_links":{"self":[{"href":"https:\/\/melindaozel.com\/pl\/wp-json\/wp\/v2\/pages\/4764","targetHints":{"allow":["GET"]}}],"collection":[{"href":"https:\/\/melindaozel.com\/pl\/wp-json\/wp\/v2\/pages"}],"about":[{"href":"https:\/\/melindaozel.com\/pl\/wp-json\/wp\/v2\/types\/page"}],"author":[{"embeddable":true,"href":"https:\/\/melindaozel.com\/pl\/wp-json\/wp\/v2\/users\/60486633"}],"replies":[{"embeddable":true,"href":"https:\/\/melindaozel.com\/pl\/wp-json\/wp\/v2\/comments?post=4764"}],"version-history":[{"count":4,"href":"https:\/\/melindaozel.com\/pl\/wp-json\/wp\/v2\/pages\/4764\/revisions"}],"predecessor-version":[{"id":4768,"href":"https:\/\/melindaozel.com\/pl\/wp-json\/wp\/v2\/pages\/4764\/revisions\/4768"}],"wp:attachment":[{"href":"https:\/\/melindaozel.com\/pl\/wp-json\/wp\/v2\/media?parent=4764"}],"curies":[{"name":"wp","href":"https:\/\/api.w.org\/{rel}","templated":true}]}}