{"id":13209,"date":"2025-10-31T13:23:53","date_gmt":"2025-10-31T17:23:53","guid":{"rendered":"https:\/\/melindaozel.com\/?page_id=13209"},"modified":"2025-10-31T13:37:07","modified_gmt":"2025-10-31T17:37:07","slug":"terms-and-conditions-facs-cram-session","status":"publish","type":"page","link":"https:\/\/melindaozel.com\/pl\/terms-and-conditions-facs-cram-session\/","title":{"rendered":"Warunki uczestnictwa w sesji przygotowawczej FACS"},"content":{"rendered":"<p>Niniejsza umowa zosta\u0142a zawarta pomi\u0119dzy Melind\u0105 Ozel a indywidualnym uczestnikiem (\u201cUczestnik\u201d). Kupuj\u0105c dost\u0119p do FACS Cram Session, Uczestnik wyra\u017ca zgod\u0119 na nast\u0119puj\u0105ce warunki:<\/p>\n\n\n\n<p><strong>1. Prawa autorskie i w\u0142asno\u015b\u0107 intelektualna<\/strong><\/p>\n\n\n\n<p>1.1. Wszystkie materia\u0142y (o ile nie zaznaczono inaczej) udost\u0119pnione w ramach FACS Cram Session, w tym mi\u0119dzy innymi slajdy, filmy, pliki GIF, diagramy i pliki PDF, stanowi\u0105 wy\u0142\u0105czn\u0105 w\u0142asno\u015b\u0107 intelektualn\u0105 Organizatora.<\/p>\n\n\n\n<p>1.2. Uczestnicy otrzymuj\u0105 niewy\u0142\u0105czn\u0105, nieprzenoszaln\u0105 licencj\u0119 na dost\u0119p do tych materia\u0142\u00f3w i ich przegl\u0105danie wy\u0142\u0105cznie do cel\u00f3w osobistych i edukacyjnych.<\/p>\n\n\n\n<p>1.3. Redystrybucja, reprodukcja lub przesy\u0142anie jakichkolwiek materia\u0142\u00f3w na jak\u0105kolwiek stron\u0119 internetow\u0105, platform\u0119 lub wsp\u00f3lny zas\u00f3b jest surowo zabronione. Obejmuje to mi\u0119dzy innymi strony internetowe studia lub firmy, platformy internetowe lub dyski osobiste\/wsp\u00f3lne.<\/p>\n\n\n\n<p>1.4. Uczestnicy nie mog\u0105 udost\u0119pnia\u0107 ani rozpowszechnia\u0107 nagra\u0144 wideo, nagra\u0144 audio ani plik\u00f3w PDF z sesji osobom trzecim, zar\u00f3wno bezp\u0142atnie, jak i za op\u0142at\u0105.<\/p>\n\n\n\n<p><strong>2. Nagrywanie i dost\u0119p do nagra\u0144 wideo<\/strong><\/p>\n\n\n\n<p>2.1. Jest to nagranie, a wszyscy uczestnicy, kt\u00f3rzy ui\u015bcili op\u0142at\u0119, otrzymaj\u0105 dost\u0119p do nagrania i towarzysz\u0105cego mu pliku PDF.<\/p>\n\n\n\n<p>2.2. Film b\u0119dzie przechowywany na bezpiecznej platformie i nie b\u0119dzie mo\u017cna go pobra\u0107. Dost\u0119p do niego b\u0119dzie przys\u0142ugiwa\u0142 wy\u0142\u0105cznie Uczestnikowi przez okres dw\u00f3ch lat.<\/p>\n\n\n\n<p><strong>3. Zwroty koszt\u00f3w<\/strong><\/p>\n\n\n\n<p>3.1. Wszystkie transakcje sprzeda\u017cy s\u0105 ostateczne. Zwroty koszt\u00f3w nie b\u0119d\u0105 realizowane w \u017cadnych okoliczno\u015bciach.<\/p>\n\n\n\n<p><strong>4. Dost\u0119pno\u015b\u0107 i dost\u0119pno\u015b\u0107<\/strong><\/p>\n\n\n\n<p>4.1. Dost\u0119p do filmu b\u0119dzie zapewniony przez okres dw\u00f3ch lat, a plik PDF b\u0119dzie mo\u017cna pobra\u0107. Po up\u0142ywie dw\u00f3ch lat dost\u0119p do filmu mo\u017ce zosta\u0107 cofni\u0119ty, chyba \u017ce uzgodniono inaczej.<\/p>\n\n\n\n<p>4.2. Uczestnicy zobowi\u0105zuj\u0105 si\u0119 nie pobiera\u0107 ani w inny spos\u00f3b nie przechowywa\u0107 kopii filmu bez wyra\u017anej pisemnej zgody Gospodarza.<\/p>\n\n\n\n<p><strong>5. Odszkodowanie i egzekwowanie<\/strong><\/p>\n\n\n\n<p>5.1. Organizator zastrzega sobie prawo do podj\u0119cia dzia\u0142a\u0144 prawnych, a tak\u017ce do zwrotu koszt\u00f3w post\u0119powania s\u0105dowego i op\u0142at s\u0105dowych lub innych \u015brodk\u00f3w prawnych w przypadku nieuprawnionego wykorzystania lub rozpowszechniania materia\u0142\u00f3w szkoleniowych.<\/p>\n\n\n\n<p><strong>6. Prawo w\u0142a\u015bciwe i rozstrzyganie spor\u00f3w<\/strong><\/p>\n\n\n\n<p>6.1. Niniejsza umowa podlega prawu stanu Teksas.<\/p>\n\n\n\n<p>6.2. Wszelkie spory wynikaj\u0105ce z niniejszej umowy b\u0119d\u0105 rozstrzygane w drodze arbitra\u017cu lub mediacji przed wszcz\u0119ciem post\u0119powania s\u0105dowego, z udzia\u0142em licencjonowanego arbitra ze stanu Teksas, kt\u00f3rego wynagrodzenie zostanie pokryte w r\u00f3wnych cz\u0119\u015bciach przez strony, przy czym arbiter ma prawo do ponownego podzia\u0142u op\u0142at, je\u015bli uzna to za stosowne.<\/p>\n\n\n\n<p><strong>7. Wyra\u017cenie zgody na warunki<\/strong><\/p>\n\n\n\n<p>Kupuj\u0105c dost\u0119p do FACS Cram Session, uczestnik potwierdza, \u017ce przeczyta\u0142, zrozumia\u0142 i akceptuje warunki okre\u015blone w niniejszej umowie.<\/p>","protected":false},"excerpt":{"rendered":"<p>Niniejsza umowa zostaje zawarta pomi\u0119dzy Melind\u0105 Ozel a indywidualnym uczestnikiem (\u201cUczestnik\u201d). Kupuj\u0105c dost\u0119p do FACS Cram Session, Uczestnik wyra\u017ca zgod\u0119 na nast\u0119puj\u0105ce warunki: 1. Prawa autorskie i w\u0142asno\u015b\u0107 intelektualna 1.1. Wszystkie materia\u0142y (o ile nie okre\u015blono inaczej) dostarczone w ramach FACS Cram Session, w tym mi\u0119dzy innymi slajdy, filmy, GIF-y, diagramy, ... <a title=\"Warunki uczestnictwa w sesji przygotowawczej FACS\" class=\"read-more\" href=\"https:\/\/melindaozel.com\/pl\/terms-and-conditions-facs-cram-session\/\" aria-label=\"Dowiedz si\u0119 wi\u0119cej o warunkach uczestnictwa w FACS Cram Session\">Czytaj dalej<\/a><\/p>","protected":false},"author":60486633,"featured_media":0,"parent":0,"menu_order":0,"comment_status":"closed","ping_status":"closed","template":"","meta":{"footnotes":""},"class_list":["post-13209","page","type-page","status-publish"],"yoast_head":"<!-- This site is optimized with the Yoast SEO Premium plugin v27.3 (Yoast SEO v27.3) - https:\/\/yoast.com\/product\/yoast-seo-premium-wordpress\/ -->\n<title>Terms and Conditions for Participation in the FACS Cram Session - Face the FACS | Facial Expressions in Animation, AI, &amp; Behavior<\/title>\n<meta name=\"robots\" content=\"index, follow, max-snippet:-1, max-image-preview:large, max-video-preview:-1\" \/>\n<link rel=\"canonical\" href=\"https:\/\/melindaozel.com\/pl\/terms-and-conditions-facs-cram-session\/\" \/>\n<meta property=\"og:locale\" content=\"pl_PL\" \/>\n<meta property=\"og:type\" content=\"article\" \/>\n<meta property=\"og:title\" content=\"Terms and Conditions for Participation in the FACS Cram Session\" \/>\n<meta property=\"og:description\" content=\"This agreement is made between Melinda Ozel and the individual participant (\u201cParticipant\u201d). By purchasing access to the FACS Cram Session, the Participant agrees to the following terms and conditions: 1. Copyright and Intellectual Property 1.1. All materials (unless otherwise stated) provided in the FACS Cram Session, including but not limited to slides, videos, GIFs, diagrams, ... Czytaj dalej\" \/>\n<meta property=\"og:url\" content=\"https:\/\/melindaozel.com\/pl\/terms-and-conditions-facs-cram-session\/\" \/>\n<meta property=\"og:site_name\" content=\"Face the FACS | Facial Expressions in Animation, AI, &amp; Behavior\" \/>\n<meta property=\"article:publisher\" content=\"https:\/\/facebook.com\/facetheFACS\/\" \/>\n<meta property=\"article:modified_time\" content=\"2025-10-31T17:37:07+00:00\" \/>\n<meta property=\"og:image\" content=\"https:\/\/melindaozel.com\/wp-content\/uploads\/2020\/06\/face2-1024x1024.png\" \/>\n\t<meta property=\"og:image:width\" content=\"1024\" \/>\n\t<meta property=\"og:image:height\" content=\"1024\" \/>\n\t<meta property=\"og:image:type\" content=\"image\/png\" \/>\n<meta name=\"twitter:card\" content=\"summary_large_image\" \/>\n<meta name=\"twitter:site\" content=\"@melindaozel\" \/>\n<meta name=\"twitter:label1\" content=\"Szacowany czas czytania\" \/>\n\t<meta name=\"twitter:data1\" content=\"2 minuty\" \/>\n<script type=\"application\/ld+json\" class=\"yoast-schema-graph\">{\"@context\":\"https:\\\/\\\/schema.org\",\"@graph\":[{\"@type\":\"WebPage\",\"@id\":\"https:\\\/\\\/melindaozel.com\\\/terms-and-conditions-facs-cram-session\\\/\",\"url\":\"https:\\\/\\\/melindaozel.com\\\/terms-and-conditions-facs-cram-session\\\/\",\"name\":\"Terms and Conditions for Participation in the FACS Cram Session - Face the FACS | Facial Expressions in Animation, AI, &amp; Behavior\",\"isPartOf\":{\"@id\":\"https:\\\/\\\/melindaozel.com\\\/zh\\\/#website\"},\"datePublished\":\"2025-10-31T17:23:53+00:00\",\"dateModified\":\"2025-10-31T17:37:07+00:00\",\"breadcrumb\":{\"@id\":\"https:\\\/\\\/melindaozel.com\\\/terms-and-conditions-facs-cram-session\\\/#breadcrumb\"},\"inLanguage\":\"pl-PL\",\"potentialAction\":[{\"@type\":\"ReadAction\",\"target\":[\"https:\\\/\\\/melindaozel.com\\\/terms-and-conditions-facs-cram-session\\\/\"]}]},{\"@type\":\"BreadcrumbList\",\"@id\":\"https:\\\/\\\/melindaozel.com\\\/terms-and-conditions-facs-cram-session\\\/#breadcrumb\",\"itemListElement\":[{\"@type\":\"ListItem\",\"position\":1,\"name\":\"Home\",\"item\":\"https:\\\/\\\/melindaozel.com\\\/\"},{\"@type\":\"ListItem\",\"position\":2,\"name\":\"Terms and Conditions for Participation in the FACS Cram Session\"}]},{\"@type\":\"WebSite\",\"@id\":\"https:\\\/\\\/melindaozel.com\\\/zh\\\/#website\",\"url\":\"https:\\\/\\\/melindaozel.com\\\/zh\\\/\",\"name\":\"Face the FACS\",\"description\":\"Facial Expressions in Art, Science, &amp; Technology\",\"publisher\":{\"@id\":\"https:\\\/\\\/melindaozel.com\\\/zh\\\/#\\\/schema\\\/person\\\/81c6262e1bfca3c71960db5aee204e3f\"},\"potentialAction\":[{\"@type\":\"SearchAction\",\"target\":{\"@type\":\"EntryPoint\",\"urlTemplate\":\"https:\\\/\\\/melindaozel.com\\\/zh\\\/?s={search_term_string}\"},\"query-input\":{\"@type\":\"PropertyValueSpecification\",\"valueRequired\":true,\"valueName\":\"search_term_string\"}}],\"inLanguage\":\"pl-PL\"},{\"@type\":[\"Person\",\"Organization\"],\"@id\":\"https:\\\/\\\/melindaozel.com\\\/zh\\\/#\\\/schema\\\/person\\\/81c6262e1bfca3c71960db5aee204e3f\",\"name\":\"Melinda Ozel\",\"image\":{\"@type\":\"ImageObject\",\"inLanguage\":\"pl-PL\",\"@id\":\"https:\\\/\\\/i0.wp.com\\\/melindaozel.com\\\/wp-content\\\/uploads\\\/2025\\\/02\\\/face-the-FACS-eye-mouth-logo-pixel.webp?fit=225%2C225&ssl=1\",\"url\":\"https:\\\/\\\/i0.wp.com\\\/melindaozel.com\\\/wp-content\\\/uploads\\\/2025\\\/02\\\/face-the-FACS-eye-mouth-logo-pixel.webp?fit=225%2C225&ssl=1\",\"contentUrl\":\"https:\\\/\\\/i0.wp.com\\\/melindaozel.com\\\/wp-content\\\/uploads\\\/2025\\\/02\\\/face-the-FACS-eye-mouth-logo-pixel.webp?fit=225%2C225&ssl=1\",\"width\":225,\"height\":225,\"caption\":\"Melinda Ozel\"},\"logo\":{\"@id\":\"https:\\\/\\\/i0.wp.com\\\/melindaozel.com\\\/wp-content\\\/uploads\\\/2025\\\/02\\\/face-the-FACS-eye-mouth-logo-pixel.webp?fit=225%2C225&ssl=1\"},\"sameAs\":[\"https:\\\/\\\/melindaozel.com\",\"https:\\\/\\\/facebook.com\\\/facetheFACS\\\/\",\"https:\\\/\\\/instagram.com\\\/manicexpression\",\"https:\\\/\\\/linkedin.com\\\/in\\\/melindaozel\",\"https:\\\/\\\/pinterest.com\\\/melindaozel\\\/\",\"https:\\\/\\\/x.com\\\/melindaozel\",\"https:\\\/\\\/youtube.com\\\/@facetheFACS\"],\"knowsAbout\":[\"Facial Action Coding System (FACS)\",\"Facial Expression Tracking\",\"Facial Anatomy\",\"Facial Animation\",\"Digital Humans\",\"Audio-to-Expression\",\"Audio-to-Face\",\"Visemes\",\"Lipsync\"],\"jobTitle\":\"Facial Systems Expert, Expression Scientist\",\"numberOfEmployees\":{\"@type\":\"QuantitativeValue\",\"minValue\":\"1\",\"maxValue\":\"10\"}}]}<\/script>\n<!-- \/ Yoast SEO Premium plugin. -->","yoast_head_json":{"title":"Warunki uczestnictwa w FACS Cram Session - Zmierz si\u0119 z FACS | Mimika twarzy w animacji, sztucznej inteligencji i zachowaniu","robots":{"index":"index","follow":"follow","max-snippet":"max-snippet:-1","max-image-preview":"max-image-preview:large","max-video-preview":"max-video-preview:-1"},"canonical":"https:\/\/melindaozel.com\/pl\/terms-and-conditions-facs-cram-session\/","og_locale":"pl_PL","og_type":"article","og_title":"Terms and Conditions for Participation in the FACS Cram Session","og_description":"This agreement is made between Melinda Ozel and the individual participant (\u201cParticipant\u201d). By purchasing access to the FACS Cram Session, the Participant agrees to the following terms and conditions: 1. Copyright and Intellectual Property 1.1. All materials (unless otherwise stated) provided in the FACS Cram Session, including but not limited to slides, videos, GIFs, diagrams, ... Czytaj dalej","og_url":"https:\/\/melindaozel.com\/pl\/terms-and-conditions-facs-cram-session\/","og_site_name":"Face the FACS | Facial Expressions in Animation, AI, &amp; Behavior","article_publisher":"https:\/\/facebook.com\/facetheFACS\/","article_modified_time":"2025-10-31T17:37:07+00:00","og_image":[{"width":1024,"height":1024,"url":"https:\/\/melindaozel.com\/wp-content\/uploads\/2020\/06\/face2-1024x1024.png","type":"image\/png"}],"twitter_card":"summary_large_image","twitter_site":"@melindaozel","twitter_misc":{"Szacowany czas czytania":"2 minuty"},"schema":{"@context":"https:\/\/schema.org","@graph":[{"@type":"WebPage","@id":"https:\/\/melindaozel.com\/terms-and-conditions-facs-cram-session\/","url":"https:\/\/melindaozel.com\/terms-and-conditions-facs-cram-session\/","name":"Warunki uczestnictwa w FACS Cram Session - Zmierz si\u0119 z FACS | Mimika twarzy w animacji, sztucznej inteligencji i zachowaniu","isPartOf":{"@id":"https:\/\/melindaozel.com\/zh\/#website"},"datePublished":"2025-10-31T17:23:53+00:00","dateModified":"2025-10-31T17:37:07+00:00","breadcrumb":{"@id":"https:\/\/melindaozel.com\/terms-and-conditions-facs-cram-session\/#breadcrumb"},"inLanguage":"pl-PL","potentialAction":[{"@type":"ReadAction","target":["https:\/\/melindaozel.com\/terms-and-conditions-facs-cram-session\/"]}]},{"@type":"BreadcrumbList","@id":"https:\/\/melindaozel.com\/terms-and-conditions-facs-cram-session\/#breadcrumb","itemListElement":[{"@type":"ListItem","position":1,"name":"Home","item":"https:\/\/melindaozel.com\/"},{"@type":"ListItem","position":2,"name":"Terms and Conditions for Participation in the FACS Cram Session"}]},{"@type":"WebSite","@id":"https:\/\/melindaozel.com\/zh\/#website","url":"https:\/\/melindaozel.com\/zh\/","name":"Zmierz si\u0119 z FACS-em","description":"Ekspresja twarzy w sztuce, nauce i technologii","publisher":{"@id":"https:\/\/melindaozel.com\/zh\/#\/schema\/person\/81c6262e1bfca3c71960db5aee204e3f"},"potentialAction":[{"@type":"SearchAction","target":{"@type":"EntryPoint","urlTemplate":"https:\/\/melindaozel.com\/zh\/?s={search_term_string}"},"query-input":{"@type":"PropertyValueSpecification","valueRequired":true,"valueName":"search_term_string"}}],"inLanguage":"pl-PL"},{"@type":["Person","Organization"],"@id":"https:\/\/melindaozel.com\/zh\/#\/schema\/person\/81c6262e1bfca3c71960db5aee204e3f","name":"Melinda Ozel","image":{"@type":"ImageObject","inLanguage":"pl-PL","@id":"https:\/\/i0.wp.com\/melindaozel.com\/wp-content\/uploads\/2025\/02\/face-the-FACS-eye-mouth-logo-pixel.webp?fit=225%2C225&ssl=1","url":"https:\/\/i0.wp.com\/melindaozel.com\/wp-content\/uploads\/2025\/02\/face-the-FACS-eye-mouth-logo-pixel.webp?fit=225%2C225&ssl=1","contentUrl":"https:\/\/i0.wp.com\/melindaozel.com\/wp-content\/uploads\/2025\/02\/face-the-FACS-eye-mouth-logo-pixel.webp?fit=225%2C225&ssl=1","width":225,"height":225,"caption":"Melinda Ozel"},"logo":{"@id":"https:\/\/i0.wp.com\/melindaozel.com\/wp-content\/uploads\/2025\/02\/face-the-FACS-eye-mouth-logo-pixel.webp?fit=225%2C225&ssl=1"},"sameAs":["https:\/\/melindaozel.com","https:\/\/facebook.com\/facetheFACS\/","https:\/\/instagram.com\/manicexpression","https:\/\/linkedin.com\/in\/melindaozel","https:\/\/pinterest.com\/melindaozel\/","https:\/\/x.com\/melindaozel","https:\/\/youtube.com\/@facetheFACS"],"knowsAbout":["Facial Action Coding System (FACS)","Facial Expression Tracking","Facial Anatomy","Facial Animation","Digital Humans","Audio-to-Expression","Audio-to-Face","Visemes","Lipsync"],"jobTitle":"Facial Systems Expert, Expression Scientist","numberOfEmployees":{"@type":"QuantitativeValue","minValue":"1","maxValue":"10"}}]}},"jetpack_sharing_enabled":true,"_links":{"self":[{"href":"https:\/\/melindaozel.com\/pl\/wp-json\/wp\/v2\/pages\/13209","targetHints":{"allow":["GET"]}}],"collection":[{"href":"https:\/\/melindaozel.com\/pl\/wp-json\/wp\/v2\/pages"}],"about":[{"href":"https:\/\/melindaozel.com\/pl\/wp-json\/wp\/v2\/types\/page"}],"author":[{"embeddable":true,"href":"https:\/\/melindaozel.com\/pl\/wp-json\/wp\/v2\/users\/60486633"}],"replies":[{"embeddable":true,"href":"https:\/\/melindaozel.com\/pl\/wp-json\/wp\/v2\/comments?post=13209"}],"version-history":[{"count":2,"href":"https:\/\/melindaozel.com\/pl\/wp-json\/wp\/v2\/pages\/13209\/revisions"}],"predecessor-version":[{"id":13211,"href":"https:\/\/melindaozel.com\/pl\/wp-json\/wp\/v2\/pages\/13209\/revisions\/13211"}],"wp:attachment":[{"href":"https:\/\/melindaozel.com\/pl\/wp-json\/wp\/v2\/media?parent=13209"}],"curies":[{"name":"wp","href":"https:\/\/api.w.org\/{rel}","templated":true}]}}