{"id":5586,"date":"2021-08-30T10:46:07","date_gmt":"2021-08-30T14:46:07","guid":{"rendered":"https:\/\/melindaozel.com\/?page_id=5586"},"modified":"2025-02-22T20:24:11","modified_gmt":"2025-02-23T01:24:11","slug":"login-issues","status":"publish","type":"page","link":"https:\/\/melindaozel.com\/is\/login-issues\/","title":{"rendered":"Vandam\u00e1l me\u00f0 innskr\u00e1ningu?"},"content":{"rendered":"<div data-elementor-type=\"wp-page\" data-elementor-id=\"5586\" class=\"elementor elementor-5586\" data-elementor-post-type=\"page\">\n\t\t\t\t\t\t<section class=\"elementor-section elementor-top-section elementor-element elementor-element-5a30057e elementor-section-boxed elementor-section-height-default elementor-section-height-default\" data-id=\"5a30057e\" data-element_type=\"section\" data-e-type=\"section\">\n\t\t\t\t\t\t<div class=\"elementor-container elementor-column-gap-default\">\n\t\t\t\t\t<div class=\"elementor-column elementor-col-100 elementor-top-column elementor-element elementor-element-40519827\" data-id=\"40519827\" data-element_type=\"column\" data-e-type=\"column\">\n\t\t\t<div class=\"elementor-widget-wrap elementor-element-populated\">\n\t\t\t\t\t\t<div class=\"elementor-element elementor-element-13c3d556 elementor-widget elementor-widget-text-editor\" data-id=\"13c3d556\" data-element_type=\"widget\" data-e-type=\"widget\" data-widget_type=\"text-editor.default\">\n\t\t\t\t\t\t\t\t\t<h2 style=\"text-align: center;\">Ef \u00fe\u00fa ert a\u00f0 upplifa endalausa innskr\u00e1ningarhringr\u00e1s, \u00f3ttist ekki!<\/h2><h3><span style=\"text-decoration: underline;\">H\u00e9r eru skrefin sem \u00fearf a\u00f0 taka til a\u00f0 tryggja gle\u00f0ilega innskr\u00e1ningu:<\/span><\/h3><ol><li><strong>B\u00fa\u00f0u til WordPress-reikning me\u00f0 sama netfanginu sem \u00fe\u00fa nota\u00f0ir til a\u00f0 skr\u00e1 \u00feig \u00ed Face the FACS.<\/strong><br \/><em>Andsp\u00e6nis FACS<\/em> Er kn\u00fainn af WordPress, og stundum \u00e1 WordPress \u00ed erfi\u00f0leikum me\u00f0 a\u00f0 muna notendur sem ekki eiga WordPress-reikning. A\u00f0 stofna WordPress-reikning hj\u00e1lpar WordPress a\u00f0 muna uppl\u00fdsingar \u00fe\u00ednar. <br \/><br \/><\/li><li><strong>Kveikja \u00e1 tv\u00ed\u00fe\u00e1ttasta\u00f0festingu.<br \/><\/strong>\u00c9g veit ekki af hverju \u00feetta l\u00e6tur hlutina ganga upp, en \u00feetta er galdurinn sem hefur virka\u00f0 fyrir a\u00f0ra.<br \/><br \/><\/li><li><strong>Skr\u00e1\u00f0u \u00feig inn \u00e1 n\u00fdja WordPress-reikninginn \u00feinn. <br \/><br \/><\/strong><\/li><li><strong>Innganga \u00ed \u00feitt <em>Andsp\u00e6nis FACS<\/em> notendareikningur.<br \/><br \/><\/strong><\/li><li><strong>Ef \u00fe\u00fa s\u00e9r\u00f0 s\u00edfellt uppskotglugga sem bi\u00f0ur \u00feig um a\u00f0 \u201csanna mannlega tilveru \u00fe\u00edna\u201d \/ e\u00f0a ert endurv\u00edsa\u00f0ur til a\u00f0 skr\u00e1 \u00feig inn \u00ed WordPress: <br \/><\/strong>a. <strong>Leysa j\u00f6fnuna. <br \/><\/strong>b. <strong>\u00cdgn\u00edr\u00f0u a\u00f0gangstill\u00f6gu WordPress.<br \/><\/strong>c. <strong>Far\u00f0u aftur \u00ed \u00farvalsinnihaldi\u00f0 sem \u00fe\u00fa varst a\u00f0 reyna a\u00f0 n\u00e1lgast.\u00a0\u00a0<br \/><br \/><\/strong><\/li><li><strong>Ef hlutirnir virka enn ekki, sendu t\u00f6lvup\u00f3st. <span style=\"text-decoration: underline;\">facetheFACS@melindaozel.com<\/span> a\u00f0sto\u00f0!<span style=\"color: #f26241;\"> \u00c9g mun brj\u00f3ta baki\u00f0 til a\u00f0 laga innskr\u00e1ningarvandam\u00e1lin \u00fe\u00edn.<\/span><\/strong><\/li><\/ol>\t\t\t\t\t\t\t\t<\/div>\n\t\t\t\t\t<\/div>\n\t\t<\/div>\n\t\t\t\t\t<\/div>\n\t\t<\/section>\n\t\t\t\t<\/div>","protected":false},"excerpt":{"rendered":"<p>Ef \u00fe\u00fa ert a\u00f0 lenda \u00ed endalausum innskr\u00e1ningarhring, \u00f3ttist ekki! H\u00e9r eru skrefin sem \u00fe\u00fa \u00fearft a\u00f0 taka til a\u00f0 tryggja hamingjusama innskr\u00e1ningu: B\u00fa\u00f0u til WordPress-reikning me\u00f0 SAMA netfanginu sem \u00fe\u00fa nota\u00f0ir til a\u00f0 skr\u00e1 \u00feig \u00ed Face the FACS. Face the FACS er kn\u00fai\u00f0 af WordPress, og stundum \u00e1 WordPress erfitt me\u00f0 a\u00f0 muna notendur \u00e1n \u2026 <a title=\"Vandam\u00e1l me\u00f0 innskr\u00e1ningu?\" class=\"read-more\" href=\"https:\/\/melindaozel.com\/is\/login-issues\/\" aria-label=\"Lesa meira um innskr\u00e1ningarvandam\u00e1l?\">Lesa meira<\/a><\/p>","protected":false},"author":60486633,"featured_media":0,"parent":0,"menu_order":0,"comment_status":"closed","ping_status":"closed","template":"","meta":{"footnotes":""},"class_list":["post-5586","page","type-page","status-publish"],"yoast_head":"<!-- This site is optimized with the Yoast SEO Premium plugin v27.3 (Yoast SEO v27.3) - https:\/\/yoast.com\/product\/yoast-seo-premium-wordpress\/ -->\n<title>Login Issues? - Face the FACS | Facial Expressions in Animation, AI, &amp; Behavior<\/title>\n<meta name=\"robots\" content=\"index, follow, max-snippet:-1, max-image-preview:large, max-video-preview:-1\" \/>\n<link rel=\"canonical\" href=\"https:\/\/melindaozel.com\/is\/login-issues\/\" \/>\n<meta property=\"og:locale\" content=\"is_IS\" \/>\n<meta property=\"og:type\" content=\"article\" \/>\n<meta property=\"og:title\" content=\"Login Issues?\" \/>\n<meta property=\"og:description\" content=\"If you are experiencing the infinite login loop, have no fear! Here are the steps to take to ensure a happy login: Create a WordPress account with the SAME email you used to sign up for Face the FACS.Face the FACS is powered by WordPress, and sometimes WordPress has a difficult time remembering users without ... Read more\" \/>\n<meta property=\"og:url\" content=\"https:\/\/melindaozel.com\/is\/login-issues\/\" \/>\n<meta property=\"og:site_name\" content=\"Face the FACS | Facial Expressions in Animation, AI, &amp; Behavior\" \/>\n<meta property=\"article:publisher\" content=\"https:\/\/facebook.com\/facetheFACS\/\" \/>\n<meta property=\"article:modified_time\" content=\"2025-02-23T01:24:11+00:00\" \/>\n<meta property=\"og:image\" content=\"https:\/\/melindaozel.com\/wp-content\/uploads\/2020\/06\/face2-1024x1024.png\" \/>\n\t<meta property=\"og:image:width\" content=\"1024\" \/>\n\t<meta property=\"og:image:height\" content=\"1024\" \/>\n\t<meta property=\"og:image:type\" content=\"image\/png\" \/>\n<meta name=\"twitter:card\" content=\"summary_large_image\" \/>\n<meta name=\"twitter:site\" content=\"@melindaozel\" \/>\n<meta name=\"twitter:label1\" content=\"Est. reading time\" \/>\n\t<meta name=\"twitter:data1\" content=\"1 minute\" \/>\n<script type=\"application\/ld+json\" class=\"yoast-schema-graph\">{\"@context\":\"https:\\\/\\\/schema.org\",\"@graph\":[{\"@type\":\"WebPage\",\"@id\":\"https:\\\/\\\/melindaozel.com\\\/login-issues\\\/\",\"url\":\"https:\\\/\\\/melindaozel.com\\\/login-issues\\\/\",\"name\":\"Login Issues? - Face the FACS | Facial Expressions in Animation, AI, &amp; Behavior\",\"isPartOf\":{\"@id\":\"https:\\\/\\\/melindaozel.com\\\/zh\\\/#website\"},\"datePublished\":\"2021-08-30T14:46:07+00:00\",\"dateModified\":\"2025-02-23T01:24:11+00:00\",\"breadcrumb\":{\"@id\":\"https:\\\/\\\/melindaozel.com\\\/login-issues\\\/#breadcrumb\"},\"inLanguage\":\"is\",\"potentialAction\":[{\"@type\":\"ReadAction\",\"target\":[\"https:\\\/\\\/melindaozel.com\\\/login-issues\\\/\"]}]},{\"@type\":\"BreadcrumbList\",\"@id\":\"https:\\\/\\\/melindaozel.com\\\/login-issues\\\/#breadcrumb\",\"itemListElement\":[{\"@type\":\"ListItem\",\"position\":1,\"name\":\"Home\",\"item\":\"https:\\\/\\\/melindaozel.com\\\/\"},{\"@type\":\"ListItem\",\"position\":2,\"name\":\"Login Issues?\"}]},{\"@type\":\"WebSite\",\"@id\":\"https:\\\/\\\/melindaozel.com\\\/zh\\\/#website\",\"url\":\"https:\\\/\\\/melindaozel.com\\\/zh\\\/\",\"name\":\"Face the FACS\",\"description\":\"Facial Expressions in Art, Science, &amp; Technology\",\"publisher\":{\"@id\":\"https:\\\/\\\/melindaozel.com\\\/zh\\\/#\\\/schema\\\/person\\\/81c6262e1bfca3c71960db5aee204e3f\"},\"potentialAction\":[{\"@type\":\"SearchAction\",\"target\":{\"@type\":\"EntryPoint\",\"urlTemplate\":\"https:\\\/\\\/melindaozel.com\\\/zh\\\/?s={search_term_string}\"},\"query-input\":{\"@type\":\"PropertyValueSpecification\",\"valueRequired\":true,\"valueName\":\"search_term_string\"}}],\"inLanguage\":\"is\"},{\"@type\":[\"Person\",\"Organization\"],\"@id\":\"https:\\\/\\\/melindaozel.com\\\/zh\\\/#\\\/schema\\\/person\\\/81c6262e1bfca3c71960db5aee204e3f\",\"name\":\"Melinda Ozel\",\"image\":{\"@type\":\"ImageObject\",\"inLanguage\":\"is\",\"@id\":\"https:\\\/\\\/i0.wp.com\\\/melindaozel.com\\\/wp-content\\\/uploads\\\/2025\\\/02\\\/face-the-FACS-eye-mouth-logo-pixel.webp?fit=225%2C225&ssl=1\",\"url\":\"https:\\\/\\\/i0.wp.com\\\/melindaozel.com\\\/wp-content\\\/uploads\\\/2025\\\/02\\\/face-the-FACS-eye-mouth-logo-pixel.webp?fit=225%2C225&ssl=1\",\"contentUrl\":\"https:\\\/\\\/i0.wp.com\\\/melindaozel.com\\\/wp-content\\\/uploads\\\/2025\\\/02\\\/face-the-FACS-eye-mouth-logo-pixel.webp?fit=225%2C225&ssl=1\",\"width\":225,\"height\":225,\"caption\":\"Melinda Ozel\"},\"logo\":{\"@id\":\"https:\\\/\\\/i0.wp.com\\\/melindaozel.com\\\/wp-content\\\/uploads\\\/2025\\\/02\\\/face-the-FACS-eye-mouth-logo-pixel.webp?fit=225%2C225&ssl=1\"},\"sameAs\":[\"https:\\\/\\\/melindaozel.com\",\"https:\\\/\\\/facebook.com\\\/facetheFACS\\\/\",\"https:\\\/\\\/instagram.com\\\/manicexpression\",\"https:\\\/\\\/linkedin.com\\\/in\\\/melindaozel\",\"https:\\\/\\\/pinterest.com\\\/melindaozel\\\/\",\"https:\\\/\\\/x.com\\\/melindaozel\",\"https:\\\/\\\/youtube.com\\\/@facetheFACS\"],\"knowsAbout\":[\"Facial Action Coding System (FACS)\",\"Facial Expression Tracking\",\"Facial Anatomy\",\"Facial Animation\",\"Digital Humans\",\"Audio-to-Expression\",\"Audio-to-Face\",\"Visemes\",\"Lipsync\"],\"jobTitle\":\"Facial Systems Expert, Expression Scientist\",\"numberOfEmployees\":{\"@type\":\"QuantitativeValue\",\"minValue\":\"1\",\"maxValue\":\"10\"}}]}<\/script>\n<!-- \/ Yoast SEO Premium plugin. -->","yoast_head_json":{"title":"Vandam\u00e1l me\u00f0 innskr\u00e1ningu? - Takast \u00e1 vi\u00f0 FACS | Andlitsdr\u00e6ttir \u00ed hreyfimyndum, gervigreind og heg\u00f0un","robots":{"index":"index","follow":"follow","max-snippet":"max-snippet:-1","max-image-preview":"max-image-preview:large","max-video-preview":"max-video-preview:-1"},"canonical":"https:\/\/melindaozel.com\/is\/login-issues\/","og_locale":"is_IS","og_type":"article","og_title":"Login Issues?","og_description":"If you are experiencing the infinite login loop, have no fear! Here are the steps to take to ensure a happy login: Create a WordPress account with the SAME email you used to sign up for Face the FACS.Face the FACS is powered by WordPress, and sometimes WordPress has a difficult time remembering users without ... Read more","og_url":"https:\/\/melindaozel.com\/is\/login-issues\/","og_site_name":"Face the FACS | Facial Expressions in Animation, AI, &amp; Behavior","article_publisher":"https:\/\/facebook.com\/facetheFACS\/","article_modified_time":"2025-02-23T01:24:11+00:00","og_image":[{"width":1024,"height":1024,"url":"https:\/\/melindaozel.com\/wp-content\/uploads\/2020\/06\/face2-1024x1024.png","type":"image\/png"}],"twitter_card":"summary_large_image","twitter_site":"@melindaozel","twitter_misc":{"Est. reading time":"1 minute"},"schema":{"@context":"https:\/\/schema.org","@graph":[{"@type":"WebPage","@id":"https:\/\/melindaozel.com\/login-issues\/","url":"https:\/\/melindaozel.com\/login-issues\/","name":"Vandam\u00e1l me\u00f0 innskr\u00e1ningu? - Takast \u00e1 vi\u00f0 FACS | Andlitsdr\u00e6ttir \u00ed hreyfimyndum, gervigreind og heg\u00f0un","isPartOf":{"@id":"https:\/\/melindaozel.com\/zh\/#website"},"datePublished":"2021-08-30T14:46:07+00:00","dateModified":"2025-02-23T01:24:11+00:00","breadcrumb":{"@id":"https:\/\/melindaozel.com\/login-issues\/#breadcrumb"},"inLanguage":"is","potentialAction":[{"@type":"ReadAction","target":["https:\/\/melindaozel.com\/login-issues\/"]}]},{"@type":"BreadcrumbList","@id":"https:\/\/melindaozel.com\/login-issues\/#breadcrumb","itemListElement":[{"@type":"ListItem","position":1,"name":"Home","item":"https:\/\/melindaozel.com\/"},{"@type":"ListItem","position":2,"name":"Login Issues?"}]},{"@type":"WebSite","@id":"https:\/\/melindaozel.com\/zh\/#website","url":"https:\/\/melindaozel.com\/zh\/","name":"Andsp\u00e6nis FACS","description":"Andlitsdr\u00e6ttir \u00ed list, v\u00edsindum og t\u00e6kni","publisher":{"@id":"https:\/\/melindaozel.com\/zh\/#\/schema\/person\/81c6262e1bfca3c71960db5aee204e3f"},"potentialAction":[{"@type":"SearchAction","target":{"@type":"EntryPoint","urlTemplate":"https:\/\/melindaozel.com\/zh\/?s={search_term_string}"},"query-input":{"@type":"PropertyValueSpecification","valueRequired":true,"valueName":"search_term_string"}}],"inLanguage":"is"},{"@type":["Person","Organization"],"@id":"https:\/\/melindaozel.com\/zh\/#\/schema\/person\/81c6262e1bfca3c71960db5aee204e3f","name":"Melinda Ozel","image":{"@type":"ImageObject","inLanguage":"is","@id":"https:\/\/i0.wp.com\/melindaozel.com\/wp-content\/uploads\/2025\/02\/face-the-FACS-eye-mouth-logo-pixel.webp?fit=225%2C225&ssl=1","url":"https:\/\/i0.wp.com\/melindaozel.com\/wp-content\/uploads\/2025\/02\/face-the-FACS-eye-mouth-logo-pixel.webp?fit=225%2C225&ssl=1","contentUrl":"https:\/\/i0.wp.com\/melindaozel.com\/wp-content\/uploads\/2025\/02\/face-the-FACS-eye-mouth-logo-pixel.webp?fit=225%2C225&ssl=1","width":225,"height":225,"caption":"Melinda Ozel"},"logo":{"@id":"https:\/\/i0.wp.com\/melindaozel.com\/wp-content\/uploads\/2025\/02\/face-the-FACS-eye-mouth-logo-pixel.webp?fit=225%2C225&ssl=1"},"sameAs":["https:\/\/melindaozel.com","https:\/\/facebook.com\/facetheFACS\/","https:\/\/instagram.com\/manicexpression","https:\/\/linkedin.com\/in\/melindaozel","https:\/\/pinterest.com\/melindaozel\/","https:\/\/x.com\/melindaozel","https:\/\/youtube.com\/@facetheFACS"],"knowsAbout":["Facial Action Coding System (FACS)","Facial Expression Tracking","Facial Anatomy","Facial Animation","Digital Humans","Audio-to-Expression","Audio-to-Face","Visemes","Lipsync"],"jobTitle":"Facial Systems Expert, Expression Scientist","numberOfEmployees":{"@type":"QuantitativeValue","minValue":"1","maxValue":"10"}}]}},"jetpack_sharing_enabled":true,"_links":{"self":[{"href":"https:\/\/melindaozel.com\/is\/wp-json\/wp\/v2\/pages\/5586","targetHints":{"allow":["GET"]}}],"collection":[{"href":"https:\/\/melindaozel.com\/is\/wp-json\/wp\/v2\/pages"}],"about":[{"href":"https:\/\/melindaozel.com\/is\/wp-json\/wp\/v2\/types\/page"}],"author":[{"embeddable":true,"href":"https:\/\/melindaozel.com\/is\/wp-json\/wp\/v2\/users\/60486633"}],"replies":[{"embeddable":true,"href":"https:\/\/melindaozel.com\/is\/wp-json\/wp\/v2\/comments?post=5586"}],"version-history":[{"count":17,"href":"https:\/\/melindaozel.com\/is\/wp-json\/wp\/v2\/pages\/5586\/revisions"}],"predecessor-version":[{"id":11465,"href":"https:\/\/melindaozel.com\/is\/wp-json\/wp\/v2\/pages\/5586\/revisions\/11465"}],"wp:attachment":[{"href":"https:\/\/melindaozel.com\/is\/wp-json\/wp\/v2\/media?parent=5586"}],"curies":[{"name":"vp","href":"https:\/\/api.w.org\/{rel}","templated":true}]}}