{"id":5344,"date":"2021-07-07T10:35:07","date_gmt":"2021-07-07T14:35:07","guid":{"rendered":"https:\/\/melindaozel.com\/?page_id=5344"},"modified":"2025-11-19T10:36:55","modified_gmt":"2025-11-19T15:36:55","slug":"post-updates","status":"publish","type":"page","link":"https:\/\/melindaozel.com\/is\/post-updates\/","title":{"rendered":"Skr\u00e1\u00f0u \u00feig til a\u00f0 f\u00e1 m\u00e1na\u00f0arlegar f\u00e6rslup\u00e6lingar"},"content":{"rendered":"\t\t<div data-elementor-type=\"wp-page\" data-elementor-id=\"5344\" class=\"elementor elementor-5344\" data-elementor-post-type=\"page\">\n\t\t\t\t\t\t<section class=\"elementor-section elementor-top-section elementor-element elementor-element-6cbbc68 elementor-section-boxed elementor-section-height-default elementor-section-height-default\" data-id=\"6cbbc68\" data-element_type=\"section\" data-e-type=\"section\">\n\t\t\t\t\t\t<div class=\"elementor-container elementor-column-gap-default\">\n\t\t\t\t\t<div class=\"elementor-column elementor-col-100 elementor-top-column elementor-element elementor-element-32f87d0\" data-id=\"32f87d0\" data-element_type=\"column\" data-e-type=\"column\">\n\t\t\t<div class=\"elementor-widget-wrap elementor-element-populated\">\n\t\t\t\t\t\t<div class=\"elementor-element elementor-element-915060f elementor-widget elementor-widget-wp-widget-mailpoet_form\" data-id=\"915060f\" data-element_type=\"widget\" data-e-type=\"widget\" data-widget_type=\"wp-widget-mailpoet_form.default\">\n\t\t\t\t<div class=\"elementor-widget-container\">\n\t\t\t\t\t  \n  \n  <div class=\"\n    mailpoet_form_popup_overlay\n      \"><\/div>\n  <div\n    id=\"mailpoet_form_5\"\n    class=\"\n      mailpoet_form\n      mailpoet_form_widget\n      mailpoet_form_position_\n      mailpoet_form_animation_\n    \"\n      >\n\n    <style type=\"text\/css\">\n     #mailpoet_form_5 .mailpoet_form {  }\n#mailpoet_form_5 .mailpoet_column_with_background { padding: 10px; }\n#mailpoet_form_5 .mailpoet_form_column:not(:first-child) { margin-left: 20px; }\n#mailpoet_form_5 .mailpoet_paragraph { line-height: 20px; margin-bottom: 20px; }\n#mailpoet_form_5 .mailpoet_segment_label, #mailpoet_form_5 .mailpoet_text_label, #mailpoet_form_5 .mailpoet_textarea_label, #mailpoet_form_5 .mailpoet_select_label, #mailpoet_form_5 .mailpoet_radio_label, #mailpoet_form_5 .mailpoet_checkbox_label, #mailpoet_form_5 .mailpoet_list_label, #mailpoet_form_5 .mailpoet_date_label { display: block; font-weight: normal; }\n#mailpoet_form_5 .mailpoet_text, #mailpoet_form_5 .mailpoet_textarea, #mailpoet_form_5 .mailpoet_select, #mailpoet_form_5 .mailpoet_date_month, #mailpoet_form_5 .mailpoet_date_day, #mailpoet_form_5 .mailpoet_date_year, #mailpoet_form_5 .mailpoet_date { display: block; }\n#mailpoet_form_5 .mailpoet_text, #mailpoet_form_5 .mailpoet_textarea { width: 200px; }\n#mailpoet_form_5 .mailpoet_checkbox {  }\n#mailpoet_form_5 .mailpoet_submit {  }\n#mailpoet_form_5 .mailpoet_divider {  }\n#mailpoet_form_5 .mailpoet_message {  }\n#mailpoet_form_5 .mailpoet_form_loading { width: 30px; text-align: center; line-height: normal; }\n#mailpoet_form_5 .mailpoet_form_loading > span { width: 5px; height: 5px; background-color: #5b5b5b; }#mailpoet_form_5{border-radius: 0px;text-align: center;}#mailpoet_form_5 form.mailpoet_form {padding: 10px;}#mailpoet_form_5{width: 100%;}#mailpoet_form_5 .mailpoet_message {margin: 0; padding: 0 20px;}\n        #mailpoet_form_5 .mailpoet_validate_success {color: #000000}\n        #mailpoet_form_5 input.parsley-success {color: #000000}\n        #mailpoet_form_5 select.parsley-success {color: #000000}\n        #mailpoet_form_5 textarea.parsley-success {color: #000000}\n      \n        #mailpoet_form_5 .mailpoet_validate_error {color: #cf2e2e}\n        #mailpoet_form_5 input.parsley-error {color: #cf2e2e}\n        #mailpoet_form_5 select.parsley-error {color: #cf2e2e}\n        #mailpoet_form_5 textarea.textarea.parsley-error {color: #cf2e2e}\n        #mailpoet_form_5 .parsley-errors-list {color: #cf2e2e}\n        #mailpoet_form_5 .parsley-required {color: #cf2e2e}\n        #mailpoet_form_5 .parsley-custom-error-message {color: #cf2e2e}\n      #mailpoet_form_5 .mailpoet_paragraph.last {margin-bottom: 0} @media (max-width: 500px) {#mailpoet_form_5 {background-image: none;}} @media (min-width: 500px) {#mailpoet_form_5 .last .mailpoet_paragraph:last-child {margin-bottom: 0}}  @media (max-width: 500px) {#mailpoet_form_5 .mailpoet_form_column:last-child .mailpoet_paragraph:last-child {margin-bottom: 0}} \n    <\/style>\n\n    <form\n      target=\"_self\"\n      method=\"post\"\n      action=\"https:\/\/melindaozel.com\/wp-admin\/admin-post.php?action=mailpoet_subscription_form\"\n      class=\"mailpoet_form mailpoet_form_form mailpoet_form_widget\"\n      novalidate\n      data-delay=\"\"\n      data-exit-intent-enabled=\"\"\n      data-font-family=\"\"\n      data-cookie-expiration-time=\"\"\n    >\n      <input type=\"hidden\" name=\"data[form_id]\" value=\"5\" \/>\n      <input type=\"hidden\" name=\"token\" value=\"2f0a6cd9dc\" \/>\n      <input type=\"hidden\" name=\"api_version\" value=\"v1\" \/>\n      <input type=\"hidden\" name=\"endpoint\" value=\"subscribers\" \/>\n      <input type=\"hidden\" name=\"mailpoet_method\" value=\"subscribe\" \/>\n\n      <label class=\"mailpoet_hp_email_label\" style=\"display: none !important;\">Please leave this field empty<input type=\"email\" name=\"data[email]\"\/><\/label><div class='mailpoet_spacer' style='height: 10px;'><\/div>\n<h2 class=\"mailpoet-heading  mailpoet-has-font-size\" style=\"text-align: center; color: #3a0f76; font-size: 20px; line-height: 1.5\"><strong>FACSmaxxing: Get all the updates.<\/strong><\/h2>\n<p class=\"mailpoet_form_paragraph  mailpoet-has-font-size\" style=\"text-align: center; color: #000000; font-size: 16px; line-height: 1.5\"><span style=\"font-family:\" data-font=\"\" class=\"mailpoet-has-font\">Stay up-to-date on new content, FACS training releases, and free <\/span>resources.<\/p>\n<div class=\"mailpoet_paragraph \"><input type=\"email\" autocomplete=\"email\" class=\"mailpoet_text\" id=\"form_email_5\" name=\"data[form_field_Y2ZmZWU2ZWYzOGY3X2VtYWls]\" title=\"Email Address\" value=\"\" style=\"width:100%;box-sizing:border-box;padding:15px;margin: 0 auto;font-family:&#039;Montserrat&#039;;font-size:15px;line-height:1.5;height:auto;\" data-automation-id=\"form_email\"  placeholder=\"Email Address *\" aria-label=\"Email Address *\" data-parsley-errors-container=\".mailpoet_error_1dhnw\" data-parsley-required=\"true\" required aria-required=\"true\" data-parsley-minlength=\"6\" data-parsley-maxlength=\"150\" data-parsley-type-message=\"This value should be a valid email.\" data-parsley-required-message=\"This field is required.\"\/><span class=\"mailpoet_error_1dhnw\"><\/span><\/div>\n<div class=\"mailpoet_paragraph \"><input type=\"submit\" class=\"mailpoet_submit\" value=\"Join usss\" data-automation-id=\"subscribe-submit-button\" data-font-family='Verdana' style=\"background-color:#fef887;border-style:solid;border-radius:16px !important;border-width:1px;border-color:#313131;padding:15px;margin: 0 auto;font-family:&#039;Verdana&#039;;font-size:15px;line-height:1.5;height:auto;color:#313131;\" \/><span class=\"mailpoet_form_loading\"><span class=\"mailpoet_bounce1\"><\/span><span class=\"mailpoet_bounce2\"><\/span><span class=\"mailpoet_bounce3\"><\/span><\/span><\/div>\n<p class=\"mailpoet_form_paragraph  mailpoet-has-font-size\" style=\"text-align: center; font-size: 13px; line-height: 1.5\"><em>No spam. Just news &amp; free resources. (Read my <a href=\"#\">privacy policy<\/a> for more info.<\/em>)<\/p>\n\n      <div class=\"mailpoet_message\">\n        <p class=\"mailpoet_validate_success\"\n                style=\"display:none;\"\n                >Check your inbox or spam folder to confirm your subscription.\n        <\/p>\n        <p class=\"mailpoet_validate_error\"\n                style=\"display:none;\"\n                >        <\/p>\n      <\/div>\n    <\/form>\n\n      <\/div>\n\n  \t\t\t\t<\/div>\n\t\t\t\t<\/div>\n\t\t\t\t\t<\/div>\n\t\t<\/div>\n\t\t\t\t\t<\/div>\n\t\t<\/section>\n\t\t\t\t<\/div>\n\t\t","protected":false},"excerpt":{"rendered":"","protected":false},"author":60486633,"featured_media":0,"parent":0,"menu_order":0,"comment_status":"closed","ping_status":"closed","template":"elementor_header_footer","meta":{"footnotes":""},"class_list":["post-5344","page","type-page","status-publish"],"yoast_head":"<!-- This site is optimized with the Yoast SEO Premium plugin v27.3 (Yoast SEO v27.3) - https:\/\/yoast.com\/product\/yoast-seo-premium-wordpress\/ -->\n<title>Sign Up For Monthly Post Updates - Face the FACS | Facial Expressions in Animation, AI, &amp; Behavior<\/title>\n<meta name=\"robots\" content=\"index, follow, max-snippet:-1, max-image-preview:large, max-video-preview:-1\" \/>\n<link rel=\"canonical\" href=\"https:\/\/melindaozel.com\/is\/post-updates\/\" \/>\n<meta property=\"og:locale\" content=\"is_IS\" \/>\n<meta property=\"og:type\" content=\"article\" \/>\n<meta property=\"og:title\" content=\"Sign Up For Monthly Post Updates\" \/>\n<meta property=\"og:url\" content=\"https:\/\/melindaozel.com\/is\/post-updates\/\" \/>\n<meta property=\"og:site_name\" content=\"Face the FACS | Facial Expressions in Animation, AI, &amp; Behavior\" \/>\n<meta property=\"article:publisher\" content=\"https:\/\/facebook.com\/facetheFACS\/\" \/>\n<meta property=\"article:modified_time\" content=\"2025-11-19T15:36:55+00:00\" \/>\n<meta property=\"og:image\" content=\"https:\/\/melindaozel.com\/wp-content\/uploads\/2020\/06\/face2-1024x1024.png\" \/>\n\t<meta property=\"og:image:width\" content=\"1024\" \/>\n\t<meta property=\"og:image:height\" content=\"1024\" \/>\n\t<meta property=\"og:image:type\" content=\"image\/png\" \/>\n<meta name=\"twitter:card\" content=\"summary_large_image\" \/>\n<meta name=\"twitter:site\" content=\"@melindaozel\" \/>\n<meta name=\"twitter:label1\" content=\"Est. reading time\" \/>\n\t<meta name=\"twitter:data1\" content=\"1 minute\" \/>\n<script type=\"application\/ld+json\" class=\"yoast-schema-graph\">{\"@context\":\"https:\\\/\\\/schema.org\",\"@graph\":[{\"@type\":\"WebPage\",\"@id\":\"https:\\\/\\\/melindaozel.com\\\/post-updates\\\/\",\"url\":\"https:\\\/\\\/melindaozel.com\\\/post-updates\\\/\",\"name\":\"Sign Up For Monthly Post Updates - Face the FACS | Facial Expressions in Animation, AI, &amp; Behavior\",\"isPartOf\":{\"@id\":\"https:\\\/\\\/melindaozel.com\\\/zh\\\/#website\"},\"datePublished\":\"2021-07-07T14:35:07+00:00\",\"dateModified\":\"2025-11-19T15:36:55+00:00\",\"breadcrumb\":{\"@id\":\"https:\\\/\\\/melindaozel.com\\\/post-updates\\\/#breadcrumb\"},\"inLanguage\":\"is\",\"potentialAction\":[{\"@type\":\"ReadAction\",\"target\":[\"https:\\\/\\\/melindaozel.com\\\/post-updates\\\/\"]}]},{\"@type\":\"BreadcrumbList\",\"@id\":\"https:\\\/\\\/melindaozel.com\\\/post-updates\\\/#breadcrumb\",\"itemListElement\":[{\"@type\":\"ListItem\",\"position\":1,\"name\":\"Home\",\"item\":\"https:\\\/\\\/melindaozel.com\\\/\"},{\"@type\":\"ListItem\",\"position\":2,\"name\":\"Sign Up For Monthly Post Updates\"}]},{\"@type\":\"WebSite\",\"@id\":\"https:\\\/\\\/melindaozel.com\\\/zh\\\/#website\",\"url\":\"https:\\\/\\\/melindaozel.com\\\/zh\\\/\",\"name\":\"Face the FACS\",\"description\":\"Facial Expressions in Art, Science, &amp; Technology\",\"publisher\":{\"@id\":\"https:\\\/\\\/melindaozel.com\\\/zh\\\/#\\\/schema\\\/person\\\/81c6262e1bfca3c71960db5aee204e3f\"},\"potentialAction\":[{\"@type\":\"SearchAction\",\"target\":{\"@type\":\"EntryPoint\",\"urlTemplate\":\"https:\\\/\\\/melindaozel.com\\\/zh\\\/?s={search_term_string}\"},\"query-input\":{\"@type\":\"PropertyValueSpecification\",\"valueRequired\":true,\"valueName\":\"search_term_string\"}}],\"inLanguage\":\"is\"},{\"@type\":[\"Person\",\"Organization\"],\"@id\":\"https:\\\/\\\/melindaozel.com\\\/zh\\\/#\\\/schema\\\/person\\\/81c6262e1bfca3c71960db5aee204e3f\",\"name\":\"Melinda Ozel\",\"image\":{\"@type\":\"ImageObject\",\"inLanguage\":\"is\",\"@id\":\"https:\\\/\\\/i0.wp.com\\\/melindaozel.com\\\/wp-content\\\/uploads\\\/2025\\\/02\\\/face-the-FACS-eye-mouth-logo-pixel.webp?fit=225%2C225&ssl=1\",\"url\":\"https:\\\/\\\/i0.wp.com\\\/melindaozel.com\\\/wp-content\\\/uploads\\\/2025\\\/02\\\/face-the-FACS-eye-mouth-logo-pixel.webp?fit=225%2C225&ssl=1\",\"contentUrl\":\"https:\\\/\\\/i0.wp.com\\\/melindaozel.com\\\/wp-content\\\/uploads\\\/2025\\\/02\\\/face-the-FACS-eye-mouth-logo-pixel.webp?fit=225%2C225&ssl=1\",\"width\":225,\"height\":225,\"caption\":\"Melinda Ozel\"},\"logo\":{\"@id\":\"https:\\\/\\\/i0.wp.com\\\/melindaozel.com\\\/wp-content\\\/uploads\\\/2025\\\/02\\\/face-the-FACS-eye-mouth-logo-pixel.webp?fit=225%2C225&ssl=1\"},\"sameAs\":[\"https:\\\/\\\/melindaozel.com\",\"https:\\\/\\\/facebook.com\\\/facetheFACS\\\/\",\"https:\\\/\\\/instagram.com\\\/manicexpression\",\"https:\\\/\\\/linkedin.com\\\/in\\\/melindaozel\",\"https:\\\/\\\/pinterest.com\\\/melindaozel\\\/\",\"https:\\\/\\\/x.com\\\/melindaozel\",\"https:\\\/\\\/youtube.com\\\/@facetheFACS\"],\"knowsAbout\":[\"Facial Action Coding System (FACS)\",\"Facial Expression Tracking\",\"Facial Anatomy\",\"Facial Animation\",\"Digital Humans\",\"Audio-to-Expression\",\"Audio-to-Face\",\"Visemes\",\"Lipsync\"],\"jobTitle\":\"Facial Systems Expert, Expression Scientist\",\"numberOfEmployees\":{\"@type\":\"QuantitativeValue\",\"minValue\":\"1\",\"maxValue\":\"10\"}}]}<\/script>\n<!-- \/ Yoast SEO Premium plugin. -->","yoast_head_json":{"title":"Skr\u00e1\u00f0u \u00feig fyrir m\u00e1na\u00f0arlegar f\u00e6rslup\u00e6lingar - Face the FACS | Andlitssvipbrig\u00f0i \u00ed teiknimyndum, gervigreind og heg\u00f0un","robots":{"index":"index","follow":"follow","max-snippet":"max-snippet:-1","max-image-preview":"max-image-preview:large","max-video-preview":"max-video-preview:-1"},"canonical":"https:\/\/melindaozel.com\/is\/post-updates\/","og_locale":"is_IS","og_type":"article","og_title":"Sign Up For Monthly Post Updates","og_url":"https:\/\/melindaozel.com\/is\/post-updates\/","og_site_name":"Face the FACS | Facial Expressions in Animation, AI, &amp; Behavior","article_publisher":"https:\/\/facebook.com\/facetheFACS\/","article_modified_time":"2025-11-19T15:36:55+00:00","og_image":[{"width":1024,"height":1024,"url":"https:\/\/melindaozel.com\/wp-content\/uploads\/2020\/06\/face2-1024x1024.png","type":"image\/png"}],"twitter_card":"summary_large_image","twitter_site":"@melindaozel","twitter_misc":{"Est. reading time":"1 minute"},"schema":{"@context":"https:\/\/schema.org","@graph":[{"@type":"WebPage","@id":"https:\/\/melindaozel.com\/post-updates\/","url":"https:\/\/melindaozel.com\/post-updates\/","name":"Skr\u00e1\u00f0u \u00feig fyrir m\u00e1na\u00f0arlegar f\u00e6rslup\u00e6lingar - Face the FACS | Andlitssvipbrig\u00f0i \u00ed teiknimyndum, gervigreind og heg\u00f0un","isPartOf":{"@id":"https:\/\/melindaozel.com\/zh\/#website"},"datePublished":"2021-07-07T14:35:07+00:00","dateModified":"2025-11-19T15:36:55+00:00","breadcrumb":{"@id":"https:\/\/melindaozel.com\/post-updates\/#breadcrumb"},"inLanguage":"is","potentialAction":[{"@type":"ReadAction","target":["https:\/\/melindaozel.com\/post-updates\/"]}]},{"@type":"BreadcrumbList","@id":"https:\/\/melindaozel.com\/post-updates\/#breadcrumb","itemListElement":[{"@type":"ListItem","position":1,"name":"Home","item":"https:\/\/melindaozel.com\/"},{"@type":"ListItem","position":2,"name":"Sign Up For Monthly Post Updates"}]},{"@type":"WebSite","@id":"https:\/\/melindaozel.com\/zh\/#website","url":"https:\/\/melindaozel.com\/zh\/","name":"Andsp\u00e6nis FACS","description":"Andlitsdr\u00e6ttir \u00ed list, v\u00edsindum og t\u00e6kni","publisher":{"@id":"https:\/\/melindaozel.com\/zh\/#\/schema\/person\/81c6262e1bfca3c71960db5aee204e3f"},"potentialAction":[{"@type":"SearchAction","target":{"@type":"EntryPoint","urlTemplate":"https:\/\/melindaozel.com\/zh\/?s={search_term_string}"},"query-input":{"@type":"PropertyValueSpecification","valueRequired":true,"valueName":"search_term_string"}}],"inLanguage":"is"},{"@type":["Person","Organization"],"@id":"https:\/\/melindaozel.com\/zh\/#\/schema\/person\/81c6262e1bfca3c71960db5aee204e3f","name":"Melinda Ozel","image":{"@type":"ImageObject","inLanguage":"is","@id":"https:\/\/i0.wp.com\/melindaozel.com\/wp-content\/uploads\/2025\/02\/face-the-FACS-eye-mouth-logo-pixel.webp?fit=225%2C225&ssl=1","url":"https:\/\/i0.wp.com\/melindaozel.com\/wp-content\/uploads\/2025\/02\/face-the-FACS-eye-mouth-logo-pixel.webp?fit=225%2C225&ssl=1","contentUrl":"https:\/\/i0.wp.com\/melindaozel.com\/wp-content\/uploads\/2025\/02\/face-the-FACS-eye-mouth-logo-pixel.webp?fit=225%2C225&ssl=1","width":225,"height":225,"caption":"Melinda Ozel"},"logo":{"@id":"https:\/\/i0.wp.com\/melindaozel.com\/wp-content\/uploads\/2025\/02\/face-the-FACS-eye-mouth-logo-pixel.webp?fit=225%2C225&ssl=1"},"sameAs":["https:\/\/melindaozel.com","https:\/\/facebook.com\/facetheFACS\/","https:\/\/instagram.com\/manicexpression","https:\/\/linkedin.com\/in\/melindaozel","https:\/\/pinterest.com\/melindaozel\/","https:\/\/x.com\/melindaozel","https:\/\/youtube.com\/@facetheFACS"],"knowsAbout":["Facial Action Coding System (FACS)","Facial Expression Tracking","Facial Anatomy","Facial Animation","Digital Humans","Audio-to-Expression","Audio-to-Face","Visemes","Lipsync"],"jobTitle":"Facial Systems Expert, Expression Scientist","numberOfEmployees":{"@type":"QuantitativeValue","minValue":"1","maxValue":"10"}}]}},"jetpack_sharing_enabled":true,"_links":{"self":[{"href":"https:\/\/melindaozel.com\/is\/wp-json\/wp\/v2\/pages\/5344","targetHints":{"allow":["GET"]}}],"collection":[{"href":"https:\/\/melindaozel.com\/is\/wp-json\/wp\/v2\/pages"}],"about":[{"href":"https:\/\/melindaozel.com\/is\/wp-json\/wp\/v2\/types\/page"}],"author":[{"embeddable":true,"href":"https:\/\/melindaozel.com\/is\/wp-json\/wp\/v2\/users\/60486633"}],"replies":[{"embeddable":true,"href":"https:\/\/melindaozel.com\/is\/wp-json\/wp\/v2\/comments?post=5344"}],"version-history":[{"count":11,"href":"https:\/\/melindaozel.com\/is\/wp-json\/wp\/v2\/pages\/5344\/revisions"}],"predecessor-version":[{"id":13631,"href":"https:\/\/melindaozel.com\/is\/wp-json\/wp\/v2\/pages\/5344\/revisions\/13631"}],"wp:attachment":[{"href":"https:\/\/melindaozel.com\/is\/wp-json\/wp\/v2\/media?parent=5344"}],"curies":[{"name":"vp","href":"https:\/\/api.w.org\/{rel}","templated":true}]}}