{"id":5289,"date":"2021-07-06T00:15:23","date_gmt":"2021-07-06T04:15:23","guid":{"rendered":"https:\/\/melindaozel.com\/?page_id=5289"},"modified":"2021-07-06T00:15:23","modified_gmt":"2021-07-06T04:15:23","slug":"privacy-policy","status":"publish","type":"page","link":"https:\/\/melindaozel.com\/is\/privacy-policy\/","title":{"rendered":"Pers\u00f3nuverndarstefna"},"content":{"rendered":"<h2 class=\"wp-block-heading\">Hver vi\u00f0 erum<\/h2>\r\n\r\n\r\n\r\n<p>Vefsl\u00f3\u00f0in okkar er: <a href=\"https:\/\/melindaozel.com\">https:\/\/melindaozel.com<\/a>.<\/p>\r\n\r\n\r\n\r\n<h2 class=\"wp-block-heading\">Athugasemdir<\/h2>\r\n\r\n\r\n\r\n<p>\u00deegar gestir skilja eftir athugasemdir \u00e1 s\u00ed\u00f0unni s\u00f6fnum vi\u00f0 g\u00f6gnum sem birtast \u00ed athugasemdarey\u00f0ubla\u00f0inu, auk IP-t\u00f6lu gestsins og notendau\u00f0kennis vafrans til a\u00f0 hj\u00e1lpa vi\u00f0 ruslp\u00f3stgreiningu.<\/p>\r\n\r\n\r\n\r\n<p>Anonymousa\u00f0ur strengur sem b\u00fainn er til \u00far netfanginu \u00fe\u00ednu (einnig kalla\u00f0ur hash) getur veri\u00f0 sendur til Gravatar-\u00fej\u00f3nustunnar til a\u00f0 athuga hvort \u00fe\u00fa s\u00e9rt a\u00f0 nota hana. Pers\u00f3nuverndarstefna Gravatar-\u00fej\u00f3nustunnar er a\u00f0gengileg h\u00e9r: <a href=\"https:\/\/automattic.com\/privacy\/\" rel=\"nofollow\">https:\/\/automattic.com\/privacy\/<\/a>. Eftir sam\u00feykki \u00e1 athugasemd \u00feinni ver\u00f0ur pr\u00f3f\u00edlmyndin \u00fe\u00edn s\u00fdnileg almenningi \u00ed tengslum vi\u00f0 athugasemdina \u00fe\u00edna.<\/p>\r\n\r\n\r\n\r\n<h2 class=\"wp-block-heading\">Mi\u00f0lar<\/h2>\r\n\r\n\r\n\r\n<p>Ef \u00fe\u00fa hle\u00f0ur myndum upp \u00e1 vefs\u00ed\u00f0una \u00e6ttir \u00fe\u00fa a\u00f0 for\u00f0ast a\u00f0 hla\u00f0a myndum sem innihalda innbygg\u00f0 sta\u00f0setningarg\u00f6gn (EXIF GPS). Gestir \u00e1 vefs\u00ed\u00f0unni geta hla\u00f0i\u00f0 ni\u00f0ur og dregi\u00f0 \u00fat \u00f6ll sta\u00f0setningarg\u00f6gn \u00far myndum \u00e1 vefs\u00ed\u00f0unni.<\/p>\r\n\r\n\r\n\r\n<h2 class=\"wp-block-heading\">K\u00f6kur<\/h2>\r\n\r\n\r\n\r\n<p>Ef \u00fe\u00fa skilur eftir athugasemd \u00e1 s\u00ed\u00f0unni okkar getur\u00f0u vali\u00f0 a\u00f0 vista nafn \u00feitt, netfang og vefs\u00ed\u00f0u \u00ed k\u00f6kum. \u00deessar k\u00f6kur eru til \u00fe\u00e6ginda fyrir \u00feig svo \u00fe\u00fa \u00feurfir ekki a\u00f0 sl\u00e1 inn uppl\u00fdsingar \u00fe\u00ednar aftur \u00feegar \u00fe\u00fa skilur eftir a\u00f0ra athugasemd. \u00deessar k\u00f6kur gilda \u00ed eitt \u00e1r.<\/p>\r\n\r\n\r\n\r\n<p>Ef \u00fe\u00fa heims\u00e6kir innskr\u00e1ningars\u00ed\u00f0una okkar, setjum vi\u00f0 t\u00edmabundi\u00f0 sm\u00e1k\u00f6ku til a\u00f0 \u00e1kvar\u00f0a hvort vafrinn \u00feinn sam\u00feykki sm\u00e1k\u00f6kur. \u00deessi sm\u00e1kaka inniheldur engar pers\u00f3nuuppl\u00fdsingar og er farga\u00f0 \u00feegar \u00fe\u00fa lokar vafranum \u00fe\u00ednum.<\/p>\r\n\r\n\r\n\r\n<p>\u00deegar \u00fe\u00fa skr\u00e1ir \u00feig inn munum vi\u00f0 einnig setja nokkur k\u00f6kur til a\u00f0 vista innskr\u00e1ningaruppl\u00fdsingar \u00fe\u00ednar og skj\u00e1valkosti. Innskr\u00e1ningark\u00f6kur gilda \u00ed tvo daga og skj\u00e1valkostak\u00f6kur gilda \u00ed eitt \u00e1r. Ef \u00fe\u00fa velur \u201cMuna mig\u201d mun innskr\u00e1ningin \u00fe\u00edn vara \u00ed tv\u00e6r vikur. Ef \u00fe\u00fa skr\u00e1ir \u00feig \u00fat \u00far reikningnum \u00fe\u00ednum ver\u00f0a innskr\u00e1ningark\u00f6kur fjarl\u00e6g\u00f0ar.<\/p>\r\n\r\n\r\n\r\n<p>Ef \u00fe\u00fa breytir e\u00f0a birtir grein, ver\u00f0ur \u00f6nnur k\u00f6ku vista\u00f0 \u00ed vafranum \u00fe\u00ednum. \u00deessi kaka inniheldur engar pers\u00f3nuuppl\u00fdsingar og gefur einfaldlega til kynna kennit\u00f6lu greinarinnar sem \u00fe\u00fa breytti n\u00fdlega. H\u00fan rennur \u00fat eftir einn dag.<\/p>\r\n\r\n\r\n\r\n<h2 class=\"wp-block-heading\">Innbyggt efni fr\u00e1 \u00f6\u00f0rum vefs\u00ed\u00f0um<\/h2>\r\n\r\n\r\n\r\n<p>Greinar \u00e1 \u00feessari s\u00ed\u00f0u geta innihaldi\u00f0 innlimu\u00f0 efni (t.d. myndb\u00f6nd, myndir, greinar o.s.frv.). Innlimu\u00f0 efni fr\u00e1 \u00f6\u00f0rum vefs\u00ed\u00f0um haga s\u00e9r n\u00e1kv\u00e6mlega eins og ef gestir hef\u00f0u heims\u00f3tt \u00fe\u00e1 a\u00f0ra vefs\u00ed\u00f0u.<\/p>\r\n\r\n\r\n\r\n<p>\u00deessar vefs\u00ed\u00f0ur geta safna\u00f0 g\u00f6gnum um \u00feig, nota\u00f0 sm\u00e1k\u00f6kur, innlima\u00f0 frekari rekstur fr\u00e1 \u00feri\u00f0ja a\u00f0ila og fylgst me\u00f0 samskiptum \u00fe\u00ednum vi\u00f0 \u00feann innlima\u00f0a efni, \u00fear \u00e1 me\u00f0al me\u00f0 \u00fev\u00ed a\u00f0 rekja samskipti \u00fe\u00edn vi\u00f0 innlima\u00f0a efni\u00f0 ef \u00fe\u00fa \u00e1tt reikning og ert innskr\u00e1\u00f0ur \u00e1 \u00feeirri vefs\u00ed\u00f0u.<\/p>\r\n\r\n\r\n\r\n<h2 class=\"wp-block-heading\">Me\u00f0 hverjum vi\u00f0 deilum g\u00f6gnum \u00fe\u00ednum<\/h2>\r\n\r\n\r\n\r\n<p>Ef \u00fe\u00fa bi\u00f0ur um a\u00f0 endurstilla lykilor\u00f0 ver\u00f0ur IP-talan \u00fe\u00edn innifalin \u00ed endurstillingarp\u00f3stinum.<\/p>\r\n\r\n\r\n\r\n<h2 class=\"wp-block-heading\">Hversu lengi vi\u00f0 geymum g\u00f6gnin \u00fe\u00edn<\/h2>\r\n\r\n\r\n\r\n<p>Ef \u00fe\u00fa skilar athugasemd, er athugasemdin og metadata hennar var\u00f0veitt \u00f3\u00e1kve\u00f0i\u00f0. \u00deetta er svo vi\u00f0 getum sj\u00e1lfkrafa greint og sam\u00feykkt allar eftirfylgnarathugasemdir \u00ed sta\u00f0 \u00feess a\u00f0 halda \u00feeim \u00ed bi\u00f0r\u00f6\u00f0.<\/p>\r\n\r\n\r\n\r\n<p>Fyrir notendur sem skr\u00e1 sig \u00e1 vefs\u00ed\u00f0unni okkar (ef einhverjir eru), geymum vi\u00f0 einnig pers\u00f3nuuppl\u00fdsingarnar sem \u00feeir veita \u00ed notendapr\u00f3f\u00edlnum s\u00ednum. Allir notendur geta hven\u00e6r sem er s\u00e9\u00f0, breytt e\u00f0a eytt pers\u00f3nuuppl\u00fdsingum s\u00ednum (nema \u00feeir geti ekki breytt notendanafni s\u00ednu). Vefstj\u00f3rar geta einnig s\u00e9\u00f0 og breytt \u00feessum uppl\u00fdsingum.<\/p>\r\n\r\n\r\n\r\n<h2 class=\"wp-block-heading\">Hva\u00f0a r\u00e9ttindi \u00fe\u00fa hefur yfir g\u00f6gnum \u00fe\u00ednum<\/h2>\r\n\r\n\r\n\r\n<p>Ef \u00fe\u00fa \u00e1tt reikning \u00e1 \u00feessari s\u00ed\u00f0u e\u00f0a hefur skili\u00f0 eftir athugasemdir getur\u00f0u \u00f3ska\u00f0 eftir a\u00f0 f\u00e1 \u00fatflutt skr\u00e1 me\u00f0 pers\u00f3nuuppl\u00fdsingum sem vi\u00f0 geymum um \u00feig, \u00fear \u00e1 me\u00f0al \u00f6llum g\u00f6gnum sem \u00fe\u00fa hefur afhent okkur. \u00de\u00fa getur einnig \u00f3ska\u00f0 eftir a\u00f0 vi\u00f0 ey\u00f0um \u00f6llum pers\u00f3nuuppl\u00fdsingum sem vi\u00f0 geymum um \u00feig. \u00deetta n\u00e6r ekki til gagna sem vi\u00f0 erum skyldug til a\u00f0 geyma vegna stj\u00f3rns\u00fdslu-, laga- e\u00f0a \u00f6ryggis\u00e1st\u00e6\u00f0na.<\/p>\r\n\r\n\r\n\r\n<h2 class=\"wp-block-heading\">Hvar vi\u00f0 sendum g\u00f6gnin \u00fe\u00edn<\/h2>\r\n\r\n\r\n\r\n<p>Athugasemdir gesta geta veri\u00f0 sko\u00f0a\u00f0ar me\u00f0 sj\u00e1lfvirkri ruslp\u00f3stvarnar\u00fej\u00f3nustu.<\/p>","protected":false},"excerpt":{"rendered":"<p>Hver vi\u00f0 erum   Vefsl\u00f3\u00f0in okkar er: <a href=\"https:\/\/melindaozel.com\">https:\/\/melindaozel.com<\/a>. Athugasemdir   \u00deegar gestir skilja eftir athugasemdir \u00e1 s\u00ed\u00f0unni s\u00f6fnum vi\u00f0 g\u00f6gnum sem birtast \u00ed athugasemdarey\u00f0ubla\u00f0inu, auk IP-t\u00f6lu gestsins og notendau\u00f0kennis vafrans til a\u00f0 hj\u00e1lpa vi\u00f0 ruslp\u00f3stgreiningu. \u00d3au\u00f0kenndur strengur b\u00fainn til \u00far netfangi \u00fe\u00ednu (einnig kalla\u00f0ur hash) m\u00e1 veita \u2026 <a title=\"Pers\u00f3nuverndarstefna\" class=\"read-more\" href=\"https:\/\/melindaozel.com\/is\/privacy-policy\/\" aria-label=\"Lesi\u00f0 meira um pers\u00f3nuverndarstefnu\">Lesa meira<\/a><\/p>","protected":false},"author":60486633,"featured_media":0,"parent":0,"menu_order":0,"comment_status":"closed","ping_status":"closed","template":"","meta":{"footnotes":""},"class_list":["post-5289","page","type-page","status-publish"],"yoast_head":"<!-- This site is optimized with the Yoast SEO Premium plugin v27.3 (Yoast SEO v27.3) - https:\/\/yoast.com\/product\/yoast-seo-premium-wordpress\/ -->\n<title>Privacy Policy - Face the FACS | Facial Expressions in Animation, AI, &amp; Behavior<\/title>\n<meta name=\"robots\" content=\"index, follow, max-snippet:-1, max-image-preview:large, max-video-preview:-1\" \/>\n<link rel=\"canonical\" href=\"https:\/\/melindaozel.com\/is\/privacy-policy\/\" \/>\n<meta property=\"og:locale\" content=\"is_IS\" \/>\n<meta property=\"og:type\" content=\"article\" \/>\n<meta property=\"og:title\" content=\"Privacy Policy\" \/>\n<meta property=\"og:description\" content=\"Who we are Our website address is: https:\/\/melindaozel.com. Comments When visitors leave comments on the site we collect the data shown in the comments form, and also the visitor\u2019s IP address and browser user agent string to help spam detection. An anonymized string created from your email address (also called a hash) may be provided ... Read more\" \/>\n<meta property=\"og:url\" content=\"https:\/\/melindaozel.com\/is\/privacy-policy\/\" \/>\n<meta property=\"og:site_name\" content=\"Face the FACS | Facial Expressions in Animation, AI, &amp; Behavior\" \/>\n<meta property=\"article:publisher\" content=\"https:\/\/facebook.com\/facetheFACS\/\" \/>\n<meta property=\"og:image\" content=\"https:\/\/melindaozel.com\/wp-content\/uploads\/2020\/06\/face2-1024x1024.png\" \/>\n\t<meta property=\"og:image:width\" content=\"1024\" \/>\n\t<meta property=\"og:image:height\" content=\"1024\" \/>\n\t<meta property=\"og:image:type\" content=\"image\/png\" \/>\n<meta name=\"twitter:card\" content=\"summary_large_image\" \/>\n<meta name=\"twitter:site\" content=\"@melindaozel\" \/>\n<meta name=\"twitter:label1\" content=\"Est. reading time\" \/>\n\t<meta name=\"twitter:data1\" content=\"3 minutes\" \/>\n<script type=\"application\/ld+json\" class=\"yoast-schema-graph\">{\"@context\":\"https:\\\/\\\/schema.org\",\"@graph\":[{\"@type\":\"WebPage\",\"@id\":\"https:\\\/\\\/melindaozel.com\\\/pt\\\/privacy-policy\\\/\",\"url\":\"https:\\\/\\\/melindaozel.com\\\/pt\\\/privacy-policy\\\/\",\"name\":\"Privacy Policy - Face the FACS | Facial Expressions in Animation, AI, &amp; Behavior\",\"isPartOf\":{\"@id\":\"https:\\\/\\\/melindaozel.com\\\/zh\\\/#website\"},\"datePublished\":\"2021-07-06T04:15:23+00:00\",\"breadcrumb\":{\"@id\":\"https:\\\/\\\/melindaozel.com\\\/pt\\\/privacy-policy\\\/#breadcrumb\"},\"inLanguage\":\"is\",\"potentialAction\":[{\"@type\":\"ReadAction\",\"target\":[\"https:\\\/\\\/melindaozel.com\\\/pt\\\/privacy-policy\\\/\"]}]},{\"@type\":\"BreadcrumbList\",\"@id\":\"https:\\\/\\\/melindaozel.com\\\/pt\\\/privacy-policy\\\/#breadcrumb\",\"itemListElement\":[{\"@type\":\"ListItem\",\"position\":1,\"name\":\"Home\",\"item\":\"https:\\\/\\\/melindaozel.com\\\/\"},{\"@type\":\"ListItem\",\"position\":2,\"name\":\"Privacy Policy\"}]},{\"@type\":\"WebSite\",\"@id\":\"https:\\\/\\\/melindaozel.com\\\/zh\\\/#website\",\"url\":\"https:\\\/\\\/melindaozel.com\\\/zh\\\/\",\"name\":\"Face the FACS\",\"description\":\"Facial Expressions in Art, Science, &amp; Technology\",\"publisher\":{\"@id\":\"https:\\\/\\\/melindaozel.com\\\/zh\\\/#\\\/schema\\\/person\\\/81c6262e1bfca3c71960db5aee204e3f\"},\"potentialAction\":[{\"@type\":\"SearchAction\",\"target\":{\"@type\":\"EntryPoint\",\"urlTemplate\":\"https:\\\/\\\/melindaozel.com\\\/zh\\\/?s={search_term_string}\"},\"query-input\":{\"@type\":\"PropertyValueSpecification\",\"valueRequired\":true,\"valueName\":\"search_term_string\"}}],\"inLanguage\":\"is\"},{\"@type\":[\"Person\",\"Organization\"],\"@id\":\"https:\\\/\\\/melindaozel.com\\\/zh\\\/#\\\/schema\\\/person\\\/81c6262e1bfca3c71960db5aee204e3f\",\"name\":\"Melinda Ozel\",\"image\":{\"@type\":\"ImageObject\",\"inLanguage\":\"is\",\"@id\":\"https:\\\/\\\/i0.wp.com\\\/melindaozel.com\\\/wp-content\\\/uploads\\\/2025\\\/02\\\/face-the-FACS-eye-mouth-logo-pixel.webp?fit=225%2C225&ssl=1\",\"url\":\"https:\\\/\\\/i0.wp.com\\\/melindaozel.com\\\/wp-content\\\/uploads\\\/2025\\\/02\\\/face-the-FACS-eye-mouth-logo-pixel.webp?fit=225%2C225&ssl=1\",\"contentUrl\":\"https:\\\/\\\/i0.wp.com\\\/melindaozel.com\\\/wp-content\\\/uploads\\\/2025\\\/02\\\/face-the-FACS-eye-mouth-logo-pixel.webp?fit=225%2C225&ssl=1\",\"width\":225,\"height\":225,\"caption\":\"Melinda Ozel\"},\"logo\":{\"@id\":\"https:\\\/\\\/i0.wp.com\\\/melindaozel.com\\\/wp-content\\\/uploads\\\/2025\\\/02\\\/face-the-FACS-eye-mouth-logo-pixel.webp?fit=225%2C225&ssl=1\"},\"sameAs\":[\"https:\\\/\\\/melindaozel.com\",\"https:\\\/\\\/facebook.com\\\/facetheFACS\\\/\",\"https:\\\/\\\/instagram.com\\\/manicexpression\",\"https:\\\/\\\/linkedin.com\\\/in\\\/melindaozel\",\"https:\\\/\\\/pinterest.com\\\/melindaozel\\\/\",\"https:\\\/\\\/x.com\\\/melindaozel\",\"https:\\\/\\\/youtube.com\\\/@facetheFACS\"],\"knowsAbout\":[\"Facial Action Coding System (FACS)\",\"Facial Expression Tracking\",\"Facial Anatomy\",\"Facial Animation\",\"Digital Humans\",\"Audio-to-Expression\",\"Audio-to-Face\",\"Visemes\",\"Lipsync\"],\"jobTitle\":\"Facial Systems Expert, Expression Scientist\",\"numberOfEmployees\":{\"@type\":\"QuantitativeValue\",\"minValue\":\"1\",\"maxValue\":\"10\"}}]}<\/script>\n<!-- \/ Yoast SEO Premium plugin. -->","yoast_head_json":{"title":"Pers\u00f3nuverndarstefna - Face the FACS | Andlitssvipbrig\u00f0i \u00ed hreyfimyndager\u00f0, gervigreind og heg\u00f0un","robots":{"index":"index","follow":"follow","max-snippet":"max-snippet:-1","max-image-preview":"max-image-preview:large","max-video-preview":"max-video-preview:-1"},"canonical":"https:\/\/melindaozel.com\/is\/privacy-policy\/","og_locale":"is_IS","og_type":"article","og_title":"Privacy Policy","og_description":"Who we are Our website address is: https:\/\/melindaozel.com. Comments When visitors leave comments on the site we collect the data shown in the comments form, and also the visitor\u2019s IP address and browser user agent string to help spam detection. An anonymized string created from your email address (also called a hash) may be provided ... Read more","og_url":"https:\/\/melindaozel.com\/is\/privacy-policy\/","og_site_name":"Face the FACS | Facial Expressions in Animation, AI, &amp; Behavior","article_publisher":"https:\/\/facebook.com\/facetheFACS\/","og_image":[{"width":1024,"height":1024,"url":"https:\/\/melindaozel.com\/wp-content\/uploads\/2020\/06\/face2-1024x1024.png","type":"image\/png"}],"twitter_card":"summary_large_image","twitter_site":"@melindaozel","twitter_misc":{"Est. reading time":"3 minutes"},"schema":{"@context":"https:\/\/schema.org","@graph":[{"@type":"WebPage","@id":"https:\/\/melindaozel.com\/pt\/privacy-policy\/","url":"https:\/\/melindaozel.com\/pt\/privacy-policy\/","name":"Pers\u00f3nuverndarstefna - Face the FACS | Andlitssvipbrig\u00f0i \u00ed hreyfimyndager\u00f0, gervigreind og heg\u00f0un","isPartOf":{"@id":"https:\/\/melindaozel.com\/zh\/#website"},"datePublished":"2021-07-06T04:15:23+00:00","breadcrumb":{"@id":"https:\/\/melindaozel.com\/pt\/privacy-policy\/#breadcrumb"},"inLanguage":"is","potentialAction":[{"@type":"ReadAction","target":["https:\/\/melindaozel.com\/pt\/privacy-policy\/"]}]},{"@type":"BreadcrumbList","@id":"https:\/\/melindaozel.com\/pt\/privacy-policy\/#breadcrumb","itemListElement":[{"@type":"ListItem","position":1,"name":"Home","item":"https:\/\/melindaozel.com\/"},{"@type":"ListItem","position":2,"name":"Privacy Policy"}]},{"@type":"WebSite","@id":"https:\/\/melindaozel.com\/zh\/#website","url":"https:\/\/melindaozel.com\/zh\/","name":"Andsp\u00e6nis FACS","description":"Andlitsdr\u00e6ttir \u00ed list, v\u00edsindum og t\u00e6kni","publisher":{"@id":"https:\/\/melindaozel.com\/zh\/#\/schema\/person\/81c6262e1bfca3c71960db5aee204e3f"},"potentialAction":[{"@type":"SearchAction","target":{"@type":"EntryPoint","urlTemplate":"https:\/\/melindaozel.com\/zh\/?s={search_term_string}"},"query-input":{"@type":"PropertyValueSpecification","valueRequired":true,"valueName":"search_term_string"}}],"inLanguage":"is"},{"@type":["Person","Organization"],"@id":"https:\/\/melindaozel.com\/zh\/#\/schema\/person\/81c6262e1bfca3c71960db5aee204e3f","name":"Melinda Ozel","image":{"@type":"ImageObject","inLanguage":"is","@id":"https:\/\/i0.wp.com\/melindaozel.com\/wp-content\/uploads\/2025\/02\/face-the-FACS-eye-mouth-logo-pixel.webp?fit=225%2C225&ssl=1","url":"https:\/\/i0.wp.com\/melindaozel.com\/wp-content\/uploads\/2025\/02\/face-the-FACS-eye-mouth-logo-pixel.webp?fit=225%2C225&ssl=1","contentUrl":"https:\/\/i0.wp.com\/melindaozel.com\/wp-content\/uploads\/2025\/02\/face-the-FACS-eye-mouth-logo-pixel.webp?fit=225%2C225&ssl=1","width":225,"height":225,"caption":"Melinda Ozel"},"logo":{"@id":"https:\/\/i0.wp.com\/melindaozel.com\/wp-content\/uploads\/2025\/02\/face-the-FACS-eye-mouth-logo-pixel.webp?fit=225%2C225&ssl=1"},"sameAs":["https:\/\/melindaozel.com","https:\/\/facebook.com\/facetheFACS\/","https:\/\/instagram.com\/manicexpression","https:\/\/linkedin.com\/in\/melindaozel","https:\/\/pinterest.com\/melindaozel\/","https:\/\/x.com\/melindaozel","https:\/\/youtube.com\/@facetheFACS"],"knowsAbout":["Facial Action Coding System (FACS)","Facial Expression Tracking","Facial Anatomy","Facial Animation","Digital Humans","Audio-to-Expression","Audio-to-Face","Visemes","Lipsync"],"jobTitle":"Facial Systems Expert, Expression Scientist","numberOfEmployees":{"@type":"QuantitativeValue","minValue":"1","maxValue":"10"}}]}},"jetpack_sharing_enabled":true,"_links":{"self":[{"href":"https:\/\/melindaozel.com\/is\/wp-json\/wp\/v2\/pages\/5289","targetHints":{"allow":["GET"]}}],"collection":[{"href":"https:\/\/melindaozel.com\/is\/wp-json\/wp\/v2\/pages"}],"about":[{"href":"https:\/\/melindaozel.com\/is\/wp-json\/wp\/v2\/types\/page"}],"author":[{"embeddable":true,"href":"https:\/\/melindaozel.com\/is\/wp-json\/wp\/v2\/users\/60486633"}],"replies":[{"embeddable":true,"href":"https:\/\/melindaozel.com\/is\/wp-json\/wp\/v2\/comments?post=5289"}],"version-history":[{"count":1,"href":"https:\/\/melindaozel.com\/is\/wp-json\/wp\/v2\/pages\/5289\/revisions"}],"predecessor-version":[{"id":5290,"href":"https:\/\/melindaozel.com\/is\/wp-json\/wp\/v2\/pages\/5289\/revisions\/5290"}],"wp:attachment":[{"href":"https:\/\/melindaozel.com\/is\/wp-json\/wp\/v2\/media?parent=5289"}],"curies":[{"name":"vp","href":"https:\/\/api.w.org\/{rel}","templated":true}]}}