{"id":4764,"date":"2021-06-21T18:54:32","date_gmt":"2021-06-21T22:54:32","guid":{"rendered":"https:\/\/melindaozel.com\/?page_id=4764"},"modified":"2021-06-21T18:54:32","modified_gmt":"2021-06-21T22:54:32","slug":"terms-of-use","status":"publish","type":"page","link":"https:\/\/melindaozel.com\/is\/terms-of-use\/","title":{"rendered":"Notkunarskilm\u00e1lar"},"content":{"rendered":"<h1 style=\"text-align: center;\">Skilm\u00e1lar og skilm\u00e1lar<\/h1>\n<p>Velkomin til <em>Andsp\u00e6nis FACS<\/em>! <em>Andsp\u00e6nis FACS<\/em> er netn\u00e1msvettvangur \u00e1 vefs\u00ed\u00f0unni <a href=\"http:\/\/www.melindaozel.com\" rel=\"nofollow\">http:\/\/www.melindaozel.com<\/a> (vefs\u00ed\u00f0a) rekin af Melindu Ozel. <em>Andsp\u00e6nis FACS<\/em> hj\u00e1lpar notendum s\u00ednum (notandi, \u00fe\u00fa) a\u00f0 l\u00e6ra um efni tengd tj\u00e1ningu.<\/p>\n<p>Eftirfarandi skilm\u00e1lar og skilyr\u00f0i (T&amp;Cs) gilda um sambandi\u00f0 milli \u00fe\u00edn og okkar og svara mikilv\u00e6gustu lagalegu spurningum \u00fe\u00ednum var\u00f0andi notkun <em>Andsp\u00e6nis FACS<\/em> og \u00fej\u00f3nustu okkar. Lestu \u00fe\u00e6r vandlega.<\/p>\n<p>S\u00e9rstaklega uppl\u00fdsa \u00feessir T&amp;Cs \u00feig um<\/p>\n<ul>\n<li>upphaf og lok samnings okkar<\/li>\n<li>grei\u00f0slan fyrir \u00e1skriftina \u00fe\u00edna<\/li>\n<li>r\u00e9ttur \u00feinn til a\u00f0 afskr\u00e1 \u00feig<\/li>\n<li>okkar \u00e1byrg\u00f0<\/li>\n<li>H\u00f6fundarr\u00e9ttur og eignarhald \u00e1 efni okkar.<\/li>\n<\/ul>\n<p>\u00a7 1 Hvernig f\u00e6 \u00e9g a\u00f0 nota <em>Andsp\u00e6nis FACS<\/em> og hven\u00e6r geng \u00e9g inn \u00ed bindandi samning?<\/p>\n<p style=\"padding-left: 40px;\">Til a\u00f0 nota <em>Stattu frammi fyrir FACS-unum<\/em> Til a\u00f0 nota \u00e1skriftar\u00fej\u00f3nustuna \u00fearftu a\u00f0 stofna reikning. Me\u00f0 \u00fev\u00ed gerir \u00fe\u00fa bindandi samning vi\u00f0 okkur.<br \/>\n\u00de\u00fa m\u00e1tt a\u00f0eins nota <em>Andsp\u00e6nis FACS<\/em> til pers\u00f3nulegrar ranns\u00f3knar \u00e1 or\u00f0asamb\u00f6ndum. \u00d6nnur notkun er ekki leyf\u00f0, s\u00e9rstaklega ekki \u00ed vi\u00f0skiptaskyni e\u00f0a til a\u00f0 deila reikningnum \u00fe\u00ednum me\u00f0 \u00f6\u00f0rum.<\/p>\n<p>\u00a7 2 Hva\u00f0 get \u00e9g gert me\u00f0 <em>Andsp\u00e6nis FACS<\/em>?<\/p>\n<p style=\"padding-left: 40px;\"><em>Andsp\u00e6nis FACS<\/em> veitir yfirgripsmiklar au\u00f0lindir til a\u00f0 lei\u00f0beina \u00fe\u00e9r \u00ed gegnum mannlega og \u00f3l\u00edfmannlega andlitsl\u00edff\u00e6rafr\u00e6\u00f0i me\u00f0 myndb\u00f6ndum, GIF-myndum, myndum, sk\u00fdringarmyndum og greinum.<br \/>\n<em>Andsp\u00e6nis FACS<\/em> b\u00fd\u00f0ur upp \u00e1 \u00f3keypis notkun me\u00f0 takmarka\u00f0an a\u00f0gang a\u00f0 efni og virkni sinni, auk greidds \u00e1skriftar sem veitir v\u00ed\u00f0t\u00e6kari a\u00f0gang (\u00e1skriftarreikning).<\/p>\n<p>\u00de\u00fa getur nota\u00f0 <em>Andsp\u00e6nis FACS<\/em> einungis \u00ed einka\u00e1liti.<\/p>\n<p style=\"padding-left: 40px;\">Til kennslu og annarra nota <em>Andsp\u00e6nis FACS<\/em> B\u00fd\u00f0ur upp \u00e1 s\u00e9rleyfi (t.d. h\u00e1sk\u00f3la-, mynd- e\u00f0a kennaraleyfi). Vinsamlegast haf\u00f0u samband vi\u00f0 okkur ef \u00fe\u00fa hefur \u00e1huga \u00e1 leyfunum okkar.<\/p>\n<p>\u00a7 3 Hversu miki\u00f0 kostar \u00fea\u00f0 og hvernig fer grei\u00f0slan fram?<\/p>\n<p style=\"padding-left: 40px;\">Notkun efnis sem ekki er \u00e1skriftarbundi\u00f0 er \u00e1n endurgjalds.<\/p>\n<p style=\"padding-left: 40px;\">\u00de\u00fa munt finna ver\u00f0 fyrir <em>Stattu frammi fyrir FACS-unum<\/em> \u00e1skriftarreikningar \u00e1 \u00e1skriftars\u00ed\u00f0unni.<\/p>\n<p style=\"padding-left: 40px;\">Allir ver\u00f0ir eru \u00ed s\u00fdndri gjaldmi\u00f0li og kunna a\u00f0 vera umreikna\u00f0ir \u00ed sta\u00f0bundinn gjaldmi\u00f0il \u00feinn vi\u00f0 grei\u00f0slu.<\/p>\n<p><em>Andsp\u00e6nis FACS<\/em> Tekur vi\u00f0 grei\u00f0slum \u00ed gegnum Stripe og Paypal.<\/p>\n<p>\u00a7 4 Hversu lengi gildir samningurinn minn?<\/p>\n<p style=\"padding-left: 40px;\">M\u00e1na\u00f0ar\u00e1skriftir gilda \u00ed einn m\u00e1nu\u00f0 og endurn\u00fdjast sj\u00e1lfkrafa nema \u00fe\u00fa af\u00feakkir sj\u00e1lfvirka endurn\u00fdjun. \u00c1rlegar \u00e1skriftir gilda \u00ed eitt \u00e1r og endurn\u00fdjast sj\u00e1lfkrafa nema \u00fe\u00fa af\u00feakkir sj\u00e1lfvirka endurn\u00fdjun.<\/p>\n<p style=\"padding-left: 40px;\">\u00de\u00fa og <em>Andsp\u00e6nis FACS<\/em> eru b\u00e1\u00f0ir heimila\u00f0ir a\u00f0 segja samninginn upp fyrir lok n\u00faverandi m\u00e1na\u00f0ar e\u00f0a \u00e1rs.<\/p>\n<p style=\"padding-left: 40px;\">Gjaldskyld \u00e1skrift er tekin fyrir anna\u00f0 hvort einn e\u00f0a t\u00f3lf m\u00e1nu\u00f0i.<\/p>\n<p>\u00a7 5 Endurn\u00fdjast \u00e1skriftin m\u00edn sj\u00e1lfkrafa?<\/p>\n<p style=\"padding-left: 40px;\">J\u00e1, nema \u00fe\u00fa e\u00f0a vi\u00f0 h\u00f6fum sagt \u00fea\u00f0 upp.<\/p>\n<p>\u00a7 6 Hvernig kem \u00e9g \u00far \u00e1skrift?<\/p>\n<p style=\"padding-left: 40px;\">\u00de\u00fa getur sagt upp hva\u00f0a samningi sem er fyrir n\u00e6sta gjaldat\u00edmabil \u00ed gegnum reikninginn \u00feinn e\u00f0a me\u00f0 \u00fev\u00ed a\u00f0 senda t\u00f6lvup\u00f3st \u00e1 facetheFACS@melindaozel.com.<\/p>\n<p style=\"padding-left: 40px;\">Vinsamlegast athugi\u00f0 a\u00f0 allur \u00f3innleystur t\u00edmi \u00ed s\u00ed\u00f0asta reikningshringi er ekki hlutfallslega reikna\u00f0ur n\u00e9 endurgreiddur.<\/p>\n<p style=\"padding-left: 40px;\">\u00deegar \u00farvalsa\u00f0gangi \u00fe\u00ednum er sagt upp, ver\u00f0ur hann sj\u00e1lfkrafa skipt aftur yfir \u00ed grunna\u00f0gang.<\/p>\n<p>\u00a7 7 Hva\u00f0 ef m\u00e9r l\u00edkar ekki \u00fej\u00f3nustunni ykkar?<\/p>\n<p style=\"padding-left: 40px;\">Ef \u00fe\u00fa ert ekki \u00e1n\u00e6g\u00f0ur af einhverjum \u00e1st\u00e6\u00f0um getur\u00f0u sagt upp reikningnum \u00fe\u00ednum. Vinsamlegast v\u00edsa\u00f0u til kafla \u00a7 6 h\u00e9r a\u00f0 ofan.<\/p>\n<p>\u00a7 9 Hva\u00f0 er <em>Stattu frammi fyrir FACS-unum<\/em> \u00c1byrg\u00f0 og hvernig er h\u00fan takm\u00f6rku\u00f0?<\/p>\n<p style=\"padding-left: 40px;\"><em>Andsp\u00e6nis FACS<\/em> getur hvorki \u00e1byrgst gildi n\u00e9 r\u00e9ttm\u00e6ti fr\u00e6\u00f0sluefnis sem veitt er \u00e1 <em>Andsp\u00e6nis FACS<\/em>, en <em>Andsp\u00e6nis FACS<\/em> Safnar saman verkum og reynslu s\u00e9rfr\u00e6\u00f0inga \u00e1 \u00f6llum svi\u00f0um til a\u00f0 tryggja a\u00f0 \u00fe\u00fa f\u00e1ir sem n\u00e1kv\u00e6mast efni. Ef \u00fe\u00fa s\u00e9r\u00f0 villu, vinsamlegast l\u00e1ttu okkur vita og vi\u00f0 munum vandlega endursko\u00f0a og lei\u00f0r\u00e9tta hana sem fyrst.<\/p>\n<p>\u00a7 10 Hver \u00e1 h\u00f6fundarr\u00e9ttinn og hver \u00e1 efni\u00f0?<\/p>\n<p style=\"padding-left: 40px;\">Nema efni s\u00e9 s\u00e9rstaklega merkt \u00f6\u00f0ruv\u00edsi, e\u00f0a \u00fe\u00fa hafir l\u00f6glega afla\u00f0 \u00fe\u00e9r leyfis, allir textar, myndir og \u00f6nnur verk sem b\u00fain eru til af <em>Andsp\u00e6nis FACS<\/em> og sem \u00fe\u00e9r er gert a\u00f0gengilegt \u00ed gegnum reikninginn \u00feinn er vernda\u00f0 af h\u00f6fundarr\u00e9tti. \u00deess vegna er \u00fe\u00e9r ekki heimilt a\u00f0 afrita, dreifa e\u00f0a s\u00fdna efni\u00f0 okkar n\u00e9 birta \u00fea\u00f0 \u00e1 nokkurn h\u00e1tt.<\/p>\n<p style=\"padding-left: 40px;\">Fyrir a\u00f0ra notkun (\u00fe.e. endurger\u00f0, afritun, s\u00f6lu, endurs\u00f6lu e\u00f0a misnotkun) ver\u00f0ur \u00fe\u00fa a\u00f0 afla skriflegs sam\u00feykkis okkar og\/e\u00f0a leyfis.<\/p>\n<p>\u00a7 11 Hva\u00f0a l\u00f6g gilda um samninginn minn?<\/p>\n<p style=\"padding-left: 40px;\">\u00deessi samningur er h\u00e1\u00f0ur l\u00f6gum Bandar\u00edkjanna.<\/p>","protected":false},"excerpt":{"rendered":"<p>Skilm\u00e1lar og skilm\u00e1lar   Velkomin(n) til Face the FACS! Face the FACS er netn\u00e1msvettvangur \u00e1 vefs\u00ed\u00f0unni <a href=\"http:\/\/www.melindaozel.com\" rel=\"nofollow\">http:\/\/www.melindaozel.com<\/a> (vefs\u00ed\u00f0a) rekin af Melinda Ozel. Face the FACS hj\u00e1lpar notendum s\u00ednum (notandi, \u00fe\u00fa) a\u00f0 l\u00e6ra um efni tengd tj\u00e1ningu. Eftirfarandi skilm\u00e1lar og skilyr\u00f0i (T&amp;Cs) gilda um sambandi\u00f0 milli \u00fe\u00edn og okkar og svara mikilv\u00e6gustu spurningunum \u2026 <a title=\"Notkunarskilm\u00e1lar\" class=\"read-more\" href=\"https:\/\/melindaozel.com\/is\/terms-of-use\/\" aria-label=\"Lesi\u00f0 meira um notkunarskilm\u00e1la\">Lesa meira<\/a><\/p>","protected":false},"author":60486633,"featured_media":0,"parent":0,"menu_order":0,"comment_status":"closed","ping_status":"closed","template":"","meta":{"footnotes":""},"class_list":["post-4764","page","type-page","status-publish"],"yoast_head":"<!-- This site is optimized with the Yoast SEO Premium plugin v27.3 (Yoast SEO v27.3) - https:\/\/yoast.com\/product\/yoast-seo-premium-wordpress\/ -->\n<title>Terms of Use - Face the FACS | Facial Expressions in Animation, AI, &amp; Behavior<\/title>\n<meta name=\"robots\" content=\"index, follow, max-snippet:-1, max-image-preview:large, max-video-preview:-1\" \/>\n<link rel=\"canonical\" href=\"https:\/\/melindaozel.com\/is\/terms-of-use\/\" \/>\n<meta property=\"og:locale\" content=\"is_IS\" \/>\n<meta property=\"og:type\" content=\"article\" \/>\n<meta property=\"og:title\" content=\"Terms of Use\" \/>\n<meta property=\"og:description\" content=\"Terms and Conditions Welcome to Face the FACS! Face the FACS is an online learning platform on the website http:\/\/www.melindaozel.com (website) operated by Melinda Ozel. Face the FACS helps its users (user, you) learn expression-related topics. The following Terms and Conditions (T&amp;Cs) govern the relationship between you and us and will answer the most relevant ... Read more\" \/>\n<meta property=\"og:url\" content=\"https:\/\/melindaozel.com\/is\/terms-of-use\/\" \/>\n<meta property=\"og:site_name\" content=\"Face the FACS | Facial Expressions in Animation, AI, &amp; Behavior\" \/>\n<meta property=\"article:publisher\" content=\"https:\/\/facebook.com\/facetheFACS\/\" \/>\n<meta property=\"og:image\" content=\"https:\/\/melindaozel.com\/wp-content\/uploads\/2020\/06\/face2-1024x1024.png\" \/>\n\t<meta property=\"og:image:width\" content=\"1024\" \/>\n\t<meta property=\"og:image:height\" content=\"1024\" \/>\n\t<meta property=\"og:image:type\" content=\"image\/png\" \/>\n<meta name=\"twitter:card\" content=\"summary_large_image\" \/>\n<meta name=\"twitter:site\" content=\"@melindaozel\" \/>\n<meta name=\"twitter:label1\" content=\"Est. reading time\" \/>\n\t<meta name=\"twitter:data1\" content=\"3 minutes\" \/>\n<script type=\"application\/ld+json\" class=\"yoast-schema-graph\">{\"@context\":\"https:\\\/\\\/schema.org\",\"@graph\":[{\"@type\":\"WebPage\",\"@id\":\"https:\\\/\\\/melindaozel.com\\\/fr\\\/terms-of-use\\\/\",\"url\":\"https:\\\/\\\/melindaozel.com\\\/fr\\\/terms-of-use\\\/\",\"name\":\"Terms of Use - Face the FACS | Facial Expressions in Animation, AI, &amp; Behavior\",\"isPartOf\":{\"@id\":\"https:\\\/\\\/melindaozel.com\\\/zh\\\/#website\"},\"datePublished\":\"2021-06-21T22:54:32+00:00\",\"breadcrumb\":{\"@id\":\"https:\\\/\\\/melindaozel.com\\\/fr\\\/terms-of-use\\\/#breadcrumb\"},\"inLanguage\":\"is\",\"potentialAction\":[{\"@type\":\"ReadAction\",\"target\":[\"https:\\\/\\\/melindaozel.com\\\/fr\\\/terms-of-use\\\/\"]}]},{\"@type\":\"BreadcrumbList\",\"@id\":\"https:\\\/\\\/melindaozel.com\\\/fr\\\/terms-of-use\\\/#breadcrumb\",\"itemListElement\":[{\"@type\":\"ListItem\",\"position\":1,\"name\":\"Home\",\"item\":\"https:\\\/\\\/melindaozel.com\\\/\"},{\"@type\":\"ListItem\",\"position\":2,\"name\":\"Terms of Use\"}]},{\"@type\":\"WebSite\",\"@id\":\"https:\\\/\\\/melindaozel.com\\\/zh\\\/#website\",\"url\":\"https:\\\/\\\/melindaozel.com\\\/zh\\\/\",\"name\":\"Face the FACS\",\"description\":\"Facial Expressions in Art, Science, &amp; Technology\",\"publisher\":{\"@id\":\"https:\\\/\\\/melindaozel.com\\\/zh\\\/#\\\/schema\\\/person\\\/81c6262e1bfca3c71960db5aee204e3f\"},\"potentialAction\":[{\"@type\":\"SearchAction\",\"target\":{\"@type\":\"EntryPoint\",\"urlTemplate\":\"https:\\\/\\\/melindaozel.com\\\/zh\\\/?s={search_term_string}\"},\"query-input\":{\"@type\":\"PropertyValueSpecification\",\"valueRequired\":true,\"valueName\":\"search_term_string\"}}],\"inLanguage\":\"is\"},{\"@type\":[\"Person\",\"Organization\"],\"@id\":\"https:\\\/\\\/melindaozel.com\\\/zh\\\/#\\\/schema\\\/person\\\/81c6262e1bfca3c71960db5aee204e3f\",\"name\":\"Melinda Ozel\",\"image\":{\"@type\":\"ImageObject\",\"inLanguage\":\"is\",\"@id\":\"https:\\\/\\\/i0.wp.com\\\/melindaozel.com\\\/wp-content\\\/uploads\\\/2025\\\/02\\\/face-the-FACS-eye-mouth-logo-pixel.webp?fit=225%2C225&ssl=1\",\"url\":\"https:\\\/\\\/i0.wp.com\\\/melindaozel.com\\\/wp-content\\\/uploads\\\/2025\\\/02\\\/face-the-FACS-eye-mouth-logo-pixel.webp?fit=225%2C225&ssl=1\",\"contentUrl\":\"https:\\\/\\\/i0.wp.com\\\/melindaozel.com\\\/wp-content\\\/uploads\\\/2025\\\/02\\\/face-the-FACS-eye-mouth-logo-pixel.webp?fit=225%2C225&ssl=1\",\"width\":225,\"height\":225,\"caption\":\"Melinda Ozel\"},\"logo\":{\"@id\":\"https:\\\/\\\/i0.wp.com\\\/melindaozel.com\\\/wp-content\\\/uploads\\\/2025\\\/02\\\/face-the-FACS-eye-mouth-logo-pixel.webp?fit=225%2C225&ssl=1\"},\"sameAs\":[\"https:\\\/\\\/melindaozel.com\",\"https:\\\/\\\/facebook.com\\\/facetheFACS\\\/\",\"https:\\\/\\\/instagram.com\\\/manicexpression\",\"https:\\\/\\\/linkedin.com\\\/in\\\/melindaozel\",\"https:\\\/\\\/pinterest.com\\\/melindaozel\\\/\",\"https:\\\/\\\/x.com\\\/melindaozel\",\"https:\\\/\\\/youtube.com\\\/@facetheFACS\"],\"knowsAbout\":[\"Facial Action Coding System (FACS)\",\"Facial Expression Tracking\",\"Facial Anatomy\",\"Facial Animation\",\"Digital Humans\",\"Audio-to-Expression\",\"Audio-to-Face\",\"Visemes\",\"Lipsync\"],\"jobTitle\":\"Facial Systems Expert, Expression Scientist\",\"numberOfEmployees\":{\"@type\":\"QuantitativeValue\",\"minValue\":\"1\",\"maxValue\":\"10\"}}]}<\/script>\n<!-- \/ Yoast SEO Premium plugin. -->","yoast_head_json":{"title":"Notkunnar skilm\u00e1lar - Takast \u00e1 vi\u00f0 FACS | Andlitsdr\u00e6ttir \u00ed hreyfimyndager\u00f0, gervigreind og heg\u00f0un","robots":{"index":"index","follow":"follow","max-snippet":"max-snippet:-1","max-image-preview":"max-image-preview:large","max-video-preview":"max-video-preview:-1"},"canonical":"https:\/\/melindaozel.com\/is\/terms-of-use\/","og_locale":"is_IS","og_type":"article","og_title":"Terms of Use","og_description":"Terms and Conditions Welcome to Face the FACS! Face the FACS is an online learning platform on the website http:\/\/www.melindaozel.com (website) operated by Melinda Ozel. Face the FACS helps its users (user, you) learn expression-related topics. The following Terms and Conditions (T&amp;Cs) govern the relationship between you and us and will answer the most relevant ... Read more","og_url":"https:\/\/melindaozel.com\/is\/terms-of-use\/","og_site_name":"Face the FACS | Facial Expressions in Animation, AI, &amp; Behavior","article_publisher":"https:\/\/facebook.com\/facetheFACS\/","og_image":[{"width":1024,"height":1024,"url":"https:\/\/melindaozel.com\/wp-content\/uploads\/2020\/06\/face2-1024x1024.png","type":"image\/png"}],"twitter_card":"summary_large_image","twitter_site":"@melindaozel","twitter_misc":{"Est. reading time":"3 minutes"},"schema":{"@context":"https:\/\/schema.org","@graph":[{"@type":"WebPage","@id":"https:\/\/melindaozel.com\/fr\/terms-of-use\/","url":"https:\/\/melindaozel.com\/fr\/terms-of-use\/","name":"Notkunnar skilm\u00e1lar - Takast \u00e1 vi\u00f0 FACS | Andlitsdr\u00e6ttir \u00ed hreyfimyndager\u00f0, gervigreind og heg\u00f0un","isPartOf":{"@id":"https:\/\/melindaozel.com\/zh\/#website"},"datePublished":"2021-06-21T22:54:32+00:00","breadcrumb":{"@id":"https:\/\/melindaozel.com\/fr\/terms-of-use\/#breadcrumb"},"inLanguage":"is","potentialAction":[{"@type":"ReadAction","target":["https:\/\/melindaozel.com\/fr\/terms-of-use\/"]}]},{"@type":"BreadcrumbList","@id":"https:\/\/melindaozel.com\/fr\/terms-of-use\/#breadcrumb","itemListElement":[{"@type":"ListItem","position":1,"name":"Home","item":"https:\/\/melindaozel.com\/"},{"@type":"ListItem","position":2,"name":"Terms of Use"}]},{"@type":"WebSite","@id":"https:\/\/melindaozel.com\/zh\/#website","url":"https:\/\/melindaozel.com\/zh\/","name":"Andsp\u00e6nis FACS","description":"Andlitsdr\u00e6ttir \u00ed list, v\u00edsindum og t\u00e6kni","publisher":{"@id":"https:\/\/melindaozel.com\/zh\/#\/schema\/person\/81c6262e1bfca3c71960db5aee204e3f"},"potentialAction":[{"@type":"SearchAction","target":{"@type":"EntryPoint","urlTemplate":"https:\/\/melindaozel.com\/zh\/?s={search_term_string}"},"query-input":{"@type":"PropertyValueSpecification","valueRequired":true,"valueName":"search_term_string"}}],"inLanguage":"is"},{"@type":["Person","Organization"],"@id":"https:\/\/melindaozel.com\/zh\/#\/schema\/person\/81c6262e1bfca3c71960db5aee204e3f","name":"Melinda Ozel","image":{"@type":"ImageObject","inLanguage":"is","@id":"https:\/\/i0.wp.com\/melindaozel.com\/wp-content\/uploads\/2025\/02\/face-the-FACS-eye-mouth-logo-pixel.webp?fit=225%2C225&ssl=1","url":"https:\/\/i0.wp.com\/melindaozel.com\/wp-content\/uploads\/2025\/02\/face-the-FACS-eye-mouth-logo-pixel.webp?fit=225%2C225&ssl=1","contentUrl":"https:\/\/i0.wp.com\/melindaozel.com\/wp-content\/uploads\/2025\/02\/face-the-FACS-eye-mouth-logo-pixel.webp?fit=225%2C225&ssl=1","width":225,"height":225,"caption":"Melinda Ozel"},"logo":{"@id":"https:\/\/i0.wp.com\/melindaozel.com\/wp-content\/uploads\/2025\/02\/face-the-FACS-eye-mouth-logo-pixel.webp?fit=225%2C225&ssl=1"},"sameAs":["https:\/\/melindaozel.com","https:\/\/facebook.com\/facetheFACS\/","https:\/\/instagram.com\/manicexpression","https:\/\/linkedin.com\/in\/melindaozel","https:\/\/pinterest.com\/melindaozel\/","https:\/\/x.com\/melindaozel","https:\/\/youtube.com\/@facetheFACS"],"knowsAbout":["Facial Action Coding System (FACS)","Facial Expression Tracking","Facial Anatomy","Facial Animation","Digital Humans","Audio-to-Expression","Audio-to-Face","Visemes","Lipsync"],"jobTitle":"Facial Systems Expert, Expression Scientist","numberOfEmployees":{"@type":"QuantitativeValue","minValue":"1","maxValue":"10"}}]}},"jetpack_sharing_enabled":true,"_links":{"self":[{"href":"https:\/\/melindaozel.com\/is\/wp-json\/wp\/v2\/pages\/4764","targetHints":{"allow":["GET"]}}],"collection":[{"href":"https:\/\/melindaozel.com\/is\/wp-json\/wp\/v2\/pages"}],"about":[{"href":"https:\/\/melindaozel.com\/is\/wp-json\/wp\/v2\/types\/page"}],"author":[{"embeddable":true,"href":"https:\/\/melindaozel.com\/is\/wp-json\/wp\/v2\/users\/60486633"}],"replies":[{"embeddable":true,"href":"https:\/\/melindaozel.com\/is\/wp-json\/wp\/v2\/comments?post=4764"}],"version-history":[{"count":4,"href":"https:\/\/melindaozel.com\/is\/wp-json\/wp\/v2\/pages\/4764\/revisions"}],"predecessor-version":[{"id":4768,"href":"https:\/\/melindaozel.com\/is\/wp-json\/wp\/v2\/pages\/4764\/revisions\/4768"}],"wp:attachment":[{"href":"https:\/\/melindaozel.com\/is\/wp-json\/wp\/v2\/media?parent=4764"}],"curies":[{"name":"vp","href":"https:\/\/api.w.org\/{rel}","templated":true}]}}