{"id":2560,"date":"2020-05-13T08:37:01","date_gmt":"2020-05-13T15:37:01","guid":{"rendered":"https:\/\/melindaozel.com\/login\/"},"modified":"2025-05-08T09:00:02","modified_gmt":"2025-05-08T13:00:02","slug":"login","status":"publish","type":"page","link":"https:\/\/melindaozel.com\/is\/login\/","title":{"rendered":"Innskr\u00e1ning"},"content":{"rendered":"<div data-elementor-type=\"wp-page\" data-elementor-id=\"2560\" class=\"elementor elementor-2560\" data-elementor-post-type=\"page\">\n\t\t\t\t\t\t<section class=\"elementor-section elementor-top-section elementor-element elementor-element-9055fad elementor-section-boxed elementor-section-height-default elementor-section-height-default\" data-id=\"9055fad\" data-element_type=\"section\" data-e-type=\"section\">\n\t\t\t\t\t\t<div class=\"elementor-container elementor-column-gap-default\">\n\t\t\t\t\t<div class=\"elementor-column elementor-col-100 elementor-top-column elementor-element elementor-element-4d02eef2\" data-id=\"4d02eef2\" data-element_type=\"column\" data-e-type=\"column\">\n\t\t\t<div class=\"elementor-widget-wrap elementor-element-populated\">\n\t\t\t\t\t\t<div class=\"elementor-element elementor-element-5c116734 elementor-widget elementor-widget-text-editor\" data-id=\"5c116734\" data-element_type=\"widget\" data-e-type=\"widget\" data-widget_type=\"text-editor.default\">\n\t\t\t\t\t\t\t\t\t<p>Til a\u00f0 f\u00e1 a\u00f0gang a\u00f0 \u00farvalsefni, <strong>Vinsamlegast skr\u00e1\u00f0u \u00feig inn<\/strong> \u2013 <a href=\"https:\/\/melindaozel.com\/subscription-options\/\" target=\"_blank\" rel=\"noopener\">e\u00f0a skr\u00e1\u00f0u \u00feig til a\u00f0 ver\u00f0a me\u00f0limur<\/a> \u2013 E\u00d0A sko\u00f0a\u00f0u <strong>\u00f3keypis<\/strong> hlutir <a href=\"https:\/\/melindaozel.com\/free-resources\/\" target=\"_blank\" rel=\"noopener\">h\u00e9r<\/a>!<\/p><p>Ef \u00fe\u00fa ert n\u00faverandi me\u00f0limur sem lendir \u00ed innskr\u00e1ningarvandam\u00e1lum,\u00a0<a href=\"https:\/\/melindaozel.com\/login-issues\/\" target=\"_blank\" rel=\"noopener\">Far\u00f0u hinga\u00f0<\/a>.<\/p>\t\t\t\t\t\t\t\t<\/div>\n\t\t\t\t\t<\/div>\n\t\t<\/div>\n\t\t\t\t\t<\/div>\n\t\t<\/section>\n\t\t\t\t<section class=\"elementor-section elementor-top-section elementor-element elementor-element-a61a379 elementor-section-boxed elementor-section-height-default elementor-section-height-default\" data-id=\"a61a379\" data-element_type=\"section\" data-e-type=\"section\">\n\t\t\t\t\t\t<div class=\"elementor-container elementor-column-gap-default\">\n\t\t\t\t\t<div class=\"elementor-column elementor-col-100 elementor-top-column elementor-element elementor-element-e44efc0\" data-id=\"e44efc0\" data-element_type=\"column\" data-e-type=\"column\">\n\t\t\t<div class=\"elementor-widget-wrap elementor-element-populated\">\n\t\t\t\t\t\t<div class=\"elementor-element elementor-element-d7ef2b8 elementor-widget elementor-widget-text-editor\" data-id=\"d7ef2b8\" data-element_type=\"widget\" data-e-type=\"widget\" data-widget_type=\"text-editor.default\">\n\t\t\t\t\t\t\t\t\t<p>\n<div class=\"mp_wrapper mp_login_form\">\n                  <!-- mp-login-form-start -->     <form name=\"mepr_loginform\" id=\"mepr_loginform\" class=\"mepr-form\" action=\"https:\/\/melindaozel.com\/is\/login\/\" method=\"post\">\n            <div class=\"mp-form-row mepr_username\">\n        <div class=\"mp-form-label\">\n                              <label for=\"user_login\">Notandanafn<\/label>\n        <\/div>\n        <input type=\"text\" name=\"log\" id=\"user_login\" value=\"\" \/>\n      <\/div>\n      <div class=\"mp-form-row mepr_password\">\n        <div class=\"mp-form-label\">\n          <label for=\"user_pass\">Lykilor\u00f0<\/label>\n          <div class=\"mp-hide-pw\">\n            <input type=\"password\" name=\"pwd\" id=\"user_pass\" value=\"\" \/>\n            <button type=\"button\" class=\"button mp-hide-pw hide-if-no-js\" data-toggle=\"0\" aria-label=\"S\u00fdna lykilor\u00f0\">\n              <span class=\"dashicons dashicons-visibility\" aria-hidden=\"true\"><\/span>\n            <\/button>\n          <\/div>\n        <\/div>\n      <\/div>\n            <div>\n        <label><input name=\"rememberme\" type=\"checkbox\" id=\"rememberme\" value=\"forever\" \/> Mundu mig<\/label>\n      <\/div>\n      <div class=\"mp-spacer\">&nbsp;<\/div>\n      <div class=\"submit\">\n        <input type=\"submit\" name=\"wp-submit\" id=\"wp-submit\" class=\"button-primary mepr-share-button\" value=\"Innganga\" \/>\n        <input type=\"hidden\" name=\"redirect_to\" value=\"\/is\/wp-json\/wp\/v2\/pages\/2560\" \/>\n        <input type=\"hidden\" name=\"mepr_process_login_form\" value=\"true\" \/>\n        <input type=\"hidden\" name=\"mepr_is_login_page\" value=\"false\" \/>\n      <\/div>\n    <\/form>\n    <div class=\"mp-spacer\">&nbsp;<\/div>\n    <div class=\"mepr-login-actions\">\n        <a\n          href=\"https:\/\/melindaozel.com\/is\/login\/?action=forgot_password\"\n          title=\"Smelltu h\u00e9r til a\u00f0 endurstilla lykilor\u00f0i\u00f0 \u00feitt\"\n        >\n          Gleyma\u00f0i lykilor\u00f0i        <\/a>\n    <\/div>\n\n      \n    <!-- mp-login-form-end --> \n  <\/div>\n<\/p>\t\t\t\t\t\t\t\t<\/div>\n\t\t\t\t\t<\/div>\n\t\t<\/div>\n\t\t\t\t\t<\/div>\n\t\t<\/section>\n\t\t\t\t<\/div>","protected":false},"excerpt":{"rendered":"<p>Til a\u00f0 f\u00e1 a\u00f0gang a\u00f0 \u00farvalsefni, vinsamlegast skr\u00e1\u00f0u \u00feig inn \u2013 e\u00f0a skr\u00e1\u00f0u \u00feig sem me\u00f0lim \u2013 E\u00d0A sko\u00f0a\u00f0u \u00f3keypis efni\u00f0 h\u00e9r! Ef \u00fe\u00fa ert n\u00faverandi me\u00f0limur sem lendir \u00ed innskr\u00e1ningavandr\u00e6\u00f0um, far\u00f0u hinga\u00f0.<\/p>","protected":false},"author":60486633,"featured_media":0,"parent":0,"menu_order":0,"comment_status":"closed","ping_status":"closed","template":"","meta":{"footnotes":""},"class_list":["post-2560","page","type-page","status-publish"],"yoast_head":"<!-- This site is optimized with the Yoast SEO Premium plugin v27.3 (Yoast SEO v27.3) - https:\/\/yoast.com\/product\/yoast-seo-premium-wordpress\/ -->\n<title>Login - Face the FACS | Facial Expressions in Animation, AI, &amp; Behavior<\/title>\n<meta name=\"robots\" content=\"index, follow, max-snippet:-1, max-image-preview:large, max-video-preview:-1\" \/>\n<link rel=\"canonical\" href=\"https:\/\/melindaozel.com\/is\/login\/\" \/>\n<meta property=\"og:locale\" content=\"is_IS\" \/>\n<meta property=\"og:type\" content=\"article\" \/>\n<meta property=\"og:title\" content=\"Login\" \/>\n<meta property=\"og:description\" content=\"To access the premium content, please sign in &#8211; or sign up to become a member &#8211; OR check out the free stuff here! If you are a current member experiencing login issues,\u00a0go here.\" \/>\n<meta property=\"og:url\" content=\"https:\/\/melindaozel.com\/is\/login\/\" \/>\n<meta property=\"og:site_name\" content=\"Face the FACS | Facial Expressions in Animation, AI, &amp; Behavior\" \/>\n<meta property=\"article:publisher\" content=\"https:\/\/facebook.com\/facetheFACS\/\" \/>\n<meta property=\"article:modified_time\" content=\"2025-05-08T13:00:02+00:00\" \/>\n<meta property=\"og:image\" content=\"https:\/\/melindaozel.com\/wp-content\/uploads\/2020\/06\/face2-1024x1024.png\" \/>\n\t<meta property=\"og:image:width\" content=\"1024\" \/>\n\t<meta property=\"og:image:height\" content=\"1024\" \/>\n\t<meta property=\"og:image:type\" content=\"image\/png\" \/>\n<meta name=\"twitter:card\" content=\"summary_large_image\" \/>\n<meta name=\"twitter:site\" content=\"@melindaozel\" \/>\n<meta name=\"twitter:label1\" content=\"Est. reading time\" \/>\n\t<meta name=\"twitter:data1\" content=\"1 minute\" \/>\n<script type=\"application\/ld+json\" class=\"yoast-schema-graph\">{\"@context\":\"https:\\\/\\\/schema.org\",\"@graph\":[{\"@type\":\"WebPage\",\"@id\":\"https:\\\/\\\/melindaozel.com\\\/login\\\/\",\"url\":\"https:\\\/\\\/melindaozel.com\\\/login\\\/\",\"name\":\"Login - Face the FACS | Facial Expressions in Animation, AI, &amp; Behavior\",\"isPartOf\":{\"@id\":\"https:\\\/\\\/melindaozel.com\\\/zh\\\/#website\"},\"datePublished\":\"2020-05-13T15:37:01+00:00\",\"dateModified\":\"2025-05-08T13:00:02+00:00\",\"breadcrumb\":{\"@id\":\"https:\\\/\\\/melindaozel.com\\\/login\\\/#breadcrumb\"},\"inLanguage\":\"is\",\"potentialAction\":[{\"@type\":\"ReadAction\",\"target\":[\"https:\\\/\\\/melindaozel.com\\\/login\\\/\"]}]},{\"@type\":\"BreadcrumbList\",\"@id\":\"https:\\\/\\\/melindaozel.com\\\/login\\\/#breadcrumb\",\"itemListElement\":[{\"@type\":\"ListItem\",\"position\":1,\"name\":\"Home\",\"item\":\"https:\\\/\\\/melindaozel.com\\\/\"},{\"@type\":\"ListItem\",\"position\":2,\"name\":\"Login\"}]},{\"@type\":\"WebSite\",\"@id\":\"https:\\\/\\\/melindaozel.com\\\/zh\\\/#website\",\"url\":\"https:\\\/\\\/melindaozel.com\\\/zh\\\/\",\"name\":\"Face the FACS\",\"description\":\"Facial Expressions in Art, Science, &amp; Technology\",\"publisher\":{\"@id\":\"https:\\\/\\\/melindaozel.com\\\/zh\\\/#\\\/schema\\\/person\\\/81c6262e1bfca3c71960db5aee204e3f\"},\"potentialAction\":[{\"@type\":\"SearchAction\",\"target\":{\"@type\":\"EntryPoint\",\"urlTemplate\":\"https:\\\/\\\/melindaozel.com\\\/zh\\\/?s={search_term_string}\"},\"query-input\":{\"@type\":\"PropertyValueSpecification\",\"valueRequired\":true,\"valueName\":\"search_term_string\"}}],\"inLanguage\":\"is\"},{\"@type\":[\"Person\",\"Organization\"],\"@id\":\"https:\\\/\\\/melindaozel.com\\\/zh\\\/#\\\/schema\\\/person\\\/81c6262e1bfca3c71960db5aee204e3f\",\"name\":\"Melinda Ozel\",\"image\":{\"@type\":\"ImageObject\",\"inLanguage\":\"is\",\"@id\":\"https:\\\/\\\/i0.wp.com\\\/melindaozel.com\\\/wp-content\\\/uploads\\\/2025\\\/02\\\/face-the-FACS-eye-mouth-logo-pixel.webp?fit=225%2C225&ssl=1\",\"url\":\"https:\\\/\\\/i0.wp.com\\\/melindaozel.com\\\/wp-content\\\/uploads\\\/2025\\\/02\\\/face-the-FACS-eye-mouth-logo-pixel.webp?fit=225%2C225&ssl=1\",\"contentUrl\":\"https:\\\/\\\/i0.wp.com\\\/melindaozel.com\\\/wp-content\\\/uploads\\\/2025\\\/02\\\/face-the-FACS-eye-mouth-logo-pixel.webp?fit=225%2C225&ssl=1\",\"width\":225,\"height\":225,\"caption\":\"Melinda Ozel\"},\"logo\":{\"@id\":\"https:\\\/\\\/i0.wp.com\\\/melindaozel.com\\\/wp-content\\\/uploads\\\/2025\\\/02\\\/face-the-FACS-eye-mouth-logo-pixel.webp?fit=225%2C225&ssl=1\"},\"sameAs\":[\"https:\\\/\\\/melindaozel.com\",\"https:\\\/\\\/facebook.com\\\/facetheFACS\\\/\",\"https:\\\/\\\/instagram.com\\\/manicexpression\",\"https:\\\/\\\/linkedin.com\\\/in\\\/melindaozel\",\"https:\\\/\\\/pinterest.com\\\/melindaozel\\\/\",\"https:\\\/\\\/x.com\\\/melindaozel\",\"https:\\\/\\\/youtube.com\\\/@facetheFACS\"],\"knowsAbout\":[\"Facial Action Coding System (FACS)\",\"Facial Expression Tracking\",\"Facial Anatomy\",\"Facial Animation\",\"Digital Humans\",\"Audio-to-Expression\",\"Audio-to-Face\",\"Visemes\",\"Lipsync\"],\"jobTitle\":\"Facial Systems Expert, Expression Scientist\",\"numberOfEmployees\":{\"@type\":\"QuantitativeValue\",\"minValue\":\"1\",\"maxValue\":\"10\"}}]}<\/script>\n<!-- \/ Yoast SEO Premium plugin. -->","yoast_head_json":{"title":"Innganga - Andliti\u00f0 vi\u00f0 FACS | Andlitssvipbrig\u00f0i \u00ed hreyfimyndun, gervigreind og heg\u00f0un","robots":{"index":"index","follow":"follow","max-snippet":"max-snippet:-1","max-image-preview":"max-image-preview:large","max-video-preview":"max-video-preview:-1"},"canonical":"https:\/\/melindaozel.com\/is\/login\/","og_locale":"is_IS","og_type":"article","og_title":"Login","og_description":"To access the premium content, please sign in &#8211; or sign up to become a member &#8211; OR check out the free stuff here! If you are a current member experiencing login issues,\u00a0go here.","og_url":"https:\/\/melindaozel.com\/is\/login\/","og_site_name":"Face the FACS | Facial Expressions in Animation, AI, &amp; Behavior","article_publisher":"https:\/\/facebook.com\/facetheFACS\/","article_modified_time":"2025-05-08T13:00:02+00:00","og_image":[{"width":1024,"height":1024,"url":"https:\/\/melindaozel.com\/wp-content\/uploads\/2020\/06\/face2-1024x1024.png","type":"image\/png"}],"twitter_card":"summary_large_image","twitter_site":"@melindaozel","twitter_misc":{"Est. reading time":"1 minute"},"schema":{"@context":"https:\/\/schema.org","@graph":[{"@type":"WebPage","@id":"https:\/\/melindaozel.com\/login\/","url":"https:\/\/melindaozel.com\/login\/","name":"Innganga - Andliti\u00f0 vi\u00f0 FACS | Andlitssvipbrig\u00f0i \u00ed hreyfimyndun, gervigreind og heg\u00f0un","isPartOf":{"@id":"https:\/\/melindaozel.com\/zh\/#website"},"datePublished":"2020-05-13T15:37:01+00:00","dateModified":"2025-05-08T13:00:02+00:00","breadcrumb":{"@id":"https:\/\/melindaozel.com\/login\/#breadcrumb"},"inLanguage":"is","potentialAction":[{"@type":"ReadAction","target":["https:\/\/melindaozel.com\/login\/"]}]},{"@type":"BreadcrumbList","@id":"https:\/\/melindaozel.com\/login\/#breadcrumb","itemListElement":[{"@type":"ListItem","position":1,"name":"Home","item":"https:\/\/melindaozel.com\/"},{"@type":"ListItem","position":2,"name":"Login"}]},{"@type":"WebSite","@id":"https:\/\/melindaozel.com\/zh\/#website","url":"https:\/\/melindaozel.com\/zh\/","name":"Andsp\u00e6nis FACS","description":"Andlitsdr\u00e6ttir \u00ed list, v\u00edsindum og t\u00e6kni","publisher":{"@id":"https:\/\/melindaozel.com\/zh\/#\/schema\/person\/81c6262e1bfca3c71960db5aee204e3f"},"potentialAction":[{"@type":"SearchAction","target":{"@type":"EntryPoint","urlTemplate":"https:\/\/melindaozel.com\/zh\/?s={search_term_string}"},"query-input":{"@type":"PropertyValueSpecification","valueRequired":true,"valueName":"search_term_string"}}],"inLanguage":"is"},{"@type":["Person","Organization"],"@id":"https:\/\/melindaozel.com\/zh\/#\/schema\/person\/81c6262e1bfca3c71960db5aee204e3f","name":"Melinda Ozel","image":{"@type":"ImageObject","inLanguage":"is","@id":"https:\/\/i0.wp.com\/melindaozel.com\/wp-content\/uploads\/2025\/02\/face-the-FACS-eye-mouth-logo-pixel.webp?fit=225%2C225&ssl=1","url":"https:\/\/i0.wp.com\/melindaozel.com\/wp-content\/uploads\/2025\/02\/face-the-FACS-eye-mouth-logo-pixel.webp?fit=225%2C225&ssl=1","contentUrl":"https:\/\/i0.wp.com\/melindaozel.com\/wp-content\/uploads\/2025\/02\/face-the-FACS-eye-mouth-logo-pixel.webp?fit=225%2C225&ssl=1","width":225,"height":225,"caption":"Melinda Ozel"},"logo":{"@id":"https:\/\/i0.wp.com\/melindaozel.com\/wp-content\/uploads\/2025\/02\/face-the-FACS-eye-mouth-logo-pixel.webp?fit=225%2C225&ssl=1"},"sameAs":["https:\/\/melindaozel.com","https:\/\/facebook.com\/facetheFACS\/","https:\/\/instagram.com\/manicexpression","https:\/\/linkedin.com\/in\/melindaozel","https:\/\/pinterest.com\/melindaozel\/","https:\/\/x.com\/melindaozel","https:\/\/youtube.com\/@facetheFACS"],"knowsAbout":["Facial Action Coding System (FACS)","Facial Expression Tracking","Facial Anatomy","Facial Animation","Digital Humans","Audio-to-Expression","Audio-to-Face","Visemes","Lipsync"],"jobTitle":"Facial Systems Expert, Expression Scientist","numberOfEmployees":{"@type":"QuantitativeValue","minValue":"1","maxValue":"10"}}]}},"jetpack_sharing_enabled":false,"_links":{"self":[{"href":"https:\/\/melindaozel.com\/is\/wp-json\/wp\/v2\/pages\/2560","targetHints":{"allow":["GET"]}}],"collection":[{"href":"https:\/\/melindaozel.com\/is\/wp-json\/wp\/v2\/pages"}],"about":[{"href":"https:\/\/melindaozel.com\/is\/wp-json\/wp\/v2\/types\/page"}],"author":[{"embeddable":true,"href":"https:\/\/melindaozel.com\/is\/wp-json\/wp\/v2\/users\/60486633"}],"replies":[{"embeddable":true,"href":"https:\/\/melindaozel.com\/is\/wp-json\/wp\/v2\/comments?post=2560"}],"version-history":[{"count":58,"href":"https:\/\/melindaozel.com\/is\/wp-json\/wp\/v2\/pages\/2560\/revisions"}],"predecessor-version":[{"id":12287,"href":"https:\/\/melindaozel.com\/is\/wp-json\/wp\/v2\/pages\/2560\/revisions\/12287"}],"wp:attachment":[{"href":"https:\/\/melindaozel.com\/is\/wp-json\/wp\/v2\/media?parent=2560"}],"curies":[{"name":"vp","href":"https:\/\/api.w.org\/{rel}","templated":true}]}}