{"id":12603,"date":"2025-05-21T16:58:50","date_gmt":"2025-05-21T20:58:50","guid":{"rendered":"https:\/\/melindaozel.com\/?page_id=12603"},"modified":"2025-05-21T17:05:28","modified_gmt":"2025-05-21T21:05:28","slug":"how-to-cite-my-work-use-my-visuals","status":"publish","type":"page","link":"https:\/\/melindaozel.com\/is\/how-to-cite-my-work-use-my-visuals\/","title":{"rendered":"Hvernig \u00e1 a\u00f0 v\u00edsa til verka minna og nota sj\u00f3nr\u00e6n efni m\u00edn"},"content":{"rendered":"<div data-elementor-type=\"wp-page\" data-elementor-id=\"12603\" class=\"elementor elementor-12603\" data-elementor-post-type=\"page\">\n\t\t\t\t\t\t<section class=\"elementor-section elementor-top-section elementor-element elementor-element-efaac43 elementor-section-boxed elementor-section-height-default elementor-section-height-default\" data-id=\"efaac43\" data-element_type=\"section\" data-e-type=\"section\">\n\t\t\t\t\t\t<div class=\"elementor-container elementor-column-gap-default\">\n\t\t\t\t\t<div class=\"elementor-column elementor-col-100 elementor-top-column elementor-element elementor-element-303581c\" data-id=\"303581c\" data-element_type=\"column\" data-e-type=\"column\">\n\t\t\t<div class=\"elementor-widget-wrap elementor-element-populated\">\n\t\t\t\t\t\t<div class=\"elementor-element elementor-element-060e8c9 elementor-widget elementor-widget-text-editor\" data-id=\"060e8c9\" data-element_type=\"widget\" data-e-type=\"widget\" data-widget_type=\"text-editor.default\">\n\t\t\t\t\t\t\t\t\t<p>H\u00e6! M\u00e9r er \u00e1n\u00e6gjulegt a\u00f0 \u00fe\u00e9r l\u00edki vi\u00f0 verk mitt og a\u00f0 \u00fe\u00fa viljir nota \u00fea\u00f0. \u00c9g er f\u00fas til a\u00f0 hj\u00e1lpa.<\/p>\t\t\t\t\t\t\t\t<\/div>\n\t\t\t\t\t<\/div>\n\t\t<\/div>\n\t\t\t\t\t<\/div>\n\t\t<\/section>\n\t\t\t\t<section class=\"elementor-section elementor-top-section elementor-element elementor-element-80ea412 elementor-section-boxed elementor-section-height-default elementor-section-height-default\" data-id=\"80ea412\" data-element_type=\"section\" data-e-type=\"section\">\n\t\t\t\t\t\t<div class=\"elementor-container elementor-column-gap-default\">\n\t\t\t\t\t<div class=\"elementor-column elementor-col-100 elementor-top-column elementor-element elementor-element-fbe4e12\" data-id=\"fbe4e12\" data-element_type=\"column\" data-e-type=\"column\">\n\t\t\t<div class=\"elementor-widget-wrap elementor-element-populated\">\n\t\t\t\t\t\t<div class=\"elementor-element elementor-element-c3a7fd7 elementor-widget elementor-widget-heading\" data-id=\"c3a7fd7\" data-element_type=\"widget\" data-e-type=\"widget\" data-widget_type=\"heading.default\">\n\t\t\t\t\t<h2 class=\"elementor-heading-title elementor-size-default\">Kr\u00f6fur um tilvitnanir<\/h2>\t\t\t\t<\/div>\n\t\t\t\t<div class=\"elementor-element elementor-element-cb5e6d9 elementor-widget elementor-widget-text-editor\" data-id=\"cb5e6d9\" data-element_type=\"widget\" data-e-type=\"widget\" data-widget_type=\"text-editor.default\">\n\t\t\t\t\t\t\t\t\t<p>Ef \u00fe\u00fa v\u00edsar \u00e1 s\u00ed\u00f0u sem \u00feegar inniheldur lei\u00f0beiningar um tilvitnanir (eins og m\u00edn<a href=\"https:\/\/melindaozel.com\/facs-cheat-sheet\/\" target=\"_blank\" rel=\"noopener\"> FACS yfirlitsbla\u00f0<\/a> e\u00f0a <a href=\"https:\/\/melindaozel.com\/viseme-cheat-sheet\/\" target=\"_blank\" rel=\"noopener\">Yfirlit yfir Viseme-svindl<\/a>), fylgdu einfaldlega n\u00faverandi tilv\u00edsunar lei\u00f0beiningum. Ef \u00fe\u00fa ert a\u00f0 v\u00edsa til f\u00e6rslu, greinar e\u00f0a myndr\u00e6ns efnis af vefs\u00ed\u00f0unni minni sem <em>gerir ekki <\/em>Ef \u00fea\u00f0 hefur innbygg\u00f0a lei\u00f0s\u00f6gn um heimildir, h\u00e9r er hvernig \u00e1 a\u00f0 v\u00edsa til \u00feess r\u00e9tt:<\/p><h3>1. Nota\u00f0u nafni\u00f0 mitt (\u00fea\u00f0 er Melinda Ozel)<\/h3><p>Skr\u00e1\u00f0u fullt nafn mitt (<a href=\"https:\/\/melindaozel.com\/who-is-melinda-ozel\/\" target=\"_blank\" rel=\"noopener\">Melinda Ozel<\/a>) sem h\u00f6fundur.<\/p><h3>2. B\u00e6ttu vi\u00f0 dagsetningu<\/h3><p>Nota\u00f0u \u00fatg\u00e1fudagsetninguna e\u00f0a s\u00ed\u00f0ustu uppf\u00e6rsludagsetninguna ef h\u00fan er tilgreind. Ef \u00fea\u00f0 er ekki tilt\u00e6kt, tilgreindu \u00e1ri\u00f0 sem \u00fe\u00fa n\u00e1lga\u00f0ir efni\u00f0.<\/p><h3>3. Gef\u00f0u s\u00ed\u00f0unni e\u00f0a f\u00e6rslunni titil<\/h3><p>Nota\u00f0u opinbera titilinn ef s\u00ed\u00f0an hefur einn. Ef ekki, b\u00fa\u00f0u til sk\u00fdran og l\u00fdsandi titil \u00ed g\u00e6salappum. D\u00e6mi: <em data-start=\"1003\" data-end=\"1060\">\u201cAthugasemdir um v\u00edsemisbreytileika\u201d<\/em><\/p><h3>4. B\u00e6ttu vi\u00f0 vefsl\u00f3\u00f0inni<\/h3><p>Nota\u00f0u hlekkinn \u00e1 alla s\u00ed\u00f0una, ekki bara heimas\u00ed\u00f0una. Hann \u00e6tti a\u00f0 l\u00edta svona \u00fat:<br \/><code data-start=\"1119\" data-end=\"1145\">https:\/\/melindaozel.com\/insert-specific-post\/<\/code><\/p>\t\t\t\t\t\t\t\t<\/div>\n\t\t\t\t\t<\/div>\n\t\t<\/div>\n\t\t\t\t\t<\/div>\n\t\t<\/section>\n\t\t\t\t<section class=\"elementor-section elementor-top-section elementor-element elementor-element-4909bfe elementor-section-boxed elementor-section-height-default elementor-section-height-default\" data-id=\"4909bfe\" data-element_type=\"section\" data-e-type=\"section\">\n\t\t\t\t\t\t<div class=\"elementor-container elementor-column-gap-default\">\n\t\t\t\t\t<div class=\"elementor-column elementor-col-100 elementor-top-column elementor-element elementor-element-5a75ea2\" data-id=\"5a75ea2\" data-element_type=\"column\" data-e-type=\"column\">\n\t\t\t<div class=\"elementor-widget-wrap elementor-element-populated\">\n\t\t\t\t\t\t<div class=\"elementor-element elementor-element-e4ed948 elementor-widget elementor-widget-heading\" data-id=\"e4ed948\" data-element_type=\"widget\" data-e-type=\"widget\" data-widget_type=\"heading.default\">\n\t\t\t\t\t<h2 class=\"elementor-heading-title elementor-size-default\">A\u00f0rar tilv\u00edsanir<\/h2>\t\t\t\t<\/div>\n\t\t\t\t\t<\/div>\n\t\t<\/div>\n\t\t\t\t\t<\/div>\n\t\t<\/section>\n\t\t\t\t<section class=\"elementor-section elementor-top-section elementor-element elementor-element-c164cb6 elementor-section-boxed elementor-section-height-default elementor-section-height-default\" data-id=\"c164cb6\" data-element_type=\"section\" data-e-type=\"section\">\n\t\t\t\t\t\t<div class=\"elementor-container elementor-column-gap-default\">\n\t\t\t\t\t<div class=\"elementor-column elementor-col-100 elementor-top-column elementor-element elementor-element-49580af\" data-id=\"49580af\" data-element_type=\"column\" data-e-type=\"column\">\n\t\t\t<div class=\"elementor-widget-wrap elementor-element-populated\">\n\t\t\t\t\t\t<div class=\"elementor-element elementor-element-743b714 elementor-widget elementor-widget-text-editor\" data-id=\"743b714\" data-element_type=\"widget\" data-e-type=\"widget\" data-widget_type=\"text-editor.default\">\n\t\t\t\t\t\t\t\t\t<h3>Viltu nota sj\u00f3nr\u00e6nu efni\u00f0 mitt?<\/h3><p>Vinsamlegast haf\u00f0u samband til a\u00f0 f\u00e1 leyfi \u00e1\u00f0ur en \u00fe\u00fa notar myndir e\u00f0a graf\u00edk af vefs\u00ed\u00f0unni minni \u00ed fr\u00e6\u00f0igreinum, gl\u00e6rukynningum, kynningum e\u00f0a hva\u00f0 sem \u00fe\u00fa ert a\u00f0 b\u00faa til.<\/p><p><strong>Af hverju? <\/strong>\u00de\u00f3 a\u00f0 99% af sj\u00f3nr\u00e6nu efni s\u00e9 mitt, g\u00e6ti l\u00edtill hluti veri\u00f0 leyfisa\u00f0, skipa\u00f0ur e\u00f0a samstarfsverkefni. Vinsamlegast athuga\u00f0u tvisvar \u00e1\u00f0ur en \u00fe\u00fa notar neitt. \u00de\u00fa getur haft samband vi\u00f0 mig til a\u00f0 f\u00e1 sk\u00fdrari uppl\u00fdsingar: facetheFACS@melindaozel.com<\/p><h3>N\u00fdyrt hugt\u00f6k e\u00f0a or\u00f0asamb\u00f6nd<\/h3><p>Ef \u00fe\u00fa ert\u2026<\/p><ul><li>a\u00f0 v\u00edsa til eins af hugt\u00f6kum sem \u00e9g hef b\u00fai\u00f0 til, frumramma e\u00f0a kenninga (eins og \u201clip cincher\u201d, \u201cprimary expressive outcome\u201d o.s.frv.)<\/li><li>Nota\u00f0i v\u00edsunarbla\u00f0in m\u00edn miki\u00f0<\/li><\/ul><p>\u2026tilgreindu \u00fea\u00f0 eins og \u00fe\u00fa myndir gera me\u00f0 hva\u00f0a heimildami\u00f0a\u00f0an hugtak e\u00f0a l\u00edkan sem er. Heimildagj\u00f6f eflir traust.<\/p><h3>Fr\u00e6\u00f0ilegar tilv\u00edsanir<\/h3><p>Fyrir lista yfir fr\u00e6\u00f0igreinar m\u00ednar, einkaleyfi og v\u00edsa\u00f0 verk, heims\u00e6ki\u00f0 <a href=\"https:\/\/scholar.google.com\/citations?user=P205y6YAAAAJ&amp;hl=en\" target=\"_blank\" rel=\"noopener\">Google Scholar pr\u00f3f\u00edllinn minn<\/a>.<\/p><h3>Ertu me\u00f0 fleiri spurningar?<\/h3><p>Sendu m\u00e9r t\u00f6lvup\u00f3st \u00e1: facetheFACS@melindaozel.com<\/p>\t\t\t\t\t\t\t\t<\/div>\n\t\t\t\t\t<\/div>\n\t\t<\/div>\n\t\t\t\t\t<\/div>\n\t\t<\/section>\n\t\t\t\t<section class=\"elementor-section elementor-top-section elementor-element elementor-element-2947dbcc elementor-section-boxed elementor-section-height-default elementor-section-height-default\" data-id=\"2947dbcc\" data-element_type=\"section\" data-e-type=\"section\">\n\t\t\t\t\t\t<div class=\"elementor-container elementor-column-gap-default\">\n\t\t\t\t\t<div class=\"elementor-column elementor-col-100 elementor-top-column elementor-element elementor-element-19be5ada\" data-id=\"19be5ada\" data-element_type=\"column\" data-e-type=\"column\">\n\t\t\t<div class=\"elementor-widget-wrap elementor-element-populated\">\n\t\t\t\t\t\t<div class=\"elementor-element elementor-element-7191b4d7 elementor-view-default elementor-widget elementor-widget-icon\" data-id=\"7191b4d7\" data-element_type=\"widget\" data-e-type=\"widget\" data-widget_type=\"icon.default\">\n\t\t\t\t\t\t\t<div class=\"elementor-icon-wrapper\">\n\t\t\t<a class=\"elementor-icon\" href=\"https:\/\/melindaozel.com\/\">\n\t\t\t<svg aria-hidden=\"true\" class=\"e-font-icon-svg e-fas-home\" viewbox=\"0 0 576 512\" xmlns=\"http:\/\/www.w3.org\/2000\/svg\"><path d=\"M280.37 148.26L96 300.11V464a16 16 0 0 0 16 16l112.06-.29a16 16 0 0 0 15.92-16V368a16 16 0 0 1 16-16h64a16 16 0 0 1 16 16v95.64a16 16 0 0 0 16 16.05L464 480a16 16 0 0 0 16-16V300L295.67 148.26a12.19 12.19 0 0 0-15.3 0zM571.6 251.47L488 182.56V44.05a12 12 0 0 0-12-12h-56a12 12 0 0 0-12 12v72.61L318.47 43a48 48 0 0 0-61 0L4.34 251.47a12 12 0 0 0-1.6 16.9l25.5 31A12 12 0 0 0 45.15 301l235.22-193.74a12.19 12.19 0 0 1 15.3 0L530.9 301a12 12 0 0 0 16.9-1.6l25.5-31a12 12 0 0 0-1.7-16.93z\"><\/path><\/svg>\t\t\t<\/a>\n\t\t<\/div>\n\t\t\t\t\t\t<\/div>\n\t\t\t\t\t<\/div>\n\t\t<\/div>\n\t\t\t\t\t<\/div>\n\t\t<\/section>\n\t\t\t\t<\/div>","protected":false},"excerpt":{"rendered":"<p>Hi! Glad you like my work and wish to use it. I&#8217;m happy to help. Citation Requirements If you\u2019re referencing a page that already has citation instructions (like my FACS Cheat Sheet or Viseme Cheat Sheet), simply follow the existing citation instructions. If you\u2019re citing a post, article, or visual from my site that doesn\u2019t &#8230; <a title=\"Hvernig \u00e1 a\u00f0 v\u00edsa til verka minna og nota sj\u00f3nr\u00e6n efni m\u00edn\" class=\"read-more\" href=\"https:\/\/melindaozel.com\/is\/how-to-cite-my-work-use-my-visuals\/\" aria-label=\"Read more about How to Cite My Work &#038; Use My Visuals\">Lesa meira<\/a><\/p>","protected":false},"author":60486633,"featured_media":0,"parent":0,"menu_order":0,"comment_status":"closed","ping_status":"closed","template":"","meta":{"footnotes":""},"class_list":["post-12603","page","type-page","status-publish"],"yoast_head":"<!-- This site is optimized with the Yoast SEO Premium plugin v27.3 (Yoast SEO v27.3) - https:\/\/yoast.com\/product\/yoast-seo-premium-wordpress\/ -->\n<title>How to Cite My Work &amp; Use My Visuals - Face the FACS | Facial Expressions in Animation, AI, &amp; Behavior<\/title>\n<meta name=\"robots\" content=\"index, follow, max-snippet:-1, max-image-preview:large, max-video-preview:-1\" \/>\n<link rel=\"canonical\" href=\"https:\/\/melindaozel.com\/is\/how-to-cite-my-work-use-my-visuals\/\" \/>\n<meta property=\"og:locale\" content=\"is_IS\" \/>\n<meta property=\"og:type\" content=\"article\" \/>\n<meta property=\"og:title\" content=\"How to Cite My Work &amp; Use My Visuals\" \/>\n<meta property=\"og:description\" content=\"Hi! Glad you like my work and wish to use it. I&#8217;m happy to help. Citation Requirements If you\u2019re referencing a page that already has citation instructions (like my FACS Cheat Sheet or Viseme Cheat Sheet), simply follow the existing citation instructions. If you\u2019re citing a post, article, or visual from my site that doesn\u2019t ... Read more\" \/>\n<meta property=\"og:url\" content=\"https:\/\/melindaozel.com\/is\/how-to-cite-my-work-use-my-visuals\/\" \/>\n<meta property=\"og:site_name\" content=\"Face the FACS | Facial Expressions in Animation, AI, &amp; Behavior\" \/>\n<meta property=\"article:publisher\" content=\"https:\/\/facebook.com\/facetheFACS\/\" \/>\n<meta property=\"article:modified_time\" content=\"2025-05-21T21:05:28+00:00\" \/>\n<meta property=\"og:image\" content=\"https:\/\/melindaozel.com\/wp-content\/uploads\/2020\/06\/face2-1024x1024.png\" \/>\n\t<meta property=\"og:image:width\" content=\"1024\" \/>\n\t<meta property=\"og:image:height\" content=\"1024\" \/>\n\t<meta property=\"og:image:type\" content=\"image\/png\" \/>\n<meta name=\"twitter:card\" content=\"summary_large_image\" \/>\n<meta name=\"twitter:site\" content=\"@melindaozel\" \/>\n<meta name=\"twitter:label1\" content=\"Est. reading time\" \/>\n\t<meta name=\"twitter:data1\" content=\"2 minutes\" \/>\n<script type=\"application\/ld+json\" class=\"yoast-schema-graph\">{\"@context\":\"https:\\\/\\\/schema.org\",\"@graph\":[{\"@type\":\"WebPage\",\"@id\":\"https:\\\/\\\/melindaozel.com\\\/how-to-cite-my-work-use-my-visuals\\\/\",\"url\":\"https:\\\/\\\/melindaozel.com\\\/how-to-cite-my-work-use-my-visuals\\\/\",\"name\":\"How to Cite My Work & Use My Visuals - Face the FACS | Facial Expressions in Animation, AI, &amp; Behavior\",\"isPartOf\":{\"@id\":\"https:\\\/\\\/melindaozel.com\\\/zh\\\/#website\"},\"datePublished\":\"2025-05-21T20:58:50+00:00\",\"dateModified\":\"2025-05-21T21:05:28+00:00\",\"breadcrumb\":{\"@id\":\"https:\\\/\\\/melindaozel.com\\\/how-to-cite-my-work-use-my-visuals\\\/#breadcrumb\"},\"inLanguage\":\"is\",\"potentialAction\":[{\"@type\":\"ReadAction\",\"target\":[\"https:\\\/\\\/melindaozel.com\\\/how-to-cite-my-work-use-my-visuals\\\/\"]}]},{\"@type\":\"BreadcrumbList\",\"@id\":\"https:\\\/\\\/melindaozel.com\\\/how-to-cite-my-work-use-my-visuals\\\/#breadcrumb\",\"itemListElement\":[{\"@type\":\"ListItem\",\"position\":1,\"name\":\"Home\",\"item\":\"https:\\\/\\\/melindaozel.com\\\/\"},{\"@type\":\"ListItem\",\"position\":2,\"name\":\"How to Cite My Work &#038; Use My Visuals\"}]},{\"@type\":\"WebSite\",\"@id\":\"https:\\\/\\\/melindaozel.com\\\/zh\\\/#website\",\"url\":\"https:\\\/\\\/melindaozel.com\\\/zh\\\/\",\"name\":\"Face the FACS\",\"description\":\"Facial Expressions in Art, Science, &amp; Technology\",\"publisher\":{\"@id\":\"https:\\\/\\\/melindaozel.com\\\/zh\\\/#\\\/schema\\\/person\\\/81c6262e1bfca3c71960db5aee204e3f\"},\"potentialAction\":[{\"@type\":\"SearchAction\",\"target\":{\"@type\":\"EntryPoint\",\"urlTemplate\":\"https:\\\/\\\/melindaozel.com\\\/zh\\\/?s={search_term_string}\"},\"query-input\":{\"@type\":\"PropertyValueSpecification\",\"valueRequired\":true,\"valueName\":\"search_term_string\"}}],\"inLanguage\":\"is\"},{\"@type\":[\"Person\",\"Organization\"],\"@id\":\"https:\\\/\\\/melindaozel.com\\\/zh\\\/#\\\/schema\\\/person\\\/81c6262e1bfca3c71960db5aee204e3f\",\"name\":\"Melinda Ozel\",\"image\":{\"@type\":\"ImageObject\",\"inLanguage\":\"is\",\"@id\":\"https:\\\/\\\/i0.wp.com\\\/melindaozel.com\\\/wp-content\\\/uploads\\\/2025\\\/02\\\/face-the-FACS-eye-mouth-logo-pixel.webp?fit=225%2C225&ssl=1\",\"url\":\"https:\\\/\\\/i0.wp.com\\\/melindaozel.com\\\/wp-content\\\/uploads\\\/2025\\\/02\\\/face-the-FACS-eye-mouth-logo-pixel.webp?fit=225%2C225&ssl=1\",\"contentUrl\":\"https:\\\/\\\/i0.wp.com\\\/melindaozel.com\\\/wp-content\\\/uploads\\\/2025\\\/02\\\/face-the-FACS-eye-mouth-logo-pixel.webp?fit=225%2C225&ssl=1\",\"width\":225,\"height\":225,\"caption\":\"Melinda Ozel\"},\"logo\":{\"@id\":\"https:\\\/\\\/i0.wp.com\\\/melindaozel.com\\\/wp-content\\\/uploads\\\/2025\\\/02\\\/face-the-FACS-eye-mouth-logo-pixel.webp?fit=225%2C225&ssl=1\"},\"sameAs\":[\"https:\\\/\\\/melindaozel.com\",\"https:\\\/\\\/facebook.com\\\/facetheFACS\\\/\",\"https:\\\/\\\/instagram.com\\\/manicexpression\",\"https:\\\/\\\/linkedin.com\\\/in\\\/melindaozel\",\"https:\\\/\\\/pinterest.com\\\/melindaozel\\\/\",\"https:\\\/\\\/x.com\\\/melindaozel\",\"https:\\\/\\\/youtube.com\\\/@facetheFACS\"],\"knowsAbout\":[\"Facial Action Coding System (FACS)\",\"Facial Expression Tracking\",\"Facial Anatomy\",\"Facial Animation\",\"Digital Humans\",\"Audio-to-Expression\",\"Audio-to-Face\",\"Visemes\",\"Lipsync\"],\"jobTitle\":\"Facial Systems Expert, Expression Scientist\",\"numberOfEmployees\":{\"@type\":\"QuantitativeValue\",\"minValue\":\"1\",\"maxValue\":\"10\"}}]}<\/script>\n<!-- \/ Yoast SEO Premium plugin. -->","yoast_head_json":{"title":"Hvernig \u00e1 a\u00f0 v\u00edsa til verka minna og nota sj\u00f3nr\u00e6n efni m\u00edn \u2013 takast \u00e1 vi\u00f0 FACS | andlitssvipbrig\u00f0i \u00ed teiknimyndum, gervigreind og heg\u00f0un","robots":{"index":"index","follow":"follow","max-snippet":"max-snippet:-1","max-image-preview":"max-image-preview:large","max-video-preview":"max-video-preview:-1"},"canonical":"https:\/\/melindaozel.com\/is\/how-to-cite-my-work-use-my-visuals\/","og_locale":"is_IS","og_type":"article","og_title":"How to Cite My Work & Use My Visuals","og_description":"Hi! Glad you like my work and wish to use it. I&#8217;m happy to help. Citation Requirements If you\u2019re referencing a page that already has citation instructions (like my FACS Cheat Sheet or Viseme Cheat Sheet), simply follow the existing citation instructions. If you\u2019re citing a post, article, or visual from my site that doesn\u2019t ... Read more","og_url":"https:\/\/melindaozel.com\/is\/how-to-cite-my-work-use-my-visuals\/","og_site_name":"Face the FACS | Facial Expressions in Animation, AI, &amp; Behavior","article_publisher":"https:\/\/facebook.com\/facetheFACS\/","article_modified_time":"2025-05-21T21:05:28+00:00","og_image":[{"width":1024,"height":1024,"url":"https:\/\/melindaozel.com\/wp-content\/uploads\/2020\/06\/face2-1024x1024.png","type":"image\/png"}],"twitter_card":"summary_large_image","twitter_site":"@melindaozel","twitter_misc":{"Est. reading time":"2 minutes"},"schema":{"@context":"https:\/\/schema.org","@graph":[{"@type":"WebPage","@id":"https:\/\/melindaozel.com\/how-to-cite-my-work-use-my-visuals\/","url":"https:\/\/melindaozel.com\/how-to-cite-my-work-use-my-visuals\/","name":"Hvernig \u00e1 a\u00f0 v\u00edsa til verka minna og nota sj\u00f3nr\u00e6n efni m\u00edn \u2013 takast \u00e1 vi\u00f0 FACS | andlitssvipbrig\u00f0i \u00ed teiknimyndum, gervigreind og heg\u00f0un","isPartOf":{"@id":"https:\/\/melindaozel.com\/zh\/#website"},"datePublished":"2025-05-21T20:58:50+00:00","dateModified":"2025-05-21T21:05:28+00:00","breadcrumb":{"@id":"https:\/\/melindaozel.com\/how-to-cite-my-work-use-my-visuals\/#breadcrumb"},"inLanguage":"is","potentialAction":[{"@type":"ReadAction","target":["https:\/\/melindaozel.com\/how-to-cite-my-work-use-my-visuals\/"]}]},{"@type":"BreadcrumbList","@id":"https:\/\/melindaozel.com\/how-to-cite-my-work-use-my-visuals\/#breadcrumb","itemListElement":[{"@type":"ListItem","position":1,"name":"Home","item":"https:\/\/melindaozel.com\/"},{"@type":"ListItem","position":2,"name":"How to Cite My Work &#038; Use My Visuals"}]},{"@type":"WebSite","@id":"https:\/\/melindaozel.com\/zh\/#website","url":"https:\/\/melindaozel.com\/zh\/","name":"Andsp\u00e6nis FACS","description":"Andlitsdr\u00e6ttir \u00ed list, v\u00edsindum og t\u00e6kni","publisher":{"@id":"https:\/\/melindaozel.com\/zh\/#\/schema\/person\/81c6262e1bfca3c71960db5aee204e3f"},"potentialAction":[{"@type":"SearchAction","target":{"@type":"EntryPoint","urlTemplate":"https:\/\/melindaozel.com\/zh\/?s={search_term_string}"},"query-input":{"@type":"PropertyValueSpecification","valueRequired":true,"valueName":"search_term_string"}}],"inLanguage":"is"},{"@type":["Person","Organization"],"@id":"https:\/\/melindaozel.com\/zh\/#\/schema\/person\/81c6262e1bfca3c71960db5aee204e3f","name":"Melinda Ozel","image":{"@type":"ImageObject","inLanguage":"is","@id":"https:\/\/i0.wp.com\/melindaozel.com\/wp-content\/uploads\/2025\/02\/face-the-FACS-eye-mouth-logo-pixel.webp?fit=225%2C225&ssl=1","url":"https:\/\/i0.wp.com\/melindaozel.com\/wp-content\/uploads\/2025\/02\/face-the-FACS-eye-mouth-logo-pixel.webp?fit=225%2C225&ssl=1","contentUrl":"https:\/\/i0.wp.com\/melindaozel.com\/wp-content\/uploads\/2025\/02\/face-the-FACS-eye-mouth-logo-pixel.webp?fit=225%2C225&ssl=1","width":225,"height":225,"caption":"Melinda Ozel"},"logo":{"@id":"https:\/\/i0.wp.com\/melindaozel.com\/wp-content\/uploads\/2025\/02\/face-the-FACS-eye-mouth-logo-pixel.webp?fit=225%2C225&ssl=1"},"sameAs":["https:\/\/melindaozel.com","https:\/\/facebook.com\/facetheFACS\/","https:\/\/instagram.com\/manicexpression","https:\/\/linkedin.com\/in\/melindaozel","https:\/\/pinterest.com\/melindaozel\/","https:\/\/x.com\/melindaozel","https:\/\/youtube.com\/@facetheFACS"],"knowsAbout":["Facial Action Coding System (FACS)","Facial Expression Tracking","Facial Anatomy","Facial Animation","Digital Humans","Audio-to-Expression","Audio-to-Face","Visemes","Lipsync"],"jobTitle":"Facial Systems Expert, Expression Scientist","numberOfEmployees":{"@type":"QuantitativeValue","minValue":"1","maxValue":"10"}}]}},"jetpack_sharing_enabled":true,"_links":{"self":[{"href":"https:\/\/melindaozel.com\/is\/wp-json\/wp\/v2\/pages\/12603","targetHints":{"allow":["GET"]}}],"collection":[{"href":"https:\/\/melindaozel.com\/is\/wp-json\/wp\/v2\/pages"}],"about":[{"href":"https:\/\/melindaozel.com\/is\/wp-json\/wp\/v2\/types\/page"}],"author":[{"embeddable":true,"href":"https:\/\/melindaozel.com\/is\/wp-json\/wp\/v2\/users\/60486633"}],"replies":[{"embeddable":true,"href":"https:\/\/melindaozel.com\/is\/wp-json\/wp\/v2\/comments?post=12603"}],"version-history":[{"count":9,"href":"https:\/\/melindaozel.com\/is\/wp-json\/wp\/v2\/pages\/12603\/revisions"}],"predecessor-version":[{"id":12619,"href":"https:\/\/melindaozel.com\/is\/wp-json\/wp\/v2\/pages\/12603\/revisions\/12619"}],"wp:attachment":[{"href":"https:\/\/melindaozel.com\/is\/wp-json\/wp\/v2\/media?parent=12603"}],"curies":[{"name":"vp","href":"https:\/\/api.w.org\/{rel}","templated":true}]}}