{"id":10309,"date":"2024-12-29T12:53:17","date_gmt":"2024-12-29T17:53:17","guid":{"rendered":"https:\/\/melindaozel.com\/?page_id=10309"},"modified":"2024-12-30T12:30:17","modified_gmt":"2024-12-30T17:30:17","slug":"facs-cram-session","status":"publish","type":"page","link":"https:\/\/melindaozel.com\/is\/facs-cram-session\/","title":{"rendered":"FACS Cram Session myndb\u00f6nd"},"content":{"rendered":"<div class=\"mp_wrapper\">\n  <div class=\"mepr-unauthorized-message\">\n    <p>A\u00f0gangur a\u00f0 n\u00e1mskei\u00f0inu er fyrir einstaklinga og st\u00fad\u00ed\u00f3 sem hafa keypt FACS Cram Session.<\/p>\n<p><strong>\u00deetta er s\u00e9rst\u00f6k vara fr\u00e1 Premium Resources \u00e1skriftinni.<\/strong>.<\/p>\n<p>\ud83d\udc49 Ertu \u00feegar skr\u00e1\u00f0(ur)? Skr\u00e1\u00f0u \u00feig inn h\u00e9r a\u00f0 ne\u00f0an til a\u00f0 f\u00e1 a\u00f0gang a\u00f0 n\u00e1mskei\u00f0inu \u00fe\u00ednu.<\/p>\n<p>\ud83d\udc49 Viltu vita meira um t\u00edmann?<\/p>\n<p><a href=\"https:\/\/melindaozel.com\/services\/lectures-training\/facs-cram-session\/\">Sko\u00f0a sm\u00e1atri\u00f0i um FACS-k\u00farsn\u00e1m \u00bb<\/a><\/p>\n  <\/div>\n  <div class=\"mepr-login-form-wrap\">\n            \n<div class=\"mp_wrapper mp_login_form\">\n                  <!-- mp-login-form-start -->     <form name=\"mepr_loginform\" id=\"mepr_loginform\" class=\"mepr-form\" action=\"https:\/\/melindaozel.com\/is\/login\/\" method=\"post\">\n            <div class=\"mp-form-row mepr_username\">\n        <div class=\"mp-form-label\">\n                              <label for=\"user_login\">Notandanafn<\/label>\n        <\/div>\n        <input type=\"text\" name=\"log\" id=\"user_login\" value=\"\" \/>\n      <\/div>\n      <div class=\"mp-form-row mepr_password\">\n        <div class=\"mp-form-label\">\n          <label for=\"user_pass\">Lykilor\u00f0<\/label>\n          <div class=\"mp-hide-pw\">\n            <input type=\"password\" name=\"pwd\" id=\"user_pass\" value=\"\" \/>\n            <button type=\"button\" class=\"button mp-hide-pw hide-if-no-js\" data-toggle=\"0\" aria-label=\"S\u00fdna lykilor\u00f0\">\n              <span class=\"dashicons dashicons-visibility\" aria-hidden=\"true\"><\/span>\n            <\/button>\n          <\/div>\n        <\/div>\n      <\/div>\n            <div>\n        <label><input name=\"rememberme\" type=\"checkbox\" id=\"rememberme\" value=\"forever\" \/> Mundu mig<\/label>\n      <\/div>\n      <div class=\"mp-spacer\">&nbsp;<\/div>\n      <div class=\"submit\">\n        <input type=\"submit\" name=\"wp-submit\" id=\"wp-submit\" class=\"button-primary mepr-share-button\" value=\"Innganga\" \/>\n        <input type=\"hidden\" name=\"redirect_to\" value=\"\/is\/wp-json\/wp\/v2\/pages\/10309\" \/>\n        <input type=\"hidden\" name=\"mepr_process_login_form\" value=\"true\" \/>\n        <input type=\"hidden\" name=\"mepr_is_login_page\" value=\"false\" \/>\n      <\/div>\n    <\/form>\n    <div class=\"mp-spacer\">&nbsp;<\/div>\n    <div class=\"mepr-login-actions\">\n        <a\n          href=\"https:\/\/melindaozel.com\/is\/login\/?action=forgot_password\"\n          title=\"Smelltu h\u00e9r til a\u00f0 endurstilla lykilor\u00f0i\u00f0 \u00feitt\"\n        >\n          Gleyma\u00f0i lykilor\u00f0i        <\/a>\n    <\/div>\n\n      \n    <!-- mp-login-form-end --> \n  <\/div>\n      <\/div>\n<\/div>","protected":false},"excerpt":{"rendered":"<p>A\u00f0gangur a\u00f0 n\u00e1minu er fyrir einstaklinga og st\u00fad\u00ed\u00f3 sem hafa keypt FACS Cram Session. \u00deetta er s\u00e9rstakur vara sem er \u00f3h\u00e1\u00f0 Premium Resources \u00e1skriftinni. \ud83d\udc49 Ertu \u00feegar skr\u00e1\u00f0(ur)? Skr\u00e1\u00f0u \u00feig inn h\u00e9r a\u00f0 ne\u00f0an til a\u00f0 f\u00e1 a\u00f0gang a\u00f0 n\u00e1minu \u00fe\u00ednu. \ud83d\udc49 Viltu vita meira um n\u00e1mskei\u00f0i\u00f0? Sko\u00f0a\u00f0u n\u00e1nari uppl\u00fdsingar um FACS Cram Session \u00bb<\/p>","protected":false},"author":60486633,"featured_media":0,"parent":0,"menu_order":0,"comment_status":"closed","ping_status":"closed","template":"","meta":{"footnotes":""},"class_list":["post-10309","page","type-page","status-publish"],"yoast_head":"<!-- This site is optimized with the Yoast SEO Premium plugin v27.1 (Yoast SEO v27.1.1) - https:\/\/yoast.com\/product\/yoast-seo-premium-wordpress\/ -->\n<title>FACS Cram Session Videos - Face the FACS | Facial Expressions in Animation, AI, &amp; Behavior<\/title>\n<meta name=\"robots\" content=\"index, follow, max-snippet:-1, max-image-preview:large, max-video-preview:-1\" \/>\n<link rel=\"canonical\" href=\"https:\/\/melindaozel.com\/is\/facs-cram-session\/\" \/>\n<meta property=\"og:locale\" content=\"is_IS\" \/>\n<meta property=\"og:type\" content=\"article\" \/>\n<meta property=\"og:title\" content=\"FACS Cram Session Videos\" \/>\n<meta property=\"og:description\" content=\"Course access is for individuals and studios who have purchased the FACS Cram Session. This is a separate product from the Premium Resources subscription. \ud83d\udc49 Already enrolled? Log in below to access your course. \ud83d\udc49 Want to learn more about the class? View FACS Cram Session details \u00bb\" \/>\n<meta property=\"og:url\" content=\"https:\/\/melindaozel.com\/is\/facs-cram-session\/\" \/>\n<meta property=\"og:site_name\" content=\"Face the FACS | Facial Expressions in Animation, AI, &amp; Behavior\" \/>\n<meta property=\"article:publisher\" content=\"https:\/\/facebook.com\/facetheFACS\/\" \/>\n<meta property=\"article:modified_time\" content=\"2024-12-30T17:30:17+00:00\" \/>\n<meta property=\"og:image\" content=\"https:\/\/melindaozel.com\/wp-content\/uploads\/2020\/06\/face2-1024x1024.png\" \/>\n\t<meta property=\"og:image:width\" content=\"1024\" \/>\n\t<meta property=\"og:image:height\" content=\"1024\" \/>\n\t<meta property=\"og:image:type\" content=\"image\/png\" \/>\n<meta name=\"twitter:card\" content=\"summary_large_image\" \/>\n<meta name=\"twitter:site\" content=\"@melindaozel\" \/>\n<meta name=\"twitter:label1\" content=\"Est. reading time\" \/>\n\t<meta name=\"twitter:data1\" content=\"2 minutes\" \/>\n<script type=\"application\/ld+json\" class=\"yoast-schema-graph\">{\"@context\":\"https:\/\/schema.org\",\"@graph\":[{\"@type\":\"WebPage\",\"@id\":\"https:\/\/melindaozel.com\/facs-cram-session\/\",\"url\":\"https:\/\/melindaozel.com\/facs-cram-session\/\",\"name\":\"FACS Cram Session Videos - Face the FACS | Facial Expressions in Animation, AI, &amp; Behavior\",\"isPartOf\":{\"@id\":\"https:\/\/melindaozel.com\/zh\/#website\"},\"datePublished\":\"2024-12-29T17:53:17+00:00\",\"dateModified\":\"2024-12-30T17:30:17+00:00\",\"breadcrumb\":{\"@id\":\"https:\/\/melindaozel.com\/facs-cram-session\/#breadcrumb\"},\"inLanguage\":\"is\",\"potentialAction\":[{\"@type\":\"ReadAction\",\"target\":[\"https:\/\/melindaozel.com\/facs-cram-session\/\"]}]},{\"@type\":\"BreadcrumbList\",\"@id\":\"https:\/\/melindaozel.com\/facs-cram-session\/#breadcrumb\",\"itemListElement\":[{\"@type\":\"ListItem\",\"position\":1,\"name\":\"Home\",\"item\":\"https:\/\/melindaozel.com\/\"},{\"@type\":\"ListItem\",\"position\":2,\"name\":\"FACS Cram Session Videos\"}]},{\"@type\":\"WebSite\",\"@id\":\"https:\/\/melindaozel.com\/zh\/#website\",\"url\":\"https:\/\/melindaozel.com\/zh\/\",\"name\":\"Face the FACS\",\"description\":\"Facial Expressions in Art, Science, &amp; Technology\",\"publisher\":{\"@id\":\"https:\/\/melindaozel.com\/zh\/#\/schema\/person\/81c6262e1bfca3c71960db5aee204e3f\"},\"potentialAction\":[{\"@type\":\"SearchAction\",\"target\":{\"@type\":\"EntryPoint\",\"urlTemplate\":\"https:\/\/melindaozel.com\/zh\/?s={search_term_string}\"},\"query-input\":{\"@type\":\"PropertyValueSpecification\",\"valueRequired\":true,\"valueName\":\"search_term_string\"}}],\"inLanguage\":\"is\"},{\"@type\":[\"Person\",\"Organization\"],\"@id\":\"https:\/\/melindaozel.com\/zh\/#\/schema\/person\/81c6262e1bfca3c71960db5aee204e3f\",\"name\":\"Melinda Ozel\",\"image\":{\"@type\":\"ImageObject\",\"inLanguage\":\"is\",\"@id\":\"https:\/\/melindaozel.com\/zh\/#\/schema\/person\/image\/\",\"url\":\"https:\/\/i0.wp.com\/melindaozel.com\/wp-content\/uploads\/2026\/02\/face-the-facs-logo.webp?fit=123%2C123&ssl=1\",\"contentUrl\":\"https:\/\/i0.wp.com\/melindaozel.com\/wp-content\/uploads\/2026\/02\/face-the-facs-logo.webp?fit=123%2C123&ssl=1\",\"width\":123,\"height\":123,\"caption\":\"Melinda Ozel\"},\"logo\":{\"@id\":\"https:\/\/melindaozel.com\/zh\/#\/schema\/person\/image\/\"},\"sameAs\":[\"https:\/\/melindaozel.com\",\"https:\/\/facebook.com\/facetheFACS\/\",\"https:\/\/instagram.com\/manicexpression\",\"https:\/\/linkedin.com\/in\/melindaozel\",\"https:\/\/pinterest.com\/melindaozel\/\",\"https:\/\/x.com\/melindaozel\",\"https:\/\/youtube.com\/@facetheFACS\"],\"knowsAbout\":[\"Facial Action Coding System (FACS)\",\"Facial Expression Tracking\",\"Facial Anatomy\",\"Facial Animation\",\"Digital Humans\",\"Audio-to-Expression\",\"Audio-to-Face\",\"Visemes\",\"Lipsync\"],\"jobTitle\":\"Facial Systems Expert, Expression Scientist\"}]}<\/script>\n<!-- \/ Yoast SEO Premium plugin. -->","yoast_head_json":{"title":"FACS Cram Session myndb\u00f6nd - Standi frammi fyrir FACS | Andlitsdr\u00e6ttir \u00ed hreyfimyndager\u00f0, gervigreind og heg\u00f0un","robots":{"index":"index","follow":"follow","max-snippet":"max-snippet:-1","max-image-preview":"max-image-preview:large","max-video-preview":"max-video-preview:-1"},"canonical":"https:\/\/melindaozel.com\/is\/facs-cram-session\/","og_locale":"is_IS","og_type":"article","og_title":"FACS Cram Session Videos","og_description":"Course access is for individuals and studios who have purchased the FACS Cram Session. This is a separate product from the Premium Resources subscription. \ud83d\udc49 Already enrolled? Log in below to access your course. \ud83d\udc49 Want to learn more about the class? View FACS Cram Session details \u00bb","og_url":"https:\/\/melindaozel.com\/is\/facs-cram-session\/","og_site_name":"Face the FACS | Facial Expressions in Animation, AI, &amp; Behavior","article_publisher":"https:\/\/facebook.com\/facetheFACS\/","article_modified_time":"2024-12-30T17:30:17+00:00","og_image":[{"width":1024,"height":1024,"url":"https:\/\/melindaozel.com\/wp-content\/uploads\/2020\/06\/face2-1024x1024.png","type":"image\/png"}],"twitter_card":"summary_large_image","twitter_site":"@melindaozel","twitter_misc":{"Est. reading time":"2 minutes"},"schema":{"@context":"https:\/\/schema.org","@graph":[{"@type":"WebPage","@id":"https:\/\/melindaozel.com\/facs-cram-session\/","url":"https:\/\/melindaozel.com\/facs-cram-session\/","name":"FACS Cram Session myndb\u00f6nd - Standi frammi fyrir FACS | Andlitsdr\u00e6ttir \u00ed hreyfimyndager\u00f0, gervigreind og heg\u00f0un","isPartOf":{"@id":"https:\/\/melindaozel.com\/zh\/#website"},"datePublished":"2024-12-29T17:53:17+00:00","dateModified":"2024-12-30T17:30:17+00:00","breadcrumb":{"@id":"https:\/\/melindaozel.com\/facs-cram-session\/#breadcrumb"},"inLanguage":"is","potentialAction":[{"@type":"ReadAction","target":["https:\/\/melindaozel.com\/facs-cram-session\/"]}]},{"@type":"BreadcrumbList","@id":"https:\/\/melindaozel.com\/facs-cram-session\/#breadcrumb","itemListElement":[{"@type":"ListItem","position":1,"name":"Home","item":"https:\/\/melindaozel.com\/"},{"@type":"ListItem","position":2,"name":"FACS Cram Session Videos"}]},{"@type":"WebSite","@id":"https:\/\/melindaozel.com\/zh\/#website","url":"https:\/\/melindaozel.com\/zh\/","name":"Andsp\u00e6nis FACS","description":"Andlitsdr\u00e6ttir \u00ed list, v\u00edsindum og t\u00e6kni","publisher":{"@id":"https:\/\/melindaozel.com\/zh\/#\/schema\/person\/81c6262e1bfca3c71960db5aee204e3f"},"potentialAction":[{"@type":"SearchAction","target":{"@type":"EntryPoint","urlTemplate":"https:\/\/melindaozel.com\/zh\/?s={search_term_string}"},"query-input":{"@type":"PropertyValueSpecification","valueRequired":true,"valueName":"search_term_string"}}],"inLanguage":"is"},{"@type":["Person","Organization"],"@id":"https:\/\/melindaozel.com\/zh\/#\/schema\/person\/81c6262e1bfca3c71960db5aee204e3f","name":"Melinda Ozel","image":{"@type":"ImageObject","inLanguage":"is","@id":"https:\/\/melindaozel.com\/zh\/#\/schema\/person\/image\/","url":"https:\/\/i0.wp.com\/melindaozel.com\/wp-content\/uploads\/2026\/02\/face-the-facs-logo.webp?fit=123%2C123&ssl=1","contentUrl":"https:\/\/i0.wp.com\/melindaozel.com\/wp-content\/uploads\/2026\/02\/face-the-facs-logo.webp?fit=123%2C123&ssl=1","width":123,"height":123,"caption":"Melinda Ozel"},"logo":{"@id":"https:\/\/melindaozel.com\/zh\/#\/schema\/person\/image\/"},"sameAs":["https:\/\/melindaozel.com","https:\/\/facebook.com\/facetheFACS\/","https:\/\/instagram.com\/manicexpression","https:\/\/linkedin.com\/in\/melindaozel","https:\/\/pinterest.com\/melindaozel\/","https:\/\/x.com\/melindaozel","https:\/\/youtube.com\/@facetheFACS"],"knowsAbout":["Facial Action Coding System (FACS)","Facial Expression Tracking","Facial Anatomy","Facial Animation","Digital Humans","Audio-to-Expression","Audio-to-Face","Visemes","Lipsync"],"jobTitle":"Facial Systems Expert, Expression Scientist"}]}},"jetpack_sharing_enabled":true,"_links":{"self":[{"href":"https:\/\/melindaozel.com\/is\/wp-json\/wp\/v2\/pages\/10309","targetHints":{"allow":["GET"]}}],"collection":[{"href":"https:\/\/melindaozel.com\/is\/wp-json\/wp\/v2\/pages"}],"about":[{"href":"https:\/\/melindaozel.com\/is\/wp-json\/wp\/v2\/types\/page"}],"author":[{"embeddable":true,"href":"https:\/\/melindaozel.com\/is\/wp-json\/wp\/v2\/users\/60486633"}],"replies":[{"embeddable":true,"href":"https:\/\/melindaozel.com\/is\/wp-json\/wp\/v2\/comments?post=10309"}],"version-history":[{"count":38,"href":"https:\/\/melindaozel.com\/is\/wp-json\/wp\/v2\/pages\/10309\/revisions"}],"predecessor-version":[{"id":10355,"href":"https:\/\/melindaozel.com\/is\/wp-json\/wp\/v2\/pages\/10309\/revisions\/10355"}],"wp:attachment":[{"href":"https:\/\/melindaozel.com\/is\/wp-json\/wp\/v2\/media?parent=10309"}],"curies":[{"name":"vp","href":"https:\/\/api.w.org\/{rel}","templated":true}]}}