{"id":5586,"date":"2021-08-30T10:46:07","date_gmt":"2021-08-30T14:46:07","guid":{"rendered":"https:\/\/melindaozel.com\/?page_id=5586"},"modified":"2025-02-22T20:24:11","modified_gmt":"2025-02-23T01:24:11","slug":"login-issues","status":"publish","type":"page","link":"https:\/\/melindaozel.com\/fr\/login-issues\/","title":{"rendered":"Probl\u00e8mes de connexion ?"},"content":{"rendered":"<div data-elementor-type=\"wp-page\" data-elementor-id=\"5586\" class=\"elementor elementor-5586\" data-elementor-post-type=\"page\">\n\t\t\t\t\t\t<section class=\"elementor-section elementor-top-section elementor-element elementor-element-5a30057e elementor-section-boxed elementor-section-height-default elementor-section-height-default\" data-id=\"5a30057e\" data-element_type=\"section\" data-e-type=\"section\">\n\t\t\t\t\t\t<div class=\"elementor-container elementor-column-gap-default\">\n\t\t\t\t\t<div class=\"elementor-column elementor-col-100 elementor-top-column elementor-element elementor-element-40519827\" data-id=\"40519827\" data-element_type=\"column\" data-e-type=\"column\">\n\t\t\t<div class=\"elementor-widget-wrap elementor-element-populated\">\n\t\t\t\t\t\t<div class=\"elementor-element elementor-element-13c3d556 elementor-widget elementor-widget-text-editor\" data-id=\"13c3d556\" data-element_type=\"widget\" data-e-type=\"widget\" data-widget_type=\"text-editor.default\">\n\t\t\t\t\t\t\t\t\t<h2 style=\"text-align: center;\">Si vous \u00eates confront\u00e9 \u00e0 la boucle de connexion infinie, n'ayez crainte !<\/h2><h3><span style=\"text-decoration: underline;\">Voici les \u00e9tapes \u00e0 suivre pour garantir une connexion heureuse :<\/span><\/h3><ol><li><strong>Cr\u00e9ez un compte WordPress avec le M\u00caME email que vous avez utilis\u00e9 pour vous inscrire \u00e0 Face the FACS.<\/strong><br \/><em>Faire face au FACS<\/em> est aliment\u00e9 par WordPress, et parfois WordPress a du mal \u00e0 se souvenir des utilisateurs qui n'ont pas de compte WordPress. La cr\u00e9ation d'un compte WordPress aide WordPress \u00e0 se souvenir de vos informations. <br \/><br \/><\/li><li><strong>Activez l'authentification \u00e0 deux facteurs.<br \/><\/strong>Je ne sais pas pourquoi cela fait fonctionner les choses, mais c'est la magie qui a fait l'affaire pour d'autres.<br \/><br \/><\/li><li><strong>Connectez-vous \u00e0 votre nouveau compte WordPress. <br \/><br \/><\/strong><\/li><li><strong>Connectez-vous \u00e0 votre <em>Faire face au FACS<\/em> compte utilisateur.<br \/><br \/><\/strong><\/li><li><strong>Si vous continuez \u00e0 voir la popup \"prouver votre humanit\u00e9\" \/ \u00eatre redirig\u00e9 vers la connexion \u00e0 WordPress : <br \/><\/strong>a. <strong>R\u00e9solvez l'\u00e9quation. <br \/><\/strong>b. <strong>Ignorez l'invite de connexion de WordPress.<br \/><\/strong>c. <strong>Retournez au contenu premium auquel vous essayiez d'acc\u00e9der.\u00a0\u00a0<br \/><br \/><\/strong><\/li><li><strong>Si les choses ne fonctionnent toujours pas, envoyez un courriel \u00e0 <span style=\"text-decoration: underline;\">facetheFACS@melindaozel.com<\/span> \u00e0 l'aide !<span style=\"color: #f26241;\"> Je me casserai le dos pour r\u00e9soudre vos probl\u00e8mes de connexion.<\/span><\/strong><\/li><\/ol>\t\t\t\t\t\t\t\t<\/div>\n\t\t\t\t\t<\/div>\n\t\t<\/div>\n\t\t\t\t\t<\/div>\n\t\t<\/section>\n\t\t\t\t<\/div>","protected":false},"excerpt":{"rendered":"<p>Si vous \u00eates confront\u00e9 \u00e0 la boucle de connexion infinie, n'ayez crainte ! Voici les \u00e9tapes \u00e0 suivre pour assurer une connexion heureuse : La premi\u00e8re chose \u00e0 faire est de cr\u00e9er un compte WordPress avec le M\u00caME email que vous avez utilis\u00e9 pour vous inscrire \u00e0 Face the FACS.Face the FACS est aliment\u00e9 par WordPress, et parfois WordPress a du mal \u00e0 se souvenir des utilisateurs sans ... <a title=\"Probl\u00e8mes de connexion ?\" class=\"read-more\" href=\"https:\/\/melindaozel.com\/fr\/login-issues\/\" aria-label=\"En savoir plus sur Probl\u00e8mes de connexion ?\">Lire plus<\/a><\/p>","protected":false},"author":60486633,"featured_media":0,"parent":0,"menu_order":0,"comment_status":"closed","ping_status":"closed","template":"","meta":{"footnotes":""},"class_list":["post-5586","page","type-page","status-publish"],"yoast_head":"<!-- This site is optimized with the Yoast SEO Premium plugin v27.5 (Yoast SEO v27.5) - https:\/\/yoast.com\/product\/yoast-seo-premium-wordpress\/ -->\n<title>Login Issues? - Face the FACS | Facial Expressions in Animation, AI, &amp; Behavior<\/title>\n<meta name=\"robots\" content=\"index, follow, max-snippet:-1, max-image-preview:large, max-video-preview:-1\" \/>\n<link rel=\"canonical\" href=\"https:\/\/melindaozel.com\/fr\/login-issues\/\" \/>\n<meta property=\"og:locale\" content=\"fr_FR\" \/>\n<meta property=\"og:type\" content=\"article\" \/>\n<meta property=\"og:title\" content=\"Login Issues?\" \/>\n<meta property=\"og:description\" content=\"If you are experiencing the infinite login loop, have no fear! Here are the steps to take to ensure a happy login: Create a WordPress account with the SAME email you used to sign up for Face the FACS.Face the FACS is powered by WordPress, and sometimes WordPress has a difficult time remembering users without ... Lire plus\" \/>\n<meta property=\"og:url\" content=\"https:\/\/melindaozel.com\/fr\/login-issues\/\" \/>\n<meta property=\"og:site_name\" content=\"Face the FACS | Facial Expressions in Animation, AI, &amp; Behavior\" \/>\n<meta property=\"article:publisher\" content=\"https:\/\/facebook.com\/facetheFACS\/\" \/>\n<meta property=\"article:modified_time\" content=\"2025-02-23T01:24:11+00:00\" \/>\n<meta property=\"og:image\" content=\"https:\/\/melindaozel.com\/wp-content\/uploads\/2020\/06\/face2-1024x1024.png\" \/>\n\t<meta property=\"og:image:width\" content=\"1024\" \/>\n\t<meta property=\"og:image:height\" content=\"1024\" \/>\n\t<meta property=\"og:image:type\" content=\"image\/png\" \/>\n<meta name=\"twitter:card\" content=\"summary_large_image\" \/>\n<meta name=\"twitter:site\" content=\"@melindaozel\" \/>\n<meta name=\"twitter:label1\" content=\"Dur\u00e9e de lecture estim\u00e9e\" \/>\n\t<meta name=\"twitter:data1\" content=\"1 minute\" \/>\n<script type=\"application\/ld+json\" class=\"yoast-schema-graph\">{\"@context\":\"https:\\\/\\\/schema.org\",\"@graph\":[{\"@type\":\"WebPage\",\"@id\":\"https:\\\/\\\/melindaozel.com\\\/login-issues\\\/\",\"url\":\"https:\\\/\\\/melindaozel.com\\\/login-issues\\\/\",\"name\":\"Login Issues? - Face the FACS | Facial Expressions in Animation, AI, &amp; Behavior\",\"isPartOf\":{\"@id\":\"https:\\\/\\\/melindaozel.com\\\/zh\\\/#website\"},\"datePublished\":\"2021-08-30T14:46:07+00:00\",\"dateModified\":\"2025-02-23T01:24:11+00:00\",\"breadcrumb\":{\"@id\":\"https:\\\/\\\/melindaozel.com\\\/login-issues\\\/#breadcrumb\"},\"inLanguage\":\"fr-FR\",\"potentialAction\":[{\"@type\":\"ReadAction\",\"target\":[\"https:\\\/\\\/melindaozel.com\\\/login-issues\\\/\"]}]},{\"@type\":\"BreadcrumbList\",\"@id\":\"https:\\\/\\\/melindaozel.com\\\/login-issues\\\/#breadcrumb\",\"itemListElement\":[{\"@type\":\"ListItem\",\"position\":1,\"name\":\"Home\",\"item\":\"https:\\\/\\\/melindaozel.com\\\/\"},{\"@type\":\"ListItem\",\"position\":2,\"name\":\"Login Issues?\"}]},{\"@type\":\"WebSite\",\"@id\":\"https:\\\/\\\/melindaozel.com\\\/zh\\\/#website\",\"url\":\"https:\\\/\\\/melindaozel.com\\\/zh\\\/\",\"name\":\"Face the FACS\",\"description\":\"Facial Expressions in Art, Science, &amp; Technology\",\"publisher\":{\"@id\":\"https:\\\/\\\/melindaozel.com\\\/zh\\\/#\\\/schema\\\/person\\\/81c6262e1bfca3c71960db5aee204e3f\"},\"potentialAction\":[{\"@type\":\"SearchAction\",\"target\":{\"@type\":\"EntryPoint\",\"urlTemplate\":\"https:\\\/\\\/melindaozel.com\\\/zh\\\/?s={search_term_string}\"},\"query-input\":{\"@type\":\"PropertyValueSpecification\",\"valueRequired\":true,\"valueName\":\"search_term_string\"}}],\"inLanguage\":\"fr-FR\"},{\"@type\":[\"Person\",\"Organization\"],\"@id\":\"https:\\\/\\\/melindaozel.com\\\/zh\\\/#\\\/schema\\\/person\\\/81c6262e1bfca3c71960db5aee204e3f\",\"name\":\"Melinda Ozel\",\"image\":{\"@type\":\"ImageObject\",\"inLanguage\":\"fr-FR\",\"@id\":\"https:\\\/\\\/i0.wp.com\\\/melindaozel.com\\\/wp-content\\\/uploads\\\/2025\\\/02\\\/face-the-FACS-eye-mouth-logo-pixel.webp?fit=225%2C225&ssl=1\",\"url\":\"https:\\\/\\\/i0.wp.com\\\/melindaozel.com\\\/wp-content\\\/uploads\\\/2025\\\/02\\\/face-the-FACS-eye-mouth-logo-pixel.webp?fit=225%2C225&ssl=1\",\"contentUrl\":\"https:\\\/\\\/i0.wp.com\\\/melindaozel.com\\\/wp-content\\\/uploads\\\/2025\\\/02\\\/face-the-FACS-eye-mouth-logo-pixel.webp?fit=225%2C225&ssl=1\",\"width\":225,\"height\":225,\"caption\":\"Melinda Ozel\"},\"logo\":{\"@id\":\"https:\\\/\\\/i0.wp.com\\\/melindaozel.com\\\/wp-content\\\/uploads\\\/2025\\\/02\\\/face-the-FACS-eye-mouth-logo-pixel.webp?fit=225%2C225&ssl=1\"},\"sameAs\":[\"https:\\\/\\\/melindaozel.com\",\"https:\\\/\\\/facebook.com\\\/facetheFACS\\\/\",\"https:\\\/\\\/instagram.com\\\/manicexpression\",\"https:\\\/\\\/linkedin.com\\\/in\\\/melindaozel\",\"https:\\\/\\\/pinterest.com\\\/melindaozel\\\/\",\"https:\\\/\\\/x.com\\\/melindaozel\",\"https:\\\/\\\/youtube.com\\\/@facetheFACS\"],\"knowsAbout\":[\"Facial Action Coding System (FACS)\",\"Facial Expression Tracking\",\"Facial Anatomy\",\"Facial Animation\",\"Digital Humans\",\"Audio-to-Expression\",\"Audio-to-Face\",\"Visemes\",\"Lipsync\"],\"jobTitle\":\"Facial Systems Expert, Expression Scientist\",\"numberOfEmployees\":{\"@type\":\"QuantitativeValue\",\"minValue\":\"1\",\"maxValue\":\"10\"}}]}<\/script>\n<!-- \/ Yoast SEO Premium plugin. -->","yoast_head_json":{"title":"Probl\u00e8mes de connexion ? - Face the FACS | Facial Expressions in Animation, AI, &amp; Behavior (Expressions faciales dans l'animation, l'intelligence artificielle et le comportement)","robots":{"index":"index","follow":"follow","max-snippet":"max-snippet:-1","max-image-preview":"max-image-preview:large","max-video-preview":"max-video-preview:-1"},"canonical":"https:\/\/melindaozel.com\/fr\/login-issues\/","og_locale":"fr_FR","og_type":"article","og_title":"Login Issues?","og_description":"If you are experiencing the infinite login loop, have no fear! Here are the steps to take to ensure a happy login: Create a WordPress account with the SAME email you used to sign up for Face the FACS.Face the FACS is powered by WordPress, and sometimes WordPress has a difficult time remembering users without ... Lire plus","og_url":"https:\/\/melindaozel.com\/fr\/login-issues\/","og_site_name":"Face the FACS | Facial Expressions in Animation, AI, &amp; Behavior","article_publisher":"https:\/\/facebook.com\/facetheFACS\/","article_modified_time":"2025-02-23T01:24:11+00:00","og_image":[{"width":1024,"height":1024,"url":"https:\/\/melindaozel.com\/wp-content\/uploads\/2020\/06\/face2-1024x1024.png","type":"image\/png"}],"twitter_card":"summary_large_image","twitter_site":"@melindaozel","twitter_misc":{"Dur\u00e9e de lecture estim\u00e9e":"1 minute"},"schema":{"@context":"https:\/\/schema.org","@graph":[{"@type":"WebPage","@id":"https:\/\/melindaozel.com\/login-issues\/","url":"https:\/\/melindaozel.com\/login-issues\/","name":"Probl\u00e8mes de connexion ? - Face the FACS | Facial Expressions in Animation, AI, &amp; Behavior (Expressions faciales dans l'animation, l'intelligence artificielle et le comportement)","isPartOf":{"@id":"https:\/\/melindaozel.com\/zh\/#website"},"datePublished":"2021-08-30T14:46:07+00:00","dateModified":"2025-02-23T01:24:11+00:00","breadcrumb":{"@id":"https:\/\/melindaozel.com\/login-issues\/#breadcrumb"},"inLanguage":"fr-FR","potentialAction":[{"@type":"ReadAction","target":["https:\/\/melindaozel.com\/login-issues\/"]}]},{"@type":"BreadcrumbList","@id":"https:\/\/melindaozel.com\/login-issues\/#breadcrumb","itemListElement":[{"@type":"ListItem","position":1,"name":"Home","item":"https:\/\/melindaozel.com\/"},{"@type":"ListItem","position":2,"name":"Login Issues?"}]},{"@type":"WebSite","@id":"https:\/\/melindaozel.com\/zh\/#website","url":"https:\/\/melindaozel.com\/zh\/","name":"Faire face au FACS","description":"Expressions faciales dans l'art, la science et la technologie","publisher":{"@id":"https:\/\/melindaozel.com\/zh\/#\/schema\/person\/81c6262e1bfca3c71960db5aee204e3f"},"potentialAction":[{"@type":"SearchAction","target":{"@type":"EntryPoint","urlTemplate":"https:\/\/melindaozel.com\/zh\/?s={search_term_string}"},"query-input":{"@type":"PropertyValueSpecification","valueRequired":true,"valueName":"search_term_string"}}],"inLanguage":"fr-FR"},{"@type":["Person","Organization"],"@id":"https:\/\/melindaozel.com\/zh\/#\/schema\/person\/81c6262e1bfca3c71960db5aee204e3f","name":"Melinda Ozel","image":{"@type":"ImageObject","inLanguage":"fr-FR","@id":"https:\/\/i0.wp.com\/melindaozel.com\/wp-content\/uploads\/2025\/02\/face-the-FACS-eye-mouth-logo-pixel.webp?fit=225%2C225&ssl=1","url":"https:\/\/i0.wp.com\/melindaozel.com\/wp-content\/uploads\/2025\/02\/face-the-FACS-eye-mouth-logo-pixel.webp?fit=225%2C225&ssl=1","contentUrl":"https:\/\/i0.wp.com\/melindaozel.com\/wp-content\/uploads\/2025\/02\/face-the-FACS-eye-mouth-logo-pixel.webp?fit=225%2C225&ssl=1","width":225,"height":225,"caption":"Melinda Ozel"},"logo":{"@id":"https:\/\/i0.wp.com\/melindaozel.com\/wp-content\/uploads\/2025\/02\/face-the-FACS-eye-mouth-logo-pixel.webp?fit=225%2C225&ssl=1"},"sameAs":["https:\/\/melindaozel.com","https:\/\/facebook.com\/facetheFACS\/","https:\/\/instagram.com\/manicexpression","https:\/\/linkedin.com\/in\/melindaozel","https:\/\/pinterest.com\/melindaozel\/","https:\/\/x.com\/melindaozel","https:\/\/youtube.com\/@facetheFACS"],"knowsAbout":["Facial Action Coding System (FACS)","Facial Expression Tracking","Facial Anatomy","Facial Animation","Digital Humans","Audio-to-Expression","Audio-to-Face","Visemes","Lipsync"],"jobTitle":"Facial Systems Expert, Expression Scientist","numberOfEmployees":{"@type":"QuantitativeValue","minValue":"1","maxValue":"10"}}]}},"jetpack_sharing_enabled":true,"_links":{"self":[{"href":"https:\/\/melindaozel.com\/fr\/wp-json\/wp\/v2\/pages\/5586","targetHints":{"allow":["GET"]}}],"collection":[{"href":"https:\/\/melindaozel.com\/fr\/wp-json\/wp\/v2\/pages"}],"about":[{"href":"https:\/\/melindaozel.com\/fr\/wp-json\/wp\/v2\/types\/page"}],"author":[{"embeddable":true,"href":"https:\/\/melindaozel.com\/fr\/wp-json\/wp\/v2\/users\/60486633"}],"replies":[{"embeddable":true,"href":"https:\/\/melindaozel.com\/fr\/wp-json\/wp\/v2\/comments?post=5586"}],"version-history":[{"count":17,"href":"https:\/\/melindaozel.com\/fr\/wp-json\/wp\/v2\/pages\/5586\/revisions"}],"predecessor-version":[{"id":11465,"href":"https:\/\/melindaozel.com\/fr\/wp-json\/wp\/v2\/pages\/5586\/revisions\/11465"}],"wp:attachment":[{"href":"https:\/\/melindaozel.com\/fr\/wp-json\/wp\/v2\/media?parent=5586"}],"curies":[{"name":"wp","href":"https:\/\/api.w.org\/{rel}","templated":true}]}}