{"id":4379,"date":"2021-05-29T14:56:36","date_gmt":"2021-05-29T18:56:36","guid":{"rendered":"https:\/\/melindaozel.com\/?page_id=4379"},"modified":"2025-02-22T17:33:25","modified_gmt":"2025-02-22T22:33:25","slug":"emotion-references","status":"publish","type":"page","link":"https:\/\/melindaozel.com\/fr\/emotion-references\/","title":{"rendered":"R\u00e9f\u00e9rences sur les \u00e9motions"},"content":{"rendered":"<div class=\"mp_wrapper\">\n  <div class=\"mepr-unauthorized-message\">\n    <p>Veuillez consulter<strong> <a href=\"https:\/\/melindaozel.com\/subscription-options\/\">s'abonner<\/a> <\/strong>pour voir ce contenu.<\/p>\n<p>&nbsp;<\/p>\n  <\/div>\n  <div class=\"mepr-login-form-wrap\">\n            \n<div class=\"mp_wrapper mp_login_form\">\n                  <!-- mp-login-form-start -->     <form name=\"mepr_loginform\" id=\"mepr_loginform\" class=\"mepr-form\" action=\"https:\/\/melindaozel.com\/fr\/login\/\" method=\"post\">\n            <div class=\"mp-form-row mepr_username\">\n        <div class=\"mp-form-label\">\n                              <label for=\"user_login\">Identifiant<\/label>\n        <\/div>\n        <input type=\"text\" name=\"log\" id=\"user_login\" value=\"\" \/>\n      <\/div>\n      <div class=\"mp-form-row mepr_password\">\n        <div class=\"mp-form-label\">\n          <label for=\"user_pass\">Mot de passe<\/label>\n          <div class=\"mp-hide-pw\">\n            <input type=\"password\" name=\"pwd\" id=\"user_pass\" value=\"\" \/>\n            <button type=\"button\" class=\"button mp-hide-pw hide-if-no-js\" data-toggle=\"0\" aria-label=\"Afficher le mot de passe\">\n              <span class=\"dashicons dashicons-visibility\" aria-hidden=\"true\"><\/span>\n            <\/button>\n          <\/div>\n        <\/div>\n      <\/div>\n            <div>\n        <label><input name=\"rememberme\" type=\"checkbox\" id=\"rememberme\" value=\"forever\" \/> Se souvenir de moi<\/label>\n      <\/div>\n      <div class=\"mp-spacer\">&nbsp;<\/div>\n      <div class=\"submit\">\n        <input type=\"submit\" name=\"wp-submit\" id=\"wp-submit\" class=\"button-primary mepr-share-button\" value=\"Connecteur Se\" \/>\n        <input type=\"hidden\" name=\"redirect_to\" value=\"\/fr\/wp-json\/wp\/v2\/pages\/4379\" \/>\n        <input type=\"hidden\" name=\"mepr_process_login_form\" value=\"true\" \/>\n        <input type=\"hidden\" name=\"mepr_is_login_page\" value=\"false\" \/>\n      <\/div>\n    <\/form>\n    <div class=\"mp-spacer\">&nbsp;<\/div>\n    <div class=\"mepr-login-actions\">\n        <a\n          href=\"https:\/\/melindaozel.com\/fr\/login\/?action=forgot_password\"\n          title=\"Cliquez ici pour r\u00e9initialiser votre mot de passe.\"\n        >\n          Mot de passe oubli\u00e9        <\/a>\n    <\/div>\n\n      \n    <!-- mp-login-form-end --> \n  <\/div>\n      <\/div>\n<\/div>","protected":false},"excerpt":{"rendered":"<p>Tous les clips ci-dessous pr\u00e9sentent des expressions d'\u00e9motion non pos\u00e9es. J'enregistre et documente r\u00e9guli\u00e8rement des moments d'\u00e9motion authentique et je fais de mon mieux pour tenir compte d'une \u00e9ventuelle exag\u00e9ration due \u00e0 la pr\u00e9sence de la cam\u00e9ra. Les situations o\u00f9 la mauvaise foi est possible sont not\u00e9es.<\/p>","protected":false},"author":60486633,"featured_media":5088,"parent":0,"menu_order":0,"comment_status":"closed","ping_status":"closed","template":"","meta":{"footnotes":""},"class_list":["post-4379","page","type-page","status-publish","has-post-thumbnail"],"yoast_head":"<!-- This site is optimized with the Yoast SEO Premium plugin v27.3 (Yoast SEO v27.3) - https:\/\/yoast.com\/product\/yoast-seo-premium-wordpress\/ -->\n<title>Emotion References - Face the FACS | Facial Expressions in Animation, AI, &amp; Behavior<\/title>\n<meta name=\"robots\" content=\"index, follow, max-snippet:-1, max-image-preview:large, max-video-preview:-1\" \/>\n<link rel=\"canonical\" href=\"https:\/\/melindaozel.com\/fr\/emotion-references\/\" \/>\n<meta property=\"og:locale\" content=\"fr_FR\" \/>\n<meta property=\"og:type\" content=\"article\" \/>\n<meta property=\"og:title\" content=\"Emotion References\" \/>\n<meta property=\"og:description\" content=\"All clips below feature unposed expressions of emotion. I regularly record and document moments of authentic emotion and do my best to account for potential exaggeration due to camera presence. Situations where disingenuousness is a possibility are noted.\" \/>\n<meta property=\"og:url\" content=\"https:\/\/melindaozel.com\/fr\/emotion-references\/\" \/>\n<meta property=\"og:site_name\" content=\"Face the FACS | Facial Expressions in Animation, AI, &amp; Behavior\" \/>\n<meta property=\"article:publisher\" content=\"https:\/\/facebook.com\/facetheFACS\/\" \/>\n<meta property=\"article:modified_time\" content=\"2025-02-22T22:33:25+00:00\" \/>\n<meta property=\"og:image\" content=\"https:\/\/melindaozel.com\/wp-content\/uploads\/2021\/07\/facs_Cheat_sheet_cover_6.png\" \/>\n\t<meta property=\"og:image:width\" content=\"1200\" \/>\n\t<meta property=\"og:image:height\" content=\"800\" \/>\n\t<meta property=\"og:image:type\" content=\"image\/png\" \/>\n<meta name=\"twitter:card\" content=\"summary_large_image\" \/>\n<meta name=\"twitter:site\" content=\"@melindaozel\" \/>\n<meta name=\"twitter:label1\" content=\"Dur\u00e9e de lecture estim\u00e9e\" \/>\n\t<meta name=\"twitter:data1\" content=\"3 minutes\" \/>\n<script type=\"application\/ld+json\" class=\"yoast-schema-graph\">{\"@context\":\"https:\\\/\\\/schema.org\",\"@graph\":[{\"@type\":\"WebPage\",\"@id\":\"https:\\\/\\\/melindaozel.com\\\/emotion-references\\\/\",\"url\":\"https:\\\/\\\/melindaozel.com\\\/emotion-references\\\/\",\"name\":\"Emotion References - Face the FACS | Facial Expressions in Animation, AI, &amp; Behavior\",\"isPartOf\":{\"@id\":\"https:\\\/\\\/melindaozel.com\\\/zh\\\/#website\"},\"primaryImageOfPage\":{\"@id\":\"https:\\\/\\\/melindaozel.com\\\/emotion-references\\\/#primaryimage\"},\"image\":{\"@id\":\"https:\\\/\\\/melindaozel.com\\\/emotion-references\\\/#primaryimage\"},\"thumbnailUrl\":\"https:\\\/\\\/i0.wp.com\\\/melindaozel.com\\\/wp-content\\\/uploads\\\/2021\\\/07\\\/facs_Cheat_sheet_cover_6.png?fit=1200%2C800&ssl=1\",\"datePublished\":\"2021-05-29T18:56:36+00:00\",\"dateModified\":\"2025-02-22T22:33:25+00:00\",\"breadcrumb\":{\"@id\":\"https:\\\/\\\/melindaozel.com\\\/emotion-references\\\/#breadcrumb\"},\"inLanguage\":\"fr-FR\",\"potentialAction\":[{\"@type\":\"ReadAction\",\"target\":[\"https:\\\/\\\/melindaozel.com\\\/emotion-references\\\/\"]}]},{\"@type\":\"ImageObject\",\"inLanguage\":\"fr-FR\",\"@id\":\"https:\\\/\\\/melindaozel.com\\\/emotion-references\\\/#primaryimage\",\"url\":\"https:\\\/\\\/i0.wp.com\\\/melindaozel.com\\\/wp-content\\\/uploads\\\/2021\\\/07\\\/facs_Cheat_sheet_cover_6.png?fit=1200%2C800&ssl=1\",\"contentUrl\":\"https:\\\/\\\/i0.wp.com\\\/melindaozel.com\\\/wp-content\\\/uploads\\\/2021\\\/07\\\/facs_Cheat_sheet_cover_6.png?fit=1200%2C800&ssl=1\",\"width\":1200,\"height\":800,\"caption\":\"FACS cheat sheet - Facial Action Coding System - FACS AUs - action units - emotion references for artists and animators\"},{\"@type\":\"BreadcrumbList\",\"@id\":\"https:\\\/\\\/melindaozel.com\\\/emotion-references\\\/#breadcrumb\",\"itemListElement\":[{\"@type\":\"ListItem\",\"position\":1,\"name\":\"Home\",\"item\":\"https:\\\/\\\/melindaozel.com\\\/\"},{\"@type\":\"ListItem\",\"position\":2,\"name\":\"Emotion References\"}]},{\"@type\":\"WebSite\",\"@id\":\"https:\\\/\\\/melindaozel.com\\\/zh\\\/#website\",\"url\":\"https:\\\/\\\/melindaozel.com\\\/zh\\\/\",\"name\":\"Face the FACS\",\"description\":\"Facial Expressions in Art, Science, &amp; Technology\",\"publisher\":{\"@id\":\"https:\\\/\\\/melindaozel.com\\\/zh\\\/#\\\/schema\\\/person\\\/81c6262e1bfca3c71960db5aee204e3f\"},\"potentialAction\":[{\"@type\":\"SearchAction\",\"target\":{\"@type\":\"EntryPoint\",\"urlTemplate\":\"https:\\\/\\\/melindaozel.com\\\/zh\\\/?s={search_term_string}\"},\"query-input\":{\"@type\":\"PropertyValueSpecification\",\"valueRequired\":true,\"valueName\":\"search_term_string\"}}],\"inLanguage\":\"fr-FR\"},{\"@type\":[\"Person\",\"Organization\"],\"@id\":\"https:\\\/\\\/melindaozel.com\\\/zh\\\/#\\\/schema\\\/person\\\/81c6262e1bfca3c71960db5aee204e3f\",\"name\":\"Melinda Ozel\",\"image\":{\"@type\":\"ImageObject\",\"inLanguage\":\"fr-FR\",\"@id\":\"https:\\\/\\\/i0.wp.com\\\/melindaozel.com\\\/wp-content\\\/uploads\\\/2025\\\/02\\\/face-the-FACS-eye-mouth-logo-pixel.webp?fit=225%2C225&ssl=1\",\"url\":\"https:\\\/\\\/i0.wp.com\\\/melindaozel.com\\\/wp-content\\\/uploads\\\/2025\\\/02\\\/face-the-FACS-eye-mouth-logo-pixel.webp?fit=225%2C225&ssl=1\",\"contentUrl\":\"https:\\\/\\\/i0.wp.com\\\/melindaozel.com\\\/wp-content\\\/uploads\\\/2025\\\/02\\\/face-the-FACS-eye-mouth-logo-pixel.webp?fit=225%2C225&ssl=1\",\"width\":225,\"height\":225,\"caption\":\"Melinda Ozel\"},\"logo\":{\"@id\":\"https:\\\/\\\/i0.wp.com\\\/melindaozel.com\\\/wp-content\\\/uploads\\\/2025\\\/02\\\/face-the-FACS-eye-mouth-logo-pixel.webp?fit=225%2C225&ssl=1\"},\"sameAs\":[\"https:\\\/\\\/melindaozel.com\",\"https:\\\/\\\/facebook.com\\\/facetheFACS\\\/\",\"https:\\\/\\\/instagram.com\\\/manicexpression\",\"https:\\\/\\\/linkedin.com\\\/in\\\/melindaozel\",\"https:\\\/\\\/pinterest.com\\\/melindaozel\\\/\",\"https:\\\/\\\/x.com\\\/melindaozel\",\"https:\\\/\\\/youtube.com\\\/@facetheFACS\"],\"knowsAbout\":[\"Facial Action Coding System (FACS)\",\"Facial Expression Tracking\",\"Facial Anatomy\",\"Facial Animation\",\"Digital Humans\",\"Audio-to-Expression\",\"Audio-to-Face\",\"Visemes\",\"Lipsync\"],\"jobTitle\":\"Facial Systems Expert, Expression Scientist\",\"numberOfEmployees\":{\"@type\":\"QuantitativeValue\",\"minValue\":\"1\",\"maxValue\":\"10\"}}]}<\/script>\n<!-- \/ Yoast SEO Premium plugin. -->","yoast_head_json":{"title":"R\u00e9f\u00e9rences sur les \u00e9motions - Face the FACS | Facial Expressions in Animation, AI, &amp; Behavior (Expressions faciales dans l'animation, l'intelligence artificielle et le comportement)","robots":{"index":"index","follow":"follow","max-snippet":"max-snippet:-1","max-image-preview":"max-image-preview:large","max-video-preview":"max-video-preview:-1"},"canonical":"https:\/\/melindaozel.com\/fr\/emotion-references\/","og_locale":"fr_FR","og_type":"article","og_title":"Emotion References","og_description":"All clips below feature unposed expressions of emotion. I regularly record and document moments of authentic emotion and do my best to account for potential exaggeration due to camera presence. Situations where disingenuousness is a possibility are noted.","og_url":"https:\/\/melindaozel.com\/fr\/emotion-references\/","og_site_name":"Face the FACS | Facial Expressions in Animation, AI, &amp; Behavior","article_publisher":"https:\/\/facebook.com\/facetheFACS\/","article_modified_time":"2025-02-22T22:33:25+00:00","og_image":[{"width":1200,"height":800,"url":"https:\/\/melindaozel.com\/wp-content\/uploads\/2021\/07\/facs_Cheat_sheet_cover_6.png","type":"image\/png"}],"twitter_card":"summary_large_image","twitter_site":"@melindaozel","twitter_misc":{"Dur\u00e9e de lecture estim\u00e9e":"3 minutes"},"schema":{"@context":"https:\/\/schema.org","@graph":[{"@type":"WebPage","@id":"https:\/\/melindaozel.com\/emotion-references\/","url":"https:\/\/melindaozel.com\/emotion-references\/","name":"R\u00e9f\u00e9rences sur les \u00e9motions - Face the FACS | Facial Expressions in Animation, AI, &amp; Behavior (Expressions faciales dans l'animation, l'intelligence artificielle et le comportement)","isPartOf":{"@id":"https:\/\/melindaozel.com\/zh\/#website"},"primaryImageOfPage":{"@id":"https:\/\/melindaozel.com\/emotion-references\/#primaryimage"},"image":{"@id":"https:\/\/melindaozel.com\/emotion-references\/#primaryimage"},"thumbnailUrl":"https:\/\/i0.wp.com\/melindaozel.com\/wp-content\/uploads\/2021\/07\/facs_Cheat_sheet_cover_6.png?fit=1200%2C800&ssl=1","datePublished":"2021-05-29T18:56:36+00:00","dateModified":"2025-02-22T22:33:25+00:00","breadcrumb":{"@id":"https:\/\/melindaozel.com\/emotion-references\/#breadcrumb"},"inLanguage":"fr-FR","potentialAction":[{"@type":"ReadAction","target":["https:\/\/melindaozel.com\/emotion-references\/"]}]},{"@type":"ImageObject","inLanguage":"fr-FR","@id":"https:\/\/melindaozel.com\/emotion-references\/#primaryimage","url":"https:\/\/i0.wp.com\/melindaozel.com\/wp-content\/uploads\/2021\/07\/facs_Cheat_sheet_cover_6.png?fit=1200%2C800&ssl=1","contentUrl":"https:\/\/i0.wp.com\/melindaozel.com\/wp-content\/uploads\/2021\/07\/facs_Cheat_sheet_cover_6.png?fit=1200%2C800&ssl=1","width":1200,"height":800,"caption":"FACS cheat sheet - Facial Action Coding System - FACS AUs - action units - emotion references for artists and animators"},{"@type":"BreadcrumbList","@id":"https:\/\/melindaozel.com\/emotion-references\/#breadcrumb","itemListElement":[{"@type":"ListItem","position":1,"name":"Home","item":"https:\/\/melindaozel.com\/"},{"@type":"ListItem","position":2,"name":"Emotion References"}]},{"@type":"WebSite","@id":"https:\/\/melindaozel.com\/zh\/#website","url":"https:\/\/melindaozel.com\/zh\/","name":"Faire face au FACS","description":"Expressions faciales dans l'art, la science et la technologie","publisher":{"@id":"https:\/\/melindaozel.com\/zh\/#\/schema\/person\/81c6262e1bfca3c71960db5aee204e3f"},"potentialAction":[{"@type":"SearchAction","target":{"@type":"EntryPoint","urlTemplate":"https:\/\/melindaozel.com\/zh\/?s={search_term_string}"},"query-input":{"@type":"PropertyValueSpecification","valueRequired":true,"valueName":"search_term_string"}}],"inLanguage":"fr-FR"},{"@type":["Person","Organization"],"@id":"https:\/\/melindaozel.com\/zh\/#\/schema\/person\/81c6262e1bfca3c71960db5aee204e3f","name":"Melinda Ozel","image":{"@type":"ImageObject","inLanguage":"fr-FR","@id":"https:\/\/i0.wp.com\/melindaozel.com\/wp-content\/uploads\/2025\/02\/face-the-FACS-eye-mouth-logo-pixel.webp?fit=225%2C225&ssl=1","url":"https:\/\/i0.wp.com\/melindaozel.com\/wp-content\/uploads\/2025\/02\/face-the-FACS-eye-mouth-logo-pixel.webp?fit=225%2C225&ssl=1","contentUrl":"https:\/\/i0.wp.com\/melindaozel.com\/wp-content\/uploads\/2025\/02\/face-the-FACS-eye-mouth-logo-pixel.webp?fit=225%2C225&ssl=1","width":225,"height":225,"caption":"Melinda Ozel"},"logo":{"@id":"https:\/\/i0.wp.com\/melindaozel.com\/wp-content\/uploads\/2025\/02\/face-the-FACS-eye-mouth-logo-pixel.webp?fit=225%2C225&ssl=1"},"sameAs":["https:\/\/melindaozel.com","https:\/\/facebook.com\/facetheFACS\/","https:\/\/instagram.com\/manicexpression","https:\/\/linkedin.com\/in\/melindaozel","https:\/\/pinterest.com\/melindaozel\/","https:\/\/x.com\/melindaozel","https:\/\/youtube.com\/@facetheFACS"],"knowsAbout":["Facial Action Coding System (FACS)","Facial Expression Tracking","Facial Anatomy","Facial Animation","Digital Humans","Audio-to-Expression","Audio-to-Face","Visemes","Lipsync"],"jobTitle":"Facial Systems Expert, Expression Scientist","numberOfEmployees":{"@type":"QuantitativeValue","minValue":"1","maxValue":"10"}}]}},"jetpack_sharing_enabled":true,"_links":{"self":[{"href":"https:\/\/melindaozel.com\/fr\/wp-json\/wp\/v2\/pages\/4379","targetHints":{"allow":["GET"]}}],"collection":[{"href":"https:\/\/melindaozel.com\/fr\/wp-json\/wp\/v2\/pages"}],"about":[{"href":"https:\/\/melindaozel.com\/fr\/wp-json\/wp\/v2\/types\/page"}],"author":[{"embeddable":true,"href":"https:\/\/melindaozel.com\/fr\/wp-json\/wp\/v2\/users\/60486633"}],"replies":[{"embeddable":true,"href":"https:\/\/melindaozel.com\/fr\/wp-json\/wp\/v2\/comments?post=4379"}],"version-history":[{"count":44,"href":"https:\/\/melindaozel.com\/fr\/wp-json\/wp\/v2\/pages\/4379\/revisions"}],"predecessor-version":[{"id":11444,"href":"https:\/\/melindaozel.com\/fr\/wp-json\/wp\/v2\/pages\/4379\/revisions\/11444"}],"wp:featuredmedia":[{"embeddable":true,"href":"https:\/\/melindaozel.com\/fr\/wp-json\/wp\/v2\/media\/5088"}],"wp:attachment":[{"href":"https:\/\/melindaozel.com\/fr\/wp-json\/wp\/v2\/media?parent=4379"}],"curies":[{"name":"wp","href":"https:\/\/api.w.org\/{rel}","templated":true}]}}