{"id":12603,"date":"2025-05-21T16:58:50","date_gmt":"2025-05-21T20:58:50","guid":{"rendered":"https:\/\/melindaozel.com\/?page_id=12603"},"modified":"2025-05-21T17:05:28","modified_gmt":"2025-05-21T21:05:28","slug":"how-to-cite-my-work-use-my-visuals","status":"publish","type":"page","link":"https:\/\/melindaozel.com\/fr\/how-to-cite-my-work-use-my-visuals\/","title":{"rendered":"Comment citer mon travail et utiliser mes visuels"},"content":{"rendered":"<div data-elementor-type=\"wp-page\" data-elementor-id=\"12603\" class=\"elementor elementor-12603\" data-elementor-post-type=\"page\">\n\t\t\t\t\t\t<section class=\"elementor-section elementor-top-section elementor-element elementor-element-efaac43 elementor-section-boxed elementor-section-height-default elementor-section-height-default\" data-id=\"efaac43\" data-element_type=\"section\" data-e-type=\"section\">\n\t\t\t\t\t\t<div class=\"elementor-container elementor-column-gap-default\">\n\t\t\t\t\t<div class=\"elementor-column elementor-col-100 elementor-top-column elementor-element elementor-element-303581c\" data-id=\"303581c\" data-element_type=\"column\" data-e-type=\"column\">\n\t\t\t<div class=\"elementor-widget-wrap elementor-element-populated\">\n\t\t\t\t\t\t<div class=\"elementor-element elementor-element-060e8c9 elementor-widget elementor-widget-text-editor\" data-id=\"060e8c9\" data-element_type=\"widget\" data-e-type=\"widget\" data-widget_type=\"text-editor.default\">\n\t\t\t\t\t\t\t\t\t<p>Bonjour ! Je suis heureux que vous aimiez mon travail et que vous souhaitiez l'utiliser. Je suis heureux de vous aider.<\/p>\t\t\t\t\t\t\t\t<\/div>\n\t\t\t\t\t<\/div>\n\t\t<\/div>\n\t\t\t\t\t<\/div>\n\t\t<\/section>\n\t\t\t\t<section class=\"elementor-section elementor-top-section elementor-element elementor-element-80ea412 elementor-section-boxed elementor-section-height-default elementor-section-height-default\" data-id=\"80ea412\" data-element_type=\"section\" data-e-type=\"section\">\n\t\t\t\t\t\t<div class=\"elementor-container elementor-column-gap-default\">\n\t\t\t\t\t<div class=\"elementor-column elementor-col-100 elementor-top-column elementor-element elementor-element-fbe4e12\" data-id=\"fbe4e12\" data-element_type=\"column\" data-e-type=\"column\">\n\t\t\t<div class=\"elementor-widget-wrap elementor-element-populated\">\n\t\t\t\t\t\t<div class=\"elementor-element elementor-element-c3a7fd7 elementor-widget elementor-widget-heading\" data-id=\"c3a7fd7\" data-element_type=\"widget\" data-e-type=\"widget\" data-widget_type=\"heading.default\">\n\t\t\t\t\t<h2 class=\"elementor-heading-title elementor-size-default\">Exigences en mati\u00e8re de citation<\/h2>\t\t\t\t<\/div>\n\t\t\t\t<div class=\"elementor-element elementor-element-cb5e6d9 elementor-widget elementor-widget-text-editor\" data-id=\"cb5e6d9\" data-element_type=\"widget\" data-e-type=\"widget\" data-widget_type=\"text-editor.default\">\n\t\t\t\t\t\t\t\t\t<p>Si vous faites r\u00e9f\u00e9rence \u00e0 une page qui contient d\u00e9j\u00e0 des instructions de citation (comme mon<a href=\"https:\/\/melindaozel.com\/facs-cheat-sheet\/\" target=\"_blank\" rel=\"noopener\"> Fiche d'escroquerie FACS<\/a> ou <a href=\"https:\/\/melindaozel.com\/viseme-cheat-sheet\/\" target=\"_blank\" rel=\"noopener\">L'antis\u00e8che Viseme<\/a>), il suffit de suivre les instructions de citation existantes. Si vous citez un billet, un article ou un visuel de mon site qui <em>ne <\/em>ont un syst\u00e8me de citation int\u00e9gr\u00e9, voici comment le cr\u00e9diter correctement :<\/p><h3>1. Use My Name (C'est Melinda Ozel)<\/h3><p>Indiquez mon nom complet (<a href=\"https:\/\/melindaozel.com\/who-is-melinda-ozel\/\" target=\"_blank\" rel=\"noopener\">Melinda Ozel<\/a>) en tant qu'auteur.<\/p><h3>2. Inclure la date<\/h3><p>Utilisez la date de publication ou de derni\u00e8re mise \u00e0 jour si elle est indiqu\u00e9e. Si elle n'est pas disponible, indiquez l'ann\u00e9e au cours de laquelle vous avez acc\u00e9d\u00e9 au contenu.<\/p><h3>3. Titre de la page ou du message<\/h3><p>Utilisez le titre officiel si la page en poss\u00e8de un. Sinon, cr\u00e9ez un titre clair et descriptif entre guillemets. Exemple : <em data-start=\"1003\" data-end=\"1060\">\"Notes sur la variabilit\u00e9 vis\u00e9mique<\/em><\/p><h3>4. Inclure l'URL<\/h3><p>Utilisez le lien de la page compl\u00e8te, et pas seulement celui de la page d'accueil. Il devrait ressembler \u00e0 ceci :<br \/><code data-start=\"1119\" data-end=\"1145\">https:\/\/melindaozel.com\/insert-specific-post\/<\/code><\/p>\t\t\t\t\t\t\t\t<\/div>\n\t\t\t\t\t<\/div>\n\t\t<\/div>\n\t\t\t\t\t<\/div>\n\t\t<\/section>\n\t\t\t\t<section class=\"elementor-section elementor-top-section elementor-element elementor-element-4909bfe elementor-section-boxed elementor-section-height-default elementor-section-height-default\" data-id=\"4909bfe\" data-element_type=\"section\" data-e-type=\"section\">\n\t\t\t\t\t\t<div class=\"elementor-container elementor-column-gap-default\">\n\t\t\t\t\t<div class=\"elementor-column elementor-col-100 elementor-top-column elementor-element elementor-element-5a75ea2\" data-id=\"5a75ea2\" data-element_type=\"column\" data-e-type=\"column\">\n\t\t\t<div class=\"elementor-widget-wrap elementor-element-populated\">\n\t\t\t\t\t\t<div class=\"elementor-element elementor-element-e4ed948 elementor-widget elementor-widget-heading\" data-id=\"e4ed948\" data-element_type=\"widget\" data-e-type=\"widget\" data-widget_type=\"heading.default\">\n\t\t\t\t\t<h2 class=\"elementor-heading-title elementor-size-default\">Autres attributions<\/h2>\t\t\t\t<\/div>\n\t\t\t\t\t<\/div>\n\t\t<\/div>\n\t\t\t\t\t<\/div>\n\t\t<\/section>\n\t\t\t\t<section class=\"elementor-section elementor-top-section elementor-element elementor-element-c164cb6 elementor-section-boxed elementor-section-height-default elementor-section-height-default\" data-id=\"c164cb6\" data-element_type=\"section\" data-e-type=\"section\">\n\t\t\t\t\t\t<div class=\"elementor-container elementor-column-gap-default\">\n\t\t\t\t\t<div class=\"elementor-column elementor-col-100 elementor-top-column elementor-element elementor-element-49580af\" data-id=\"49580af\" data-element_type=\"column\" data-e-type=\"column\">\n\t\t\t<div class=\"elementor-widget-wrap elementor-element-populated\">\n\t\t\t\t\t\t<div class=\"elementor-element elementor-element-743b714 elementor-widget elementor-widget-text-editor\" data-id=\"743b714\" data-element_type=\"widget\" data-e-type=\"widget\" data-widget_type=\"text-editor.default\">\n\t\t\t\t\t\t\t\t\t<h3>Vous voulez utiliser mes visuels ?<\/h3><p>N'h\u00e9sitez pas \u00e0 demander l'autorisation avant d'utiliser des images ou des graphiques de mon site dans des travaux universitaires, des diapositives, des pr\u00e9sentations ou tout autre document que vous cr\u00e9ez.<\/p><p><strong>Pourquoi ? <\/strong>Bien que 99% des visuels soient les miens, un petit pourcentage peut \u00eatre sous licence, command\u00e9 ou collabor\u00e9. Veuillez v\u00e9rifier avant d'utiliser quoi que ce soit. Vous pouvez me contacter pour plus de clart\u00e9 : facetheFACS@melindaozel.com<\/p><h3>Termes ou expressions invent\u00e9s<\/h3><p>Si vous \u00eates...<\/p><ul><li>en citant l'un de mes termes invent\u00e9s, l'un de mes cadres originaux ou l'une de mes th\u00e9ories (comme \"pince \u00e0 l\u00e8vres\", \"r\u00e9sultat expressif primaire\", etc.)<\/li><li>en utilisant massivement mes fiches de r\u00e9f\u00e9rence<\/li><\/ul><p>...citez-le comme vous le feriez pour n'importe quel terme ou mod\u00e8le bas\u00e9 sur une source. L'attribution renforce la confiance.<\/p><h3>R\u00e9f\u00e9rences acad\u00e9miques<\/h3><p>Pour obtenir une liste de mes publications universitaires, de mes brevets et de mes travaux cit\u00e9s, consultez le site suivant <a href=\"https:\/\/scholar.google.com\/citations?user=P205y6YAAAAJ&amp;hl=en\" target=\"_blank\" rel=\"noopener\">mon profil Google Scholar<\/a>.<\/p><h3>Vous avez d'autres questions ?<\/h3><p>Envoyez-moi un courriel \u00e0 l'adresse suivante : facetheFACS@melindaozel.com<\/p>\t\t\t\t\t\t\t\t<\/div>\n\t\t\t\t\t<\/div>\n\t\t<\/div>\n\t\t\t\t\t<\/div>\n\t\t<\/section>\n\t\t\t\t<section class=\"elementor-section elementor-top-section elementor-element elementor-element-2947dbcc elementor-section-boxed elementor-section-height-default elementor-section-height-default\" data-id=\"2947dbcc\" data-element_type=\"section\" data-e-type=\"section\">\n\t\t\t\t\t\t<div class=\"elementor-container elementor-column-gap-default\">\n\t\t\t\t\t<div class=\"elementor-column elementor-col-100 elementor-top-column elementor-element elementor-element-19be5ada\" data-id=\"19be5ada\" data-element_type=\"column\" data-e-type=\"column\">\n\t\t\t<div class=\"elementor-widget-wrap elementor-element-populated\">\n\t\t\t\t\t\t<div class=\"elementor-element elementor-element-7191b4d7 elementor-view-default elementor-widget elementor-widget-icon\" data-id=\"7191b4d7\" data-element_type=\"widget\" data-e-type=\"widget\" data-widget_type=\"icon.default\">\n\t\t\t\t\t\t\t<div class=\"elementor-icon-wrapper\">\n\t\t\t<a class=\"elementor-icon\" href=\"https:\/\/melindaozel.com\/\">\n\t\t\t<svg aria-hidden=\"true\" class=\"e-font-icon-svg e-fas-home\" viewbox=\"0 0 576 512\" xmlns=\"http:\/\/www.w3.org\/2000\/svg\"><path d=\"M280.37 148.26L96 300.11V464a16 16 0 0 0 16 16l112.06-.29a16 16 0 0 0 15.92-16V368a16 16 0 0 1 16-16h64a16 16 0 0 1 16 16v95.64a16 16 0 0 0 16 16.05L464 480a16 16 0 0 0 16-16V300L295.67 148.26a12.19 12.19 0 0 0-15.3 0zM571.6 251.47L488 182.56V44.05a12 12 0 0 0-12-12h-56a12 12 0 0 0-12 12v72.61L318.47 43a48 48 0 0 0-61 0L4.34 251.47a12 12 0 0 0-1.6 16.9l25.5 31A12 12 0 0 0 45.15 301l235.22-193.74a12.19 12.19 0 0 1 15.3 0L530.9 301a12 12 0 0 0 16.9-1.6l25.5-31a12 12 0 0 0-1.7-16.93z\"><\/path><\/svg>\t\t\t<\/a>\n\t\t<\/div>\n\t\t\t\t\t\t<\/div>\n\t\t\t\t\t<\/div>\n\t\t<\/div>\n\t\t\t\t\t<\/div>\n\t\t<\/section>\n\t\t\t\t<\/div>","protected":false},"excerpt":{"rendered":"<p>Bonjour ! Je suis heureux que vous aimiez mon travail et que vous souhaitiez l'utiliser. Je suis heureux de pouvoir vous aider. Exigences en mati\u00e8re de citation Si vous faites r\u00e9f\u00e9rence \u00e0 une page qui contient d\u00e9j\u00e0 des instructions en mati\u00e8re de citation (comme ma FACS Cheat Sheet ou ma Viseme Cheat Sheet), il vous suffit de suivre les instructions existantes en mati\u00e8re de citation. Si vous citez un billet, un article ou un visuel de mon site qui n'est pas ... <a title=\"Comment citer mon travail et utiliser mes visuels\" class=\"read-more\" href=\"https:\/\/melindaozel.com\/fr\/how-to-cite-my-work-use-my-visuals\/\" aria-label=\"En savoir plus sur Comment citer mon travail et utiliser mes visuels\">Lire plus<\/a><\/p>","protected":false},"author":60486633,"featured_media":0,"parent":0,"menu_order":0,"comment_status":"closed","ping_status":"closed","template":"","meta":{"footnotes":""},"class_list":["post-12603","page","type-page","status-publish"],"yoast_head":"<!-- This site is optimized with the Yoast SEO Premium plugin v27.3 (Yoast SEO v27.3) - https:\/\/yoast.com\/product\/yoast-seo-premium-wordpress\/ -->\n<title>How to Cite My Work &amp; Use My Visuals - Face the FACS | Facial Expressions in Animation, AI, &amp; Behavior<\/title>\n<meta name=\"robots\" content=\"index, follow, max-snippet:-1, max-image-preview:large, max-video-preview:-1\" \/>\n<link rel=\"canonical\" href=\"https:\/\/melindaozel.com\/fr\/how-to-cite-my-work-use-my-visuals\/\" \/>\n<meta property=\"og:locale\" content=\"fr_FR\" \/>\n<meta property=\"og:type\" content=\"article\" \/>\n<meta property=\"og:title\" content=\"How to Cite My Work &amp; Use My Visuals\" \/>\n<meta property=\"og:description\" content=\"Hi! Glad you like my work and wish to use it. I&#8217;m happy to help. Citation Requirements If you\u2019re referencing a page that already has citation instructions (like my FACS Cheat Sheet or Viseme Cheat Sheet), simply follow the existing citation instructions. If you\u2019re citing a post, article, or visual from my site that doesn\u2019t ... Lire plus\" \/>\n<meta property=\"og:url\" content=\"https:\/\/melindaozel.com\/fr\/how-to-cite-my-work-use-my-visuals\/\" \/>\n<meta property=\"og:site_name\" content=\"Face the FACS | Facial Expressions in Animation, AI, &amp; Behavior\" \/>\n<meta property=\"article:publisher\" content=\"https:\/\/facebook.com\/facetheFACS\/\" \/>\n<meta property=\"article:modified_time\" content=\"2025-05-21T21:05:28+00:00\" \/>\n<meta property=\"og:image\" content=\"https:\/\/melindaozel.com\/wp-content\/uploads\/2020\/06\/face2-1024x1024.png\" \/>\n\t<meta property=\"og:image:width\" content=\"1024\" \/>\n\t<meta property=\"og:image:height\" content=\"1024\" \/>\n\t<meta property=\"og:image:type\" content=\"image\/png\" \/>\n<meta name=\"twitter:card\" content=\"summary_large_image\" \/>\n<meta name=\"twitter:site\" content=\"@melindaozel\" \/>\n<meta name=\"twitter:label1\" content=\"Dur\u00e9e de lecture estim\u00e9e\" \/>\n\t<meta name=\"twitter:data1\" content=\"2 minutes\" \/>\n<script type=\"application\/ld+json\" class=\"yoast-schema-graph\">{\"@context\":\"https:\\\/\\\/schema.org\",\"@graph\":[{\"@type\":\"WebPage\",\"@id\":\"https:\\\/\\\/melindaozel.com\\\/how-to-cite-my-work-use-my-visuals\\\/\",\"url\":\"https:\\\/\\\/melindaozel.com\\\/how-to-cite-my-work-use-my-visuals\\\/\",\"name\":\"How to Cite My Work & Use My Visuals - Face the FACS | Facial Expressions in Animation, AI, &amp; Behavior\",\"isPartOf\":{\"@id\":\"https:\\\/\\\/melindaozel.com\\\/zh\\\/#website\"},\"datePublished\":\"2025-05-21T20:58:50+00:00\",\"dateModified\":\"2025-05-21T21:05:28+00:00\",\"breadcrumb\":{\"@id\":\"https:\\\/\\\/melindaozel.com\\\/how-to-cite-my-work-use-my-visuals\\\/#breadcrumb\"},\"inLanguage\":\"fr-FR\",\"potentialAction\":[{\"@type\":\"ReadAction\",\"target\":[\"https:\\\/\\\/melindaozel.com\\\/how-to-cite-my-work-use-my-visuals\\\/\"]}]},{\"@type\":\"BreadcrumbList\",\"@id\":\"https:\\\/\\\/melindaozel.com\\\/how-to-cite-my-work-use-my-visuals\\\/#breadcrumb\",\"itemListElement\":[{\"@type\":\"ListItem\",\"position\":1,\"name\":\"Home\",\"item\":\"https:\\\/\\\/melindaozel.com\\\/\"},{\"@type\":\"ListItem\",\"position\":2,\"name\":\"How to Cite My Work &#038; Use My Visuals\"}]},{\"@type\":\"WebSite\",\"@id\":\"https:\\\/\\\/melindaozel.com\\\/zh\\\/#website\",\"url\":\"https:\\\/\\\/melindaozel.com\\\/zh\\\/\",\"name\":\"Face the FACS\",\"description\":\"Facial Expressions in Art, Science, &amp; Technology\",\"publisher\":{\"@id\":\"https:\\\/\\\/melindaozel.com\\\/zh\\\/#\\\/schema\\\/person\\\/81c6262e1bfca3c71960db5aee204e3f\"},\"potentialAction\":[{\"@type\":\"SearchAction\",\"target\":{\"@type\":\"EntryPoint\",\"urlTemplate\":\"https:\\\/\\\/melindaozel.com\\\/zh\\\/?s={search_term_string}\"},\"query-input\":{\"@type\":\"PropertyValueSpecification\",\"valueRequired\":true,\"valueName\":\"search_term_string\"}}],\"inLanguage\":\"fr-FR\"},{\"@type\":[\"Person\",\"Organization\"],\"@id\":\"https:\\\/\\\/melindaozel.com\\\/zh\\\/#\\\/schema\\\/person\\\/81c6262e1bfca3c71960db5aee204e3f\",\"name\":\"Melinda Ozel\",\"image\":{\"@type\":\"ImageObject\",\"inLanguage\":\"fr-FR\",\"@id\":\"https:\\\/\\\/i0.wp.com\\\/melindaozel.com\\\/wp-content\\\/uploads\\\/2025\\\/02\\\/face-the-FACS-eye-mouth-logo-pixel.webp?fit=225%2C225&ssl=1\",\"url\":\"https:\\\/\\\/i0.wp.com\\\/melindaozel.com\\\/wp-content\\\/uploads\\\/2025\\\/02\\\/face-the-FACS-eye-mouth-logo-pixel.webp?fit=225%2C225&ssl=1\",\"contentUrl\":\"https:\\\/\\\/i0.wp.com\\\/melindaozel.com\\\/wp-content\\\/uploads\\\/2025\\\/02\\\/face-the-FACS-eye-mouth-logo-pixel.webp?fit=225%2C225&ssl=1\",\"width\":225,\"height\":225,\"caption\":\"Melinda Ozel\"},\"logo\":{\"@id\":\"https:\\\/\\\/i0.wp.com\\\/melindaozel.com\\\/wp-content\\\/uploads\\\/2025\\\/02\\\/face-the-FACS-eye-mouth-logo-pixel.webp?fit=225%2C225&ssl=1\"},\"sameAs\":[\"https:\\\/\\\/melindaozel.com\",\"https:\\\/\\\/facebook.com\\\/facetheFACS\\\/\",\"https:\\\/\\\/instagram.com\\\/manicexpression\",\"https:\\\/\\\/linkedin.com\\\/in\\\/melindaozel\",\"https:\\\/\\\/pinterest.com\\\/melindaozel\\\/\",\"https:\\\/\\\/x.com\\\/melindaozel\",\"https:\\\/\\\/youtube.com\\\/@facetheFACS\"],\"knowsAbout\":[\"Facial Action Coding System (FACS)\",\"Facial Expression Tracking\",\"Facial Anatomy\",\"Facial Animation\",\"Digital Humans\",\"Audio-to-Expression\",\"Audio-to-Face\",\"Visemes\",\"Lipsync\"],\"jobTitle\":\"Facial Systems Expert, Expression Scientist\",\"numberOfEmployees\":{\"@type\":\"QuantitativeValue\",\"minValue\":\"1\",\"maxValue\":\"10\"}}]}<\/script>\n<!-- \/ Yoast SEO Premium plugin. -->","yoast_head_json":{"title":"Comment citer mon travail et utiliser mes visuels - Face the FACS | Facial Expressions in Animation, AI, &amp; Behavior (Les expressions faciales dans l'animation, l'IA et le comportement)","robots":{"index":"index","follow":"follow","max-snippet":"max-snippet:-1","max-image-preview":"max-image-preview:large","max-video-preview":"max-video-preview:-1"},"canonical":"https:\/\/melindaozel.com\/fr\/how-to-cite-my-work-use-my-visuals\/","og_locale":"fr_FR","og_type":"article","og_title":"How to Cite My Work & Use My Visuals","og_description":"Hi! Glad you like my work and wish to use it. I&#8217;m happy to help. Citation Requirements If you\u2019re referencing a page that already has citation instructions (like my FACS Cheat Sheet or Viseme Cheat Sheet), simply follow the existing citation instructions. If you\u2019re citing a post, article, or visual from my site that doesn\u2019t ... Lire plus","og_url":"https:\/\/melindaozel.com\/fr\/how-to-cite-my-work-use-my-visuals\/","og_site_name":"Face the FACS | Facial Expressions in Animation, AI, &amp; Behavior","article_publisher":"https:\/\/facebook.com\/facetheFACS\/","article_modified_time":"2025-05-21T21:05:28+00:00","og_image":[{"width":1024,"height":1024,"url":"https:\/\/melindaozel.com\/wp-content\/uploads\/2020\/06\/face2-1024x1024.png","type":"image\/png"}],"twitter_card":"summary_large_image","twitter_site":"@melindaozel","twitter_misc":{"Dur\u00e9e de lecture estim\u00e9e":"2 minutes"},"schema":{"@context":"https:\/\/schema.org","@graph":[{"@type":"WebPage","@id":"https:\/\/melindaozel.com\/how-to-cite-my-work-use-my-visuals\/","url":"https:\/\/melindaozel.com\/how-to-cite-my-work-use-my-visuals\/","name":"Comment citer mon travail et utiliser mes visuels - Face the FACS | Facial Expressions in Animation, AI, &amp; Behavior (Les expressions faciales dans l'animation, l'IA et le comportement)","isPartOf":{"@id":"https:\/\/melindaozel.com\/zh\/#website"},"datePublished":"2025-05-21T20:58:50+00:00","dateModified":"2025-05-21T21:05:28+00:00","breadcrumb":{"@id":"https:\/\/melindaozel.com\/how-to-cite-my-work-use-my-visuals\/#breadcrumb"},"inLanguage":"fr-FR","potentialAction":[{"@type":"ReadAction","target":["https:\/\/melindaozel.com\/how-to-cite-my-work-use-my-visuals\/"]}]},{"@type":"BreadcrumbList","@id":"https:\/\/melindaozel.com\/how-to-cite-my-work-use-my-visuals\/#breadcrumb","itemListElement":[{"@type":"ListItem","position":1,"name":"Home","item":"https:\/\/melindaozel.com\/"},{"@type":"ListItem","position":2,"name":"How to Cite My Work &#038; Use My Visuals"}]},{"@type":"WebSite","@id":"https:\/\/melindaozel.com\/zh\/#website","url":"https:\/\/melindaozel.com\/zh\/","name":"Faire face au FACS","description":"Expressions faciales dans l'art, la science et la technologie","publisher":{"@id":"https:\/\/melindaozel.com\/zh\/#\/schema\/person\/81c6262e1bfca3c71960db5aee204e3f"},"potentialAction":[{"@type":"SearchAction","target":{"@type":"EntryPoint","urlTemplate":"https:\/\/melindaozel.com\/zh\/?s={search_term_string}"},"query-input":{"@type":"PropertyValueSpecification","valueRequired":true,"valueName":"search_term_string"}}],"inLanguage":"fr-FR"},{"@type":["Person","Organization"],"@id":"https:\/\/melindaozel.com\/zh\/#\/schema\/person\/81c6262e1bfca3c71960db5aee204e3f","name":"Melinda Ozel","image":{"@type":"ImageObject","inLanguage":"fr-FR","@id":"https:\/\/i0.wp.com\/melindaozel.com\/wp-content\/uploads\/2025\/02\/face-the-FACS-eye-mouth-logo-pixel.webp?fit=225%2C225&ssl=1","url":"https:\/\/i0.wp.com\/melindaozel.com\/wp-content\/uploads\/2025\/02\/face-the-FACS-eye-mouth-logo-pixel.webp?fit=225%2C225&ssl=1","contentUrl":"https:\/\/i0.wp.com\/melindaozel.com\/wp-content\/uploads\/2025\/02\/face-the-FACS-eye-mouth-logo-pixel.webp?fit=225%2C225&ssl=1","width":225,"height":225,"caption":"Melinda Ozel"},"logo":{"@id":"https:\/\/i0.wp.com\/melindaozel.com\/wp-content\/uploads\/2025\/02\/face-the-FACS-eye-mouth-logo-pixel.webp?fit=225%2C225&ssl=1"},"sameAs":["https:\/\/melindaozel.com","https:\/\/facebook.com\/facetheFACS\/","https:\/\/instagram.com\/manicexpression","https:\/\/linkedin.com\/in\/melindaozel","https:\/\/pinterest.com\/melindaozel\/","https:\/\/x.com\/melindaozel","https:\/\/youtube.com\/@facetheFACS"],"knowsAbout":["Facial Action Coding System (FACS)","Facial Expression Tracking","Facial Anatomy","Facial Animation","Digital Humans","Audio-to-Expression","Audio-to-Face","Visemes","Lipsync"],"jobTitle":"Facial Systems Expert, Expression Scientist","numberOfEmployees":{"@type":"QuantitativeValue","minValue":"1","maxValue":"10"}}]}},"jetpack_sharing_enabled":true,"_links":{"self":[{"href":"https:\/\/melindaozel.com\/fr\/wp-json\/wp\/v2\/pages\/12603","targetHints":{"allow":["GET"]}}],"collection":[{"href":"https:\/\/melindaozel.com\/fr\/wp-json\/wp\/v2\/pages"}],"about":[{"href":"https:\/\/melindaozel.com\/fr\/wp-json\/wp\/v2\/types\/page"}],"author":[{"embeddable":true,"href":"https:\/\/melindaozel.com\/fr\/wp-json\/wp\/v2\/users\/60486633"}],"replies":[{"embeddable":true,"href":"https:\/\/melindaozel.com\/fr\/wp-json\/wp\/v2\/comments?post=12603"}],"version-history":[{"count":9,"href":"https:\/\/melindaozel.com\/fr\/wp-json\/wp\/v2\/pages\/12603\/revisions"}],"predecessor-version":[{"id":12619,"href":"https:\/\/melindaozel.com\/fr\/wp-json\/wp\/v2\/pages\/12603\/revisions\/12619"}],"wp:attachment":[{"href":"https:\/\/melindaozel.com\/fr\/wp-json\/wp\/v2\/media?parent=12603"}],"curies":[{"name":"wp","href":"https:\/\/api.w.org\/{rel}","templated":true}]}}