{"id":4764,"date":"2021-06-21T18:54:32","date_gmt":"2021-06-21T22:54:32","guid":{"rendered":"https:\/\/melindaozel.com\/?page_id=4764"},"modified":"2021-06-21T18:54:32","modified_gmt":"2021-06-21T22:54:32","slug":"terms-of-use","status":"publish","type":"page","link":"https:\/\/melindaozel.com\/fi\/terms-of-use\/","title":{"rendered":"K\u00e4ytt\u00f6ehdot"},"content":{"rendered":"<h1 style=\"text-align: center;\">Ehdot ja edellytykset<\/h1>\n<p>Tervetuloa <em>Kohtaaminen FACS:n kanssa<\/em>! <em>Kohtaaminen FACS:n kanssa<\/em> on verkko-oppimisalusta verkkosivustolla <a href=\"http:\/\/www.melindaozel.com\" rel=\"nofollow\">http:\/\/www.melindaozel.com<\/a> (verkkosivusto), jota yll\u00e4pit\u00e4\u00e4 Melinda Ozel. <em>Kohtaaminen FACS:n kanssa<\/em> auttaa k\u00e4ytt\u00e4ji\u00e4\u00e4n (k\u00e4ytt\u00e4j\u00e4, sin\u00e4) oppimaan ilmaisuun liittyvi\u00e4 aiheita.<\/p>\n<p>Seuraavat k\u00e4ytt\u00f6ehdot (T&amp;Cs) s\u00e4\u00e4telev\u00e4t sinun ja meid\u00e4n v\u00e4list\u00e4 suhdetta, ja ne vastaavat t\u00e4rkeimpiin oikeudellisiin kysymyksiin, jotka liittyv\u00e4t seuraavien palveluiden k\u00e4ytt\u00f6\u00f6n. <em>Kohtaaminen FACS:n kanssa<\/em> ja palveluistamme. Lue ne huolellisesti.<\/p>\n<p>N\u00e4iss\u00e4 k\u00e4ytt\u00f6- ja sopimusehdoissa kerrotaan erityisesti seuraavista asioista<\/p>\n<ul>\n<li>sopimuksemme alkamis- ja p\u00e4\u00e4ttymisajankohta<\/li>\n<li>tilauksenne maksu<\/li>\n<li>oikeutesi peruuttaa tilaus<\/li>\n<li>vastuumme<\/li>\n<li>sis\u00e4ll\u00f6n tekij\u00e4noikeudet ja omistusoikeus.<\/li>\n<\/ul>\n<p>\u00a7 1 Miten p\u00e4\u00e4sen k\u00e4ytt\u00e4m\u00e4\u00e4n <em>Kohtaaminen FACS:n kanssa<\/em> ja milloin teen sitovan sopimuksen?<\/p>\n<p style=\"padding-left: 40px;\">Jotta voit k\u00e4ytt\u00e4\u00e4 <em>FACS:n kohtaaminen<\/em> tilauspalveluihin, sinun on luotava tili. N\u00e4in tehdess\u00e4si teet sitovan sopimuksen kanssamme.<br \/>\nVoit k\u00e4ytt\u00e4\u00e4 vain <em>Kohtaaminen FACS:n kanssa<\/em> henkil\u00f6kohtaiseen ilmaisujen tutkimiseen. Muu k\u00e4ytt\u00f6 ei ole sallittua, varsinkaan liiketoimintatarkoituksiin tai tilisi jakaminen muiden ihmisten kanssa.<\/p>\n<p>\u00a7 2 Mit\u00e4 voin tehd\u00e4 <em>Kohtaaminen FACS:n kanssa<\/em>?<\/p>\n<p style=\"padding-left: 40px;\"><em>Kohtaaminen FACS:n kanssa<\/em> tarjoaa laajoja resursseja, jotka opastavat sinua ihmisen ja muiden kuin ihmisten kasvojen anatomiassa videoiden, GIF-tiedostojen, kuvien, kaavioiden ja artikkelien avulla.<br \/>\n<em>Kohtaaminen FACS:n kanssa<\/em> tarjoaa ilmaisen k\u00e4yt\u00f6n, jossa on rajoitettu p\u00e4\u00e4sy sen sis\u00e4lt\u00f6\u00f6n ja toimintoihin, sek\u00e4 maksullisen tilauksen, joka antaa laajemman p\u00e4\u00e4syn (tilaustili).<\/p>\n<p>Voit k\u00e4ytt\u00e4\u00e4 <em>Kohtaaminen FACS:n kanssa<\/em> ainoastaan yksityisiin tarkoituksiin.<\/p>\n<p style=\"padding-left: 40px;\">Opetukseen ja muihin tarkoituksiin <em>Kohtaaminen FACS:n kanssa<\/em> tarjoaa erityislisenssej\u00e4 (esim. kampus-, kuva- tai opettajalisenssej\u00e4). Ota yhteytt\u00e4, jos olet kiinnostunut lisensseist\u00e4mme.<\/p>\n<p>\u00a7 3 Paljonko se maksaa ja miten maksu toimii?<\/p>\n<p style=\"padding-left: 40px;\">Muiden kuin tilaussis\u00e4lt\u00f6jen k\u00e4ytt\u00f6 on maksutonta.<\/p>\n<p style=\"padding-left: 40px;\">L\u00f6yd\u00e4t hinnat seuraaville tuotteille <em>FACS:n kohtaaminen<\/em> tilaustilit tilaussivulla.<\/p>\n<p style=\"padding-left: 40px;\">Kaikki hinnat ovat n\u00e4ytetyss\u00e4 valuutassa, ja ne saatetaan muuntaa paikalliseksi valuutaksi kassalla.<\/p>\n<p><em>Kohtaaminen FACS:n kanssa<\/em> hyv\u00e4ksyy maksut Stripen ja Paypalin kautta.<\/p>\n<p>\u00a7 4 Kuinka kauan sopimukseni kest\u00e4\u00e4?<\/p>\n<p style=\"padding-left: 40px;\">Kuukausitilaukset kest\u00e4v\u00e4t yhden kuukauden, ja ne uusitaan automaattisesti, ellet manuaalisesti poista automaattista uusimista. Vuositilaukset kest\u00e4v\u00e4t yhden vuoden, ja ne uusitaan automaattisesti, ellet manuaalisesti poista automaattista uusimista.<\/p>\n<p style=\"padding-left: 40px;\">Sin\u00e4 ja <em>Kohtaaminen FACS:n kanssa<\/em> voivat molemmat irtisanoa sopimuksen kuluvan kuukauden tai vuoden loppuun menness\u00e4.<\/p>\n<p style=\"padding-left: 40px;\">Maksulliset tilaukset tehd\u00e4\u00e4n joko yhdeksi tai kahdelletoista kuukaudeksi.<\/p>\n<p>\u00a7 5 Jatkuuko maksullinen tilaukseni automaattisesti?<\/p>\n<p style=\"padding-left: 40px;\">Kyll\u00e4, paitsi jos sin\u00e4 tai me olemme peruuttaneet sen.<\/p>\n<p>\u00a7 6 Miten voin peruuttaa?<\/p>\n<p style=\"padding-left: 40px;\">Voit peruuttaa mink\u00e4 tahansa sopimuksen ennen seuraavaa laskutusjaksoa tilisi kautta tai l\u00e4hett\u00e4m\u00e4ll\u00e4 s\u00e4hk\u00f6postia osoitteeseen facetheFACS@melindaozel.com.<\/p>\n<p style=\"padding-left: 40px;\">Huomaa, ett\u00e4 viimeisen laskutusjakson k\u00e4ytt\u00e4m\u00e4t\u00f6nt\u00e4 aikaa ei voida jakaa tai hyvitt\u00e4\u00e4.<\/p>\n<p style=\"padding-left: 40px;\">Kun premium-tilisi irtisanotaan, se siirtyy automaattisesti takaisin perustilille.<\/p>\n<p>\u00a7 7 Ent\u00e4 jos en pid\u00e4 palveluistanne?<\/p>\n<p style=\"padding-left: 40px;\">Jos et jostain syyst\u00e4 ole tyytyv\u00e4inen, voit peruuttaa tilisi. Katso edell\u00e4 kohta 6.<\/p>\n<p>\u00a7 9 Mik\u00e4 on <em>FACS:n kohtaaminen<\/em> vastuu ja miten sit\u00e4 rajoitetaan?<\/p>\n<p style=\"padding-left: 40px;\"><em>Kohtaaminen FACS:n kanssa<\/em> ei voi taata sivustolla tarjotun opetussis\u00e4ll\u00f6n p\u00e4tevyytt\u00e4 eik\u00e4 tarkkuutta. <em>Kohtaaminen FACS:n kanssa<\/em>, mutta <em>Kohtaaminen FACS:n kanssa<\/em> kokoaa yhteen kaikkien alojen asiantuntijoiden ty\u00f6t ja kokemukset varmistaakseen, ett\u00e4 saat mahdollisimman tarkkaa sis\u00e4lt\u00f6\u00e4. Jos huomaat virheen, ilmoita siit\u00e4 meille, niin tarkistamme ja korjaamme sen mahdollisimman pian.<\/p>\n<p>\u00a7 10 Kenell\u00e4 on tekij\u00e4noikeus ja kuka omistaa sis\u00e4ll\u00f6n?<\/p>\n<p style=\"padding-left: 40px;\">Ellei sis\u00e4lt\u00f6\u00e4 ole nimenomaisesti merkitty toisin tai ellei ole laillisesti hankittu lisenssi\u00e4, kaikki tekstit, kuvat ja muut teokset, jotka on luonut <em>Kohtaaminen FACS:n kanssa<\/em> ja jotka ovat tilisi puitteissa sinun k\u00e4ytett\u00e4viss\u00e4si, ovat tekij\u00e4noikeussuojattuja. Sen vuoksi et saa j\u00e4ljent\u00e4\u00e4, levitt\u00e4\u00e4 tai esitell\u00e4 sis\u00e4lt\u00f6\u00e4mme etk\u00e4 julkaista sit\u00e4 mill\u00e4\u00e4n tavalla.<\/p>\n<p style=\"padding-left: 40px;\">Muuta k\u00e4ytt\u00f6\u00e4 (esim. kopiointia, monistamista, myynti\u00e4, j\u00e4lleenmyynti\u00e4 tai hyv\u00e4ksik\u00e4ytt\u00f6\u00e4) varten sinun on saatava kirjallinen suostumuksemme ja\/tai lisenssi.<\/p>\n<p>\u00a7 11 Mit\u00e4 lakia sopimukseeni sovelletaan?<\/p>\n<p style=\"padding-left: 40px;\">T\u00e4h\u00e4n sopimukseen sovelletaan Yhdysvaltojen lains\u00e4\u00e4d\u00e4nt\u00f6\u00e4.<\/p>","protected":false},"excerpt":{"rendered":"<p>K\u00e4ytt\u00f6ehdot Tervetuloa Face the FACS -palveluun! Face the FACS on verkko-oppimisalusta verkkosivustolla osoitteessa <a href=\"http:\/\/www.melindaozel.com\" rel=\"nofollow\">http:\/\/www.melindaozel.com<\/a> (verkkosivusto), jota yll\u00e4pit\u00e4\u00e4 Melinda Ozel. Face the FACS auttaa k\u00e4ytt\u00e4ji\u00e4\u00e4n (k\u00e4ytt\u00e4j\u00e4, sin\u00e4) oppimaan ilmaisuun liittyvi\u00e4 aiheita. Seuraavat k\u00e4ytt\u00f6ehdot (T&amp;Cs) s\u00e4\u00e4telev\u00e4t sinun ja meid\u00e4n v\u00e4list\u00e4 suhdetta ja vastaavat olennaisimpiin ... <a title=\"K\u00e4ytt\u00f6ehdot\" class=\"read-more\" href=\"https:\/\/melindaozel.com\/fi\/terms-of-use\/\" aria-label=\"Lue lis\u00e4\u00e4 aiheesta K\u00e4ytt\u00f6ehdot\">Lue lis\u00e4\u00e4<\/a><\/p>","protected":false},"author":60486633,"featured_media":0,"parent":0,"menu_order":0,"comment_status":"closed","ping_status":"closed","template":"","meta":{"footnotes":""},"class_list":["post-4764","page","type-page","status-publish"],"yoast_head":"<!-- This site is optimized with the Yoast SEO Premium plugin v27.3 (Yoast SEO v27.3) - https:\/\/yoast.com\/product\/yoast-seo-premium-wordpress\/ -->\n<title>Terms of Use - Face the FACS | Facial Expressions in Animation, AI, &amp; Behavior<\/title>\n<meta name=\"robots\" content=\"index, follow, max-snippet:-1, max-image-preview:large, max-video-preview:-1\" \/>\n<link rel=\"canonical\" href=\"https:\/\/melindaozel.com\/fi\/terms-of-use\/\" \/>\n<meta property=\"og:locale\" content=\"fi_FI\" \/>\n<meta property=\"og:type\" content=\"article\" \/>\n<meta property=\"og:title\" content=\"Terms of Use\" \/>\n<meta property=\"og:description\" content=\"Terms and Conditions Welcome to Face the FACS! Face the FACS is an online learning platform on the website http:\/\/www.melindaozel.com (website) operated by Melinda Ozel. Face the FACS helps its users (user, you) learn expression-related topics. The following Terms and Conditions (T&amp;Cs) govern the relationship between you and us and will answer the most relevant ... Lue lis\u00e4\u00e4\" \/>\n<meta property=\"og:url\" content=\"https:\/\/melindaozel.com\/fi\/terms-of-use\/\" \/>\n<meta property=\"og:site_name\" content=\"Face the FACS | Facial Expressions in Animation, AI, &amp; Behavior\" \/>\n<meta property=\"article:publisher\" content=\"https:\/\/facebook.com\/facetheFACS\/\" \/>\n<meta property=\"og:image\" content=\"https:\/\/melindaozel.com\/wp-content\/uploads\/2020\/06\/face2-1024x1024.png\" \/>\n\t<meta property=\"og:image:width\" content=\"1024\" \/>\n\t<meta property=\"og:image:height\" content=\"1024\" \/>\n\t<meta property=\"og:image:type\" content=\"image\/png\" \/>\n<meta name=\"twitter:card\" content=\"summary_large_image\" \/>\n<meta name=\"twitter:site\" content=\"@melindaozel\" \/>\n<meta name=\"twitter:label1\" content=\"Arvioitu lukuaika\" \/>\n\t<meta name=\"twitter:data1\" content=\"3 minuuttia\" \/>\n<script type=\"application\/ld+json\" class=\"yoast-schema-graph\">{\"@context\":\"https:\\\/\\\/schema.org\",\"@graph\":[{\"@type\":\"WebPage\",\"@id\":\"https:\\\/\\\/melindaozel.com\\\/fr\\\/terms-of-use\\\/\",\"url\":\"https:\\\/\\\/melindaozel.com\\\/fr\\\/terms-of-use\\\/\",\"name\":\"Terms of Use - Face the FACS | Facial Expressions in Animation, AI, &amp; Behavior\",\"isPartOf\":{\"@id\":\"https:\\\/\\\/melindaozel.com\\\/zh\\\/#website\"},\"datePublished\":\"2021-06-21T22:54:32+00:00\",\"breadcrumb\":{\"@id\":\"https:\\\/\\\/melindaozel.com\\\/fr\\\/terms-of-use\\\/#breadcrumb\"},\"inLanguage\":\"fi\",\"potentialAction\":[{\"@type\":\"ReadAction\",\"target\":[\"https:\\\/\\\/melindaozel.com\\\/fr\\\/terms-of-use\\\/\"]}]},{\"@type\":\"BreadcrumbList\",\"@id\":\"https:\\\/\\\/melindaozel.com\\\/fr\\\/terms-of-use\\\/#breadcrumb\",\"itemListElement\":[{\"@type\":\"ListItem\",\"position\":1,\"name\":\"Home\",\"item\":\"https:\\\/\\\/melindaozel.com\\\/\"},{\"@type\":\"ListItem\",\"position\":2,\"name\":\"Terms of Use\"}]},{\"@type\":\"WebSite\",\"@id\":\"https:\\\/\\\/melindaozel.com\\\/zh\\\/#website\",\"url\":\"https:\\\/\\\/melindaozel.com\\\/zh\\\/\",\"name\":\"Face the FACS\",\"description\":\"Facial Expressions in Art, Science, &amp; Technology\",\"publisher\":{\"@id\":\"https:\\\/\\\/melindaozel.com\\\/zh\\\/#\\\/schema\\\/person\\\/81c6262e1bfca3c71960db5aee204e3f\"},\"potentialAction\":[{\"@type\":\"SearchAction\",\"target\":{\"@type\":\"EntryPoint\",\"urlTemplate\":\"https:\\\/\\\/melindaozel.com\\\/zh\\\/?s={search_term_string}\"},\"query-input\":{\"@type\":\"PropertyValueSpecification\",\"valueRequired\":true,\"valueName\":\"search_term_string\"}}],\"inLanguage\":\"fi\"},{\"@type\":[\"Person\",\"Organization\"],\"@id\":\"https:\\\/\\\/melindaozel.com\\\/zh\\\/#\\\/schema\\\/person\\\/81c6262e1bfca3c71960db5aee204e3f\",\"name\":\"Melinda Ozel\",\"image\":{\"@type\":\"ImageObject\",\"inLanguage\":\"fi\",\"@id\":\"https:\\\/\\\/i0.wp.com\\\/melindaozel.com\\\/wp-content\\\/uploads\\\/2025\\\/02\\\/face-the-FACS-eye-mouth-logo-pixel.webp?fit=225%2C225&ssl=1\",\"url\":\"https:\\\/\\\/i0.wp.com\\\/melindaozel.com\\\/wp-content\\\/uploads\\\/2025\\\/02\\\/face-the-FACS-eye-mouth-logo-pixel.webp?fit=225%2C225&ssl=1\",\"contentUrl\":\"https:\\\/\\\/i0.wp.com\\\/melindaozel.com\\\/wp-content\\\/uploads\\\/2025\\\/02\\\/face-the-FACS-eye-mouth-logo-pixel.webp?fit=225%2C225&ssl=1\",\"width\":225,\"height\":225,\"caption\":\"Melinda Ozel\"},\"logo\":{\"@id\":\"https:\\\/\\\/i0.wp.com\\\/melindaozel.com\\\/wp-content\\\/uploads\\\/2025\\\/02\\\/face-the-FACS-eye-mouth-logo-pixel.webp?fit=225%2C225&ssl=1\"},\"sameAs\":[\"https:\\\/\\\/melindaozel.com\",\"https:\\\/\\\/facebook.com\\\/facetheFACS\\\/\",\"https:\\\/\\\/instagram.com\\\/manicexpression\",\"https:\\\/\\\/linkedin.com\\\/in\\\/melindaozel\",\"https:\\\/\\\/pinterest.com\\\/melindaozel\\\/\",\"https:\\\/\\\/x.com\\\/melindaozel\",\"https:\\\/\\\/youtube.com\\\/@facetheFACS\"],\"knowsAbout\":[\"Facial Action Coding System (FACS)\",\"Facial Expression Tracking\",\"Facial Anatomy\",\"Facial Animation\",\"Digital Humans\",\"Audio-to-Expression\",\"Audio-to-Face\",\"Visemes\",\"Lipsync\"],\"jobTitle\":\"Facial Systems Expert, Expression Scientist\",\"numberOfEmployees\":{\"@type\":\"QuantitativeValue\",\"minValue\":\"1\",\"maxValue\":\"10\"}}]}<\/script>\n<!-- \/ Yoast SEO Premium plugin. -->","yoast_head_json":{"title":"K\u00e4ytt\u00f6ehdot - Face the FACS | Kasvojen ilmeet animaatiossa, teko\u00e4lyss\u00e4 ja k\u00e4ytt\u00e4ytymisess\u00e4 | Facial Expressions in Animation, AI, &amp; Behavior","robots":{"index":"index","follow":"follow","max-snippet":"max-snippet:-1","max-image-preview":"max-image-preview:large","max-video-preview":"max-video-preview:-1"},"canonical":"https:\/\/melindaozel.com\/fi\/terms-of-use\/","og_locale":"fi_FI","og_type":"article","og_title":"Terms of Use","og_description":"Terms and Conditions Welcome to Face the FACS! Face the FACS is an online learning platform on the website http:\/\/www.melindaozel.com (website) operated by Melinda Ozel. Face the FACS helps its users (user, you) learn expression-related topics. The following Terms and Conditions (T&amp;Cs) govern the relationship between you and us and will answer the most relevant ... Lue lis\u00e4\u00e4","og_url":"https:\/\/melindaozel.com\/fi\/terms-of-use\/","og_site_name":"Face the FACS | Facial Expressions in Animation, AI, &amp; Behavior","article_publisher":"https:\/\/facebook.com\/facetheFACS\/","og_image":[{"width":1024,"height":1024,"url":"https:\/\/melindaozel.com\/wp-content\/uploads\/2020\/06\/face2-1024x1024.png","type":"image\/png"}],"twitter_card":"summary_large_image","twitter_site":"@melindaozel","twitter_misc":{"Arvioitu lukuaika":"3 minuuttia"},"schema":{"@context":"https:\/\/schema.org","@graph":[{"@type":"WebPage","@id":"https:\/\/melindaozel.com\/fr\/terms-of-use\/","url":"https:\/\/melindaozel.com\/fr\/terms-of-use\/","name":"K\u00e4ytt\u00f6ehdot - Face the FACS | Kasvojen ilmeet animaatiossa, teko\u00e4lyss\u00e4 ja k\u00e4ytt\u00e4ytymisess\u00e4 | Facial Expressions in Animation, AI, &amp; Behavior","isPartOf":{"@id":"https:\/\/melindaozel.com\/zh\/#website"},"datePublished":"2021-06-21T22:54:32+00:00","breadcrumb":{"@id":"https:\/\/melindaozel.com\/fr\/terms-of-use\/#breadcrumb"},"inLanguage":"fi","potentialAction":[{"@type":"ReadAction","target":["https:\/\/melindaozel.com\/fr\/terms-of-use\/"]}]},{"@type":"BreadcrumbList","@id":"https:\/\/melindaozel.com\/fr\/terms-of-use\/#breadcrumb","itemListElement":[{"@type":"ListItem","position":1,"name":"Home","item":"https:\/\/melindaozel.com\/"},{"@type":"ListItem","position":2,"name":"Terms of Use"}]},{"@type":"WebSite","@id":"https:\/\/melindaozel.com\/zh\/#website","url":"https:\/\/melindaozel.com\/zh\/","name":"Kohtaaminen FACS:n kanssa","description":"Kasvojen ilmeet taiteessa, tieteess\u00e4 ja teknologiassa","publisher":{"@id":"https:\/\/melindaozel.com\/zh\/#\/schema\/person\/81c6262e1bfca3c71960db5aee204e3f"},"potentialAction":[{"@type":"SearchAction","target":{"@type":"EntryPoint","urlTemplate":"https:\/\/melindaozel.com\/zh\/?s={search_term_string}"},"query-input":{"@type":"PropertyValueSpecification","valueRequired":true,"valueName":"search_term_string"}}],"inLanguage":"fi"},{"@type":["Person","Organization"],"@id":"https:\/\/melindaozel.com\/zh\/#\/schema\/person\/81c6262e1bfca3c71960db5aee204e3f","name":"Melinda Ozel","image":{"@type":"ImageObject","inLanguage":"fi","@id":"https:\/\/i0.wp.com\/melindaozel.com\/wp-content\/uploads\/2025\/02\/face-the-FACS-eye-mouth-logo-pixel.webp?fit=225%2C225&ssl=1","url":"https:\/\/i0.wp.com\/melindaozel.com\/wp-content\/uploads\/2025\/02\/face-the-FACS-eye-mouth-logo-pixel.webp?fit=225%2C225&ssl=1","contentUrl":"https:\/\/i0.wp.com\/melindaozel.com\/wp-content\/uploads\/2025\/02\/face-the-FACS-eye-mouth-logo-pixel.webp?fit=225%2C225&ssl=1","width":225,"height":225,"caption":"Melinda Ozel"},"logo":{"@id":"https:\/\/i0.wp.com\/melindaozel.com\/wp-content\/uploads\/2025\/02\/face-the-FACS-eye-mouth-logo-pixel.webp?fit=225%2C225&ssl=1"},"sameAs":["https:\/\/melindaozel.com","https:\/\/facebook.com\/facetheFACS\/","https:\/\/instagram.com\/manicexpression","https:\/\/linkedin.com\/in\/melindaozel","https:\/\/pinterest.com\/melindaozel\/","https:\/\/x.com\/melindaozel","https:\/\/youtube.com\/@facetheFACS"],"knowsAbout":["Facial Action Coding System (FACS)","Facial Expression Tracking","Facial Anatomy","Facial Animation","Digital Humans","Audio-to-Expression","Audio-to-Face","Visemes","Lipsync"],"jobTitle":"Facial Systems Expert, Expression Scientist","numberOfEmployees":{"@type":"QuantitativeValue","minValue":"1","maxValue":"10"}}]}},"jetpack_sharing_enabled":true,"_links":{"self":[{"href":"https:\/\/melindaozel.com\/fi\/wp-json\/wp\/v2\/pages\/4764","targetHints":{"allow":["GET"]}}],"collection":[{"href":"https:\/\/melindaozel.com\/fi\/wp-json\/wp\/v2\/pages"}],"about":[{"href":"https:\/\/melindaozel.com\/fi\/wp-json\/wp\/v2\/types\/page"}],"author":[{"embeddable":true,"href":"https:\/\/melindaozel.com\/fi\/wp-json\/wp\/v2\/users\/60486633"}],"replies":[{"embeddable":true,"href":"https:\/\/melindaozel.com\/fi\/wp-json\/wp\/v2\/comments?post=4764"}],"version-history":[{"count":4,"href":"https:\/\/melindaozel.com\/fi\/wp-json\/wp\/v2\/pages\/4764\/revisions"}],"predecessor-version":[{"id":4768,"href":"https:\/\/melindaozel.com\/fi\/wp-json\/wp\/v2\/pages\/4764\/revisions\/4768"}],"wp:attachment":[{"href":"https:\/\/melindaozel.com\/fi\/wp-json\/wp\/v2\/media?parent=4764"}],"curies":[{"name":"wp","href":"https:\/\/api.w.org\/{rel}","templated":true}]}}