{"id":12603,"date":"2025-05-21T16:58:50","date_gmt":"2025-05-21T20:58:50","guid":{"rendered":"https:\/\/melindaozel.com\/?page_id=12603"},"modified":"2025-05-21T17:05:28","modified_gmt":"2025-05-21T21:05:28","slug":"how-to-cite-my-work-use-my-visuals","status":"publish","type":"page","link":"https:\/\/melindaozel.com\/fi\/how-to-cite-my-work-use-my-visuals\/","title":{"rendered":"Kuinka siteerata ty\u00f6t\u00e4ni ja k\u00e4ytt\u00e4\u00e4 visuaalista materiaalia?"},"content":{"rendered":"<div data-elementor-type=\"wp-page\" data-elementor-id=\"12603\" class=\"elementor elementor-12603\" data-elementor-post-type=\"page\">\n\t\t\t\t\t\t<section class=\"elementor-section elementor-top-section elementor-element elementor-element-efaac43 elementor-section-boxed elementor-section-height-default elementor-section-height-default\" data-id=\"efaac43\" data-element_type=\"section\" data-e-type=\"section\">\n\t\t\t\t\t\t<div class=\"elementor-container elementor-column-gap-default\">\n\t\t\t\t\t<div class=\"elementor-column elementor-col-100 elementor-top-column elementor-element elementor-element-303581c\" data-id=\"303581c\" data-element_type=\"column\" data-e-type=\"column\">\n\t\t\t<div class=\"elementor-widget-wrap elementor-element-populated\">\n\t\t\t\t\t\t<div class=\"elementor-element elementor-element-060e8c9 elementor-widget elementor-widget-text-editor\" data-id=\"060e8c9\" data-element_type=\"widget\" data-e-type=\"widget\" data-widget_type=\"text-editor.default\">\n\t\t\t\t\t\t\t\t\t<p>Hei! Kiva, ett\u00e4 pid\u00e4t ty\u00f6st\u00e4ni ja haluat k\u00e4ytt\u00e4\u00e4 sit\u00e4. Autan mielell\u00e4ni.<\/p>\t\t\t\t\t\t\t\t<\/div>\n\t\t\t\t\t<\/div>\n\t\t<\/div>\n\t\t\t\t\t<\/div>\n\t\t<\/section>\n\t\t\t\t<section class=\"elementor-section elementor-top-section elementor-element elementor-element-80ea412 elementor-section-boxed elementor-section-height-default elementor-section-height-default\" data-id=\"80ea412\" data-element_type=\"section\" data-e-type=\"section\">\n\t\t\t\t\t\t<div class=\"elementor-container elementor-column-gap-default\">\n\t\t\t\t\t<div class=\"elementor-column elementor-col-100 elementor-top-column elementor-element elementor-element-fbe4e12\" data-id=\"fbe4e12\" data-element_type=\"column\" data-e-type=\"column\">\n\t\t\t<div class=\"elementor-widget-wrap elementor-element-populated\">\n\t\t\t\t\t\t<div class=\"elementor-element elementor-element-c3a7fd7 elementor-widget elementor-widget-heading\" data-id=\"c3a7fd7\" data-element_type=\"widget\" data-e-type=\"widget\" data-widget_type=\"heading.default\">\n\t\t\t\t\t<h2 class=\"elementor-heading-title elementor-size-default\">Viittausvaatimukset<\/h2>\t\t\t\t<\/div>\n\t\t\t\t<div class=\"elementor-element elementor-element-cb5e6d9 elementor-widget elementor-widget-text-editor\" data-id=\"cb5e6d9\" data-element_type=\"widget\" data-e-type=\"widget\" data-widget_type=\"text-editor.default\">\n\t\t\t\t\t\t\t\t\t<p>Jos viittaat sivuun, jossa on jo viittausohjeet (kuten minun sivuni<a href=\"https:\/\/melindaozel.com\/facs-cheat-sheet\/\" target=\"_blank\" rel=\"noopener\"> FACS-huijauslehti<\/a> tai <a href=\"https:\/\/melindaozel.com\/viseme-cheat-sheet\/\" target=\"_blank\" rel=\"noopener\">Viseme huijauslehti<\/a>), noudata yksinkertaisesti olemassa olevia viittausohjeita. Jos siteeraat sivustollani olevaa viesti\u00e4, artikkelia tai visuaalista materiaalia, jota <em>ei <\/em>on sis\u00e4\u00e4nrakennettu viittausohjeet, t\u00e4ss\u00e4 kerrotaan, miten se mainitaan oikein:<\/p><h3>1. K\u00e4yt\u00e4 nime\u00e4ni (se on Melinda Ozel)<\/h3><p>Luettelo koko nimest\u00e4ni (<a href=\"https:\/\/melindaozel.com\/who-is-melinda-ozel\/\" target=\"_blank\" rel=\"noopener\">Melinda Ozel<\/a>) tekij\u00e4n\u00e4.<\/p><h3>2. Sis\u00e4llyt\u00e4 p\u00e4iv\u00e4m\u00e4\u00e4r\u00e4<\/h3><p>K\u00e4yt\u00e4 julkaisup\u00e4iv\u00e4\u00e4 tai viimeisint\u00e4 p\u00e4ivitysp\u00e4iv\u00e4\u00e4, jos se on lueteltu. Jos sit\u00e4 ei ole saatavilla, merkitse vuosi, jolloin olet tutustunut sis\u00e4lt\u00f6\u00f6n.<\/p><h3>3. Otsikoi sivu tai viesti<\/h3><p>K\u00e4yt\u00e4 virallista otsikkoa, jos sivulla on sellainen. Jos ei ole, luo selke\u00e4, kuvaava otsikko lainausmerkeiss\u00e4. Esimerkki: <em data-start=\"1003\" data-end=\"1060\">\"Huomautuksia visemian vaihtelusta\"<\/em><\/p><h3>4. Sis\u00e4llyt\u00e4 URL-osoite<\/h3><p>K\u00e4yt\u00e4 koko sivun linkki\u00e4, \u00e4l\u00e4 vain etusivua. Sen pit\u00e4isi n\u00e4ytt\u00e4\u00e4 jotakuinkin t\u00e4lt\u00e4:<br \/><code data-start=\"1119\" data-end=\"1145\">https:\/\/melindaozel.com\/insert-specific-post\/<\/code><\/p>\t\t\t\t\t\t\t\t<\/div>\n\t\t\t\t\t<\/div>\n\t\t<\/div>\n\t\t\t\t\t<\/div>\n\t\t<\/section>\n\t\t\t\t<section class=\"elementor-section elementor-top-section elementor-element elementor-element-4909bfe elementor-section-boxed elementor-section-height-default elementor-section-height-default\" data-id=\"4909bfe\" data-element_type=\"section\" data-e-type=\"section\">\n\t\t\t\t\t\t<div class=\"elementor-container elementor-column-gap-default\">\n\t\t\t\t\t<div class=\"elementor-column elementor-col-100 elementor-top-column elementor-element elementor-element-5a75ea2\" data-id=\"5a75ea2\" data-element_type=\"column\" data-e-type=\"column\">\n\t\t\t<div class=\"elementor-widget-wrap elementor-element-populated\">\n\t\t\t\t\t\t<div class=\"elementor-element elementor-element-e4ed948 elementor-widget elementor-widget-heading\" data-id=\"e4ed948\" data-element_type=\"widget\" data-e-type=\"widget\" data-widget_type=\"heading.default\">\n\t\t\t\t\t<h2 class=\"elementor-heading-title elementor-size-default\">Muut m\u00e4\u00e4ritteet<\/h2>\t\t\t\t<\/div>\n\t\t\t\t\t<\/div>\n\t\t<\/div>\n\t\t\t\t\t<\/div>\n\t\t<\/section>\n\t\t\t\t<section class=\"elementor-section elementor-top-section elementor-element elementor-element-c164cb6 elementor-section-boxed elementor-section-height-default elementor-section-height-default\" data-id=\"c164cb6\" data-element_type=\"section\" data-e-type=\"section\">\n\t\t\t\t\t\t<div class=\"elementor-container elementor-column-gap-default\">\n\t\t\t\t\t<div class=\"elementor-column elementor-col-100 elementor-top-column elementor-element elementor-element-49580af\" data-id=\"49580af\" data-element_type=\"column\" data-e-type=\"column\">\n\t\t\t<div class=\"elementor-widget-wrap elementor-element-populated\">\n\t\t\t\t\t\t<div class=\"elementor-element elementor-element-743b714 elementor-widget elementor-widget-text-editor\" data-id=\"743b714\" data-element_type=\"widget\" data-e-type=\"widget\" data-widget_type=\"text-editor.default\">\n\t\t\t\t\t\t\t\t\t<h3>Haluatko k\u00e4ytt\u00e4\u00e4 kuviani?<\/h3><p>Pyyd\u00e4n lupaa ennen kuin k\u00e4yt\u00e4t sivustoni kuvia tai grafiikkaa akateemisissa t\u00f6iss\u00e4, diaesityksiss\u00e4, esityksiss\u00e4 tai miss\u00e4 tahansa muussa luomassasi aineistossa.<\/p><p><strong>Miksi? <\/strong>Vaikka 99% visuaalisesta aineistosta on minun, pieni osa voi olla lisensoitua, tilattua tai yhteisty\u00f6ss\u00e4 tehty\u00e4. Tarkista asia ennen kuin k\u00e4yt\u00e4t mit\u00e4\u00e4n. Voit ottaa minuun yhteytt\u00e4 selvyyden vuoksi: facetheFACS@melindaozel.com.<\/p><h3>Keksityt termit tai lausekkeet<\/h3><p>Jos olet...<\/p><ul><li>lainaamalla jotakin keksim\u00e4\u00e4ni termi\u00e4, alkuper\u00e4ist\u00e4 kehyst\u00e4 tai teoriaa (kuten \"huuliraudat\", \"ensisijainen ilmaisullinen tulos\" jne.).<\/li><li>k\u00e4ytt\u00e4\u00e4 voimakkaasti referenssilomakkeitani<\/li><\/ul><p>...siteeraa sit\u00e4 kuten mit\u00e4 tahansa l\u00e4hdepohjaista termi\u00e4 tai mallia. Nime\u00e4minen luo luottamusta.<\/p><h3>Akateemiset viitteet<\/h3><p>Luettelo akateemisista julkaisuistani, patenteistani ja siteeratuista t\u00f6ist\u00e4ni on osoitteessa <a href=\"https:\/\/scholar.google.com\/citations?user=P205y6YAAAAJ&amp;hl=en\" target=\"_blank\" rel=\"noopener\">Google Scholar -profiilini<\/a>.<\/p><h3>Onko sinulla lis\u00e4\u00e4 kysymyksi\u00e4?<\/h3><p>L\u00e4het\u00e4 minulle s\u00e4hk\u00f6postia osoitteeseen: facetheFACS@melindaozel.com<\/p>\t\t\t\t\t\t\t\t<\/div>\n\t\t\t\t\t<\/div>\n\t\t<\/div>\n\t\t\t\t\t<\/div>\n\t\t<\/section>\n\t\t\t\t<section class=\"elementor-section elementor-top-section elementor-element elementor-element-2947dbcc elementor-section-boxed elementor-section-height-default elementor-section-height-default\" data-id=\"2947dbcc\" data-element_type=\"section\" data-e-type=\"section\">\n\t\t\t\t\t\t<div class=\"elementor-container elementor-column-gap-default\">\n\t\t\t\t\t<div class=\"elementor-column elementor-col-100 elementor-top-column elementor-element elementor-element-19be5ada\" data-id=\"19be5ada\" data-element_type=\"column\" data-e-type=\"column\">\n\t\t\t<div class=\"elementor-widget-wrap elementor-element-populated\">\n\t\t\t\t\t\t<div class=\"elementor-element elementor-element-7191b4d7 elementor-view-default elementor-widget elementor-widget-icon\" data-id=\"7191b4d7\" data-element_type=\"widget\" data-e-type=\"widget\" data-widget_type=\"icon.default\">\n\t\t\t\t\t\t\t<div class=\"elementor-icon-wrapper\">\n\t\t\t<a class=\"elementor-icon\" href=\"https:\/\/melindaozel.com\/\">\n\t\t\t<svg aria-hidden=\"true\" class=\"e-font-icon-svg e-fas-home\" viewbox=\"0 0 576 512\" xmlns=\"http:\/\/www.w3.org\/2000\/svg\"><path d=\"M280.37 148.26L96 300.11V464a16 16 0 0 0 16 16l112.06-.29a16 16 0 0 0 15.92-16V368a16 16 0 0 1 16-16h64a16 16 0 0 1 16 16v95.64a16 16 0 0 0 16 16.05L464 480a16 16 0 0 0 16-16V300L295.67 148.26a12.19 12.19 0 0 0-15.3 0zM571.6 251.47L488 182.56V44.05a12 12 0 0 0-12-12h-56a12 12 0 0 0-12 12v72.61L318.47 43a48 48 0 0 0-61 0L4.34 251.47a12 12 0 0 0-1.6 16.9l25.5 31A12 12 0 0 0 45.15 301l235.22-193.74a12.19 12.19 0 0 1 15.3 0L530.9 301a12 12 0 0 0 16.9-1.6l25.5-31a12 12 0 0 0-1.7-16.93z\"><\/path><\/svg>\t\t\t<\/a>\n\t\t<\/div>\n\t\t\t\t\t\t<\/div>\n\t\t\t\t\t<\/div>\n\t\t<\/div>\n\t\t\t\t\t<\/div>\n\t\t<\/section>\n\t\t\t\t<\/div>","protected":false},"excerpt":{"rendered":"<p>Hei! Kiva, ett\u00e4 pid\u00e4t ty\u00f6st\u00e4ni ja haluat k\u00e4ytt\u00e4\u00e4 sit\u00e4. Autan mielell\u00e4ni. Viittausvaatimukset Jos viittaat sivuun, jolla on jo viittausohjeet (kuten FACS Cheat Sheet tai Viseme Cheat Sheet), noudata yksinkertaisesti olemassa olevia viittausohjeita. Jos siteeraat sivustoni viesti\u00e4, artikkelia tai visuaalista materiaalia, joka ei ... <a title=\"Kuinka siteerata ty\u00f6t\u00e4ni ja k\u00e4ytt\u00e4\u00e4 visuaalista materiaalia?\" class=\"read-more\" href=\"https:\/\/melindaozel.com\/fi\/how-to-cite-my-work-use-my-visuals\/\" aria-label=\"Lue lis\u00e4\u00e4 aiheesta Kuinka siteerata ty\u00f6t\u00e4ni ja k\u00e4ytt\u00e4\u00e4 visuaalista materiaaliani?\">Lue lis\u00e4\u00e4<\/a><\/p>","protected":false},"author":60486633,"featured_media":0,"parent":0,"menu_order":0,"comment_status":"closed","ping_status":"closed","template":"","meta":{"footnotes":""},"class_list":["post-12603","page","type-page","status-publish"],"yoast_head":"<!-- This site is optimized with the Yoast SEO Premium plugin v27.3 (Yoast SEO v27.3) - https:\/\/yoast.com\/product\/yoast-seo-premium-wordpress\/ -->\n<title>How to Cite My Work &amp; Use My Visuals - Face the FACS | Facial Expressions in Animation, AI, &amp; Behavior<\/title>\n<meta name=\"robots\" content=\"index, follow, max-snippet:-1, max-image-preview:large, max-video-preview:-1\" \/>\n<link rel=\"canonical\" href=\"https:\/\/melindaozel.com\/fi\/how-to-cite-my-work-use-my-visuals\/\" \/>\n<meta property=\"og:locale\" content=\"fi_FI\" \/>\n<meta property=\"og:type\" content=\"article\" \/>\n<meta property=\"og:title\" content=\"How to Cite My Work &amp; Use My Visuals\" \/>\n<meta property=\"og:description\" content=\"Hi! Glad you like my work and wish to use it. I&#8217;m happy to help. Citation Requirements If you\u2019re referencing a page that already has citation instructions (like my FACS Cheat Sheet or Viseme Cheat Sheet), simply follow the existing citation instructions. If you\u2019re citing a post, article, or visual from my site that doesn\u2019t ... Lue lis\u00e4\u00e4\" \/>\n<meta property=\"og:url\" content=\"https:\/\/melindaozel.com\/fi\/how-to-cite-my-work-use-my-visuals\/\" \/>\n<meta property=\"og:site_name\" content=\"Face the FACS | Facial Expressions in Animation, AI, &amp; Behavior\" \/>\n<meta property=\"article:publisher\" content=\"https:\/\/facebook.com\/facetheFACS\/\" \/>\n<meta property=\"article:modified_time\" content=\"2025-05-21T21:05:28+00:00\" \/>\n<meta property=\"og:image\" content=\"https:\/\/melindaozel.com\/wp-content\/uploads\/2020\/06\/face2-1024x1024.png\" \/>\n\t<meta property=\"og:image:width\" content=\"1024\" \/>\n\t<meta property=\"og:image:height\" content=\"1024\" \/>\n\t<meta property=\"og:image:type\" content=\"image\/png\" \/>\n<meta name=\"twitter:card\" content=\"summary_large_image\" \/>\n<meta name=\"twitter:site\" content=\"@melindaozel\" \/>\n<meta name=\"twitter:label1\" content=\"Arvioitu lukuaika\" \/>\n\t<meta name=\"twitter:data1\" content=\"2 minuuttia\" \/>\n<script type=\"application\/ld+json\" class=\"yoast-schema-graph\">{\"@context\":\"https:\\\/\\\/schema.org\",\"@graph\":[{\"@type\":\"WebPage\",\"@id\":\"https:\\\/\\\/melindaozel.com\\\/how-to-cite-my-work-use-my-visuals\\\/\",\"url\":\"https:\\\/\\\/melindaozel.com\\\/how-to-cite-my-work-use-my-visuals\\\/\",\"name\":\"How to Cite My Work & Use My Visuals - Face the FACS | Facial Expressions in Animation, AI, &amp; Behavior\",\"isPartOf\":{\"@id\":\"https:\\\/\\\/melindaozel.com\\\/zh\\\/#website\"},\"datePublished\":\"2025-05-21T20:58:50+00:00\",\"dateModified\":\"2025-05-21T21:05:28+00:00\",\"breadcrumb\":{\"@id\":\"https:\\\/\\\/melindaozel.com\\\/how-to-cite-my-work-use-my-visuals\\\/#breadcrumb\"},\"inLanguage\":\"fi\",\"potentialAction\":[{\"@type\":\"ReadAction\",\"target\":[\"https:\\\/\\\/melindaozel.com\\\/how-to-cite-my-work-use-my-visuals\\\/\"]}]},{\"@type\":\"BreadcrumbList\",\"@id\":\"https:\\\/\\\/melindaozel.com\\\/how-to-cite-my-work-use-my-visuals\\\/#breadcrumb\",\"itemListElement\":[{\"@type\":\"ListItem\",\"position\":1,\"name\":\"Home\",\"item\":\"https:\\\/\\\/melindaozel.com\\\/\"},{\"@type\":\"ListItem\",\"position\":2,\"name\":\"How to Cite My Work &#038; Use My Visuals\"}]},{\"@type\":\"WebSite\",\"@id\":\"https:\\\/\\\/melindaozel.com\\\/zh\\\/#website\",\"url\":\"https:\\\/\\\/melindaozel.com\\\/zh\\\/\",\"name\":\"Face the FACS\",\"description\":\"Facial Expressions in Art, Science, &amp; Technology\",\"publisher\":{\"@id\":\"https:\\\/\\\/melindaozel.com\\\/zh\\\/#\\\/schema\\\/person\\\/81c6262e1bfca3c71960db5aee204e3f\"},\"potentialAction\":[{\"@type\":\"SearchAction\",\"target\":{\"@type\":\"EntryPoint\",\"urlTemplate\":\"https:\\\/\\\/melindaozel.com\\\/zh\\\/?s={search_term_string}\"},\"query-input\":{\"@type\":\"PropertyValueSpecification\",\"valueRequired\":true,\"valueName\":\"search_term_string\"}}],\"inLanguage\":\"fi\"},{\"@type\":[\"Person\",\"Organization\"],\"@id\":\"https:\\\/\\\/melindaozel.com\\\/zh\\\/#\\\/schema\\\/person\\\/81c6262e1bfca3c71960db5aee204e3f\",\"name\":\"Melinda Ozel\",\"image\":{\"@type\":\"ImageObject\",\"inLanguage\":\"fi\",\"@id\":\"https:\\\/\\\/i0.wp.com\\\/melindaozel.com\\\/wp-content\\\/uploads\\\/2025\\\/02\\\/face-the-FACS-eye-mouth-logo-pixel.webp?fit=225%2C225&ssl=1\",\"url\":\"https:\\\/\\\/i0.wp.com\\\/melindaozel.com\\\/wp-content\\\/uploads\\\/2025\\\/02\\\/face-the-FACS-eye-mouth-logo-pixel.webp?fit=225%2C225&ssl=1\",\"contentUrl\":\"https:\\\/\\\/i0.wp.com\\\/melindaozel.com\\\/wp-content\\\/uploads\\\/2025\\\/02\\\/face-the-FACS-eye-mouth-logo-pixel.webp?fit=225%2C225&ssl=1\",\"width\":225,\"height\":225,\"caption\":\"Melinda Ozel\"},\"logo\":{\"@id\":\"https:\\\/\\\/i0.wp.com\\\/melindaozel.com\\\/wp-content\\\/uploads\\\/2025\\\/02\\\/face-the-FACS-eye-mouth-logo-pixel.webp?fit=225%2C225&ssl=1\"},\"sameAs\":[\"https:\\\/\\\/melindaozel.com\",\"https:\\\/\\\/facebook.com\\\/facetheFACS\\\/\",\"https:\\\/\\\/instagram.com\\\/manicexpression\",\"https:\\\/\\\/linkedin.com\\\/in\\\/melindaozel\",\"https:\\\/\\\/pinterest.com\\\/melindaozel\\\/\",\"https:\\\/\\\/x.com\\\/melindaozel\",\"https:\\\/\\\/youtube.com\\\/@facetheFACS\"],\"knowsAbout\":[\"Facial Action Coding System (FACS)\",\"Facial Expression Tracking\",\"Facial Anatomy\",\"Facial Animation\",\"Digital Humans\",\"Audio-to-Expression\",\"Audio-to-Face\",\"Visemes\",\"Lipsync\"],\"jobTitle\":\"Facial Systems Expert, Expression Scientist\",\"numberOfEmployees\":{\"@type\":\"QuantitativeValue\",\"minValue\":\"1\",\"maxValue\":\"10\"}}]}<\/script>\n<!-- \/ Yoast SEO Premium plugin. -->","yoast_head_json":{"title":"Miten siteeraan ty\u00f6t\u00e4ni ja k\u00e4yt\u00e4n kuvamateriaaliani - Face the FACS | Kasvojen ilmeet animaatiossa, teko\u00e4lyss\u00e4 ja k\u00e4ytt\u00e4ytymisess\u00e4","robots":{"index":"index","follow":"follow","max-snippet":"max-snippet:-1","max-image-preview":"max-image-preview:large","max-video-preview":"max-video-preview:-1"},"canonical":"https:\/\/melindaozel.com\/fi\/how-to-cite-my-work-use-my-visuals\/","og_locale":"fi_FI","og_type":"article","og_title":"How to Cite My Work & Use My Visuals","og_description":"Hi! Glad you like my work and wish to use it. I&#8217;m happy to help. Citation Requirements If you\u2019re referencing a page that already has citation instructions (like my FACS Cheat Sheet or Viseme Cheat Sheet), simply follow the existing citation instructions. If you\u2019re citing a post, article, or visual from my site that doesn\u2019t ... Lue lis\u00e4\u00e4","og_url":"https:\/\/melindaozel.com\/fi\/how-to-cite-my-work-use-my-visuals\/","og_site_name":"Face the FACS | Facial Expressions in Animation, AI, &amp; Behavior","article_publisher":"https:\/\/facebook.com\/facetheFACS\/","article_modified_time":"2025-05-21T21:05:28+00:00","og_image":[{"width":1024,"height":1024,"url":"https:\/\/melindaozel.com\/wp-content\/uploads\/2020\/06\/face2-1024x1024.png","type":"image\/png"}],"twitter_card":"summary_large_image","twitter_site":"@melindaozel","twitter_misc":{"Arvioitu lukuaika":"2 minuuttia"},"schema":{"@context":"https:\/\/schema.org","@graph":[{"@type":"WebPage","@id":"https:\/\/melindaozel.com\/how-to-cite-my-work-use-my-visuals\/","url":"https:\/\/melindaozel.com\/how-to-cite-my-work-use-my-visuals\/","name":"Miten siteeraan ty\u00f6t\u00e4ni ja k\u00e4yt\u00e4n kuvamateriaaliani - Face the FACS | Kasvojen ilmeet animaatiossa, teko\u00e4lyss\u00e4 ja k\u00e4ytt\u00e4ytymisess\u00e4","isPartOf":{"@id":"https:\/\/melindaozel.com\/zh\/#website"},"datePublished":"2025-05-21T20:58:50+00:00","dateModified":"2025-05-21T21:05:28+00:00","breadcrumb":{"@id":"https:\/\/melindaozel.com\/how-to-cite-my-work-use-my-visuals\/#breadcrumb"},"inLanguage":"fi","potentialAction":[{"@type":"ReadAction","target":["https:\/\/melindaozel.com\/how-to-cite-my-work-use-my-visuals\/"]}]},{"@type":"BreadcrumbList","@id":"https:\/\/melindaozel.com\/how-to-cite-my-work-use-my-visuals\/#breadcrumb","itemListElement":[{"@type":"ListItem","position":1,"name":"Home","item":"https:\/\/melindaozel.com\/"},{"@type":"ListItem","position":2,"name":"How to Cite My Work &#038; Use My Visuals"}]},{"@type":"WebSite","@id":"https:\/\/melindaozel.com\/zh\/#website","url":"https:\/\/melindaozel.com\/zh\/","name":"Kohtaaminen FACS:n kanssa","description":"Kasvojen ilmeet taiteessa, tieteess\u00e4 ja teknologiassa","publisher":{"@id":"https:\/\/melindaozel.com\/zh\/#\/schema\/person\/81c6262e1bfca3c71960db5aee204e3f"},"potentialAction":[{"@type":"SearchAction","target":{"@type":"EntryPoint","urlTemplate":"https:\/\/melindaozel.com\/zh\/?s={search_term_string}"},"query-input":{"@type":"PropertyValueSpecification","valueRequired":true,"valueName":"search_term_string"}}],"inLanguage":"fi"},{"@type":["Person","Organization"],"@id":"https:\/\/melindaozel.com\/zh\/#\/schema\/person\/81c6262e1bfca3c71960db5aee204e3f","name":"Melinda Ozel","image":{"@type":"ImageObject","inLanguage":"fi","@id":"https:\/\/i0.wp.com\/melindaozel.com\/wp-content\/uploads\/2025\/02\/face-the-FACS-eye-mouth-logo-pixel.webp?fit=225%2C225&ssl=1","url":"https:\/\/i0.wp.com\/melindaozel.com\/wp-content\/uploads\/2025\/02\/face-the-FACS-eye-mouth-logo-pixel.webp?fit=225%2C225&ssl=1","contentUrl":"https:\/\/i0.wp.com\/melindaozel.com\/wp-content\/uploads\/2025\/02\/face-the-FACS-eye-mouth-logo-pixel.webp?fit=225%2C225&ssl=1","width":225,"height":225,"caption":"Melinda Ozel"},"logo":{"@id":"https:\/\/i0.wp.com\/melindaozel.com\/wp-content\/uploads\/2025\/02\/face-the-FACS-eye-mouth-logo-pixel.webp?fit=225%2C225&ssl=1"},"sameAs":["https:\/\/melindaozel.com","https:\/\/facebook.com\/facetheFACS\/","https:\/\/instagram.com\/manicexpression","https:\/\/linkedin.com\/in\/melindaozel","https:\/\/pinterest.com\/melindaozel\/","https:\/\/x.com\/melindaozel","https:\/\/youtube.com\/@facetheFACS"],"knowsAbout":["Facial Action Coding System (FACS)","Facial Expression Tracking","Facial Anatomy","Facial Animation","Digital Humans","Audio-to-Expression","Audio-to-Face","Visemes","Lipsync"],"jobTitle":"Facial Systems Expert, Expression Scientist","numberOfEmployees":{"@type":"QuantitativeValue","minValue":"1","maxValue":"10"}}]}},"jetpack_sharing_enabled":true,"_links":{"self":[{"href":"https:\/\/melindaozel.com\/fi\/wp-json\/wp\/v2\/pages\/12603","targetHints":{"allow":["GET"]}}],"collection":[{"href":"https:\/\/melindaozel.com\/fi\/wp-json\/wp\/v2\/pages"}],"about":[{"href":"https:\/\/melindaozel.com\/fi\/wp-json\/wp\/v2\/types\/page"}],"author":[{"embeddable":true,"href":"https:\/\/melindaozel.com\/fi\/wp-json\/wp\/v2\/users\/60486633"}],"replies":[{"embeddable":true,"href":"https:\/\/melindaozel.com\/fi\/wp-json\/wp\/v2\/comments?post=12603"}],"version-history":[{"count":9,"href":"https:\/\/melindaozel.com\/fi\/wp-json\/wp\/v2\/pages\/12603\/revisions"}],"predecessor-version":[{"id":12619,"href":"https:\/\/melindaozel.com\/fi\/wp-json\/wp\/v2\/pages\/12603\/revisions\/12619"}],"wp:attachment":[{"href":"https:\/\/melindaozel.com\/fi\/wp-json\/wp\/v2\/media?parent=12603"}],"curies":[{"name":"wp","href":"https:\/\/api.w.org\/{rel}","templated":true}]}}