{"id":5586,"date":"2021-08-30T10:46:07","date_gmt":"2021-08-30T14:46:07","guid":{"rendered":"https:\/\/melindaozel.com\/?page_id=5586"},"modified":"2025-02-22T20:24:11","modified_gmt":"2025-02-23T01:24:11","slug":"login-issues","status":"publish","type":"page","link":"https:\/\/melindaozel.com\/es_ve\/login-issues\/","title":{"rendered":"\u00bfProblemas para iniciar sesi\u00f3n?"},"content":{"rendered":"<div data-elementor-type=\"wp-page\" data-elementor-id=\"5586\" class=\"elementor elementor-5586\" data-elementor-post-type=\"page\">\n\t\t\t\t\t\t<section class=\"elementor-section elementor-top-section elementor-element elementor-element-5a30057e elementor-section-boxed elementor-section-height-default elementor-section-height-default\" data-id=\"5a30057e\" data-element_type=\"section\" data-e-type=\"section\">\n\t\t\t\t\t\t<div class=\"elementor-container elementor-column-gap-default\">\n\t\t\t\t\t<div class=\"elementor-column elementor-col-100 elementor-top-column elementor-element elementor-element-40519827\" data-id=\"40519827\" data-element_type=\"column\" data-e-type=\"column\">\n\t\t\t<div class=\"elementor-widget-wrap elementor-element-populated\">\n\t\t\t\t\t\t<div class=\"elementor-element elementor-element-13c3d556 elementor-widget elementor-widget-text-editor\" data-id=\"13c3d556\" data-element_type=\"widget\" data-e-type=\"widget\" data-widget_type=\"text-editor.default\">\n\t\t\t\t\t\t\t\t\t<h2 style=\"text-align: center;\">Si est\u00e1s experimentando el bucle de inicio de sesi\u00f3n infinito, \u00a1no temas!<\/h2><h3><span style=\"text-decoration: underline;\">Estos son los pasos que hay que dar para garantizar un inicio de sesi\u00f3n feliz:<\/span><\/h3><ol><li><strong>Crea una cuenta de WordPress con el MISMO correo electr\u00f3nico que utilizaste para registrarte en Face the FACS.<\/strong><br \/><em>Enfrentar a los FACS<\/em> est\u00e1 impulsado por WordPress, y a veces a WordPress le cuesta recordar a los usuarios que no tienen una cuenta de WordPress. Crear una cuenta de WordPress ayuda a WordPress a recordar tu informaci\u00f3n. <br \/><br \/><\/li><li><strong>Active la autenticaci\u00f3n de dos factores.<br \/><\/strong>No s\u00e9 por qu\u00e9 esto hace que las cosas funcionen, pero esta es la magia que ha hecho el truco para otros.<br \/><br \/><\/li><li><strong>Inicie sesi\u00f3n en su nueva cuenta de WordPress. <br \/><br \/><\/strong><\/li><li><strong>Inicie sesi\u00f3n en su <em>Enfrentar a los FACS<\/em> cuenta de usuario.<br \/><br \/><\/strong><\/li><li><strong>Si sigues viendo la ventana emergente \"demuestra tu humanidad\" \/ te redirige a iniciar sesi\u00f3n en WordPress: <br \/><\/strong>a. <strong>Resuelve la ecuaci\u00f3n. <br \/><\/strong>b. <strong>Ignora el aviso de inicio de sesi\u00f3n de WordPress.<br \/><\/strong>c. <strong>Vuelve al contenido premium al que estabas intentando acceder.\u00a0\u00a0<br \/><br \/><\/strong><\/li><li><strong>Si las cosas siguen sin funcionar, env\u00ede un correo electr\u00f3nico <span style=\"text-decoration: underline;\">facetheFACS@melindaozel.com<\/span> \u00a1por ayuda!<span style=\"color: #f26241;\"> Me romper\u00e9 la espalda para arreglar tus problemas de acceso.<\/span><\/strong><\/li><\/ol>\t\t\t\t\t\t\t\t<\/div>\n\t\t\t\t\t<\/div>\n\t\t<\/div>\n\t\t\t\t\t<\/div>\n\t\t<\/section>\n\t\t\t\t<\/div>","protected":false},"excerpt":{"rendered":"<p>Si est\u00e1s experimentando el bucle infinito de inicio de sesi\u00f3n, \u00a1no te preocupes! Estos son los pasos que debes seguir para garantizar un inicio de sesi\u00f3n satisfactorio: Crea una cuenta de WordPress con el MISMO correo electr\u00f3nico que utilizaste para registrarte en Face the FACS. Face the FACS funciona con WordPress, y a veces WordPress tiene dificultades para recordar a los usuarios sin... <a title=\"\u00bfProblemas para iniciar sesi\u00f3n?\" class=\"read-more\" href=\"https:\/\/melindaozel.com\/es_ve\/login-issues\/\" aria-label=\"\u00bfM\u00e1s informaci\u00f3n sobre problemas de inicio de sesi\u00f3n?\">Seguir leyendo<\/a><\/p>","protected":false},"author":60486633,"featured_media":0,"parent":0,"menu_order":0,"comment_status":"closed","ping_status":"closed","template":"","meta":{"footnotes":""},"class_list":["post-5586","page","type-page","status-publish"],"yoast_head":"<!-- This site is optimized with the Yoast SEO Premium plugin v27.3 (Yoast SEO v27.3) - https:\/\/yoast.com\/product\/yoast-seo-premium-wordpress\/ -->\n<title>Login Issues? - Face the FACS | Facial Expressions in Animation, AI, &amp; Behavior<\/title>\n<meta name=\"robots\" content=\"index, follow, max-snippet:-1, max-image-preview:large, max-video-preview:-1\" \/>\n<link rel=\"canonical\" href=\"https:\/\/melindaozel.com\/es_ve\/login-issues\/\" \/>\n<meta property=\"og:locale\" content=\"es_ES\" \/>\n<meta property=\"og:type\" content=\"article\" \/>\n<meta property=\"og:title\" content=\"Login Issues?\" \/>\n<meta property=\"og:description\" content=\"If you are experiencing the infinite login loop, have no fear! Here are the steps to take to ensure a happy login: Create a WordPress account with the SAME email you used to sign up for Face the FACS.Face the FACS is powered by WordPress, and sometimes WordPress has a difficult time remembering users without ... Read more\" \/>\n<meta property=\"og:url\" content=\"https:\/\/melindaozel.com\/es_ve\/login-issues\/\" \/>\n<meta property=\"og:site_name\" content=\"Face the FACS | Facial Expressions in Animation, AI, &amp; Behavior\" \/>\n<meta property=\"article:publisher\" content=\"https:\/\/facebook.com\/facetheFACS\/\" \/>\n<meta property=\"article:modified_time\" content=\"2025-02-23T01:24:11+00:00\" \/>\n<meta property=\"og:image\" content=\"https:\/\/melindaozel.com\/wp-content\/uploads\/2020\/06\/face2-1024x1024.png\" \/>\n\t<meta property=\"og:image:width\" content=\"1024\" \/>\n\t<meta property=\"og:image:height\" content=\"1024\" \/>\n\t<meta property=\"og:image:type\" content=\"image\/png\" \/>\n<meta name=\"twitter:card\" content=\"summary_large_image\" \/>\n<meta name=\"twitter:site\" content=\"@melindaozel\" \/>\n<meta name=\"twitter:label1\" content=\"Tiempo estimado de lectura\" \/>\n\t<meta name=\"twitter:data1\" content=\"1 minuto\" \/>\n<script type=\"application\/ld+json\" class=\"yoast-schema-graph\">{\"@context\":\"https:\\\/\\\/schema.org\",\"@graph\":[{\"@type\":\"WebPage\",\"@id\":\"https:\\\/\\\/melindaozel.com\\\/login-issues\\\/\",\"url\":\"https:\\\/\\\/melindaozel.com\\\/login-issues\\\/\",\"name\":\"Login Issues? - Face the FACS | Facial Expressions in Animation, AI, &amp; Behavior\",\"isPartOf\":{\"@id\":\"https:\\\/\\\/melindaozel.com\\\/zh\\\/#website\"},\"datePublished\":\"2021-08-30T14:46:07+00:00\",\"dateModified\":\"2025-02-23T01:24:11+00:00\",\"breadcrumb\":{\"@id\":\"https:\\\/\\\/melindaozel.com\\\/login-issues\\\/#breadcrumb\"},\"inLanguage\":\"es\",\"potentialAction\":[{\"@type\":\"ReadAction\",\"target\":[\"https:\\\/\\\/melindaozel.com\\\/login-issues\\\/\"]}]},{\"@type\":\"BreadcrumbList\",\"@id\":\"https:\\\/\\\/melindaozel.com\\\/login-issues\\\/#breadcrumb\",\"itemListElement\":[{\"@type\":\"ListItem\",\"position\":1,\"name\":\"Home\",\"item\":\"https:\\\/\\\/melindaozel.com\\\/\"},{\"@type\":\"ListItem\",\"position\":2,\"name\":\"Login Issues?\"}]},{\"@type\":\"WebSite\",\"@id\":\"https:\\\/\\\/melindaozel.com\\\/zh\\\/#website\",\"url\":\"https:\\\/\\\/melindaozel.com\\\/zh\\\/\",\"name\":\"Face the FACS\",\"description\":\"Facial Expressions in Art, Science, &amp; Technology\",\"publisher\":{\"@id\":\"https:\\\/\\\/melindaozel.com\\\/zh\\\/#\\\/schema\\\/person\\\/81c6262e1bfca3c71960db5aee204e3f\"},\"potentialAction\":[{\"@type\":\"SearchAction\",\"target\":{\"@type\":\"EntryPoint\",\"urlTemplate\":\"https:\\\/\\\/melindaozel.com\\\/zh\\\/?s={search_term_string}\"},\"query-input\":{\"@type\":\"PropertyValueSpecification\",\"valueRequired\":true,\"valueName\":\"search_term_string\"}}],\"inLanguage\":\"es\"},{\"@type\":[\"Person\",\"Organization\"],\"@id\":\"https:\\\/\\\/melindaozel.com\\\/zh\\\/#\\\/schema\\\/person\\\/81c6262e1bfca3c71960db5aee204e3f\",\"name\":\"Melinda Ozel\",\"image\":{\"@type\":\"ImageObject\",\"inLanguage\":\"es\",\"@id\":\"https:\\\/\\\/i0.wp.com\\\/melindaozel.com\\\/wp-content\\\/uploads\\\/2025\\\/02\\\/face-the-FACS-eye-mouth-logo-pixel.webp?fit=225%2C225&ssl=1\",\"url\":\"https:\\\/\\\/i0.wp.com\\\/melindaozel.com\\\/wp-content\\\/uploads\\\/2025\\\/02\\\/face-the-FACS-eye-mouth-logo-pixel.webp?fit=225%2C225&ssl=1\",\"contentUrl\":\"https:\\\/\\\/i0.wp.com\\\/melindaozel.com\\\/wp-content\\\/uploads\\\/2025\\\/02\\\/face-the-FACS-eye-mouth-logo-pixel.webp?fit=225%2C225&ssl=1\",\"width\":225,\"height\":225,\"caption\":\"Melinda Ozel\"},\"logo\":{\"@id\":\"https:\\\/\\\/i0.wp.com\\\/melindaozel.com\\\/wp-content\\\/uploads\\\/2025\\\/02\\\/face-the-FACS-eye-mouth-logo-pixel.webp?fit=225%2C225&ssl=1\"},\"sameAs\":[\"https:\\\/\\\/melindaozel.com\",\"https:\\\/\\\/facebook.com\\\/facetheFACS\\\/\",\"https:\\\/\\\/instagram.com\\\/manicexpression\",\"https:\\\/\\\/linkedin.com\\\/in\\\/melindaozel\",\"https:\\\/\\\/pinterest.com\\\/melindaozel\\\/\",\"https:\\\/\\\/x.com\\\/melindaozel\",\"https:\\\/\\\/youtube.com\\\/@facetheFACS\"],\"knowsAbout\":[\"Facial Action Coding System (FACS)\",\"Facial Expression Tracking\",\"Facial Anatomy\",\"Facial Animation\",\"Digital Humans\",\"Audio-to-Expression\",\"Audio-to-Face\",\"Visemes\",\"Lipsync\"],\"jobTitle\":\"Facial Systems Expert, Expression Scientist\",\"numberOfEmployees\":{\"@type\":\"QuantitativeValue\",\"minValue\":\"1\",\"maxValue\":\"10\"}}]}<\/script>\n<!-- \/ Yoast SEO Premium plugin. -->","yoast_head_json":{"title":"\u00bfProblemas para iniciar sesi\u00f3n? - Face the FACS | Expresiones faciales en animaci\u00f3n, inteligencia artificial y comportamiento","robots":{"index":"index","follow":"follow","max-snippet":"max-snippet:-1","max-image-preview":"max-image-preview:large","max-video-preview":"max-video-preview:-1"},"canonical":"https:\/\/melindaozel.com\/es_ve\/login-issues\/","og_locale":"es_ES","og_type":"article","og_title":"Login Issues?","og_description":"If you are experiencing the infinite login loop, have no fear! Here are the steps to take to ensure a happy login: Create a WordPress account with the SAME email you used to sign up for Face the FACS.Face the FACS is powered by WordPress, and sometimes WordPress has a difficult time remembering users without ... Read more","og_url":"https:\/\/melindaozel.com\/es_ve\/login-issues\/","og_site_name":"Face the FACS | Facial Expressions in Animation, AI, &amp; Behavior","article_publisher":"https:\/\/facebook.com\/facetheFACS\/","article_modified_time":"2025-02-23T01:24:11+00:00","og_image":[{"width":1024,"height":1024,"url":"https:\/\/melindaozel.com\/wp-content\/uploads\/2020\/06\/face2-1024x1024.png","type":"image\/png"}],"twitter_card":"summary_large_image","twitter_site":"@melindaozel","twitter_misc":{"Tiempo estimado de lectura":"1 minuto"},"schema":{"@context":"https:\/\/schema.org","@graph":[{"@type":"WebPage","@id":"https:\/\/melindaozel.com\/login-issues\/","url":"https:\/\/melindaozel.com\/login-issues\/","name":"\u00bfProblemas para iniciar sesi\u00f3n? - Face the FACS | Expresiones faciales en animaci\u00f3n, inteligencia artificial y comportamiento","isPartOf":{"@id":"https:\/\/melindaozel.com\/zh\/#website"},"datePublished":"2021-08-30T14:46:07+00:00","dateModified":"2025-02-23T01:24:11+00:00","breadcrumb":{"@id":"https:\/\/melindaozel.com\/login-issues\/#breadcrumb"},"inLanguage":"es","potentialAction":[{"@type":"ReadAction","target":["https:\/\/melindaozel.com\/login-issues\/"]}]},{"@type":"BreadcrumbList","@id":"https:\/\/melindaozel.com\/login-issues\/#breadcrumb","itemListElement":[{"@type":"ListItem","position":1,"name":"Home","item":"https:\/\/melindaozel.com\/"},{"@type":"ListItem","position":2,"name":"Login Issues?"}]},{"@type":"WebSite","@id":"https:\/\/melindaozel.com\/zh\/#website","url":"https:\/\/melindaozel.com\/zh\/","name":"Enfrentar a los FACS","description":"Expresiones faciales en el arte, la ciencia y la tecnolog\u00eda","publisher":{"@id":"https:\/\/melindaozel.com\/zh\/#\/schema\/person\/81c6262e1bfca3c71960db5aee204e3f"},"potentialAction":[{"@type":"SearchAction","target":{"@type":"EntryPoint","urlTemplate":"https:\/\/melindaozel.com\/zh\/?s={search_term_string}"},"query-input":{"@type":"PropertyValueSpecification","valueRequired":true,"valueName":"search_term_string"}}],"inLanguage":"es"},{"@type":["Person","Organization"],"@id":"https:\/\/melindaozel.com\/zh\/#\/schema\/person\/81c6262e1bfca3c71960db5aee204e3f","name":"Melinda Ozel","image":{"@type":"ImageObject","inLanguage":"es","@id":"https:\/\/i0.wp.com\/melindaozel.com\/wp-content\/uploads\/2025\/02\/face-the-FACS-eye-mouth-logo-pixel.webp?fit=225%2C225&ssl=1","url":"https:\/\/i0.wp.com\/melindaozel.com\/wp-content\/uploads\/2025\/02\/face-the-FACS-eye-mouth-logo-pixel.webp?fit=225%2C225&ssl=1","contentUrl":"https:\/\/i0.wp.com\/melindaozel.com\/wp-content\/uploads\/2025\/02\/face-the-FACS-eye-mouth-logo-pixel.webp?fit=225%2C225&ssl=1","width":225,"height":225,"caption":"Melinda Ozel"},"logo":{"@id":"https:\/\/i0.wp.com\/melindaozel.com\/wp-content\/uploads\/2025\/02\/face-the-FACS-eye-mouth-logo-pixel.webp?fit=225%2C225&ssl=1"},"sameAs":["https:\/\/melindaozel.com","https:\/\/facebook.com\/facetheFACS\/","https:\/\/instagram.com\/manicexpression","https:\/\/linkedin.com\/in\/melindaozel","https:\/\/pinterest.com\/melindaozel\/","https:\/\/x.com\/melindaozel","https:\/\/youtube.com\/@facetheFACS"],"knowsAbout":["Facial Action Coding System (FACS)","Facial Expression Tracking","Facial Anatomy","Facial Animation","Digital Humans","Audio-to-Expression","Audio-to-Face","Visemes","Lipsync"],"jobTitle":"Facial Systems Expert, Expression Scientist","numberOfEmployees":{"@type":"QuantitativeValue","minValue":"1","maxValue":"10"}}]}},"jetpack_sharing_enabled":true,"_links":{"self":[{"href":"https:\/\/melindaozel.com\/es_ve\/wp-json\/wp\/v2\/pages\/5586","targetHints":{"allow":["GET"]}}],"collection":[{"href":"https:\/\/melindaozel.com\/es_ve\/wp-json\/wp\/v2\/pages"}],"about":[{"href":"https:\/\/melindaozel.com\/es_ve\/wp-json\/wp\/v2\/types\/page"}],"author":[{"embeddable":true,"href":"https:\/\/melindaozel.com\/es_ve\/wp-json\/wp\/v2\/users\/60486633"}],"replies":[{"embeddable":true,"href":"https:\/\/melindaozel.com\/es_ve\/wp-json\/wp\/v2\/comments?post=5586"}],"version-history":[{"count":17,"href":"https:\/\/melindaozel.com\/es_ve\/wp-json\/wp\/v2\/pages\/5586\/revisions"}],"predecessor-version":[{"id":11465,"href":"https:\/\/melindaozel.com\/es_ve\/wp-json\/wp\/v2\/pages\/5586\/revisions\/11465"}],"wp:attachment":[{"href":"https:\/\/melindaozel.com\/es_ve\/wp-json\/wp\/v2\/media?parent=5586"}],"curies":[{"name":"wp","href":"https:\/\/api.w.org\/{rel}","templated":true}]}}