{"id":12603,"date":"2025-05-21T16:58:50","date_gmt":"2025-05-21T20:58:50","guid":{"rendered":"https:\/\/melindaozel.com\/?page_id=12603"},"modified":"2025-05-21T17:05:28","modified_gmt":"2025-05-21T21:05:28","slug":"how-to-cite-my-work-use-my-visuals","status":"publish","type":"page","link":"https:\/\/melindaozel.com\/es_ve\/how-to-cite-my-work-use-my-visuals\/","title":{"rendered":"C\u00f3mo citar mi trabajo y utilizar mis im\u00e1genes"},"content":{"rendered":"<div data-elementor-type=\"wp-page\" data-elementor-id=\"12603\" class=\"elementor elementor-12603\" data-elementor-post-type=\"page\">\n\t\t\t\t\t\t<section class=\"elementor-section elementor-top-section elementor-element elementor-element-efaac43 elementor-section-boxed elementor-section-height-default elementor-section-height-default\" data-id=\"efaac43\" data-element_type=\"section\" data-e-type=\"section\">\n\t\t\t\t\t\t<div class=\"elementor-container elementor-column-gap-default\">\n\t\t\t\t\t<div class=\"elementor-column elementor-col-100 elementor-top-column elementor-element elementor-element-303581c\" data-id=\"303581c\" data-element_type=\"column\" data-e-type=\"column\">\n\t\t\t<div class=\"elementor-widget-wrap elementor-element-populated\">\n\t\t\t\t\t\t<div class=\"elementor-element elementor-element-060e8c9 elementor-widget elementor-widget-text-editor\" data-id=\"060e8c9\" data-element_type=\"widget\" data-e-type=\"widget\" data-widget_type=\"text-editor.default\">\n\t\t\t\t\t\t\t\t\t<p>Hola, me alegro de que te guste mi trabajo y quieras utilizarlo. Estar\u00e9 encantada de ayudarle.<\/p>\t\t\t\t\t\t\t\t<\/div>\n\t\t\t\t\t<\/div>\n\t\t<\/div>\n\t\t\t\t\t<\/div>\n\t\t<\/section>\n\t\t\t\t<section class=\"elementor-section elementor-top-section elementor-element elementor-element-80ea412 elementor-section-boxed elementor-section-height-default elementor-section-height-default\" data-id=\"80ea412\" data-element_type=\"section\" data-e-type=\"section\">\n\t\t\t\t\t\t<div class=\"elementor-container elementor-column-gap-default\">\n\t\t\t\t\t<div class=\"elementor-column elementor-col-100 elementor-top-column elementor-element elementor-element-fbe4e12\" data-id=\"fbe4e12\" data-element_type=\"column\" data-e-type=\"column\">\n\t\t\t<div class=\"elementor-widget-wrap elementor-element-populated\">\n\t\t\t\t\t\t<div class=\"elementor-element elementor-element-c3a7fd7 elementor-widget elementor-widget-heading\" data-id=\"c3a7fd7\" data-element_type=\"widget\" data-e-type=\"widget\" data-widget_type=\"heading.default\">\n\t\t\t\t\t<h2 class=\"elementor-heading-title elementor-size-default\">Requisitos de citaci\u00f3n<\/h2>\t\t\t\t<\/div>\n\t\t\t\t<div class=\"elementor-element elementor-element-cb5e6d9 elementor-widget elementor-widget-text-editor\" data-id=\"cb5e6d9\" data-element_type=\"widget\" data-e-type=\"widget\" data-widget_type=\"text-editor.default\">\n\t\t\t\t\t\t\t\t\t<p>Si est\u00e1 haciendo referencia a una p\u00e1gina que ya tiene instrucciones de citaci\u00f3n (como mi<a href=\"https:\/\/melindaozel.com\/facs-cheat-sheet\/\" target=\"_blank\" rel=\"noopener\"> FACS Hoja de Trampas<\/a> o <a href=\"https:\/\/melindaozel.com\/viseme-cheat-sheet\/\" target=\"_blank\" rel=\"noopener\">Hoja de trucos de Viseme<\/a>), siga simplemente las instrucciones de citaci\u00f3n existentes. Si est\u00e1 citando un post, art\u00edculo o visual de mi sitio que <em>no <\/em>tienen una gu\u00eda de citas incorporada, a continuaci\u00f3n le indicamos c\u00f3mo acreditarlo correctamente:<\/p><h3>1. Usa mi nombre (es Melinda Ozel)<\/h3><p>Indique mi nombre completo (<a href=\"https:\/\/melindaozel.com\/who-is-melinda-ozel\/\" target=\"_blank\" rel=\"noopener\">Melinda Ozel<\/a>) como autor.<\/p><h3>2. Incluya la fecha<\/h3><p>Utilice la fecha de publicaci\u00f3n o de \u00faltima actualizaci\u00f3n si aparece en la lista. Si no est\u00e1 disponible, incluya el a\u00f1o en que accedi\u00f3 al contenido.<\/p><h3>3. T\u00edtulo de la p\u00e1gina o entrada<\/h3><p>Utilice el t\u00edtulo oficial si la p\u00e1gina tiene uno. Si no, cree uno claro y descriptivo entre comillas. Ejemplo: <em data-start=\"1003\" data-end=\"1060\">\"Notas sobre la variabilidad vis\u00e9mica\"<\/em><\/p><h3>4. Incluya la URL<\/h3><p>Utilice el enlace de la p\u00e1gina completa, no s\u00f3lo el de la p\u00e1gina de inicio. Deber\u00eda ser algo parecido a esto:<br \/><code data-start=\"1119\" data-end=\"1145\">https:\/\/melindaozel.com\/insert-specific-post\/<\/code><\/p>\t\t\t\t\t\t\t\t<\/div>\n\t\t\t\t\t<\/div>\n\t\t<\/div>\n\t\t\t\t\t<\/div>\n\t\t<\/section>\n\t\t\t\t<section class=\"elementor-section elementor-top-section elementor-element elementor-element-4909bfe elementor-section-boxed elementor-section-height-default elementor-section-height-default\" data-id=\"4909bfe\" data-element_type=\"section\" data-e-type=\"section\">\n\t\t\t\t\t\t<div class=\"elementor-container elementor-column-gap-default\">\n\t\t\t\t\t<div class=\"elementor-column elementor-col-100 elementor-top-column elementor-element elementor-element-5a75ea2\" data-id=\"5a75ea2\" data-element_type=\"column\" data-e-type=\"column\">\n\t\t\t<div class=\"elementor-widget-wrap elementor-element-populated\">\n\t\t\t\t\t\t<div class=\"elementor-element elementor-element-e4ed948 elementor-widget elementor-widget-heading\" data-id=\"e4ed948\" data-element_type=\"widget\" data-e-type=\"widget\" data-widget_type=\"heading.default\">\n\t\t\t\t\t<h2 class=\"elementor-heading-title elementor-size-default\">Otras atribuciones<\/h2>\t\t\t\t<\/div>\n\t\t\t\t\t<\/div>\n\t\t<\/div>\n\t\t\t\t\t<\/div>\n\t\t<\/section>\n\t\t\t\t<section class=\"elementor-section elementor-top-section elementor-element elementor-element-c164cb6 elementor-section-boxed elementor-section-height-default elementor-section-height-default\" data-id=\"c164cb6\" data-element_type=\"section\" data-e-type=\"section\">\n\t\t\t\t\t\t<div class=\"elementor-container elementor-column-gap-default\">\n\t\t\t\t\t<div class=\"elementor-column elementor-col-100 elementor-top-column elementor-element elementor-element-49580af\" data-id=\"49580af\" data-element_type=\"column\" data-e-type=\"column\">\n\t\t\t<div class=\"elementor-widget-wrap elementor-element-populated\">\n\t\t\t\t\t\t<div class=\"elementor-element elementor-element-743b714 elementor-widget elementor-widget-text-editor\" data-id=\"743b714\" data-element_type=\"widget\" data-e-type=\"widget\" data-widget_type=\"text-editor.default\">\n\t\t\t\t\t\t\t\t\t<h3>\u00bfQuieres usar mis im\u00e1genes?<\/h3><p>Por favor, pida permiso antes de utilizar cualquier imagen o gr\u00e1fico de mi sitio en trabajos acad\u00e9micos, diapositivas, presentaciones o cualquier otra cosa que est\u00e9 creando.<\/p><p><strong>\u00bfPor qu\u00e9? <\/strong>Aunque 99% de los elementos visuales son m\u00edos, un peque\u00f1o porcentaje puede tener licencia, encargo o colaboraci\u00f3n. Por favor, compru\u00e9balo antes de utilizar nada. Puedes ponerte en contacto conmigo para mayor claridad: facetheFACS@melindaozel.com<\/p><h3>T\u00e9rminos o frases acu\u00f1adas<\/h3><p>Si eres...<\/p><ul><li>citar uno de mis t\u00e9rminos acu\u00f1ados, marcos originales o teor\u00edas (como \"cintura labial\", \"resultado expresivo primario\", etc.)<\/li><li>utilizando mucho mis hojas de referencia<\/li><\/ul><p>...c\u00edtalo como har\u00edas con cualquier t\u00e9rmino o modelo basado en una fuente. La atribuci\u00f3n genera confianza.<\/p><h3>Referencias acad\u00e9micas<\/h3><p>Para consultar una lista de mis publicaciones acad\u00e9micas, patentes y trabajos citados, visite <a href=\"https:\/\/scholar.google.com\/citations?user=P205y6YAAAAJ&amp;hl=en\" target=\"_blank\" rel=\"noopener\">mi perfil de Google Scholar<\/a>.<\/p><h3>\u00bfTiene m\u00e1s preguntas?<\/h3><p>Env\u00edeme un correo electr\u00f3nico a: facetheFACS@melindaozel.com<\/p>\t\t\t\t\t\t\t\t<\/div>\n\t\t\t\t\t<\/div>\n\t\t<\/div>\n\t\t\t\t\t<\/div>\n\t\t<\/section>\n\t\t\t\t<section class=\"elementor-section elementor-top-section elementor-element elementor-element-2947dbcc elementor-section-boxed elementor-section-height-default elementor-section-height-default\" data-id=\"2947dbcc\" data-element_type=\"section\" data-e-type=\"section\">\n\t\t\t\t\t\t<div class=\"elementor-container elementor-column-gap-default\">\n\t\t\t\t\t<div class=\"elementor-column elementor-col-100 elementor-top-column elementor-element elementor-element-19be5ada\" data-id=\"19be5ada\" data-element_type=\"column\" data-e-type=\"column\">\n\t\t\t<div class=\"elementor-widget-wrap elementor-element-populated\">\n\t\t\t\t\t\t<div class=\"elementor-element elementor-element-7191b4d7 elementor-view-default elementor-widget elementor-widget-icon\" data-id=\"7191b4d7\" data-element_type=\"widget\" data-e-type=\"widget\" data-widget_type=\"icon.default\">\n\t\t\t\t\t\t\t<div class=\"elementor-icon-wrapper\">\n\t\t\t<a class=\"elementor-icon\" href=\"https:\/\/melindaozel.com\/\">\n\t\t\t<svg aria-hidden=\"true\" class=\"e-font-icon-svg e-fas-home\" viewbox=\"0 0 576 512\" xmlns=\"http:\/\/www.w3.org\/2000\/svg\"><path d=\"M280.37 148.26L96 300.11V464a16 16 0 0 0 16 16l112.06-.29a16 16 0 0 0 15.92-16V368a16 16 0 0 1 16-16h64a16 16 0 0 1 16 16v95.64a16 16 0 0 0 16 16.05L464 480a16 16 0 0 0 16-16V300L295.67 148.26a12.19 12.19 0 0 0-15.3 0zM571.6 251.47L488 182.56V44.05a12 12 0 0 0-12-12h-56a12 12 0 0 0-12 12v72.61L318.47 43a48 48 0 0 0-61 0L4.34 251.47a12 12 0 0 0-1.6 16.9l25.5 31A12 12 0 0 0 45.15 301l235.22-193.74a12.19 12.19 0 0 1 15.3 0L530.9 301a12 12 0 0 0 16.9-1.6l25.5-31a12 12 0 0 0-1.7-16.93z\"><\/path><\/svg>\t\t\t<\/a>\n\t\t<\/div>\n\t\t\t\t\t\t<\/div>\n\t\t\t\t\t<\/div>\n\t\t<\/div>\n\t\t\t\t\t<\/div>\n\t\t<\/section>\n\t\t\t\t<\/div>","protected":false},"excerpt":{"rendered":"<p>Hola, me alegro de que te guste mi trabajo y quieras utilizarlo. Estar\u00e9 encantado de ayudarte. Requisitos de citaci\u00f3n Si est\u00e1 haciendo referencia a una p\u00e1gina que ya tiene instrucciones de citaci\u00f3n (como mi FACS Cheat Sheet o Viseme Cheat Sheet), simplemente siga las instrucciones de citaci\u00f3n existentes. Si est\u00e1 citando un post, art\u00edculo o visual de mi sitio que no ... <a title=\"C\u00f3mo citar mi trabajo y utilizar mis im\u00e1genes\" class=\"read-more\" href=\"https:\/\/melindaozel.com\/es_ve\/how-to-cite-my-work-use-my-visuals\/\" aria-label=\"Leer m\u00e1s sobre C\u00f3mo citar mi trabajo y utilizar mis im\u00e1genes\">Seguir leyendo<\/a><\/p>","protected":false},"author":60486633,"featured_media":0,"parent":0,"menu_order":0,"comment_status":"closed","ping_status":"closed","template":"","meta":{"footnotes":""},"class_list":["post-12603","page","type-page","status-publish"],"yoast_head":"<!-- This site is optimized with the Yoast SEO Premium plugin v27.3 (Yoast SEO v27.3) - https:\/\/yoast.com\/product\/yoast-seo-premium-wordpress\/ -->\n<title>How to Cite My Work &amp; Use My Visuals - Face the FACS | Facial Expressions in Animation, AI, &amp; Behavior<\/title>\n<meta name=\"robots\" content=\"index, follow, max-snippet:-1, max-image-preview:large, max-video-preview:-1\" \/>\n<link rel=\"canonical\" href=\"https:\/\/melindaozel.com\/es_ve\/how-to-cite-my-work-use-my-visuals\/\" \/>\n<meta property=\"og:locale\" content=\"es_ES\" \/>\n<meta property=\"og:type\" content=\"article\" \/>\n<meta property=\"og:title\" content=\"How to Cite My Work &amp; Use My Visuals\" \/>\n<meta property=\"og:description\" content=\"Hi! Glad you like my work and wish to use it. I&#8217;m happy to help. Citation Requirements If you\u2019re referencing a page that already has citation instructions (like my FACS Cheat Sheet or Viseme Cheat Sheet), simply follow the existing citation instructions. If you\u2019re citing a post, article, or visual from my site that doesn\u2019t ... Read more\" \/>\n<meta property=\"og:url\" content=\"https:\/\/melindaozel.com\/es_ve\/how-to-cite-my-work-use-my-visuals\/\" \/>\n<meta property=\"og:site_name\" content=\"Face the FACS | Facial Expressions in Animation, AI, &amp; Behavior\" \/>\n<meta property=\"article:publisher\" content=\"https:\/\/facebook.com\/facetheFACS\/\" \/>\n<meta property=\"article:modified_time\" content=\"2025-05-21T21:05:28+00:00\" \/>\n<meta property=\"og:image\" content=\"https:\/\/melindaozel.com\/wp-content\/uploads\/2020\/06\/face2-1024x1024.png\" \/>\n\t<meta property=\"og:image:width\" content=\"1024\" \/>\n\t<meta property=\"og:image:height\" content=\"1024\" \/>\n\t<meta property=\"og:image:type\" content=\"image\/png\" \/>\n<meta name=\"twitter:card\" content=\"summary_large_image\" \/>\n<meta name=\"twitter:site\" content=\"@melindaozel\" \/>\n<meta name=\"twitter:label1\" content=\"Tiempo estimado de lectura\" \/>\n\t<meta name=\"twitter:data1\" content=\"2 minutos\" \/>\n<script type=\"application\/ld+json\" class=\"yoast-schema-graph\">{\"@context\":\"https:\\\/\\\/schema.org\",\"@graph\":[{\"@type\":\"WebPage\",\"@id\":\"https:\\\/\\\/melindaozel.com\\\/how-to-cite-my-work-use-my-visuals\\\/\",\"url\":\"https:\\\/\\\/melindaozel.com\\\/how-to-cite-my-work-use-my-visuals\\\/\",\"name\":\"How to Cite My Work & Use My Visuals - Face the FACS | Facial Expressions in Animation, AI, &amp; Behavior\",\"isPartOf\":{\"@id\":\"https:\\\/\\\/melindaozel.com\\\/zh\\\/#website\"},\"datePublished\":\"2025-05-21T20:58:50+00:00\",\"dateModified\":\"2025-05-21T21:05:28+00:00\",\"breadcrumb\":{\"@id\":\"https:\\\/\\\/melindaozel.com\\\/how-to-cite-my-work-use-my-visuals\\\/#breadcrumb\"},\"inLanguage\":\"es\",\"potentialAction\":[{\"@type\":\"ReadAction\",\"target\":[\"https:\\\/\\\/melindaozel.com\\\/how-to-cite-my-work-use-my-visuals\\\/\"]}]},{\"@type\":\"BreadcrumbList\",\"@id\":\"https:\\\/\\\/melindaozel.com\\\/how-to-cite-my-work-use-my-visuals\\\/#breadcrumb\",\"itemListElement\":[{\"@type\":\"ListItem\",\"position\":1,\"name\":\"Home\",\"item\":\"https:\\\/\\\/melindaozel.com\\\/\"},{\"@type\":\"ListItem\",\"position\":2,\"name\":\"How to Cite My Work &#038; Use My Visuals\"}]},{\"@type\":\"WebSite\",\"@id\":\"https:\\\/\\\/melindaozel.com\\\/zh\\\/#website\",\"url\":\"https:\\\/\\\/melindaozel.com\\\/zh\\\/\",\"name\":\"Face the FACS\",\"description\":\"Facial Expressions in Art, Science, &amp; Technology\",\"publisher\":{\"@id\":\"https:\\\/\\\/melindaozel.com\\\/zh\\\/#\\\/schema\\\/person\\\/81c6262e1bfca3c71960db5aee204e3f\"},\"potentialAction\":[{\"@type\":\"SearchAction\",\"target\":{\"@type\":\"EntryPoint\",\"urlTemplate\":\"https:\\\/\\\/melindaozel.com\\\/zh\\\/?s={search_term_string}\"},\"query-input\":{\"@type\":\"PropertyValueSpecification\",\"valueRequired\":true,\"valueName\":\"search_term_string\"}}],\"inLanguage\":\"es\"},{\"@type\":[\"Person\",\"Organization\"],\"@id\":\"https:\\\/\\\/melindaozel.com\\\/zh\\\/#\\\/schema\\\/person\\\/81c6262e1bfca3c71960db5aee204e3f\",\"name\":\"Melinda Ozel\",\"image\":{\"@type\":\"ImageObject\",\"inLanguage\":\"es\",\"@id\":\"https:\\\/\\\/i0.wp.com\\\/melindaozel.com\\\/wp-content\\\/uploads\\\/2025\\\/02\\\/face-the-FACS-eye-mouth-logo-pixel.webp?fit=225%2C225&ssl=1\",\"url\":\"https:\\\/\\\/i0.wp.com\\\/melindaozel.com\\\/wp-content\\\/uploads\\\/2025\\\/02\\\/face-the-FACS-eye-mouth-logo-pixel.webp?fit=225%2C225&ssl=1\",\"contentUrl\":\"https:\\\/\\\/i0.wp.com\\\/melindaozel.com\\\/wp-content\\\/uploads\\\/2025\\\/02\\\/face-the-FACS-eye-mouth-logo-pixel.webp?fit=225%2C225&ssl=1\",\"width\":225,\"height\":225,\"caption\":\"Melinda Ozel\"},\"logo\":{\"@id\":\"https:\\\/\\\/i0.wp.com\\\/melindaozel.com\\\/wp-content\\\/uploads\\\/2025\\\/02\\\/face-the-FACS-eye-mouth-logo-pixel.webp?fit=225%2C225&ssl=1\"},\"sameAs\":[\"https:\\\/\\\/melindaozel.com\",\"https:\\\/\\\/facebook.com\\\/facetheFACS\\\/\",\"https:\\\/\\\/instagram.com\\\/manicexpression\",\"https:\\\/\\\/linkedin.com\\\/in\\\/melindaozel\",\"https:\\\/\\\/pinterest.com\\\/melindaozel\\\/\",\"https:\\\/\\\/x.com\\\/melindaozel\",\"https:\\\/\\\/youtube.com\\\/@facetheFACS\"],\"knowsAbout\":[\"Facial Action Coding System (FACS)\",\"Facial Expression Tracking\",\"Facial Anatomy\",\"Facial Animation\",\"Digital Humans\",\"Audio-to-Expression\",\"Audio-to-Face\",\"Visemes\",\"Lipsync\"],\"jobTitle\":\"Facial Systems Expert, Expression Scientist\",\"numberOfEmployees\":{\"@type\":\"QuantitativeValue\",\"minValue\":\"1\",\"maxValue\":\"10\"}}]}<\/script>\n<!-- \/ Yoast SEO Premium plugin. -->","yoast_head_json":{"title":"C\u00f3mo citar mi trabajo y utilizar mis im\u00e1genes: Face the FACS | Expresiones faciales en animaci\u00f3n, inteligencia artificial y comportamiento","robots":{"index":"index","follow":"follow","max-snippet":"max-snippet:-1","max-image-preview":"max-image-preview:large","max-video-preview":"max-video-preview:-1"},"canonical":"https:\/\/melindaozel.com\/es_ve\/how-to-cite-my-work-use-my-visuals\/","og_locale":"es_ES","og_type":"article","og_title":"How to Cite My Work & Use My Visuals","og_description":"Hi! Glad you like my work and wish to use it. I&#8217;m happy to help. Citation Requirements If you\u2019re referencing a page that already has citation instructions (like my FACS Cheat Sheet or Viseme Cheat Sheet), simply follow the existing citation instructions. If you\u2019re citing a post, article, or visual from my site that doesn\u2019t ... Read more","og_url":"https:\/\/melindaozel.com\/es_ve\/how-to-cite-my-work-use-my-visuals\/","og_site_name":"Face the FACS | Facial Expressions in Animation, AI, &amp; Behavior","article_publisher":"https:\/\/facebook.com\/facetheFACS\/","article_modified_time":"2025-05-21T21:05:28+00:00","og_image":[{"width":1024,"height":1024,"url":"https:\/\/melindaozel.com\/wp-content\/uploads\/2020\/06\/face2-1024x1024.png","type":"image\/png"}],"twitter_card":"summary_large_image","twitter_site":"@melindaozel","twitter_misc":{"Tiempo estimado de lectura":"2 minutos"},"schema":{"@context":"https:\/\/schema.org","@graph":[{"@type":"WebPage","@id":"https:\/\/melindaozel.com\/how-to-cite-my-work-use-my-visuals\/","url":"https:\/\/melindaozel.com\/how-to-cite-my-work-use-my-visuals\/","name":"C\u00f3mo citar mi trabajo y utilizar mis im\u00e1genes: Face the FACS | Expresiones faciales en animaci\u00f3n, inteligencia artificial y comportamiento","isPartOf":{"@id":"https:\/\/melindaozel.com\/zh\/#website"},"datePublished":"2025-05-21T20:58:50+00:00","dateModified":"2025-05-21T21:05:28+00:00","breadcrumb":{"@id":"https:\/\/melindaozel.com\/how-to-cite-my-work-use-my-visuals\/#breadcrumb"},"inLanguage":"es","potentialAction":[{"@type":"ReadAction","target":["https:\/\/melindaozel.com\/how-to-cite-my-work-use-my-visuals\/"]}]},{"@type":"BreadcrumbList","@id":"https:\/\/melindaozel.com\/how-to-cite-my-work-use-my-visuals\/#breadcrumb","itemListElement":[{"@type":"ListItem","position":1,"name":"Home","item":"https:\/\/melindaozel.com\/"},{"@type":"ListItem","position":2,"name":"How to Cite My Work &#038; Use My Visuals"}]},{"@type":"WebSite","@id":"https:\/\/melindaozel.com\/zh\/#website","url":"https:\/\/melindaozel.com\/zh\/","name":"Enfrentar a los FACS","description":"Expresiones faciales en el arte, la ciencia y la tecnolog\u00eda","publisher":{"@id":"https:\/\/melindaozel.com\/zh\/#\/schema\/person\/81c6262e1bfca3c71960db5aee204e3f"},"potentialAction":[{"@type":"SearchAction","target":{"@type":"EntryPoint","urlTemplate":"https:\/\/melindaozel.com\/zh\/?s={search_term_string}"},"query-input":{"@type":"PropertyValueSpecification","valueRequired":true,"valueName":"search_term_string"}}],"inLanguage":"es"},{"@type":["Person","Organization"],"@id":"https:\/\/melindaozel.com\/zh\/#\/schema\/person\/81c6262e1bfca3c71960db5aee204e3f","name":"Melinda Ozel","image":{"@type":"ImageObject","inLanguage":"es","@id":"https:\/\/i0.wp.com\/melindaozel.com\/wp-content\/uploads\/2025\/02\/face-the-FACS-eye-mouth-logo-pixel.webp?fit=225%2C225&ssl=1","url":"https:\/\/i0.wp.com\/melindaozel.com\/wp-content\/uploads\/2025\/02\/face-the-FACS-eye-mouth-logo-pixel.webp?fit=225%2C225&ssl=1","contentUrl":"https:\/\/i0.wp.com\/melindaozel.com\/wp-content\/uploads\/2025\/02\/face-the-FACS-eye-mouth-logo-pixel.webp?fit=225%2C225&ssl=1","width":225,"height":225,"caption":"Melinda Ozel"},"logo":{"@id":"https:\/\/i0.wp.com\/melindaozel.com\/wp-content\/uploads\/2025\/02\/face-the-FACS-eye-mouth-logo-pixel.webp?fit=225%2C225&ssl=1"},"sameAs":["https:\/\/melindaozel.com","https:\/\/facebook.com\/facetheFACS\/","https:\/\/instagram.com\/manicexpression","https:\/\/linkedin.com\/in\/melindaozel","https:\/\/pinterest.com\/melindaozel\/","https:\/\/x.com\/melindaozel","https:\/\/youtube.com\/@facetheFACS"],"knowsAbout":["Facial Action Coding System (FACS)","Facial Expression Tracking","Facial Anatomy","Facial Animation","Digital Humans","Audio-to-Expression","Audio-to-Face","Visemes","Lipsync"],"jobTitle":"Facial Systems Expert, Expression Scientist","numberOfEmployees":{"@type":"QuantitativeValue","minValue":"1","maxValue":"10"}}]}},"jetpack_sharing_enabled":true,"_links":{"self":[{"href":"https:\/\/melindaozel.com\/es_ve\/wp-json\/wp\/v2\/pages\/12603","targetHints":{"allow":["GET"]}}],"collection":[{"href":"https:\/\/melindaozel.com\/es_ve\/wp-json\/wp\/v2\/pages"}],"about":[{"href":"https:\/\/melindaozel.com\/es_ve\/wp-json\/wp\/v2\/types\/page"}],"author":[{"embeddable":true,"href":"https:\/\/melindaozel.com\/es_ve\/wp-json\/wp\/v2\/users\/60486633"}],"replies":[{"embeddable":true,"href":"https:\/\/melindaozel.com\/es_ve\/wp-json\/wp\/v2\/comments?post=12603"}],"version-history":[{"count":9,"href":"https:\/\/melindaozel.com\/es_ve\/wp-json\/wp\/v2\/pages\/12603\/revisions"}],"predecessor-version":[{"id":12619,"href":"https:\/\/melindaozel.com\/es_ve\/wp-json\/wp\/v2\/pages\/12603\/revisions\/12619"}],"wp:attachment":[{"href":"https:\/\/melindaozel.com\/es_ve\/wp-json\/wp\/v2\/media?parent=12603"}],"curies":[{"name":"wp","href":"https:\/\/api.w.org\/{rel}","templated":true}]}}