{"id":4764,"date":"2021-06-21T18:54:32","date_gmt":"2021-06-21T22:54:32","guid":{"rendered":"https:\/\/melindaozel.com\/?page_id=4764"},"modified":"2021-06-21T18:54:32","modified_gmt":"2021-06-21T22:54:32","slug":"terms-of-use","status":"publish","type":"page","link":"https:\/\/melindaozel.com\/es_mx\/terms-of-use\/","title":{"rendered":"Condiciones de uso"},"content":{"rendered":"<h1 style=\"text-align: center;\">Condiciones generales<\/h1>\n<p>Bienvenido a <em>Afrontar el FACS<\/em>! <em>Afrontar el FACS<\/em> es una plataforma de aprendizaje en l\u00ednea en el sitio web <a href=\"http:\/\/www.melindaozel.com\" rel=\"nofollow\">http:\/\/www.melindaozel.com<\/a> (sitio web) gestionado por Melinda Ozel. <em>Afrontar el FACS<\/em> ayuda a sus usuarios (usuario, usted) a aprender temas relacionados con la expresi\u00f3n.<\/p>\n<p>Las siguientes Condiciones Generales rigen la relaci\u00f3n entre usted y nosotros y responden a las cuestiones jur\u00eddicas m\u00e1s importantes relacionadas con el uso del sitio web. <em>Afrontar el FACS<\/em> y nuestros servicios. L\u00e9alos atentamente.<\/p>\n<p>En particular, estas condiciones generales le informan sobre<\/p>\n<ul>\n<li>el inicio y el fin de nuestro contrato<\/li>\n<li>el pago de su abono<\/li>\n<li>su derecho a darse de baja<\/li>\n<li>nuestra responsabilidad<\/li>\n<li>derechos de autor y propiedad de nuestros contenidos.<\/li>\n<\/ul>\n<p>\u00a7 1 \u00bfC\u00f3mo puedo utilizar <em>Afrontar el FACS<\/em> y \u00bfcu\u00e1ndo celebro un contrato vinculante?<\/p>\n<p style=\"padding-left: 40px;\">Para utilizar <em>Enfrentarse a los FACS<\/em> servicios de suscripci\u00f3n, debe crear una cuenta. Al hacerlo, celebra un contrato vinculante con nosotros.<br \/>\nS\u00f3lo puede utilizar <em>Afrontar el FACS<\/em> para estudiar personalmente las expresiones. No se permite ning\u00fan otro uso, especialmente fines comerciales o compartir su cuenta con otras personas.<\/p>\n<p>\u00a7 2 \u00bfQu\u00e9 puedo hacer con <em>Afrontar el FACS<\/em>?<\/p>\n<p style=\"padding-left: 40px;\"><em>Afrontar el FACS<\/em> proporciona amplios recursos para guiarle a trav\u00e9s de la anatom\u00eda facial humana y no humana con v\u00eddeos, GIF, im\u00e1genes, diagramas y art\u00edculos.<br \/>\n<em>Afrontar el FACS<\/em> ofrece un uso gratuito con acceso limitado a su contenido y funciones, as\u00ed como una suscripci\u00f3n de pago que garantiza un acceso m\u00e1s amplio (cuenta de suscripci\u00f3n).<\/p>\n<p>Puede utilizar <em>Afrontar el FACS<\/em> s\u00f3lo para fines privados.<\/p>\n<p style=\"padding-left: 40px;\">Para la ense\u00f1anza y otros fines <em>Afrontar el FACS<\/em> ofrece licencias especiales (por ejemplo, licencias de campus, de imagen o de instructor). P\u00f3ngase en contacto con nosotros si est\u00e1 interesado en nuestras licencias.<\/p>\n<p>\u00a7 3 \u00bfCu\u00e1nto cuesta y c\u00f3mo funciona el pago?<\/p>\n<p style=\"padding-left: 40px;\">El uso de los contenidos no suscritos es gratuito.<\/p>\n<p style=\"padding-left: 40px;\">Encontrar\u00e1 precios para <em>Enfrentarse a los FACS<\/em> cuentas de suscripci\u00f3n en la p\u00e1gina de suscripci\u00f3n.<\/p>\n<p style=\"padding-left: 40px;\">Todos los precios est\u00e1n en la moneda mostrada y pueden convertirse a su moneda local durante el proceso de pago.<\/p>\n<p><em>Afrontar el FACS<\/em> acepta pagos a trav\u00e9s de Stripe y Paypal.<\/p>\n<p>\u00a7 4 \u00bfCu\u00e1nto dura mi contrato?<\/p>\n<p style=\"padding-left: 40px;\">Las suscripciones mensuales duran un mes y se renuevan autom\u00e1ticamente, a menos que usted decida no renovarlas manualmente. Las suscripciones anuales duran un a\u00f1o y se renuevan autom\u00e1ticamente, a menos que decida no renovarlas manualmente.<\/p>\n<p style=\"padding-left: 40px;\">Usted y <em>Afrontar el FACS<\/em> pueden rescindir el contrato antes de que finalice el mes o el a\u00f1o en curso.<\/p>\n<p style=\"padding-left: 40px;\">Las suscripciones de pago tienen una duraci\u00f3n de uno o doce meses.<\/p>\n<p>\u00a7 5 \u00bfSe renueva autom\u00e1ticamente mi suscripci\u00f3n de pago?<\/p>\n<p style=\"padding-left: 40px;\">S\u00ed, a menos que usted o nosotros lo hayamos cancelado.<\/p>\n<p>\u00a7 6 \u00bfC\u00f3mo se cancela?<\/p>\n<p style=\"padding-left: 40px;\">Puede cancelar cualquier contrato antes del siguiente ciclo de facturaci\u00f3n a trav\u00e9s de su cuenta o enviando un correo electr\u00f3nico a facetheFACS@melindaozel.com.<\/p>\n<p style=\"padding-left: 40px;\">Tenga en cuenta que el tiempo no utilizado en el \u00faltimo ciclo de facturaci\u00f3n no puede prorratearse ni reembolsarse.<\/p>\n<p style=\"padding-left: 40px;\">Cuando se cancele la cuenta Premium, \u00e9sta volver\u00e1 autom\u00e1ticamente a la cuenta b\u00e1sica.<\/p>\n<p>\u00a7 7 \u00bfY si no me gustan sus servicios?<\/p>\n<p style=\"padding-left: 40px;\">Si no est\u00e1 satisfecho por cualquier motivo, puede cancelar su cuenta. Consulte el apartado 6.<\/p>\n<p>\u00a7 9 \u00bfQu\u00e9 es <em>Enfrentarse a los FACS<\/em> responsabilidad y c\u00f3mo se limita?<\/p>\n<p style=\"padding-left: 40px;\"><em>Afrontar el FACS<\/em> no puede garantizar la validez ni la exactitud de los contenidos educativos proporcionados en <em>Afrontar el FACS<\/em>pero <em>Afrontar el FACS<\/em> recopila el trabajo y la experiencia de expertos en cada campo para asegurarnos de que obtiene el contenido m\u00e1s preciso. Si detecta alg\u00fan error, h\u00e1ganoslo saber y lo revisaremos y corregiremos lo antes posible.<\/p>\n<p>\u00a7 10 \u00bfQui\u00e9n tiene los derechos de autor y a qui\u00e9n pertenecen los contenidos?<\/p>\n<p style=\"padding-left: 40px;\">A menos que el contenido est\u00e9 expresamente etiquetado de otra manera, o que usted haya obtenido legalmente una licencia, todos los textos, im\u00e1genes y otras obras creadas por <em>Afrontar el FACS<\/em> y puestos a su disposici\u00f3n en el marco de su cuenta est\u00e1n protegidos por derechos de autor. Por lo tanto, no est\u00e1 permitido reproducir, distribuir o exhibir nuestros contenidos ni publicarlos de ninguna manera.<\/p>\n<p style=\"padding-left: 40px;\">Para cualquier otro uso (es decir, reproducci\u00f3n, duplicaci\u00f3n, venta, reventa o explotaci\u00f3n), deber\u00e1 obtener nuestro consentimiento por escrito y\/o una licencia.<\/p>\n<p>\u00a7 11 \u00bfQu\u00e9 ley se aplica a mi contrato?<\/p>\n<p style=\"padding-left: 40px;\">Este contrato est\u00e1 sujeto a la legislaci\u00f3n de Estados Unidos.<\/p>","protected":false},"excerpt":{"rendered":"<p>T\u00e9rminos y condiciones \u00a1Bienvenido a Face the FACS! Face the FACS es una plataforma de aprendizaje en l\u00ednea disponible en el sitio web <a href=\"http:\/\/www.melindaozel.com\" rel=\"nofollow\">http:\/\/www.melindaozel.com<\/a> (sitio web) operado por Melinda Ozel. Face the FACS ayuda a sus usuarios (usuario, t\u00fa) a aprender temas relacionados con la expresi\u00f3n. Los siguientes T\u00e9rminos y condiciones (T&amp;C) rigen la relaci\u00f3n entre t\u00fa y nosotros y responder\u00e1n a las preguntas m\u00e1s relevantes... <a title=\"Condiciones de uso\" class=\"read-more\" href=\"https:\/\/melindaozel.com\/es_mx\/terms-of-use\/\" aria-label=\"Leer m\u00e1s sobre T\u00e9rminos de uso\">Seguir leyendo<\/a><\/p>","protected":false},"author":60486633,"featured_media":0,"parent":0,"menu_order":0,"comment_status":"closed","ping_status":"closed","template":"","meta":{"footnotes":""},"class_list":["post-4764","page","type-page","status-publish"],"yoast_head":"<!-- This site is optimized with the Yoast SEO Premium plugin v27.3 (Yoast SEO v27.3) - https:\/\/yoast.com\/product\/yoast-seo-premium-wordpress\/ -->\n<title>Terms of Use - Face the FACS | Facial Expressions in Animation, AI, &amp; Behavior<\/title>\n<meta name=\"robots\" content=\"index, follow, max-snippet:-1, max-image-preview:large, max-video-preview:-1\" \/>\n<link rel=\"canonical\" href=\"https:\/\/melindaozel.com\/es_mx\/terms-of-use\/\" \/>\n<meta property=\"og:locale\" content=\"es_MX\" \/>\n<meta property=\"og:type\" content=\"article\" \/>\n<meta property=\"og:title\" content=\"Terms of Use\" \/>\n<meta property=\"og:description\" content=\"Terms and Conditions Welcome to Face the FACS! Face the FACS is an online learning platform on the website http:\/\/www.melindaozel.com (website) operated by Melinda Ozel. Face the FACS helps its users (user, you) learn expression-related topics. The following Terms and Conditions (T&amp;Cs) govern the relationship between you and us and will answer the most relevant ... Read more\" \/>\n<meta property=\"og:url\" content=\"https:\/\/melindaozel.com\/es_mx\/terms-of-use\/\" \/>\n<meta property=\"og:site_name\" content=\"Face the FACS | Facial Expressions in Animation, AI, &amp; Behavior\" \/>\n<meta property=\"article:publisher\" content=\"https:\/\/facebook.com\/facetheFACS\/\" \/>\n<meta property=\"og:image\" content=\"https:\/\/melindaozel.com\/wp-content\/uploads\/2020\/06\/face2-1024x1024.png\" \/>\n\t<meta property=\"og:image:width\" content=\"1024\" \/>\n\t<meta property=\"og:image:height\" content=\"1024\" \/>\n\t<meta property=\"og:image:type\" content=\"image\/png\" \/>\n<meta name=\"twitter:card\" content=\"summary_large_image\" \/>\n<meta name=\"twitter:site\" content=\"@melindaozel\" \/>\n<meta name=\"twitter:label1\" content=\"Tiempo de lectura\" \/>\n\t<meta name=\"twitter:data1\" content=\"3 minutos\" \/>\n<script type=\"application\/ld+json\" class=\"yoast-schema-graph\">{\"@context\":\"https:\\\/\\\/schema.org\",\"@graph\":[{\"@type\":\"WebPage\",\"@id\":\"https:\\\/\\\/melindaozel.com\\\/fr\\\/terms-of-use\\\/\",\"url\":\"https:\\\/\\\/melindaozel.com\\\/fr\\\/terms-of-use\\\/\",\"name\":\"Terms of Use - Face the FACS | Facial Expressions in Animation, AI, &amp; Behavior\",\"isPartOf\":{\"@id\":\"https:\\\/\\\/melindaozel.com\\\/zh\\\/#website\"},\"datePublished\":\"2021-06-21T22:54:32+00:00\",\"breadcrumb\":{\"@id\":\"https:\\\/\\\/melindaozel.com\\\/fr\\\/terms-of-use\\\/#breadcrumb\"},\"inLanguage\":\"es\",\"potentialAction\":[{\"@type\":\"ReadAction\",\"target\":[\"https:\\\/\\\/melindaozel.com\\\/fr\\\/terms-of-use\\\/\"]}]},{\"@type\":\"BreadcrumbList\",\"@id\":\"https:\\\/\\\/melindaozel.com\\\/fr\\\/terms-of-use\\\/#breadcrumb\",\"itemListElement\":[{\"@type\":\"ListItem\",\"position\":1,\"name\":\"Home\",\"item\":\"https:\\\/\\\/melindaozel.com\\\/\"},{\"@type\":\"ListItem\",\"position\":2,\"name\":\"Terms of Use\"}]},{\"@type\":\"WebSite\",\"@id\":\"https:\\\/\\\/melindaozel.com\\\/zh\\\/#website\",\"url\":\"https:\\\/\\\/melindaozel.com\\\/zh\\\/\",\"name\":\"Face the FACS\",\"description\":\"Facial Expressions in Art, Science, &amp; Technology\",\"publisher\":{\"@id\":\"https:\\\/\\\/melindaozel.com\\\/zh\\\/#\\\/schema\\\/person\\\/81c6262e1bfca3c71960db5aee204e3f\"},\"potentialAction\":[{\"@type\":\"SearchAction\",\"target\":{\"@type\":\"EntryPoint\",\"urlTemplate\":\"https:\\\/\\\/melindaozel.com\\\/zh\\\/?s={search_term_string}\"},\"query-input\":{\"@type\":\"PropertyValueSpecification\",\"valueRequired\":true,\"valueName\":\"search_term_string\"}}],\"inLanguage\":\"es\"},{\"@type\":[\"Person\",\"Organization\"],\"@id\":\"https:\\\/\\\/melindaozel.com\\\/zh\\\/#\\\/schema\\\/person\\\/81c6262e1bfca3c71960db5aee204e3f\",\"name\":\"Melinda Ozel\",\"image\":{\"@type\":\"ImageObject\",\"inLanguage\":\"es\",\"@id\":\"https:\\\/\\\/i0.wp.com\\\/melindaozel.com\\\/wp-content\\\/uploads\\\/2025\\\/02\\\/face-the-FACS-eye-mouth-logo-pixel.webp?fit=225%2C225&ssl=1\",\"url\":\"https:\\\/\\\/i0.wp.com\\\/melindaozel.com\\\/wp-content\\\/uploads\\\/2025\\\/02\\\/face-the-FACS-eye-mouth-logo-pixel.webp?fit=225%2C225&ssl=1\",\"contentUrl\":\"https:\\\/\\\/i0.wp.com\\\/melindaozel.com\\\/wp-content\\\/uploads\\\/2025\\\/02\\\/face-the-FACS-eye-mouth-logo-pixel.webp?fit=225%2C225&ssl=1\",\"width\":225,\"height\":225,\"caption\":\"Melinda Ozel\"},\"logo\":{\"@id\":\"https:\\\/\\\/i0.wp.com\\\/melindaozel.com\\\/wp-content\\\/uploads\\\/2025\\\/02\\\/face-the-FACS-eye-mouth-logo-pixel.webp?fit=225%2C225&ssl=1\"},\"sameAs\":[\"https:\\\/\\\/melindaozel.com\",\"https:\\\/\\\/facebook.com\\\/facetheFACS\\\/\",\"https:\\\/\\\/instagram.com\\\/manicexpression\",\"https:\\\/\\\/linkedin.com\\\/in\\\/melindaozel\",\"https:\\\/\\\/pinterest.com\\\/melindaozel\\\/\",\"https:\\\/\\\/x.com\\\/melindaozel\",\"https:\\\/\\\/youtube.com\\\/@facetheFACS\"],\"knowsAbout\":[\"Facial Action Coding System (FACS)\",\"Facial Expression Tracking\",\"Facial Anatomy\",\"Facial Animation\",\"Digital Humans\",\"Audio-to-Expression\",\"Audio-to-Face\",\"Visemes\",\"Lipsync\"],\"jobTitle\":\"Facial Systems Expert, Expression Scientist\",\"numberOfEmployees\":{\"@type\":\"QuantitativeValue\",\"minValue\":\"1\",\"maxValue\":\"10\"}}]}<\/script>\n<!-- \/ Yoast SEO Premium plugin. -->","yoast_head_json":{"title":"Condiciones de uso - Face the FACS | Expresiones faciales en animaci\u00f3n, inteligencia artificial y comportamiento","robots":{"index":"index","follow":"follow","max-snippet":"max-snippet:-1","max-image-preview":"max-image-preview:large","max-video-preview":"max-video-preview:-1"},"canonical":"https:\/\/melindaozel.com\/es_mx\/terms-of-use\/","og_locale":"es_MX","og_type":"article","og_title":"Terms of Use","og_description":"Terms and Conditions Welcome to Face the FACS! Face the FACS is an online learning platform on the website http:\/\/www.melindaozel.com (website) operated by Melinda Ozel. Face the FACS helps its users (user, you) learn expression-related topics. The following Terms and Conditions (T&amp;Cs) govern the relationship between you and us and will answer the most relevant ... Read more","og_url":"https:\/\/melindaozel.com\/es_mx\/terms-of-use\/","og_site_name":"Face the FACS | Facial Expressions in Animation, AI, &amp; Behavior","article_publisher":"https:\/\/facebook.com\/facetheFACS\/","og_image":[{"width":1024,"height":1024,"url":"https:\/\/melindaozel.com\/wp-content\/uploads\/2020\/06\/face2-1024x1024.png","type":"image\/png"}],"twitter_card":"summary_large_image","twitter_site":"@melindaozel","twitter_misc":{"Tiempo de lectura":"3 minutos"},"schema":{"@context":"https:\/\/schema.org","@graph":[{"@type":"WebPage","@id":"https:\/\/melindaozel.com\/fr\/terms-of-use\/","url":"https:\/\/melindaozel.com\/fr\/terms-of-use\/","name":"Condiciones de uso - Face the FACS | Expresiones faciales en animaci\u00f3n, inteligencia artificial y comportamiento","isPartOf":{"@id":"https:\/\/melindaozel.com\/zh\/#website"},"datePublished":"2021-06-21T22:54:32+00:00","breadcrumb":{"@id":"https:\/\/melindaozel.com\/fr\/terms-of-use\/#breadcrumb"},"inLanguage":"es","potentialAction":[{"@type":"ReadAction","target":["https:\/\/melindaozel.com\/fr\/terms-of-use\/"]}]},{"@type":"BreadcrumbList","@id":"https:\/\/melindaozel.com\/fr\/terms-of-use\/#breadcrumb","itemListElement":[{"@type":"ListItem","position":1,"name":"Home","item":"https:\/\/melindaozel.com\/"},{"@type":"ListItem","position":2,"name":"Terms of Use"}]},{"@type":"WebSite","@id":"https:\/\/melindaozel.com\/zh\/#website","url":"https:\/\/melindaozel.com\/zh\/","name":"Afrontar el FACS","description":"Expresiones faciales en el arte, la ciencia y la tecnolog\u00eda","publisher":{"@id":"https:\/\/melindaozel.com\/zh\/#\/schema\/person\/81c6262e1bfca3c71960db5aee204e3f"},"potentialAction":[{"@type":"SearchAction","target":{"@type":"EntryPoint","urlTemplate":"https:\/\/melindaozel.com\/zh\/?s={search_term_string}"},"query-input":{"@type":"PropertyValueSpecification","valueRequired":true,"valueName":"search_term_string"}}],"inLanguage":"es"},{"@type":["Person","Organization"],"@id":"https:\/\/melindaozel.com\/zh\/#\/schema\/person\/81c6262e1bfca3c71960db5aee204e3f","name":"Melinda Ozel","image":{"@type":"ImageObject","inLanguage":"es","@id":"https:\/\/i0.wp.com\/melindaozel.com\/wp-content\/uploads\/2025\/02\/face-the-FACS-eye-mouth-logo-pixel.webp?fit=225%2C225&ssl=1","url":"https:\/\/i0.wp.com\/melindaozel.com\/wp-content\/uploads\/2025\/02\/face-the-FACS-eye-mouth-logo-pixel.webp?fit=225%2C225&ssl=1","contentUrl":"https:\/\/i0.wp.com\/melindaozel.com\/wp-content\/uploads\/2025\/02\/face-the-FACS-eye-mouth-logo-pixel.webp?fit=225%2C225&ssl=1","width":225,"height":225,"caption":"Melinda Ozel"},"logo":{"@id":"https:\/\/i0.wp.com\/melindaozel.com\/wp-content\/uploads\/2025\/02\/face-the-FACS-eye-mouth-logo-pixel.webp?fit=225%2C225&ssl=1"},"sameAs":["https:\/\/melindaozel.com","https:\/\/facebook.com\/facetheFACS\/","https:\/\/instagram.com\/manicexpression","https:\/\/linkedin.com\/in\/melindaozel","https:\/\/pinterest.com\/melindaozel\/","https:\/\/x.com\/melindaozel","https:\/\/youtube.com\/@facetheFACS"],"knowsAbout":["Facial Action Coding System (FACS)","Facial Expression Tracking","Facial Anatomy","Facial Animation","Digital Humans","Audio-to-Expression","Audio-to-Face","Visemes","Lipsync"],"jobTitle":"Facial Systems Expert, Expression Scientist","numberOfEmployees":{"@type":"QuantitativeValue","minValue":"1","maxValue":"10"}}]}},"jetpack_sharing_enabled":true,"_links":{"self":[{"href":"https:\/\/melindaozel.com\/es_mx\/wp-json\/wp\/v2\/pages\/4764","targetHints":{"allow":["GET"]}}],"collection":[{"href":"https:\/\/melindaozel.com\/es_mx\/wp-json\/wp\/v2\/pages"}],"about":[{"href":"https:\/\/melindaozel.com\/es_mx\/wp-json\/wp\/v2\/types\/page"}],"author":[{"embeddable":true,"href":"https:\/\/melindaozel.com\/es_mx\/wp-json\/wp\/v2\/users\/60486633"}],"replies":[{"embeddable":true,"href":"https:\/\/melindaozel.com\/es_mx\/wp-json\/wp\/v2\/comments?post=4764"}],"version-history":[{"count":4,"href":"https:\/\/melindaozel.com\/es_mx\/wp-json\/wp\/v2\/pages\/4764\/revisions"}],"predecessor-version":[{"id":4768,"href":"https:\/\/melindaozel.com\/es_mx\/wp-json\/wp\/v2\/pages\/4764\/revisions\/4768"}],"wp:attachment":[{"href":"https:\/\/melindaozel.com\/es_mx\/wp-json\/wp\/v2\/media?parent=4764"}],"curies":[{"name":"wp","href":"https:\/\/api.w.org\/{rel}","templated":true}]}}