{"id":13209,"date":"2025-10-31T13:23:53","date_gmt":"2025-10-31T17:23:53","guid":{"rendered":"https:\/\/melindaozel.com\/?page_id=13209"},"modified":"2025-10-31T13:37:07","modified_gmt":"2025-10-31T17:37:07","slug":"terms-and-conditions-facs-cram-session","status":"publish","type":"page","link":"https:\/\/melindaozel.com\/de_de\/terms-and-conditions-facs-cram-session\/","title":{"rendered":"Teilnahmebedingungen f\u00fcr die FACS-Cram-Session"},"content":{"rendered":"<p>Diese Vereinbarung wird zwischen Melinda Ozel und dem einzelnen Teilnehmer (\u201cTeilnehmer\u201d) geschlossen. Mit dem Kauf des Zugangs zur FACS Cram Session erkl\u00e4rt sich der Teilnehmer mit den folgenden Bedingungen einverstanden:<\/p>\n\n\n\n<p><strong>1. Urheberrecht und geistiges Eigentum<\/strong><\/p>\n\n\n\n<p>1.1. Alle Materialien (sofern nicht anders angegeben), die im Rahmen der FACS Cram Session bereitgestellt werden, einschlie\u00dflich, aber nicht beschr\u00e4nkt auf Folien, Videos, GIFs, Diagramme und PDFs, sind das ausschlie\u00dfliche geistige Eigentum des Veranstalters.<\/p>\n\n\n\n<p>1.2. Den Teilnehmern wird eine nicht exklusive, nicht \u00fcbertragbare Lizenz zum Zugriff auf diese Materialien und zu deren Ansicht ausschlie\u00dflich f\u00fcr pers\u00f6nliche und Bildungszwecke gew\u00e4hrt.<\/p>\n\n\n\n<p>1.3. Die Weitergabe, Vervielf\u00e4ltigung oder das Hochladen von Materialien auf Websites, Plattformen oder gemeinsam genutzten Ressourcen ist strengstens untersagt. Dies umfasst unter anderem Studio- oder Unternehmenswebsites, Online-Plattformen oder pers\u00f6nliche\/gemeinsam genutzte Laufwerke.<\/p>\n\n\n\n<p>1.4. Die Teilnehmer d\u00fcrfen das Video, die Aufzeichnung oder das PDF der Sitzung weder kostenlos noch gegen Entgelt an Dritte weitergeben oder verbreiten.<\/p>\n\n\n\n<p><strong>2. Aufzeichnung und Videozugriff<\/strong><\/p>\n\n\n\n<p>2.1. Es handelt sich um eine vorab aufgezeichnete Veranstaltung. Alle zahlenden Teilnehmer erhalten Zugang zur Aufzeichnung und zum dazugeh\u00f6rigen PDF-Dokument.<\/p>\n\n\n\n<p>2.2. Das Video wird auf einer sicheren Plattform gehostet und kann nicht heruntergeladen werden. Der Zugang wird ausschlie\u00dflich dem Teilnehmer f\u00fcr einen Zeitraum von zwei Jahren gew\u00e4hrt.<\/p>\n\n\n\n<p><strong>3. R\u00fcckerstattungen<\/strong><\/p>\n\n\n\n<p>3.1. Alle Verk\u00e4ufe sind endg\u00fcltig. R\u00fcckerstattungen werden unter keinen Umst\u00e4nden gew\u00e4hrt.<\/p>\n\n\n\n<p><strong>4. Zugang und Verf\u00fcgbarkeit<\/strong><\/p>\n\n\n\n<p>4.1. Der Zugriff auf das Video wird f\u00fcr einen Zeitraum von zwei Jahren gew\u00e4hrt, und das PDF kann heruntergeladen werden. Nach Ablauf des Zweijahreszeitraums kann der Zugriff auf das Video widerrufen werden, sofern nichts anderes vereinbart wurde.<\/p>\n\n\n\n<p>4.2. Die Teilnehmer verpflichten sich, ohne ausdr\u00fcckliche schriftliche Genehmigung des Veranstalters keine Kopien des Videos herunterzuladen oder anderweitig zu speichern.<\/p>\n\n\n\n<p><strong>5. Entsch\u00e4digung und Durchsetzung<\/strong><\/p>\n\n\n\n<p>5.1. Der Veranstalter beh\u00e4lt sich das Recht vor, im Falle einer unbefugten Nutzung oder Verbreitung der Schulungsunterlagen rechtliche Schritte einzuleiten und die Erstattung der Rechtskosten und Gerichtskosten sowie andere Rechtsmittel zu verlangen.<\/p>\n\n\n\n<p><strong>6. Geltendes Recht und Streitbeilegung<\/strong><\/p>\n\n\n\n<p>6.1. Diese Vereinbarung unterliegt den Gesetzen des Bundesstaates Texas.<\/p>\n\n\n\n<p>6.2. Alle Streitigkeiten, die sich aus dieser Vereinbarung ergeben, sind vor Einleitung eines Gerichtsverfahrens durch ein Schiedsverfahren oder eine Mediation beizulegen, wobei ein zugelassener Schiedsrichter aus dem Bundesstaat Texas hinzugezogen wird, dessen Kosten von den Parteien zu gleichen Teilen getragen werden, wobei der Schiedsrichter die M\u00f6glichkeit hat, die Kosten neu aufzuteilen, wenn er dies f\u00fcr angemessen h\u00e4lt.<\/p>\n\n\n\n<p><strong>7. Zustimmung zu den Bedingungen<\/strong><\/p>\n\n\n\n<p>Mit dem Kauf des Zugangs zur FACS Cram Session best\u00e4tigt der Teilnehmer, dass er die in dieser Vereinbarung dargelegten Bedingungen gelesen und verstanden hat und ihnen zustimmt.<\/p>","protected":false},"excerpt":{"rendered":"<p>This agreement is made between Melinda Ozel and the individual participant (\u201cParticipant\u201d). By purchasing access to the FACS Cram Session, the Participant agrees to the following terms and conditions: 1. Copyright and Intellectual Property 1.1. All materials (unless otherwise stated) provided in the FACS Cram Session, including but not limited to slides, videos, GIFs, diagrams, &#8230; <a title=\"Teilnahmebedingungen f\u00fcr die FACS-Cram-Session\" class=\"read-more\" href=\"https:\/\/melindaozel.com\/de_de\/terms-and-conditions-facs-cram-session\/\" aria-label=\"Mehr Informationen \u00fcber Terms and Conditions for Participation in the FACS Cram Session\">Weiterlesen ...<\/a><\/p>","protected":false},"author":60486633,"featured_media":0,"parent":0,"menu_order":0,"comment_status":"closed","ping_status":"closed","template":"","meta":{"footnotes":""},"class_list":["post-13209","page","type-page","status-publish"],"yoast_head":"<!-- This site is optimized with the Yoast SEO Premium plugin v27.1 (Yoast SEO v27.1.1) - https:\/\/yoast.com\/product\/yoast-seo-premium-wordpress\/ -->\n<title>Terms and Conditions for Participation in the FACS Cram Session - Face the FACS | Facial Expressions in Animation, AI, &amp; Behavior<\/title>\n<meta name=\"robots\" content=\"index, follow, max-snippet:-1, max-image-preview:large, max-video-preview:-1\" \/>\n<link rel=\"canonical\" href=\"https:\/\/melindaozel.com\/de_de\/terms-and-conditions-facs-cram-session\/\" \/>\n<meta property=\"og:locale\" content=\"de_DE\" \/>\n<meta property=\"og:type\" content=\"article\" \/>\n<meta property=\"og:title\" content=\"Terms and Conditions for Participation in the FACS Cram Session\" \/>\n<meta property=\"og:description\" content=\"This agreement is made between Melinda Ozel and the individual participant (\u201cParticipant\u201d). By purchasing access to the FACS Cram Session, the Participant agrees to the following terms and conditions: 1. Copyright and Intellectual Property 1.1. All materials (unless otherwise stated) provided in the FACS Cram Session, including but not limited to slides, videos, GIFs, diagrams, ... Weiterlesen ...\" \/>\n<meta property=\"og:url\" content=\"https:\/\/melindaozel.com\/de_de\/terms-and-conditions-facs-cram-session\/\" \/>\n<meta property=\"og:site_name\" content=\"Face the FACS | Facial Expressions in Animation, AI, &amp; Behavior\" \/>\n<meta property=\"article:publisher\" content=\"https:\/\/facebook.com\/facetheFACS\/\" \/>\n<meta property=\"article:modified_time\" content=\"2025-10-31T17:37:07+00:00\" \/>\n<meta property=\"og:image\" content=\"https:\/\/melindaozel.com\/wp-content\/uploads\/2020\/06\/face2-1024x1024.png\" \/>\n\t<meta property=\"og:image:width\" content=\"1024\" \/>\n\t<meta property=\"og:image:height\" content=\"1024\" \/>\n\t<meta property=\"og:image:type\" content=\"image\/png\" \/>\n<meta name=\"twitter:card\" content=\"summary_large_image\" \/>\n<meta name=\"twitter:site\" content=\"@melindaozel\" \/>\n<meta name=\"twitter:label1\" content=\"Gesch\u00e4tzte Lesezeit\" \/>\n\t<meta name=\"twitter:data1\" content=\"2\u00a0Minuten\" \/>\n<script type=\"application\/ld+json\" class=\"yoast-schema-graph\">{\"@context\":\"https:\/\/schema.org\",\"@graph\":[{\"@type\":\"WebPage\",\"@id\":\"https:\/\/melindaozel.com\/terms-and-conditions-facs-cram-session\/\",\"url\":\"https:\/\/melindaozel.com\/terms-and-conditions-facs-cram-session\/\",\"name\":\"Terms and Conditions for Participation in the FACS Cram Session - Face the FACS | Facial Expressions in Animation, AI, &amp; Behavior\",\"isPartOf\":{\"@id\":\"https:\/\/melindaozel.com\/zh\/#website\"},\"datePublished\":\"2025-10-31T17:23:53+00:00\",\"dateModified\":\"2025-10-31T17:37:07+00:00\",\"breadcrumb\":{\"@id\":\"https:\/\/melindaozel.com\/terms-and-conditions-facs-cram-session\/#breadcrumb\"},\"inLanguage\":\"de\",\"potentialAction\":[{\"@type\":\"ReadAction\",\"target\":[\"https:\/\/melindaozel.com\/terms-and-conditions-facs-cram-session\/\"]}]},{\"@type\":\"BreadcrumbList\",\"@id\":\"https:\/\/melindaozel.com\/terms-and-conditions-facs-cram-session\/#breadcrumb\",\"itemListElement\":[{\"@type\":\"ListItem\",\"position\":1,\"name\":\"Home\",\"item\":\"https:\/\/melindaozel.com\/\"},{\"@type\":\"ListItem\",\"position\":2,\"name\":\"Terms and Conditions for Participation in the FACS Cram Session\"}]},{\"@type\":\"WebSite\",\"@id\":\"https:\/\/melindaozel.com\/zh\/#website\",\"url\":\"https:\/\/melindaozel.com\/zh\/\",\"name\":\"Face the FACS\",\"description\":\"Facial Expressions in Art, Science, &amp; Technology\",\"publisher\":{\"@id\":\"https:\/\/melindaozel.com\/zh\/#\/schema\/person\/81c6262e1bfca3c71960db5aee204e3f\"},\"potentialAction\":[{\"@type\":\"SearchAction\",\"target\":{\"@type\":\"EntryPoint\",\"urlTemplate\":\"https:\/\/melindaozel.com\/zh\/?s={search_term_string}\"},\"query-input\":{\"@type\":\"PropertyValueSpecification\",\"valueRequired\":true,\"valueName\":\"search_term_string\"}}],\"inLanguage\":\"de\"},{\"@type\":[\"Person\",\"Organization\"],\"@id\":\"https:\/\/melindaozel.com\/zh\/#\/schema\/person\/81c6262e1bfca3c71960db5aee204e3f\",\"name\":\"Melinda Ozel\",\"image\":{\"@type\":\"ImageObject\",\"inLanguage\":\"de\",\"@id\":\"https:\/\/melindaozel.com\/zh\/#\/schema\/person\/image\/\",\"url\":\"https:\/\/i0.wp.com\/melindaozel.com\/wp-content\/uploads\/2026\/02\/face-the-facs-logo.webp?fit=123%2C123&ssl=1\",\"contentUrl\":\"https:\/\/i0.wp.com\/melindaozel.com\/wp-content\/uploads\/2026\/02\/face-the-facs-logo.webp?fit=123%2C123&ssl=1\",\"width\":123,\"height\":123,\"caption\":\"Melinda Ozel\"},\"logo\":{\"@id\":\"https:\/\/melindaozel.com\/zh\/#\/schema\/person\/image\/\"},\"sameAs\":[\"https:\/\/melindaozel.com\",\"https:\/\/facebook.com\/facetheFACS\/\",\"https:\/\/instagram.com\/manicexpression\",\"https:\/\/linkedin.com\/in\/melindaozel\",\"https:\/\/pinterest.com\/melindaozel\/\",\"https:\/\/x.com\/melindaozel\",\"https:\/\/youtube.com\/@facetheFACS\"],\"knowsAbout\":[\"Facial Action Coding System (FACS)\",\"Facial Expression Tracking\",\"Facial Anatomy\",\"Facial Animation\",\"Digital Humans\",\"Audio-to-Expression\",\"Audio-to-Face\",\"Visemes\",\"Lipsync\"],\"jobTitle\":\"Facial Systems Expert, Expression Scientist\"}]}<\/script>\n<!-- \/ Yoast SEO Premium plugin. -->","yoast_head_json":{"title":"Allgemeine Gesch\u00e4ftsbedingungen f\u00fcr die Teilnahme an der FACS Cram Session - Face the FACS | Facial Expressions in Animation, AI, &amp; Behavior","robots":{"index":"index","follow":"follow","max-snippet":"max-snippet:-1","max-image-preview":"max-image-preview:large","max-video-preview":"max-video-preview:-1"},"canonical":"https:\/\/melindaozel.com\/de_de\/terms-and-conditions-facs-cram-session\/","og_locale":"de_DE","og_type":"article","og_title":"Terms and Conditions for Participation in the FACS Cram Session","og_description":"This agreement is made between Melinda Ozel and the individual participant (\u201cParticipant\u201d). By purchasing access to the FACS Cram Session, the Participant agrees to the following terms and conditions: 1. Copyright and Intellectual Property 1.1. All materials (unless otherwise stated) provided in the FACS Cram Session, including but not limited to slides, videos, GIFs, diagrams, ... Weiterlesen ...","og_url":"https:\/\/melindaozel.com\/de_de\/terms-and-conditions-facs-cram-session\/","og_site_name":"Face the FACS | Facial Expressions in Animation, AI, &amp; Behavior","article_publisher":"https:\/\/facebook.com\/facetheFACS\/","article_modified_time":"2025-10-31T17:37:07+00:00","og_image":[{"width":1024,"height":1024,"url":"https:\/\/melindaozel.com\/wp-content\/uploads\/2020\/06\/face2-1024x1024.png","type":"image\/png"}],"twitter_card":"summary_large_image","twitter_site":"@melindaozel","twitter_misc":{"Gesch\u00e4tzte Lesezeit":"2\u00a0Minuten"},"schema":{"@context":"https:\/\/schema.org","@graph":[{"@type":"WebPage","@id":"https:\/\/melindaozel.com\/terms-and-conditions-facs-cram-session\/","url":"https:\/\/melindaozel.com\/terms-and-conditions-facs-cram-session\/","name":"Allgemeine Gesch\u00e4ftsbedingungen f\u00fcr die Teilnahme an der FACS Cram Session - Face the FACS | Facial Expressions in Animation, AI, &amp; Behavior","isPartOf":{"@id":"https:\/\/melindaozel.com\/zh\/#website"},"datePublished":"2025-10-31T17:23:53+00:00","dateModified":"2025-10-31T17:37:07+00:00","breadcrumb":{"@id":"https:\/\/melindaozel.com\/terms-and-conditions-facs-cram-session\/#breadcrumb"},"inLanguage":"de","potentialAction":[{"@type":"ReadAction","target":["https:\/\/melindaozel.com\/terms-and-conditions-facs-cram-session\/"]}]},{"@type":"BreadcrumbList","@id":"https:\/\/melindaozel.com\/terms-and-conditions-facs-cram-session\/#breadcrumb","itemListElement":[{"@type":"ListItem","position":1,"name":"Home","item":"https:\/\/melindaozel.com\/"},{"@type":"ListItem","position":2,"name":"Terms and Conditions for Participation in the FACS Cram Session"}]},{"@type":"WebSite","@id":"https:\/\/melindaozel.com\/zh\/#website","url":"https:\/\/melindaozel.com\/zh\/","name":"Sich der FACS stellen","description":"Gesichtsausdr\u00fccke in Kunst, Wissenschaft und Technologie","publisher":{"@id":"https:\/\/melindaozel.com\/zh\/#\/schema\/person\/81c6262e1bfca3c71960db5aee204e3f"},"potentialAction":[{"@type":"SearchAction","target":{"@type":"EntryPoint","urlTemplate":"https:\/\/melindaozel.com\/zh\/?s={search_term_string}"},"query-input":{"@type":"PropertyValueSpecification","valueRequired":true,"valueName":"search_term_string"}}],"inLanguage":"de"},{"@type":["Person","Organization"],"@id":"https:\/\/melindaozel.com\/zh\/#\/schema\/person\/81c6262e1bfca3c71960db5aee204e3f","name":"Melinda Ozel","image":{"@type":"ImageObject","inLanguage":"de","@id":"https:\/\/melindaozel.com\/zh\/#\/schema\/person\/image\/","url":"https:\/\/i0.wp.com\/melindaozel.com\/wp-content\/uploads\/2026\/02\/face-the-facs-logo.webp?fit=123%2C123&ssl=1","contentUrl":"https:\/\/i0.wp.com\/melindaozel.com\/wp-content\/uploads\/2026\/02\/face-the-facs-logo.webp?fit=123%2C123&ssl=1","width":123,"height":123,"caption":"Melinda Ozel"},"logo":{"@id":"https:\/\/melindaozel.com\/zh\/#\/schema\/person\/image\/"},"sameAs":["https:\/\/melindaozel.com","https:\/\/facebook.com\/facetheFACS\/","https:\/\/instagram.com\/manicexpression","https:\/\/linkedin.com\/in\/melindaozel","https:\/\/pinterest.com\/melindaozel\/","https:\/\/x.com\/melindaozel","https:\/\/youtube.com\/@facetheFACS"],"knowsAbout":["Facial Action Coding System (FACS)","Facial Expression Tracking","Facial Anatomy","Facial Animation","Digital Humans","Audio-to-Expression","Audio-to-Face","Visemes","Lipsync"],"jobTitle":"Facial Systems Expert, Expression Scientist"}]}},"jetpack_sharing_enabled":true,"_links":{"self":[{"href":"https:\/\/melindaozel.com\/de_de\/wp-json\/wp\/v2\/pages\/13209","targetHints":{"allow":["GET"]}}],"collection":[{"href":"https:\/\/melindaozel.com\/de_de\/wp-json\/wp\/v2\/pages"}],"about":[{"href":"https:\/\/melindaozel.com\/de_de\/wp-json\/wp\/v2\/types\/page"}],"author":[{"embeddable":true,"href":"https:\/\/melindaozel.com\/de_de\/wp-json\/wp\/v2\/users\/60486633"}],"replies":[{"embeddable":true,"href":"https:\/\/melindaozel.com\/de_de\/wp-json\/wp\/v2\/comments?post=13209"}],"version-history":[{"count":2,"href":"https:\/\/melindaozel.com\/de_de\/wp-json\/wp\/v2\/pages\/13209\/revisions"}],"predecessor-version":[{"id":13211,"href":"https:\/\/melindaozel.com\/de_de\/wp-json\/wp\/v2\/pages\/13209\/revisions\/13211"}],"wp:attachment":[{"href":"https:\/\/melindaozel.com\/de_de\/wp-json\/wp\/v2\/media?parent=13209"}],"curies":[{"name":"wp","href":"https:\/\/api.w.org\/{rel}","templated":true}]}}