{"id":4764,"date":"2021-06-21T18:54:32","date_gmt":"2021-06-21T22:54:32","guid":{"rendered":"https:\/\/melindaozel.com\/?page_id=4764"},"modified":"2021-06-21T18:54:32","modified_gmt":"2021-06-21T22:54:32","slug":"terms-of-use","status":"publish","type":"page","link":"https:\/\/melindaozel.com\/de\/terms-of-use\/","title":{"rendered":"Nutzungsbedingungen"},"content":{"rendered":"<h1 style=\"text-align: center;\">Bedingungen und Konditionen<\/h1>\n<p>Willkommen bei <em>Sich der FACS stellen<\/em>! <em>Sich der FACS stellen<\/em> ist eine Online-Lernplattform auf der Website <a href=\"http:\/\/www.melindaozel.com\" rel=\"nofollow\">http:\/\/www.melindaozel.com<\/a> (Website), betrieben von Melinda Ozel. <em>Sich der FACS stellen<\/em> hilft seinen Nutzern (dem Nutzer, also Ihnen) beim Erlernen von Themen rund um den Ausdruck.<\/p>\n<p>Die folgenden Allgemeinen Gesch\u00e4ftsbedingungen (AGB) regeln die Beziehung zwischen Ihnen und uns und beantworten die wichtigsten rechtlichen Fragen, die Sie bei der Nutzung von <em>Sich der FACS stellen<\/em> und unsere Dienstleistungen. Lesen Sie sie sorgf\u00e4ltig.<\/p>\n<p>Diese AGBs informieren Sie insbesondere \u00fcber<\/p>\n<ul>\n<li>den Beginn und das Ende unseres Vertrags<\/li>\n<li>die Zahlung f\u00fcr Ihr Abonnement<\/li>\n<li>Ihr Recht, sich abzumelden<\/li>\n<li>unsere Haftung<\/li>\n<li>Urheberrecht und Eigentum an unseren Inhalten.<\/li>\n<\/ul>\n<p>\u00a7 1 Wie kann ich die <em>Sich der FACS stellen<\/em> und wann gehe ich einen verbindlichen Vertrag ein?<\/p>\n<p style=\"padding-left: 40px;\">F\u00fcr die Verwendung von <em>Stellen Sie sich den FACS's<\/em> Abonnementdienste zu nutzen, m\u00fcssen Sie ein Konto anlegen. Dadurch gehen Sie einen verbindlichen Vertrag mit uns ein.<br \/>\nSie d\u00fcrfen nur verwenden <em>Sich der FACS stellen<\/em> f\u00fcr das pers\u00f6nliche Studium von Ausdr\u00fccken. Eine andere Nutzung ist nicht erlaubt, insbesondere nicht f\u00fcr gesch\u00e4ftliche Zwecke oder um Ihr Konto mit anderen Personen zu teilen.<\/p>\n<p>\u00a7 2 Was kann ich tun mit <em>Sich der FACS stellen<\/em>?<\/p>\n<p style=\"padding-left: 40px;\"><em>Sich der FACS stellen<\/em> bietet umfangreiche Ressourcen, die Sie mit Videos, GIFs, Bildern, Diagrammen und Artikeln durch die menschliche und nichtmenschliche Gesichtsanatomie f\u00fchren.<br \/>\n<em>Sich der FACS stellen<\/em> bietet sowohl eine kostenlose Nutzung mit eingeschr\u00e4nktem Zugang zu den Inhalten und Funktionen als auch ein kostenpflichtiges Abonnement, das einen breiteren Zugang erm\u00f6glicht (Abonnementkonto).<\/p>\n<p>Sie k\u00f6nnen verwenden <em>Sich der FACS stellen<\/em> nur f\u00fcr private Zwecke.<\/p>\n<p style=\"padding-left: 40px;\">F\u00fcr den Unterricht und andere Zwecke <em>Sich der FACS stellen<\/em> bietet spezielle Lizenzen an (z. B. Campus-, Image- oder Dozentenlizenzen). Bitte kontaktieren Sie uns, wenn Sie an unseren Lizenzen interessiert sind.<\/p>\n<p>\u00a7 3 Wie viel kostet es und wie funktioniert die Bezahlung?<\/p>\n<p style=\"padding-left: 40px;\">Die Nutzung der nicht abonnierten Inhalte ist kostenlos.<\/p>\n<p style=\"padding-left: 40px;\">Sie finden Preise f\u00fcr <em>Stellen Sie sich den FACS's<\/em> Abonnementkonten auf der Abonnement-Seite.<\/p>\n<p style=\"padding-left: 40px;\">Alle Preise sind in der angezeigten W\u00e4hrung angegeben und k\u00f6nnen w\u00e4hrend des Bestellvorgangs in Ihre Landesw\u00e4hrung umgerechnet werden.<\/p>\n<p><em>Sich der FACS stellen<\/em> akzeptiert Zahlungen \u00fcber Stripe und Paypal.<\/p>\n<p>\u00a7 4 Wie lange l\u00e4uft mein Vertrag?<\/p>\n<p style=\"padding-left: 40px;\">Monatsabonnements haben eine Laufzeit von einem Monat und werden automatisch verl\u00e4ngert, sofern Sie die automatische Verl\u00e4ngerung nicht manuell deaktivieren. Jahresabonnements haben eine Laufzeit von einem Jahr und verl\u00e4ngern sich automatisch, sofern Sie die automatische Verl\u00e4ngerung nicht manuell deaktivieren.<\/p>\n<p style=\"padding-left: 40px;\">Sie und <em>Sich der FACS stellen<\/em> k\u00f6nnen beide den Vertrag zum Ende des laufenden Monats oder Jahres k\u00fcndigen.<\/p>\n<p style=\"padding-left: 40px;\">Kostenpflichtige Abonnements werden entweder f\u00fcr einen oder f\u00fcr zw\u00f6lf Monate abgeschlossen.<\/p>\n<p>\u00a7 5 Wird mein bezahltes Abonnement automatisch verl\u00e4ngert?<\/p>\n<p style=\"padding-left: 40px;\">Ja, es sei denn, Sie oder wir haben sie storniert.<\/p>\n<p>\u00a7 6 Wie kann ich k\u00fcndigen?<\/p>\n<p style=\"padding-left: 40px;\">Sie k\u00f6nnen jeden Vertrag vor dem n\u00e4chsten Abrechnungszyklus \u00fcber Ihr Konto oder per E-Mail an facetheFACS@melindaozel.com k\u00fcndigen.<\/p>\n<p style=\"padding-left: 40px;\">Bitte beachten Sie, dass ungenutzte Zeit im letzten Abrechnungszyklus nicht anteilig angerechnet oder erstattet werden kann.<\/p>\n<p style=\"padding-left: 40px;\">Bei Beendigung Ihres Premium-Kontos wird es automatisch wieder auf das Basis-Konto umgestellt.<\/p>\n<p>\u00a7 7 Was ist, wenn mir Ihre Dienste nicht gefallen?<\/p>\n<p style=\"padding-left: 40px;\">Wenn Sie aus irgendeinem Grund nicht zufrieden sind, k\u00f6nnen Sie Ihr Konto k\u00fcndigen. Bitte lesen Sie dazu oben den Abschnitt \u00a7 6.<\/p>\n<p>\u00a7 9 Was ist <em>Stellen Sie sich den FACS's<\/em> Haftung und wie wird sie begrenzt?<\/p>\n<p style=\"padding-left: 40px;\"><em>Sich der FACS stellen<\/em> kann weder die G\u00fcltigkeit noch die Richtigkeit der Bildungsinhalte garantieren, die auf <em>Sich der FACS stellen<\/em>aber <em>Sich der FACS stellen<\/em> stellt die Arbeit und Erfahrung von Experten aus allen Bereichen zusammen, um sicherzustellen, dass Sie die genauesten Inhalte erhalten. Sollten Sie einen Fehler entdecken, lassen Sie es uns bitte wissen. Wir werden den Inhalt sorgf\u00e4ltig pr\u00fcfen und so schnell wie m\u00f6glich korrigieren.<\/p>\n<p>\u00a7 10 Wer hat das Urheberrecht und wer ist Eigent\u00fcmer des Inhalts?<\/p>\n<p style=\"padding-left: 40px;\">Sofern die Inhalte nicht ausdr\u00fccklich anders gekennzeichnet sind oder Sie rechtm\u00e4\u00dfig eine Lizenz erworben haben, sind alle Texte, Bilder und andere Werke, die von <em>Sich der FACS stellen<\/em> und Ihnen im Rahmen Ihres Kontos zur Verf\u00fcgung gestellt werden, sind urheberrechtlich gesch\u00fctzt. Es ist Ihnen daher nicht gestattet, unsere Inhalte zu vervielf\u00e4ltigen, zu verbreiten, auszustellen oder in irgendeiner Weise zu ver\u00f6ffentlichen.<\/p>\n<p style=\"padding-left: 40px;\">F\u00fcr jede andere Nutzung (d.h. Reproduktion, Vervielf\u00e4ltigung, Verkauf, Weiterverkauf oder Verwertung) m\u00fcssen Sie unsere schriftliche Zustimmung und\/oder eine Lizenz einholen.<\/p>\n<p>\u00a7 11 Welches Recht ist auf meinen Vertrag anwendbar?<\/p>\n<p style=\"padding-left: 40px;\">Dieser Vertrag unterliegt dem Recht der Vereinigten Staaten.<\/p>","protected":false},"excerpt":{"rendered":"<p>Bedingungen und Konditionen Willkommen bei Face the FACS! Face the FACS ist eine Online-Lernplattform auf der Website <a href=\"http:\/\/www.melindaozel.com\" rel=\"nofollow\">http:\/\/www.melindaozel.com<\/a> (Website), betrieben von Melinda Ozel. Face the FACS hilft seinen Nutzern (Nutzer, Sie), ausdrucksbezogene Themen zu lernen. Die folgenden Allgemeinen Gesch\u00e4ftsbedingungen (AGB) regeln die Beziehung zwischen Ihnen und uns und beantworten die wichtigsten ... <a title=\"Nutzungsbedingungen\" class=\"read-more\" href=\"https:\/\/melindaozel.com\/de\/terms-of-use\/\" aria-label=\"Lesen Sie mehr \u00fcber die Nutzungsbedingungen\">Mehr lesen<\/a><\/p>","protected":false},"author":60486633,"featured_media":0,"parent":0,"menu_order":0,"comment_status":"closed","ping_status":"closed","template":"","meta":{"footnotes":""},"class_list":["post-4764","page","type-page","status-publish"],"yoast_head":"<!-- This site is optimized with the Yoast SEO Premium plugin v27.3 (Yoast SEO v27.3) - https:\/\/yoast.com\/product\/yoast-seo-premium-wordpress\/ -->\n<title>Terms of Use - Face the FACS | Facial Expressions in Animation, AI, &amp; Behavior<\/title>\n<meta name=\"robots\" content=\"index, follow, max-snippet:-1, max-image-preview:large, max-video-preview:-1\" \/>\n<link rel=\"canonical\" href=\"https:\/\/melindaozel.com\/de\/terms-of-use\/\" \/>\n<meta property=\"og:locale\" content=\"de_DE\" \/>\n<meta property=\"og:type\" content=\"article\" \/>\n<meta property=\"og:title\" content=\"Terms of Use\" \/>\n<meta property=\"og:description\" content=\"Terms and Conditions Welcome to Face the FACS! Face the FACS is an online learning platform on the website http:\/\/www.melindaozel.com (website) operated by Melinda Ozel. Face the FACS helps its users (user, you) learn expression-related topics. The following Terms and Conditions (T&amp;Cs) govern the relationship between you and us and will answer the most relevant ... Read more\" \/>\n<meta property=\"og:url\" content=\"https:\/\/melindaozel.com\/de\/terms-of-use\/\" \/>\n<meta property=\"og:site_name\" content=\"Face the FACS | Facial Expressions in Animation, AI, &amp; Behavior\" \/>\n<meta property=\"article:publisher\" content=\"https:\/\/facebook.com\/facetheFACS\/\" \/>\n<meta property=\"og:image\" content=\"https:\/\/melindaozel.com\/wp-content\/uploads\/2020\/06\/face2-1024x1024.png\" \/>\n\t<meta property=\"og:image:width\" content=\"1024\" \/>\n\t<meta property=\"og:image:height\" content=\"1024\" \/>\n\t<meta property=\"og:image:type\" content=\"image\/png\" \/>\n<meta name=\"twitter:card\" content=\"summary_large_image\" \/>\n<meta name=\"twitter:site\" content=\"@melindaozel\" \/>\n<meta name=\"twitter:label1\" content=\"Gesch\u00e4tzte Lesezeit\" \/>\n\t<meta name=\"twitter:data1\" content=\"3\u00a0Minuten\" \/>\n<script type=\"application\/ld+json\" class=\"yoast-schema-graph\">{\"@context\":\"https:\\\/\\\/schema.org\",\"@graph\":[{\"@type\":\"WebPage\",\"@id\":\"https:\\\/\\\/melindaozel.com\\\/fr\\\/terms-of-use\\\/\",\"url\":\"https:\\\/\\\/melindaozel.com\\\/fr\\\/terms-of-use\\\/\",\"name\":\"Terms of Use - Face the FACS | Facial Expressions in Animation, AI, &amp; Behavior\",\"isPartOf\":{\"@id\":\"https:\\\/\\\/melindaozel.com\\\/zh\\\/#website\"},\"datePublished\":\"2021-06-21T22:54:32+00:00\",\"breadcrumb\":{\"@id\":\"https:\\\/\\\/melindaozel.com\\\/fr\\\/terms-of-use\\\/#breadcrumb\"},\"inLanguage\":\"de-CH\",\"potentialAction\":[{\"@type\":\"ReadAction\",\"target\":[\"https:\\\/\\\/melindaozel.com\\\/fr\\\/terms-of-use\\\/\"]}]},{\"@type\":\"BreadcrumbList\",\"@id\":\"https:\\\/\\\/melindaozel.com\\\/fr\\\/terms-of-use\\\/#breadcrumb\",\"itemListElement\":[{\"@type\":\"ListItem\",\"position\":1,\"name\":\"Home\",\"item\":\"https:\\\/\\\/melindaozel.com\\\/\"},{\"@type\":\"ListItem\",\"position\":2,\"name\":\"Terms of Use\"}]},{\"@type\":\"WebSite\",\"@id\":\"https:\\\/\\\/melindaozel.com\\\/zh\\\/#website\",\"url\":\"https:\\\/\\\/melindaozel.com\\\/zh\\\/\",\"name\":\"Face the FACS\",\"description\":\"Facial Expressions in Art, Science, &amp; Technology\",\"publisher\":{\"@id\":\"https:\\\/\\\/melindaozel.com\\\/zh\\\/#\\\/schema\\\/person\\\/81c6262e1bfca3c71960db5aee204e3f\"},\"potentialAction\":[{\"@type\":\"SearchAction\",\"target\":{\"@type\":\"EntryPoint\",\"urlTemplate\":\"https:\\\/\\\/melindaozel.com\\\/zh\\\/?s={search_term_string}\"},\"query-input\":{\"@type\":\"PropertyValueSpecification\",\"valueRequired\":true,\"valueName\":\"search_term_string\"}}],\"inLanguage\":\"de-CH\"},{\"@type\":[\"Person\",\"Organization\"],\"@id\":\"https:\\\/\\\/melindaozel.com\\\/zh\\\/#\\\/schema\\\/person\\\/81c6262e1bfca3c71960db5aee204e3f\",\"name\":\"Melinda Ozel\",\"image\":{\"@type\":\"ImageObject\",\"inLanguage\":\"de-CH\",\"@id\":\"https:\\\/\\\/i0.wp.com\\\/melindaozel.com\\\/wp-content\\\/uploads\\\/2025\\\/02\\\/face-the-FACS-eye-mouth-logo-pixel.webp?fit=225%2C225&ssl=1\",\"url\":\"https:\\\/\\\/i0.wp.com\\\/melindaozel.com\\\/wp-content\\\/uploads\\\/2025\\\/02\\\/face-the-FACS-eye-mouth-logo-pixel.webp?fit=225%2C225&ssl=1\",\"contentUrl\":\"https:\\\/\\\/i0.wp.com\\\/melindaozel.com\\\/wp-content\\\/uploads\\\/2025\\\/02\\\/face-the-FACS-eye-mouth-logo-pixel.webp?fit=225%2C225&ssl=1\",\"width\":225,\"height\":225,\"caption\":\"Melinda Ozel\"},\"logo\":{\"@id\":\"https:\\\/\\\/i0.wp.com\\\/melindaozel.com\\\/wp-content\\\/uploads\\\/2025\\\/02\\\/face-the-FACS-eye-mouth-logo-pixel.webp?fit=225%2C225&ssl=1\"},\"sameAs\":[\"https:\\\/\\\/melindaozel.com\",\"https:\\\/\\\/facebook.com\\\/facetheFACS\\\/\",\"https:\\\/\\\/instagram.com\\\/manicexpression\",\"https:\\\/\\\/linkedin.com\\\/in\\\/melindaozel\",\"https:\\\/\\\/pinterest.com\\\/melindaozel\\\/\",\"https:\\\/\\\/x.com\\\/melindaozel\",\"https:\\\/\\\/youtube.com\\\/@facetheFACS\"],\"knowsAbout\":[\"Facial Action Coding System (FACS)\",\"Facial Expression Tracking\",\"Facial Anatomy\",\"Facial Animation\",\"Digital Humans\",\"Audio-to-Expression\",\"Audio-to-Face\",\"Visemes\",\"Lipsync\"],\"jobTitle\":\"Facial Systems Expert, Expression Scientist\",\"numberOfEmployees\":{\"@type\":\"QuantitativeValue\",\"minValue\":\"1\",\"maxValue\":\"10\"}}]}<\/script>\n<!-- \/ Yoast SEO Premium plugin. -->","yoast_head_json":{"title":"Nutzungsbedingungen - Face the FACS | Facial Expressions in Animation, AI, &amp; Behavior","robots":{"index":"index","follow":"follow","max-snippet":"max-snippet:-1","max-image-preview":"max-image-preview:large","max-video-preview":"max-video-preview:-1"},"canonical":"https:\/\/melindaozel.com\/de\/terms-of-use\/","og_locale":"de_DE","og_type":"article","og_title":"Terms of Use","og_description":"Terms and Conditions Welcome to Face the FACS! Face the FACS is an online learning platform on the website http:\/\/www.melindaozel.com (website) operated by Melinda Ozel. Face the FACS helps its users (user, you) learn expression-related topics. The following Terms and Conditions (T&amp;Cs) govern the relationship between you and us and will answer the most relevant ... Read more","og_url":"https:\/\/melindaozel.com\/de\/terms-of-use\/","og_site_name":"Face the FACS | Facial Expressions in Animation, AI, &amp; Behavior","article_publisher":"https:\/\/facebook.com\/facetheFACS\/","og_image":[{"width":1024,"height":1024,"url":"https:\/\/melindaozel.com\/wp-content\/uploads\/2020\/06\/face2-1024x1024.png","type":"image\/png"}],"twitter_card":"summary_large_image","twitter_site":"@melindaozel","twitter_misc":{"Gesch\u00e4tzte Lesezeit":"3\u00a0Minuten"},"schema":{"@context":"https:\/\/schema.org","@graph":[{"@type":"WebPage","@id":"https:\/\/melindaozel.com\/fr\/terms-of-use\/","url":"https:\/\/melindaozel.com\/fr\/terms-of-use\/","name":"Nutzungsbedingungen - Face the FACS | Facial Expressions in Animation, AI, &amp; Behavior","isPartOf":{"@id":"https:\/\/melindaozel.com\/zh\/#website"},"datePublished":"2021-06-21T22:54:32+00:00","breadcrumb":{"@id":"https:\/\/melindaozel.com\/fr\/terms-of-use\/#breadcrumb"},"inLanguage":"de-CH","potentialAction":[{"@type":"ReadAction","target":["https:\/\/melindaozel.com\/fr\/terms-of-use\/"]}]},{"@type":"BreadcrumbList","@id":"https:\/\/melindaozel.com\/fr\/terms-of-use\/#breadcrumb","itemListElement":[{"@type":"ListItem","position":1,"name":"Home","item":"https:\/\/melindaozel.com\/"},{"@type":"ListItem","position":2,"name":"Terms of Use"}]},{"@type":"WebSite","@id":"https:\/\/melindaozel.com\/zh\/#website","url":"https:\/\/melindaozel.com\/zh\/","name":"Sich der FACS stellen","description":"Gesichtsausdr\u00fccke in Kunst, Wissenschaft und Technologie","publisher":{"@id":"https:\/\/melindaozel.com\/zh\/#\/schema\/person\/81c6262e1bfca3c71960db5aee204e3f"},"potentialAction":[{"@type":"SearchAction","target":{"@type":"EntryPoint","urlTemplate":"https:\/\/melindaozel.com\/zh\/?s={search_term_string}"},"query-input":{"@type":"PropertyValueSpecification","valueRequired":true,"valueName":"search_term_string"}}],"inLanguage":"de-CH"},{"@type":["Person","Organization"],"@id":"https:\/\/melindaozel.com\/zh\/#\/schema\/person\/81c6262e1bfca3c71960db5aee204e3f","name":"Melinda Ozel","image":{"@type":"ImageObject","inLanguage":"de-CH","@id":"https:\/\/i0.wp.com\/melindaozel.com\/wp-content\/uploads\/2025\/02\/face-the-FACS-eye-mouth-logo-pixel.webp?fit=225%2C225&ssl=1","url":"https:\/\/i0.wp.com\/melindaozel.com\/wp-content\/uploads\/2025\/02\/face-the-FACS-eye-mouth-logo-pixel.webp?fit=225%2C225&ssl=1","contentUrl":"https:\/\/i0.wp.com\/melindaozel.com\/wp-content\/uploads\/2025\/02\/face-the-FACS-eye-mouth-logo-pixel.webp?fit=225%2C225&ssl=1","width":225,"height":225,"caption":"Melinda Ozel"},"logo":{"@id":"https:\/\/i0.wp.com\/melindaozel.com\/wp-content\/uploads\/2025\/02\/face-the-FACS-eye-mouth-logo-pixel.webp?fit=225%2C225&ssl=1"},"sameAs":["https:\/\/melindaozel.com","https:\/\/facebook.com\/facetheFACS\/","https:\/\/instagram.com\/manicexpression","https:\/\/linkedin.com\/in\/melindaozel","https:\/\/pinterest.com\/melindaozel\/","https:\/\/x.com\/melindaozel","https:\/\/youtube.com\/@facetheFACS"],"knowsAbout":["Facial Action Coding System (FACS)","Facial Expression Tracking","Facial Anatomy","Facial Animation","Digital Humans","Audio-to-Expression","Audio-to-Face","Visemes","Lipsync"],"jobTitle":"Facial Systems Expert, Expression Scientist","numberOfEmployees":{"@type":"QuantitativeValue","minValue":"1","maxValue":"10"}}]}},"jetpack_sharing_enabled":true,"_links":{"self":[{"href":"https:\/\/melindaozel.com\/de\/wp-json\/wp\/v2\/pages\/4764","targetHints":{"allow":["GET"]}}],"collection":[{"href":"https:\/\/melindaozel.com\/de\/wp-json\/wp\/v2\/pages"}],"about":[{"href":"https:\/\/melindaozel.com\/de\/wp-json\/wp\/v2\/types\/page"}],"author":[{"embeddable":true,"href":"https:\/\/melindaozel.com\/de\/wp-json\/wp\/v2\/users\/60486633"}],"replies":[{"embeddable":true,"href":"https:\/\/melindaozel.com\/de\/wp-json\/wp\/v2\/comments?post=4764"}],"version-history":[{"count":4,"href":"https:\/\/melindaozel.com\/de\/wp-json\/wp\/v2\/pages\/4764\/revisions"}],"predecessor-version":[{"id":4768,"href":"https:\/\/melindaozel.com\/de\/wp-json\/wp\/v2\/pages\/4764\/revisions\/4768"}],"wp:attachment":[{"href":"https:\/\/melindaozel.com\/de\/wp-json\/wp\/v2\/media?parent=4764"}],"curies":[{"name":"wp","href":"https:\/\/api.w.org\/{rel}","templated":true}]}}