{"id":12603,"date":"2025-05-21T16:58:50","date_gmt":"2025-05-21T20:58:50","guid":{"rendered":"https:\/\/melindaozel.com\/?page_id=12603"},"modified":"2025-05-21T17:05:28","modified_gmt":"2025-05-21T21:05:28","slug":"how-to-cite-my-work-use-my-visuals","status":"publish","type":"page","link":"https:\/\/melindaozel.com\/de\/how-to-cite-my-work-use-my-visuals\/","title":{"rendered":"Wie man meine Arbeit zitiert und mein Bildmaterial verwendet"},"content":{"rendered":"<div data-elementor-type=\"wp-page\" data-elementor-id=\"12603\" class=\"elementor elementor-12603\" data-elementor-post-type=\"page\">\n\t\t\t\t\t\t<section class=\"elementor-section elementor-top-section elementor-element elementor-element-efaac43 elementor-section-boxed elementor-section-height-default elementor-section-height-default\" data-id=\"efaac43\" data-element_type=\"section\" data-e-type=\"section\">\n\t\t\t\t\t\t<div class=\"elementor-container elementor-column-gap-default\">\n\t\t\t\t\t<div class=\"elementor-column elementor-col-100 elementor-top-column elementor-element elementor-element-303581c\" data-id=\"303581c\" data-element_type=\"column\" data-e-type=\"column\">\n\t\t\t<div class=\"elementor-widget-wrap elementor-element-populated\">\n\t\t\t\t\t\t<div class=\"elementor-element elementor-element-060e8c9 elementor-widget elementor-widget-text-editor\" data-id=\"060e8c9\" data-element_type=\"widget\" data-e-type=\"widget\" data-widget_type=\"text-editor.default\">\n\t\t\t\t\t\t\t\t\t<p>Hallo! Sch\u00f6n, dass Ihnen meine Arbeit gef\u00e4llt und Sie sie verwenden m\u00f6chten. Ich helfe gerne.<\/p>\t\t\t\t\t\t\t\t<\/div>\n\t\t\t\t\t<\/div>\n\t\t<\/div>\n\t\t\t\t\t<\/div>\n\t\t<\/section>\n\t\t\t\t<section class=\"elementor-section elementor-top-section elementor-element elementor-element-80ea412 elementor-section-boxed elementor-section-height-default elementor-section-height-default\" data-id=\"80ea412\" data-element_type=\"section\" data-e-type=\"section\">\n\t\t\t\t\t\t<div class=\"elementor-container elementor-column-gap-default\">\n\t\t\t\t\t<div class=\"elementor-column elementor-col-100 elementor-top-column elementor-element elementor-element-fbe4e12\" data-id=\"fbe4e12\" data-element_type=\"column\" data-e-type=\"column\">\n\t\t\t<div class=\"elementor-widget-wrap elementor-element-populated\">\n\t\t\t\t\t\t<div class=\"elementor-element elementor-element-c3a7fd7 elementor-widget elementor-widget-heading\" data-id=\"c3a7fd7\" data-element_type=\"widget\" data-e-type=\"widget\" data-widget_type=\"heading.default\">\n\t\t\t\t\t<h2 class=\"elementor-heading-title elementor-size-default\">Anforderungen f\u00fcr Zitate<\/h2>\t\t\t\t<\/div>\n\t\t\t\t<div class=\"elementor-element elementor-element-cb5e6d9 elementor-widget elementor-widget-text-editor\" data-id=\"cb5e6d9\" data-element_type=\"widget\" data-e-type=\"widget\" data-widget_type=\"text-editor.default\">\n\t\t\t\t\t\t\t\t\t<p>Wenn Sie auf eine Seite verweisen, die bereits Zitieranweisungen enth\u00e4lt (wie meine<a href=\"https:\/\/melindaozel.com\/facs-cheat-sheet\/\" target=\"_blank\" rel=\"noopener\"> FACS-Spickzettel<\/a> oder <a href=\"https:\/\/melindaozel.com\/viseme-cheat-sheet\/\" target=\"_blank\" rel=\"noopener\">Viseme Spickzettel<\/a>), folgen Sie einfach den bestehenden Zitieranweisungen. Wenn Sie einen Beitrag, Artikel oder ein Bildmaterial von meiner Website zitieren, das <em>nicht <\/em>\u00fcber eine integrierte Zitierhilfe verf\u00fcgen, erfahren Sie hier, wie Sie sie richtig zitieren:<\/p><h3>1. Benutze meinen Namen (er lautet Melinda Ozel)<\/h3><p>Meinen vollst\u00e4ndigen Namen angeben (<a href=\"https:\/\/melindaozel.com\/who-is-melinda-ozel\/\" target=\"_blank\" rel=\"noopener\">Melinda Ozel<\/a>) als Autor.<\/p><h3>2. Das Datum einf\u00fcgen<\/h3><p>Verwenden Sie das Datum der Ver\u00f6ffentlichung oder der letzten Aktualisierung, falls aufgef\u00fchrt. Falls nicht verf\u00fcgbar, geben Sie das Jahr an, in dem Sie den Inhalt abgerufen haben.<\/p><h3>3. Titel der Seite oder des Beitrags<\/h3><p>Verwenden Sie den offiziellen Titel, wenn die Seite einen solchen hat. Wenn nicht, erstellen Sie einen klaren, beschreibenden Titel in Anf\u00fchrungszeichen. Beispiel: <em data-start=\"1003\" data-end=\"1060\">\"Anmerkungen zur visemischen Variabilit\u00e4t\"<\/em><\/p><h3>4. F\u00fcgen Sie die URL ein<\/h3><p>Verwenden Sie den Link f\u00fcr die gesamte Seite, nicht nur f\u00fcr die Startseite. Er sollte etwa so aussehen:<br \/><code data-start=\"1119\" data-end=\"1145\">https:\/\/melindaozel.com\/insert-specific-post\/<\/code><\/p>\t\t\t\t\t\t\t\t<\/div>\n\t\t\t\t\t<\/div>\n\t\t<\/div>\n\t\t\t\t\t<\/div>\n\t\t<\/section>\n\t\t\t\t<section class=\"elementor-section elementor-top-section elementor-element elementor-element-4909bfe elementor-section-boxed elementor-section-height-default elementor-section-height-default\" data-id=\"4909bfe\" data-element_type=\"section\" data-e-type=\"section\">\n\t\t\t\t\t\t<div class=\"elementor-container elementor-column-gap-default\">\n\t\t\t\t\t<div class=\"elementor-column elementor-col-100 elementor-top-column elementor-element elementor-element-5a75ea2\" data-id=\"5a75ea2\" data-element_type=\"column\" data-e-type=\"column\">\n\t\t\t<div class=\"elementor-widget-wrap elementor-element-populated\">\n\t\t\t\t\t\t<div class=\"elementor-element elementor-element-e4ed948 elementor-widget elementor-widget-heading\" data-id=\"e4ed948\" data-element_type=\"widget\" data-e-type=\"widget\" data-widget_type=\"heading.default\">\n\t\t\t\t\t<h2 class=\"elementor-heading-title elementor-size-default\">Andere Zuschreibungen<\/h2>\t\t\t\t<\/div>\n\t\t\t\t\t<\/div>\n\t\t<\/div>\n\t\t\t\t\t<\/div>\n\t\t<\/section>\n\t\t\t\t<section class=\"elementor-section elementor-top-section elementor-element elementor-element-c164cb6 elementor-section-boxed elementor-section-height-default elementor-section-height-default\" data-id=\"c164cb6\" data-element_type=\"section\" data-e-type=\"section\">\n\t\t\t\t\t\t<div class=\"elementor-container elementor-column-gap-default\">\n\t\t\t\t\t<div class=\"elementor-column elementor-col-100 elementor-top-column elementor-element elementor-element-49580af\" data-id=\"49580af\" data-element_type=\"column\" data-e-type=\"column\">\n\t\t\t<div class=\"elementor-widget-wrap elementor-element-populated\">\n\t\t\t\t\t\t<div class=\"elementor-element elementor-element-743b714 elementor-widget elementor-widget-text-editor\" data-id=\"743b714\" data-element_type=\"widget\" data-e-type=\"widget\" data-widget_type=\"text-editor.default\">\n\t\t\t\t\t\t\t\t\t<h3>M\u00f6chten Sie mein Bildmaterial verwenden?<\/h3><p>Bitte fragen Sie mich um Erlaubnis, bevor Sie Bilder oder Grafiken von meiner Website in akademischen Arbeiten, Foliendokumenten, Pr\u00e4sentationen oder was auch immer Sie erstellen, verwenden.<\/p><p><strong>Warum? <\/strong>Obwohl 99% des Bildmaterials von mir stammt, kann ein kleiner Prozentsatz lizenziert, in Auftrag gegeben oder in Zusammenarbeit erstellt worden sein. Bitte \u00fcberpr\u00fcfen Sie dies, bevor Sie etwas verwenden. Sie k\u00f6nnen mich f\u00fcr Klarheit kontaktieren: facetheFACS@melindaozel.com<\/p><h3>Gepr\u00e4gte Begriffe oder Redewendungen<\/h3><p>Wenn Sie...<\/p><ul><li>einen von mir gepr\u00e4gten Begriff, einen originellen Rahmen oder eine Theorie zu zitieren (z. B. \"Lippenbei\u00dfer\", \"prim\u00e4res Ausdrucksergebnis\" usw.)<\/li><li>stark mit meinen Referenzbl\u00e4ttern<\/li><\/ul><p>...zitieren Sie ihn wie jeden anderen quellenbasierten Begriff oder jedes Modell. Namensnennung schafft Vertrauen.<\/p><h3>Akademische Referenzen<\/h3><p>Eine Liste meiner wissenschaftlichen Ver\u00f6ffentlichungen, Patente und zitierten Arbeiten finden Sie unter <a href=\"https:\/\/scholar.google.com\/citations?user=P205y6YAAAAJ&amp;hl=en\" target=\"_blank\" rel=\"noopener\">mein Google Scholar-Profil<\/a>.<\/p><h3>Haben Sie noch Fragen?<\/h3><p>Schicken Sie mir eine E-Mail an: facetheFACS@melindaozel.com<\/p>\t\t\t\t\t\t\t\t<\/div>\n\t\t\t\t\t<\/div>\n\t\t<\/div>\n\t\t\t\t\t<\/div>\n\t\t<\/section>\n\t\t\t\t<section class=\"elementor-section elementor-top-section elementor-element elementor-element-2947dbcc elementor-section-boxed elementor-section-height-default elementor-section-height-default\" data-id=\"2947dbcc\" data-element_type=\"section\" data-e-type=\"section\">\n\t\t\t\t\t\t<div class=\"elementor-container elementor-column-gap-default\">\n\t\t\t\t\t<div class=\"elementor-column elementor-col-100 elementor-top-column elementor-element elementor-element-19be5ada\" data-id=\"19be5ada\" data-element_type=\"column\" data-e-type=\"column\">\n\t\t\t<div class=\"elementor-widget-wrap elementor-element-populated\">\n\t\t\t\t\t\t<div class=\"elementor-element elementor-element-7191b4d7 elementor-view-default elementor-widget elementor-widget-icon\" data-id=\"7191b4d7\" data-element_type=\"widget\" data-e-type=\"widget\" data-widget_type=\"icon.default\">\n\t\t\t\t\t\t\t<div class=\"elementor-icon-wrapper\">\n\t\t\t<a class=\"elementor-icon\" href=\"https:\/\/melindaozel.com\/\">\n\t\t\t<svg aria-hidden=\"true\" class=\"e-font-icon-svg e-fas-home\" viewbox=\"0 0 576 512\" xmlns=\"http:\/\/www.w3.org\/2000\/svg\"><path d=\"M280.37 148.26L96 300.11V464a16 16 0 0 0 16 16l112.06-.29a16 16 0 0 0 15.92-16V368a16 16 0 0 1 16-16h64a16 16 0 0 1 16 16v95.64a16 16 0 0 0 16 16.05L464 480a16 16 0 0 0 16-16V300L295.67 148.26a12.19 12.19 0 0 0-15.3 0zM571.6 251.47L488 182.56V44.05a12 12 0 0 0-12-12h-56a12 12 0 0 0-12 12v72.61L318.47 43a48 48 0 0 0-61 0L4.34 251.47a12 12 0 0 0-1.6 16.9l25.5 31A12 12 0 0 0 45.15 301l235.22-193.74a12.19 12.19 0 0 1 15.3 0L530.9 301a12 12 0 0 0 16.9-1.6l25.5-31a12 12 0 0 0-1.7-16.93z\"><\/path><\/svg>\t\t\t<\/a>\n\t\t<\/div>\n\t\t\t\t\t\t<\/div>\n\t\t\t\t\t<\/div>\n\t\t<\/div>\n\t\t\t\t\t<\/div>\n\t\t<\/section>\n\t\t\t\t<\/div>","protected":false},"excerpt":{"rendered":"<p>Hallo! Sch\u00f6n, dass Ihnen meine Arbeit gef\u00e4llt und Sie sie verwenden m\u00f6chten. Ich helfe gerne. Zitieranforderungen Wenn Sie auf eine Seite verweisen, die bereits Zitieranweisungen hat (wie mein FACS Cheat Sheet oder Viseme Cheat Sheet), folgen Sie einfach den vorhandenen Zitieranweisungen. Wenn Sie einen Beitrag, Artikel oder ein Bildmaterial von meiner Seite zitieren, das keine ... <a title=\"Wie man meine Arbeit zitiert und mein Bildmaterial verwendet\" class=\"read-more\" href=\"https:\/\/melindaozel.com\/de\/how-to-cite-my-work-use-my-visuals\/\" aria-label=\"Lesen Sie mehr \u00fcber die Zitierung meiner Arbeit und die Verwendung meiner Bilder\">Mehr lesen<\/a><\/p>","protected":false},"author":60486633,"featured_media":0,"parent":0,"menu_order":0,"comment_status":"closed","ping_status":"closed","template":"","meta":{"footnotes":""},"class_list":["post-12603","page","type-page","status-publish"],"yoast_head":"<!-- This site is optimized with the Yoast SEO Premium plugin v27.3 (Yoast SEO v27.3) - https:\/\/yoast.com\/product\/yoast-seo-premium-wordpress\/ -->\n<title>How to Cite My Work &amp; Use My Visuals - Face the FACS | Facial Expressions in Animation, AI, &amp; Behavior<\/title>\n<meta name=\"robots\" content=\"index, follow, max-snippet:-1, max-image-preview:large, max-video-preview:-1\" \/>\n<link rel=\"canonical\" href=\"https:\/\/melindaozel.com\/de\/how-to-cite-my-work-use-my-visuals\/\" \/>\n<meta property=\"og:locale\" content=\"de_DE\" \/>\n<meta property=\"og:type\" content=\"article\" \/>\n<meta property=\"og:title\" content=\"How to Cite My Work &amp; Use My Visuals\" \/>\n<meta property=\"og:description\" content=\"Hi! Glad you like my work and wish to use it. I&#8217;m happy to help. Citation Requirements If you\u2019re referencing a page that already has citation instructions (like my FACS Cheat Sheet or Viseme Cheat Sheet), simply follow the existing citation instructions. If you\u2019re citing a post, article, or visual from my site that doesn\u2019t ... Read more\" \/>\n<meta property=\"og:url\" content=\"https:\/\/melindaozel.com\/de\/how-to-cite-my-work-use-my-visuals\/\" \/>\n<meta property=\"og:site_name\" content=\"Face the FACS | Facial Expressions in Animation, AI, &amp; Behavior\" \/>\n<meta property=\"article:publisher\" content=\"https:\/\/facebook.com\/facetheFACS\/\" \/>\n<meta property=\"article:modified_time\" content=\"2025-05-21T21:05:28+00:00\" \/>\n<meta property=\"og:image\" content=\"https:\/\/melindaozel.com\/wp-content\/uploads\/2020\/06\/face2-1024x1024.png\" \/>\n\t<meta property=\"og:image:width\" content=\"1024\" \/>\n\t<meta property=\"og:image:height\" content=\"1024\" \/>\n\t<meta property=\"og:image:type\" content=\"image\/png\" \/>\n<meta name=\"twitter:card\" content=\"summary_large_image\" \/>\n<meta name=\"twitter:site\" content=\"@melindaozel\" \/>\n<meta name=\"twitter:label1\" content=\"Gesch\u00e4tzte Lesezeit\" \/>\n\t<meta name=\"twitter:data1\" content=\"2\u00a0Minuten\" \/>\n<script type=\"application\/ld+json\" class=\"yoast-schema-graph\">{\"@context\":\"https:\\\/\\\/schema.org\",\"@graph\":[{\"@type\":\"WebPage\",\"@id\":\"https:\\\/\\\/melindaozel.com\\\/how-to-cite-my-work-use-my-visuals\\\/\",\"url\":\"https:\\\/\\\/melindaozel.com\\\/how-to-cite-my-work-use-my-visuals\\\/\",\"name\":\"How to Cite My Work & Use My Visuals - Face the FACS | Facial Expressions in Animation, AI, &amp; Behavior\",\"isPartOf\":{\"@id\":\"https:\\\/\\\/melindaozel.com\\\/zh\\\/#website\"},\"datePublished\":\"2025-05-21T20:58:50+00:00\",\"dateModified\":\"2025-05-21T21:05:28+00:00\",\"breadcrumb\":{\"@id\":\"https:\\\/\\\/melindaozel.com\\\/how-to-cite-my-work-use-my-visuals\\\/#breadcrumb\"},\"inLanguage\":\"de-CH\",\"potentialAction\":[{\"@type\":\"ReadAction\",\"target\":[\"https:\\\/\\\/melindaozel.com\\\/how-to-cite-my-work-use-my-visuals\\\/\"]}]},{\"@type\":\"BreadcrumbList\",\"@id\":\"https:\\\/\\\/melindaozel.com\\\/how-to-cite-my-work-use-my-visuals\\\/#breadcrumb\",\"itemListElement\":[{\"@type\":\"ListItem\",\"position\":1,\"name\":\"Home\",\"item\":\"https:\\\/\\\/melindaozel.com\\\/\"},{\"@type\":\"ListItem\",\"position\":2,\"name\":\"How to Cite My Work &#038; Use My Visuals\"}]},{\"@type\":\"WebSite\",\"@id\":\"https:\\\/\\\/melindaozel.com\\\/zh\\\/#website\",\"url\":\"https:\\\/\\\/melindaozel.com\\\/zh\\\/\",\"name\":\"Face the FACS\",\"description\":\"Facial Expressions in Art, Science, &amp; Technology\",\"publisher\":{\"@id\":\"https:\\\/\\\/melindaozel.com\\\/zh\\\/#\\\/schema\\\/person\\\/81c6262e1bfca3c71960db5aee204e3f\"},\"potentialAction\":[{\"@type\":\"SearchAction\",\"target\":{\"@type\":\"EntryPoint\",\"urlTemplate\":\"https:\\\/\\\/melindaozel.com\\\/zh\\\/?s={search_term_string}\"},\"query-input\":{\"@type\":\"PropertyValueSpecification\",\"valueRequired\":true,\"valueName\":\"search_term_string\"}}],\"inLanguage\":\"de-CH\"},{\"@type\":[\"Person\",\"Organization\"],\"@id\":\"https:\\\/\\\/melindaozel.com\\\/zh\\\/#\\\/schema\\\/person\\\/81c6262e1bfca3c71960db5aee204e3f\",\"name\":\"Melinda Ozel\",\"image\":{\"@type\":\"ImageObject\",\"inLanguage\":\"de-CH\",\"@id\":\"https:\\\/\\\/i0.wp.com\\\/melindaozel.com\\\/wp-content\\\/uploads\\\/2025\\\/02\\\/face-the-FACS-eye-mouth-logo-pixel.webp?fit=225%2C225&ssl=1\",\"url\":\"https:\\\/\\\/i0.wp.com\\\/melindaozel.com\\\/wp-content\\\/uploads\\\/2025\\\/02\\\/face-the-FACS-eye-mouth-logo-pixel.webp?fit=225%2C225&ssl=1\",\"contentUrl\":\"https:\\\/\\\/i0.wp.com\\\/melindaozel.com\\\/wp-content\\\/uploads\\\/2025\\\/02\\\/face-the-FACS-eye-mouth-logo-pixel.webp?fit=225%2C225&ssl=1\",\"width\":225,\"height\":225,\"caption\":\"Melinda Ozel\"},\"logo\":{\"@id\":\"https:\\\/\\\/i0.wp.com\\\/melindaozel.com\\\/wp-content\\\/uploads\\\/2025\\\/02\\\/face-the-FACS-eye-mouth-logo-pixel.webp?fit=225%2C225&ssl=1\"},\"sameAs\":[\"https:\\\/\\\/melindaozel.com\",\"https:\\\/\\\/facebook.com\\\/facetheFACS\\\/\",\"https:\\\/\\\/instagram.com\\\/manicexpression\",\"https:\\\/\\\/linkedin.com\\\/in\\\/melindaozel\",\"https:\\\/\\\/pinterest.com\\\/melindaozel\\\/\",\"https:\\\/\\\/x.com\\\/melindaozel\",\"https:\\\/\\\/youtube.com\\\/@facetheFACS\"],\"knowsAbout\":[\"Facial Action Coding System (FACS)\",\"Facial Expression Tracking\",\"Facial Anatomy\",\"Facial Animation\",\"Digital Humans\",\"Audio-to-Expression\",\"Audio-to-Face\",\"Visemes\",\"Lipsync\"],\"jobTitle\":\"Facial Systems Expert, Expression Scientist\",\"numberOfEmployees\":{\"@type\":\"QuantitativeValue\",\"minValue\":\"1\",\"maxValue\":\"10\"}}]}<\/script>\n<!-- \/ Yoast SEO Premium plugin. -->","yoast_head_json":{"title":"Wie man meine Arbeit zitiert und mein Bildmaterial verwendet - Face the FACS | Facial Expressions in Animation, AI, &amp; Behavior","robots":{"index":"index","follow":"follow","max-snippet":"max-snippet:-1","max-image-preview":"max-image-preview:large","max-video-preview":"max-video-preview:-1"},"canonical":"https:\/\/melindaozel.com\/de\/how-to-cite-my-work-use-my-visuals\/","og_locale":"de_DE","og_type":"article","og_title":"How to Cite My Work & Use My Visuals","og_description":"Hi! Glad you like my work and wish to use it. I&#8217;m happy to help. Citation Requirements If you\u2019re referencing a page that already has citation instructions (like my FACS Cheat Sheet or Viseme Cheat Sheet), simply follow the existing citation instructions. If you\u2019re citing a post, article, or visual from my site that doesn\u2019t ... Read more","og_url":"https:\/\/melindaozel.com\/de\/how-to-cite-my-work-use-my-visuals\/","og_site_name":"Face the FACS | Facial Expressions in Animation, AI, &amp; Behavior","article_publisher":"https:\/\/facebook.com\/facetheFACS\/","article_modified_time":"2025-05-21T21:05:28+00:00","og_image":[{"width":1024,"height":1024,"url":"https:\/\/melindaozel.com\/wp-content\/uploads\/2020\/06\/face2-1024x1024.png","type":"image\/png"}],"twitter_card":"summary_large_image","twitter_site":"@melindaozel","twitter_misc":{"Gesch\u00e4tzte Lesezeit":"2\u00a0Minuten"},"schema":{"@context":"https:\/\/schema.org","@graph":[{"@type":"WebPage","@id":"https:\/\/melindaozel.com\/how-to-cite-my-work-use-my-visuals\/","url":"https:\/\/melindaozel.com\/how-to-cite-my-work-use-my-visuals\/","name":"Wie man meine Arbeit zitiert und mein Bildmaterial verwendet - Face the FACS | Facial Expressions in Animation, AI, &amp; Behavior","isPartOf":{"@id":"https:\/\/melindaozel.com\/zh\/#website"},"datePublished":"2025-05-21T20:58:50+00:00","dateModified":"2025-05-21T21:05:28+00:00","breadcrumb":{"@id":"https:\/\/melindaozel.com\/how-to-cite-my-work-use-my-visuals\/#breadcrumb"},"inLanguage":"de-CH","potentialAction":[{"@type":"ReadAction","target":["https:\/\/melindaozel.com\/how-to-cite-my-work-use-my-visuals\/"]}]},{"@type":"BreadcrumbList","@id":"https:\/\/melindaozel.com\/how-to-cite-my-work-use-my-visuals\/#breadcrumb","itemListElement":[{"@type":"ListItem","position":1,"name":"Home","item":"https:\/\/melindaozel.com\/"},{"@type":"ListItem","position":2,"name":"How to Cite My Work &#038; Use My Visuals"}]},{"@type":"WebSite","@id":"https:\/\/melindaozel.com\/zh\/#website","url":"https:\/\/melindaozel.com\/zh\/","name":"Sich der FACS stellen","description":"Gesichtsausdr\u00fccke in Kunst, Wissenschaft und Technologie","publisher":{"@id":"https:\/\/melindaozel.com\/zh\/#\/schema\/person\/81c6262e1bfca3c71960db5aee204e3f"},"potentialAction":[{"@type":"SearchAction","target":{"@type":"EntryPoint","urlTemplate":"https:\/\/melindaozel.com\/zh\/?s={search_term_string}"},"query-input":{"@type":"PropertyValueSpecification","valueRequired":true,"valueName":"search_term_string"}}],"inLanguage":"de-CH"},{"@type":["Person","Organization"],"@id":"https:\/\/melindaozel.com\/zh\/#\/schema\/person\/81c6262e1bfca3c71960db5aee204e3f","name":"Melinda Ozel","image":{"@type":"ImageObject","inLanguage":"de-CH","@id":"https:\/\/i0.wp.com\/melindaozel.com\/wp-content\/uploads\/2025\/02\/face-the-FACS-eye-mouth-logo-pixel.webp?fit=225%2C225&ssl=1","url":"https:\/\/i0.wp.com\/melindaozel.com\/wp-content\/uploads\/2025\/02\/face-the-FACS-eye-mouth-logo-pixel.webp?fit=225%2C225&ssl=1","contentUrl":"https:\/\/i0.wp.com\/melindaozel.com\/wp-content\/uploads\/2025\/02\/face-the-FACS-eye-mouth-logo-pixel.webp?fit=225%2C225&ssl=1","width":225,"height":225,"caption":"Melinda Ozel"},"logo":{"@id":"https:\/\/i0.wp.com\/melindaozel.com\/wp-content\/uploads\/2025\/02\/face-the-FACS-eye-mouth-logo-pixel.webp?fit=225%2C225&ssl=1"},"sameAs":["https:\/\/melindaozel.com","https:\/\/facebook.com\/facetheFACS\/","https:\/\/instagram.com\/manicexpression","https:\/\/linkedin.com\/in\/melindaozel","https:\/\/pinterest.com\/melindaozel\/","https:\/\/x.com\/melindaozel","https:\/\/youtube.com\/@facetheFACS"],"knowsAbout":["Facial Action Coding System (FACS)","Facial Expression Tracking","Facial Anatomy","Facial Animation","Digital Humans","Audio-to-Expression","Audio-to-Face","Visemes","Lipsync"],"jobTitle":"Facial Systems Expert, Expression Scientist","numberOfEmployees":{"@type":"QuantitativeValue","minValue":"1","maxValue":"10"}}]}},"jetpack_sharing_enabled":true,"_links":{"self":[{"href":"https:\/\/melindaozel.com\/de\/wp-json\/wp\/v2\/pages\/12603","targetHints":{"allow":["GET"]}}],"collection":[{"href":"https:\/\/melindaozel.com\/de\/wp-json\/wp\/v2\/pages"}],"about":[{"href":"https:\/\/melindaozel.com\/de\/wp-json\/wp\/v2\/types\/page"}],"author":[{"embeddable":true,"href":"https:\/\/melindaozel.com\/de\/wp-json\/wp\/v2\/users\/60486633"}],"replies":[{"embeddable":true,"href":"https:\/\/melindaozel.com\/de\/wp-json\/wp\/v2\/comments?post=12603"}],"version-history":[{"count":9,"href":"https:\/\/melindaozel.com\/de\/wp-json\/wp\/v2\/pages\/12603\/revisions"}],"predecessor-version":[{"id":12619,"href":"https:\/\/melindaozel.com\/de\/wp-json\/wp\/v2\/pages\/12603\/revisions\/12619"}],"wp:attachment":[{"href":"https:\/\/melindaozel.com\/de\/wp-json\/wp\/v2\/media?parent=12603"}],"curies":[{"name":"wp","href":"https:\/\/api.w.org\/{rel}","templated":true}]}}