{"id":4764,"date":"2021-06-21T18:54:32","date_gmt":"2021-06-21T22:54:32","guid":{"rendered":"https:\/\/melindaozel.com\/?page_id=4764"},"modified":"2021-06-21T18:54:32","modified_gmt":"2021-06-21T22:54:32","slug":"terms-of-use","status":"publish","type":"page","link":"https:\/\/melindaozel.com\/cs\/terms-of-use\/","title":{"rendered":"Podm\u00ednky pou\u017eit\u00ed"},"content":{"rendered":"<h1 style=\"text-align: center;\">Podm\u00ednky a pravidla<\/h1>\n<p>V\u00edtejte v <em>Tv\u00e1\u0159\u00ed v tv\u00e1\u0159 syst\u00e9mu FACS<\/em>! <em>Tv\u00e1\u0159\u00ed v tv\u00e1\u0159 syst\u00e9mu FACS<\/em> je online vzd\u011bl\u00e1vac\u00ed platforma na webov\u00fdch str\u00e1nk\u00e1ch <a href=\"http:\/\/www.melindaozel.com\" rel=\"nofollow\">http:\/\/www.melindaozel.com<\/a> (webov\u00e9 str\u00e1nky), kter\u00e9 provozuje Melinda Ozel. <em>Tv\u00e1\u0159\u00ed v tv\u00e1\u0159 syst\u00e9mu FACS<\/em> pom\u00e1h\u00e1 sv\u00fdm u\u017eivatel\u016fm (u\u017eivateli, tedy v\u00e1m) u\u010dit se t\u00e9mata souvisej\u00edc\u00ed s vyjad\u0159ov\u00e1n\u00edm.<\/p>\n<p>N\u00e1sleduj\u00edc\u00ed smluvn\u00ed podm\u00ednky upravuj\u00ed vztah mezi v\u00e1mi a n\u00e1mi a zodpov\u00ed v\u00e1m nejd\u016fle\u017eit\u011bj\u0161\u00ed pr\u00e1vn\u00ed ot\u00e1zky t\u00fdkaj\u00edc\u00ed se pou\u017e\u00edv\u00e1n\u00ed. <em>Tv\u00e1\u0159\u00ed v tv\u00e1\u0159 syst\u00e9mu FACS<\/em> a na\u0161e slu\u017eby. P\u0159e\u010dt\u011bte si je pozorn\u011b.<\/p>\n<p>Tyto VOP v\u00e1s informuj\u00ed zejm\u00e9na o.<\/p>\n<ul>\n<li>za\u010d\u00e1tek a konec na\u0161\u00ed smlouvy<\/li>\n<li>platbu za p\u0159edplatn\u00e9<\/li>\n<li>va\u0161e pr\u00e1vo na odhl\u00e1\u0161en\u00ed odb\u011bru<\/li>\n<li>na\u0161e odpov\u011bdnost<\/li>\n<li>autorsk\u00e1 pr\u00e1va a vlastnictv\u00ed na\u0161eho obsahu.<\/li>\n<\/ul>\n<p>\u00a7 1 Jak mohu pou\u017e\u00edvat <em>Tv\u00e1\u0159\u00ed v tv\u00e1\u0159 syst\u00e9mu FACS<\/em> a kdy uzav\u00edr\u00e1m z\u00e1vaznou smlouvu?<\/p>\n<p style=\"padding-left: 40px;\">Aby bylo mo\u017en\u00e9 pou\u017e\u00edt <em>Tv\u00e1\u0159\u00ed v tv\u00e1\u0159 syst\u00e9m\u016fm FACS<\/em> p\u0159edplacen\u00fdch slu\u017eeb, je t\u0159eba si vytvo\u0159it \u00fa\u010det. T\u00edm s n\u00e1mi uzav\u0159ete z\u00e1vaznou smlouvu.<br \/>\nM\u016f\u017eete pou\u017e\u00edvat pouze <em>Tv\u00e1\u0159\u00ed v tv\u00e1\u0159 syst\u00e9mu FACS<\/em> pro osobn\u00ed studium v\u00fdraz\u016f. Jin\u00e9 pou\u017eit\u00ed nen\u00ed povoleno, zejm\u00e9na pro obchodn\u00ed \u00fa\u010dely nebo sd\u00edlen\u00ed \u00fa\u010dtu s jin\u00fdmi osobami.<\/p>\n<p>\u00a7 2 Co mohu d\u011blat s <em>Tv\u00e1\u0159\u00ed v tv\u00e1\u0159 syst\u00e9mu FACS<\/em>?<\/p>\n<p style=\"padding-left: 40px;\"><em>Tv\u00e1\u0159\u00ed v tv\u00e1\u0159 syst\u00e9mu FACS<\/em> poskytuje rozs\u00e1hl\u00e9 zdroje, kter\u00e9 v\u00e1s provedou anatomi\u00ed obli\u010deje \u010dlov\u011bka i jin\u00fdch lid\u00ed pomoc\u00ed vide\u00ed, GIF\u016f, obr\u00e1zk\u016f, sch\u00e9mat a \u010dl\u00e1nk\u016f.<br \/>\n<em>Tv\u00e1\u0159\u00ed v tv\u00e1\u0159 syst\u00e9mu FACS<\/em> nab\u00edz\u00ed bezplatn\u00e9 pou\u017e\u00edv\u00e1n\u00ed s omezen\u00fdm p\u0159\u00edstupem k obsahu a funkc\u00edm a tak\u00e9 placen\u00e9 p\u0159edplatn\u00e9, kter\u00e9 poskytuje \u0161ir\u0161\u00ed p\u0159\u00edstup (p\u0159edplatitelsk\u00fd \u00fa\u010det).<\/p>\n<p>M\u016f\u017eete pou\u017e\u00edt <em>Tv\u00e1\u0159\u00ed v tv\u00e1\u0159 syst\u00e9mu FACS<\/em> pouze pro soukrom\u00e9 \u00fa\u010dely.<\/p>\n<p style=\"padding-left: 40px;\">Pro v\u00fduku a jin\u00e9 \u00fa\u010dely <em>Tv\u00e1\u0159\u00ed v tv\u00e1\u0159 syst\u00e9mu FACS<\/em> nab\u00edz\u00ed speci\u00e1ln\u00ed licence (nap\u0159. licence pro kampus, image nebo instruktory). V p\u0159\u00edpad\u011b z\u00e1jmu o na\u0161e licence n\u00e1s pros\u00edm kontaktujte.<\/p>\n<p>\u00a7 3 Kolik to stoj\u00ed a jak prob\u00edh\u00e1 platba?<\/p>\n<p style=\"padding-left: 40px;\">Pou\u017e\u00edv\u00e1n\u00ed nep\u0159edplacen\u00e9ho obsahu je zdarma.<\/p>\n<p style=\"padding-left: 40px;\">Najdete zde ceny za <em>Tv\u00e1\u0159\u00ed v tv\u00e1\u0159 syst\u00e9m\u016fm FACS<\/em> \u00fa\u010dty p\u0159edplatn\u00e9ho na str\u00e1nce p\u0159edplatn\u00e9ho.<\/p>\n<p style=\"padding-left: 40px;\">V\u0161echny ceny jsou uvedeny v zobrazen\u00e9 m\u011bn\u011b a mohou b\u00fdt b\u011bhem objedn\u00e1vky p\u0159evedeny na va\u0161i m\u00edstn\u00ed m\u011bnu.<\/p>\n<p><em>Tv\u00e1\u0159\u00ed v tv\u00e1\u0159 syst\u00e9mu FACS<\/em> p\u0159ij\u00edm\u00e1 platby p\u0159es Stripe a Paypal.<\/p>\n<p>\u00a7 4 Jak dlouho trv\u00e1 moje smlouva?<\/p>\n<p style=\"padding-left: 40px;\">M\u011bs\u00ed\u010dn\u00ed p\u0159edplatn\u00e9 trv\u00e1 jeden m\u011bs\u00edc a je automaticky obnovov\u00e1no, pokud se ru\u010dn\u011b neodhl\u00e1s\u00edte z automatick\u00e9ho obnovov\u00e1n\u00ed. Ro\u010dn\u00ed p\u0159edplatn\u00e9 trv\u00e1 jeden rok a je automaticky obnovov\u00e1no, pokud se ru\u010dn\u011b neodhl\u00e1s\u00edte z automatick\u00e9ho obnovov\u00e1n\u00ed.<\/p>\n<p style=\"padding-left: 40px;\">Vy a <em>Tv\u00e1\u0159\u00ed v tv\u00e1\u0159 syst\u00e9mu FACS<\/em> maj\u00ed oba pr\u00e1vo vypov\u011bd\u011bt smlouvu do konce b\u011b\u017en\u00e9ho m\u011bs\u00edce nebo roku.<\/p>\n<p style=\"padding-left: 40px;\">Placen\u00e9 p\u0159edplatn\u00e9 se zad\u00e1v\u00e1 bu\u010f na jeden, nebo na dvan\u00e1ct m\u011bs\u00edc\u016f.<\/p>\n<p>\u00a7 5 Obnovuje se m\u00e9 placen\u00e9 p\u0159edplatn\u00e9 automaticky?<\/p>\n<p style=\"padding-left: 40px;\">Ano, pokud jste ji vy nebo my nezru\u0161ili.<\/p>\n<p>\u00a7 6 Jak mohu slu\u017ebu zru\u0161it?<\/p>\n<p style=\"padding-left: 40px;\">Jakoukoli smlouvu m\u016f\u017eete zru\u0161it p\u0159ed dal\u0161\u00edm faktura\u010dn\u00edm cyklem prost\u0159ednictv\u00edm sv\u00e9ho \u00fa\u010dtu nebo e-mailem na adrese facetheFACS@melindaozel.com.<\/p>\n<p style=\"padding-left: 40px;\">Vezm\u011bte pros\u00edm na v\u011bdom\u00ed, \u017ee nevyu\u017eit\u00fd \u010das v posledn\u00edm z\u00fa\u010dtovac\u00edm cyklu nelze pom\u011brn\u011b kr\u00e1tit ani refundovat.<\/p>\n<p style=\"padding-left: 40px;\">Po ukon\u010den\u00ed pr\u00e9miov\u00e9ho \u00fa\u010dtu bude \u00fa\u010det automaticky p\u0159epnut zp\u011bt na z\u00e1kladn\u00ed \u00fa\u010det.<\/p>\n<p>\u00a7 7 Co kdy\u017e mi va\u0161e slu\u017eby nevyhovuj\u00ed?<\/p>\n<p style=\"padding-left: 40px;\">Pokud nejste z jak\u00e9hokoli d\u016fvodu spokojeni, m\u016f\u017eete sv\u016fj \u00fa\u010det zru\u0161it. Viz v\u00fd\u0161e \u00a7 6.<\/p>\n<p>\u00a7 9 Co je to <em>Tv\u00e1\u0159\u00ed v tv\u00e1\u0159 syst\u00e9m\u016fm FACS<\/em> odpov\u011bdnost a jak je omezena?<\/p>\n<p style=\"padding-left: 40px;\"><em>Tv\u00e1\u0159\u00ed v tv\u00e1\u0159 syst\u00e9mu FACS<\/em> nem\u016f\u017ee zaru\u010dit platnost ani p\u0159esnost vzd\u011bl\u00e1vac\u00edho obsahu poskytovan\u00e9ho na t\u011bchto str\u00e1nk\u00e1ch. <em>Tv\u00e1\u0159\u00ed v tv\u00e1\u0159 syst\u00e9mu FACS<\/em>, ale <em>Tv\u00e1\u0159\u00ed v tv\u00e1\u0159 syst\u00e9mu FACS<\/em> shroma\u017e\u010fuje pr\u00e1ce a zku\u0161enosti odborn\u00edk\u016f z ka\u017ed\u00e9ho oboru, abyste m\u011bli jistotu, \u017ee dostanete ten nejp\u0159esn\u011bj\u0161\u00ed obsah. Pokud si v\u0161imnete chyby, dejte n\u00e1m v\u011bd\u011bt a my ji pe\u010dliv\u011b zkontrolujeme a co nejd\u0159\u00edve oprav\u00edme.<\/p>\n<p>\u00a7 10 Kdo m\u00e1 autorsk\u00e1 pr\u00e1va a komu pat\u0159\u00ed obsah?<\/p>\n<p style=\"padding-left: 40px;\">Pokud nen\u00ed obsah v\u00fdslovn\u011b ozna\u010den jinak nebo pokud jste nez\u00edskali z\u00e1konnou licenci, jsou v\u0161echny texty, obr\u00e1zky a dal\u0161\u00ed d\u00edla vytvo\u0159en\u00e1 <em>Tv\u00e1\u0159\u00ed v tv\u00e1\u0159 syst\u00e9mu FACS<\/em> a zp\u0159\u00edstupn\u011bn\u00e9 v\u00e1m v r\u00e1mci va\u0161eho \u00fa\u010dtu jsou chr\u00e1n\u011bny autorsk\u00fdm pr\u00e1vem. Proto nesm\u00edte n\u00e1\u0161 obsah reprodukovat, \u0161\u00ed\u0159it ani vystavovat, ani jej jakkoli zve\u0159ej\u0148ovat.<\/p>\n<p style=\"padding-left: 40px;\">Pro jak\u00e9koli jin\u00e9 pou\u017eit\u00ed (tj. replikaci, kop\u00edrov\u00e1n\u00ed, prodej, dal\u0161\u00ed prodej nebo vyu\u017eit\u00ed) mus\u00edte z\u00edskat n\u00e1\u0161 p\u00edsemn\u00fd souhlas a\/nebo licenci.<\/p>\n<p>\u00a7 11 Kter\u00e9 pr\u00e1vo je rozhodn\u00e9 pro mou smlouvu?<\/p>\n<p style=\"padding-left: 40px;\">Tato smlouva podl\u00e9h\u00e1 pr\u00e1vu Spojen\u00fdch st\u00e1t\u016f americk\u00fdch.<\/p>","protected":false},"excerpt":{"rendered":"<p>Smluvn\u00ed podm\u00ednky V\u00edtejte na str\u00e1nk\u00e1ch Face the FACS! Face the FACS je online vzd\u011bl\u00e1vac\u00ed platforma na webov\u00fdch str\u00e1nk\u00e1ch <a href=\"http:\/\/www.melindaozel.com\" rel=\"nofollow\">http:\/\/www.melindaozel.com<\/a> (webov\u00e9 str\u00e1nky), kter\u00e9 provozuje Melinda Ozel. Face the FACS pom\u00e1h\u00e1 sv\u00fdm u\u017eivatel\u016fm (u\u017eivatel\u016fm, v\u00e1m) u\u010dit se t\u00e9mata souvisej\u00edc\u00ed s vyjad\u0159ov\u00e1n\u00edm. N\u00e1sleduj\u00edc\u00ed podm\u00ednky upravuj\u00ed vztah mezi v\u00e1mi a n\u00e1mi a zodpov\u00ed v\u00e1m nejd\u016fle\u017eit\u011bj\u0161\u00ed ot\u00e1zky, kter\u00e9 se t\u00fdkaj\u00ed ... <a title=\"Podm\u00ednky pou\u017eit\u00ed\" class=\"read-more\" href=\"https:\/\/melindaozel.com\/cs\/terms-of-use\/\" aria-label=\"\u010c\u00edst v\u00edce o podm\u00ednk\u00e1ch pou\u017e\u00edv\u00e1n\u00ed\">P\u0159e\u010dt\u011bte si v\u00edce<\/a><\/p>","protected":false},"author":60486633,"featured_media":0,"parent":0,"menu_order":0,"comment_status":"closed","ping_status":"closed","template":"","meta":{"footnotes":""},"class_list":["post-4764","page","type-page","status-publish"],"yoast_head":"<!-- This site is optimized with the Yoast SEO Premium plugin v27.3 (Yoast SEO v27.3) - https:\/\/yoast.com\/product\/yoast-seo-premium-wordpress\/ -->\n<title>Terms of Use - Face the FACS | Facial Expressions in Animation, AI, &amp; Behavior<\/title>\n<meta name=\"robots\" content=\"index, follow, max-snippet:-1, max-image-preview:large, max-video-preview:-1\" \/>\n<link rel=\"canonical\" href=\"https:\/\/melindaozel.com\/cs\/terms-of-use\/\" \/>\n<meta property=\"og:locale\" content=\"cs_CZ\" \/>\n<meta property=\"og:type\" content=\"article\" \/>\n<meta property=\"og:title\" content=\"Terms of Use\" \/>\n<meta property=\"og:description\" content=\"Terms and Conditions Welcome to Face the FACS! Face the FACS is an online learning platform on the website http:\/\/www.melindaozel.com (website) operated by Melinda Ozel. Face the FACS helps its users (user, you) learn expression-related topics. The following Terms and Conditions (T&amp;Cs) govern the relationship between you and us and will answer the most relevant ... Read more\" \/>\n<meta property=\"og:url\" content=\"https:\/\/melindaozel.com\/cs\/terms-of-use\/\" \/>\n<meta property=\"og:site_name\" content=\"Face the FACS | Facial Expressions in Animation, AI, &amp; Behavior\" \/>\n<meta property=\"article:publisher\" content=\"https:\/\/facebook.com\/facetheFACS\/\" \/>\n<meta property=\"og:image\" content=\"https:\/\/melindaozel.com\/wp-content\/uploads\/2020\/06\/face2-1024x1024.png\" \/>\n\t<meta property=\"og:image:width\" content=\"1024\" \/>\n\t<meta property=\"og:image:height\" content=\"1024\" \/>\n\t<meta property=\"og:image:type\" content=\"image\/png\" \/>\n<meta name=\"twitter:card\" content=\"summary_large_image\" \/>\n<meta name=\"twitter:site\" content=\"@melindaozel\" \/>\n<meta name=\"twitter:label1\" content=\"Odhadovan\u00e1 doba \u010dten\u00ed\" \/>\n\t<meta name=\"twitter:data1\" content=\"3 minuty\" \/>\n<script type=\"application\/ld+json\" class=\"yoast-schema-graph\">{\"@context\":\"https:\\\/\\\/schema.org\",\"@graph\":[{\"@type\":\"WebPage\",\"@id\":\"https:\\\/\\\/melindaozel.com\\\/fr\\\/terms-of-use\\\/\",\"url\":\"https:\\\/\\\/melindaozel.com\\\/fr\\\/terms-of-use\\\/\",\"name\":\"Terms of Use - Face the FACS | Facial Expressions in Animation, AI, &amp; Behavior\",\"isPartOf\":{\"@id\":\"https:\\\/\\\/melindaozel.com\\\/zh\\\/#website\"},\"datePublished\":\"2021-06-21T22:54:32+00:00\",\"breadcrumb\":{\"@id\":\"https:\\\/\\\/melindaozel.com\\\/fr\\\/terms-of-use\\\/#breadcrumb\"},\"inLanguage\":\"cs\",\"potentialAction\":[{\"@type\":\"ReadAction\",\"target\":[\"https:\\\/\\\/melindaozel.com\\\/fr\\\/terms-of-use\\\/\"]}]},{\"@type\":\"BreadcrumbList\",\"@id\":\"https:\\\/\\\/melindaozel.com\\\/fr\\\/terms-of-use\\\/#breadcrumb\",\"itemListElement\":[{\"@type\":\"ListItem\",\"position\":1,\"name\":\"Home\",\"item\":\"https:\\\/\\\/melindaozel.com\\\/\"},{\"@type\":\"ListItem\",\"position\":2,\"name\":\"Terms of Use\"}]},{\"@type\":\"WebSite\",\"@id\":\"https:\\\/\\\/melindaozel.com\\\/zh\\\/#website\",\"url\":\"https:\\\/\\\/melindaozel.com\\\/zh\\\/\",\"name\":\"Face the FACS\",\"description\":\"Facial Expressions in Art, Science, &amp; Technology\",\"publisher\":{\"@id\":\"https:\\\/\\\/melindaozel.com\\\/zh\\\/#\\\/schema\\\/person\\\/81c6262e1bfca3c71960db5aee204e3f\"},\"potentialAction\":[{\"@type\":\"SearchAction\",\"target\":{\"@type\":\"EntryPoint\",\"urlTemplate\":\"https:\\\/\\\/melindaozel.com\\\/zh\\\/?s={search_term_string}\"},\"query-input\":{\"@type\":\"PropertyValueSpecification\",\"valueRequired\":true,\"valueName\":\"search_term_string\"}}],\"inLanguage\":\"cs\"},{\"@type\":[\"Person\",\"Organization\"],\"@id\":\"https:\\\/\\\/melindaozel.com\\\/zh\\\/#\\\/schema\\\/person\\\/81c6262e1bfca3c71960db5aee204e3f\",\"name\":\"Melinda Ozel\",\"image\":{\"@type\":\"ImageObject\",\"inLanguage\":\"cs\",\"@id\":\"https:\\\/\\\/i0.wp.com\\\/melindaozel.com\\\/wp-content\\\/uploads\\\/2025\\\/02\\\/face-the-FACS-eye-mouth-logo-pixel.webp?fit=225%2C225&ssl=1\",\"url\":\"https:\\\/\\\/i0.wp.com\\\/melindaozel.com\\\/wp-content\\\/uploads\\\/2025\\\/02\\\/face-the-FACS-eye-mouth-logo-pixel.webp?fit=225%2C225&ssl=1\",\"contentUrl\":\"https:\\\/\\\/i0.wp.com\\\/melindaozel.com\\\/wp-content\\\/uploads\\\/2025\\\/02\\\/face-the-FACS-eye-mouth-logo-pixel.webp?fit=225%2C225&ssl=1\",\"width\":225,\"height\":225,\"caption\":\"Melinda Ozel\"},\"logo\":{\"@id\":\"https:\\\/\\\/i0.wp.com\\\/melindaozel.com\\\/wp-content\\\/uploads\\\/2025\\\/02\\\/face-the-FACS-eye-mouth-logo-pixel.webp?fit=225%2C225&ssl=1\"},\"sameAs\":[\"https:\\\/\\\/melindaozel.com\",\"https:\\\/\\\/facebook.com\\\/facetheFACS\\\/\",\"https:\\\/\\\/instagram.com\\\/manicexpression\",\"https:\\\/\\\/linkedin.com\\\/in\\\/melindaozel\",\"https:\\\/\\\/pinterest.com\\\/melindaozel\\\/\",\"https:\\\/\\\/x.com\\\/melindaozel\",\"https:\\\/\\\/youtube.com\\\/@facetheFACS\"],\"knowsAbout\":[\"Facial Action Coding System (FACS)\",\"Facial Expression Tracking\",\"Facial Anatomy\",\"Facial Animation\",\"Digital Humans\",\"Audio-to-Expression\",\"Audio-to-Face\",\"Visemes\",\"Lipsync\"],\"jobTitle\":\"Facial Systems Expert, Expression Scientist\",\"numberOfEmployees\":{\"@type\":\"QuantitativeValue\",\"minValue\":\"1\",\"maxValue\":\"10\"}}]}<\/script>\n<!-- \/ Yoast SEO Premium plugin. -->","yoast_head_json":{"title":"Podm\u00ednky pou\u017eit\u00ed - Face the FACS | V\u00fdrazy tv\u00e1\u0159e v animaci, um\u011bl\u00e9 inteligenci a chov\u00e1n\u00ed","robots":{"index":"index","follow":"follow","max-snippet":"max-snippet:-1","max-image-preview":"max-image-preview:large","max-video-preview":"max-video-preview:-1"},"canonical":"https:\/\/melindaozel.com\/cs\/terms-of-use\/","og_locale":"cs_CZ","og_type":"article","og_title":"Terms of Use","og_description":"Terms and Conditions Welcome to Face the FACS! Face the FACS is an online learning platform on the website http:\/\/www.melindaozel.com (website) operated by Melinda Ozel. Face the FACS helps its users (user, you) learn expression-related topics. The following Terms and Conditions (T&amp;Cs) govern the relationship between you and us and will answer the most relevant ... Read more","og_url":"https:\/\/melindaozel.com\/cs\/terms-of-use\/","og_site_name":"Face the FACS | Facial Expressions in Animation, AI, &amp; Behavior","article_publisher":"https:\/\/facebook.com\/facetheFACS\/","og_image":[{"width":1024,"height":1024,"url":"https:\/\/melindaozel.com\/wp-content\/uploads\/2020\/06\/face2-1024x1024.png","type":"image\/png"}],"twitter_card":"summary_large_image","twitter_site":"@melindaozel","twitter_misc":{"Odhadovan\u00e1 doba \u010dten\u00ed":"3 minuty"},"schema":{"@context":"https:\/\/schema.org","@graph":[{"@type":"WebPage","@id":"https:\/\/melindaozel.com\/fr\/terms-of-use\/","url":"https:\/\/melindaozel.com\/fr\/terms-of-use\/","name":"Podm\u00ednky pou\u017eit\u00ed - Face the FACS | V\u00fdrazy tv\u00e1\u0159e v animaci, um\u011bl\u00e9 inteligenci a chov\u00e1n\u00ed","isPartOf":{"@id":"https:\/\/melindaozel.com\/zh\/#website"},"datePublished":"2021-06-21T22:54:32+00:00","breadcrumb":{"@id":"https:\/\/melindaozel.com\/fr\/terms-of-use\/#breadcrumb"},"inLanguage":"cs","potentialAction":[{"@type":"ReadAction","target":["https:\/\/melindaozel.com\/fr\/terms-of-use\/"]}]},{"@type":"BreadcrumbList","@id":"https:\/\/melindaozel.com\/fr\/terms-of-use\/#breadcrumb","itemListElement":[{"@type":"ListItem","position":1,"name":"Home","item":"https:\/\/melindaozel.com\/"},{"@type":"ListItem","position":2,"name":"Terms of Use"}]},{"@type":"WebSite","@id":"https:\/\/melindaozel.com\/zh\/#website","url":"https:\/\/melindaozel.com\/zh\/","name":"Tv\u00e1\u0159\u00ed v tv\u00e1\u0159 syst\u00e9mu FACS","description":"V\u00fdrazy tv\u00e1\u0159e v um\u011bn\u00ed, v\u011bd\u011b a technologii","publisher":{"@id":"https:\/\/melindaozel.com\/zh\/#\/schema\/person\/81c6262e1bfca3c71960db5aee204e3f"},"potentialAction":[{"@type":"SearchAction","target":{"@type":"EntryPoint","urlTemplate":"https:\/\/melindaozel.com\/zh\/?s={search_term_string}"},"query-input":{"@type":"PropertyValueSpecification","valueRequired":true,"valueName":"search_term_string"}}],"inLanguage":"cs"},{"@type":["Person","Organization"],"@id":"https:\/\/melindaozel.com\/zh\/#\/schema\/person\/81c6262e1bfca3c71960db5aee204e3f","name":"Melinda Ozel","image":{"@type":"ImageObject","inLanguage":"cs","@id":"https:\/\/i0.wp.com\/melindaozel.com\/wp-content\/uploads\/2025\/02\/face-the-FACS-eye-mouth-logo-pixel.webp?fit=225%2C225&ssl=1","url":"https:\/\/i0.wp.com\/melindaozel.com\/wp-content\/uploads\/2025\/02\/face-the-FACS-eye-mouth-logo-pixel.webp?fit=225%2C225&ssl=1","contentUrl":"https:\/\/i0.wp.com\/melindaozel.com\/wp-content\/uploads\/2025\/02\/face-the-FACS-eye-mouth-logo-pixel.webp?fit=225%2C225&ssl=1","width":225,"height":225,"caption":"Melinda Ozel"},"logo":{"@id":"https:\/\/i0.wp.com\/melindaozel.com\/wp-content\/uploads\/2025\/02\/face-the-FACS-eye-mouth-logo-pixel.webp?fit=225%2C225&ssl=1"},"sameAs":["https:\/\/melindaozel.com","https:\/\/facebook.com\/facetheFACS\/","https:\/\/instagram.com\/manicexpression","https:\/\/linkedin.com\/in\/melindaozel","https:\/\/pinterest.com\/melindaozel\/","https:\/\/x.com\/melindaozel","https:\/\/youtube.com\/@facetheFACS"],"knowsAbout":["Facial Action Coding System (FACS)","Facial Expression Tracking","Facial Anatomy","Facial Animation","Digital Humans","Audio-to-Expression","Audio-to-Face","Visemes","Lipsync"],"jobTitle":"Facial Systems Expert, Expression Scientist","numberOfEmployees":{"@type":"QuantitativeValue","minValue":"1","maxValue":"10"}}]}},"jetpack_sharing_enabled":true,"_links":{"self":[{"href":"https:\/\/melindaozel.com\/cs\/wp-json\/wp\/v2\/pages\/4764","targetHints":{"allow":["GET"]}}],"collection":[{"href":"https:\/\/melindaozel.com\/cs\/wp-json\/wp\/v2\/pages"}],"about":[{"href":"https:\/\/melindaozel.com\/cs\/wp-json\/wp\/v2\/types\/page"}],"author":[{"embeddable":true,"href":"https:\/\/melindaozel.com\/cs\/wp-json\/wp\/v2\/users\/60486633"}],"replies":[{"embeddable":true,"href":"https:\/\/melindaozel.com\/cs\/wp-json\/wp\/v2\/comments?post=4764"}],"version-history":[{"count":4,"href":"https:\/\/melindaozel.com\/cs\/wp-json\/wp\/v2\/pages\/4764\/revisions"}],"predecessor-version":[{"id":4768,"href":"https:\/\/melindaozel.com\/cs\/wp-json\/wp\/v2\/pages\/4764\/revisions\/4768"}],"wp:attachment":[{"href":"https:\/\/melindaozel.com\/cs\/wp-json\/wp\/v2\/media?parent=4764"}],"curies":[{"name":"wp","href":"https:\/\/api.w.org\/{rel}","templated":true}]}}